{"id":3238,"date":"2023-07-19T18:56:29","date_gmt":"2023-07-19T16:56:29","guid":{"rendered":"https:\/\/www.mivam.com\/?post_type=product&#038;p=3238"},"modified":"2025-06-19T06:03:37","modified_gmt":"2025-06-19T04:03:37","slug":"mid-lectus-invalidski-vozicek-karma-europe","status":"publish","type":"product","link":"https:\/\/www.mivam.com\/en\/izdelek\/mid-lectus-invalidski-vozicek-karma-europe\/","title":{"rendered":"MID Lectus invalidski vozi\u010dek &#8211; KARMA Europe"},"content":{"rendered":"<div class=\"wpb-content-wrapper\"><p>[vc_row][vc_column][vc_empty_space height=&#8221;40px&#8221;][vc_row_inner][vc_column_inner width=&#8221;1\/2&#8243;][vc_column_text]MID Lectus navdu\u0161i z zmogljivo \u0161asijo s pogonom na srednja kolesa, zaradi \u010desar je izjemno kompakten in okreten. 6 posamezno name\u0161\u010denih koles s hidravli\u010dnim vzmetenjem nudi visoko stopnjo udobja in stabilnosti vo\u017enje. Opremljen s preizku\u0161enim sede\u017enim sistemom Lectus MID in ponuja visoko raven udobja pri sedenju z obse\u017eno paleto nastavitev sede\u017eev.<\/p>\n<p>Opremljen z najnovej\u0161o pogonsko tehnologijo R-Net, so mo\u017enosti za posebne kontrole neskon\u010dne, od kontrol za upravljanje z glavo do kontrol na bradi in \u0161tevilne kontrole krmilne ro\u010dice, od izjemno lahkega dotika do zahtevnih. Poleg tega je mogo\u010de na vozi\u010dku narediti posebne prilagoditve, posebej prilagojene potrebam uporabnikov. Torej vse, kar morate storiti, je vpra\u0161ati![\/vc_column_text][\/vc_column_inner][vc_column_inner width=&#8221;1\/2&#8243;][vc_single_image image=&#8221;3239&#8243; img_size=&#8221;large&#8221; alignment=&#8221;right&#8221;][\/vc_column_inner][\/vc_row_inner][vc_empty_space height=&#8221;40px&#8221;][vc_row_inner][vc_column_inner width=&#8221;1\/2&#8243;][vc_single_image image=&#8221;3240&#8243; img_size=&#8221;large&#8221; alignment=&#8221;right&#8221;][\/vc_column_inner][vc_column_inner width=&#8221;1\/2&#8243;][vc_column_text]<\/p>\n<ul>\n<li><strong>Sredinski podno\u017enik za noge z ro\u010dno biomehansko nastavitvijo dol\u017eine nog<\/strong><\/li>\n<li><strong>Biomehanski hrbtni naslon nastavljiv v razponu od 90 \u2013 180\u00b0<\/strong><\/li>\n<li><strong>Biomehanski po vi\u0161ini nastavljivi nasloni za roke<\/strong><\/li>\n<li><strong>Ro\u010dno vi\u0161insko nastavljive podno\u017ene plo\u0161\u010de<\/strong><\/li>\n<li><strong>Vzporedno odmi\u010dna komandna ro\u010dica<\/strong><\/li>\n<li><strong>Sistem P&amp;G R-Net-Control<\/strong><\/li>\n<li><strong>Mo\u010dna sprednja in zadnja LED-osvetlitev<\/strong><\/li>\n<li><strong>\u010crne pnevmatike (opcijsko na voljo s trdno za\u0161\u010dito pred predrtjem &#8211; polna kolesa)<\/strong><\/li>\n<\/ul>\n<p>[\/vc_column_text][\/vc_column_inner][\/vc_row_inner][vc_empty_space height=&#8221;60px&#8221;][\/vc_column][\/vc_row][vc_row full_width=&#8221;stretch_row&#8221; css=&#8221;.vc_custom_1689764133023{background-color: #f8f9fa !important;}&#8221;][vc_column][vc_empty_space height=&#8221;60px&#8221;][vc_column_text]<\/p>\n<h3 style=\"text-align: center\">Barve ohi\u0161ja<\/h3>\n<p>[\/vc_column_text][vc_row_inner][vc_column_inner width=&#8221;1\/5&#8243;][\/vc_column_inner][vc_column_inner width=&#8221;1\/5&#8243;][vc_single_image image=&#8221;3241&#8243; img_size=&#8221;large&#8221; alignment=&#8221;center&#8221;][vc_single_image image=&#8221;3180&#8243; alignment=&#8221;center&#8221;][vc_column_text]<\/p>\n<p style=\"text-align: center\">Oran\u017ena<\/p>\n<p>[\/vc_column_text][\/vc_column_inner][vc_column_inner width=&#8221;1\/5&#8243;][vc_single_image image=&#8221;3243&#8243; img_size=&#8221;large&#8221; alignment=&#8221;center&#8221;][vc_single_image image=&#8221;3178&#8243; alignment=&#8221;center&#8221;][vc_column_text]<\/p>\n<p style=\"text-align: center\">Bela<\/p>\n<p>[\/vc_column_text][\/vc_column_inner][vc_column_inner width=&#8221;1\/5&#8243;][vc_single_image image=&#8221;3242&#8243; img_size=&#8221;large&#8221; alignment=&#8221;center&#8221;][vc_single_image image=&#8221;3179&#8243; alignment=&#8221;center&#8221;][vc_column_text]<\/p>\n<p style=\"text-align: center\">Srebrno \u010drna<\/p>\n<p>[\/vc_column_text][\/vc_column_inner][vc_column_inner width=&#8221;1\/5&#8243;][\/vc_column_inner][\/vc_row_inner][vc_empty_space height=&#8221;60px&#8221;][\/vc_column][\/vc_row][vc_row][vc_column][vc_empty_space height=&#8221;60px&#8221;][vc_column_text]<\/p>\n<h3 style=\"text-align: center\">Bro\u0161ura dodatkov<\/h3>\n<p>[\/vc_column_text][vc_btn title=&#8221;Top Line Karma Medical Power dodatki za invalidske vozi\u010dke.pdf&#8221; shape=&#8221;round&#8221; color=&#8221;primary&#8221; align=&#8221;center&#8221; link=&#8221;url:https%3A%2F%2Fwww.mivam.com%2Fwp-content%2Fuploads%2F2023%2F07%2Ftop-line-karma-medical-power-wheelchair-accessories.pdf||target:%20_blank|&#8221;][vc_empty_space height=&#8221;60px&#8221;][\/vc_column][\/vc_row]<\/p>\n<\/div>","protected":false},"excerpt":{"rendered":"<p><strong><span style=\"color: #ff0000\">MID Lectus se je v letu 2025 spremenil v MORGAN Lectus. Sede\u017eni sistem MID na MORGAN \u0161asiji.<\/span><\/strong><\/p>\n","protected":false},"featured_media":3244,"comment_status":"closed","ping_status":"closed","template":"","meta":[],"product_brand":[],"product_cat":[222,35],"product_tag":[204,116,205,117,137,201,45,194],"class_list":{"0":"post-3238","1":"product","2":"type-product","3":"status-publish","4":"has-post-thumbnail","6":"product_cat-invalidski-vozicki-in-skuterji","7":"product_cat-invalidski-vozicki-na-elektromotorni-pogon","8":"product_tag-204","9":"product_tag-elektricni","10":"product_tag-elektricni-vozicek","11":"product_tag-elektromotorni","12":"product_tag-elektromotorni-vozicek","13":"product_tag-invalidski","14":"product_tag-invalidski-vozicek","15":"product_tag-vozicek","17":"first","18":"outofstock","19":"taxable","20":"shipping-taxable","21":"product-type-simple"},"yoast_head":"<!-- This site is optimized with the Yoast SEO plugin v24.0 - https:\/\/yoast.com\/wordpress\/plugins\/seo\/ -->\n<title>MID Lectus invalidski vozi\u010dek - KARMA Europe - Mi Vam<\/title>\n<meta name=\"description\" content=\"MID Lectus se je v letu 2025 spremenil v MORGAN Lectus. Sede\u017eni sistem MID na MORGAN \u0161asiji.\" \/>\n<meta name=\"robots\" content=\"index, follow, max-snippet:-1, max-image-preview:large, max-video-preview:-1\" \/>\n<link rel=\"canonical\" href=\"https:\/\/www.mivam.com\/izdelek\/mid-lectus-invalidski-vozicek-karma-europe\/\" \/>\n<meta property=\"og:locale\" content=\"en_US\" \/>\n<meta property=\"og:type\" content=\"article\" \/>\n<meta property=\"og:title\" content=\"MID Lectus invalidski vozi\u010dek - KARMA Europe - Mi Vam\" \/>\n<meta property=\"og:description\" content=\"MID Lectus se je v letu 2025 spremenil v MORGAN Lectus. Sede\u017eni sistem MID na MORGAN \u0161asiji.\" \/>\n<meta property=\"og:url\" content=\"https:\/\/www.mivam.com\/izdelek\/mid-lectus-invalidski-vozicek-karma-europe\/\" \/>\n<meta property=\"og:site_name\" content=\"Mi Vam\" \/>\n<meta property=\"article:modified_time\" content=\"2025-06-19T04:03:37+00:00\" \/>\n<meta property=\"og:image\" content=\"https:\/\/www.mivam.com\/wp-content\/uploads\/2023\/07\/mid-lectus-naslovka.jpg\" \/>\n\t<meta property=\"og:image:width\" content=\"1200\" \/>\n\t<meta property=\"og:image:height\" content=\"900\" \/>\n\t<meta property=\"og:image:type\" content=\"image\/jpeg\" \/>\n<meta name=\"twitter:card\" content=\"summary_large_image\" \/>\n<meta name=\"twitter:label1\" content=\"Est. reading time\" \/>\n\t<meta name=\"twitter:data1\" content=\"2 minutes\" \/>\n<script type=\"application\/ld+json\" class=\"yoast-schema-graph\">{\"@context\":\"https:\/\/schema.org\",\"@graph\":[{\"@type\":\"WebPage\",\"@id\":\"https:\/\/www.mivam.com\/izdelek\/mid-lectus-invalidski-vozicek-karma-europe\/\",\"url\":\"https:\/\/www.mivam.com\/izdelek\/mid-lectus-invalidski-vozicek-karma-europe\/\",\"name\":\"MID Lectus invalidski vozi\u010dek - KARMA Europe - Mi Vam\",\"isPartOf\":{\"@id\":\"https:\/\/www.mivam.com\/#website\"},\"primaryImageOfPage\":{\"@id\":\"https:\/\/www.mivam.com\/izdelek\/mid-lectus-invalidski-vozicek-karma-europe\/#primaryimage\"},\"image\":{\"@id\":\"https:\/\/www.mivam.com\/izdelek\/mid-lectus-invalidski-vozicek-karma-europe\/#primaryimage\"},\"thumbnailUrl\":\"https:\/\/www.mivam.com\/wp-content\/uploads\/2023\/07\/mid-lectus-naslovka.jpg\",\"datePublished\":\"2023-07-19T16:56:29+00:00\",\"dateModified\":\"2025-06-19T04:03:37+00:00\",\"description\":\"MID Lectus se je v letu 2025 spremenil v MORGAN Lectus. Sede\u017eni sistem MID na MORGAN \u0161asiji.\",\"breadcrumb\":{\"@id\":\"https:\/\/www.mivam.com\/izdelek\/mid-lectus-invalidski-vozicek-karma-europe\/#breadcrumb\"},\"inLanguage\":\"en-US\",\"potentialAction\":[{\"@type\":\"ReadAction\",\"target\":[\"https:\/\/www.mivam.com\/izdelek\/mid-lectus-invalidski-vozicek-karma-europe\/\"]}]},{\"@type\":\"ImageObject\",\"inLanguage\":\"en-US\",\"@id\":\"https:\/\/www.mivam.com\/izdelek\/mid-lectus-invalidski-vozicek-karma-europe\/#primaryimage\",\"url\":\"https:\/\/www.mivam.com\/wp-content\/uploads\/2023\/07\/mid-lectus-naslovka.jpg\",\"contentUrl\":\"https:\/\/www.mivam.com\/wp-content\/uploads\/2023\/07\/mid-lectus-naslovka.jpg\",\"width\":1200,\"height\":900},{\"@type\":\"BreadcrumbList\",\"@id\":\"https:\/\/www.mivam.com\/izdelek\/mid-lectus-invalidski-vozicek-karma-europe\/#breadcrumb\",\"itemListElement\":[{\"@type\":\"ListItem\",\"position\":1,\"name\":\"Domov\",\"item\":\"https:\/\/www.mivam.com\/\"},{\"@type\":\"ListItem\",\"position\":2,\"name\":\"Shop\",\"item\":\"https:\/\/www.mivam.com\/en\/shop\/\"},{\"@type\":\"ListItem\",\"position\":3,\"name\":\"Invalidski vozi\u010dki in skuterji\",\"item\":\"https:\/\/www.mivam.com\/kategorija-izdelka\/invalidski-vozicki-in-skuterji\/\"},{\"@type\":\"ListItem\",\"position\":4,\"name\":\"Invalidski vozi\u010dki na elektromotorni pogon\",\"item\":\"https:\/\/www.mivam.com\/kategorija-izdelka\/invalidski-vozicki-in-skuterji\/invalidski-vozicki-na-elektromotorni-pogon\/\"},{\"@type\":\"ListItem\",\"position\":5,\"name\":\"MID Lectus invalidski vozi\u010dek &#8211; KARMA Europe\"}]},{\"@type\":\"WebSite\",\"@id\":\"https:\/\/www.mivam.com\/#website\",\"url\":\"https:\/\/www.mivam.com\/\",\"name\":\"Mi Vam\",\"description\":\"Medicinski pripomo\u010dki in re\u0161itve za manj odvisno \u017eivljenje.\",\"potentialAction\":[{\"@type\":\"SearchAction\",\"target\":{\"@type\":\"EntryPoint\",\"urlTemplate\":\"https:\/\/www.mivam.com\/?s={search_term_string}\"},\"query-input\":{\"@type\":\"PropertyValueSpecification\",\"valueRequired\":true,\"valueName\":\"search_term_string\"}}],\"inLanguage\":\"en-US\"}]}<\/script>\n<!-- \/ Yoast SEO plugin. -->","yoast_head_json":{"title":"MID Lectus invalidski vozi\u010dek - KARMA Europe - Mi Vam","description":"MID Lectus se je v letu 2025 spremenil v MORGAN Lectus. Sede\u017eni sistem MID na MORGAN \u0161asiji.","robots":{"index":"index","follow":"follow","max-snippet":"max-snippet:-1","max-image-preview":"max-image-preview:large","max-video-preview":"max-video-preview:-1"},"canonical":"https:\/\/www.mivam.com\/izdelek\/mid-lectus-invalidski-vozicek-karma-europe\/","og_locale":"en_US","og_type":"article","og_title":"MID Lectus invalidski vozi\u010dek - KARMA Europe - Mi Vam","og_description":"MID Lectus se je v letu 2025 spremenil v MORGAN Lectus. Sede\u017eni sistem MID na MORGAN \u0161asiji.","og_url":"https:\/\/www.mivam.com\/izdelek\/mid-lectus-invalidski-vozicek-karma-europe\/","og_site_name":"Mi Vam","article_modified_time":"2025-06-19T04:03:37+00:00","og_image":[{"width":1200,"height":900,"url":"https:\/\/www.mivam.com\/wp-content\/uploads\/2023\/07\/mid-lectus-naslovka.jpg","type":"image\/jpeg"}],"twitter_card":"summary_large_image","twitter_misc":{"Est. reading time":"2 minutes"},"schema":{"@context":"https:\/\/schema.org","@graph":[{"@type":"WebPage","@id":"https:\/\/www.mivam.com\/izdelek\/mid-lectus-invalidski-vozicek-karma-europe\/","url":"https:\/\/www.mivam.com\/izdelek\/mid-lectus-invalidski-vozicek-karma-europe\/","name":"MID Lectus invalidski vozi\u010dek - KARMA Europe - Mi Vam","isPartOf":{"@id":"https:\/\/www.mivam.com\/#website"},"primaryImageOfPage":{"@id":"https:\/\/www.mivam.com\/izdelek\/mid-lectus-invalidski-vozicek-karma-europe\/#primaryimage"},"image":{"@id":"https:\/\/www.mivam.com\/izdelek\/mid-lectus-invalidski-vozicek-karma-europe\/#primaryimage"},"thumbnailUrl":"https:\/\/www.mivam.com\/wp-content\/uploads\/2023\/07\/mid-lectus-naslovka.jpg","datePublished":"2023-07-19T16:56:29+00:00","dateModified":"2025-06-19T04:03:37+00:00","description":"MID Lectus se je v letu 2025 spremenil v MORGAN Lectus. Sede\u017eni sistem MID na MORGAN \u0161asiji.","breadcrumb":{"@id":"https:\/\/www.mivam.com\/izdelek\/mid-lectus-invalidski-vozicek-karma-europe\/#breadcrumb"},"inLanguage":"en-US","potentialAction":[{"@type":"ReadAction","target":["https:\/\/www.mivam.com\/izdelek\/mid-lectus-invalidski-vozicek-karma-europe\/"]}]},{"@type":"ImageObject","inLanguage":"en-US","@id":"https:\/\/www.mivam.com\/izdelek\/mid-lectus-invalidski-vozicek-karma-europe\/#primaryimage","url":"https:\/\/www.mivam.com\/wp-content\/uploads\/2023\/07\/mid-lectus-naslovka.jpg","contentUrl":"https:\/\/www.mivam.com\/wp-content\/uploads\/2023\/07\/mid-lectus-naslovka.jpg","width":1200,"height":900},{"@type":"BreadcrumbList","@id":"https:\/\/www.mivam.com\/izdelek\/mid-lectus-invalidski-vozicek-karma-europe\/#breadcrumb","itemListElement":[{"@type":"ListItem","position":1,"name":"Domov","item":"https:\/\/www.mivam.com\/"},{"@type":"ListItem","position":2,"name":"Shop","item":"https:\/\/www.mivam.com\/en\/shop\/"},{"@type":"ListItem","position":3,"name":"Invalidski vozi\u010dki in skuterji","item":"https:\/\/www.mivam.com\/kategorija-izdelka\/invalidski-vozicki-in-skuterji\/"},{"@type":"ListItem","position":4,"name":"Invalidski vozi\u010dki na elektromotorni pogon","item":"https:\/\/www.mivam.com\/kategorija-izdelka\/invalidski-vozicki-in-skuterji\/invalidski-vozicki-na-elektromotorni-pogon\/"},{"@type":"ListItem","position":5,"name":"MID Lectus invalidski vozi\u010dek &#8211; KARMA Europe"}]},{"@type":"WebSite","@id":"https:\/\/www.mivam.com\/#website","url":"https:\/\/www.mivam.com\/","name":"Mi Vam","description":"Medicinski pripomo\u010dki in re\u0161itve za manj odvisno \u017eivljenje.","potentialAction":[{"@type":"SearchAction","target":{"@type":"EntryPoint","urlTemplate":"https:\/\/www.mivam.com\/?s={search_term_string}"},"query-input":{"@type":"PropertyValueSpecification","valueRequired":true,"valueName":"search_term_string"}}],"inLanguage":"en-US"}]}},"_links":{"self":[{"href":"https:\/\/www.mivam.com\/en\/wp-json\/wp\/v2\/product\/3238","targetHints":{"allow":["GET"]}}],"collection":[{"href":"https:\/\/www.mivam.com\/en\/wp-json\/wp\/v2\/product"}],"about":[{"href":"https:\/\/www.mivam.com\/en\/wp-json\/wp\/v2\/types\/product"}],"replies":[{"embeddable":true,"href":"https:\/\/www.mivam.com\/en\/wp-json\/wp\/v2\/comments?post=3238"}],"wp:featuredmedia":[{"embeddable":true,"href":"https:\/\/www.mivam.com\/en\/wp-json\/wp\/v2\/media\/3244"}],"wp:attachment":[{"href":"https:\/\/www.mivam.com\/en\/wp-json\/wp\/v2\/media?parent=3238"}],"wp:term":[{"taxonomy":"product_brand","embeddable":true,"href":"https:\/\/www.mivam.com\/en\/wp-json\/wp\/v2\/product_brand?post=3238"},{"taxonomy":"product_cat","embeddable":true,"href":"https:\/\/www.mivam.com\/en\/wp-json\/wp\/v2\/product_cat?post=3238"},{"taxonomy":"product_tag","embeddable":true,"href":"https:\/\/www.mivam.com\/en\/wp-json\/wp\/v2\/product_tag?post=3238"}],"curies":[{"name":"wp","href":"https:\/\/api.w.org\/{rel}","templated":true}]}}