{"id":3219,"date":"2023-07-19T14:26:42","date_gmt":"2023-07-19T12:26:42","guid":{"rendered":"https:\/\/www.mivam.com\/?post_type=product&#038;p=3219"},"modified":"2025-05-14T11:05:39","modified_gmt":"2025-05-14T09:05:39","slug":"evo-lectus-invalidski-vozicek-karma-europe","status":"publish","type":"product","link":"https:\/\/www.mivam.com\/en\/izdelek\/evo-lectus-invalidski-vozicek-karma-europe\/","title":{"rendered":"EVO Lectus invalidski vozi\u010dek &#8211; KARMA Europe"},"content":{"rendered":"<div class=\"wpb-content-wrapper\"><p>[vc_row][vc_column][vc_empty_space height=&#8221;40px&#8221;][vc_row_inner][vc_column_inner width=&#8221;1\/2&#8243;][vc_column_text]<\/p>\n<h3>EVO Lectus, vsebuje vse kar je pomembno za vas.<\/h3>\n<p>Razvito z upo\u0161tevanjem potreb kon\u010dnega uporabnika ob upo\u0161tevanju potreb vseh vpletenih, kot so uporabnikova dru\u017eina, spremljevalca in serviserja. S svojo moderno zasnovo je Evo Lectus vrhunski elektri\u010dni invalidski vozi\u010dek. Ima obse\u017ene mo\u017enosti povezovanja za prevzem nadzora nad okoljem. Biomehanski podno\u017eniki in nasloni za roke uporabniku olaj\u0161ajo prenos iz in v vozi\u010dek. Za EVO Lectus je zna\u010dilna kombinacija mobilnosti z mo\u010djo in individualno oporo sede\u017ea.<\/p>\n<ul>\n<li><strong>Prilagojena podpora za sede\u017e in naslonjalo<\/strong><\/li>\n<li><strong>Odli\u010dno manevriranje doma in v pisarni<\/strong><\/li>\n<li><strong>Obse\u017ene mo\u017enosti nadzora<\/strong><\/li>\n<li><strong>Udobno in varno na cesti<\/strong><\/li>\n<li><strong>Zanesljiv in enostaven za vzdr\u017eevanje<\/strong><\/li>\n<li><strong>Sodoben dizajn<\/strong><\/li>\n<\/ul>\n<p>[\/vc_column_text][\/vc_column_inner][vc_column_inner width=&#8221;1\/2&#8243;][vc_single_image image=&#8221;3228&#8243; img_size=&#8221;large&#8221; alignment=&#8221;right&#8221;][\/vc_column_inner][\/vc_row_inner][vc_empty_space height=&#8221;60px&#8221;][\/vc_column][\/vc_row][vc_row full_width=&#8221;stretch_row&#8221; css=&#8221;.vc_custom_1689764110870{background-color: #f8f9fa !important;}&#8221;][vc_column][vc_empty_space height=&#8221;60px&#8221;][vc_column_text]<\/p>\n<h3 style=\"text-align: center\">Video predstavitev invalidskega vozi\u010dka na elektromotorni pogon EVO Lectus:<\/h3>\n<p>[\/vc_column_text][vc_row_inner][vc_column_inner width=&#8221;1\/2&#8243;][vc_video link=&#8221;https:\/\/www.youtube.com\/watch?v=5h1kxngoVK4&#8243; align=&#8221;center&#8221;][\/vc_column_inner][vc_column_inner width=&#8221;1\/2&#8243;][vc_video link=&#8221;https:\/\/www.youtube.com\/watch?v=WNSYTV5ba20&#8243; align=&#8221;center&#8221;][\/vc_column_inner][\/vc_row_inner][vc_empty_space height=&#8221;60px&#8221;][\/vc_column][\/vc_row][vc_row full_width=&#8221;stretch_row&#8221; css=&#8221;.vc_custom_1689764133023{background-color: #f8f9fa !important;}&#8221;][vc_column][vc_empty_space height=&#8221;60px&#8221;][vc_column_text]<\/p>\n<h3 style=\"text-align: center\">Barve ohi\u0161ja<\/h3>\n<p>[\/vc_column_text][vc_row_inner][vc_column_inner width=&#8221;1\/5&#8243;][\/vc_column_inner][vc_column_inner width=&#8221;1\/5&#8243;][vc_single_image image=&#8221;3225&#8243; img_size=&#8221;large&#8221; alignment=&#8221;center&#8221;][vc_single_image image=&#8221;3180&#8243; alignment=&#8221;center&#8221;][vc_column_text]<\/p>\n<p style=\"text-align: center\">Oran\u017ena<\/p>\n<p>[\/vc_column_text][\/vc_column_inner][vc_column_inner width=&#8221;1\/5&#8243;][vc_single_image image=&#8221;3227&#8243; img_size=&#8221;large&#8221; alignment=&#8221;center&#8221;][vc_single_image image=&#8221;3178&#8243; alignment=&#8221;center&#8221;][vc_column_text]<\/p>\n<p style=\"text-align: center\">Bela<\/p>\n<p>[\/vc_column_text][\/vc_column_inner][vc_column_inner width=&#8221;1\/5&#8243;][vc_single_image image=&#8221;3226&#8243; img_size=&#8221;large&#8221; alignment=&#8221;center&#8221;][vc_single_image image=&#8221;3179&#8243; alignment=&#8221;center&#8221;][vc_column_text]<\/p>\n<p style=\"text-align: center\">Srebrno \u010drna<\/p>\n<p>[\/vc_column_text][\/vc_column_inner][vc_column_inner width=&#8221;1\/5&#8243;][\/vc_column_inner][\/vc_row_inner][vc_empty_space height=&#8221;60px&#8221;][\/vc_column][\/vc_row][vc_row][vc_column][vc_empty_space height=&#8221;60px&#8221;][vc_column_text]<\/p>\n<h3 style=\"text-align: center\">Bro\u0161ura dodatkov<\/h3>\n<p>[\/vc_column_text][vc_btn title=&#8221;Top Line Karma Medical Power dodatki za invalidske vozi\u010dke.pdf&#8221; shape=&#8221;round&#8221; color=&#8221;primary&#8221; align=&#8221;center&#8221; link=&#8221;url:https%3A%2F%2Fwww.mivam.com%2Fwp-content%2Fuploads%2F2023%2F07%2Ftop-line-karma-medical-power-wheelchair-accessories.pdf||target:%20_blank|&#8221;][vc_empty_space height=&#8221;60px&#8221;][\/vc_column][\/vc_row]<\/p>\n<\/div>","protected":false},"excerpt":{"rendered":"<p><img decoding=\"async\" class=\"size-full wp-image-3183 alignright\" src=\"https:\/\/www.mivam.com\/wp-content\/uploads\/2023\/07\/iftaiwan-gold-300x150.jpg\" alt=\"\" width=\"300\" height=\"150\" \/><br \/>\nEVO Lectus se je z razvito tehnologijo zdru\u017eil z modelom EVO Lectus (Low Rider).<\/p>\n","protected":false},"featured_media":3224,"comment_status":"closed","ping_status":"closed","template":"","meta":[],"product_brand":[],"product_cat":[222,35],"product_tag":[204,116,205,117,137,201,45,194],"class_list":{"0":"post-3219","1":"product","2":"type-product","3":"status-publish","4":"has-post-thumbnail","6":"product_cat-invalidski-vozicki-in-skuterji","7":"product_cat-invalidski-vozicki-na-elektromotorni-pogon","8":"product_tag-204","9":"product_tag-elektricni","10":"product_tag-elektricni-vozicek","11":"product_tag-elektromotorni","12":"product_tag-elektromotorni-vozicek","13":"product_tag-invalidski","14":"product_tag-invalidski-vozicek","15":"product_tag-vozicek","17":"first","18":"outofstock","19":"taxable","20":"shipping-taxable","21":"product-type-simple"},"yoast_head":"<!-- This site is optimized with the Yoast SEO plugin v24.0 - https:\/\/yoast.com\/wordpress\/plugins\/seo\/ -->\n<title>EVO Lectus invalidski vozi\u010dek - KARMA Europe - Mi Vam<\/title>\n<meta name=\"description\" content=\"EVO Lectus se je z razvito tehnologijo zdru\u017eil z modelom EVO Lectus (Low Rider).\" \/>\n<meta name=\"robots\" content=\"index, follow, max-snippet:-1, max-image-preview:large, max-video-preview:-1\" \/>\n<link rel=\"canonical\" href=\"https:\/\/www.mivam.com\/izdelek\/evo-lectus-invalidski-vozicek-karma-europe\/\" \/>\n<meta property=\"og:locale\" content=\"en_US\" \/>\n<meta property=\"og:type\" content=\"article\" \/>\n<meta property=\"og:title\" content=\"EVO Lectus invalidski vozi\u010dek - KARMA Europe - Mi Vam\" \/>\n<meta property=\"og:description\" content=\"EVO Lectus se je z razvito tehnologijo zdru\u017eil z modelom EVO Lectus (Low Rider).\" \/>\n<meta property=\"og:url\" content=\"https:\/\/www.mivam.com\/izdelek\/evo-lectus-invalidski-vozicek-karma-europe\/\" \/>\n<meta property=\"og:site_name\" content=\"Mi Vam\" \/>\n<meta property=\"article:modified_time\" content=\"2025-05-14T09:05:39+00:00\" \/>\n<meta property=\"og:image\" content=\"https:\/\/www.mivam.com\/wp-content\/uploads\/2023\/07\/evo_lectus-naslovka.jpg\" \/>\n\t<meta property=\"og:image:width\" content=\"1200\" \/>\n\t<meta property=\"og:image:height\" content=\"900\" \/>\n\t<meta property=\"og:image:type\" content=\"image\/jpeg\" \/>\n<meta name=\"twitter:card\" content=\"summary_large_image\" \/>\n<meta name=\"twitter:label1\" content=\"Est. reading time\" \/>\n\t<meta name=\"twitter:data1\" content=\"3 minutes\" \/>\n<script type=\"application\/ld+json\" class=\"yoast-schema-graph\">{\"@context\":\"https:\/\/schema.org\",\"@graph\":[{\"@type\":\"WebPage\",\"@id\":\"https:\/\/www.mivam.com\/izdelek\/evo-lectus-invalidski-vozicek-karma-europe\/\",\"url\":\"https:\/\/www.mivam.com\/izdelek\/evo-lectus-invalidski-vozicek-karma-europe\/\",\"name\":\"EVO Lectus invalidski vozi\u010dek - KARMA Europe - Mi Vam\",\"isPartOf\":{\"@id\":\"https:\/\/www.mivam.com\/#website\"},\"primaryImageOfPage\":{\"@id\":\"https:\/\/www.mivam.com\/izdelek\/evo-lectus-invalidski-vozicek-karma-europe\/#primaryimage\"},\"image\":{\"@id\":\"https:\/\/www.mivam.com\/izdelek\/evo-lectus-invalidski-vozicek-karma-europe\/#primaryimage\"},\"thumbnailUrl\":\"https:\/\/www.mivam.com\/wp-content\/uploads\/2023\/07\/evo_lectus-naslovka.jpg\",\"datePublished\":\"2023-07-19T12:26:42+00:00\",\"dateModified\":\"2025-05-14T09:05:39+00:00\",\"description\":\"EVO Lectus se je z razvito tehnologijo zdru\u017eil z modelom EVO Lectus (Low Rider).\",\"breadcrumb\":{\"@id\":\"https:\/\/www.mivam.com\/izdelek\/evo-lectus-invalidski-vozicek-karma-europe\/#breadcrumb\"},\"inLanguage\":\"en-US\",\"potentialAction\":[{\"@type\":\"ReadAction\",\"target\":[\"https:\/\/www.mivam.com\/izdelek\/evo-lectus-invalidski-vozicek-karma-europe\/\"]}]},{\"@type\":\"ImageObject\",\"inLanguage\":\"en-US\",\"@id\":\"https:\/\/www.mivam.com\/izdelek\/evo-lectus-invalidski-vozicek-karma-europe\/#primaryimage\",\"url\":\"https:\/\/www.mivam.com\/wp-content\/uploads\/2023\/07\/evo_lectus-naslovka.jpg\",\"contentUrl\":\"https:\/\/www.mivam.com\/wp-content\/uploads\/2023\/07\/evo_lectus-naslovka.jpg\",\"width\":1200,\"height\":900},{\"@type\":\"BreadcrumbList\",\"@id\":\"https:\/\/www.mivam.com\/izdelek\/evo-lectus-invalidski-vozicek-karma-europe\/#breadcrumb\",\"itemListElement\":[{\"@type\":\"ListItem\",\"position\":1,\"name\":\"Domov\",\"item\":\"https:\/\/www.mivam.com\/\"},{\"@type\":\"ListItem\",\"position\":2,\"name\":\"Shop\",\"item\":\"https:\/\/www.mivam.com\/en\/shop\/\"},{\"@type\":\"ListItem\",\"position\":3,\"name\":\"Invalidski vozi\u010dki in skuterji\",\"item\":\"https:\/\/www.mivam.com\/kategorija-izdelka\/invalidski-vozicki-in-skuterji\/\"},{\"@type\":\"ListItem\",\"position\":4,\"name\":\"Invalidski vozi\u010dki na elektromotorni pogon\",\"item\":\"https:\/\/www.mivam.com\/kategorija-izdelka\/invalidski-vozicki-in-skuterji\/invalidski-vozicki-na-elektromotorni-pogon\/\"},{\"@type\":\"ListItem\",\"position\":5,\"name\":\"EVO Lectus invalidski vozi\u010dek &#8211; KARMA Europe\"}]},{\"@type\":\"WebSite\",\"@id\":\"https:\/\/www.mivam.com\/#website\",\"url\":\"https:\/\/www.mivam.com\/\",\"name\":\"Mi Vam\",\"description\":\"Medicinski pripomo\u010dki in re\u0161itve za manj odvisno \u017eivljenje.\",\"potentialAction\":[{\"@type\":\"SearchAction\",\"target\":{\"@type\":\"EntryPoint\",\"urlTemplate\":\"https:\/\/www.mivam.com\/?s={search_term_string}\"},\"query-input\":{\"@type\":\"PropertyValueSpecification\",\"valueRequired\":true,\"valueName\":\"search_term_string\"}}],\"inLanguage\":\"en-US\"}]}<\/script>\n<!-- \/ Yoast SEO plugin. -->","yoast_head_json":{"title":"EVO Lectus invalidski vozi\u010dek - KARMA Europe - Mi Vam","description":"EVO Lectus se je z razvito tehnologijo zdru\u017eil z modelom EVO Lectus (Low Rider).","robots":{"index":"index","follow":"follow","max-snippet":"max-snippet:-1","max-image-preview":"max-image-preview:large","max-video-preview":"max-video-preview:-1"},"canonical":"https:\/\/www.mivam.com\/izdelek\/evo-lectus-invalidski-vozicek-karma-europe\/","og_locale":"en_US","og_type":"article","og_title":"EVO Lectus invalidski vozi\u010dek - KARMA Europe - Mi Vam","og_description":"EVO Lectus se je z razvito tehnologijo zdru\u017eil z modelom EVO Lectus (Low Rider).","og_url":"https:\/\/www.mivam.com\/izdelek\/evo-lectus-invalidski-vozicek-karma-europe\/","og_site_name":"Mi Vam","article_modified_time":"2025-05-14T09:05:39+00:00","og_image":[{"width":1200,"height":900,"url":"https:\/\/www.mivam.com\/wp-content\/uploads\/2023\/07\/evo_lectus-naslovka.jpg","type":"image\/jpeg"}],"twitter_card":"summary_large_image","twitter_misc":{"Est. reading time":"3 minutes"},"schema":{"@context":"https:\/\/schema.org","@graph":[{"@type":"WebPage","@id":"https:\/\/www.mivam.com\/izdelek\/evo-lectus-invalidski-vozicek-karma-europe\/","url":"https:\/\/www.mivam.com\/izdelek\/evo-lectus-invalidski-vozicek-karma-europe\/","name":"EVO Lectus invalidski vozi\u010dek - KARMA Europe - Mi Vam","isPartOf":{"@id":"https:\/\/www.mivam.com\/#website"},"primaryImageOfPage":{"@id":"https:\/\/www.mivam.com\/izdelek\/evo-lectus-invalidski-vozicek-karma-europe\/#primaryimage"},"image":{"@id":"https:\/\/www.mivam.com\/izdelek\/evo-lectus-invalidski-vozicek-karma-europe\/#primaryimage"},"thumbnailUrl":"https:\/\/www.mivam.com\/wp-content\/uploads\/2023\/07\/evo_lectus-naslovka.jpg","datePublished":"2023-07-19T12:26:42+00:00","dateModified":"2025-05-14T09:05:39+00:00","description":"EVO Lectus se je z razvito tehnologijo zdru\u017eil z modelom EVO Lectus (Low Rider).","breadcrumb":{"@id":"https:\/\/www.mivam.com\/izdelek\/evo-lectus-invalidski-vozicek-karma-europe\/#breadcrumb"},"inLanguage":"en-US","potentialAction":[{"@type":"ReadAction","target":["https:\/\/www.mivam.com\/izdelek\/evo-lectus-invalidski-vozicek-karma-europe\/"]}]},{"@type":"ImageObject","inLanguage":"en-US","@id":"https:\/\/www.mivam.com\/izdelek\/evo-lectus-invalidski-vozicek-karma-europe\/#primaryimage","url":"https:\/\/www.mivam.com\/wp-content\/uploads\/2023\/07\/evo_lectus-naslovka.jpg","contentUrl":"https:\/\/www.mivam.com\/wp-content\/uploads\/2023\/07\/evo_lectus-naslovka.jpg","width":1200,"height":900},{"@type":"BreadcrumbList","@id":"https:\/\/www.mivam.com\/izdelek\/evo-lectus-invalidski-vozicek-karma-europe\/#breadcrumb","itemListElement":[{"@type":"ListItem","position":1,"name":"Domov","item":"https:\/\/www.mivam.com\/"},{"@type":"ListItem","position":2,"name":"Shop","item":"https:\/\/www.mivam.com\/en\/shop\/"},{"@type":"ListItem","position":3,"name":"Invalidski vozi\u010dki in skuterji","item":"https:\/\/www.mivam.com\/kategorija-izdelka\/invalidski-vozicki-in-skuterji\/"},{"@type":"ListItem","position":4,"name":"Invalidski vozi\u010dki na elektromotorni pogon","item":"https:\/\/www.mivam.com\/kategorija-izdelka\/invalidski-vozicki-in-skuterji\/invalidski-vozicki-na-elektromotorni-pogon\/"},{"@type":"ListItem","position":5,"name":"EVO Lectus invalidski vozi\u010dek &#8211; KARMA Europe"}]},{"@type":"WebSite","@id":"https:\/\/www.mivam.com\/#website","url":"https:\/\/www.mivam.com\/","name":"Mi Vam","description":"Medicinski pripomo\u010dki in re\u0161itve za manj odvisno \u017eivljenje.","potentialAction":[{"@type":"SearchAction","target":{"@type":"EntryPoint","urlTemplate":"https:\/\/www.mivam.com\/?s={search_term_string}"},"query-input":{"@type":"PropertyValueSpecification","valueRequired":true,"valueName":"search_term_string"}}],"inLanguage":"en-US"}]}},"_links":{"self":[{"href":"https:\/\/www.mivam.com\/en\/wp-json\/wp\/v2\/product\/3219","targetHints":{"allow":["GET"]}}],"collection":[{"href":"https:\/\/www.mivam.com\/en\/wp-json\/wp\/v2\/product"}],"about":[{"href":"https:\/\/www.mivam.com\/en\/wp-json\/wp\/v2\/types\/product"}],"replies":[{"embeddable":true,"href":"https:\/\/www.mivam.com\/en\/wp-json\/wp\/v2\/comments?post=3219"}],"wp:featuredmedia":[{"embeddable":true,"href":"https:\/\/www.mivam.com\/en\/wp-json\/wp\/v2\/media\/3224"}],"wp:attachment":[{"href":"https:\/\/www.mivam.com\/en\/wp-json\/wp\/v2\/media?parent=3219"}],"wp:term":[{"taxonomy":"product_brand","embeddable":true,"href":"https:\/\/www.mivam.com\/en\/wp-json\/wp\/v2\/product_brand?post=3219"},{"taxonomy":"product_cat","embeddable":true,"href":"https:\/\/www.mivam.com\/en\/wp-json\/wp\/v2\/product_cat?post=3219"},{"taxonomy":"product_tag","embeddable":true,"href":"https:\/\/www.mivam.com\/en\/wp-json\/wp\/v2\/product_tag?post=3219"}],"curies":[{"name":"wp","href":"https:\/\/api.w.org\/{rel}","templated":true}]}}