{"id":3175,"date":"2023-07-19T12:20:15","date_gmt":"2023-07-19T10:20:15","guid":{"rendered":"https:\/\/www.mivam.com\/?post_type=product&#038;p=3175"},"modified":"2025-05-14T11:04:54","modified_gmt":"2025-05-14T09:04:54","slug":"evo-altus-invalidski-vozicek-karma-europe","status":"publish","type":"product","link":"https:\/\/www.mivam.com\/en\/izdelek\/evo-altus-invalidski-vozicek-karma-europe\/","title":{"rendered":"EVO Altus invalidski vozi\u010dek \u2013 KARMA Europe"},"content":{"rendered":"<div class=\"wpb-content-wrapper\"><p>[vc_row][vc_column][vc_empty_space height=&#8221;40px&#8221;][vc_row_inner][vc_column_inner width=&#8221;1\/2&#8243;][vc_column_text]EVO Altus o\u010dara s svojim izjemno nizkim sede\u017eem do tal (41,5 cm), v kombinaciji s kapaciteto baterije do 85 Ah, ki omogo\u010da do <strong>54 km<\/strong> dosega vo\u017enje brez kakr\u0161nih koli omejitev pri polo\u017eaju sede\u017ea. Ozka <strong>610 mm<\/strong> \u0161irina ohi\u0161ja EVO omogo\u010da uporabnikom natan\u010dno navigacijo v notranjih prostorih. EVO Altus in EVO Lectus LR imata izjemno nizko vi\u0161ino sede\u017ea od tal <strong>415 mm<\/strong>, kar uporabnikom omogo\u010da udobno upravljanje motornih vozil, dostopnih z invalidskim vozi\u010dkom, in dvig do miz, kar zagotavlja ve\u010dje udobje in dostopnost v vsakdanjem \u017eivljenju. Torej, ne glede na to, ali ste v sede\u010dem\/stoje\u010dem\/le\u017ee\u010dem polo\u017eaju ali celo v osebno prilagojenem stoje\u010dem polo\u017eaju, ni\u010d ni nemogo\u010de! Vozi\u010dek ponuja razli\u010dico mo\u017enosti hitrosti v razponu od 6\/10\/12 km\/h, to v povezavi s preizku\u0161enim hidravli\u010dnim neodvisnim sistemom vzmetenja \u0161asije, ki maksimira udobje in kakovost vo\u017enje Evo Altusa. Med razvojem EVO Altusa je bila enostavna nastavitev in servisiranje v ospredju njegove zasnove, kar dobavitelju omogo\u010da, da enostavno pove\u010dajo globino sede\u017ea brez potrebe po kakr\u0161nih koli dodatnih komponentah, kot so pre\u010dne vezi. R-Net-kontrolni sistem je na vozi\u010dku standardno name\u0161\u010den. To vam omogo\u010da upravljanje \u0161tevilnih elektri\u010dnih funkcij vozi\u010dka prek komandne ro\u010dice, ta sistem pa slu\u017ei tudi kot platforma za \u0161iroko paleto specializiranih krmilnih elementov, kot so upravljanje vozi\u010dka z brado, upravljanje z glavo in upravljanje s stikali, ima celo mo\u017enost upravljanja infrarde\u010dih in naprave Bluetooth prek komandne ro\u010dice z R-Net. <strong>Mo\u017enosti so neskon\u010dne.<\/strong>[\/vc_column_text][\/vc_column_inner][vc_column_inner width=&#8221;1\/2&#8243;][vc_single_image image=&#8221;3197&#8243; img_size=&#8221;large&#8221; alignment=&#8221;right&#8221;][\/vc_column_inner][\/vc_row_inner][vc_empty_space height=&#8221;60px&#8221;][\/vc_column][\/vc_row][vc_row full_width=&#8221;stretch_row&#8221; css=&#8221;.vc_custom_1689764110870{background-color: #f8f9fa !important;}&#8221;][vc_column][vc_empty_space height=&#8221;60px&#8221;][vc_column_text]<\/p>\n<h3 style=\"text-align: center\">Video predstavitev invalidskega vozi\u010dka na elektromotorni pogon EVO Altus:<\/h3>\n<p>[\/vc_column_text][vc_video link=&#8221;https:\/\/www.youtube.com\/watch?v=7dsQuXnSOOg&#8221; align=&#8221;center&#8221;][vc_empty_space height=&#8221;60px&#8221;][\/vc_column][\/vc_row][vc_row][vc_column][vc_empty_space height=&#8221;60px&#8221;][vc_row_inner][vc_column_inner width=&#8221;1\/2&#8243;][vc_column_text]<\/p>\n<h3>Biomehansko pozicioniranje<\/h3>\n<p>Zasnova EVO Altus z razli\u010dnimi biomehanskimi nastavitvami:<\/p>\n<ul>\n<li>Elektri\u010dne nastavitve z zmanj\u0161anjem stri\u017enih udarcev,<\/li>\n<li>Biomehansko nastavljvi nasloni za roke in<\/li>\n<li>Biomehanski elektri\u010dno nastavljivi nasloni za noge za maksimalno oporo in udobje pri sedenju.<\/li>\n<\/ul>\n<p>Sede\u017e se premika z gibanjem telesa, kar zmanj\u0161uje u\u010dinek stri\u017ene sile, ohranja vse opore v pravilni poravnavi s telesom in zagotavlja maksimalno stabilnost sedenja.[\/vc_column_text][\/vc_column_inner][vc_column_inner width=&#8221;1\/2&#8243;][vc_column_text]<\/p>\n<div style=\"width: 640px;\" class=\"wp-video\"><!--[if lt IE 9]><script>document.createElement('video');<\/script><![endif]-->\n<video class=\"wp-video-shortcode\" id=\"video-3175-1\" width=\"640\" height=\"360\" poster=\"https:\/\/www.mivam.com\/wp-content\/uploads\/2023\/07\/video-preview.jpg\" preload=\"metadata\" controls=\"controls\"><source type=\"video\/mp4\" src=\"https:\/\/www.mivam.com\/wp-content\/uploads\/2023\/07\/evo-altus_powerfunction_animation_w1920-1.mp4?_=1\" \/><a href=\"https:\/\/www.mivam.com\/wp-content\/uploads\/2023\/07\/evo-altus_powerfunction_animation_w1920-1.mp4\">https:\/\/www.mivam.com\/wp-content\/uploads\/2023\/07\/evo-altus_powerfunction_animation_w1920-1.mp4<\/a><\/video><\/div>\n<p>[\/vc_column_text][\/vc_column_inner][\/vc_row_inner][vc_empty_space height=&#8221;60px&#8221;][\/vc_column][\/vc_row][vc_row full_width=&#8221;stretch_row&#8221; css=&#8221;.vc_custom_1689764133023{background-color: #f8f9fa !important;}&#8221;][vc_column][vc_empty_space height=&#8221;60px&#8221;][vc_column_text]<\/p>\n<h3 style=\"text-align: center\">Barve ohi\u0161ja<\/h3>\n<p>[\/vc_column_text][vc_row_inner][vc_column_inner width=&#8221;1\/5&#8243;][\/vc_column_inner][vc_column_inner width=&#8221;1\/5&#8243;][vc_single_image image=&#8221;3185&#8243; img_size=&#8221;large&#8221; alignment=&#8221;center&#8221;][vc_single_image image=&#8221;3180&#8243; alignment=&#8221;center&#8221;][vc_column_text]<\/p>\n<p style=\"text-align: center\">Oran\u017ena<\/p>\n<p>[\/vc_column_text][\/vc_column_inner][vc_column_inner width=&#8221;1\/5&#8243;][vc_single_image image=&#8221;3187&#8243; img_size=&#8221;large&#8221; alignment=&#8221;center&#8221;][vc_single_image image=&#8221;3178&#8243; alignment=&#8221;center&#8221;][vc_column_text]<\/p>\n<p style=\"text-align: center\">Bela<\/p>\n<p>[\/vc_column_text][\/vc_column_inner][vc_column_inner width=&#8221;1\/5&#8243;][vc_single_image image=&#8221;3186&#8243; img_size=&#8221;large&#8221; alignment=&#8221;center&#8221;][vc_single_image image=&#8221;3179&#8243; alignment=&#8221;center&#8221;][vc_column_text]<\/p>\n<p style=\"text-align: center\">Srebrno \u010drna<\/p>\n<p>[\/vc_column_text][\/vc_column_inner][vc_column_inner width=&#8221;1\/5&#8243;][\/vc_column_inner][\/vc_row_inner][vc_empty_space height=&#8221;60px&#8221;][\/vc_column][\/vc_row][vc_row][vc_column][vc_empty_space height=&#8221;60px&#8221;][vc_column_text]<\/p>\n<h3 style=\"text-align: center\">Bro\u0161ura dodatkov<\/h3>\n<p>[\/vc_column_text][vc_btn title=&#8221;Top Line Karma Medical Power dodatki za invalidske vozi\u010dke.pdf&#8221; shape=&#8221;round&#8221; color=&#8221;primary&#8221; align=&#8221;center&#8221; link=&#8221;url:https%3A%2F%2Fwww.mivam.com%2Fwp-content%2Fuploads%2F2023%2F07%2Ftop-line-karma-medical-power-wheelchair-accessories.pdf||target:%20_blank|&#8221;][vc_empty_space height=&#8221;60px&#8221;][\/vc_column][\/vc_row]<\/p>\n<\/div>","protected":false},"excerpt":{"rendered":"<p><img decoding=\"async\" class=\"size-full wp-image-3183 alignright\" src=\"https:\/\/www.mivam.com\/wp-content\/uploads\/2023\/07\/reddot.png\" alt=\"\" width=\"220\" height=\"193\" \/>EVO Altus \u0161iri \u017ee tako obse\u017eno paleto izdelkov Karma. S svojo edinstveno zasnovo in obliko v kombinaciji s \u0161tevilnimi funkcijami in zmo\u017enostjo enostavne prilagoditve za individualno prilagajanje je odli\u010dna izbira za va\u0161 novi <strong>stoje\u010di elektri\u010dni vozi\u010dek &#8211; stojka<\/strong>.<\/p>\n","protected":false},"featured_media":3203,"comment_status":"closed","ping_status":"closed","template":"","meta":[],"product_brand":[],"product_cat":[222,35],"product_tag":[204,116,205,117,137,201,45,193,206,194],"class_list":{"0":"post-3175","1":"product","2":"type-product","3":"status-publish","4":"has-post-thumbnail","6":"product_cat-invalidski-vozicki-in-skuterji","7":"product_cat-invalidski-vozicki-na-elektromotorni-pogon","8":"product_tag-204","9":"product_tag-elektricni","10":"product_tag-elektricni-vozicek","11":"product_tag-elektromotorni","12":"product_tag-elektromotorni-vozicek","13":"product_tag-invalidski","14":"product_tag-invalidski-vozicek","15":"product_tag-samostojeci","16":"product_tag-stojka","17":"product_tag-vozicek","19":"first","20":"instock","21":"taxable","22":"shipping-taxable","23":"product-type-simple"},"yoast_head":"<!-- This site is optimized with the Yoast SEO plugin v24.0 - https:\/\/yoast.com\/wordpress\/plugins\/seo\/ -->\n<title>EVO Altus invalidski vozi\u010dek \u2013 KARMA Europe - Mi Vam<\/title>\n<meta name=\"description\" content=\"EVO Altus \u0161iri \u017ee tako obse\u017eno paleto izdelkov Karma. S svojo edinstveno zasnovo in obliko v kombinaciji s \u0161tevilnimi funkcijami in zmo\u017enostjo enostavne prilagoditve za individualno prilagajanje je odli\u010dna izbira za va\u0161 novi stoje\u010di elektri\u010dni vozi\u010dek - stojka.\" \/>\n<meta name=\"robots\" content=\"index, follow, max-snippet:-1, max-image-preview:large, max-video-preview:-1\" \/>\n<link rel=\"canonical\" href=\"https:\/\/www.mivam.com\/izdelek\/evo-altus-invalidski-vozicek-karma-europe\/\" \/>\n<meta property=\"og:locale\" content=\"en_US\" \/>\n<meta property=\"og:type\" content=\"article\" \/>\n<meta property=\"og:title\" content=\"EVO Altus invalidski vozi\u010dek \u2013 KARMA Europe - Mi Vam\" \/>\n<meta property=\"og:description\" content=\"EVO Altus \u0161iri \u017ee tako obse\u017eno paleto izdelkov Karma. S svojo edinstveno zasnovo in obliko v kombinaciji s \u0161tevilnimi funkcijami in zmo\u017enostjo enostavne prilagoditve za individualno prilagajanje je odli\u010dna izbira za va\u0161 novi stoje\u010di elektri\u010dni vozi\u010dek - stojka.\" \/>\n<meta property=\"og:url\" content=\"https:\/\/www.mivam.com\/izdelek\/evo-altus-invalidski-vozicek-karma-europe\/\" \/>\n<meta property=\"og:site_name\" content=\"Mi Vam\" \/>\n<meta property=\"article:modified_time\" content=\"2025-05-14T09:04:54+00:00\" \/>\n<meta property=\"og:image\" content=\"https:\/\/www.mivam.com\/wp-content\/uploads\/2023\/07\/evo-altus-naslovka.jpg\" \/>\n\t<meta property=\"og:image:width\" content=\"1200\" \/>\n\t<meta property=\"og:image:height\" content=\"900\" \/>\n\t<meta property=\"og:image:type\" content=\"image\/jpeg\" \/>\n<meta name=\"twitter:card\" content=\"summary_large_image\" \/>\n<meta name=\"twitter:label1\" content=\"Est. reading time\" \/>\n\t<meta name=\"twitter:data1\" content=\"3 minutes\" \/>\n<script type=\"application\/ld+json\" class=\"yoast-schema-graph\">{\"@context\":\"https:\/\/schema.org\",\"@graph\":[{\"@type\":\"WebPage\",\"@id\":\"https:\/\/www.mivam.com\/izdelek\/evo-altus-invalidski-vozicek-karma-europe\/\",\"url\":\"https:\/\/www.mivam.com\/izdelek\/evo-altus-invalidski-vozicek-karma-europe\/\",\"name\":\"EVO Altus invalidski vozi\u010dek \u2013 KARMA Europe - Mi Vam\",\"isPartOf\":{\"@id\":\"https:\/\/www.mivam.com\/#website\"},\"primaryImageOfPage\":{\"@id\":\"https:\/\/www.mivam.com\/izdelek\/evo-altus-invalidski-vozicek-karma-europe\/#primaryimage\"},\"image\":{\"@id\":\"https:\/\/www.mivam.com\/izdelek\/evo-altus-invalidski-vozicek-karma-europe\/#primaryimage\"},\"thumbnailUrl\":\"https:\/\/www.mivam.com\/wp-content\/uploads\/2023\/07\/evo-altus-naslovka.jpg\",\"datePublished\":\"2023-07-19T10:20:15+00:00\",\"dateModified\":\"2025-05-14T09:04:54+00:00\",\"description\":\"EVO Altus \u0161iri \u017ee tako obse\u017eno paleto izdelkov Karma. S svojo edinstveno zasnovo in obliko v kombinaciji s \u0161tevilnimi funkcijami in zmo\u017enostjo enostavne prilagoditve za individualno prilagajanje je odli\u010dna izbira za va\u0161 novi stoje\u010di elektri\u010dni vozi\u010dek - stojka.\",\"breadcrumb\":{\"@id\":\"https:\/\/www.mivam.com\/izdelek\/evo-altus-invalidski-vozicek-karma-europe\/#breadcrumb\"},\"inLanguage\":\"en-US\",\"potentialAction\":[{\"@type\":\"ReadAction\",\"target\":[\"https:\/\/www.mivam.com\/izdelek\/evo-altus-invalidski-vozicek-karma-europe\/\"]}]},{\"@type\":\"ImageObject\",\"inLanguage\":\"en-US\",\"@id\":\"https:\/\/www.mivam.com\/izdelek\/evo-altus-invalidski-vozicek-karma-europe\/#primaryimage\",\"url\":\"https:\/\/www.mivam.com\/wp-content\/uploads\/2023\/07\/evo-altus-naslovka.jpg\",\"contentUrl\":\"https:\/\/www.mivam.com\/wp-content\/uploads\/2023\/07\/evo-altus-naslovka.jpg\",\"width\":1200,\"height\":900},{\"@type\":\"BreadcrumbList\",\"@id\":\"https:\/\/www.mivam.com\/izdelek\/evo-altus-invalidski-vozicek-karma-europe\/#breadcrumb\",\"itemListElement\":[{\"@type\":\"ListItem\",\"position\":1,\"name\":\"Domov\",\"item\":\"https:\/\/www.mivam.com\/\"},{\"@type\":\"ListItem\",\"position\":2,\"name\":\"Shop\",\"item\":\"https:\/\/www.mivam.com\/en\/shop\/\"},{\"@type\":\"ListItem\",\"position\":3,\"name\":\"Invalidski vozi\u010dki in skuterji\",\"item\":\"https:\/\/www.mivam.com\/kategorija-izdelka\/invalidski-vozicki-in-skuterji\/\"},{\"@type\":\"ListItem\",\"position\":4,\"name\":\"Invalidski vozi\u010dki na elektromotorni pogon\",\"item\":\"https:\/\/www.mivam.com\/kategorija-izdelka\/invalidski-vozicki-in-skuterji\/invalidski-vozicki-na-elektromotorni-pogon\/\"},{\"@type\":\"ListItem\",\"position\":5,\"name\":\"EVO Altus invalidski vozi\u010dek \u2013 KARMA Europe\"}]},{\"@type\":\"WebSite\",\"@id\":\"https:\/\/www.mivam.com\/#website\",\"url\":\"https:\/\/www.mivam.com\/\",\"name\":\"Mi Vam\",\"description\":\"Medicinski pripomo\u010dki in re\u0161itve za manj odvisno \u017eivljenje.\",\"potentialAction\":[{\"@type\":\"SearchAction\",\"target\":{\"@type\":\"EntryPoint\",\"urlTemplate\":\"https:\/\/www.mivam.com\/?s={search_term_string}\"},\"query-input\":{\"@type\":\"PropertyValueSpecification\",\"valueRequired\":true,\"valueName\":\"search_term_string\"}}],\"inLanguage\":\"en-US\"}]}<\/script>\n<!-- \/ Yoast SEO plugin. -->","yoast_head_json":{"title":"EVO Altus invalidski vozi\u010dek \u2013 KARMA Europe - Mi Vam","description":"EVO Altus \u0161iri \u017ee tako obse\u017eno paleto izdelkov Karma. S svojo edinstveno zasnovo in obliko v kombinaciji s \u0161tevilnimi funkcijami in zmo\u017enostjo enostavne prilagoditve za individualno prilagajanje je odli\u010dna izbira za va\u0161 novi stoje\u010di elektri\u010dni vozi\u010dek - stojka.","robots":{"index":"index","follow":"follow","max-snippet":"max-snippet:-1","max-image-preview":"max-image-preview:large","max-video-preview":"max-video-preview:-1"},"canonical":"https:\/\/www.mivam.com\/izdelek\/evo-altus-invalidski-vozicek-karma-europe\/","og_locale":"en_US","og_type":"article","og_title":"EVO Altus invalidski vozi\u010dek \u2013 KARMA Europe - Mi Vam","og_description":"EVO Altus \u0161iri \u017ee tako obse\u017eno paleto izdelkov Karma. S svojo edinstveno zasnovo in obliko v kombinaciji s \u0161tevilnimi funkcijami in zmo\u017enostjo enostavne prilagoditve za individualno prilagajanje je odli\u010dna izbira za va\u0161 novi stoje\u010di elektri\u010dni vozi\u010dek - stojka.","og_url":"https:\/\/www.mivam.com\/izdelek\/evo-altus-invalidski-vozicek-karma-europe\/","og_site_name":"Mi Vam","article_modified_time":"2025-05-14T09:04:54+00:00","og_image":[{"width":1200,"height":900,"url":"https:\/\/www.mivam.com\/wp-content\/uploads\/2023\/07\/evo-altus-naslovka.jpg","type":"image\/jpeg"}],"twitter_card":"summary_large_image","twitter_misc":{"Est. reading time":"3 minutes"},"schema":{"@context":"https:\/\/schema.org","@graph":[{"@type":"WebPage","@id":"https:\/\/www.mivam.com\/izdelek\/evo-altus-invalidski-vozicek-karma-europe\/","url":"https:\/\/www.mivam.com\/izdelek\/evo-altus-invalidski-vozicek-karma-europe\/","name":"EVO Altus invalidski vozi\u010dek \u2013 KARMA Europe - Mi Vam","isPartOf":{"@id":"https:\/\/www.mivam.com\/#website"},"primaryImageOfPage":{"@id":"https:\/\/www.mivam.com\/izdelek\/evo-altus-invalidski-vozicek-karma-europe\/#primaryimage"},"image":{"@id":"https:\/\/www.mivam.com\/izdelek\/evo-altus-invalidski-vozicek-karma-europe\/#primaryimage"},"thumbnailUrl":"https:\/\/www.mivam.com\/wp-content\/uploads\/2023\/07\/evo-altus-naslovka.jpg","datePublished":"2023-07-19T10:20:15+00:00","dateModified":"2025-05-14T09:04:54+00:00","description":"EVO Altus \u0161iri \u017ee tako obse\u017eno paleto izdelkov Karma. S svojo edinstveno zasnovo in obliko v kombinaciji s \u0161tevilnimi funkcijami in zmo\u017enostjo enostavne prilagoditve za individualno prilagajanje je odli\u010dna izbira za va\u0161 novi stoje\u010di elektri\u010dni vozi\u010dek - stojka.","breadcrumb":{"@id":"https:\/\/www.mivam.com\/izdelek\/evo-altus-invalidski-vozicek-karma-europe\/#breadcrumb"},"inLanguage":"en-US","potentialAction":[{"@type":"ReadAction","target":["https:\/\/www.mivam.com\/izdelek\/evo-altus-invalidski-vozicek-karma-europe\/"]}]},{"@type":"ImageObject","inLanguage":"en-US","@id":"https:\/\/www.mivam.com\/izdelek\/evo-altus-invalidski-vozicek-karma-europe\/#primaryimage","url":"https:\/\/www.mivam.com\/wp-content\/uploads\/2023\/07\/evo-altus-naslovka.jpg","contentUrl":"https:\/\/www.mivam.com\/wp-content\/uploads\/2023\/07\/evo-altus-naslovka.jpg","width":1200,"height":900},{"@type":"BreadcrumbList","@id":"https:\/\/www.mivam.com\/izdelek\/evo-altus-invalidski-vozicek-karma-europe\/#breadcrumb","itemListElement":[{"@type":"ListItem","position":1,"name":"Domov","item":"https:\/\/www.mivam.com\/"},{"@type":"ListItem","position":2,"name":"Shop","item":"https:\/\/www.mivam.com\/en\/shop\/"},{"@type":"ListItem","position":3,"name":"Invalidski vozi\u010dki in skuterji","item":"https:\/\/www.mivam.com\/kategorija-izdelka\/invalidski-vozicki-in-skuterji\/"},{"@type":"ListItem","position":4,"name":"Invalidski vozi\u010dki na elektromotorni pogon","item":"https:\/\/www.mivam.com\/kategorija-izdelka\/invalidski-vozicki-in-skuterji\/invalidski-vozicki-na-elektromotorni-pogon\/"},{"@type":"ListItem","position":5,"name":"EVO Altus invalidski vozi\u010dek \u2013 KARMA Europe"}]},{"@type":"WebSite","@id":"https:\/\/www.mivam.com\/#website","url":"https:\/\/www.mivam.com\/","name":"Mi Vam","description":"Medicinski pripomo\u010dki in re\u0161itve za manj odvisno \u017eivljenje.","potentialAction":[{"@type":"SearchAction","target":{"@type":"EntryPoint","urlTemplate":"https:\/\/www.mivam.com\/?s={search_term_string}"},"query-input":{"@type":"PropertyValueSpecification","valueRequired":true,"valueName":"search_term_string"}}],"inLanguage":"en-US"}]}},"_links":{"self":[{"href":"https:\/\/www.mivam.com\/en\/wp-json\/wp\/v2\/product\/3175","targetHints":{"allow":["GET"]}}],"collection":[{"href":"https:\/\/www.mivam.com\/en\/wp-json\/wp\/v2\/product"}],"about":[{"href":"https:\/\/www.mivam.com\/en\/wp-json\/wp\/v2\/types\/product"}],"replies":[{"embeddable":true,"href":"https:\/\/www.mivam.com\/en\/wp-json\/wp\/v2\/comments?post=3175"}],"wp:featuredmedia":[{"embeddable":true,"href":"https:\/\/www.mivam.com\/en\/wp-json\/wp\/v2\/media\/3203"}],"wp:attachment":[{"href":"https:\/\/www.mivam.com\/en\/wp-json\/wp\/v2\/media?parent=3175"}],"wp:term":[{"taxonomy":"product_brand","embeddable":true,"href":"https:\/\/www.mivam.com\/en\/wp-json\/wp\/v2\/product_brand?post=3175"},{"taxonomy":"product_cat","embeddable":true,"href":"https:\/\/www.mivam.com\/en\/wp-json\/wp\/v2\/product_cat?post=3175"},{"taxonomy":"product_tag","embeddable":true,"href":"https:\/\/www.mivam.com\/en\/wp-json\/wp\/v2\/product_tag?post=3175"}],"curies":[{"name":"wp","href":"https:\/\/api.w.org\/{rel}","templated":true}]}}