{"id":3052,"date":"2022-09-06T10:28:12","date_gmt":"2022-09-06T08:28:12","guid":{"rendered":"https:\/\/www.mivam.com\/?post_type=product&#038;p=3052"},"modified":"2024-11-21T12:14:28","modified_gmt":"2024-11-21T11:14:28","slug":"trpezno-ohisje-naprave-grid-pad-10s","status":"publish","type":"product","link":"https:\/\/www.mivam.com\/en\/izdelek\/trpezno-ohisje-naprave-grid-pad-10s\/","title":{"rendered":"Trpe\u017eno ohi\u0161je naprave Grid Pad 10s"},"content":{"rendered":"<div class=\"wpb-content-wrapper\"><p>[vc_row el_class=&#8221;prod-desc-row&#8221;][vc_column width=&#8221;2\/3&#8243;][vc_column_text]<\/p>\n<div class=\"product-desc\">\n<div class=\"vc_row wpb_row vc_row-fluid prod-desc-row\">\n<div class=\"wpb_column vc_column_container vc_col-sm-8\">\n<div class=\"vc_column-inner\">\n<div class=\"wpb_wrapper\">\n<div class=\"wpb_text_column wpb_content_element \">\n<div class=\"wpb_wrapper\">\n<p>Prodrobnej\u0161i opis izdelka si lahko ogledate na spletni strani dobavitelja.<\/p>\n<\/div>\n<\/div>\n<\/div>\n<\/div>\n<\/div>\n<\/div>\n<\/div>\n<div class=\"row\"><\/div>\n<p>[\/vc_column_text][\/vc_column][vc_column width=&#8221;1\/3&#8243;][vc_btn title=&#8221;Ve\u010d informacij o izdelku&#8221; style=&#8221;classic&#8221; shape=&#8221;square&#8221; color=&#8221;info&#8221; align=&#8221;center&#8221; link=&#8221;url:https%3A%2F%2Fthinksmartbox.com%2Fproduct%2Fgrid-pad-10s-tough-case%2F||target:%20_blank|&#8221;][\/vc_column][\/vc_row]<\/p>\n<\/div>","protected":false},"excerpt":{"rendered":"<p>Po meri prilagojeno trpe\u017eno ohi\u0161je in ro\u010daj, ki ga lahko uporabljate z napravo Grid Pad\u00a010s.<\/p>\n","protected":false},"featured_media":3094,"comment_status":"closed","ping_status":"closed","template":"","meta":[],"product_brand":[],"product_cat":[223,175],"product_tag":[181,177,178,130,180],"class_list":{"0":"post-3052","1":"product","2":"type-product","3":"status-publish","4":"has-post-thumbnail","6":"product_cat-komunikatorji","7":"product_cat-dodatki","8":"product_tag-dodatki","9":"product_tag-grid","10":"product_tag-grid-pad","11":"product_tag-komunikator","12":"product_tag-smartbox","14":"first","15":"instock","16":"taxable","17":"shipping-taxable","18":"product-type-simple"},"yoast_head":"<!-- This site is optimized with the Yoast SEO plugin v24.0 - https:\/\/yoast.com\/wordpress\/plugins\/seo\/ -->\n<title>Trpe\u017eno ohi\u0161je naprave Grid Pad 10s - Mi Vam<\/title>\n<meta name=\"description\" content=\"Po meri prilagojeno trpe\u017eno ohi\u0161je in ro\u010daj, ki ga lahko uporabljate z napravo Grid Pad\u00a010s.\" \/>\n<meta name=\"robots\" content=\"index, follow, max-snippet:-1, max-image-preview:large, max-video-preview:-1\" \/>\n<link rel=\"canonical\" href=\"https:\/\/www.mivam.com\/izdelek\/trpezno-ohisje-naprave-grid-pad-10s\/\" \/>\n<meta property=\"og:locale\" content=\"en_US\" \/>\n<meta property=\"og:type\" content=\"article\" \/>\n<meta property=\"og:title\" content=\"Trpe\u017eno ohi\u0161je naprave Grid Pad 10s - Mi Vam\" \/>\n<meta property=\"og:description\" content=\"Po meri prilagojeno trpe\u017eno ohi\u0161je in ro\u010daj, ki ga lahko uporabljate z napravo Grid Pad\u00a010s.\" \/>\n<meta property=\"og:url\" content=\"https:\/\/www.mivam.com\/izdelek\/trpezno-ohisje-naprave-grid-pad-10s\/\" \/>\n<meta property=\"og:site_name\" content=\"Mi Vam\" \/>\n<meta property=\"article:modified_time\" content=\"2024-11-21T11:14:28+00:00\" \/>\n<meta property=\"og:image\" content=\"https:\/\/www.mivam.com\/wp-content\/uploads\/2022\/09\/trpezno-ohisje-naprave-1.png\" \/>\n\t<meta property=\"og:image:width\" content=\"819\" \/>\n\t<meta property=\"og:image:height\" content=\"477\" \/>\n\t<meta property=\"og:image:type\" content=\"image\/png\" \/>\n<meta name=\"twitter:card\" content=\"summary_large_image\" \/>\n<script type=\"application\/ld+json\" class=\"yoast-schema-graph\">{\"@context\":\"https:\/\/schema.org\",\"@graph\":[{\"@type\":\"WebPage\",\"@id\":\"https:\/\/www.mivam.com\/izdelek\/trpezno-ohisje-naprave-grid-pad-10s\/\",\"url\":\"https:\/\/www.mivam.com\/izdelek\/trpezno-ohisje-naprave-grid-pad-10s\/\",\"name\":\"Trpe\u017eno ohi\u0161je naprave Grid Pad 10s - Mi Vam\",\"isPartOf\":{\"@id\":\"https:\/\/www.mivam.com\/#website\"},\"primaryImageOfPage\":{\"@id\":\"https:\/\/www.mivam.com\/izdelek\/trpezno-ohisje-naprave-grid-pad-10s\/#primaryimage\"},\"image\":{\"@id\":\"https:\/\/www.mivam.com\/izdelek\/trpezno-ohisje-naprave-grid-pad-10s\/#primaryimage\"},\"thumbnailUrl\":\"https:\/\/www.mivam.com\/wp-content\/uploads\/2022\/09\/trpezno-ohisje-naprave-1.png\",\"datePublished\":\"2022-09-06T08:28:12+00:00\",\"dateModified\":\"2024-11-21T11:14:28+00:00\",\"description\":\"Po meri prilagojeno trpe\u017eno ohi\u0161je in ro\u010daj, ki ga lahko uporabljate z napravo Grid Pad\u00a010s.\",\"breadcrumb\":{\"@id\":\"https:\/\/www.mivam.com\/izdelek\/trpezno-ohisje-naprave-grid-pad-10s\/#breadcrumb\"},\"inLanguage\":\"en-US\",\"potentialAction\":[{\"@type\":\"ReadAction\",\"target\":[\"https:\/\/www.mivam.com\/izdelek\/trpezno-ohisje-naprave-grid-pad-10s\/\"]}]},{\"@type\":\"ImageObject\",\"inLanguage\":\"en-US\",\"@id\":\"https:\/\/www.mivam.com\/izdelek\/trpezno-ohisje-naprave-grid-pad-10s\/#primaryimage\",\"url\":\"https:\/\/www.mivam.com\/wp-content\/uploads\/2022\/09\/trpezno-ohisje-naprave-1.png\",\"contentUrl\":\"https:\/\/www.mivam.com\/wp-content\/uploads\/2022\/09\/trpezno-ohisje-naprave-1.png\",\"width\":819,\"height\":477},{\"@type\":\"BreadcrumbList\",\"@id\":\"https:\/\/www.mivam.com\/izdelek\/trpezno-ohisje-naprave-grid-pad-10s\/#breadcrumb\",\"itemListElement\":[{\"@type\":\"ListItem\",\"position\":1,\"name\":\"Domov\",\"item\":\"https:\/\/www.mivam.com\/\"},{\"@type\":\"ListItem\",\"position\":2,\"name\":\"Shop\",\"item\":\"https:\/\/www.mivam.com\/en\/shop\/\"},{\"@type\":\"ListItem\",\"position\":3,\"name\":\"Komunikatorji\",\"item\":\"https:\/\/www.mivam.com\/kategorija-izdelka\/komunikatorji\/\"},{\"@type\":\"ListItem\",\"position\":4,\"name\":\"Dodatki\",\"item\":\"https:\/\/www.mivam.com\/kategorija-izdelka\/komunikatorji\/dodatki\/\"},{\"@type\":\"ListItem\",\"position\":5,\"name\":\"Trpe\u017eno ohi\u0161je naprave Grid Pad 10s\"}]},{\"@type\":\"WebSite\",\"@id\":\"https:\/\/www.mivam.com\/#website\",\"url\":\"https:\/\/www.mivam.com\/\",\"name\":\"Mi Vam\",\"description\":\"Medicinski pripomo\u010dki in re\u0161itve za manj odvisno \u017eivljenje.\",\"potentialAction\":[{\"@type\":\"SearchAction\",\"target\":{\"@type\":\"EntryPoint\",\"urlTemplate\":\"https:\/\/www.mivam.com\/?s={search_term_string}\"},\"query-input\":{\"@type\":\"PropertyValueSpecification\",\"valueRequired\":true,\"valueName\":\"search_term_string\"}}],\"inLanguage\":\"en-US\"}]}<\/script>\n<!-- \/ Yoast SEO plugin. -->","yoast_head_json":{"title":"Trpe\u017eno ohi\u0161je naprave Grid Pad 10s - Mi Vam","description":"Po meri prilagojeno trpe\u017eno ohi\u0161je in ro\u010daj, ki ga lahko uporabljate z napravo Grid Pad\u00a010s.","robots":{"index":"index","follow":"follow","max-snippet":"max-snippet:-1","max-image-preview":"max-image-preview:large","max-video-preview":"max-video-preview:-1"},"canonical":"https:\/\/www.mivam.com\/izdelek\/trpezno-ohisje-naprave-grid-pad-10s\/","og_locale":"en_US","og_type":"article","og_title":"Trpe\u017eno ohi\u0161je naprave Grid Pad 10s - Mi Vam","og_description":"Po meri prilagojeno trpe\u017eno ohi\u0161je in ro\u010daj, ki ga lahko uporabljate z napravo Grid Pad\u00a010s.","og_url":"https:\/\/www.mivam.com\/izdelek\/trpezno-ohisje-naprave-grid-pad-10s\/","og_site_name":"Mi Vam","article_modified_time":"2024-11-21T11:14:28+00:00","og_image":[{"width":819,"height":477,"url":"https:\/\/www.mivam.com\/wp-content\/uploads\/2022\/09\/trpezno-ohisje-naprave-1.png","type":"image\/png"}],"twitter_card":"summary_large_image","schema":{"@context":"https:\/\/schema.org","@graph":[{"@type":"WebPage","@id":"https:\/\/www.mivam.com\/izdelek\/trpezno-ohisje-naprave-grid-pad-10s\/","url":"https:\/\/www.mivam.com\/izdelek\/trpezno-ohisje-naprave-grid-pad-10s\/","name":"Trpe\u017eno ohi\u0161je naprave Grid Pad 10s - Mi Vam","isPartOf":{"@id":"https:\/\/www.mivam.com\/#website"},"primaryImageOfPage":{"@id":"https:\/\/www.mivam.com\/izdelek\/trpezno-ohisje-naprave-grid-pad-10s\/#primaryimage"},"image":{"@id":"https:\/\/www.mivam.com\/izdelek\/trpezno-ohisje-naprave-grid-pad-10s\/#primaryimage"},"thumbnailUrl":"https:\/\/www.mivam.com\/wp-content\/uploads\/2022\/09\/trpezno-ohisje-naprave-1.png","datePublished":"2022-09-06T08:28:12+00:00","dateModified":"2024-11-21T11:14:28+00:00","description":"Po meri prilagojeno trpe\u017eno ohi\u0161je in ro\u010daj, ki ga lahko uporabljate z napravo Grid Pad\u00a010s.","breadcrumb":{"@id":"https:\/\/www.mivam.com\/izdelek\/trpezno-ohisje-naprave-grid-pad-10s\/#breadcrumb"},"inLanguage":"en-US","potentialAction":[{"@type":"ReadAction","target":["https:\/\/www.mivam.com\/izdelek\/trpezno-ohisje-naprave-grid-pad-10s\/"]}]},{"@type":"ImageObject","inLanguage":"en-US","@id":"https:\/\/www.mivam.com\/izdelek\/trpezno-ohisje-naprave-grid-pad-10s\/#primaryimage","url":"https:\/\/www.mivam.com\/wp-content\/uploads\/2022\/09\/trpezno-ohisje-naprave-1.png","contentUrl":"https:\/\/www.mivam.com\/wp-content\/uploads\/2022\/09\/trpezno-ohisje-naprave-1.png","width":819,"height":477},{"@type":"BreadcrumbList","@id":"https:\/\/www.mivam.com\/izdelek\/trpezno-ohisje-naprave-grid-pad-10s\/#breadcrumb","itemListElement":[{"@type":"ListItem","position":1,"name":"Domov","item":"https:\/\/www.mivam.com\/"},{"@type":"ListItem","position":2,"name":"Shop","item":"https:\/\/www.mivam.com\/en\/shop\/"},{"@type":"ListItem","position":3,"name":"Komunikatorji","item":"https:\/\/www.mivam.com\/kategorija-izdelka\/komunikatorji\/"},{"@type":"ListItem","position":4,"name":"Dodatki","item":"https:\/\/www.mivam.com\/kategorija-izdelka\/komunikatorji\/dodatki\/"},{"@type":"ListItem","position":5,"name":"Trpe\u017eno ohi\u0161je naprave Grid Pad 10s"}]},{"@type":"WebSite","@id":"https:\/\/www.mivam.com\/#website","url":"https:\/\/www.mivam.com\/","name":"Mi Vam","description":"Medicinski pripomo\u010dki in re\u0161itve za manj odvisno \u017eivljenje.","potentialAction":[{"@type":"SearchAction","target":{"@type":"EntryPoint","urlTemplate":"https:\/\/www.mivam.com\/?s={search_term_string}"},"query-input":{"@type":"PropertyValueSpecification","valueRequired":true,"valueName":"search_term_string"}}],"inLanguage":"en-US"}]}},"_links":{"self":[{"href":"https:\/\/www.mivam.com\/en\/wp-json\/wp\/v2\/product\/3052","targetHints":{"allow":["GET"]}}],"collection":[{"href":"https:\/\/www.mivam.com\/en\/wp-json\/wp\/v2\/product"}],"about":[{"href":"https:\/\/www.mivam.com\/en\/wp-json\/wp\/v2\/types\/product"}],"replies":[{"embeddable":true,"href":"https:\/\/www.mivam.com\/en\/wp-json\/wp\/v2\/comments?post=3052"}],"wp:featuredmedia":[{"embeddable":true,"href":"https:\/\/www.mivam.com\/en\/wp-json\/wp\/v2\/media\/3094"}],"wp:attachment":[{"href":"https:\/\/www.mivam.com\/en\/wp-json\/wp\/v2\/media?parent=3052"}],"wp:term":[{"taxonomy":"product_brand","embeddable":true,"href":"https:\/\/www.mivam.com\/en\/wp-json\/wp\/v2\/product_brand?post=3052"},{"taxonomy":"product_cat","embeddable":true,"href":"https:\/\/www.mivam.com\/en\/wp-json\/wp\/v2\/product_cat?post=3052"},{"taxonomy":"product_tag","embeddable":true,"href":"https:\/\/www.mivam.com\/en\/wp-json\/wp\/v2\/product_tag?post=3052"}],"curies":[{"name":"wp","href":"https:\/\/api.w.org\/{rel}","templated":true}]}}