{"id":3045,"date":"2022-09-06T10:21:38","date_gmt":"2022-09-06T08:21:38","guid":{"rendered":"https:\/\/www.mivam.com\/?post_type=product&#038;p=3045"},"modified":"2025-05-07T10:59:57","modified_gmt":"2025-05-07T08:59:57","slug":"prilagodilnik-za-polnjenje-naprave-grid-pad-prek-invalidskega-vozicka","status":"publish","type":"product","link":"https:\/\/www.mivam.com\/en\/izdelek\/prilagodilnik-za-polnjenje-naprave-grid-pad-prek-invalidskega-vozicka\/","title":{"rendered":"Prilagodilnik za polnjenje naprave Grid Pad prek invalidskega vozi\u010dka"},"content":{"rendered":"<div class=\"wpb-content-wrapper\"><p>[vc_row el_class=&#8221;prod-desc-row&#8221;][vc_column width=&#8221;2\/3&#8243;][vc_column_text]<\/p>\n<div class=\"product-desc\">\n<div class=\"vc_row wpb_row vc_row-fluid prod-desc-row\">\n<div class=\"wpb_column vc_column_container vc_col-sm-8\">\n<div class=\"vc_column-inner\">\n<div class=\"wpb_wrapper\">\n<div class=\"wpb_text_column wpb_content_element \">\n<div class=\"wpb_wrapper\">\n<p>Prodrobnej\u0161i opis izdelka si lahko ogledate na spletni strani dobavitelja.<\/p>\n<\/div>\n<\/div>\n<\/div>\n<\/div>\n<\/div>\n<\/div>\n<\/div>\n<div class=\"row\"><\/div>\n<p>[\/vc_column_text][\/vc_column][vc_column width=&#8221;1\/3&#8243;][vc_btn title=&#8221;Ve\u010d informacij o izdelku&#8221; style=&#8221;classic&#8221; shape=&#8221;square&#8221; color=&#8221;info&#8221; align=&#8221;center&#8221; link=&#8221;url:https%3A%2F%2Fthinksmartbox.com%2Fproduct%2Fgrid-pad-wheelchair-power-adapter%2F||target:%20_blank|&#8221;][\/vc_column][\/vc_row]<\/p>\n<\/div>","protected":false},"excerpt":{"rendered":"<p>S tem prilagodilnikom lahko svojo napravo Grid Pad napolnite kar prek svojega elektri\u010dnega invalidskega vozi\u010dka.<\/p>\n","protected":false},"featured_media":3119,"comment_status":"closed","ping_status":"closed","template":"","meta":[],"product_brand":[],"product_cat":[223,175],"product_tag":[181,177,130,180],"class_list":{"0":"post-3045","1":"product","2":"type-product","3":"status-publish","4":"has-post-thumbnail","6":"product_cat-komunikatorji","7":"product_cat-dodatki","8":"product_tag-dodatki","9":"product_tag-grid","10":"product_tag-komunikator","11":"product_tag-smartbox","13":"first","14":"onbackorder","15":"taxable","16":"shipping-taxable","17":"product-type-simple"},"yoast_head":"<!-- This site is optimized with the Yoast SEO plugin v24.0 - https:\/\/yoast.com\/wordpress\/plugins\/seo\/ -->\n<title>Prilagodilnik za polnjenje naprave Grid Pad prek invalidskega vozi\u010dka - Mi Vam<\/title>\n<meta name=\"description\" content=\"S tem prilagodilnikom lahko svojo napravo Grid Pad napolnite kar prek svojega elektri\u010dnega invalidskega vozi\u010dka.\" \/>\n<meta name=\"robots\" content=\"index, follow, max-snippet:-1, max-image-preview:large, max-video-preview:-1\" \/>\n<link rel=\"canonical\" href=\"https:\/\/www.mivam.com\/izdelek\/prilagodilnik-za-polnjenje-naprave-grid-pad-prek-invalidskega-vozicka\/\" \/>\n<meta property=\"og:locale\" content=\"en_US\" \/>\n<meta property=\"og:type\" content=\"article\" \/>\n<meta property=\"og:title\" content=\"Prilagodilnik za polnjenje naprave Grid Pad prek invalidskega vozi\u010dka - Mi Vam\" \/>\n<meta property=\"og:description\" content=\"S tem prilagodilnikom lahko svojo napravo Grid Pad napolnite kar prek svojega elektri\u010dnega invalidskega vozi\u010dka.\" \/>\n<meta property=\"og:url\" content=\"https:\/\/www.mivam.com\/izdelek\/prilagodilnik-za-polnjenje-naprave-grid-pad-prek-invalidskega-vozicka\/\" \/>\n<meta property=\"og:site_name\" content=\"Mi Vam\" \/>\n<meta property=\"article:modified_time\" content=\"2025-05-07T08:59:57+00:00\" \/>\n<meta property=\"og:image\" content=\"https:\/\/www.mivam.com\/wp-content\/uploads\/2022\/09\/napajalna-enota.png\" \/>\n\t<meta property=\"og:image:width\" content=\"1000\" \/>\n\t<meta property=\"og:image:height\" content=\"600\" \/>\n\t<meta property=\"og:image:type\" content=\"image\/png\" \/>\n<meta name=\"twitter:card\" content=\"summary_large_image\" \/>\n<meta name=\"twitter:label1\" content=\"Est. reading time\" \/>\n\t<meta name=\"twitter:data1\" content=\"1 minute\" \/>\n<script type=\"application\/ld+json\" class=\"yoast-schema-graph\">{\"@context\":\"https:\/\/schema.org\",\"@graph\":[{\"@type\":\"WebPage\",\"@id\":\"https:\/\/www.mivam.com\/izdelek\/prilagodilnik-za-polnjenje-naprave-grid-pad-prek-invalidskega-vozicka\/\",\"url\":\"https:\/\/www.mivam.com\/izdelek\/prilagodilnik-za-polnjenje-naprave-grid-pad-prek-invalidskega-vozicka\/\",\"name\":\"Prilagodilnik za polnjenje naprave Grid Pad prek invalidskega vozi\u010dka - Mi Vam\",\"isPartOf\":{\"@id\":\"https:\/\/www.mivam.com\/#website\"},\"primaryImageOfPage\":{\"@id\":\"https:\/\/www.mivam.com\/izdelek\/prilagodilnik-za-polnjenje-naprave-grid-pad-prek-invalidskega-vozicka\/#primaryimage\"},\"image\":{\"@id\":\"https:\/\/www.mivam.com\/izdelek\/prilagodilnik-za-polnjenje-naprave-grid-pad-prek-invalidskega-vozicka\/#primaryimage\"},\"thumbnailUrl\":\"https:\/\/www.mivam.com\/wp-content\/uploads\/2022\/09\/napajalna-enota.png\",\"datePublished\":\"2022-09-06T08:21:38+00:00\",\"dateModified\":\"2025-05-07T08:59:57+00:00\",\"description\":\"S tem prilagodilnikom lahko svojo napravo Grid Pad napolnite kar prek svojega elektri\u010dnega invalidskega vozi\u010dka.\",\"breadcrumb\":{\"@id\":\"https:\/\/www.mivam.com\/izdelek\/prilagodilnik-za-polnjenje-naprave-grid-pad-prek-invalidskega-vozicka\/#breadcrumb\"},\"inLanguage\":\"en-US\",\"potentialAction\":[{\"@type\":\"ReadAction\",\"target\":[\"https:\/\/www.mivam.com\/izdelek\/prilagodilnik-za-polnjenje-naprave-grid-pad-prek-invalidskega-vozicka\/\"]}]},{\"@type\":\"ImageObject\",\"inLanguage\":\"en-US\",\"@id\":\"https:\/\/www.mivam.com\/izdelek\/prilagodilnik-za-polnjenje-naprave-grid-pad-prek-invalidskega-vozicka\/#primaryimage\",\"url\":\"https:\/\/www.mivam.com\/wp-content\/uploads\/2022\/09\/napajalna-enota.png\",\"contentUrl\":\"https:\/\/www.mivam.com\/wp-content\/uploads\/2022\/09\/napajalna-enota.png\",\"width\":1000,\"height\":600},{\"@type\":\"BreadcrumbList\",\"@id\":\"https:\/\/www.mivam.com\/izdelek\/prilagodilnik-za-polnjenje-naprave-grid-pad-prek-invalidskega-vozicka\/#breadcrumb\",\"itemListElement\":[{\"@type\":\"ListItem\",\"position\":1,\"name\":\"Domov\",\"item\":\"https:\/\/www.mivam.com\/\"},{\"@type\":\"ListItem\",\"position\":2,\"name\":\"Shop\",\"item\":\"https:\/\/www.mivam.com\/en\/shop\/\"},{\"@type\":\"ListItem\",\"position\":3,\"name\":\"Komunikatorji\",\"item\":\"https:\/\/www.mivam.com\/kategorija-izdelka\/komunikatorji\/\"},{\"@type\":\"ListItem\",\"position\":4,\"name\":\"Dodatki\",\"item\":\"https:\/\/www.mivam.com\/kategorija-izdelka\/komunikatorji\/dodatki\/\"},{\"@type\":\"ListItem\",\"position\":5,\"name\":\"Prilagodilnik za polnjenje naprave Grid Pad prek invalidskega vozi\u010dka\"}]},{\"@type\":\"WebSite\",\"@id\":\"https:\/\/www.mivam.com\/#website\",\"url\":\"https:\/\/www.mivam.com\/\",\"name\":\"Mi Vam\",\"description\":\"Medicinski pripomo\u010dki in re\u0161itve za manj odvisno \u017eivljenje.\",\"potentialAction\":[{\"@type\":\"SearchAction\",\"target\":{\"@type\":\"EntryPoint\",\"urlTemplate\":\"https:\/\/www.mivam.com\/?s={search_term_string}\"},\"query-input\":{\"@type\":\"PropertyValueSpecification\",\"valueRequired\":true,\"valueName\":\"search_term_string\"}}],\"inLanguage\":\"en-US\"}]}<\/script>\n<!-- \/ Yoast SEO plugin. -->","yoast_head_json":{"title":"Prilagodilnik za polnjenje naprave Grid Pad prek invalidskega vozi\u010dka - Mi Vam","description":"S tem prilagodilnikom lahko svojo napravo Grid Pad napolnite kar prek svojega elektri\u010dnega invalidskega vozi\u010dka.","robots":{"index":"index","follow":"follow","max-snippet":"max-snippet:-1","max-image-preview":"max-image-preview:large","max-video-preview":"max-video-preview:-1"},"canonical":"https:\/\/www.mivam.com\/izdelek\/prilagodilnik-za-polnjenje-naprave-grid-pad-prek-invalidskega-vozicka\/","og_locale":"en_US","og_type":"article","og_title":"Prilagodilnik za polnjenje naprave Grid Pad prek invalidskega vozi\u010dka - Mi Vam","og_description":"S tem prilagodilnikom lahko svojo napravo Grid Pad napolnite kar prek svojega elektri\u010dnega invalidskega vozi\u010dka.","og_url":"https:\/\/www.mivam.com\/izdelek\/prilagodilnik-za-polnjenje-naprave-grid-pad-prek-invalidskega-vozicka\/","og_site_name":"Mi Vam","article_modified_time":"2025-05-07T08:59:57+00:00","og_image":[{"width":1000,"height":600,"url":"https:\/\/www.mivam.com\/wp-content\/uploads\/2022\/09\/napajalna-enota.png","type":"image\/png"}],"twitter_card":"summary_large_image","twitter_misc":{"Est. reading time":"1 minute"},"schema":{"@context":"https:\/\/schema.org","@graph":[{"@type":"WebPage","@id":"https:\/\/www.mivam.com\/izdelek\/prilagodilnik-za-polnjenje-naprave-grid-pad-prek-invalidskega-vozicka\/","url":"https:\/\/www.mivam.com\/izdelek\/prilagodilnik-za-polnjenje-naprave-grid-pad-prek-invalidskega-vozicka\/","name":"Prilagodilnik za polnjenje naprave Grid Pad prek invalidskega vozi\u010dka - Mi Vam","isPartOf":{"@id":"https:\/\/www.mivam.com\/#website"},"primaryImageOfPage":{"@id":"https:\/\/www.mivam.com\/izdelek\/prilagodilnik-za-polnjenje-naprave-grid-pad-prek-invalidskega-vozicka\/#primaryimage"},"image":{"@id":"https:\/\/www.mivam.com\/izdelek\/prilagodilnik-za-polnjenje-naprave-grid-pad-prek-invalidskega-vozicka\/#primaryimage"},"thumbnailUrl":"https:\/\/www.mivam.com\/wp-content\/uploads\/2022\/09\/napajalna-enota.png","datePublished":"2022-09-06T08:21:38+00:00","dateModified":"2025-05-07T08:59:57+00:00","description":"S tem prilagodilnikom lahko svojo napravo Grid Pad napolnite kar prek svojega elektri\u010dnega invalidskega vozi\u010dka.","breadcrumb":{"@id":"https:\/\/www.mivam.com\/izdelek\/prilagodilnik-za-polnjenje-naprave-grid-pad-prek-invalidskega-vozicka\/#breadcrumb"},"inLanguage":"en-US","potentialAction":[{"@type":"ReadAction","target":["https:\/\/www.mivam.com\/izdelek\/prilagodilnik-za-polnjenje-naprave-grid-pad-prek-invalidskega-vozicka\/"]}]},{"@type":"ImageObject","inLanguage":"en-US","@id":"https:\/\/www.mivam.com\/izdelek\/prilagodilnik-za-polnjenje-naprave-grid-pad-prek-invalidskega-vozicka\/#primaryimage","url":"https:\/\/www.mivam.com\/wp-content\/uploads\/2022\/09\/napajalna-enota.png","contentUrl":"https:\/\/www.mivam.com\/wp-content\/uploads\/2022\/09\/napajalna-enota.png","width":1000,"height":600},{"@type":"BreadcrumbList","@id":"https:\/\/www.mivam.com\/izdelek\/prilagodilnik-za-polnjenje-naprave-grid-pad-prek-invalidskega-vozicka\/#breadcrumb","itemListElement":[{"@type":"ListItem","position":1,"name":"Domov","item":"https:\/\/www.mivam.com\/"},{"@type":"ListItem","position":2,"name":"Shop","item":"https:\/\/www.mivam.com\/en\/shop\/"},{"@type":"ListItem","position":3,"name":"Komunikatorji","item":"https:\/\/www.mivam.com\/kategorija-izdelka\/komunikatorji\/"},{"@type":"ListItem","position":4,"name":"Dodatki","item":"https:\/\/www.mivam.com\/kategorija-izdelka\/komunikatorji\/dodatki\/"},{"@type":"ListItem","position":5,"name":"Prilagodilnik za polnjenje naprave Grid Pad prek invalidskega vozi\u010dka"}]},{"@type":"WebSite","@id":"https:\/\/www.mivam.com\/#website","url":"https:\/\/www.mivam.com\/","name":"Mi Vam","description":"Medicinski pripomo\u010dki in re\u0161itve za manj odvisno \u017eivljenje.","potentialAction":[{"@type":"SearchAction","target":{"@type":"EntryPoint","urlTemplate":"https:\/\/www.mivam.com\/?s={search_term_string}"},"query-input":{"@type":"PropertyValueSpecification","valueRequired":true,"valueName":"search_term_string"}}],"inLanguage":"en-US"}]}},"_links":{"self":[{"href":"https:\/\/www.mivam.com\/en\/wp-json\/wp\/v2\/product\/3045","targetHints":{"allow":["GET"]}}],"collection":[{"href":"https:\/\/www.mivam.com\/en\/wp-json\/wp\/v2\/product"}],"about":[{"href":"https:\/\/www.mivam.com\/en\/wp-json\/wp\/v2\/types\/product"}],"replies":[{"embeddable":true,"href":"https:\/\/www.mivam.com\/en\/wp-json\/wp\/v2\/comments?post=3045"}],"wp:featuredmedia":[{"embeddable":true,"href":"https:\/\/www.mivam.com\/en\/wp-json\/wp\/v2\/media\/3119"}],"wp:attachment":[{"href":"https:\/\/www.mivam.com\/en\/wp-json\/wp\/v2\/media?parent=3045"}],"wp:term":[{"taxonomy":"product_brand","embeddable":true,"href":"https:\/\/www.mivam.com\/en\/wp-json\/wp\/v2\/product_brand?post=3045"},{"taxonomy":"product_cat","embeddable":true,"href":"https:\/\/www.mivam.com\/en\/wp-json\/wp\/v2\/product_cat?post=3045"},{"taxonomy":"product_tag","embeddable":true,"href":"https:\/\/www.mivam.com\/en\/wp-json\/wp\/v2\/product_tag?post=3045"}],"curies":[{"name":"wp","href":"https:\/\/api.w.org\/{rel}","templated":true}]}}