{"id":3041,"date":"2022-09-06T10:19:30","date_gmt":"2022-09-06T08:19:30","guid":{"rendered":"https:\/\/www.mivam.com\/?post_type=product&#038;p=3041"},"modified":"2025-05-07T11:01:37","modified_gmt":"2025-05-07T09:01:37","slug":"komplet-dodatkov-za-prenasanje","status":"publish","type":"product","link":"https:\/\/www.mivam.com\/en\/izdelek\/komplet-dodatkov-za-prenasanje\/","title":{"rendered":"Komplet dodatkov za prena\u0161anje"},"content":{"rendered":"<div class=\"wpb-content-wrapper\"><p>[vc_row el_class=&#8221;prod-desc-row&#8221;][vc_column width=&#8221;2\/3&#8243;][vc_column_text]Prodrobnej\u0161i opis izdelka si lahko ogledate na spletni strani dobavitelja.[\/vc_column_text][\/vc_column][vc_column width=&#8221;1\/3&#8243;][vc_btn title=&#8221;Ve\u010d informacij o izdelku&#8221; style=&#8221;classic&#8221; shape=&#8221;square&#8221; color=&#8221;info&#8221; align=&#8221;center&#8221; link=&#8221;url:https%3A%2F%2Fthinksmartbox.com%2Fproduct%2Faccessories-pace%2F||target:%20_blank|&#8221;][\/vc_column][\/vc_row]<\/p>\n<\/div>","protected":false},"excerpt":{"rendered":"<p>Vse, kar potrebujete, da lahko kar najbolje izkoristite svojo napravo Smartbox.<\/p>\n","protected":false},"featured_media":3136,"comment_status":"closed","ping_status":"closed","template":"","meta":[],"product_brand":[],"product_cat":[223,175],"product_tag":[181,130,180],"class_list":{"0":"post-3041","1":"product","2":"type-product","3":"status-publish","4":"has-post-thumbnail","6":"product_cat-komunikatorji","7":"product_cat-dodatki","8":"product_tag-dodatki","9":"product_tag-komunikator","10":"product_tag-smartbox","12":"first","13":"onbackorder","14":"taxable","15":"shipping-taxable","16":"product-type-simple"},"yoast_head":"<!-- This site is optimized with the Yoast SEO plugin v24.0 - https:\/\/yoast.com\/wordpress\/plugins\/seo\/ -->\n<title>Komplet dodatkov za prena\u0161anje - Mi Vam<\/title>\n<meta name=\"description\" content=\"Vse, kar potrebujete, da lahko kar najbolje izkoristite svojo napravo Smartbox.\" \/>\n<meta name=\"robots\" content=\"index, follow, max-snippet:-1, max-image-preview:large, max-video-preview:-1\" \/>\n<link rel=\"canonical\" href=\"https:\/\/www.mivam.com\/izdelek\/komplet-dodatkov-za-prenasanje\/\" \/>\n<meta property=\"og:locale\" content=\"en_US\" \/>\n<meta property=\"og:type\" content=\"article\" \/>\n<meta property=\"og:title\" content=\"Komplet dodatkov za prena\u0161anje - Mi Vam\" \/>\n<meta property=\"og:description\" content=\"Vse, kar potrebujete, da lahko kar najbolje izkoristite svojo napravo Smartbox.\" \/>\n<meta property=\"og:url\" content=\"https:\/\/www.mivam.com\/izdelek\/komplet-dodatkov-za-prenasanje\/\" \/>\n<meta property=\"og:site_name\" content=\"Mi Vam\" \/>\n<meta property=\"article:modified_time\" content=\"2025-05-07T09:01:37+00:00\" \/>\n<meta property=\"og:image\" content=\"https:\/\/www.mivam.com\/wp-content\/uploads\/2022\/09\/dodatki-2-2.png\" \/>\n\t<meta property=\"og:image:width\" content=\"1000\" \/>\n\t<meta property=\"og:image:height\" content=\"600\" \/>\n\t<meta property=\"og:image:type\" content=\"image\/png\" \/>\n<meta name=\"twitter:card\" content=\"summary_large_image\" \/>\n<meta name=\"twitter:label1\" content=\"Est. reading time\" \/>\n\t<meta name=\"twitter:data1\" content=\"1 minute\" \/>\n<script type=\"application\/ld+json\" class=\"yoast-schema-graph\">{\"@context\":\"https:\/\/schema.org\",\"@graph\":[{\"@type\":\"WebPage\",\"@id\":\"https:\/\/www.mivam.com\/izdelek\/komplet-dodatkov-za-prenasanje\/\",\"url\":\"https:\/\/www.mivam.com\/izdelek\/komplet-dodatkov-za-prenasanje\/\",\"name\":\"Komplet dodatkov za prena\u0161anje - Mi Vam\",\"isPartOf\":{\"@id\":\"https:\/\/www.mivam.com\/#website\"},\"primaryImageOfPage\":{\"@id\":\"https:\/\/www.mivam.com\/izdelek\/komplet-dodatkov-za-prenasanje\/#primaryimage\"},\"image\":{\"@id\":\"https:\/\/www.mivam.com\/izdelek\/komplet-dodatkov-za-prenasanje\/#primaryimage\"},\"thumbnailUrl\":\"https:\/\/www.mivam.com\/wp-content\/uploads\/2022\/09\/dodatki-2-2.png\",\"datePublished\":\"2022-09-06T08:19:30+00:00\",\"dateModified\":\"2025-05-07T09:01:37+00:00\",\"description\":\"Vse, kar potrebujete, da lahko kar najbolje izkoristite svojo napravo Smartbox.\",\"breadcrumb\":{\"@id\":\"https:\/\/www.mivam.com\/izdelek\/komplet-dodatkov-za-prenasanje\/#breadcrumb\"},\"inLanguage\":\"en-US\",\"potentialAction\":[{\"@type\":\"ReadAction\",\"target\":[\"https:\/\/www.mivam.com\/izdelek\/komplet-dodatkov-za-prenasanje\/\"]}]},{\"@type\":\"ImageObject\",\"inLanguage\":\"en-US\",\"@id\":\"https:\/\/www.mivam.com\/izdelek\/komplet-dodatkov-za-prenasanje\/#primaryimage\",\"url\":\"https:\/\/www.mivam.com\/wp-content\/uploads\/2022\/09\/dodatki-2-2.png\",\"contentUrl\":\"https:\/\/www.mivam.com\/wp-content\/uploads\/2022\/09\/dodatki-2-2.png\",\"width\":1000,\"height\":600},{\"@type\":\"BreadcrumbList\",\"@id\":\"https:\/\/www.mivam.com\/izdelek\/komplet-dodatkov-za-prenasanje\/#breadcrumb\",\"itemListElement\":[{\"@type\":\"ListItem\",\"position\":1,\"name\":\"Domov\",\"item\":\"https:\/\/www.mivam.com\/\"},{\"@type\":\"ListItem\",\"position\":2,\"name\":\"Shop\",\"item\":\"https:\/\/www.mivam.com\/en\/shop\/\"},{\"@type\":\"ListItem\",\"position\":3,\"name\":\"Komunikatorji\",\"item\":\"https:\/\/www.mivam.com\/kategorija-izdelka\/komunikatorji\/\"},{\"@type\":\"ListItem\",\"position\":4,\"name\":\"Dodatki\",\"item\":\"https:\/\/www.mivam.com\/kategorija-izdelka\/komunikatorji\/dodatki\/\"},{\"@type\":\"ListItem\",\"position\":5,\"name\":\"Komplet dodatkov za prena\u0161anje\"}]},{\"@type\":\"WebSite\",\"@id\":\"https:\/\/www.mivam.com\/#website\",\"url\":\"https:\/\/www.mivam.com\/\",\"name\":\"Mi Vam\",\"description\":\"Medicinski pripomo\u010dki in re\u0161itve za manj odvisno \u017eivljenje.\",\"potentialAction\":[{\"@type\":\"SearchAction\",\"target\":{\"@type\":\"EntryPoint\",\"urlTemplate\":\"https:\/\/www.mivam.com\/?s={search_term_string}\"},\"query-input\":{\"@type\":\"PropertyValueSpecification\",\"valueRequired\":true,\"valueName\":\"search_term_string\"}}],\"inLanguage\":\"en-US\"}]}<\/script>\n<!-- \/ Yoast SEO plugin. -->","yoast_head_json":{"title":"Komplet dodatkov za prena\u0161anje - Mi Vam","description":"Vse, kar potrebujete, da lahko kar najbolje izkoristite svojo napravo Smartbox.","robots":{"index":"index","follow":"follow","max-snippet":"max-snippet:-1","max-image-preview":"max-image-preview:large","max-video-preview":"max-video-preview:-1"},"canonical":"https:\/\/www.mivam.com\/izdelek\/komplet-dodatkov-za-prenasanje\/","og_locale":"en_US","og_type":"article","og_title":"Komplet dodatkov za prena\u0161anje - Mi Vam","og_description":"Vse, kar potrebujete, da lahko kar najbolje izkoristite svojo napravo Smartbox.","og_url":"https:\/\/www.mivam.com\/izdelek\/komplet-dodatkov-za-prenasanje\/","og_site_name":"Mi Vam","article_modified_time":"2025-05-07T09:01:37+00:00","og_image":[{"width":1000,"height":600,"url":"https:\/\/www.mivam.com\/wp-content\/uploads\/2022\/09\/dodatki-2-2.png","type":"image\/png"}],"twitter_card":"summary_large_image","twitter_misc":{"Est. reading time":"1 minute"},"schema":{"@context":"https:\/\/schema.org","@graph":[{"@type":"WebPage","@id":"https:\/\/www.mivam.com\/izdelek\/komplet-dodatkov-za-prenasanje\/","url":"https:\/\/www.mivam.com\/izdelek\/komplet-dodatkov-za-prenasanje\/","name":"Komplet dodatkov za prena\u0161anje - Mi Vam","isPartOf":{"@id":"https:\/\/www.mivam.com\/#website"},"primaryImageOfPage":{"@id":"https:\/\/www.mivam.com\/izdelek\/komplet-dodatkov-za-prenasanje\/#primaryimage"},"image":{"@id":"https:\/\/www.mivam.com\/izdelek\/komplet-dodatkov-za-prenasanje\/#primaryimage"},"thumbnailUrl":"https:\/\/www.mivam.com\/wp-content\/uploads\/2022\/09\/dodatki-2-2.png","datePublished":"2022-09-06T08:19:30+00:00","dateModified":"2025-05-07T09:01:37+00:00","description":"Vse, kar potrebujete, da lahko kar najbolje izkoristite svojo napravo Smartbox.","breadcrumb":{"@id":"https:\/\/www.mivam.com\/izdelek\/komplet-dodatkov-za-prenasanje\/#breadcrumb"},"inLanguage":"en-US","potentialAction":[{"@type":"ReadAction","target":["https:\/\/www.mivam.com\/izdelek\/komplet-dodatkov-za-prenasanje\/"]}]},{"@type":"ImageObject","inLanguage":"en-US","@id":"https:\/\/www.mivam.com\/izdelek\/komplet-dodatkov-za-prenasanje\/#primaryimage","url":"https:\/\/www.mivam.com\/wp-content\/uploads\/2022\/09\/dodatki-2-2.png","contentUrl":"https:\/\/www.mivam.com\/wp-content\/uploads\/2022\/09\/dodatki-2-2.png","width":1000,"height":600},{"@type":"BreadcrumbList","@id":"https:\/\/www.mivam.com\/izdelek\/komplet-dodatkov-za-prenasanje\/#breadcrumb","itemListElement":[{"@type":"ListItem","position":1,"name":"Domov","item":"https:\/\/www.mivam.com\/"},{"@type":"ListItem","position":2,"name":"Shop","item":"https:\/\/www.mivam.com\/en\/shop\/"},{"@type":"ListItem","position":3,"name":"Komunikatorji","item":"https:\/\/www.mivam.com\/kategorija-izdelka\/komunikatorji\/"},{"@type":"ListItem","position":4,"name":"Dodatki","item":"https:\/\/www.mivam.com\/kategorija-izdelka\/komunikatorji\/dodatki\/"},{"@type":"ListItem","position":5,"name":"Komplet dodatkov za prena\u0161anje"}]},{"@type":"WebSite","@id":"https:\/\/www.mivam.com\/#website","url":"https:\/\/www.mivam.com\/","name":"Mi Vam","description":"Medicinski pripomo\u010dki in re\u0161itve za manj odvisno \u017eivljenje.","potentialAction":[{"@type":"SearchAction","target":{"@type":"EntryPoint","urlTemplate":"https:\/\/www.mivam.com\/?s={search_term_string}"},"query-input":{"@type":"PropertyValueSpecification","valueRequired":true,"valueName":"search_term_string"}}],"inLanguage":"en-US"}]}},"_links":{"self":[{"href":"https:\/\/www.mivam.com\/en\/wp-json\/wp\/v2\/product\/3041","targetHints":{"allow":["GET"]}}],"collection":[{"href":"https:\/\/www.mivam.com\/en\/wp-json\/wp\/v2\/product"}],"about":[{"href":"https:\/\/www.mivam.com\/en\/wp-json\/wp\/v2\/types\/product"}],"replies":[{"embeddable":true,"href":"https:\/\/www.mivam.com\/en\/wp-json\/wp\/v2\/comments?post=3041"}],"wp:featuredmedia":[{"embeddable":true,"href":"https:\/\/www.mivam.com\/en\/wp-json\/wp\/v2\/media\/3136"}],"wp:attachment":[{"href":"https:\/\/www.mivam.com\/en\/wp-json\/wp\/v2\/media?parent=3041"}],"wp:term":[{"taxonomy":"product_brand","embeddable":true,"href":"https:\/\/www.mivam.com\/en\/wp-json\/wp\/v2\/product_brand?post=3041"},{"taxonomy":"product_cat","embeddable":true,"href":"https:\/\/www.mivam.com\/en\/wp-json\/wp\/v2\/product_cat?post=3041"},{"taxonomy":"product_tag","embeddable":true,"href":"https:\/\/www.mivam.com\/en\/wp-json\/wp\/v2\/product_tag?post=3041"}],"curies":[{"name":"wp","href":"https:\/\/api.w.org\/{rel}","templated":true}]}}