{"id":2996,"date":"2022-09-05T13:57:42","date_gmt":"2022-09-05T11:57:42","guid":{"rendered":"https:\/\/www.mivam.com\/?post_type=product&#038;p=2996"},"modified":"2025-05-07T11:02:09","modified_gmt":"2025-05-07T09:02:09","slug":"touch-pad","status":"publish","type":"product","link":"https:\/\/www.mivam.com\/en\/izdelek\/touch-pad\/","title":{"rendered":"TOUCH PAD"},"content":{"rendered":"<div class=\"wpb-content-wrapper\"><p>[vc_row full_width=&#8221;stretch_row&#8221; el_class=&#8221;prod-desc-row&#8221;][vc_column width=&#8221;1\/2&#8243;][vc_column_text]<\/p>\n<h4>Glavne zna\u010dilnosti<\/h4>\n<ul>\n<li>Lahka naprava<\/li>\n<li>8\u00a0ur delovanja baterije<\/li>\n<li>Trpe\u017eno ohi\u0161je<\/li>\n<li>Oja\u010den zvo\u010dnik<\/li>\n<li>Ro\u010daj in nastavljivo stojalo<\/li>\n<li>Za komuniciranje uporablja vodilno programsko opremo Grid za podporno in nadomestno komunikacijo<\/li>\n<li>Zaslon s tehnologijo proti ble\u0161\u010danju<\/li>\n<li>Prilagodljiv trak in nosilna torba<\/li>\n<li>Vhodi za magnetno polnjenje<\/li>\n<li>Neomejena tehni\u010dna podpora<\/li>\n<li>2-letna garancija<\/li>\n<\/ul>\n<p>[\/vc_column_text][\/vc_column][vc_column width=&#8221;1\/2&#8243;][vc_single_image image=&#8221;2998&#8243; img_size=&#8221;full&#8221; alignment=&#8221;center&#8221;][\/vc_column][\/vc_row][vc_row full_width=&#8221;stretch_row&#8221; el_class=&#8221;prod-desc-row grey-bg&#8221;][vc_column width=&#8221;1\/2&#8243;][vc_single_image image=&#8221;2999&#8243; img_size=&#8221;full&#8221; alignment=&#8221;center&#8221;][\/vc_column][vc_column width=&#8221;1\/2&#8243;][vc_column_text]<\/p>\n<h4>Komu je namenjena naprava Touch Pad?<\/h4>\n<p>Naprava Touch Pad je bila zasnovana za uporabnike zaslonov na dotik vseh starosti. Osnovo naprave predstavlja izjemno zmogljiv tabli\u010dni ra\u010dunalnik Microsoft Surface Go s trpe\u017enim ohi\u0161jem, zaradi \u010desar je naprava kot nala\u0161\u010d za uporabnike, ki potrebujejo lahko, prenosno napravo za pomo\u010d pri komunikaciji, na kateri bi lahko uporabljali programsko opremo Grid.[\/vc_column_text][\/vc_column][\/vc_row][vc_row full_width=&#8221;stretch_row&#8221; el_class=&#8221;prod-desc-row&#8221;][vc_column][vc_row_inner][vc_column_inner width=&#8221;2\/3&#8243;][vc_column_text]<\/p>\n<h4>Ali potrebujete za\u0161\u010dito za tipkovnico?<\/h4>\n<p>Na\u0161e najnovej\u0161e za\u0161\u010dite za tipkovnico se pona\u0161ajo s tehnologijo nano-sesanja, ki prepre\u010duje drsenje, s katerimi se naprave pritrdijo na mesto. Preprosto za vzdr\u017eevanje, brez potrebnega orodja![\/vc_column_text][\/vc_column_inner][vc_column_inner width=&#8221;1\/3&#8243;][vc_single_image image=&#8221;2990&#8243; img_size=&#8221;full&#8221; alignment=&#8221;center&#8221;][\/vc_column_inner][\/vc_row_inner][vc_row_inner][vc_column_inner width=&#8221;2\/3&#8243;][vc_column_text]<\/p>\n<h4>Namestite napravo<\/h4>\n<p>Naprava Touch Pad je na voljo tudi s kombinirano monta\u017eno plo\u0161\u010do znamk Rehadapt in Daessy. Pritrdite jo lahko na tla, mizo ali nastavek za invalidski vozi\u010dek, ne da bi morali pred tem zamenjati plo\u0161\u010de.[\/vc_column_text][\/vc_column_inner][vc_column_inner width=&#8221;1\/3&#8243;][vc_single_image image=&#8221;2991&#8243; img_size=&#8221;full&#8221; alignment=&#8221;center&#8221;][\/vc_column_inner][\/vc_row_inner][vc_row_inner][vc_column_inner width=&#8221;2\/3&#8243;][vc_column_text]<\/p>\n<h4>Jasen in oja\u010den zvok<\/h4>\n<p>Kakovostni zvo\u010dnik Bluetooth je vgrajen v trpe\u017eno ohi\u0161je naprave Touch Pad, da boste lahko jasno in glasno izrazili svoje mnenje.[\/vc_column_text][\/vc_column_inner][vc_column_inner width=&#8221;1\/3&#8243;][vc_single_image image=&#8221;3001&#8243; img_size=&#8221;full&#8221; alignment=&#8221;center&#8221;][\/vc_column_inner][\/vc_row_inner][\/vc_column][\/vc_row][vc_row full_width=&#8221;stretch_row&#8221; el_class=&#8221;prod-desc-row grey-bg&#8221;][vc_column][vc_column_text]<\/p>\n<h4>Uporablja tehnologijo Grid\u00a03<\/h4>\n<p>V napravo Touch Pad je name\u0161\u010dena na\u0161a vodilna programska oprema Grid\u00a03 za komunikacijo s pomo\u010djo simbolov in besedilnih sporo\u010dil \u2013 to pa \u0161e ni vse! Programska oprema Grid vsebuje \u0161iroko paleto virov za podporno in nadomestno komunikacijo, ki so zasnovani za vse starosti in razli\u010dne stopnje pismenosti.[\/vc_column_text][vc_single_image image=&#8221;3002&#8243; img_size=&#8221;full&#8221; alignment=&#8221;center&#8221;][\/vc_column][\/vc_row][vc_row full_width=&#8221;stretch_row&#8221; el_class=&#8221;prod-desc-row&#8221;][vc_column width=&#8221;1\/2&#8243;][vc_column_text]<\/p>\n<h4>Komuniciranje s pomo\u010djo simbolov<\/h4>\n<p>Ne glede na to, ali i\u0161\u010dete slovar\u010dek simbolov, razporejen po osnovnih simbolih, temah ali glede na pragmati\u010dno razporeditev, vam je v programski opremi Grid na voljo vsa vsebina, ki jo potrebujete.<\/p>\n<p>[\/vc_column_text][vc_single_image image=&#8221;3003&#8243; img_size=&#8221;full&#8221; alignment=&#8221;center&#8221;][\/vc_column][vc_column width=&#8221;1\/2&#8243;][vc_column_text]<\/p>\n<h4>Komunikacija s pomo\u010djo besedilnih sporo\u010dil<\/h4>\n<p>Na besedilih osnovani viri v programski opremi Grid so opremljeni s prefinjenimi napovednimi orodji in izbiro postavitev tipkovnice, ki vam ustreza.[\/vc_column_text][vc_single_image image=&#8221;3004&#8243; img_size=&#8221;full&#8221; alignment=&#8221;center&#8221;][\/vc_column][\/vc_row][vc_row full_width=&#8221;stretch_row&#8221; el_class=&#8221;prod-desc-row grey-bg&#8221;][vc_column][vc_column_text]<\/p>\n<h4>Storite ve\u010d s programsko opremo Grid<\/h4>\n<p>Programska oprema Grid vam omogo\u010da uporabo \u0161irokega nabora dostopnih programov, ki vam pomagajo storiti ve\u010d \u2013 od aplikacij Skype, Facebook in Spotify do e-po\u0161te in na\u0161ega dostopnega spletnega brskalnika. Z napravo lahko pove\u017eete tudi svoj pametni telefon, da boste lahko opravljali klice in pisali besedilna sporo\u010dila.[\/vc_column_text][vc_single_image image=&#8221;3005&#8243; img_size=&#8221;full&#8221; alignment=&#8221;center&#8221;][\/vc_column][\/vc_row][vc_row full_width=&#8221;stretch_row&#8221; el_class=&#8221;prod-desc-row&#8221;][vc_column][vc_column_text]<\/p>\n<h4>Tehni\u010dna specifikacija<\/h4>\n<table width=\"100%\">\n<tbody>\n<tr>\n<td width=\"158\"><strong>\u00a0<\/strong><\/td>\n<td width=\"208\"><strong>Naprava Touch Pad<\/strong><\/td>\n<td width=\"302\"><strong>Nadgradnja naprave Touch Pad<\/strong><\/td>\n<\/tr>\n<tr>\n<td width=\"158\"><strong>Tabli\u010dni ra\u010dunalnik<\/strong><\/td>\n<td width=\"208\">Microsoft Surface Go<\/td>\n<td width=\"302\">Microsoft Surface Go<\/td>\n<\/tr>\n<tr>\n<td width=\"158\"><strong>Operacijski sistem<\/strong><\/td>\n<td width=\"208\">Windows 10 Pro<\/td>\n<td width=\"302\">Windows 10 Pro<\/td>\n<\/tr>\n<tr>\n<td width=\"158\"><strong>Programska oprema<\/strong><\/td>\n<td width=\"208\">Grid\u00a03<\/td>\n<td width=\"302\">Grid\u00a03<\/td>\n<\/tr>\n<tr>\n<td width=\"158\"><strong>Procesor<\/strong><\/td>\n<td width=\"208\">Intel<sup>\u00ae<\/sup> Pentium<sup>\u00ae<\/sup> Gold 6500Y 3,40\u00a0GHz<\/td>\n<td width=\"302\">Intel<sup>\u00ae<\/sup> Core\u2122 i3-10100Y, 3,9\u00a0GHz<\/td>\n<\/tr>\n<tr>\n<td width=\"158\"><strong>Pomnilnik\/RAM<\/strong><\/td>\n<td width=\"208\">4\u00a0GB<\/td>\n<td width=\"302\">8\u00a0GB<\/td>\n<\/tr>\n<tr>\n<td width=\"158\"><strong>Shranjevanje<\/strong><\/td>\n<td width=\"208\">64\u00a0GB<\/td>\n<td width=\"302\">128\u00a0GB<\/td>\n<\/tr>\n<tr>\n<td width=\"158\"><strong>Zaslon<\/strong><\/td>\n<td width=\"208\">10,5\u2018\u2018, 1920\u00a0\u00d7\u00a01280<\/td>\n<td width=\"302\">10,5\u2018\u2018, 1920\u00a0\u00d7\u00a01280<\/td>\n<\/tr>\n<tr>\n<td width=\"158\"><strong>Dostop<\/strong><\/td>\n<td width=\"208\">Zaslon na dotik<\/td>\n<td width=\"302\">Zaslon na dotik<\/td>\n<\/tr>\n<tr>\n<td width=\"158\"><strong>Te\u017ea<\/strong><\/td>\n<td width=\"208\">1062\u00a0g<\/td>\n<td width=\"302\">1062\u00a0g<\/td>\n<\/tr>\n<tr>\n<td width=\"158\"><strong>\u010cas delovanja baterije<\/strong><\/td>\n<td width=\"208\">8,5\u00a0ur \u2013\u00a0<a href=\"https:\/\/thinksmartbox.com\/answer\/how-we-estimate-battery-life\/?cat=94\">Kako smo to dosegli?<\/a><\/td>\n<td width=\"302\">7\u00a0ur<\/td>\n<\/tr>\n<tr>\n<td width=\"158\"><strong>Kamera tabli\u010dnega ra\u010dunalnika<\/strong><\/td>\n<td width=\"208\">5\u00a0MP spredaj, 8\u00a0MP zadaj<\/td>\n<td width=\"302\">5\u00a0MP spredaj, 8\u00a0MP zadaj<\/td>\n<\/tr>\n<tr>\n<td width=\"158\"><strong>Mere<\/strong><\/td>\n<td width=\"208\">260\u00a0\u00d7\u00a0215\u00a0\u00d7\u00a060\u00a0mm<\/td>\n<td width=\"302\">260\u00a0\u00d7\u00a0215\u00a0\u00d7\u00a060\u00a0mm<\/td>\n<\/tr>\n<tr>\n<td width=\"158\"><strong>Povezljivost<\/strong><\/td>\n<td width=\"208\">Brez\u017ei\u010dno (IEEE 802.11 a\/b\/g\/n), Bluetooth 5.0<\/td>\n<td width=\"302\">Brez\u017ei\u010dno (IEEE 802.11 a\/b\/g\/n), Bluetooth 5.0<\/td>\n<\/tr>\n<tr>\n<td width=\"158\"><strong>Monta\u017ena plo\u0161\u010da<\/strong><\/td>\n<td width=\"208\">Dvojna plo\u0161\u010da znamk Rehadapt in Daessy (naprodaj lo\u010deno)<\/td>\n<td width=\"302\">Dvojna plo\u0161\u010da znamk Rehadapt in Daessy (naprodaj lo\u010deno)<\/td>\n<\/tr>\n<tr>\n<td width=\"158\"><strong>Druge zna\u010dilnosti<\/strong><\/td>\n<td width=\"208\">Ro\u010daj<\/p>\n<p>Zvo\u010dnik<\/p>\n<p>Trpe\u017eno ohi\u0161je<\/p>\n<p>Za\u0161\u010dite za tipkovnico (kot dodatna izbira)<\/p>\n<p>Prilagodilnik USB C na A<\/td>\n<td width=\"302\">Ro\u010daj<\/p>\n<p>Zvo\u010dnik<\/p>\n<p>Trpe\u017eno ohi\u0161je<\/p>\n<p>Za\u0161\u010dite za tipkovnico (kot dodatna izbira)<\/p>\n<p>Prilagodilnik USB C na A<\/td>\n<\/tr>\n<\/tbody>\n<\/table>\n<p>[\/vc_column_text][\/vc_column][\/vc_row]<\/p>\n<\/div>","protected":false},"excerpt":{"rendered":"<p>Naprava Touch Pad je 10-pal\u010dna naprava za podporno in nadomestno komunikacijo za dostop na dotik. Na voljo je razli\u010dica Touch Pad (4\u00a0GB) ali Touch Pad (8\u00a0GB). Hitra in prenosna komunikacija. Naprava Touch Pad je lahka naprava, ki tehta 1\u00a0kilogram in je kot nala\u0161\u010d za uporabnike podporne in nadomestne komunikacije, ki potrebujejo hiter in prenosni na\u010din komuniciranja. Pona\u0161a se z dolgim \u010dasom delovanja baterije ter jasnim in oja\u010danim zvokom, za delovanje pa uporablja na\u0161o vodilno programsko opremo Grid.<\/p>\n","protected":false},"featured_media":2997,"comment_status":"closed","ping_status":"closed","template":"","meta":[],"product_brand":[],"product_cat":[223,174],"product_tag":[130,176,180,183,182],"class_list":{"0":"post-2996","1":"product","2":"type-product","3":"status-publish","4":"has-post-thumbnail","6":"product_cat-komunikatorji","7":"product_cat-touch-pad","8":"product_tag-komunikator","9":"product_tag-komunikatorji","10":"product_tag-smartbox","11":"product_tag-touch","12":"product_tag-touch-pad","14":"first","15":"onbackorder","16":"taxable","17":"shipping-taxable","18":"product-type-simple"},"yoast_head":"<!-- This site is optimized with the Yoast SEO plugin v24.0 - https:\/\/yoast.com\/wordpress\/plugins\/seo\/ -->\n<title>TOUCH PAD - Mi Vam<\/title>\n<meta name=\"description\" content=\"Naprava Touch Pad je 10-pal\u010dna naprava za podporno in nadomestno komunikacijo za dostop na dotik. Na voljo je razli\u010dica Touch Pad (4\u00a0GB) ali Touch Pad (8\u00a0GB). Hitra in prenosna komunikacija. Naprava Touch Pad je lahka naprava, ki tehta 1\u00a0kilogram in je kot nala\u0161\u010d za uporabnike podporne in nadomestne komunikacije, ki potrebujejo hiter in prenosni na\u010din komuniciranja. Pona\u0161a se z dolgim \u010dasom delovanja baterije ter jasnim in oja\u010danim zvokom, za delovanje pa uporablja na\u0161o vodilno programsko opremo Grid.\" \/>\n<meta name=\"robots\" content=\"index, follow, max-snippet:-1, max-image-preview:large, max-video-preview:-1\" \/>\n<link rel=\"canonical\" href=\"https:\/\/www.mivam.com\/izdelek\/touch-pad\/\" \/>\n<meta property=\"og:locale\" content=\"en_US\" \/>\n<meta property=\"og:type\" content=\"article\" \/>\n<meta property=\"og:title\" content=\"TOUCH PAD - Mi Vam\" \/>\n<meta property=\"og:description\" content=\"Naprava Touch Pad je 10-pal\u010dna naprava za podporno in nadomestno komunikacijo za dostop na dotik. Na voljo je razli\u010dica Touch Pad (4\u00a0GB) ali Touch Pad (8\u00a0GB). Hitra in prenosna komunikacija. Naprava Touch Pad je lahka naprava, ki tehta 1\u00a0kilogram in je kot nala\u0161\u010d za uporabnike podporne in nadomestne komunikacije, ki potrebujejo hiter in prenosni na\u010din komuniciranja. Pona\u0161a se z dolgim \u010dasom delovanja baterije ter jasnim in oja\u010danim zvokom, za delovanje pa uporablja na\u0161o vodilno programsko opremo Grid.\" \/>\n<meta property=\"og:url\" content=\"https:\/\/www.mivam.com\/izdelek\/touch-pad\/\" \/>\n<meta property=\"og:site_name\" content=\"Mi Vam\" \/>\n<meta property=\"article:modified_time\" content=\"2025-05-07T09:02:09+00:00\" \/>\n<meta property=\"og:image\" content=\"https:\/\/www.mivam.com\/wp-content\/uploads\/2022\/09\/surface-touch-home.png\" \/>\n\t<meta property=\"og:image:width\" content=\"1000\" \/>\n\t<meta property=\"og:image:height\" content=\"600\" \/>\n\t<meta property=\"og:image:type\" content=\"image\/png\" \/>\n<meta name=\"twitter:card\" content=\"summary_large_image\" \/>\n<meta name=\"twitter:label1\" content=\"Est. reading time\" \/>\n\t<meta name=\"twitter:data1\" content=\"6 minutes\" \/>\n<script type=\"application\/ld+json\" class=\"yoast-schema-graph\">{\"@context\":\"https:\/\/schema.org\",\"@graph\":[{\"@type\":\"WebPage\",\"@id\":\"https:\/\/www.mivam.com\/izdelek\/touch-pad\/\",\"url\":\"https:\/\/www.mivam.com\/izdelek\/touch-pad\/\",\"name\":\"TOUCH PAD - Mi Vam\",\"isPartOf\":{\"@id\":\"https:\/\/www.mivam.com\/#website\"},\"primaryImageOfPage\":{\"@id\":\"https:\/\/www.mivam.com\/izdelek\/touch-pad\/#primaryimage\"},\"image\":{\"@id\":\"https:\/\/www.mivam.com\/izdelek\/touch-pad\/#primaryimage\"},\"thumbnailUrl\":\"https:\/\/www.mivam.com\/wp-content\/uploads\/2022\/09\/surface-touch-home.png\",\"datePublished\":\"2022-09-05T11:57:42+00:00\",\"dateModified\":\"2025-05-07T09:02:09+00:00\",\"description\":\"Naprava Touch Pad je 10-pal\u010dna naprava za podporno in nadomestno komunikacijo za dostop na dotik. Na voljo je razli\u010dica Touch Pad (4\u00a0GB) ali Touch Pad (8\u00a0GB). Hitra in prenosna komunikacija. Naprava Touch Pad je lahka naprava, ki tehta 1\u00a0kilogram in je kot nala\u0161\u010d za uporabnike podporne in nadomestne komunikacije, ki potrebujejo hiter in prenosni na\u010din komuniciranja. Pona\u0161a se z dolgim \u010dasom delovanja baterije ter jasnim in oja\u010danim zvokom, za delovanje pa uporablja na\u0161o vodilno programsko opremo Grid.\",\"breadcrumb\":{\"@id\":\"https:\/\/www.mivam.com\/izdelek\/touch-pad\/#breadcrumb\"},\"inLanguage\":\"en-US\",\"potentialAction\":[{\"@type\":\"ReadAction\",\"target\":[\"https:\/\/www.mivam.com\/izdelek\/touch-pad\/\"]}]},{\"@type\":\"ImageObject\",\"inLanguage\":\"en-US\",\"@id\":\"https:\/\/www.mivam.com\/izdelek\/touch-pad\/#primaryimage\",\"url\":\"https:\/\/www.mivam.com\/wp-content\/uploads\/2022\/09\/surface-touch-home.png\",\"contentUrl\":\"https:\/\/www.mivam.com\/wp-content\/uploads\/2022\/09\/surface-touch-home.png\",\"width\":1000,\"height\":600},{\"@type\":\"BreadcrumbList\",\"@id\":\"https:\/\/www.mivam.com\/izdelek\/touch-pad\/#breadcrumb\",\"itemListElement\":[{\"@type\":\"ListItem\",\"position\":1,\"name\":\"Domov\",\"item\":\"https:\/\/www.mivam.com\/\"},{\"@type\":\"ListItem\",\"position\":2,\"name\":\"Shop\",\"item\":\"https:\/\/www.mivam.com\/en\/shop\/\"},{\"@type\":\"ListItem\",\"position\":3,\"name\":\"Komunikatorji\",\"item\":\"https:\/\/www.mivam.com\/kategorija-izdelka\/komunikatorji\/\"},{\"@type\":\"ListItem\",\"position\":4,\"name\":\"Touch pad\",\"item\":\"https:\/\/www.mivam.com\/kategorija-izdelka\/komunikatorji\/touch-pad\/\"},{\"@type\":\"ListItem\",\"position\":5,\"name\":\"TOUCH PAD\"}]},{\"@type\":\"WebSite\",\"@id\":\"https:\/\/www.mivam.com\/#website\",\"url\":\"https:\/\/www.mivam.com\/\",\"name\":\"Mi Vam\",\"description\":\"Medicinski pripomo\u010dki in re\u0161itve za manj odvisno \u017eivljenje.\",\"potentialAction\":[{\"@type\":\"SearchAction\",\"target\":{\"@type\":\"EntryPoint\",\"urlTemplate\":\"https:\/\/www.mivam.com\/?s={search_term_string}\"},\"query-input\":{\"@type\":\"PropertyValueSpecification\",\"valueRequired\":true,\"valueName\":\"search_term_string\"}}],\"inLanguage\":\"en-US\"}]}<\/script>\n<!-- \/ Yoast SEO plugin. -->","yoast_head_json":{"title":"TOUCH PAD - Mi Vam","description":"Naprava Touch Pad je 10-pal\u010dna naprava za podporno in nadomestno komunikacijo za dostop na dotik. Na voljo je razli\u010dica Touch Pad (4\u00a0GB) ali Touch Pad (8\u00a0GB). Hitra in prenosna komunikacija. Naprava Touch Pad je lahka naprava, ki tehta 1\u00a0kilogram in je kot nala\u0161\u010d za uporabnike podporne in nadomestne komunikacije, ki potrebujejo hiter in prenosni na\u010din komuniciranja. Pona\u0161a se z dolgim \u010dasom delovanja baterije ter jasnim in oja\u010danim zvokom, za delovanje pa uporablja na\u0161o vodilno programsko opremo Grid.","robots":{"index":"index","follow":"follow","max-snippet":"max-snippet:-1","max-image-preview":"max-image-preview:large","max-video-preview":"max-video-preview:-1"},"canonical":"https:\/\/www.mivam.com\/izdelek\/touch-pad\/","og_locale":"en_US","og_type":"article","og_title":"TOUCH PAD - Mi Vam","og_description":"Naprava Touch Pad je 10-pal\u010dna naprava za podporno in nadomestno komunikacijo za dostop na dotik. Na voljo je razli\u010dica Touch Pad (4\u00a0GB) ali Touch Pad (8\u00a0GB). Hitra in prenosna komunikacija. Naprava Touch Pad je lahka naprava, ki tehta 1\u00a0kilogram in je kot nala\u0161\u010d za uporabnike podporne in nadomestne komunikacije, ki potrebujejo hiter in prenosni na\u010din komuniciranja. Pona\u0161a se z dolgim \u010dasom delovanja baterije ter jasnim in oja\u010danim zvokom, za delovanje pa uporablja na\u0161o vodilno programsko opremo Grid.","og_url":"https:\/\/www.mivam.com\/izdelek\/touch-pad\/","og_site_name":"Mi Vam","article_modified_time":"2025-05-07T09:02:09+00:00","og_image":[{"width":1000,"height":600,"url":"https:\/\/www.mivam.com\/wp-content\/uploads\/2022\/09\/surface-touch-home.png","type":"image\/png"}],"twitter_card":"summary_large_image","twitter_misc":{"Est. reading time":"6 minutes"},"schema":{"@context":"https:\/\/schema.org","@graph":[{"@type":"WebPage","@id":"https:\/\/www.mivam.com\/izdelek\/touch-pad\/","url":"https:\/\/www.mivam.com\/izdelek\/touch-pad\/","name":"TOUCH PAD - Mi Vam","isPartOf":{"@id":"https:\/\/www.mivam.com\/#website"},"primaryImageOfPage":{"@id":"https:\/\/www.mivam.com\/izdelek\/touch-pad\/#primaryimage"},"image":{"@id":"https:\/\/www.mivam.com\/izdelek\/touch-pad\/#primaryimage"},"thumbnailUrl":"https:\/\/www.mivam.com\/wp-content\/uploads\/2022\/09\/surface-touch-home.png","datePublished":"2022-09-05T11:57:42+00:00","dateModified":"2025-05-07T09:02:09+00:00","description":"Naprava Touch Pad je 10-pal\u010dna naprava za podporno in nadomestno komunikacijo za dostop na dotik. Na voljo je razli\u010dica Touch Pad (4\u00a0GB) ali Touch Pad (8\u00a0GB). Hitra in prenosna komunikacija. Naprava Touch Pad je lahka naprava, ki tehta 1\u00a0kilogram in je kot nala\u0161\u010d za uporabnike podporne in nadomestne komunikacije, ki potrebujejo hiter in prenosni na\u010din komuniciranja. Pona\u0161a se z dolgim \u010dasom delovanja baterije ter jasnim in oja\u010danim zvokom, za delovanje pa uporablja na\u0161o vodilno programsko opremo Grid.","breadcrumb":{"@id":"https:\/\/www.mivam.com\/izdelek\/touch-pad\/#breadcrumb"},"inLanguage":"en-US","potentialAction":[{"@type":"ReadAction","target":["https:\/\/www.mivam.com\/izdelek\/touch-pad\/"]}]},{"@type":"ImageObject","inLanguage":"en-US","@id":"https:\/\/www.mivam.com\/izdelek\/touch-pad\/#primaryimage","url":"https:\/\/www.mivam.com\/wp-content\/uploads\/2022\/09\/surface-touch-home.png","contentUrl":"https:\/\/www.mivam.com\/wp-content\/uploads\/2022\/09\/surface-touch-home.png","width":1000,"height":600},{"@type":"BreadcrumbList","@id":"https:\/\/www.mivam.com\/izdelek\/touch-pad\/#breadcrumb","itemListElement":[{"@type":"ListItem","position":1,"name":"Domov","item":"https:\/\/www.mivam.com\/"},{"@type":"ListItem","position":2,"name":"Shop","item":"https:\/\/www.mivam.com\/en\/shop\/"},{"@type":"ListItem","position":3,"name":"Komunikatorji","item":"https:\/\/www.mivam.com\/kategorija-izdelka\/komunikatorji\/"},{"@type":"ListItem","position":4,"name":"Touch pad","item":"https:\/\/www.mivam.com\/kategorija-izdelka\/komunikatorji\/touch-pad\/"},{"@type":"ListItem","position":5,"name":"TOUCH PAD"}]},{"@type":"WebSite","@id":"https:\/\/www.mivam.com\/#website","url":"https:\/\/www.mivam.com\/","name":"Mi Vam","description":"Medicinski pripomo\u010dki in re\u0161itve za manj odvisno \u017eivljenje.","potentialAction":[{"@type":"SearchAction","target":{"@type":"EntryPoint","urlTemplate":"https:\/\/www.mivam.com\/?s={search_term_string}"},"query-input":{"@type":"PropertyValueSpecification","valueRequired":true,"valueName":"search_term_string"}}],"inLanguage":"en-US"}]}},"_links":{"self":[{"href":"https:\/\/www.mivam.com\/en\/wp-json\/wp\/v2\/product\/2996","targetHints":{"allow":["GET"]}}],"collection":[{"href":"https:\/\/www.mivam.com\/en\/wp-json\/wp\/v2\/product"}],"about":[{"href":"https:\/\/www.mivam.com\/en\/wp-json\/wp\/v2\/types\/product"}],"replies":[{"embeddable":true,"href":"https:\/\/www.mivam.com\/en\/wp-json\/wp\/v2\/comments?post=2996"}],"wp:featuredmedia":[{"embeddable":true,"href":"https:\/\/www.mivam.com\/en\/wp-json\/wp\/v2\/media\/2997"}],"wp:attachment":[{"href":"https:\/\/www.mivam.com\/en\/wp-json\/wp\/v2\/media?parent=2996"}],"wp:term":[{"taxonomy":"product_brand","embeddable":true,"href":"https:\/\/www.mivam.com\/en\/wp-json\/wp\/v2\/product_brand?post=2996"},{"taxonomy":"product_cat","embeddable":true,"href":"https:\/\/www.mivam.com\/en\/wp-json\/wp\/v2\/product_cat?post=2996"},{"taxonomy":"product_tag","embeddable":true,"href":"https:\/\/www.mivam.com\/en\/wp-json\/wp\/v2\/product_tag?post=2996"}],"curies":[{"name":"wp","href":"https:\/\/api.w.org\/{rel}","templated":true}]}}