{"id":2985,"date":"2022-09-05T13:33:11","date_gmt":"2022-09-05T11:33:11","guid":{"rendered":"https:\/\/www.mivam.com\/?post_type=product&#038;p=2985"},"modified":"2024-11-21T12:16:48","modified_gmt":"2024-11-21T11:16:48","slug":"talk-pad","status":"publish","type":"product","link":"https:\/\/www.mivam.com\/en\/izdelek\/talk-pad\/","title":{"rendered":"TALK PAD"},"content":{"rendered":"<div class=\"wpb-content-wrapper\"><p>[vc_row full_width=&#8221;stretch_row&#8221; el_class=&#8221;prod-desc-row&#8221;][vc_column width=&#8221;1\/2&#8243;][vc_column_text]<\/p>\n<h4>Glavne zna\u010dilnosti<\/h4>\n<ul>\n<li>Na voljo je v treh velikostih in barvah<\/li>\n<li>10-urno delovanje baterije<\/li>\n<li>Lahka in prenosna zasnova<\/li>\n<li>Zaslon s tehnologijo proti ble\u0161\u010danju<\/li>\n<li>Jasen in glasen zvok<\/li>\n<li>Trpe\u017eno za\u0161\u010ditno ohi\u0161je<\/li>\n<li>Zdru\u017eljiva z za\u0161\u010dito za tipkovnico<\/li>\n<li>Mo\u017enosti za uporabo monta\u017ene plo\u0161\u010de<\/li>\n<li>Prilagodljiv trak in nosilna torba<\/li>\n<\/ul>\n<p>[\/vc_column_text][\/vc_column][vc_column width=&#8221;1\/2&#8243;][vc_single_image image=&#8221;2988&#8243; img_size=&#8221;full&#8221; alignment=&#8221;center&#8221;][\/vc_column][\/vc_row][vc_row full_width=&#8221;stretch_row&#8221; el_class=&#8221;prod-desc-row grey-bg&#8221;][vc_column width=&#8221;1\/2&#8243;][vc_single_image image=&#8221;2989&#8243; img_size=&#8221;full&#8221; alignment=&#8221;center&#8221;][\/vc_column][vc_column width=&#8221;1\/2&#8243;][vc_column_text]<\/p>\n<h4>Komu je namenjena naprava Talk Pad?<\/h4>\n<p>Naprava Talk Pad je bila zasnovana za uporabnike zaslonov na dotik vseh starosti. Za osnovo naprave je uporabljen Apple iPad s trpe\u017enim ohi\u0161jem, zaradi \u010desar je naprava kot nala\u0161\u010d za uporabnike, ki potrebujejo lahko, prenosno napravo za pomo\u010d pri komunikaciji, na kateri bi lahko uporabljali programsko opremo Grid.[\/vc_column_text][\/vc_column][\/vc_row][vc_row full_width=&#8221;stretch_row&#8221; el_class=&#8221;prod-desc-row&#8221;][vc_column][vc_row_inner][vc_column_inner width=&#8221;2\/3&#8243;][vc_column_text]<\/p>\n<h4>Ali potrebujete za\u0161\u010dito za tipkovnico?<\/h4>\n<p>Na\u0161e najnovej\u0161e za\u0161\u010dite za tipkovnico se pona\u0161ajo s tehnologijo nano-sesanja, ki prepre\u010duje drsenje, s katerimi se naprave pritrdijo na mesto. Preprosto za vzdr\u017eevanje, brez potrebnega orodja![\/vc_column_text][\/vc_column_inner][vc_column_inner width=&#8221;1\/3&#8243;][vc_single_image image=&#8221;2990&#8243; img_size=&#8221;full&#8221; alignment=&#8221;center&#8221;][\/vc_column_inner][\/vc_row_inner][vc_row_inner][vc_column_inner width=&#8221;2\/3&#8243;][vc_column_text]<\/p>\n<h4>Namestite napravo<\/h4>\n<p>Napravi Talk Pad\u00a010 in Talk Pad\u00a013 sta na voljo tudi s kombinirano monta\u017eno plo\u0161\u010do znamk Rehadapt in Daessy.[\/vc_column_text][\/vc_column_inner][vc_column_inner width=&#8221;1\/3&#8243;][vc_single_image image=&#8221;2991&#8243; img_size=&#8221;full&#8221; alignment=&#8221;center&#8221;][\/vc_column_inner][\/vc_row_inner][vc_row_inner][vc_column_inner width=&#8221;2\/3&#8243;][vc_column_text]<\/p>\n<h4>Jasen in oja\u010den zvok<\/h4>\n<p>Kakovostni zvo\u010dnik Bluetooth je vgrajen v trpe\u017eno ohi\u0161je naprave Talk Pad, da boste lahko jasno in glasno izrazili svoje mnenje.[\/vc_column_text][\/vc_column_inner][vc_column_inner width=&#8221;1\/3&#8243;][vc_single_image image=&#8221;2992&#8243; img_size=&#8221;full&#8221; alignment=&#8221;center&#8221;][\/vc_column_inner][\/vc_row_inner][\/vc_column][\/vc_row][vc_row full_width=&#8221;stretch_row&#8221; el_class=&#8221;prod-desc-row grey-bg&#8221;][vc_column][vc_column_text]<\/p>\n<h4>Barvne mo\u017enosti<\/h4>\n<p>Naprava Talk Pad je na voljo v treh barvnih odtenkih. Izbirate lahko med klasi\u010dno ogleno barvo ali pa po\u017eivite svojo napravo z vijoli\u010dnim ali turkiznim odtenkom![\/vc_column_text][vc_single_image image=&#8221;2995&#8243; img_size=&#8221;full&#8221; alignment=&#8221;center&#8221;][\/vc_column][\/vc_row][vc_row el_class=&#8221;prod-desc-row&#8221;][vc_column][vc_column_text]<\/p>\n<h4>Uporablja tehnologijo Grid for iPad<\/h4>\n<p>Naprava Talk Pad za delovanje uporablja tehnologijo Grid for iPad. Celovit program za podporno in nadomestno komunikacijo z viri za komuniciranje prek simbolov in besedilnih sporo\u010dil. Na voljo je vsebina, prilagojena glede na razli\u010dne starosti, stanja in stopnje pismenosti.[\/vc_column_text][vc_single_image image=&#8221;2994&#8243; img_size=&#8221;full&#8221; alignment=&#8221;center&#8221;][\/vc_column][\/vc_row]<\/p>\n<\/div>","protected":false},"excerpt":{"rendered":"<p>Naprava Talk Pad je prenosna naprava za dostop na dotik, v kateri je name\u0161\u010dena programska oprema Grid za iPad. Na voljo so trije modeli: Talk Pad\u00a08, 10 ali\u00a013. Zasnovana za vsakodnevno \u017eivljenje. Naprava Talk Pad je zmogljiva, prenosna in trpe\u017ena naprava za podporno in nadomestno komunikacijo z 10-urnim delovanjem baterije in zvo\u010dnikom. Ohi\u0161je, ki je zasnovan za vsakodnevno \u017eivljenje, je odporno proti udarcem in praskam ter tako \u0161\u010diti napravo pred udarci in padci.<\/p>\n","protected":false},"featured_media":2987,"comment_status":"closed","ping_status":"closed","template":"","meta":[],"product_brand":[],"product_cat":[223,173],"product_tag":[130,176,180,184,185],"class_list":{"0":"post-2985","1":"product","2":"type-product","3":"status-publish","4":"has-post-thumbnail","6":"product_cat-komunikatorji","7":"product_cat-talk-pad","8":"product_tag-komunikator","9":"product_tag-komunikatorji","10":"product_tag-smartbox","11":"product_tag-talk","12":"product_tag-talk-pad","14":"first","15":"instock","16":"taxable","17":"shipping-taxable","18":"product-type-simple"},"yoast_head":"<!-- This site is optimized with the Yoast SEO plugin v24.0 - https:\/\/yoast.com\/wordpress\/plugins\/seo\/ -->\n<title>TALK PAD - Mi Vam<\/title>\n<meta name=\"description\" content=\"Naprava Talk Pad je prenosna naprava za dostop na dotik, v kateri je name\u0161\u010dena programska oprema Grid za iPad. Na voljo so trije modeli: Talk Pad\u00a08, 10 ali\u00a013. Zasnovana za vsakodnevno \u017eivljenje. Naprava Talk Pad je zmogljiva, prenosna in trpe\u017ena naprava za podporno in nadomestno komunikacijo z 10-urnim delovanjem baterije in zvo\u010dnikom. Ohi\u0161je, ki je zasnovan za vsakodnevno \u017eivljenje, je odporno proti udarcem in praskam ter tako \u0161\u010diti napravo pred udarci in padci.\" \/>\n<meta name=\"robots\" content=\"index, follow, max-snippet:-1, max-image-preview:large, max-video-preview:-1\" \/>\n<link rel=\"canonical\" href=\"https:\/\/www.mivam.com\/izdelek\/talk-pad\/\" \/>\n<meta property=\"og:locale\" content=\"en_US\" \/>\n<meta property=\"og:type\" content=\"article\" \/>\n<meta property=\"og:title\" content=\"TALK PAD - Mi Vam\" \/>\n<meta property=\"og:description\" content=\"Naprava Talk Pad je prenosna naprava za dostop na dotik, v kateri je name\u0161\u010dena programska oprema Grid za iPad. Na voljo so trije modeli: Talk Pad\u00a08, 10 ali\u00a013. Zasnovana za vsakodnevno \u017eivljenje. Naprava Talk Pad je zmogljiva, prenosna in trpe\u017ena naprava za podporno in nadomestno komunikacijo z 10-urnim delovanjem baterije in zvo\u010dnikom. Ohi\u0161je, ki je zasnovan za vsakodnevno \u017eivljenje, je odporno proti udarcem in praskam ter tako \u0161\u010diti napravo pred udarci in padci.\" \/>\n<meta property=\"og:url\" content=\"https:\/\/www.mivam.com\/izdelek\/talk-pad\/\" \/>\n<meta property=\"og:site_name\" content=\"Mi Vam\" \/>\n<meta property=\"article:modified_time\" content=\"2024-11-21T11:16:48+00:00\" \/>\n<meta property=\"og:image\" content=\"https:\/\/www.mivam.com\/wp-content\/uploads\/2022\/09\/talk-pad-hero-image-large-1180x765.png\" \/>\n\t<meta property=\"og:image:width\" content=\"1180\" \/>\n\t<meta property=\"og:image:height\" content=\"765\" \/>\n\t<meta property=\"og:image:type\" content=\"image\/png\" \/>\n<meta name=\"twitter:card\" content=\"summary_large_image\" \/>\n<meta name=\"twitter:label1\" content=\"Est. reading time\" \/>\n\t<meta name=\"twitter:data1\" content=\"3 minutes\" \/>\n<script type=\"application\/ld+json\" class=\"yoast-schema-graph\">{\"@context\":\"https:\/\/schema.org\",\"@graph\":[{\"@type\":\"WebPage\",\"@id\":\"https:\/\/www.mivam.com\/izdelek\/talk-pad\/\",\"url\":\"https:\/\/www.mivam.com\/izdelek\/talk-pad\/\",\"name\":\"TALK PAD - Mi Vam\",\"isPartOf\":{\"@id\":\"https:\/\/www.mivam.com\/#website\"},\"primaryImageOfPage\":{\"@id\":\"https:\/\/www.mivam.com\/izdelek\/talk-pad\/#primaryimage\"},\"image\":{\"@id\":\"https:\/\/www.mivam.com\/izdelek\/talk-pad\/#primaryimage\"},\"thumbnailUrl\":\"https:\/\/www.mivam.com\/wp-content\/uploads\/2022\/09\/talk-pad-hero-image-large-1180x765.png\",\"datePublished\":\"2022-09-05T11:33:11+00:00\",\"dateModified\":\"2024-11-21T11:16:48+00:00\",\"description\":\"Naprava Talk Pad je prenosna naprava za dostop na dotik, v kateri je name\u0161\u010dena programska oprema Grid za iPad. Na voljo so trije modeli: Talk Pad\u00a08, 10 ali\u00a013. Zasnovana za vsakodnevno \u017eivljenje. Naprava Talk Pad je zmogljiva, prenosna in trpe\u017ena naprava za podporno in nadomestno komunikacijo z 10-urnim delovanjem baterije in zvo\u010dnikom. Ohi\u0161je, ki je zasnovan za vsakodnevno \u017eivljenje, je odporno proti udarcem in praskam ter tako \u0161\u010diti napravo pred udarci in padci.\",\"breadcrumb\":{\"@id\":\"https:\/\/www.mivam.com\/izdelek\/talk-pad\/#breadcrumb\"},\"inLanguage\":\"en-US\",\"potentialAction\":[{\"@type\":\"ReadAction\",\"target\":[\"https:\/\/www.mivam.com\/izdelek\/talk-pad\/\"]}]},{\"@type\":\"ImageObject\",\"inLanguage\":\"en-US\",\"@id\":\"https:\/\/www.mivam.com\/izdelek\/talk-pad\/#primaryimage\",\"url\":\"https:\/\/www.mivam.com\/wp-content\/uploads\/2022\/09\/talk-pad-hero-image-large-1180x765.png\",\"contentUrl\":\"https:\/\/www.mivam.com\/wp-content\/uploads\/2022\/09\/talk-pad-hero-image-large-1180x765.png\",\"width\":1180,\"height\":765},{\"@type\":\"BreadcrumbList\",\"@id\":\"https:\/\/www.mivam.com\/izdelek\/talk-pad\/#breadcrumb\",\"itemListElement\":[{\"@type\":\"ListItem\",\"position\":1,\"name\":\"Domov\",\"item\":\"https:\/\/www.mivam.com\/\"},{\"@type\":\"ListItem\",\"position\":2,\"name\":\"Shop\",\"item\":\"https:\/\/www.mivam.com\/en\/shop\/\"},{\"@type\":\"ListItem\",\"position\":3,\"name\":\"Komunikatorji\",\"item\":\"https:\/\/www.mivam.com\/kategorija-izdelka\/komunikatorji\/\"},{\"@type\":\"ListItem\",\"position\":4,\"name\":\"Talk pad\",\"item\":\"https:\/\/www.mivam.com\/kategorija-izdelka\/komunikatorji\/talk-pad\/\"},{\"@type\":\"ListItem\",\"position\":5,\"name\":\"TALK PAD\"}]},{\"@type\":\"WebSite\",\"@id\":\"https:\/\/www.mivam.com\/#website\",\"url\":\"https:\/\/www.mivam.com\/\",\"name\":\"Mi Vam\",\"description\":\"Medicinski pripomo\u010dki in re\u0161itve za manj odvisno \u017eivljenje.\",\"potentialAction\":[{\"@type\":\"SearchAction\",\"target\":{\"@type\":\"EntryPoint\",\"urlTemplate\":\"https:\/\/www.mivam.com\/?s={search_term_string}\"},\"query-input\":{\"@type\":\"PropertyValueSpecification\",\"valueRequired\":true,\"valueName\":\"search_term_string\"}}],\"inLanguage\":\"en-US\"}]}<\/script>\n<!-- \/ Yoast SEO plugin. -->","yoast_head_json":{"title":"TALK PAD - Mi Vam","description":"Naprava Talk Pad je prenosna naprava za dostop na dotik, v kateri je name\u0161\u010dena programska oprema Grid za iPad. Na voljo so trije modeli: Talk Pad\u00a08, 10 ali\u00a013. Zasnovana za vsakodnevno \u017eivljenje. Naprava Talk Pad je zmogljiva, prenosna in trpe\u017ena naprava za podporno in nadomestno komunikacijo z 10-urnim delovanjem baterije in zvo\u010dnikom. Ohi\u0161je, ki je zasnovan za vsakodnevno \u017eivljenje, je odporno proti udarcem in praskam ter tako \u0161\u010diti napravo pred udarci in padci.","robots":{"index":"index","follow":"follow","max-snippet":"max-snippet:-1","max-image-preview":"max-image-preview:large","max-video-preview":"max-video-preview:-1"},"canonical":"https:\/\/www.mivam.com\/izdelek\/talk-pad\/","og_locale":"en_US","og_type":"article","og_title":"TALK PAD - Mi Vam","og_description":"Naprava Talk Pad je prenosna naprava za dostop na dotik, v kateri je name\u0161\u010dena programska oprema Grid za iPad. Na voljo so trije modeli: Talk Pad\u00a08, 10 ali\u00a013. Zasnovana za vsakodnevno \u017eivljenje. Naprava Talk Pad je zmogljiva, prenosna in trpe\u017ena naprava za podporno in nadomestno komunikacijo z 10-urnim delovanjem baterije in zvo\u010dnikom. Ohi\u0161je, ki je zasnovan za vsakodnevno \u017eivljenje, je odporno proti udarcem in praskam ter tako \u0161\u010diti napravo pred udarci in padci.","og_url":"https:\/\/www.mivam.com\/izdelek\/talk-pad\/","og_site_name":"Mi Vam","article_modified_time":"2024-11-21T11:16:48+00:00","og_image":[{"width":1180,"height":765,"url":"https:\/\/www.mivam.com\/wp-content\/uploads\/2022\/09\/talk-pad-hero-image-large-1180x765.png","type":"image\/png"}],"twitter_card":"summary_large_image","twitter_misc":{"Est. reading time":"3 minutes"},"schema":{"@context":"https:\/\/schema.org","@graph":[{"@type":"WebPage","@id":"https:\/\/www.mivam.com\/izdelek\/talk-pad\/","url":"https:\/\/www.mivam.com\/izdelek\/talk-pad\/","name":"TALK PAD - Mi Vam","isPartOf":{"@id":"https:\/\/www.mivam.com\/#website"},"primaryImageOfPage":{"@id":"https:\/\/www.mivam.com\/izdelek\/talk-pad\/#primaryimage"},"image":{"@id":"https:\/\/www.mivam.com\/izdelek\/talk-pad\/#primaryimage"},"thumbnailUrl":"https:\/\/www.mivam.com\/wp-content\/uploads\/2022\/09\/talk-pad-hero-image-large-1180x765.png","datePublished":"2022-09-05T11:33:11+00:00","dateModified":"2024-11-21T11:16:48+00:00","description":"Naprava Talk Pad je prenosna naprava za dostop na dotik, v kateri je name\u0161\u010dena programska oprema Grid za iPad. Na voljo so trije modeli: Talk Pad\u00a08, 10 ali\u00a013. Zasnovana za vsakodnevno \u017eivljenje. Naprava Talk Pad je zmogljiva, prenosna in trpe\u017ena naprava za podporno in nadomestno komunikacijo z 10-urnim delovanjem baterije in zvo\u010dnikom. Ohi\u0161je, ki je zasnovan za vsakodnevno \u017eivljenje, je odporno proti udarcem in praskam ter tako \u0161\u010diti napravo pred udarci in padci.","breadcrumb":{"@id":"https:\/\/www.mivam.com\/izdelek\/talk-pad\/#breadcrumb"},"inLanguage":"en-US","potentialAction":[{"@type":"ReadAction","target":["https:\/\/www.mivam.com\/izdelek\/talk-pad\/"]}]},{"@type":"ImageObject","inLanguage":"en-US","@id":"https:\/\/www.mivam.com\/izdelek\/talk-pad\/#primaryimage","url":"https:\/\/www.mivam.com\/wp-content\/uploads\/2022\/09\/talk-pad-hero-image-large-1180x765.png","contentUrl":"https:\/\/www.mivam.com\/wp-content\/uploads\/2022\/09\/talk-pad-hero-image-large-1180x765.png","width":1180,"height":765},{"@type":"BreadcrumbList","@id":"https:\/\/www.mivam.com\/izdelek\/talk-pad\/#breadcrumb","itemListElement":[{"@type":"ListItem","position":1,"name":"Domov","item":"https:\/\/www.mivam.com\/"},{"@type":"ListItem","position":2,"name":"Shop","item":"https:\/\/www.mivam.com\/en\/shop\/"},{"@type":"ListItem","position":3,"name":"Komunikatorji","item":"https:\/\/www.mivam.com\/kategorija-izdelka\/komunikatorji\/"},{"@type":"ListItem","position":4,"name":"Talk pad","item":"https:\/\/www.mivam.com\/kategorija-izdelka\/komunikatorji\/talk-pad\/"},{"@type":"ListItem","position":5,"name":"TALK PAD"}]},{"@type":"WebSite","@id":"https:\/\/www.mivam.com\/#website","url":"https:\/\/www.mivam.com\/","name":"Mi Vam","description":"Medicinski pripomo\u010dki in re\u0161itve za manj odvisno \u017eivljenje.","potentialAction":[{"@type":"SearchAction","target":{"@type":"EntryPoint","urlTemplate":"https:\/\/www.mivam.com\/?s={search_term_string}"},"query-input":{"@type":"PropertyValueSpecification","valueRequired":true,"valueName":"search_term_string"}}],"inLanguage":"en-US"}]}},"_links":{"self":[{"href":"https:\/\/www.mivam.com\/en\/wp-json\/wp\/v2\/product\/2985","targetHints":{"allow":["GET"]}}],"collection":[{"href":"https:\/\/www.mivam.com\/en\/wp-json\/wp\/v2\/product"}],"about":[{"href":"https:\/\/www.mivam.com\/en\/wp-json\/wp\/v2\/types\/product"}],"replies":[{"embeddable":true,"href":"https:\/\/www.mivam.com\/en\/wp-json\/wp\/v2\/comments?post=2985"}],"wp:featuredmedia":[{"embeddable":true,"href":"https:\/\/www.mivam.com\/en\/wp-json\/wp\/v2\/media\/2987"}],"wp:attachment":[{"href":"https:\/\/www.mivam.com\/en\/wp-json\/wp\/v2\/media?parent=2985"}],"wp:term":[{"taxonomy":"product_brand","embeddable":true,"href":"https:\/\/www.mivam.com\/en\/wp-json\/wp\/v2\/product_brand?post=2985"},{"taxonomy":"product_cat","embeddable":true,"href":"https:\/\/www.mivam.com\/en\/wp-json\/wp\/v2\/product_cat?post=2985"},{"taxonomy":"product_tag","embeddable":true,"href":"https:\/\/www.mivam.com\/en\/wp-json\/wp\/v2\/product_tag?post=2985"}],"curies":[{"name":"wp","href":"https:\/\/api.w.org\/{rel}","templated":true}]}}