{"id":2928,"date":"2022-08-30T12:00:51","date_gmt":"2022-08-30T10:00:51","guid":{"rendered":"https:\/\/www.mivam.com\/?post_type=product&#038;p=2928"},"modified":"2025-06-19T07:10:54","modified_gmt":"2025-06-19T05:10:54","slug":"sledilec-oci-eye-gaze","status":"publish","type":"product","link":"https:\/\/www.mivam.com\/en\/izdelek\/sledilec-oci-eye-gaze\/","title":{"rendered":"SLEDILEC O\u010cI (EYE-GAZE)"},"content":{"rendered":"<div class=\"wpb-content-wrapper\"><p>[vc_row full_width=&#8221;stretch_row&#8221; el_class=&#8221;prod-desc-row&#8221;][vc_column width=&#8221;1\/2&#8243;][vc_column_text]<\/p>\n<h4>Grid Pad<\/h4>\n<p>S po meri prilagojeno vgrajeno kamero postaneta pripomo\u010dka za komunikacijo Grid Pad\u00a012 in Grid Pad\u00a015 sta trpe\u017eni in namenski napravi za sledenje o\u010di (sledilnika o\u010di).<\/p>\n<p>Na voljo s tehnologijo za sledenje o\u010dem\u00a0<a href=\"https:\/\/thinksmartbox.com\/product\/lumin-i\/\">Lumin-i<\/a>\u00a0ali\u00a0<a href=\"https:\/\/thinksmartbox.com\/product\/alea-intelligaze\/\">Alea IntelliGaze<\/a>.[\/vc_column_text][\/vc_column][vc_column width=&#8221;1\/2&#8243;][vc_single_image image=&#8221;2974&#8243; img_size=&#8221;full&#8221; alignment=&#8221;center&#8221;][\/vc_column][\/vc_row][vc_row full_width=&#8221;stretch_row&#8221; el_class=&#8221;prod-desc-row grey-bg&#8221;][vc_column width=&#8221;1\/2&#8243;][vc_single_image image=&#8221;2976&#8243; img_size=&#8221;full&#8221; alignment=&#8221;center&#8221;][\/vc_column][vc_column width=&#8221;1\/2&#8243;][vc_column_text]<\/p>\n<h4>Lumin-i<\/h4>\n<p>Sledilnik o\u010di Lumin-i je zmogljiva in natan\u010dna naprava za sledenje o\u010dem, ki jo je ustvarilo podjetje Smartbox in ki je prva naprava za sledenje o\u010dem za podporno in nadomestno komunikacijo, ki je bila razvita s tehnologijo Smart Eye.<\/p>\n<p><a href=\"https:\/\/thinksmartbox.com\/product\/lumin-i\/\">Razi\u0161\u010dite napravo Lumin-i<\/a>[\/vc_column_text][\/vc_column][\/vc_row][vc_row full_width=&#8221;stretch_row&#8221; el_class=&#8221;prod-desc-row&#8221;][vc_column width=&#8221;1\/2&#8243;][vc_column_text]<\/p>\n<h4>Alea IntelliGaze<\/h4>\n<p>Sledilnik o\u010di Alea IntelliGaze je zmogljiva in natan\u010dna kamera za sledenje o\u010dem.<\/p>\n<p><a href=\"https:\/\/thinksmartbox.com\/product\/alea-intelligaze\/\">Razi\u0161\u010dite sledilnik o\u010di Alea IntelliGaze<\/a>[\/vc_column_text][\/vc_column][vc_column width=&#8221;1\/2&#8243;][vc_single_image image=&#8221;2977&#8243; img_size=&#8221;full&#8221; alignment=&#8221;center&#8221;][\/vc_column][\/vc_row][vc_row full_width=&#8221;stretch_row&#8221; el_class=&#8221;prod-desc-row grey-bg&#8221;][vc_column width=&#8221;1\/2&#8243;][vc_single_image image=&#8221;2978&#8243; img_size=&#8221;full&#8221; alignment=&#8221;center&#8221;][\/vc_column][vc_column width=&#8221;1\/2&#8243;][vc_column_text]<\/p>\n<h4>Sledilnik o\u010di Eyegaze Encore<\/h4>\n<p>Sledilnik o\u010di Eyegaze Encore je zelo natan\u010dna kamera, ki lahko napove, kam je usmerjen va\u0161 pogled, na 1\/4\u00a0palca natan\u010dno ali \u0161e natan\u010dneje. Kamera je zasnovana tako, da takrat, ko je to potrebno, natan\u010dno sledi samo enemu o\u010desu, in sicer z minimalno infrarde\u010do svetlobo, zaradi \u010desar je naprava ustrezna izbira za osebe z ventilatorji, ki lahko zmedejo druge kamere, ki posvetijo ve\u010d infrarde\u010de svetlobe po celem obrazu.<\/p>\n<p>Naprava je lahko v pomo\u010d posameznikom, ki so prestali operacijo zamenjave le\u010de ali ki imajo ptozo, midriazo, strabizem, nistagmus ali neobi\u010dajno velike\/majhne zenice.<\/p>\n<p><a href=\"https:\/\/thinksmartbox.com\/product\/eyegaze-encore\/\">Razi\u0161\u010dite sledilnik o\u010di EyeGaze Encore<\/a>[\/vc_column_text][\/vc_column][\/vc_row][vc_row full_width=&#8221;stretch_row&#8221; el_class=&#8221;prod-desc-row&#8221;][vc_column width=&#8221;1\/2&#8243;][vc_column_text]<\/p>\n<h4>IRISBOND Hiru<\/h4>\n<p>Monta\u017eni nosilec Hiru je zasnovan posebej za to, da va\u0161o napravo za pomo\u010d pri komunikaciji Grid Pad preoblikuje v namensko napravo za sledenje o\u010dem.<\/p>\n<p>Omogo\u010da idealen kot za va\u0161o napravo za sledenje o\u010dem Hiru, poskrbi pa tudi za dodatno za\u0161\u010dito kabla.<\/p>\n<p>Ne pozabite, da je kamera Hiru naprodaj lo\u010deno.<\/p>\n<p><a href=\"https:\/\/thinksmartbox.com\/product\/hiru-mounting-bracket\/\">Ve\u010d o tem<\/a>[\/vc_column_text][\/vc_column][vc_column width=&#8221;1\/2&#8243;][vc_single_image image=&#8221;2979&#8243; img_size=&#8221;full&#8221; alignment=&#8221;center&#8221;][\/vc_column][\/vc_row][vc_row full_width=&#8221;stretch_row&#8221; el_class=&#8221;prod-desc-row grey-bg&#8221;][vc_column width=&#8221;1\/2&#8243;][vc_single_image image=&#8221;2980&#8243; img_size=&#8221;full&#8221; alignment=&#8221;center&#8221;][\/vc_column][vc_column width=&#8221;1\/2&#8243;][vc_column_text]<\/p>\n<h4>Ohi\u0161je PCEye\u00a05<\/h4>\n<p>Kamero PCEye\u00a05 lahko namestite na napravo Grid Pad s pomo\u010djo na\u0161ega namenskega ohi\u0161ja.<\/p>\n<p>Ne pozabite, da je kamera PCEye\u00a05 naprodaj lo\u010deno.<\/p>\n<p><a href=\"https:\/\/thinksmartbox.com\/product\/pceye-5-enclosure\/\">Ve\u010d o tem<\/a>[\/vc_column_text][\/vc_column][\/vc_row][vc_row full_width=&#8221;stretch_row&#8221; el_class=&#8221;prod-desc-row&#8221;][vc_column width=&#8221;1\/2&#8243;][vc_column_text]<\/p>\n<h4>Programska oprema za sledenje o\u010dem<\/h4>\n<p>Na\u0161a ponudba programske opreme je v celoti zdru\u017eljiva s sistemi za sledenje o\u010dem. S funkcijo \u00bbLook to Learn\u00ab se nau\u010dite novih spretnosti, razi\u0161\u010dite vizualne prizore in igrajte igre.<\/p>\n<p>Programska oprema Grid\u00a03 vam omogo\u010da popoln nadzor nad va\u0161im svetom, s popolno integracijo sistema za sledenje pogleda z naravnimi funkcijami, kot je \u00bbZoom to Click\u00ab (Pove\u010daj za klik).<\/p>\n<p><a href=\"https:\/\/thinksmartbox.com\/technology\/our-software\/\">Ve\u010d o tem<\/a>[\/vc_column_text][\/vc_column][vc_column width=&#8221;1\/2&#8243;][vc_single_image image=&#8221;2981&#8243; img_size=&#8221;full&#8221; alignment=&#8221;center&#8221;][\/vc_column][\/vc_row][vc_row full_width=&#8221;stretch_row&#8221; el_class=&#8221;prod-desc-row&#8221;][vc_column width=&#8221;1\/2&#8243;][vc_single_image image=&#8221;2984&#8243; img_size=&#8221;full&#8221; alignment=&#8221;center&#8221;][\/vc_column][vc_column width=&#8221;1\/2&#8243;][vc_column_text]<\/p>\n<h4>Programska oprema za sledenje o\u010dem<\/h4>\n<p>Na\u0161a ponudba programske opreme je v celoti zdru\u017eljiva s sistemi za sledenje o\u010dem. S funkcijo \u00bbLook to Learn\u00ab se nau\u010dite novih spretnosti, razi\u0161\u010dite vizualne prizore in igrajte igre.<\/p>\n<p>Programska oprema Grid\u00a03 vam omogo\u010da popoln nadzor nad va\u0161im svetom, s popolno integracijo sistema za sledenje pogleda z naravnimi funkcijami, kot je \u00bbZoom to Click\u00ab (Pove\u010daj za klik).<\/p>\n<p><a href=\"https:\/\/thinksmartbox.com\/technology\/our-software\/\">Ve\u010d o tem<\/a>[\/vc_column_text][\/vc_column][\/vc_row]<\/p>\n<\/div>","protected":false},"excerpt":{"rendered":"<p>Sistemi za sledenje o\u010dem vam omogo\u010dajo, da lahko upravljate in nadzorujete svoj ra\u010dunalnik tako, da ta spremlja, kam je usmerjen va\u0161 pogled. V ponudbi imamo razli\u010dne kamere za sledenje o\u010dem, ki bodo prav vsakemu posamezniku pomagale najti naju\u010dinkovitej\u0161o re\u0161itev.<\/p>\n","protected":false},"featured_media":2974,"comment_status":"closed","ping_status":"closed","template":"","meta":[],"product_brand":[],"product_cat":[223,172,175],"product_tag":[186,177,178,188,187,180],"class_list":{"0":"post-2928","1":"product","2":"type-product","3":"status-publish","4":"has-post-thumbnail","6":"product_cat-komunikatorji","7":"product_cat-grid-pad","8":"product_cat-dodatki","9":"product_tag-eye-gaze","10":"product_tag-grid","11":"product_tag-grid-pad","12":"product_tag-sledilec","13":"product_tag-sledilec-oci","14":"product_tag-smartbox","16":"first","17":"instock","18":"taxable","19":"shipping-taxable","20":"product-type-simple"},"yoast_head":"<!-- This site is optimized with the Yoast SEO plugin v24.0 - https:\/\/yoast.com\/wordpress\/plugins\/seo\/ -->\n<title>SLEDILEC O\u010cI (EYE-GAZE) - Mi Vam<\/title>\n<meta name=\"description\" content=\"Sistemi za sledenje o\u010dem vam omogo\u010dajo, da lahko upravljate in nadzorujete svoj ra\u010dunalnik tako, da ta spremlja, kam je usmerjen va\u0161 pogled. V ponudbi imamo razli\u010dne kamere za sledenje o\u010dem, ki bodo prav vsakemu posamezniku pomagale najti naju\u010dinkovitej\u0161o re\u0161itev.\" \/>\n<meta name=\"robots\" content=\"index, follow, max-snippet:-1, max-image-preview:large, max-video-preview:-1\" \/>\n<link rel=\"canonical\" href=\"https:\/\/www.mivam.com\/izdelek\/sledilec-oci-eye-gaze\/\" \/>\n<meta property=\"og:locale\" content=\"en_US\" \/>\n<meta property=\"og:type\" content=\"article\" \/>\n<meta property=\"og:title\" content=\"SLEDILEC O\u010cI (EYE-GAZE) - Mi Vam\" \/>\n<meta property=\"og:description\" content=\"Sistemi za sledenje o\u010dem vam omogo\u010dajo, da lahko upravljate in nadzorujete svoj ra\u010dunalnik tako, da ta spremlja, kam je usmerjen va\u0161 pogled. V ponudbi imamo razli\u010dne kamere za sledenje o\u010dem, ki bodo prav vsakemu posamezniku pomagale najti naju\u010dinkovitej\u0161o re\u0161itev.\" \/>\n<meta property=\"og:url\" content=\"https:\/\/www.mivam.com\/izdelek\/sledilec-oci-eye-gaze\/\" \/>\n<meta property=\"og:site_name\" content=\"Mi Vam\" \/>\n<meta property=\"article:modified_time\" content=\"2025-06-19T05:10:54+00:00\" \/>\n<meta property=\"og:image\" content=\"https:\/\/www.mivam.com\/wp-content\/uploads\/2022\/08\/lumin-i-with-grid-pad-12.png\" \/>\n\t<meta property=\"og:image:width\" content=\"640\" \/>\n\t<meta property=\"og:image:height\" content=\"353\" \/>\n\t<meta property=\"og:image:type\" content=\"image\/png\" \/>\n<meta name=\"twitter:card\" content=\"summary_large_image\" \/>\n<meta name=\"twitter:label1\" content=\"Est. reading time\" \/>\n\t<meta name=\"twitter:data1\" content=\"3 minutes\" \/>\n<script type=\"application\/ld+json\" class=\"yoast-schema-graph\">{\"@context\":\"https:\/\/schema.org\",\"@graph\":[{\"@type\":\"WebPage\",\"@id\":\"https:\/\/www.mivam.com\/izdelek\/sledilec-oci-eye-gaze\/\",\"url\":\"https:\/\/www.mivam.com\/izdelek\/sledilec-oci-eye-gaze\/\",\"name\":\"SLEDILEC O\u010cI (EYE-GAZE) - Mi Vam\",\"isPartOf\":{\"@id\":\"https:\/\/www.mivam.com\/#website\"},\"primaryImageOfPage\":{\"@id\":\"https:\/\/www.mivam.com\/izdelek\/sledilec-oci-eye-gaze\/#primaryimage\"},\"image\":{\"@id\":\"https:\/\/www.mivam.com\/izdelek\/sledilec-oci-eye-gaze\/#primaryimage\"},\"thumbnailUrl\":\"https:\/\/www.mivam.com\/wp-content\/uploads\/2022\/08\/lumin-i-with-grid-pad-12.png\",\"datePublished\":\"2022-08-30T10:00:51+00:00\",\"dateModified\":\"2025-06-19T05:10:54+00:00\",\"description\":\"Sistemi za sledenje o\u010dem vam omogo\u010dajo, da lahko upravljate in nadzorujete svoj ra\u010dunalnik tako, da ta spremlja, kam je usmerjen va\u0161 pogled. V ponudbi imamo razli\u010dne kamere za sledenje o\u010dem, ki bodo prav vsakemu posamezniku pomagale najti naju\u010dinkovitej\u0161o re\u0161itev.\",\"breadcrumb\":{\"@id\":\"https:\/\/www.mivam.com\/izdelek\/sledilec-oci-eye-gaze\/#breadcrumb\"},\"inLanguage\":\"en-US\",\"potentialAction\":[{\"@type\":\"ReadAction\",\"target\":[\"https:\/\/www.mivam.com\/izdelek\/sledilec-oci-eye-gaze\/\"]}]},{\"@type\":\"ImageObject\",\"inLanguage\":\"en-US\",\"@id\":\"https:\/\/www.mivam.com\/izdelek\/sledilec-oci-eye-gaze\/#primaryimage\",\"url\":\"https:\/\/www.mivam.com\/wp-content\/uploads\/2022\/08\/lumin-i-with-grid-pad-12.png\",\"contentUrl\":\"https:\/\/www.mivam.com\/wp-content\/uploads\/2022\/08\/lumin-i-with-grid-pad-12.png\",\"width\":640,\"height\":353},{\"@type\":\"BreadcrumbList\",\"@id\":\"https:\/\/www.mivam.com\/izdelek\/sledilec-oci-eye-gaze\/#breadcrumb\",\"itemListElement\":[{\"@type\":\"ListItem\",\"position\":1,\"name\":\"Domov\",\"item\":\"https:\/\/www.mivam.com\/\"},{\"@type\":\"ListItem\",\"position\":2,\"name\":\"Shop\",\"item\":\"https:\/\/www.mivam.com\/en\/shop\/\"},{\"@type\":\"ListItem\",\"position\":3,\"name\":\"Komunikatorji\",\"item\":\"https:\/\/www.mivam.com\/kategorija-izdelka\/komunikatorji\/\"},{\"@type\":\"ListItem\",\"position\":4,\"name\":\"Grid pad\",\"item\":\"https:\/\/www.mivam.com\/kategorija-izdelka\/komunikatorji\/grid-pad\/\"},{\"@type\":\"ListItem\",\"position\":5,\"name\":\"SLEDILEC O\u010cI (EYE-GAZE)\"}]},{\"@type\":\"WebSite\",\"@id\":\"https:\/\/www.mivam.com\/#website\",\"url\":\"https:\/\/www.mivam.com\/\",\"name\":\"Mi Vam\",\"description\":\"Medicinski pripomo\u010dki in re\u0161itve za manj odvisno \u017eivljenje.\",\"potentialAction\":[{\"@type\":\"SearchAction\",\"target\":{\"@type\":\"EntryPoint\",\"urlTemplate\":\"https:\/\/www.mivam.com\/?s={search_term_string}\"},\"query-input\":{\"@type\":\"PropertyValueSpecification\",\"valueRequired\":true,\"valueName\":\"search_term_string\"}}],\"inLanguage\":\"en-US\"}]}<\/script>\n<!-- \/ Yoast SEO plugin. -->","yoast_head_json":{"title":"SLEDILEC O\u010cI (EYE-GAZE) - Mi Vam","description":"Sistemi za sledenje o\u010dem vam omogo\u010dajo, da lahko upravljate in nadzorujete svoj ra\u010dunalnik tako, da ta spremlja, kam je usmerjen va\u0161 pogled. V ponudbi imamo razli\u010dne kamere za sledenje o\u010dem, ki bodo prav vsakemu posamezniku pomagale najti naju\u010dinkovitej\u0161o re\u0161itev.","robots":{"index":"index","follow":"follow","max-snippet":"max-snippet:-1","max-image-preview":"max-image-preview:large","max-video-preview":"max-video-preview:-1"},"canonical":"https:\/\/www.mivam.com\/izdelek\/sledilec-oci-eye-gaze\/","og_locale":"en_US","og_type":"article","og_title":"SLEDILEC O\u010cI (EYE-GAZE) - Mi Vam","og_description":"Sistemi za sledenje o\u010dem vam omogo\u010dajo, da lahko upravljate in nadzorujete svoj ra\u010dunalnik tako, da ta spremlja, kam je usmerjen va\u0161 pogled. V ponudbi imamo razli\u010dne kamere za sledenje o\u010dem, ki bodo prav vsakemu posamezniku pomagale najti naju\u010dinkovitej\u0161o re\u0161itev.","og_url":"https:\/\/www.mivam.com\/izdelek\/sledilec-oci-eye-gaze\/","og_site_name":"Mi Vam","article_modified_time":"2025-06-19T05:10:54+00:00","og_image":[{"width":640,"height":353,"url":"https:\/\/www.mivam.com\/wp-content\/uploads\/2022\/08\/lumin-i-with-grid-pad-12.png","type":"image\/png"}],"twitter_card":"summary_large_image","twitter_misc":{"Est. reading time":"3 minutes"},"schema":{"@context":"https:\/\/schema.org","@graph":[{"@type":"WebPage","@id":"https:\/\/www.mivam.com\/izdelek\/sledilec-oci-eye-gaze\/","url":"https:\/\/www.mivam.com\/izdelek\/sledilec-oci-eye-gaze\/","name":"SLEDILEC O\u010cI (EYE-GAZE) - Mi Vam","isPartOf":{"@id":"https:\/\/www.mivam.com\/#website"},"primaryImageOfPage":{"@id":"https:\/\/www.mivam.com\/izdelek\/sledilec-oci-eye-gaze\/#primaryimage"},"image":{"@id":"https:\/\/www.mivam.com\/izdelek\/sledilec-oci-eye-gaze\/#primaryimage"},"thumbnailUrl":"https:\/\/www.mivam.com\/wp-content\/uploads\/2022\/08\/lumin-i-with-grid-pad-12.png","datePublished":"2022-08-30T10:00:51+00:00","dateModified":"2025-06-19T05:10:54+00:00","description":"Sistemi za sledenje o\u010dem vam omogo\u010dajo, da lahko upravljate in nadzorujete svoj ra\u010dunalnik tako, da ta spremlja, kam je usmerjen va\u0161 pogled. V ponudbi imamo razli\u010dne kamere za sledenje o\u010dem, ki bodo prav vsakemu posamezniku pomagale najti naju\u010dinkovitej\u0161o re\u0161itev.","breadcrumb":{"@id":"https:\/\/www.mivam.com\/izdelek\/sledilec-oci-eye-gaze\/#breadcrumb"},"inLanguage":"en-US","potentialAction":[{"@type":"ReadAction","target":["https:\/\/www.mivam.com\/izdelek\/sledilec-oci-eye-gaze\/"]}]},{"@type":"ImageObject","inLanguage":"en-US","@id":"https:\/\/www.mivam.com\/izdelek\/sledilec-oci-eye-gaze\/#primaryimage","url":"https:\/\/www.mivam.com\/wp-content\/uploads\/2022\/08\/lumin-i-with-grid-pad-12.png","contentUrl":"https:\/\/www.mivam.com\/wp-content\/uploads\/2022\/08\/lumin-i-with-grid-pad-12.png","width":640,"height":353},{"@type":"BreadcrumbList","@id":"https:\/\/www.mivam.com\/izdelek\/sledilec-oci-eye-gaze\/#breadcrumb","itemListElement":[{"@type":"ListItem","position":1,"name":"Domov","item":"https:\/\/www.mivam.com\/"},{"@type":"ListItem","position":2,"name":"Shop","item":"https:\/\/www.mivam.com\/en\/shop\/"},{"@type":"ListItem","position":3,"name":"Komunikatorji","item":"https:\/\/www.mivam.com\/kategorija-izdelka\/komunikatorji\/"},{"@type":"ListItem","position":4,"name":"Grid pad","item":"https:\/\/www.mivam.com\/kategorija-izdelka\/komunikatorji\/grid-pad\/"},{"@type":"ListItem","position":5,"name":"SLEDILEC O\u010cI (EYE-GAZE)"}]},{"@type":"WebSite","@id":"https:\/\/www.mivam.com\/#website","url":"https:\/\/www.mivam.com\/","name":"Mi Vam","description":"Medicinski pripomo\u010dki in re\u0161itve za manj odvisno \u017eivljenje.","potentialAction":[{"@type":"SearchAction","target":{"@type":"EntryPoint","urlTemplate":"https:\/\/www.mivam.com\/?s={search_term_string}"},"query-input":{"@type":"PropertyValueSpecification","valueRequired":true,"valueName":"search_term_string"}}],"inLanguage":"en-US"}]}},"_links":{"self":[{"href":"https:\/\/www.mivam.com\/en\/wp-json\/wp\/v2\/product\/2928","targetHints":{"allow":["GET"]}}],"collection":[{"href":"https:\/\/www.mivam.com\/en\/wp-json\/wp\/v2\/product"}],"about":[{"href":"https:\/\/www.mivam.com\/en\/wp-json\/wp\/v2\/types\/product"}],"replies":[{"embeddable":true,"href":"https:\/\/www.mivam.com\/en\/wp-json\/wp\/v2\/comments?post=2928"}],"wp:featuredmedia":[{"embeddable":true,"href":"https:\/\/www.mivam.com\/en\/wp-json\/wp\/v2\/media\/2974"}],"wp:attachment":[{"href":"https:\/\/www.mivam.com\/en\/wp-json\/wp\/v2\/media?parent=2928"}],"wp:term":[{"taxonomy":"product_brand","embeddable":true,"href":"https:\/\/www.mivam.com\/en\/wp-json\/wp\/v2\/product_brand?post=2928"},{"taxonomy":"product_cat","embeddable":true,"href":"https:\/\/www.mivam.com\/en\/wp-json\/wp\/v2\/product_cat?post=2928"},{"taxonomy":"product_tag","embeddable":true,"href":"https:\/\/www.mivam.com\/en\/wp-json\/wp\/v2\/product_tag?post=2928"}],"curies":[{"name":"wp","href":"https:\/\/api.w.org\/{rel}","templated":true}]}}