{"id":2927,"date":"2022-08-30T12:00:12","date_gmt":"2022-08-30T10:00:12","guid":{"rendered":"https:\/\/www.mivam.com\/?post_type=product&#038;p=2927"},"modified":"2024-11-21T12:17:04","modified_gmt":"2024-11-21T11:17:04","slug":"grid-pad-15","status":"publish","type":"product","link":"https:\/\/www.mivam.com\/en\/izdelek\/grid-pad-15\/","title":{"rendered":"GRID PAD 15"},"content":{"rendered":"<div class=\"wpb-content-wrapper\"><p>[vc_row full_width=&#8221;stretch_row&#8221; el_class=&#8221;prod-desc-row&#8221;][vc_column width=&#8221;1\/2&#8243;][vc_column_text]<\/p>\n<h4>Glavne zna\u010dilnosti<\/h4>\n<ul>\n<li>Zmogljiv ra\u010dunalnik za hitro komunikacijo<\/li>\n<li>15,6-pal\u010dni robustni zaslon v polni lo\u010dljivosti HD<\/li>\n<li>Ohi\u0161je in zaslon, odporna proti mikrobom<\/li>\n<li>4,6-pal\u010dni dodatni zaslon, obrnjen nazaj<\/li>\n<li>Mo\u017enost uporabe s katero koli metodo dostopa<\/li>\n<li>14-urno delovanje baterije (9\u00a0ur z mo\u017enostjo sledenja o\u010dem)<\/li>\n<li>Visokokakovosten oja\u010den zvok<\/li>\n<li>Gumb za daljinski vklop<\/li>\n<li>Vgrajen radio in infrarde\u010di okoljski nadzor<\/li>\n<li>Vodoodporni gumbi na dotik<\/li>\n<li>Prilagodljivo stojalo in mo\u017enosti namestitve<\/li>\n<li>Uporablja tehnologijo Grid\u00a03<\/li>\n<\/ul>\n<p>[\/vc_column_text][\/vc_column][vc_column width=&#8221;1\/2&#8243;][vc_single_image image=&#8221;2965&#8243; img_size=&#8221;full&#8221; alignment=&#8221;center&#8221;][\/vc_column][\/vc_row][vc_row el_class=&#8221;prod-desc-row&#8221;][vc_column][vc_column_text]<\/p>\n<h4>Zasnovana za razli\u010dne na\u010dine dostopa<\/h4>\n<p>[\/vc_column_text][vc_single_image image=&#8221;2963&#8243; img_size=&#8221;full&#8221; alignment=&#8221;center&#8221;][\/vc_column][\/vc_row][vc_row full_width=&#8221;stretch_row&#8221; el_class=&#8221;prod-desc-row grey-bg&#8221;][vc_column width=&#8221;1\/2&#8243;][vc_column_text]<\/p>\n<h4>Dodatni zaslon z \u017eivimi barvami<\/h4>\n<p>Ker ima naprava \u0161e en dodaten zaslon, lahko svoje sporo\u010dilo prika\u017eete na zadnji strani naprave in tako izbolj\u0161ate komunikacijo v razli\u010dnih okoljih in situacijah.[\/vc_column_text][\/vc_column][vc_column width=&#8221;1\/2&#8243;][vc_single_image image=&#8221;2967&#8243; img_size=&#8221;full&#8221; alignment=&#8221;center&#8221;][\/vc_column][\/vc_row][vc_row full_width=&#8221;stretch_row&#8221; el_class=&#8221;prod-desc-row&#8221;][vc_column width=&#8221;1\/2&#8243;][vc_single_image image=&#8221;2968&#8243; img_size=&#8221;full&#8221; alignment=&#8221;center&#8221;][\/vc_column][vc_column width=&#8221;1\/2&#8243;][vc_column_text]<\/p>\n<h4>Pripravljena za dostop prek sledenja o\u010dem<\/h4>\n<p>Spremenite napravo Grid Pad\u00a015 v robustno namensko napravo za sledenje o\u010dem z na\u0161im namenskim vgrajenim modulom za dostop prek sledenja pogleda. Na voljo je s tehnologijo za sledenje o\u010dem\u00a0Lumin-i\u00a0in\u00a0Alea IntelliGaze.<\/p>\n<p>Na voljo so vam tudi po meri prilagojene monta\u017ene plo\u0161\u010de, ki jih lahko uporabljate s \u0161tevilnimi drugimi napravami za spremljanje premikanja o\u010desa.<\/p>\n<p>Programska oprema Grid\u00a03 za podporno in nadomestno komunikacijo je zdru\u017eljiva z naslednjimi napravami za spremljanje premikanja o\u010desa: EyeTech TM5 mini, Alea IntelliGaze, Tobii Dynavox PCEye 5, Tobii Dynavox PCEye Mini, Eyegaze Edge, Irisbond Hiru, Irisbond Duo in Seetech.[\/vc_column_text][\/vc_column][\/vc_row][vc_row full_width=&#8221;stretch_row&#8221; el_class=&#8221;prod-desc-row grey-bg&#8221;][vc_column width=&#8221;1\/2&#8243;][vc_column_text]<\/p>\n<h4>Stikalo in naprave USB<\/h4>\n<p>Naprava ima dva vhoda za stikala in dva vhoda USB, ki vam omogo\u010data, da lahko za dostop do naprave uporabite katero koli drugo vrsto alternativne naprave, kot so krmilna palica, sledilna kroglica, naprava HeadMouse Nano ali naglavna mi\u0161ka Quha Zono.<\/p>\n<h4>Slu\u0161ne povratne informacije<\/h4>\n<p>Vti\u010dnica za slu\u0161alke se lahko uporablja za zagotavljanje slu\u0161nih povratnih informacij, ki bodo koristne za osebe z okvaro vida. Programska oprema Grid\u00a03 vam omogo\u010da, da lahko sli\u0161ite, kaj bo rekla celica, preden jo izberete.[\/vc_column_text][\/vc_column][vc_column width=&#8221;1\/2&#8243;][vc_single_image image=&#8221;2969&#8243; img_size=&#8221;full&#8221; alignment=&#8221;center&#8221;][\/vc_column][\/vc_row][vc_row full_width=&#8221;stretch_row&#8221; el_class=&#8221;prod-desc-row&#8221;][vc_column][vc_column_text]<strong>Protimikrobna tehnologija<\/strong><\/p>\n<p>Naprava Grid Pad\u00a015 se pona\u0161a s protimikrobnim ohi\u0161jem in zaslonom, ki zavirata razmno\u017eevanje bakterij. Tehnologija Sanitized<sup>\u00ae<\/sup>, ki je vgrajena v napravo, poskrbi, da naprava ostane \u010distej\u0161a dlje \u010dasa, kar je kot nala\u0161\u010d za klini\u010dno okolje.[\/vc_column_text][vc_single_image image=&#8221;2957&#8243; img_size=&#8221;full&#8221; alignment=&#8221;center&#8221;][\/vc_column][\/vc_row][vc_row full_width=&#8221;stretch_row&#8221; el_class=&#8221;prod-desc-row grey-bg&#8221;][vc_column][vc_row_inner][vc_column_inner][vc_column_text]<\/p>\n<h4>Stikalo in naprave USB<\/h4>\n<p>[\/vc_column_text][\/vc_column_inner][\/vc_row_inner][vc_row_inner][vc_column_inner width=&#8221;2\/3&#8243;][vc_column_text]<\/p>\n<h4>Celodnevna in vsakodnevna komunikacija<\/h4>\n<p><strong>Trpe\u017een zaslon na dotik<\/strong><\/p>\n<p>Naprava Grid Pad\u00a015 ima 15,6-pal\u010dni zaslon na dotik iz kaljenega stekla. Premaz proti ble\u0161\u010danju poskrbi za manj odsevov in skrbi za bolj\u0161o vidljivost zaslona tudi, ko ste zunaj.[\/vc_column_text][\/vc_column_inner][vc_column_inner width=&#8221;1\/3&#8243;][vc_single_image image=&#8221;2970&#8243; img_size=&#8221;full&#8221; alignment=&#8221;center&#8221;][\/vc_column_inner][\/vc_row_inner][vc_row_inner][vc_column_inner width=&#8221;2\/3&#8243;][vc_column_text]<\/p>\n<h4>Zmogljiv ra\u010dunalnik<\/h4>\n<p>Naprava Grid Pad\u00a015 ima hitri procesor i5 Intel, pomnilnik RAM velikosti 8\u00a0GB in polprevodni\u0161ki trdi disk velikosti 256\u00a0GB. Je kot nala\u0161\u010d za hitro komunikacijo, izvajanje zapletenih mre\u017enih nastavitev z velikim \u0161tevilom celic in uporabo ra\u010dunalni\u0161kega nadzora.<\/p>\n<p>[\/vc_column_text][\/vc_column_inner][vc_column_inner width=&#8221;1\/3&#8243;][vc_single_image image=&#8221;2971&#8243; img_size=&#8221;full&#8221; alignment=&#8221;center&#8221;][\/vc_column_inner][\/vc_row_inner][vc_row_inner][vc_column_inner width=&#8221;2\/3&#8243;][vc_column_text]<\/p>\n<p><strong>Baterija deluje ves dan<\/strong><\/p>\n<p>Naprava Grid Pad\u00a015 je zasnovana tako, da vam pomaga komunicirati skozi ves dan. Zmogljiva baterija (148\u00a0Wh) omogo\u010da neprekinjeno uporabo do 14\u00a0ur (do 9\u00a0ur pri na\u010dinu sledenja o\u010dem).<\/p>\n<p>Za primerjavo: naprava iPad\u00a010.2 ima baterijo 32,9\u00a0Wh.[\/vc_column_text][\/vc_column_inner][vc_column_inner width=&#8221;1\/3&#8243;][vc_single_image image=&#8221;2972&#8243; img_size=&#8221;full&#8221; alignment=&#8221;center&#8221;][\/vc_column_inner][\/vc_row_inner][\/vc_column][\/vc_row][vc_row full_width=&#8221;stretch_row&#8221; el_class=&#8221;prod-desc-row&#8221;][vc_column width=&#8221;1\/2&#8243;][vc_single_image image=&#8221;2973&#8243; img_size=&#8221;full&#8221; alignment=&#8221;center&#8221;][\/vc_column][vc_column width=&#8221;1\/2&#8243;][vc_column_text]<\/p>\n<h4>Jasen in oja\u010den zvok<\/h4>\n<p>Vgrajeni zvo\u010dniki so zasnovani za reprodukcijo zvoka ter zagotavljanje visokokakovostnega zvoka in glasnosti, kar vam pomaga pri u\u010dinkovitem sporo\u010danju svojega mnenja, ne glede na to, kje ste.<\/p>\n<h4>Mo\u017enosti namestitve<\/h4>\n<p>Napravo lahko s pomo\u010djo dvojne monta\u017ene plo\u0161\u010de Grid Pad, ki je zdru\u017eljiva z monta\u017enimi sistemi znamk Daessy in Rehadapt, preprosto namestite na invalidski vozi\u010dek, namizno ali talno stojalo.<\/p>\n<h4>Nadzor okolja<\/h4>\n<p>Upravljajte vsakdanje predmete v svojem domu s katero koli metodo dostopa. Vklopite lu\u010d, zamenjajte program na televiziji, odprite vrata in \u0161e veliko ve\u010d. Sistem deluje tako, da signale po\u0161ilja prek oddajnika v napravi Grid Pad v sprejemnike v va\u0161em domu.[\/vc_column_text][\/vc_column][\/vc_row][vc_row full_width=&#8221;stretch_row&#8221; el_class=&#8221;prod-desc-row grey-bg&#8221;][vc_column][vc_column_text]<\/p>\n<h4><strong>Uporablja tehnologijo Grid<\/strong><\/h4>\n<p>Grid\u00a03 je programska oprema, ki je name\u0161\u010dena v vsaki napravi Grid Pad in se pona\u0161a z namenskimi aplikacijami za komuniciranje, nadzor okolja, shranjevanje sporo\u010dil, brskanje po spletu, uporabo dru\u017eabnih medijev, po\u0161iljanje e-po\u0161tnih sporo\u010dil in besedilnih sporo\u010dil, poslu\u0161anje glasbe in \u0161e ve\u010d. Vsebuje tudi \u0161iroko paleto virov za podporno in nadomestno komunikacijo, ki so zasnovani za vse starosti in razli\u010dne stopnje pismenosti.[\/vc_column_text][vc_single_image image=&#8221;2949&#8243; img_size=&#8221;full&#8221; alignment=&#8221;center&#8221;][\/vc_column][\/vc_row]<\/p>\n<\/div>","protected":false},"excerpt":{"rendered":"<p>Naprava Grid Pad\u00a015 je pripomo\u010dek za komunikacijo, ki se pona\u0161a s celovitim naborom funkcij in ki je bil zasnovan za zagotavljanje neodvisnosti, s 15,6-pal\u010dnim zaslonom in dodatnim zaslonom, obrnjenim nazaj. Na voljo je z na\u010dinom dostopa prek sledenja o\u010dem s tehnologijo Lumin-i ali Alea IntelliGaze. Naprava Grid Pad\u00a015 podpira katero koli metodo dostopa in se pona\u0161a s 14-urnim delovanjem baterije.<\/p>\n","protected":false},"featured_media":2966,"comment_status":"closed","ping_status":"closed","template":"","meta":[],"product_brand":[],"product_cat":[223,172],"product_tag":[177,178,189,130,176,180],"class_list":{"0":"post-2927","1":"product","2":"type-product","3":"status-publish","4":"has-post-thumbnail","6":"product_cat-komunikatorji","7":"product_cat-grid-pad","8":"product_tag-grid","9":"product_tag-grid-pad","10":"product_tag-grid-pad-15","11":"product_tag-komunikator","12":"product_tag-komunikatorji","13":"product_tag-smartbox","15":"first","16":"instock","17":"taxable","18":"shipping-taxable","19":"product-type-simple"},"yoast_head":"<!-- This site is optimized with the Yoast SEO plugin v24.0 - https:\/\/yoast.com\/wordpress\/plugins\/seo\/ -->\n<title>GRID PAD 15 - Mi Vam<\/title>\n<meta name=\"description\" content=\"Naprava Grid Pad\u00a015 je pripomo\u010dek za komunikacijo, ki se pona\u0161a s celovitim naborom funkcij in ki je bil zasnovan za zagotavljanje neodvisnosti, s 15,6-pal\u010dnim zaslonom in dodatnim zaslonom, obrnjenim nazaj. Na voljo je z na\u010dinom dostopa prek sledenja o\u010dem s tehnologijo Lumin-i ali Alea IntelliGaze. Naprava Grid Pad\u00a015 podpira katero koli metodo dostopa in se pona\u0161a s 14-urnim delovanjem baterije.\" \/>\n<meta name=\"robots\" content=\"index, follow, max-snippet:-1, max-image-preview:large, max-video-preview:-1\" \/>\n<link rel=\"canonical\" href=\"https:\/\/www.mivam.com\/izdelek\/grid-pad-15\/\" \/>\n<meta property=\"og:locale\" content=\"en_US\" \/>\n<meta property=\"og:type\" content=\"article\" \/>\n<meta property=\"og:title\" content=\"GRID PAD 15 - Mi Vam\" \/>\n<meta property=\"og:description\" content=\"Naprava Grid Pad\u00a015 je pripomo\u010dek za komunikacijo, ki se pona\u0161a s celovitim naborom funkcij in ki je bil zasnovan za zagotavljanje neodvisnosti, s 15,6-pal\u010dnim zaslonom in dodatnim zaslonom, obrnjenim nazaj. Na voljo je z na\u010dinom dostopa prek sledenja o\u010dem s tehnologijo Lumin-i ali Alea IntelliGaze. Naprava Grid Pad\u00a015 podpira katero koli metodo dostopa in se pona\u0161a s 14-urnim delovanjem baterije.\" \/>\n<meta property=\"og:url\" content=\"https:\/\/www.mivam.com\/izdelek\/grid-pad-15\/\" \/>\n<meta property=\"og:site_name\" content=\"Mi Vam\" \/>\n<meta property=\"article:modified_time\" content=\"2024-11-21T11:17:04+00:00\" \/>\n<meta property=\"og:image\" content=\"https:\/\/www.mivam.com\/wp-content\/uploads\/2022\/08\/grid-pad-hero.png\" \/>\n\t<meta property=\"og:image:width\" content=\"1069\" \/>\n\t<meta property=\"og:image:height\" content=\"600\" \/>\n\t<meta property=\"og:image:type\" content=\"image\/png\" \/>\n<meta name=\"twitter:card\" content=\"summary_large_image\" \/>\n<meta name=\"twitter:label1\" content=\"Est. reading time\" \/>\n\t<meta name=\"twitter:data1\" content=\"5 minutes\" \/>\n<script type=\"application\/ld+json\" class=\"yoast-schema-graph\">{\"@context\":\"https:\/\/schema.org\",\"@graph\":[{\"@type\":\"WebPage\",\"@id\":\"https:\/\/www.mivam.com\/izdelek\/grid-pad-15\/\",\"url\":\"https:\/\/www.mivam.com\/izdelek\/grid-pad-15\/\",\"name\":\"GRID PAD 15 - Mi Vam\",\"isPartOf\":{\"@id\":\"https:\/\/www.mivam.com\/#website\"},\"primaryImageOfPage\":{\"@id\":\"https:\/\/www.mivam.com\/izdelek\/grid-pad-15\/#primaryimage\"},\"image\":{\"@id\":\"https:\/\/www.mivam.com\/izdelek\/grid-pad-15\/#primaryimage\"},\"thumbnailUrl\":\"https:\/\/www.mivam.com\/wp-content\/uploads\/2022\/08\/grid-pad-hero.png\",\"datePublished\":\"2022-08-30T10:00:12+00:00\",\"dateModified\":\"2024-11-21T11:17:04+00:00\",\"description\":\"Naprava Grid Pad\u00a015 je pripomo\u010dek za komunikacijo, ki se pona\u0161a s celovitim naborom funkcij in ki je bil zasnovan za zagotavljanje neodvisnosti, s 15,6-pal\u010dnim zaslonom in dodatnim zaslonom, obrnjenim nazaj. Na voljo je z na\u010dinom dostopa prek sledenja o\u010dem s tehnologijo Lumin-i ali Alea IntelliGaze. Naprava Grid Pad\u00a015 podpira katero koli metodo dostopa in se pona\u0161a s 14-urnim delovanjem baterije.\",\"breadcrumb\":{\"@id\":\"https:\/\/www.mivam.com\/izdelek\/grid-pad-15\/#breadcrumb\"},\"inLanguage\":\"en-US\",\"potentialAction\":[{\"@type\":\"ReadAction\",\"target\":[\"https:\/\/www.mivam.com\/izdelek\/grid-pad-15\/\"]}]},{\"@type\":\"ImageObject\",\"inLanguage\":\"en-US\",\"@id\":\"https:\/\/www.mivam.com\/izdelek\/grid-pad-15\/#primaryimage\",\"url\":\"https:\/\/www.mivam.com\/wp-content\/uploads\/2022\/08\/grid-pad-hero.png\",\"contentUrl\":\"https:\/\/www.mivam.com\/wp-content\/uploads\/2022\/08\/grid-pad-hero.png\",\"width\":1069,\"height\":600},{\"@type\":\"BreadcrumbList\",\"@id\":\"https:\/\/www.mivam.com\/izdelek\/grid-pad-15\/#breadcrumb\",\"itemListElement\":[{\"@type\":\"ListItem\",\"position\":1,\"name\":\"Domov\",\"item\":\"https:\/\/www.mivam.com\/\"},{\"@type\":\"ListItem\",\"position\":2,\"name\":\"Shop\",\"item\":\"https:\/\/www.mivam.com\/en\/shop\/\"},{\"@type\":\"ListItem\",\"position\":3,\"name\":\"Komunikatorji\",\"item\":\"https:\/\/www.mivam.com\/kategorija-izdelka\/komunikatorji\/\"},{\"@type\":\"ListItem\",\"position\":4,\"name\":\"Grid pad\",\"item\":\"https:\/\/www.mivam.com\/kategorija-izdelka\/komunikatorji\/grid-pad\/\"},{\"@type\":\"ListItem\",\"position\":5,\"name\":\"GRID PAD 15\"}]},{\"@type\":\"WebSite\",\"@id\":\"https:\/\/www.mivam.com\/#website\",\"url\":\"https:\/\/www.mivam.com\/\",\"name\":\"Mi Vam\",\"description\":\"Medicinski pripomo\u010dki in re\u0161itve za manj odvisno \u017eivljenje.\",\"potentialAction\":[{\"@type\":\"SearchAction\",\"target\":{\"@type\":\"EntryPoint\",\"urlTemplate\":\"https:\/\/www.mivam.com\/?s={search_term_string}\"},\"query-input\":{\"@type\":\"PropertyValueSpecification\",\"valueRequired\":true,\"valueName\":\"search_term_string\"}}],\"inLanguage\":\"en-US\"}]}<\/script>\n<!-- \/ Yoast SEO plugin. -->","yoast_head_json":{"title":"GRID PAD 15 - Mi Vam","description":"Naprava Grid Pad\u00a015 je pripomo\u010dek za komunikacijo, ki se pona\u0161a s celovitim naborom funkcij in ki je bil zasnovan za zagotavljanje neodvisnosti, s 15,6-pal\u010dnim zaslonom in dodatnim zaslonom, obrnjenim nazaj. Na voljo je z na\u010dinom dostopa prek sledenja o\u010dem s tehnologijo Lumin-i ali Alea IntelliGaze. Naprava Grid Pad\u00a015 podpira katero koli metodo dostopa in se pona\u0161a s 14-urnim delovanjem baterije.","robots":{"index":"index","follow":"follow","max-snippet":"max-snippet:-1","max-image-preview":"max-image-preview:large","max-video-preview":"max-video-preview:-1"},"canonical":"https:\/\/www.mivam.com\/izdelek\/grid-pad-15\/","og_locale":"en_US","og_type":"article","og_title":"GRID PAD 15 - Mi Vam","og_description":"Naprava Grid Pad\u00a015 je pripomo\u010dek za komunikacijo, ki se pona\u0161a s celovitim naborom funkcij in ki je bil zasnovan za zagotavljanje neodvisnosti, s 15,6-pal\u010dnim zaslonom in dodatnim zaslonom, obrnjenim nazaj. Na voljo je z na\u010dinom dostopa prek sledenja o\u010dem s tehnologijo Lumin-i ali Alea IntelliGaze. Naprava Grid Pad\u00a015 podpira katero koli metodo dostopa in se pona\u0161a s 14-urnim delovanjem baterije.","og_url":"https:\/\/www.mivam.com\/izdelek\/grid-pad-15\/","og_site_name":"Mi Vam","article_modified_time":"2024-11-21T11:17:04+00:00","og_image":[{"width":1069,"height":600,"url":"https:\/\/www.mivam.com\/wp-content\/uploads\/2022\/08\/grid-pad-hero.png","type":"image\/png"}],"twitter_card":"summary_large_image","twitter_misc":{"Est. reading time":"5 minutes"},"schema":{"@context":"https:\/\/schema.org","@graph":[{"@type":"WebPage","@id":"https:\/\/www.mivam.com\/izdelek\/grid-pad-15\/","url":"https:\/\/www.mivam.com\/izdelek\/grid-pad-15\/","name":"GRID PAD 15 - Mi Vam","isPartOf":{"@id":"https:\/\/www.mivam.com\/#website"},"primaryImageOfPage":{"@id":"https:\/\/www.mivam.com\/izdelek\/grid-pad-15\/#primaryimage"},"image":{"@id":"https:\/\/www.mivam.com\/izdelek\/grid-pad-15\/#primaryimage"},"thumbnailUrl":"https:\/\/www.mivam.com\/wp-content\/uploads\/2022\/08\/grid-pad-hero.png","datePublished":"2022-08-30T10:00:12+00:00","dateModified":"2024-11-21T11:17:04+00:00","description":"Naprava Grid Pad\u00a015 je pripomo\u010dek za komunikacijo, ki se pona\u0161a s celovitim naborom funkcij in ki je bil zasnovan za zagotavljanje neodvisnosti, s 15,6-pal\u010dnim zaslonom in dodatnim zaslonom, obrnjenim nazaj. Na voljo je z na\u010dinom dostopa prek sledenja o\u010dem s tehnologijo Lumin-i ali Alea IntelliGaze. Naprava Grid Pad\u00a015 podpira katero koli metodo dostopa in se pona\u0161a s 14-urnim delovanjem baterije.","breadcrumb":{"@id":"https:\/\/www.mivam.com\/izdelek\/grid-pad-15\/#breadcrumb"},"inLanguage":"en-US","potentialAction":[{"@type":"ReadAction","target":["https:\/\/www.mivam.com\/izdelek\/grid-pad-15\/"]}]},{"@type":"ImageObject","inLanguage":"en-US","@id":"https:\/\/www.mivam.com\/izdelek\/grid-pad-15\/#primaryimage","url":"https:\/\/www.mivam.com\/wp-content\/uploads\/2022\/08\/grid-pad-hero.png","contentUrl":"https:\/\/www.mivam.com\/wp-content\/uploads\/2022\/08\/grid-pad-hero.png","width":1069,"height":600},{"@type":"BreadcrumbList","@id":"https:\/\/www.mivam.com\/izdelek\/grid-pad-15\/#breadcrumb","itemListElement":[{"@type":"ListItem","position":1,"name":"Domov","item":"https:\/\/www.mivam.com\/"},{"@type":"ListItem","position":2,"name":"Shop","item":"https:\/\/www.mivam.com\/en\/shop\/"},{"@type":"ListItem","position":3,"name":"Komunikatorji","item":"https:\/\/www.mivam.com\/kategorija-izdelka\/komunikatorji\/"},{"@type":"ListItem","position":4,"name":"Grid pad","item":"https:\/\/www.mivam.com\/kategorija-izdelka\/komunikatorji\/grid-pad\/"},{"@type":"ListItem","position":5,"name":"GRID PAD 15"}]},{"@type":"WebSite","@id":"https:\/\/www.mivam.com\/#website","url":"https:\/\/www.mivam.com\/","name":"Mi Vam","description":"Medicinski pripomo\u010dki in re\u0161itve za manj odvisno \u017eivljenje.","potentialAction":[{"@type":"SearchAction","target":{"@type":"EntryPoint","urlTemplate":"https:\/\/www.mivam.com\/?s={search_term_string}"},"query-input":{"@type":"PropertyValueSpecification","valueRequired":true,"valueName":"search_term_string"}}],"inLanguage":"en-US"}]}},"_links":{"self":[{"href":"https:\/\/www.mivam.com\/en\/wp-json\/wp\/v2\/product\/2927","targetHints":{"allow":["GET"]}}],"collection":[{"href":"https:\/\/www.mivam.com\/en\/wp-json\/wp\/v2\/product"}],"about":[{"href":"https:\/\/www.mivam.com\/en\/wp-json\/wp\/v2\/types\/product"}],"replies":[{"embeddable":true,"href":"https:\/\/www.mivam.com\/en\/wp-json\/wp\/v2\/comments?post=2927"}],"wp:featuredmedia":[{"embeddable":true,"href":"https:\/\/www.mivam.com\/en\/wp-json\/wp\/v2\/media\/2966"}],"wp:attachment":[{"href":"https:\/\/www.mivam.com\/en\/wp-json\/wp\/v2\/media?parent=2927"}],"wp:term":[{"taxonomy":"product_brand","embeddable":true,"href":"https:\/\/www.mivam.com\/en\/wp-json\/wp\/v2\/product_brand?post=2927"},{"taxonomy":"product_cat","embeddable":true,"href":"https:\/\/www.mivam.com\/en\/wp-json\/wp\/v2\/product_cat?post=2927"},{"taxonomy":"product_tag","embeddable":true,"href":"https:\/\/www.mivam.com\/en\/wp-json\/wp\/v2\/product_tag?post=2927"}],"curies":[{"name":"wp","href":"https:\/\/api.w.org\/{rel}","templated":true}]}}