{"id":2926,"date":"2022-08-30T11:59:51","date_gmt":"2022-08-30T09:59:51","guid":{"rendered":"https:\/\/www.mivam.com\/?post_type=product&#038;p=2926"},"modified":"2025-05-07T10:13:55","modified_gmt":"2025-05-07T08:13:55","slug":"grid-pad-12","status":"publish","type":"product","link":"https:\/\/www.mivam.com\/en\/izdelek\/grid-pad-12\/","title":{"rendered":"GRID PAD 12"},"content":{"rendered":"<div class=\"wpb-content-wrapper\"><p>[vc_row full_width=&#8221;stretch_row&#8221; el_class=&#8221;prod-desc-row&#8221;][vc_column width=&#8221;1\/2&#8243;][vc_column_text]<\/p>\n<h4>Glavne zna\u010dilnosti<\/h4>\n<ul>\n<li>Zmogljiv ra\u010dunalnik za hitro komunikacijo<\/li>\n<li>15\u00a0ur delovanja baterije (10\u00a0ur z uporabo sledenja o\u010dem)<\/li>\n<li>Ohi\u0161je in zaslon, odporna proti mikrobom<\/li>\n<li>Lahko se uporablja prek sledenja o\u010dem, stikal, gumbov na dotik ali naprav USB<\/li>\n<li>Za\u0161\u010dita pred udarci, naprava lahko varno pade na tla (do vi\u0161ine 1\u00a0m)<\/li>\n<li>12,5-pal\u010dni zaslon na dotik v polni lo\u010dljivosti HD in tehnologijo proti ble\u0161\u010danju<\/li>\n<li>Gumb za daljinski vklop<\/li>\n<li>Visokokakovosten oja\u010den zvok<\/li>\n<li>Vgrajen radio in infrarde\u010di okoljski nadzor<\/li>\n<li>Dodaten zaslon kot dodatna mo\u017enost<\/li>\n<li>Vodoodporni gumbi na dotik, ki so name\u0161\u010deni na priro\u010dnih mestih<\/li>\n<li>Ve\u010dkotno stojalo in mo\u017enost namestitve na invalidski vozi\u010dek<\/li>\n<li>Uporablja tehnologijo Grid\u00a03<\/li>\n<\/ul>\n<p>[\/vc_column_text][\/vc_column][vc_column width=&#8221;1\/2&#8243;][vc_single_image image=&#8221;2953&#8243; img_size=&#8221;full&#8221; alignment=&#8221;center&#8221;][\/vc_column][\/vc_row][vc_row full_width=&#8221;stretch_row&#8221; el_class=&#8221;prod-desc-row grey-bg&#8221;][vc_column][vc_row_inner][vc_column_inner][vc_column_text]<\/p>\n<h4>Celodnevna in vsakodnevna komunikacija<\/h4>\n<p>[\/vc_column_text][\/vc_column_inner][\/vc_row_inner][vc_row_inner][vc_column_inner width=&#8221;2\/3&#8243;][vc_column_text]<strong>Zmogljiv ra\u010dunalnik<\/strong><\/p>\n<p>V napravi Grid Pad\u00a012 je name\u0161\u010den procesor Intel Core\u00a0i5 s pomnilnikom RAM velikosti 8\u00a0GB in prevodni\u0161kim trdim diskom, ki omogo\u010da hitro komunikacijo.<\/p>\n<p>[\/vc_column_text][\/vc_column_inner][vc_column_inner width=&#8221;1\/3&#8243;][vc_single_image image=&#8221;2954&#8243; img_size=&#8221;full&#8221; alignment=&#8221;center&#8221;][\/vc_column_inner][\/vc_row_inner][vc_row_inner][vc_column_inner width=&#8221;2\/3&#8243;][vc_column_text]<strong>Baterija deluje ves dan<\/strong><\/p>\n<p>Naprava Grid Pad\u00a012 je zasnovana tako, da vam pomaga komunicirati skozi ves dan. Zmogljiva baterija omogo\u010da neprekinjeno uporabo do 15\u00a0ur oziroma do 10\u00a0ur pri na\u010dinu sledenja o\u010dem.<\/p>\n<p>[\/vc_column_text][\/vc_column_inner][vc_column_inner width=&#8221;1\/3&#8243;][vc_single_image image=&#8221;2955&#8243; img_size=&#8221;full&#8221; alignment=&#8221;center&#8221;][\/vc_column_inner][\/vc_row_inner][vc_row_inner][vc_column_inner width=&#8221;2\/3&#8243;][vc_column_text]<strong>Gumb za daljinski vklop<\/strong><\/p>\n<p>Naprava Grid Pad\u00a012 se pona\u0161a z gumbom za daljinsko upravljanje, ki vam omogo\u010da ve\u010djo neodvisnost. \u010ce ne morete fizi\u010dno pritisniti gumba za vklop, lahko nanj priklopite katero koli stikalo in ga nato uporabite za vklop naprave Grid Pad\u00a012.[\/vc_column_text][\/vc_column_inner][vc_column_inner width=&#8221;1\/3&#8243;][vc_single_image image=&#8221;2956&#8243; img_size=&#8221;full&#8221; alignment=&#8221;center&#8221;][\/vc_column_inner][\/vc_row_inner][\/vc_column][\/vc_row][vc_row full_width=&#8221;stretch_row&#8221; el_class=&#8221;prod-desc-row&#8221;][vc_column][vc_column_text]<strong>Protimikrobna tehnologija<\/strong><\/p>\n<p>Naprava Grid Pad\u00a012 se pona\u0161a s protimikrobnim ohi\u0161jem in zaslonom, ki zavira razmno\u017eevanje bakterij. Tehnologija Sanitized<sup>\u00ae<\/sup>, ki je vgrajena v napravo, poskrbi, da naprava ostane \u010distej\u0161a dlje \u010dasa, kar je kot nala\u0161\u010d za klini\u010dno okolje.[\/vc_column_text][vc_single_image image=&#8221;2957&#8243; img_size=&#8221;full&#8221; alignment=&#8221;center&#8221;][\/vc_column][\/vc_row][vc_row full_width=&#8221;stretch_row&#8221; el_class=&#8221;prod-desc-row grey-bg&#8221;][vc_column][vc_column_text]<\/p>\n<h4><strong>Uporablja tehnologijo Grid<\/strong><\/h4>\n<p>Grid\u00a03 je programska oprema, ki je name\u0161\u010dena v vsaki napravi Grid Pad in se pona\u0161a z namenskimi aplikacijami za komuniciranje, nadzor okolja, shranjevanje sporo\u010dil, brskanje po spletu, uporabo dru\u017eabnih medijev, po\u0161iljanje e-po\u0161tnih sporo\u010dil in besedilnih sporo\u010dil, poslu\u0161anje glasbe in \u0161e ve\u010d. Vsebuje tudi \u0161iroko paleto virov za podporno in nadomestno komunikacijo, ki so zasnovani za vse starosti in razli\u010dne stopnje pismenosti.[\/vc_column_text][vc_single_image image=&#8221;2949&#8243; img_size=&#8221;full&#8221; alignment=&#8221;center&#8221;][\/vc_column][\/vc_row][vc_row el_class=&#8221;prod-desc-row&#8221;][vc_column][vc_single_image image=&#8221;2958&#8243; img_size=&#8221;full&#8221; alignment=&#8221;center&#8221;][\/vc_column][\/vc_row][vc_row full_width=&#8221;stretch_row&#8221; el_class=&#8221;prod-desc-row grey-bg&#8221;][vc_column width=&#8221;1\/2&#8243;][vc_column_text]<\/p>\n<h4>Zasnovana za razli\u010dne na\u010dine dostopa<\/h4>\n<p><strong>Trpe\u017een zaslon na dotik z visoko lo\u010dljivostjo<\/strong><\/p>\n<p>Naprava Grid Pad\u00a012 ima 12,5-pal\u010dni zaslon na dotik iz kaljenega stekla. Premaz proti ble\u0161\u010danju omogo\u010da, da je zaslon bolje viden tudi, ko ste zunaj.<\/p>\n<p><strong>Za\u0161\u010dita za tipkovnico<\/strong><\/p>\n<p>Trpe\u017ena za\u0161\u010ditna plo\u0161\u010da za tipkovnico, ki se lahko pripne, je na voljo za vsako nastavitev programske opreme Grid\u00a03.<\/p>\n<p><strong>USB-naprave za dostop<\/strong><\/p>\n<p>Naprava Grid Pad\u00a012 ima na zadnji strani dva vhoda USB, ki vam omogo\u010data, da lahko za dostop do naprave uporabite katero koli drugo vrsto alternativne naprave, kot so krmilna palica, sledilna kroglica, naprava HeadMouse Nano ali naglavna mi\u0161ka\u00a0Quha Zono.[\/vc_column_text][\/vc_column][vc_column width=&#8221;1\/2&#8243;][vc_single_image image=&#8221;2959&#8243; img_size=&#8221;full&#8221; alignment=&#8221;center&#8221;][\/vc_column][\/vc_row][vc_row full_width=&#8221;stretch_row&#8221; el_class=&#8221;prod-desc-row&#8221;][vc_column width=&#8221;1\/2&#8243;][vc_single_image image=&#8221;2960&#8243; img_size=&#8221;full&#8221; alignment=&#8221;center&#8221;][\/vc_column][vc_column width=&#8221;1\/2&#8243;][vc_column_text]<\/p>\n<h4>Dostop prek sledenja o\u010dem<\/h4>\n<p>Spremenite napravo Grid Pad\u00a012 v robustno namensko napravo za sledenje o\u010dem z na\u0161im namenskim vgrajenim modulom za dostop prek pogleda. Na voljo je s tehnologijo za sledenje o\u010dem\u00a0Lumin-i\u00a0in\u00a0Alea IntelliGaze.<\/p>\n<p>Na voljo so vam tudi po meri prilagojene monta\u017ene plo\u0161\u010de, ki jih lahko uporabljate s \u0161tevilnimi drugimi napravami za spremljanje premikanja o\u010desa.<\/p>\n<p>Programska oprema Grid\u00a03 za podporno in nadomestno komunikacijo je zdru\u017eljiva z naslednjimi napravami za spremljanje premikanja o\u010desa: EyeTech TM5 mini, Alea IntelliGaze, Tobii Dynavox PCEye 5, Tobii Dynavox PCEye Mini, Eyegaze Edge, Irisbond Hiru, Irisbond Duo in Seetech.[\/vc_column_text][\/vc_column][\/vc_row][vc_row full_width=&#8221;stretch_row&#8221; el_class=&#8221;prod-desc-row grey-bg&#8221;][vc_column width=&#8221;1\/2&#8243;][vc_column_text]<\/p>\n<h4>Vhod za stikalo<\/h4>\n<p>V napravo sta vgrajena dva vhoda za stikala. Posebej oja\u010dena vhoda sta name\u0161\u010dena v vdolbini, kar omogo\u010di \u0161e dodatno za\u0161\u010dito.<\/p>\n<h4>Slu\u0161ne povratne informacije<\/h4>\n<p>Vti\u010dnica za slu\u0161alke se lahko uporablja za zagotavljanje slu\u0161nih povratnih informacij, ki bodo koristne za osebe z okvaro vida. Programska oprema Grid\u00a03 vam omogo\u010da, da lahko sli\u0161ite, kaj bo rekla celica, preden jo izberete.[\/vc_column_text][\/vc_column][vc_column width=&#8221;1\/2&#8243;][vc_single_image image=&#8221;2961&#8243; img_size=&#8221;full&#8221; alignment=&#8221;center&#8221;][\/vc_column][\/vc_row][vc_row full_width=&#8221;stretch_row&#8221; el_class=&#8221;prod-desc-row&#8221;][vc_column width=&#8221;1\/2&#8243;][vc_single_image image=&#8221;2962&#8243; img_size=&#8221;full&#8221; alignment=&#8221;center&#8221;][\/vc_column][vc_column width=&#8221;1\/2&#8243;][vc_column_text]<\/p>\n<h4>Naprava je zasnovana za to, da bodo drugi sli\u0161ali va\u0161e mnenje<\/h4>\n<p>Vgrajeni zvo\u010dniki naprave Grid Pad\u00a012 so zasnovani za zagotavljanje visokokakovostnega zvoka in glasnosti, kar vam pomaga pri u\u010dinkovitem sporo\u010danju svojega mnenja, ne glede na to, kje ste.<\/p>\n<p><strong>Mo\u017enosti name\u0161\u010danja in postavljanja v razli\u010dne polo\u017eaje<\/strong><\/p>\n<p>S pomo\u010djo nosilcev znamk Rehadapt in Daessy lahko svobodno izbirate, kje boste namestili napravo, ne glede na okolje. Napravo Grid Pad\u00a012 lahko uporabite kjer koli, za kar poskrbi namizno stojalo, ki ga lahko namestite pod razli\u010dnimi koti.<\/p>\n<p><strong>Nadzor okolja<\/strong><\/p>\n<p>Naprava Grid Pad\u00a012 se pona\u0161a z vgrajenim infrarde\u010dim in radijskim nadzorom okolja. V napravi je infrarde\u010de u\u010dno okno, ki je usmerjeno naprej in poenostavi vna\u0161anje ukazov.[\/vc_column_text][\/vc_column][\/vc_row]<\/p>\n<\/div>","protected":false},"excerpt":{"rendered":"<p>Naprava Grid Pad\u00a012 je zasnovana za celodnevno in vsakodnevno komunikacijo s pomo\u010djo katere koli metode dostopa. Na voljo je z dodatnim zaslonom ali brez njega ter z na\u010dinom dostopa prek sledenja o\u010dem Lumin-i ali Alea IntelliGaze. Prilagodljiva re\u0161itev za vse osebe s kompleksnimi potrebami glede komunikacije in dostopa. Grid Pad\u00a012 je namenska naprava, ki je bila zasnovana v sodelovanju z uporabniki podporne in nadomestne komunikacije. 15\u00a0ur delovanja baterije, robustna zasnova in razli\u010dne mo\u017enosti dostopa zagotavljajo, da lahko vedno izrazite svoje mnenje.<\/p>\n<p>Grid Pad 12 ni ve\u010d v aktivni ponudbi in je ga nadome\u0161\u010da izdelek GRID PAD 13. Servis in vzdr\u017eevanje je \u0161e naprej na voljo.<\/p>\n","protected":false},"featured_media":2950,"comment_status":"closed","ping_status":"closed","template":"","meta":[],"product_brand":[],"product_cat":[223,172],"product_tag":[177,178,179,130,176,180],"class_list":{"0":"post-2926","1":"product","2":"type-product","3":"status-publish","4":"has-post-thumbnail","6":"product_cat-komunikatorji","7":"product_cat-grid-pad","8":"product_tag-grid","9":"product_tag-grid-pad","10":"product_tag-grid-pad-12","11":"product_tag-komunikator","12":"product_tag-komunikatorji","13":"product_tag-smartbox","15":"first","16":"outofstock","17":"taxable","18":"shipping-taxable","19":"product-type-simple"},"yoast_head":"<!-- This site is optimized with the Yoast SEO plugin v24.0 - https:\/\/yoast.com\/wordpress\/plugins\/seo\/ -->\n<title>GRID PAD 12 - Mi Vam<\/title>\n<meta name=\"description\" content=\"Naprava Grid Pad\u00a012 je zasnovana za celodnevno in vsakodnevno komunikacijo s pomo\u010djo katere koli metode dostopa. Na voljo je z dodatnim zaslonom ali brez njega ter z na\u010dinom dostopa prek sledenja o\u010dem Lumin-i ali Alea IntelliGaze. Prilagodljiva re\u0161itev za vse osebe s kompleksnimi potrebami glede komunikacije in dostopa. Grid Pad\u00a012 je namenska naprava, ki je bila zasnovana v sodelovanju z uporabniki podporne in nadomestne komunikacije. 15\u00a0ur delovanja baterije, robustna zasnova in razli\u010dne mo\u017enosti dostopa zagotavljajo, da lahko vedno izrazite svoje mnenje.  Grid Pad 12 ni ve\u010d v aktivni ponudbi in je ga nadome\u0161\u010da izdelek GRID PAD 13. Servis in vzdr\u017eevanje je \u0161e naprej na voljo.\" \/>\n<meta name=\"robots\" content=\"index, follow, max-snippet:-1, max-image-preview:large, max-video-preview:-1\" \/>\n<link rel=\"canonical\" href=\"https:\/\/www.mivam.com\/izdelek\/grid-pad-12\/\" \/>\n<meta property=\"og:locale\" content=\"en_US\" \/>\n<meta property=\"og:type\" content=\"article\" \/>\n<meta property=\"og:title\" content=\"GRID PAD 12 - Mi Vam\" \/>\n<meta property=\"og:description\" content=\"Naprava Grid Pad\u00a012 je zasnovana za celodnevno in vsakodnevno komunikacijo s pomo\u010djo katere koli metode dostopa. Na voljo je z dodatnim zaslonom ali brez njega ter z na\u010dinom dostopa prek sledenja o\u010dem Lumin-i ali Alea IntelliGaze. Prilagodljiva re\u0161itev za vse osebe s kompleksnimi potrebami glede komunikacije in dostopa. Grid Pad\u00a012 je namenska naprava, ki je bila zasnovana v sodelovanju z uporabniki podporne in nadomestne komunikacije. 15\u00a0ur delovanja baterije, robustna zasnova in razli\u010dne mo\u017enosti dostopa zagotavljajo, da lahko vedno izrazite svoje mnenje.  Grid Pad 12 ni ve\u010d v aktivni ponudbi in je ga nadome\u0161\u010da izdelek GRID PAD 13. Servis in vzdr\u017eevanje je \u0161e naprej na voljo.\" \/>\n<meta property=\"og:url\" content=\"https:\/\/www.mivam.com\/izdelek\/grid-pad-12\/\" \/>\n<meta property=\"og:site_name\" content=\"Mi Vam\" \/>\n<meta property=\"article:modified_time\" content=\"2025-05-07T08:13:55+00:00\" \/>\n<meta property=\"og:image\" content=\"https:\/\/www.mivam.com\/wp-content\/uploads\/2022\/08\/grid-pad-and-grid-pad-with-eye-gaze-no-bg.png\" \/>\n\t<meta property=\"og:image:width\" content=\"1069\" \/>\n\t<meta property=\"og:image:height\" content=\"600\" \/>\n\t<meta property=\"og:image:type\" content=\"image\/png\" \/>\n<meta name=\"twitter:card\" content=\"summary_large_image\" \/>\n<meta name=\"twitter:label1\" content=\"Est. reading time\" \/>\n\t<meta name=\"twitter:data1\" content=\"7 minutes\" \/>\n<script type=\"application\/ld+json\" class=\"yoast-schema-graph\">{\"@context\":\"https:\/\/schema.org\",\"@graph\":[{\"@type\":\"WebPage\",\"@id\":\"https:\/\/www.mivam.com\/izdelek\/grid-pad-12\/\",\"url\":\"https:\/\/www.mivam.com\/izdelek\/grid-pad-12\/\",\"name\":\"GRID PAD 12 - Mi Vam\",\"isPartOf\":{\"@id\":\"https:\/\/www.mivam.com\/#website\"},\"primaryImageOfPage\":{\"@id\":\"https:\/\/www.mivam.com\/izdelek\/grid-pad-12\/#primaryimage\"},\"image\":{\"@id\":\"https:\/\/www.mivam.com\/izdelek\/grid-pad-12\/#primaryimage\"},\"thumbnailUrl\":\"https:\/\/www.mivam.com\/wp-content\/uploads\/2022\/08\/grid-pad-and-grid-pad-with-eye-gaze-no-bg.png\",\"datePublished\":\"2022-08-30T09:59:51+00:00\",\"dateModified\":\"2025-05-07T08:13:55+00:00\",\"description\":\"Naprava Grid Pad\u00a012 je zasnovana za celodnevno in vsakodnevno komunikacijo s pomo\u010djo katere koli metode dostopa. Na voljo je z dodatnim zaslonom ali brez njega ter z na\u010dinom dostopa prek sledenja o\u010dem Lumin-i ali Alea IntelliGaze. Prilagodljiva re\u0161itev za vse osebe s kompleksnimi potrebami glede komunikacije in dostopa. Grid Pad\u00a012 je namenska naprava, ki je bila zasnovana v sodelovanju z uporabniki podporne in nadomestne komunikacije. 15\u00a0ur delovanja baterije, robustna zasnova in razli\u010dne mo\u017enosti dostopa zagotavljajo, da lahko vedno izrazite svoje mnenje. Grid Pad 12 ni ve\u010d v aktivni ponudbi in je ga nadome\u0161\u010da izdelek GRID PAD 13. Servis in vzdr\u017eevanje je \u0161e naprej na voljo.\",\"breadcrumb\":{\"@id\":\"https:\/\/www.mivam.com\/izdelek\/grid-pad-12\/#breadcrumb\"},\"inLanguage\":\"en-US\",\"potentialAction\":[{\"@type\":\"ReadAction\",\"target\":[\"https:\/\/www.mivam.com\/izdelek\/grid-pad-12\/\"]}]},{\"@type\":\"ImageObject\",\"inLanguage\":\"en-US\",\"@id\":\"https:\/\/www.mivam.com\/izdelek\/grid-pad-12\/#primaryimage\",\"url\":\"https:\/\/www.mivam.com\/wp-content\/uploads\/2022\/08\/grid-pad-and-grid-pad-with-eye-gaze-no-bg.png\",\"contentUrl\":\"https:\/\/www.mivam.com\/wp-content\/uploads\/2022\/08\/grid-pad-and-grid-pad-with-eye-gaze-no-bg.png\",\"width\":1069,\"height\":600},{\"@type\":\"BreadcrumbList\",\"@id\":\"https:\/\/www.mivam.com\/izdelek\/grid-pad-12\/#breadcrumb\",\"itemListElement\":[{\"@type\":\"ListItem\",\"position\":1,\"name\":\"Domov\",\"item\":\"https:\/\/www.mivam.com\/\"},{\"@type\":\"ListItem\",\"position\":2,\"name\":\"Shop\",\"item\":\"https:\/\/www.mivam.com\/en\/shop\/\"},{\"@type\":\"ListItem\",\"position\":3,\"name\":\"Komunikatorji\",\"item\":\"https:\/\/www.mivam.com\/kategorija-izdelka\/komunikatorji\/\"},{\"@type\":\"ListItem\",\"position\":4,\"name\":\"Grid pad\",\"item\":\"https:\/\/www.mivam.com\/kategorija-izdelka\/komunikatorji\/grid-pad\/\"},{\"@type\":\"ListItem\",\"position\":5,\"name\":\"GRID PAD 12\"}]},{\"@type\":\"WebSite\",\"@id\":\"https:\/\/www.mivam.com\/#website\",\"url\":\"https:\/\/www.mivam.com\/\",\"name\":\"Mi Vam\",\"description\":\"Medicinski pripomo\u010dki in re\u0161itve za manj odvisno \u017eivljenje.\",\"potentialAction\":[{\"@type\":\"SearchAction\",\"target\":{\"@type\":\"EntryPoint\",\"urlTemplate\":\"https:\/\/www.mivam.com\/?s={search_term_string}\"},\"query-input\":{\"@type\":\"PropertyValueSpecification\",\"valueRequired\":true,\"valueName\":\"search_term_string\"}}],\"inLanguage\":\"en-US\"}]}<\/script>\n<!-- \/ Yoast SEO plugin. -->","yoast_head_json":{"title":"GRID PAD 12 - Mi Vam","description":"Naprava Grid Pad\u00a012 je zasnovana za celodnevno in vsakodnevno komunikacijo s pomo\u010djo katere koli metode dostopa. Na voljo je z dodatnim zaslonom ali brez njega ter z na\u010dinom dostopa prek sledenja o\u010dem Lumin-i ali Alea IntelliGaze. Prilagodljiva re\u0161itev za vse osebe s kompleksnimi potrebami glede komunikacije in dostopa. Grid Pad\u00a012 je namenska naprava, ki je bila zasnovana v sodelovanju z uporabniki podporne in nadomestne komunikacije. 15\u00a0ur delovanja baterije, robustna zasnova in razli\u010dne mo\u017enosti dostopa zagotavljajo, da lahko vedno izrazite svoje mnenje.  Grid Pad 12 ni ve\u010d v aktivni ponudbi in je ga nadome\u0161\u010da izdelek GRID PAD 13. Servis in vzdr\u017eevanje je \u0161e naprej na voljo.","robots":{"index":"index","follow":"follow","max-snippet":"max-snippet:-1","max-image-preview":"max-image-preview:large","max-video-preview":"max-video-preview:-1"},"canonical":"https:\/\/www.mivam.com\/izdelek\/grid-pad-12\/","og_locale":"en_US","og_type":"article","og_title":"GRID PAD 12 - Mi Vam","og_description":"Naprava Grid Pad\u00a012 je zasnovana za celodnevno in vsakodnevno komunikacijo s pomo\u010djo katere koli metode dostopa. Na voljo je z dodatnim zaslonom ali brez njega ter z na\u010dinom dostopa prek sledenja o\u010dem Lumin-i ali Alea IntelliGaze. Prilagodljiva re\u0161itev za vse osebe s kompleksnimi potrebami glede komunikacije in dostopa. Grid Pad\u00a012 je namenska naprava, ki je bila zasnovana v sodelovanju z uporabniki podporne in nadomestne komunikacije. 15\u00a0ur delovanja baterije, robustna zasnova in razli\u010dne mo\u017enosti dostopa zagotavljajo, da lahko vedno izrazite svoje mnenje.  Grid Pad 12 ni ve\u010d v aktivni ponudbi in je ga nadome\u0161\u010da izdelek GRID PAD 13. Servis in vzdr\u017eevanje je \u0161e naprej na voljo.","og_url":"https:\/\/www.mivam.com\/izdelek\/grid-pad-12\/","og_site_name":"Mi Vam","article_modified_time":"2025-05-07T08:13:55+00:00","og_image":[{"width":1069,"height":600,"url":"https:\/\/www.mivam.com\/wp-content\/uploads\/2022\/08\/grid-pad-and-grid-pad-with-eye-gaze-no-bg.png","type":"image\/png"}],"twitter_card":"summary_large_image","twitter_misc":{"Est. reading time":"7 minutes"},"schema":{"@context":"https:\/\/schema.org","@graph":[{"@type":"WebPage","@id":"https:\/\/www.mivam.com\/izdelek\/grid-pad-12\/","url":"https:\/\/www.mivam.com\/izdelek\/grid-pad-12\/","name":"GRID PAD 12 - Mi Vam","isPartOf":{"@id":"https:\/\/www.mivam.com\/#website"},"primaryImageOfPage":{"@id":"https:\/\/www.mivam.com\/izdelek\/grid-pad-12\/#primaryimage"},"image":{"@id":"https:\/\/www.mivam.com\/izdelek\/grid-pad-12\/#primaryimage"},"thumbnailUrl":"https:\/\/www.mivam.com\/wp-content\/uploads\/2022\/08\/grid-pad-and-grid-pad-with-eye-gaze-no-bg.png","datePublished":"2022-08-30T09:59:51+00:00","dateModified":"2025-05-07T08:13:55+00:00","description":"Naprava Grid Pad\u00a012 je zasnovana za celodnevno in vsakodnevno komunikacijo s pomo\u010djo katere koli metode dostopa. Na voljo je z dodatnim zaslonom ali brez njega ter z na\u010dinom dostopa prek sledenja o\u010dem Lumin-i ali Alea IntelliGaze. Prilagodljiva re\u0161itev za vse osebe s kompleksnimi potrebami glede komunikacije in dostopa. Grid Pad\u00a012 je namenska naprava, ki je bila zasnovana v sodelovanju z uporabniki podporne in nadomestne komunikacije. 15\u00a0ur delovanja baterije, robustna zasnova in razli\u010dne mo\u017enosti dostopa zagotavljajo, da lahko vedno izrazite svoje mnenje. Grid Pad 12 ni ve\u010d v aktivni ponudbi in je ga nadome\u0161\u010da izdelek GRID PAD 13. Servis in vzdr\u017eevanje je \u0161e naprej na voljo.","breadcrumb":{"@id":"https:\/\/www.mivam.com\/izdelek\/grid-pad-12\/#breadcrumb"},"inLanguage":"en-US","potentialAction":[{"@type":"ReadAction","target":["https:\/\/www.mivam.com\/izdelek\/grid-pad-12\/"]}]},{"@type":"ImageObject","inLanguage":"en-US","@id":"https:\/\/www.mivam.com\/izdelek\/grid-pad-12\/#primaryimage","url":"https:\/\/www.mivam.com\/wp-content\/uploads\/2022\/08\/grid-pad-and-grid-pad-with-eye-gaze-no-bg.png","contentUrl":"https:\/\/www.mivam.com\/wp-content\/uploads\/2022\/08\/grid-pad-and-grid-pad-with-eye-gaze-no-bg.png","width":1069,"height":600},{"@type":"BreadcrumbList","@id":"https:\/\/www.mivam.com\/izdelek\/grid-pad-12\/#breadcrumb","itemListElement":[{"@type":"ListItem","position":1,"name":"Domov","item":"https:\/\/www.mivam.com\/"},{"@type":"ListItem","position":2,"name":"Shop","item":"https:\/\/www.mivam.com\/en\/shop\/"},{"@type":"ListItem","position":3,"name":"Komunikatorji","item":"https:\/\/www.mivam.com\/kategorija-izdelka\/komunikatorji\/"},{"@type":"ListItem","position":4,"name":"Grid pad","item":"https:\/\/www.mivam.com\/kategorija-izdelka\/komunikatorji\/grid-pad\/"},{"@type":"ListItem","position":5,"name":"GRID PAD 12"}]},{"@type":"WebSite","@id":"https:\/\/www.mivam.com\/#website","url":"https:\/\/www.mivam.com\/","name":"Mi Vam","description":"Medicinski pripomo\u010dki in re\u0161itve za manj odvisno \u017eivljenje.","potentialAction":[{"@type":"SearchAction","target":{"@type":"EntryPoint","urlTemplate":"https:\/\/www.mivam.com\/?s={search_term_string}"},"query-input":{"@type":"PropertyValueSpecification","valueRequired":true,"valueName":"search_term_string"}}],"inLanguage":"en-US"}]}},"_links":{"self":[{"href":"https:\/\/www.mivam.com\/en\/wp-json\/wp\/v2\/product\/2926","targetHints":{"allow":["GET"]}}],"collection":[{"href":"https:\/\/www.mivam.com\/en\/wp-json\/wp\/v2\/product"}],"about":[{"href":"https:\/\/www.mivam.com\/en\/wp-json\/wp\/v2\/types\/product"}],"replies":[{"embeddable":true,"href":"https:\/\/www.mivam.com\/en\/wp-json\/wp\/v2\/comments?post=2926"}],"wp:featuredmedia":[{"embeddable":true,"href":"https:\/\/www.mivam.com\/en\/wp-json\/wp\/v2\/media\/2950"}],"wp:attachment":[{"href":"https:\/\/www.mivam.com\/en\/wp-json\/wp\/v2\/media?parent=2926"}],"wp:term":[{"taxonomy":"product_brand","embeddable":true,"href":"https:\/\/www.mivam.com\/en\/wp-json\/wp\/v2\/product_brand?post=2926"},{"taxonomy":"product_cat","embeddable":true,"href":"https:\/\/www.mivam.com\/en\/wp-json\/wp\/v2\/product_cat?post=2926"},{"taxonomy":"product_tag","embeddable":true,"href":"https:\/\/www.mivam.com\/en\/wp-json\/wp\/v2\/product_tag?post=2926"}],"curies":[{"name":"wp","href":"https:\/\/api.w.org\/{rel}","templated":true}]}}