{"id":2925,"date":"2022-08-30T11:59:13","date_gmt":"2022-08-30T09:59:13","guid":{"rendered":"https:\/\/www.mivam.com\/?post_type=product&#038;p=2925"},"modified":"2024-11-21T12:17:16","modified_gmt":"2024-11-21T11:17:16","slug":"grid-pad-10s","status":"publish","type":"product","link":"https:\/\/www.mivam.com\/en\/izdelek\/grid-pad-10s\/","title":{"rendered":"GRID PAD 10S"},"content":{"rendered":"<div class=\"wpb-content-wrapper\"><p>[vc_row el_class=&#8221;prod-desc-row&#8221;][vc_column width=&#8221;1\/2&#8243;][vc_column_text]<\/p>\n<h4><strong>Glavne zna\u010dilnosti<\/strong><\/h4>\n<ul>\n<li>Na\u0161a najzmogljivej\u0161a 10-pal\u010dna naprava PINK<\/li>\n<li>Procesor Intel\u00a0i5 za hitro komunikacijo<\/li>\n<li>10-pal\u010dni zaslon, ki se prilagodi dnevni svetlobi in omogo\u010da za\u0161\u010dito pred ble\u0161\u010danjem<\/li>\n<li>Dostop je omogo\u010den prek stikala, dotika ali vhoda USB<\/li>\n<li>3,9-pal\u010dni dodatni zaslon z \u017eivimi barvami<\/li>\n<li>Vgrajen infrarde\u010di okoljski nadzor<\/li>\n<li>8\u00a0ur delovanja baterije v realnem \u010dasu<\/li>\n<li>Visokokakovosten oja\u010den zvok<\/li>\n<li>Gumb za daljinski vklop<\/li>\n<li>Vodoodporni gumbi na dotik<\/li>\n<li>Izvle\u010dno stojalo, trak in mo\u017enosti namestitve<\/li>\n<li>Ohi\u0161je in zaslon, odporna proti mikrobom<\/li>\n<li>Odpornost proti \u0161kropljenju in prahu<\/li>\n<li>Uporablja tehnologijo Grid\u00a03<\/li>\n<\/ul>\n<p>[\/vc_column_text][\/vc_column][vc_column width=&#8221;1\/2&#8243;][vc_single_image image=&#8221;2937&#8243; img_size=&#8221;full&#8221; alignment=&#8221;center&#8221;][\/vc_column][\/vc_row][vc_row full_width=&#8221;stretch_row&#8221; el_class=&#8221;prod-desc-row grey-bg&#8221;][vc_column][vc_column_text]<\/p>\n<h4><strong>Visokozmogljivo ra\u010dunalni\u0161tvo<\/strong><\/h4>\n<p>Odkrijte popolnoma nov razred zmogljivosti s procesorjem Intel\u00a0i5, z 8\u00a0GB pomnilnika RAM in 256\u00a0GB polprevodni\u0161kega trdega diska \u2013 kot nala\u0161\u010d za hitro sporo\u010danje in uporabo vseh funkcij naprave Grid.<\/p>\n<p>[\/vc_column_text][vc_single_image image=&#8221;2938&#8243; img_size=&#8221;full&#8221; alignment=&#8221;center&#8221;][\/vc_column][\/vc_row][vc_row full_width=&#8221;stretch_row&#8221; el_class=&#8221;prod-desc-row&#8221;][vc_column][vc_row_inner][vc_column_inner width=&#8221;1\/2&#8243;][vc_column_text]<\/p>\n<h4><strong>\u010cudovito dovr\u0161ena naprava<\/strong><\/h4>\n<p>Vemo, kako pomembno je, da so naprave za podporno in nadomestno komunikacijo zanesljive in trpe\u017ene, zato smo pri celotnem sistemu uporabili najkakovostnej\u0161e sestavne elemente. Prav vsaka funkcija je skrbno premi\u0161ljena, da lahko z njeno pomo\u010djo vedno izrazite svoje mnenje.<\/p>\n<p>[\/vc_column_text][\/vc_column_inner][vc_column_inner width=&#8221;1\/2&#8243;][vc_single_image image=&#8221;2939&#8243; img_size=&#8221;full&#8221; alignment=&#8221;center&#8221;][\/vc_column_inner][\/vc_row_inner][vc_row_inner][vc_column_inner width=&#8221;2\/3&#8243;][vc_column_text]<strong>Ogrodje iz trpe\u017enega magnezija<\/strong><\/p>\n<p>Zahvaljujo\u010d magnezijevi zlitini, ki je odporna proti udarcem, je ogrodje neverjetno mo\u010dno in odporno proti vsakodnevnim udarcem in padcem. Ogrodje je prav tako zelo toplotno prevodna \u2013 toplota se odvaja iz procesorja, ne da bi bili za to potrebni ventilatorji ali odprtine, zaradi \u010desar je naprava odporna proti vodi in prahu (razred IP54).<\/p>\n<p>[\/vc_column_text][\/vc_column_inner][vc_column_inner width=&#8221;1\/3&#8243;][vc_single_image image=&#8221;2940&#8243; img_size=&#8221;full&#8221; alignment=&#8221;center&#8221;][\/vc_column_inner][\/vc_row_inner][vc_row_inner][vc_column_inner width=&#8221;2\/3&#8243;][vc_column_text]<strong>Izjemno mo\u010dni vhodi<\/strong><\/p>\n<p>Vsi vhodi naprave so oja\u010deni, da ne bi pri\u0161lo do po\u0161kodb, gumijasti pokrov\u010dki pa poskrbijo \u0161e za dodatno za\u0161\u010dito. Vse notranje komponente so bile skrbno pritrjene na svoje mesto, da se v notranjosti naprave ne premikajo, zaradi \u010desar je naprava odporna proti udarcem, zagotovljen pa je tudi najkakovostnej\u0161i zvok.<\/p>\n<p>[\/vc_column_text][\/vc_column_inner][vc_column_inner width=&#8221;1\/3&#8243;][vc_single_image image=&#8221;2941&#8243; img_size=&#8221;full&#8221; alignment=&#8221;center&#8221;][\/vc_column_inner][\/vc_row_inner][vc_row_inner][vc_column_inner width=&#8221;2\/3&#8243;][vc_column_text]<strong>Trpe\u017een zaslon s svetlostjo, enako dnevni svetlobi<\/strong><\/p>\n<p>Naprava Grid Pad\u00a010s se pona\u0161a z zaslonom s svetlostjo, enako dnevni svetlobi, kar pomeni, da bo zaslon jasno viden tudi pri zelo mo\u010dni svetlobi! Zaslon, ki je svetlej\u0161i od zaslonov ve\u010dine drugih tabli\u010dnih ra\u010dunalnikov, je ocenjen z oceno svetlosti 650\u00a0NITS. Zaslon je izdelan iz kaljenega stekla industrijske kakovosti, zaradi \u010desar odporen proti udarcem in praskam.<\/p>\n<p>[\/vc_column_text][\/vc_column_inner][vc_column_inner width=&#8221;1\/3&#8243;][vc_single_image image=&#8221;2942&#8243; img_size=&#8221;full&#8221; alignment=&#8221;center&#8221;][\/vc_column_inner][\/vc_row_inner][\/vc_column][\/vc_row][vc_row full_width=&#8221;stretch_row&#8221; el_class=&#8221;prod-desc-row grey-bg&#8221;][vc_column][vc_column_text]<\/p>\n<h4><strong>Vsestranska namestitev<\/strong><\/h4>\n<p>Napravo lahko namestite na \u0161tevilne razli\u010dne na\u010dine. Lahko jo pritrdite na invalidski vozi\u010dek z dvojno monta\u017eno plo\u0161\u010do, ki se lahko uporablja s stojali znamk Daessy in Rehadapt. Napravo lahko tudi nosite s seboj s pomo\u010djo ramenskega pasu ali pa jo pod katerim koli kotom polo\u017eite na mizo s prilagodljivim izvle\u010dnim stojalom.<\/p>\n<p>[\/vc_column_text][vc_single_image image=&#8221;2943&#8243; img_size=&#8221;full&#8221; alignment=&#8221;center&#8221;][\/vc_column][\/vc_row][vc_row el_class=&#8221;prod-desc-row&#8221;][vc_column width=&#8221;1\/2&#8243;][vc_single_image image=&#8221;2932&#8243; img_size=&#8221;full&#8221; alignment=&#8221;center&#8221;][\/vc_column][vc_column width=&#8221;1\/2&#8243;][vc_column_text]<\/p>\n<h4><strong>Popolnoma nove funkcije dodatnega zaslona<\/strong><\/h4>\n<p>Dve zanimivi funkciji, ki ju omogo\u010da dodatni zaslon, vam bosta pomagali, da boste svoje mnenje lahko izrazili na nov na\u010din.<\/p>\n<p>[\/vc_column_text][vc_column_text]<strong>Funkcija Symoji<\/strong><\/p>\n<p>Hitro komunicirajte z animiranimi liki, ki bodo va\u0161emu sporo\u010dilu dodali pomen ali \u010dustva. Izberete jih lahko \u017ee z enim samim klikom.<\/p>\n<p><strong>Simbolizirana sporo\u010dila<\/strong><\/p>\n<p>Tak\u0161na sporo\u010dila so kot nala\u0161\u010d za komunikacijo z osebami, ki pri svojem sporazumevanju uporabljajo simbole.<\/p>\n<p>[\/vc_column_text][\/vc_column][\/vc_row][vc_row full_width=&#8221;stretch_row&#8221; el_class=&#8221;prod-desc-row grey-bg&#8221;][vc_column width=&#8221;1\/2&#8243;][vc_column_text]<\/p>\n<h4><strong>Ve\u010ddostopna naprava<\/strong><\/h4>\n<p>Ker je naprava Grid Pad\u00a010s ve\u010ddostopna naprava, lahko z njo komunicirate na ve\u010d razli\u010dnih na\u010dinov. Na voljo so vam zaslon na dotik, ki ga lahko uporabite z za\u0161\u010dito za tipkovnico, dva stikalna vhoda za uporabo s stikali, dva vhoda USB za uporabo z napravami za dostop prek vhodov USB, kot so igralne palice, ter vhod za slu\u0161alke z mikrofonom. Z napravo Grid Pad lahko pove\u017eete tudi naprave Bluetooth, kot so brez\u017ei\u010dna stikala, kazala, slu\u0161alke itd.<\/p>\n<p>[\/vc_column_text][\/vc_column][vc_column width=&#8221;1\/2&#8243;][vc_single_image image=&#8221;2944&#8243; img_size=&#8221;full&#8221; alignment=&#8221;center&#8221;][\/vc_column][\/vc_row][vc_row el_class=&#8221;prod-desc-row&#8221;][vc_column width=&#8221;1\/2&#8243;][vc_single_image image=&#8221;2945&#8243; img_size=&#8221;full&#8221; alignment=&#8221;center&#8221;][\/vc_column][vc_column width=&#8221;1\/2&#8243;][vc_column_text]<\/p>\n<h4><strong>Vgrajen okoljski nadzor<\/strong><\/h4>\n<p>Infrarde\u010di okoljski nadzor GEWA vam omogo\u010da upravljanje doma\u010dih naprav, kot so televizija in druge naprave, ki delujejo na daljinsko upravljanje. Infrarde\u010de u\u010dno okno, ki je usmerjeno naprej, omogo\u010da enostavno programiranje, ve\u010dsmerne infrarde\u010de lu\u010dke LED pa poskrbijo za mo\u010dan signal v razponu 10\u00a0metrov.[\/vc_column_text][\/vc_column][\/vc_row][vc_row full_width=&#8221;stretch_row&#8221; el_class=&#8221;prod-desc-row grey-bg&#8221;][vc_column width=&#8221;1\/2&#8243;][vc_column_text]<\/p>\n<h4><strong>Nov gumb za daljinsko upravljanje<\/strong><\/h4>\n<p>S pomo\u010djo najnovej\u0161ega dostopnega gumba za daljinsko upravljanje lahko napravo Grid Pad 10s vklapljate in izklapljate na daljavo. Na voljo sta vam tudi dva stikalna vhoda, gumb za daljinsko upravljanje pa lahko uporabite tudi kot brez\u017ei\u010dni oddajnik s stikalom.[\/vc_column_text][\/vc_column][vc_column width=&#8221;1\/2&#8243;][vc_single_image image=&#8221;2946&#8243; img_size=&#8221;full&#8221; alignment=&#8221;center&#8221;][\/vc_column][\/vc_row][vc_row el_class=&#8221;prod-desc-row&#8221;][vc_column width=&#8221;1\/2&#8243;][vc_single_image image=&#8221;2947&#8243; img_size=&#8221;full&#8221; alignment=&#8221;center&#8221;][\/vc_column][vc_column width=&#8221;1\/2&#8243;][vc_column_text]<\/p>\n<h4><strong>Visokokakovostni zvok<\/strong><\/h4>\n<p>Najnovej\u0161i zvo\u010dniki z odli\u010dnim pretokom poskrbijo za zvok, ki povsem napolni prostor, da boste lahko jasno in glasno izrazili svoje mnenje. Naprava zagotovi odli\u010dno reprodukcijo glasu, celotni spekter zvoka pa poskrbi za globok, bogat bas, da boste lahko predvajali najljub\u0161o glasbo![\/vc_column_text][\/vc_column][\/vc_row][vc_row full_width=&#8221;stretch_row&#8221; el_class=&#8221;prod-desc-row grey-bg&#8221;][vc_column width=&#8221;1\/2&#8243;][vc_column_text]<\/p>\n<h4><strong>Trpe\u017eno ohi\u0161je<\/strong><\/h4>\n<p>Naprava Grid Pad\u00a010s je na voljo tudi s trpe\u017enim ohi\u0161jem. Ergonomski ro\u010daj uporabnikom omogo\u010da enostavno prena\u0161anje naprave Grid Pad, ne da bi pri tem zakrivali dodatni zaslon. Na voljo je v <strong>\u010drni<\/strong>, <strong>metino zeleni<\/strong> in <strong>koralno rde\u010di<\/strong> barvi.[\/vc_column_text][\/vc_column][vc_column width=&#8221;1\/2&#8243;][vc_single_image image=&#8221;2948&#8243; img_size=&#8221;full&#8221; alignment=&#8221;center&#8221;][\/vc_column][\/vc_row][vc_row el_class=&#8221;prod-desc-row&#8221;][vc_column][vc_column_text]<\/p>\n<h4><strong>Uporablja tehnologijo Grid<\/strong><\/h4>\n<p>V napravo Grid Pad\u00a010s je name\u0161\u010dena\u00a0programska oprema Grid za podporno in nadomestno komunikacijo\u00a0\u2013 na\u0161a celovita re\u0161itev za komunikacijo in neodvisnost.<\/p>\n<p>Naprava Grid je bila zasnovana za vse osebe s kompleksnimi potrebami glede komunikacije ali dostopa, zato vsebuje \u0161irok nabor virov\u2013 od zmogljivih komunikacijskih orodij za uporabnike, ki se sporazumevajo prek sporo\u010dil, do mre\u017enih sklopov za komunikacijo s simboli in razvijanje pismenosti. V napravi boste na\u0161li tudi \u0161tevilne namenske aplikacije, ki vam bodo pomagale pri uporabi interneta, dru\u017eabnih medijev, poslu\u0161anju glasbe, menjavanju televizijskih programov in \u0161e mnogo ve\u010d.[\/vc_column_text][vc_single_image image=&#8221;2949&#8243; img_size=&#8221;full&#8221; alignment=&#8221;center&#8221;][\/vc_column][\/vc_row]<\/p>\n<\/div>","protected":false},"excerpt":{"rendered":"<p>Grid Pad\u00a010 je namenska, ve\u010ddostopna naprava, ki je zasnovana za uporabnike, ki si \u017eelijo prenosne in robustne pomo\u010di pri komunikaciji prek dodatnega zaslona. Na voljo je s trpe\u017enim ohi\u0161jem v \u010drni, koralno rde\u010di ali metino zeleni barvi. Naprava je zasnovana za podporno in nadomestno komunikacijo. Visokokakovosten in\u017eeniring in edinstven nabor funkcij prina\u0161ata napravo za podporno in nadomestno komunikacijo (PINK) naslednje generacije, ki je zasnovana z mislijo na neodvisnost in trajnost.<\/p>\n","protected":false},"featured_media":2931,"comment_status":"closed","ping_status":"closed","template":"","meta":[],"product_brand":[],"product_cat":[223,172],"product_tag":[177,178,192,130,176,180],"class_list":{"0":"post-2925","1":"product","2":"type-product","3":"status-publish","4":"has-post-thumbnail","6":"product_cat-komunikatorji","7":"product_cat-grid-pad","8":"product_tag-grid","9":"product_tag-grid-pad","10":"product_tag-grid-pad-10s","11":"product_tag-komunikator","12":"product_tag-komunikatorji","13":"product_tag-smartbox","15":"first","16":"instock","17":"taxable","18":"shipping-taxable","19":"product-type-simple"},"yoast_head":"<!-- This site is optimized with the Yoast SEO plugin v24.0 - https:\/\/yoast.com\/wordpress\/plugins\/seo\/ -->\n<title>GRID PAD 10S - Mi Vam<\/title>\n<meta name=\"description\" content=\"Grid Pad\u00a010 je namenska, ve\u010ddostopna naprava, ki je zasnovana za uporabnike, ki si \u017eelijo prenosne in robustne pomo\u010di pri komunikaciji prek dodatnega zaslona. Na voljo je s trpe\u017enim ohi\u0161jem v \u010drni, koralno rde\u010di ali metino zeleni barvi. Naprava je zasnovana za podporno in nadomestno komunikacijo. Visokokakovosten in\u017eeniring in edinstven nabor funkcij prina\u0161ata napravo za podporno in nadomestno komunikacijo (PINK) naslednje generacije, ki je zasnovana z mislijo na neodvisnost in trajnost.\" \/>\n<meta name=\"robots\" content=\"index, follow, max-snippet:-1, max-image-preview:large, max-video-preview:-1\" \/>\n<link rel=\"canonical\" href=\"https:\/\/www.mivam.com\/izdelek\/grid-pad-10s\/\" \/>\n<meta property=\"og:locale\" content=\"en_US\" \/>\n<meta property=\"og:type\" content=\"article\" \/>\n<meta property=\"og:title\" content=\"GRID PAD 10S - Mi Vam\" \/>\n<meta property=\"og:description\" content=\"Grid Pad\u00a010 je namenska, ve\u010ddostopna naprava, ki je zasnovana za uporabnike, ki si \u017eelijo prenosne in robustne pomo\u010di pri komunikaciji prek dodatnega zaslona. Na voljo je s trpe\u017enim ohi\u0161jem v \u010drni, koralno rde\u010di ali metino zeleni barvi. Naprava je zasnovana za podporno in nadomestno komunikacijo. Visokokakovosten in\u017eeniring in edinstven nabor funkcij prina\u0161ata napravo za podporno in nadomestno komunikacijo (PINK) naslednje generacije, ki je zasnovana z mislijo na neodvisnost in trajnost.\" \/>\n<meta property=\"og:url\" content=\"https:\/\/www.mivam.com\/izdelek\/grid-pad-10s\/\" \/>\n<meta property=\"og:site_name\" content=\"Mi Vam\" \/>\n<meta property=\"article:modified_time\" content=\"2024-11-21T11:17:16+00:00\" \/>\n<meta property=\"og:image\" content=\"https:\/\/www.mivam.com\/wp-content\/uploads\/2022\/08\/joe-grid-pad-10s.png\" \/>\n\t<meta property=\"og:image:width\" content=\"640\" \/>\n\t<meta property=\"og:image:height\" content=\"384\" \/>\n\t<meta property=\"og:image:type\" content=\"image\/png\" \/>\n<meta name=\"twitter:card\" content=\"summary_large_image\" \/>\n<meta name=\"twitter:label1\" content=\"Est. reading time\" \/>\n\t<meta name=\"twitter:data1\" content=\"7 minutes\" \/>\n<script type=\"application\/ld+json\" class=\"yoast-schema-graph\">{\"@context\":\"https:\/\/schema.org\",\"@graph\":[{\"@type\":\"WebPage\",\"@id\":\"https:\/\/www.mivam.com\/izdelek\/grid-pad-10s\/\",\"url\":\"https:\/\/www.mivam.com\/izdelek\/grid-pad-10s\/\",\"name\":\"GRID PAD 10S - Mi Vam\",\"isPartOf\":{\"@id\":\"https:\/\/www.mivam.com\/#website\"},\"primaryImageOfPage\":{\"@id\":\"https:\/\/www.mivam.com\/izdelek\/grid-pad-10s\/#primaryimage\"},\"image\":{\"@id\":\"https:\/\/www.mivam.com\/izdelek\/grid-pad-10s\/#primaryimage\"},\"thumbnailUrl\":\"https:\/\/www.mivam.com\/wp-content\/uploads\/2022\/08\/joe-grid-pad-10s.png\",\"datePublished\":\"2022-08-30T09:59:13+00:00\",\"dateModified\":\"2024-11-21T11:17:16+00:00\",\"description\":\"Grid Pad\u00a010 je namenska, ve\u010ddostopna naprava, ki je zasnovana za uporabnike, ki si \u017eelijo prenosne in robustne pomo\u010di pri komunikaciji prek dodatnega zaslona. Na voljo je s trpe\u017enim ohi\u0161jem v \u010drni, koralno rde\u010di ali metino zeleni barvi. Naprava je zasnovana za podporno in nadomestno komunikacijo. Visokokakovosten in\u017eeniring in edinstven nabor funkcij prina\u0161ata napravo za podporno in nadomestno komunikacijo (PINK) naslednje generacije, ki je zasnovana z mislijo na neodvisnost in trajnost.\",\"breadcrumb\":{\"@id\":\"https:\/\/www.mivam.com\/izdelek\/grid-pad-10s\/#breadcrumb\"},\"inLanguage\":\"en-US\",\"potentialAction\":[{\"@type\":\"ReadAction\",\"target\":[\"https:\/\/www.mivam.com\/izdelek\/grid-pad-10s\/\"]}]},{\"@type\":\"ImageObject\",\"inLanguage\":\"en-US\",\"@id\":\"https:\/\/www.mivam.com\/izdelek\/grid-pad-10s\/#primaryimage\",\"url\":\"https:\/\/www.mivam.com\/wp-content\/uploads\/2022\/08\/joe-grid-pad-10s.png\",\"contentUrl\":\"https:\/\/www.mivam.com\/wp-content\/uploads\/2022\/08\/joe-grid-pad-10s.png\",\"width\":640,\"height\":384},{\"@type\":\"BreadcrumbList\",\"@id\":\"https:\/\/www.mivam.com\/izdelek\/grid-pad-10s\/#breadcrumb\",\"itemListElement\":[{\"@type\":\"ListItem\",\"position\":1,\"name\":\"Domov\",\"item\":\"https:\/\/www.mivam.com\/\"},{\"@type\":\"ListItem\",\"position\":2,\"name\":\"Shop\",\"item\":\"https:\/\/www.mivam.com\/en\/shop\/\"},{\"@type\":\"ListItem\",\"position\":3,\"name\":\"Komunikatorji\",\"item\":\"https:\/\/www.mivam.com\/kategorija-izdelka\/komunikatorji\/\"},{\"@type\":\"ListItem\",\"position\":4,\"name\":\"Grid pad\",\"item\":\"https:\/\/www.mivam.com\/kategorija-izdelka\/komunikatorji\/grid-pad\/\"},{\"@type\":\"ListItem\",\"position\":5,\"name\":\"GRID PAD 10S\"}]},{\"@type\":\"WebSite\",\"@id\":\"https:\/\/www.mivam.com\/#website\",\"url\":\"https:\/\/www.mivam.com\/\",\"name\":\"Mi Vam\",\"description\":\"Medicinski pripomo\u010dki in re\u0161itve za manj odvisno \u017eivljenje.\",\"potentialAction\":[{\"@type\":\"SearchAction\",\"target\":{\"@type\":\"EntryPoint\",\"urlTemplate\":\"https:\/\/www.mivam.com\/?s={search_term_string}\"},\"query-input\":{\"@type\":\"PropertyValueSpecification\",\"valueRequired\":true,\"valueName\":\"search_term_string\"}}],\"inLanguage\":\"en-US\"}]}<\/script>\n<!-- \/ Yoast SEO plugin. -->","yoast_head_json":{"title":"GRID PAD 10S - Mi Vam","description":"Grid Pad\u00a010 je namenska, ve\u010ddostopna naprava, ki je zasnovana za uporabnike, ki si \u017eelijo prenosne in robustne pomo\u010di pri komunikaciji prek dodatnega zaslona. Na voljo je s trpe\u017enim ohi\u0161jem v \u010drni, koralno rde\u010di ali metino zeleni barvi. Naprava je zasnovana za podporno in nadomestno komunikacijo. Visokokakovosten in\u017eeniring in edinstven nabor funkcij prina\u0161ata napravo za podporno in nadomestno komunikacijo (PINK) naslednje generacije, ki je zasnovana z mislijo na neodvisnost in trajnost.","robots":{"index":"index","follow":"follow","max-snippet":"max-snippet:-1","max-image-preview":"max-image-preview:large","max-video-preview":"max-video-preview:-1"},"canonical":"https:\/\/www.mivam.com\/izdelek\/grid-pad-10s\/","og_locale":"en_US","og_type":"article","og_title":"GRID PAD 10S - Mi Vam","og_description":"Grid Pad\u00a010 je namenska, ve\u010ddostopna naprava, ki je zasnovana za uporabnike, ki si \u017eelijo prenosne in robustne pomo\u010di pri komunikaciji prek dodatnega zaslona. Na voljo je s trpe\u017enim ohi\u0161jem v \u010drni, koralno rde\u010di ali metino zeleni barvi. Naprava je zasnovana za podporno in nadomestno komunikacijo. Visokokakovosten in\u017eeniring in edinstven nabor funkcij prina\u0161ata napravo za podporno in nadomestno komunikacijo (PINK) naslednje generacije, ki je zasnovana z mislijo na neodvisnost in trajnost.","og_url":"https:\/\/www.mivam.com\/izdelek\/grid-pad-10s\/","og_site_name":"Mi Vam","article_modified_time":"2024-11-21T11:17:16+00:00","og_image":[{"width":640,"height":384,"url":"https:\/\/www.mivam.com\/wp-content\/uploads\/2022\/08\/joe-grid-pad-10s.png","type":"image\/png"}],"twitter_card":"summary_large_image","twitter_misc":{"Est. reading time":"7 minutes"},"schema":{"@context":"https:\/\/schema.org","@graph":[{"@type":"WebPage","@id":"https:\/\/www.mivam.com\/izdelek\/grid-pad-10s\/","url":"https:\/\/www.mivam.com\/izdelek\/grid-pad-10s\/","name":"GRID PAD 10S - Mi Vam","isPartOf":{"@id":"https:\/\/www.mivam.com\/#website"},"primaryImageOfPage":{"@id":"https:\/\/www.mivam.com\/izdelek\/grid-pad-10s\/#primaryimage"},"image":{"@id":"https:\/\/www.mivam.com\/izdelek\/grid-pad-10s\/#primaryimage"},"thumbnailUrl":"https:\/\/www.mivam.com\/wp-content\/uploads\/2022\/08\/joe-grid-pad-10s.png","datePublished":"2022-08-30T09:59:13+00:00","dateModified":"2024-11-21T11:17:16+00:00","description":"Grid Pad\u00a010 je namenska, ve\u010ddostopna naprava, ki je zasnovana za uporabnike, ki si \u017eelijo prenosne in robustne pomo\u010di pri komunikaciji prek dodatnega zaslona. Na voljo je s trpe\u017enim ohi\u0161jem v \u010drni, koralno rde\u010di ali metino zeleni barvi. Naprava je zasnovana za podporno in nadomestno komunikacijo. Visokokakovosten in\u017eeniring in edinstven nabor funkcij prina\u0161ata napravo za podporno in nadomestno komunikacijo (PINK) naslednje generacije, ki je zasnovana z mislijo na neodvisnost in trajnost.","breadcrumb":{"@id":"https:\/\/www.mivam.com\/izdelek\/grid-pad-10s\/#breadcrumb"},"inLanguage":"en-US","potentialAction":[{"@type":"ReadAction","target":["https:\/\/www.mivam.com\/izdelek\/grid-pad-10s\/"]}]},{"@type":"ImageObject","inLanguage":"en-US","@id":"https:\/\/www.mivam.com\/izdelek\/grid-pad-10s\/#primaryimage","url":"https:\/\/www.mivam.com\/wp-content\/uploads\/2022\/08\/joe-grid-pad-10s.png","contentUrl":"https:\/\/www.mivam.com\/wp-content\/uploads\/2022\/08\/joe-grid-pad-10s.png","width":640,"height":384},{"@type":"BreadcrumbList","@id":"https:\/\/www.mivam.com\/izdelek\/grid-pad-10s\/#breadcrumb","itemListElement":[{"@type":"ListItem","position":1,"name":"Domov","item":"https:\/\/www.mivam.com\/"},{"@type":"ListItem","position":2,"name":"Shop","item":"https:\/\/www.mivam.com\/en\/shop\/"},{"@type":"ListItem","position":3,"name":"Komunikatorji","item":"https:\/\/www.mivam.com\/kategorija-izdelka\/komunikatorji\/"},{"@type":"ListItem","position":4,"name":"Grid pad","item":"https:\/\/www.mivam.com\/kategorija-izdelka\/komunikatorji\/grid-pad\/"},{"@type":"ListItem","position":5,"name":"GRID PAD 10S"}]},{"@type":"WebSite","@id":"https:\/\/www.mivam.com\/#website","url":"https:\/\/www.mivam.com\/","name":"Mi Vam","description":"Medicinski pripomo\u010dki in re\u0161itve za manj odvisno \u017eivljenje.","potentialAction":[{"@type":"SearchAction","target":{"@type":"EntryPoint","urlTemplate":"https:\/\/www.mivam.com\/?s={search_term_string}"},"query-input":{"@type":"PropertyValueSpecification","valueRequired":true,"valueName":"search_term_string"}}],"inLanguage":"en-US"}]}},"_links":{"self":[{"href":"https:\/\/www.mivam.com\/en\/wp-json\/wp\/v2\/product\/2925","targetHints":{"allow":["GET"]}}],"collection":[{"href":"https:\/\/www.mivam.com\/en\/wp-json\/wp\/v2\/product"}],"about":[{"href":"https:\/\/www.mivam.com\/en\/wp-json\/wp\/v2\/types\/product"}],"replies":[{"embeddable":true,"href":"https:\/\/www.mivam.com\/en\/wp-json\/wp\/v2\/comments?post=2925"}],"wp:featuredmedia":[{"embeddable":true,"href":"https:\/\/www.mivam.com\/en\/wp-json\/wp\/v2\/media\/2931"}],"wp:attachment":[{"href":"https:\/\/www.mivam.com\/en\/wp-json\/wp\/v2\/media?parent=2925"}],"wp:term":[{"taxonomy":"product_brand","embeddable":true,"href":"https:\/\/www.mivam.com\/en\/wp-json\/wp\/v2\/product_brand?post=2925"},{"taxonomy":"product_cat","embeddable":true,"href":"https:\/\/www.mivam.com\/en\/wp-json\/wp\/v2\/product_cat?post=2925"},{"taxonomy":"product_tag","embeddable":true,"href":"https:\/\/www.mivam.com\/en\/wp-json\/wp\/v2\/product_tag?post=2925"}],"curies":[{"name":"wp","href":"https:\/\/api.w.org\/{rel}","templated":true}]}}