{"id":2908,"date":"2022-08-29T11:33:08","date_gmt":"2022-08-29T09:33:08","guid":{"rendered":"https:\/\/www.mivam.com\/?post_type=product&#038;p=2908"},"modified":"2025-05-07T11:02:53","modified_gmt":"2025-05-07T09:02:53","slug":"namizni-nosilci","status":"publish","type":"product","link":"https:\/\/www.mivam.com\/en\/izdelek\/namizni-nosilci\/","title":{"rendered":"Namizni nosilci"},"content":{"rendered":"<div class=\"wpb-content-wrapper\"><p>[vc_row full_width=&#8221;stretch_row&#8221; el_class=&#8221;prod-desc-row&#8221;][vc_column][vc_column_text]<\/p>\n<h4>Na\u0161a namizna stojala<\/h4>\n<p>Obstajata dve vrsti namiznih stojal, ki izpolnjujeta razli\u010dne potrebe uporabnika in njegovega okolja. Izbirate lahko med vpenjalnimi in samostoje\u010dimi re\u0161itvami, prilagodljivostjo in enostavnim prena\u0161anjem.[\/vc_column_text][\/vc_column][\/vc_row][vc_row full_width=&#8221;stretch_row&#8221; el_class=&#8221;prod-desc-row grey-bg&#8221;][vc_column width=&#8221;1\/2&#8243;][vc_single_image image=&#8221;3027&#8243; img_size=&#8221;200&#215;200&#8243; alignment=&#8221;center&#8221;][vc_column_text]<strong>Stojala<\/strong><\/p>\n<p>Samostoje\u010da namizna stojala, ki naprave pridr\u017eijo na trino\u017eniku, v oporniku ali okvirju v obliki \u010drke\u00a0X, ki poskrbijo za samodejno izravnavo na neravnih povr\u0161inah.[\/vc_column_text][vc_single_image image=&#8221;3028&#8243; img_size=&#8221;full&#8221; alignment=&#8221;center&#8221;][\/vc_column][vc_column width=&#8221;1\/2&#8243;][vc_single_image image=&#8221;3025&#8243; img_size=&#8221;200&#215;200&#8243; alignment=&#8221;center&#8221;][vc_column_text]<strong>Pri\u017eeme<\/strong><\/p>\n<p>Namizne pri\u017eeme so varno pritrjene na mizo ali naslon za roke. S tem prihranite prostor na povr\u0161ini. Po \u017eelji jih lahko namestite tudi na steno.[\/vc_column_text][vc_single_image image=&#8221;3026&#8243; img_size=&#8221;full&#8221; alignment=&#8221;center&#8221;][\/vc_column][\/vc_row][vc_row el_class=&#8221;prod-desc-row&#8221;][vc_column width=&#8221;1\/3&#8243;][vc_single_image image=&#8221;3029&#8243; img_size=&#8221;full&#8221; alignment=&#8221;center&#8221;][vc_btn title=&#8221;Prenesi PDF katalog&#8221; style=&#8221;classic&#8221; shape=&#8221;square&#8221; color=&#8221;info&#8221; align=&#8221;center&#8221; link=&#8221;url:https%3A%2F%2Fwww.mivam.com%2Fwp-content%2Fuploads%2F2022%2F08%2Frehadapt_catalog_section_table_mounts.pdf|||&#8221;][\/vc_column][vc_column width=&#8221;1\/3&#8243;][\/vc_column][vc_column width=&#8221;1\/3&#8243;][\/vc_column][\/vc_row]<\/p>\n<\/div>","protected":false},"excerpt":{"rendered":"<p>Neodvisna komunikacija v vsakem trenutku dneva \u2013 to je na\u0161a misija. Ne glede na to, ali \u017eelite postaviti napravo na vrh ne\u010desa (tudi na neravne povr\u0161ine) ali pa jo \u017eelite pritrditi na kos pohi\u0161tva, ima znamka Rehadapt pravo re\u0161itev za vas, saj zagotavlja zelo \u010dvrsto pri\u010dvrstitev za vse vrste naprav.<\/p>\n","protected":false},"featured_media":3024,"comment_status":"closed","ping_status":"closed","template":"","meta":[],"product_brand":[],"product_cat":[223,80],"product_tag":[190,191,126,124],"class_list":{"0":"post-2908","1":"product","2":"type-product","3":"status-publish","4":"has-post-thumbnail","6":"product_cat-komunikatorji","7":"product_cat-vecnamenski-nosilci","8":"product_tag-namizni","9":"product_tag-namizni-nosilci","10":"product_tag-nosilci","11":"product_tag-rehadapt","13":"first","14":"onbackorder","15":"taxable","16":"shipping-taxable","17":"product-type-simple"},"yoast_head":"<!-- This site is optimized with the Yoast SEO plugin v24.0 - https:\/\/yoast.com\/wordpress\/plugins\/seo\/ -->\n<title>Namizni nosilci - Mi Vam<\/title>\n<meta name=\"description\" content=\"Neodvisna komunikacija v vsakem trenutku dneva \u2013 to je na\u0161a misija. Ne glede na to, ali \u017eelite postaviti napravo na vrh ne\u010desa (tudi na neravne povr\u0161ine) ali pa jo \u017eelite pritrditi na kos pohi\u0161tva, ima znamka Rehadapt pravo re\u0161itev za vas, saj zagotavlja zelo \u010dvrsto pri\u010dvrstitev za vse vrste naprav.\" \/>\n<meta name=\"robots\" content=\"index, follow, max-snippet:-1, max-image-preview:large, max-video-preview:-1\" \/>\n<link rel=\"canonical\" href=\"https:\/\/www.mivam.com\/izdelek\/namizni-nosilci\/\" \/>\n<meta property=\"og:locale\" content=\"en_US\" \/>\n<meta property=\"og:type\" content=\"article\" \/>\n<meta property=\"og:title\" content=\"Namizni nosilci - Mi Vam\" \/>\n<meta property=\"og:description\" content=\"Neodvisna komunikacija v vsakem trenutku dneva \u2013 to je na\u0161a misija. Ne glede na to, ali \u017eelite postaviti napravo na vrh ne\u010desa (tudi na neravne povr\u0161ine) ali pa jo \u017eelite pritrditi na kos pohi\u0161tva, ima znamka Rehadapt pravo re\u0161itev za vas, saj zagotavlja zelo \u010dvrsto pri\u010dvrstitev za vse vrste naprav.\" \/>\n<meta property=\"og:url\" content=\"https:\/\/www.mivam.com\/izdelek\/namizni-nosilci\/\" \/>\n<meta property=\"og:site_name\" content=\"Mi Vam\" \/>\n<meta property=\"article:modified_time\" content=\"2025-05-07T09:02:53+00:00\" \/>\n<meta property=\"og:image\" content=\"https:\/\/www.mivam.com\/wp-content\/uploads\/2022\/08\/table_mounts_key_visual_cinema_scope-800x343.jpg\" \/>\n\t<meta property=\"og:image:width\" content=\"800\" \/>\n\t<meta property=\"og:image:height\" content=\"343\" \/>\n\t<meta property=\"og:image:type\" content=\"image\/jpeg\" \/>\n<meta name=\"twitter:card\" content=\"summary_large_image\" \/>\n<meta name=\"twitter:label1\" content=\"Est. reading time\" \/>\n\t<meta name=\"twitter:data1\" content=\"2 minutes\" \/>\n<script type=\"application\/ld+json\" class=\"yoast-schema-graph\">{\"@context\":\"https:\/\/schema.org\",\"@graph\":[{\"@type\":\"WebPage\",\"@id\":\"https:\/\/www.mivam.com\/izdelek\/namizni-nosilci\/\",\"url\":\"https:\/\/www.mivam.com\/izdelek\/namizni-nosilci\/\",\"name\":\"Namizni nosilci - Mi Vam\",\"isPartOf\":{\"@id\":\"https:\/\/www.mivam.com\/#website\"},\"primaryImageOfPage\":{\"@id\":\"https:\/\/www.mivam.com\/izdelek\/namizni-nosilci\/#primaryimage\"},\"image\":{\"@id\":\"https:\/\/www.mivam.com\/izdelek\/namizni-nosilci\/#primaryimage\"},\"thumbnailUrl\":\"https:\/\/www.mivam.com\/wp-content\/uploads\/2022\/08\/table_mounts_key_visual_cinema_scope-800x343.jpg\",\"datePublished\":\"2022-08-29T09:33:08+00:00\",\"dateModified\":\"2025-05-07T09:02:53+00:00\",\"description\":\"Neodvisna komunikacija v vsakem trenutku dneva \u2013 to je na\u0161a misija. Ne glede na to, ali \u017eelite postaviti napravo na vrh ne\u010desa (tudi na neravne povr\u0161ine) ali pa jo \u017eelite pritrditi na kos pohi\u0161tva, ima znamka Rehadapt pravo re\u0161itev za vas, saj zagotavlja zelo \u010dvrsto pri\u010dvrstitev za vse vrste naprav.\",\"breadcrumb\":{\"@id\":\"https:\/\/www.mivam.com\/izdelek\/namizni-nosilci\/#breadcrumb\"},\"inLanguage\":\"en-US\",\"potentialAction\":[{\"@type\":\"ReadAction\",\"target\":[\"https:\/\/www.mivam.com\/izdelek\/namizni-nosilci\/\"]}]},{\"@type\":\"ImageObject\",\"inLanguage\":\"en-US\",\"@id\":\"https:\/\/www.mivam.com\/izdelek\/namizni-nosilci\/#primaryimage\",\"url\":\"https:\/\/www.mivam.com\/wp-content\/uploads\/2022\/08\/table_mounts_key_visual_cinema_scope-800x343.jpg\",\"contentUrl\":\"https:\/\/www.mivam.com\/wp-content\/uploads\/2022\/08\/table_mounts_key_visual_cinema_scope-800x343.jpg\",\"width\":800,\"height\":343},{\"@type\":\"BreadcrumbList\",\"@id\":\"https:\/\/www.mivam.com\/izdelek\/namizni-nosilci\/#breadcrumb\",\"itemListElement\":[{\"@type\":\"ListItem\",\"position\":1,\"name\":\"Domov\",\"item\":\"https:\/\/www.mivam.com\/\"},{\"@type\":\"ListItem\",\"position\":2,\"name\":\"Shop\",\"item\":\"https:\/\/www.mivam.com\/en\/shop\/\"},{\"@type\":\"ListItem\",\"position\":3,\"name\":\"Komunikatorji\",\"item\":\"https:\/\/www.mivam.com\/kategorija-izdelka\/komunikatorji\/\"},{\"@type\":\"ListItem\",\"position\":4,\"name\":\"Ve\u010dnamenski nosilci\",\"item\":\"https:\/\/www.mivam.com\/kategorija-izdelka\/komunikatorji\/vecnamenski-nosilci\/\"},{\"@type\":\"ListItem\",\"position\":5,\"name\":\"Namizni nosilci\"}]},{\"@type\":\"WebSite\",\"@id\":\"https:\/\/www.mivam.com\/#website\",\"url\":\"https:\/\/www.mivam.com\/\",\"name\":\"Mi Vam\",\"description\":\"Medicinski pripomo\u010dki in re\u0161itve za manj odvisno \u017eivljenje.\",\"potentialAction\":[{\"@type\":\"SearchAction\",\"target\":{\"@type\":\"EntryPoint\",\"urlTemplate\":\"https:\/\/www.mivam.com\/?s={search_term_string}\"},\"query-input\":{\"@type\":\"PropertyValueSpecification\",\"valueRequired\":true,\"valueName\":\"search_term_string\"}}],\"inLanguage\":\"en-US\"}]}<\/script>\n<!-- \/ Yoast SEO plugin. -->","yoast_head_json":{"title":"Namizni nosilci - Mi Vam","description":"Neodvisna komunikacija v vsakem trenutku dneva \u2013 to je na\u0161a misija. Ne glede na to, ali \u017eelite postaviti napravo na vrh ne\u010desa (tudi na neravne povr\u0161ine) ali pa jo \u017eelite pritrditi na kos pohi\u0161tva, ima znamka Rehadapt pravo re\u0161itev za vas, saj zagotavlja zelo \u010dvrsto pri\u010dvrstitev za vse vrste naprav.","robots":{"index":"index","follow":"follow","max-snippet":"max-snippet:-1","max-image-preview":"max-image-preview:large","max-video-preview":"max-video-preview:-1"},"canonical":"https:\/\/www.mivam.com\/izdelek\/namizni-nosilci\/","og_locale":"en_US","og_type":"article","og_title":"Namizni nosilci - Mi Vam","og_description":"Neodvisna komunikacija v vsakem trenutku dneva \u2013 to je na\u0161a misija. Ne glede na to, ali \u017eelite postaviti napravo na vrh ne\u010desa (tudi na neravne povr\u0161ine) ali pa jo \u017eelite pritrditi na kos pohi\u0161tva, ima znamka Rehadapt pravo re\u0161itev za vas, saj zagotavlja zelo \u010dvrsto pri\u010dvrstitev za vse vrste naprav.","og_url":"https:\/\/www.mivam.com\/izdelek\/namizni-nosilci\/","og_site_name":"Mi Vam","article_modified_time":"2025-05-07T09:02:53+00:00","og_image":[{"width":800,"height":343,"url":"https:\/\/www.mivam.com\/wp-content\/uploads\/2022\/08\/table_mounts_key_visual_cinema_scope-800x343.jpg","type":"image\/jpeg"}],"twitter_card":"summary_large_image","twitter_misc":{"Est. reading time":"2 minutes"},"schema":{"@context":"https:\/\/schema.org","@graph":[{"@type":"WebPage","@id":"https:\/\/www.mivam.com\/izdelek\/namizni-nosilci\/","url":"https:\/\/www.mivam.com\/izdelek\/namizni-nosilci\/","name":"Namizni nosilci - Mi Vam","isPartOf":{"@id":"https:\/\/www.mivam.com\/#website"},"primaryImageOfPage":{"@id":"https:\/\/www.mivam.com\/izdelek\/namizni-nosilci\/#primaryimage"},"image":{"@id":"https:\/\/www.mivam.com\/izdelek\/namizni-nosilci\/#primaryimage"},"thumbnailUrl":"https:\/\/www.mivam.com\/wp-content\/uploads\/2022\/08\/table_mounts_key_visual_cinema_scope-800x343.jpg","datePublished":"2022-08-29T09:33:08+00:00","dateModified":"2025-05-07T09:02:53+00:00","description":"Neodvisna komunikacija v vsakem trenutku dneva \u2013 to je na\u0161a misija. Ne glede na to, ali \u017eelite postaviti napravo na vrh ne\u010desa (tudi na neravne povr\u0161ine) ali pa jo \u017eelite pritrditi na kos pohi\u0161tva, ima znamka Rehadapt pravo re\u0161itev za vas, saj zagotavlja zelo \u010dvrsto pri\u010dvrstitev za vse vrste naprav.","breadcrumb":{"@id":"https:\/\/www.mivam.com\/izdelek\/namizni-nosilci\/#breadcrumb"},"inLanguage":"en-US","potentialAction":[{"@type":"ReadAction","target":["https:\/\/www.mivam.com\/izdelek\/namizni-nosilci\/"]}]},{"@type":"ImageObject","inLanguage":"en-US","@id":"https:\/\/www.mivam.com\/izdelek\/namizni-nosilci\/#primaryimage","url":"https:\/\/www.mivam.com\/wp-content\/uploads\/2022\/08\/table_mounts_key_visual_cinema_scope-800x343.jpg","contentUrl":"https:\/\/www.mivam.com\/wp-content\/uploads\/2022\/08\/table_mounts_key_visual_cinema_scope-800x343.jpg","width":800,"height":343},{"@type":"BreadcrumbList","@id":"https:\/\/www.mivam.com\/izdelek\/namizni-nosilci\/#breadcrumb","itemListElement":[{"@type":"ListItem","position":1,"name":"Domov","item":"https:\/\/www.mivam.com\/"},{"@type":"ListItem","position":2,"name":"Shop","item":"https:\/\/www.mivam.com\/en\/shop\/"},{"@type":"ListItem","position":3,"name":"Komunikatorji","item":"https:\/\/www.mivam.com\/kategorija-izdelka\/komunikatorji\/"},{"@type":"ListItem","position":4,"name":"Ve\u010dnamenski nosilci","item":"https:\/\/www.mivam.com\/kategorija-izdelka\/komunikatorji\/vecnamenski-nosilci\/"},{"@type":"ListItem","position":5,"name":"Namizni nosilci"}]},{"@type":"WebSite","@id":"https:\/\/www.mivam.com\/#website","url":"https:\/\/www.mivam.com\/","name":"Mi Vam","description":"Medicinski pripomo\u010dki in re\u0161itve za manj odvisno \u017eivljenje.","potentialAction":[{"@type":"SearchAction","target":{"@type":"EntryPoint","urlTemplate":"https:\/\/www.mivam.com\/?s={search_term_string}"},"query-input":{"@type":"PropertyValueSpecification","valueRequired":true,"valueName":"search_term_string"}}],"inLanguage":"en-US"}]}},"_links":{"self":[{"href":"https:\/\/www.mivam.com\/en\/wp-json\/wp\/v2\/product\/2908","targetHints":{"allow":["GET"]}}],"collection":[{"href":"https:\/\/www.mivam.com\/en\/wp-json\/wp\/v2\/product"}],"about":[{"href":"https:\/\/www.mivam.com\/en\/wp-json\/wp\/v2\/types\/product"}],"replies":[{"embeddable":true,"href":"https:\/\/www.mivam.com\/en\/wp-json\/wp\/v2\/comments?post=2908"}],"wp:featuredmedia":[{"embeddable":true,"href":"https:\/\/www.mivam.com\/en\/wp-json\/wp\/v2\/media\/3024"}],"wp:attachment":[{"href":"https:\/\/www.mivam.com\/en\/wp-json\/wp\/v2\/media?parent=2908"}],"wp:term":[{"taxonomy":"product_brand","embeddable":true,"href":"https:\/\/www.mivam.com\/en\/wp-json\/wp\/v2\/product_brand?post=2908"},{"taxonomy":"product_cat","embeddable":true,"href":"https:\/\/www.mivam.com\/en\/wp-json\/wp\/v2\/product_cat?post=2908"},{"taxonomy":"product_tag","embeddable":true,"href":"https:\/\/www.mivam.com\/en\/wp-json\/wp\/v2\/product_tag?post=2908"}],"curies":[{"name":"wp","href":"https:\/\/api.w.org\/{rel}","templated":true}]}}