{"id":2906,"date":"2022-08-29T11:32:03","date_gmt":"2022-08-29T09:32:03","guid":{"rendered":"https:\/\/www.mivam.com\/?post_type=product&#038;p=2906"},"modified":"2024-11-21T12:17:27","modified_gmt":"2024-11-21T11:17:27","slug":"samostojeci-nosilci","status":"publish","type":"product","link":"https:\/\/www.mivam.com\/en\/izdelek\/samostojeci-nosilci\/","title":{"rendered":"Samostoje\u010di nosilci"},"content":{"rendered":"<div class=\"wpb-content-wrapper\"><p>[vc_row full_width=&#8221;stretch_row&#8221; el_class=&#8221;prod-desc-row&#8221;][vc_column width=&#8221;1\/2&#8243;][vc_column_text]<\/p>\n<h4>Nabor talnih stojal<\/h4>\n<p>Na voljo so vam tri vrste talnih stojal, ki ustrezajo razli\u010dnim potrebam uporabnika in njegovemu okolju. Izberite med \u010dim manj\u0161im odtisom ali \u010dim ve\u010djo nosilnostjo, prilagodljivo velikostjo, prilagodljivostjo glede na uporabnika ali prenosljivostjo.[\/vc_column_text][\/vc_column][vc_column width=&#8221;1\/2&#8243;][vc_single_image image=&#8221;3019&#8243; img_size=&#8221;full&#8221; alignment=&#8221;center&#8221;][\/vc_column][\/vc_row][vc_row full_width=&#8221;stretch_row&#8221; el_class=&#8221;prod-desc-row grey-bg&#8221;][vc_column width=&#8221;1\/3&#8243;][vc_single_image image=&#8221;3020&#8243; img_size=&#8221;full&#8221; alignment=&#8221;center&#8221;][vc_column_text]<strong>Klasi\u010dna stojala<\/strong><\/p>\n<p>Vsestranska in trpe\u017ena talna stojala, ki so vam na voljo v \u0161tevilnih razli\u010dicah.[\/vc_column_text][\/vc_column][vc_column width=&#8221;1\/3&#8243;][vc_single_image image=&#8221;3021&#8243; img_size=&#8221;full&#8221; alignment=&#8221;center&#8221;][vc_column_text]<strong>Stojala Penta<\/strong><\/p>\n<p>Talna stojala z manj\u0161im odtisom in vrtljivim zvezdastim podstavkom.[\/vc_column_text][\/vc_column][vc_column width=&#8221;1\/3&#8243;][vc_single_image image=&#8221;3022&#8243; img_size=&#8221;full&#8221; alignment=&#8221;center&#8221;][vc_column_text]<strong>Stojala Mini<\/strong><\/p>\n<p>Na\u0161a talna stojala z najmanj\u0161im odtisom. Kot nala\u0161\u010d za lahke naprave.[\/vc_column_text][\/vc_column][\/vc_row][vc_row el_class=&#8221;prod-desc-row&#8221;][vc_column width=&#8221;1\/3&#8243;][vc_single_image image=&#8221;3030&#8243; img_size=&#8221;full&#8221; alignment=&#8221;center&#8221;][vc_btn title=&#8221;Prenesi PDF katalog&#8221; style=&#8221;classic&#8221; shape=&#8221;square&#8221; color=&#8221;info&#8221; align=&#8221;center&#8221; link=&#8221;url:https%3A%2F%2Fwww.mivam.com%2Fwp-content%2Fuploads%2F2022%2F08%2Frehadapt_catalog_section_floorstands-2.pdf|||&#8221;][\/vc_column][vc_column width=&#8221;1\/3&#8243;][\/vc_column][vc_column width=&#8221;1\/3&#8243;][\/vc_column][\/vc_row]<\/p>\n<\/div>","protected":false},"excerpt":{"rendered":"<p>Neodvisna komunikacija v vsakem trenutku dneva \u2013 to je na\u0161a misija. Namestitev naprav za podporno in nadomestno komunikacijo v ergonomskem, stabilnem polo\u017eaju, tudi \u010de ni na voljo elementa za namestitev \u2013 talna stojala pridr\u017eijo napravo tudi, ko le\u017eite v bolni\u0161ki postelji, sedite v naslanja\u010du ali ste celo zleknjeni na sede\u017eu z zrnatim polnilom.<\/p>\n","protected":false},"featured_media":3018,"comment_status":"closed","ping_status":"closed","template":"","meta":[],"product_brand":[],"product_cat":[223,80],"product_tag":[126,124,193,125],"class_list":{"0":"post-2906","1":"product","2":"type-product","3":"status-publish","4":"has-post-thumbnail","6":"product_cat-komunikatorji","7":"product_cat-vecnamenski-nosilci","8":"product_tag-nosilci","9":"product_tag-rehadapt","10":"product_tag-samostojeci","11":"product_tag-samostojeci-nosilci","13":"first","14":"instock","15":"taxable","16":"shipping-taxable","17":"product-type-simple"},"yoast_head":"<!-- This site is optimized with the Yoast SEO plugin v24.0 - https:\/\/yoast.com\/wordpress\/plugins\/seo\/ -->\n<title>Samostoje\u010di nosilci - Mi Vam<\/title>\n<meta name=\"description\" content=\"Neodvisna komunikacija v vsakem trenutku dneva \u2013 to je na\u0161a misija. Namestitev naprav za podporno in nadomestno komunikacijo v ergonomskem, stabilnem polo\u017eaju, tudi \u010de ni na voljo elementa za namestitev \u2013 talna stojala pridr\u017eijo napravo tudi, ko le\u017eite v bolni\u0161ki postelji, sedite v naslanja\u010du ali ste celo zleknjeni na sede\u017eu z zrnatim polnilom.\" \/>\n<meta name=\"robots\" content=\"index, follow, max-snippet:-1, max-image-preview:large, max-video-preview:-1\" \/>\n<link rel=\"canonical\" href=\"https:\/\/www.mivam.com\/izdelek\/samostojeci-nosilci\/\" \/>\n<meta property=\"og:locale\" content=\"en_US\" \/>\n<meta property=\"og:type\" content=\"article\" \/>\n<meta property=\"og:title\" content=\"Samostoje\u010di nosilci - Mi Vam\" \/>\n<meta property=\"og:description\" content=\"Neodvisna komunikacija v vsakem trenutku dneva \u2013 to je na\u0161a misija. Namestitev naprav za podporno in nadomestno komunikacijo v ergonomskem, stabilnem polo\u017eaju, tudi \u010de ni na voljo elementa za namestitev \u2013 talna stojala pridr\u017eijo napravo tudi, ko le\u017eite v bolni\u0161ki postelji, sedite v naslanja\u010du ali ste celo zleknjeni na sede\u017eu z zrnatim polnilom.\" \/>\n<meta property=\"og:url\" content=\"https:\/\/www.mivam.com\/izdelek\/samostojeci-nosilci\/\" \/>\n<meta property=\"og:site_name\" content=\"Mi Vam\" \/>\n<meta property=\"article:modified_time\" content=\"2024-11-21T11:17:27+00:00\" \/>\n<meta property=\"og:image\" content=\"https:\/\/www.mivam.com\/wp-content\/uploads\/2022\/08\/valeriea_cinema_scope-800x343.jpg\" \/>\n\t<meta property=\"og:image:width\" content=\"800\" \/>\n\t<meta property=\"og:image:height\" content=\"343\" \/>\n\t<meta property=\"og:image:type\" content=\"image\/jpeg\" \/>\n<meta name=\"twitter:card\" content=\"summary_large_image\" \/>\n<meta name=\"twitter:label1\" content=\"Est. reading time\" \/>\n\t<meta name=\"twitter:data1\" content=\"1 minute\" \/>\n<script type=\"application\/ld+json\" class=\"yoast-schema-graph\">{\"@context\":\"https:\/\/schema.org\",\"@graph\":[{\"@type\":\"WebPage\",\"@id\":\"https:\/\/www.mivam.com\/izdelek\/samostojeci-nosilci\/\",\"url\":\"https:\/\/www.mivam.com\/izdelek\/samostojeci-nosilci\/\",\"name\":\"Samostoje\u010di nosilci - Mi Vam\",\"isPartOf\":{\"@id\":\"https:\/\/www.mivam.com\/#website\"},\"primaryImageOfPage\":{\"@id\":\"https:\/\/www.mivam.com\/izdelek\/samostojeci-nosilci\/#primaryimage\"},\"image\":{\"@id\":\"https:\/\/www.mivam.com\/izdelek\/samostojeci-nosilci\/#primaryimage\"},\"thumbnailUrl\":\"https:\/\/www.mivam.com\/wp-content\/uploads\/2022\/08\/valeriea_cinema_scope-800x343.jpg\",\"datePublished\":\"2022-08-29T09:32:03+00:00\",\"dateModified\":\"2024-11-21T11:17:27+00:00\",\"description\":\"Neodvisna komunikacija v vsakem trenutku dneva \u2013 to je na\u0161a misija. Namestitev naprav za podporno in nadomestno komunikacijo v ergonomskem, stabilnem polo\u017eaju, tudi \u010de ni na voljo elementa za namestitev \u2013 talna stojala pridr\u017eijo napravo tudi, ko le\u017eite v bolni\u0161ki postelji, sedite v naslanja\u010du ali ste celo zleknjeni na sede\u017eu z zrnatim polnilom.\",\"breadcrumb\":{\"@id\":\"https:\/\/www.mivam.com\/izdelek\/samostojeci-nosilci\/#breadcrumb\"},\"inLanguage\":\"en-US\",\"potentialAction\":[{\"@type\":\"ReadAction\",\"target\":[\"https:\/\/www.mivam.com\/izdelek\/samostojeci-nosilci\/\"]}]},{\"@type\":\"ImageObject\",\"inLanguage\":\"en-US\",\"@id\":\"https:\/\/www.mivam.com\/izdelek\/samostojeci-nosilci\/#primaryimage\",\"url\":\"https:\/\/www.mivam.com\/wp-content\/uploads\/2022\/08\/valeriea_cinema_scope-800x343.jpg\",\"contentUrl\":\"https:\/\/www.mivam.com\/wp-content\/uploads\/2022\/08\/valeriea_cinema_scope-800x343.jpg\",\"width\":800,\"height\":343},{\"@type\":\"BreadcrumbList\",\"@id\":\"https:\/\/www.mivam.com\/izdelek\/samostojeci-nosilci\/#breadcrumb\",\"itemListElement\":[{\"@type\":\"ListItem\",\"position\":1,\"name\":\"Domov\",\"item\":\"https:\/\/www.mivam.com\/\"},{\"@type\":\"ListItem\",\"position\":2,\"name\":\"Shop\",\"item\":\"https:\/\/www.mivam.com\/en\/shop\/\"},{\"@type\":\"ListItem\",\"position\":3,\"name\":\"Komunikatorji\",\"item\":\"https:\/\/www.mivam.com\/kategorija-izdelka\/komunikatorji\/\"},{\"@type\":\"ListItem\",\"position\":4,\"name\":\"Ve\u010dnamenski nosilci\",\"item\":\"https:\/\/www.mivam.com\/kategorija-izdelka\/komunikatorji\/vecnamenski-nosilci\/\"},{\"@type\":\"ListItem\",\"position\":5,\"name\":\"Samostoje\u010di nosilci\"}]},{\"@type\":\"WebSite\",\"@id\":\"https:\/\/www.mivam.com\/#website\",\"url\":\"https:\/\/www.mivam.com\/\",\"name\":\"Mi Vam\",\"description\":\"Medicinski pripomo\u010dki in re\u0161itve za manj odvisno \u017eivljenje.\",\"potentialAction\":[{\"@type\":\"SearchAction\",\"target\":{\"@type\":\"EntryPoint\",\"urlTemplate\":\"https:\/\/www.mivam.com\/?s={search_term_string}\"},\"query-input\":{\"@type\":\"PropertyValueSpecification\",\"valueRequired\":true,\"valueName\":\"search_term_string\"}}],\"inLanguage\":\"en-US\"}]}<\/script>\n<!-- \/ Yoast SEO plugin. -->","yoast_head_json":{"title":"Samostoje\u010di nosilci - Mi Vam","description":"Neodvisna komunikacija v vsakem trenutku dneva \u2013 to je na\u0161a misija. Namestitev naprav za podporno in nadomestno komunikacijo v ergonomskem, stabilnem polo\u017eaju, tudi \u010de ni na voljo elementa za namestitev \u2013 talna stojala pridr\u017eijo napravo tudi, ko le\u017eite v bolni\u0161ki postelji, sedite v naslanja\u010du ali ste celo zleknjeni na sede\u017eu z zrnatim polnilom.","robots":{"index":"index","follow":"follow","max-snippet":"max-snippet:-1","max-image-preview":"max-image-preview:large","max-video-preview":"max-video-preview:-1"},"canonical":"https:\/\/www.mivam.com\/izdelek\/samostojeci-nosilci\/","og_locale":"en_US","og_type":"article","og_title":"Samostoje\u010di nosilci - Mi Vam","og_description":"Neodvisna komunikacija v vsakem trenutku dneva \u2013 to je na\u0161a misija. Namestitev naprav za podporno in nadomestno komunikacijo v ergonomskem, stabilnem polo\u017eaju, tudi \u010de ni na voljo elementa za namestitev \u2013 talna stojala pridr\u017eijo napravo tudi, ko le\u017eite v bolni\u0161ki postelji, sedite v naslanja\u010du ali ste celo zleknjeni na sede\u017eu z zrnatim polnilom.","og_url":"https:\/\/www.mivam.com\/izdelek\/samostojeci-nosilci\/","og_site_name":"Mi Vam","article_modified_time":"2024-11-21T11:17:27+00:00","og_image":[{"width":800,"height":343,"url":"https:\/\/www.mivam.com\/wp-content\/uploads\/2022\/08\/valeriea_cinema_scope-800x343.jpg","type":"image\/jpeg"}],"twitter_card":"summary_large_image","twitter_misc":{"Est. reading time":"1 minute"},"schema":{"@context":"https:\/\/schema.org","@graph":[{"@type":"WebPage","@id":"https:\/\/www.mivam.com\/izdelek\/samostojeci-nosilci\/","url":"https:\/\/www.mivam.com\/izdelek\/samostojeci-nosilci\/","name":"Samostoje\u010di nosilci - Mi Vam","isPartOf":{"@id":"https:\/\/www.mivam.com\/#website"},"primaryImageOfPage":{"@id":"https:\/\/www.mivam.com\/izdelek\/samostojeci-nosilci\/#primaryimage"},"image":{"@id":"https:\/\/www.mivam.com\/izdelek\/samostojeci-nosilci\/#primaryimage"},"thumbnailUrl":"https:\/\/www.mivam.com\/wp-content\/uploads\/2022\/08\/valeriea_cinema_scope-800x343.jpg","datePublished":"2022-08-29T09:32:03+00:00","dateModified":"2024-11-21T11:17:27+00:00","description":"Neodvisna komunikacija v vsakem trenutku dneva \u2013 to je na\u0161a misija. Namestitev naprav za podporno in nadomestno komunikacijo v ergonomskem, stabilnem polo\u017eaju, tudi \u010de ni na voljo elementa za namestitev \u2013 talna stojala pridr\u017eijo napravo tudi, ko le\u017eite v bolni\u0161ki postelji, sedite v naslanja\u010du ali ste celo zleknjeni na sede\u017eu z zrnatim polnilom.","breadcrumb":{"@id":"https:\/\/www.mivam.com\/izdelek\/samostojeci-nosilci\/#breadcrumb"},"inLanguage":"en-US","potentialAction":[{"@type":"ReadAction","target":["https:\/\/www.mivam.com\/izdelek\/samostojeci-nosilci\/"]}]},{"@type":"ImageObject","inLanguage":"en-US","@id":"https:\/\/www.mivam.com\/izdelek\/samostojeci-nosilci\/#primaryimage","url":"https:\/\/www.mivam.com\/wp-content\/uploads\/2022\/08\/valeriea_cinema_scope-800x343.jpg","contentUrl":"https:\/\/www.mivam.com\/wp-content\/uploads\/2022\/08\/valeriea_cinema_scope-800x343.jpg","width":800,"height":343},{"@type":"BreadcrumbList","@id":"https:\/\/www.mivam.com\/izdelek\/samostojeci-nosilci\/#breadcrumb","itemListElement":[{"@type":"ListItem","position":1,"name":"Domov","item":"https:\/\/www.mivam.com\/"},{"@type":"ListItem","position":2,"name":"Shop","item":"https:\/\/www.mivam.com\/en\/shop\/"},{"@type":"ListItem","position":3,"name":"Komunikatorji","item":"https:\/\/www.mivam.com\/kategorija-izdelka\/komunikatorji\/"},{"@type":"ListItem","position":4,"name":"Ve\u010dnamenski nosilci","item":"https:\/\/www.mivam.com\/kategorija-izdelka\/komunikatorji\/vecnamenski-nosilci\/"},{"@type":"ListItem","position":5,"name":"Samostoje\u010di nosilci"}]},{"@type":"WebSite","@id":"https:\/\/www.mivam.com\/#website","url":"https:\/\/www.mivam.com\/","name":"Mi Vam","description":"Medicinski pripomo\u010dki in re\u0161itve za manj odvisno \u017eivljenje.","potentialAction":[{"@type":"SearchAction","target":{"@type":"EntryPoint","urlTemplate":"https:\/\/www.mivam.com\/?s={search_term_string}"},"query-input":{"@type":"PropertyValueSpecification","valueRequired":true,"valueName":"search_term_string"}}],"inLanguage":"en-US"}]}},"_links":{"self":[{"href":"https:\/\/www.mivam.com\/en\/wp-json\/wp\/v2\/product\/2906","targetHints":{"allow":["GET"]}}],"collection":[{"href":"https:\/\/www.mivam.com\/en\/wp-json\/wp\/v2\/product"}],"about":[{"href":"https:\/\/www.mivam.com\/en\/wp-json\/wp\/v2\/types\/product"}],"replies":[{"embeddable":true,"href":"https:\/\/www.mivam.com\/en\/wp-json\/wp\/v2\/comments?post=2906"}],"wp:featuredmedia":[{"embeddable":true,"href":"https:\/\/www.mivam.com\/en\/wp-json\/wp\/v2\/media\/3018"}],"wp:attachment":[{"href":"https:\/\/www.mivam.com\/en\/wp-json\/wp\/v2\/media?parent=2906"}],"wp:term":[{"taxonomy":"product_brand","embeddable":true,"href":"https:\/\/www.mivam.com\/en\/wp-json\/wp\/v2\/product_brand?post=2906"},{"taxonomy":"product_cat","embeddable":true,"href":"https:\/\/www.mivam.com\/en\/wp-json\/wp\/v2\/product_cat?post=2906"},{"taxonomy":"product_tag","embeddable":true,"href":"https:\/\/www.mivam.com\/en\/wp-json\/wp\/v2\/product_tag?post=2906"}],"curies":[{"name":"wp","href":"https:\/\/api.w.org\/{rel}","templated":true}]}}