{"id":2905,"date":"2022-08-29T11:31:27","date_gmt":"2022-08-29T09:31:27","guid":{"rendered":"https:\/\/www.mivam.com\/?post_type=product&#038;p=2905"},"modified":"2025-05-07T10:19:52","modified_gmt":"2025-05-07T08:19:52","slug":"nosilci-za-vozicke","status":"publish","type":"product","link":"https:\/\/www.mivam.com\/en\/izdelek\/nosilci-za-vozicke\/","title":{"rendered":"Nosilci za vozi\u010dke"},"content":{"rendered":"<div class=\"wpb-content-wrapper\"><p>[vc_row full_width=&#8221;stretch_row&#8221; el_class=&#8221;prod-desc-row&#8221;][vc_column width=&#8221;1\/2&#8243;][vc_column_text]<\/p>\n<h4>Monta\u017eni sistemi<\/h4>\n<p>Obstaja veliko vrst invalidskih vozi\u010dkov, med katerimi so pogosto pomembne razlike. Ne glede na invalidski vozi\u010dek bomo komunikacijsko napravo, stikalo ali krmilo montirali tako, da bo zavarovano in pravilno name\u0161\u010deno, da ga bo oseba, ki ji je namenjeno, lahko uporabljala! Sistem omogo\u010da preprosto uporabo in hitro prilagajanje tudi brez orodij. Preberite ve\u010d o na\u0161ih razli\u010dnih monta\u017enih sistemih \u00bbMonty\u00a03D\u00ab, \u00bbHybrid\u00a03D\u00ab ter \u00bbLight\u00a03D\u00ab in njihovih kompletih.[\/vc_column_text][\/vc_column][vc_column width=&#8221;1\/2&#8243;][vc_single_image image=&#8221;3009&#8243; img_size=&#8221;full&#8221; alignment=&#8221;center&#8221;][\/vc_column][\/vc_row][vc_row full_width=&#8221;stretch_row&#8221; el_class=&#8221;prod-desc-row grey-bg&#8221;][vc_column][vc_row_inner][vc_column_inner width=&#8221;1\/4&#8243;][vc_single_image image=&#8221;3010&#8243; img_size=&#8221;full&#8221; alignment=&#8221;center&#8221;][\/vc_column_inner][vc_column_inner width=&#8221;3\/4&#8243;][vc_column_text]za naprave do<br \/>\n<strong>3\/6\u00a0kg*<\/strong><br \/>\n<strong>6\/13\u00a0lbs<\/strong><br \/>\n* z\u00a0M3D Plus<\/p>\n<p><strong>Monty\u00a03D<\/strong><br \/>\nIzjemne mehanske lastnosti za ve\u010dino re\u0161itev za invalidske vozi\u010dke.[\/vc_column_text][\/vc_column_inner][\/vc_row_inner][vc_row_inner][vc_column_inner width=&#8221;1\/4&#8243;][vc_single_image image=&#8221;3011&#8243; img_size=&#8221;full&#8221; alignment=&#8221;center&#8221;][\/vc_column_inner][vc_column_inner width=&#8221;3\/4&#8243;][vc_column_text]za naprave do<br \/>\n<strong>1,8\u00a0kg<\/strong><br \/>\n<strong>4\u00a0lbs<\/strong><\/p>\n<p><strong>Hybrid\u00a03D<\/strong><br \/>\nEkonomi\u010dno zdru\u017euje lahkotnost razli\u010dice L3D in trpe\u017enost razli\u010dice M3D.[\/vc_column_text][\/vc_column_inner][\/vc_row_inner][vc_row_inner][vc_column_inner width=&#8221;1\/4&#8243;][vc_single_image image=&#8221;3012&#8243; img_size=&#8221;full&#8221; alignment=&#8221;center&#8221;][\/vc_column_inner][vc_column_inner width=&#8221;3\/4&#8243;][vc_column_text]za naprave do<br \/>\n<strong>1,2\u00a0kg<\/strong><br \/>\n<strong>2,6\u00a0lbs<\/strong><\/p>\n<p><strong>Light\u00a03D<\/strong><br \/>\nVitek in eleganten dizajn, ki pa kljub temu \u0161e vedno pooseblja temeljne vrednote znamke Rehadapt.[\/vc_column_text][\/vc_column_inner][\/vc_row_inner][\/vc_column][\/vc_row][vc_row full_width=&#8221;stretch_row&#8221; el_class=&#8221;prod-desc-row&#8221;][vc_column][vc_column_text]<strong>Pri\u017eeme za okvirje<\/strong><\/p>\n<p>Na voljo imamo velik izbor osnovnih pri\u017eem, s katerimi lahko na\u0161e nosilce pritrdite na kateri koli ro\u010dni ali elektri\u010dni invalidski vozi\u010dek. To pomeni, da lahko naprave vpnete na kateri koli okvir, naslonjalo za roke, naslonjalo za noge ali celo pod sede\u017e.<\/p>\n<p><strong>Kompleti stojal za invalidske vozi\u010dke znamke Rehadapt ustrezajo zahtevam za medicinske pripomo\u010dke<\/strong>; biti morajo skladni in ozna\u010deni z edinstvenim identifikatorjem pripomo\u010dka (UDI). Da bi to dosegli, ne da bi pri tem ogrozili potrebno prilagodljivost za izpolnjevanje zahtev posamezne stranke, smo lo\u010dili komplete stojal za invalidske vozi\u010dke od pri\u017eem za okvirje. Ne pozabite, da morate poleg stojala za invalidski vozi\u010dek zato naro\u010diti \u0161e pri\u017eemo za okvir.<\/p>\n<p><strong>Kompleti<\/strong><\/p>\n<p>Zaradi standardizacije skladno z opredelitvijo medicinskega pripomo\u010dka in poenostavitve nekateri kompleti vklju\u010dujejo ve\u010d delov, kot jih je dejansko potrebnih, tj.\u00a0izbiro cevi razli\u010dnih dol\u017ein ter razli\u010dic ro\u010dic in vijakov. Podobno ob dobavi ro\u010dic \u00bbQuickShift\u00ab za delovanje brez orodja dostavimo tudi ustrezne \u0161esterorobe vijake, \u010de je treba denimo dodatno zavarovati postavitve. Dodatne cevi in deli zagotavljajo ve\u010djo prilagodljivost pri sestavljanju stojala.[\/vc_column_text][\/vc_column][\/vc_row][vc_row full_width=&#8221;stretch_row&#8221; el_class=&#8221;prod-desc-row grey-bg&#8221;][vc_column width=&#8221;1\/4&#8243;][vc_single_image image=&#8221;3013&#8243; img_size=&#8221;full&#8221; alignment=&#8221;center&#8221;][vc_column_text]<strong>Stojalo Standard<\/strong><\/p>\n<p>Tricevna re\u0161itev za najpogostej\u0161e primere[\/vc_column_text][\/vc_column][vc_column width=&#8221;1\/4&#8243;][vc_single_image image=&#8221;3014&#8243; img_size=&#8221;full&#8221; alignment=&#8221;center&#8221;][vc_column_text]<strong>Stojalo \u00bbPlus\u00ab<\/strong><\/p>\n<p>Dalj\u0161a roka z dvocevno re\u0161itvijo za ve\u010djo nosilnost in stabilnost na dalj\u0161i razdalji.[\/vc_column_text][\/vc_column][vc_column width=&#8221;1\/4&#8243;][vc_single_image image=&#8221;3015&#8243; img_size=&#8221;full&#8221; alignment=&#8221;center&#8221;][vc_column_text]<strong>Stojalo \u00bbTT\u00ab<\/strong><\/p>\n<p>Poenostavljena dvocevna re\u0161itev za otro\u0161ke in \u0161portne invalidske vozi\u010dke[\/vc_column_text][\/vc_column][vc_column width=&#8221;1\/4&#8243;][vc_single_image image=&#8221;3016&#8243; img_size=&#8221;full&#8221; alignment=&#8221;center&#8221;][vc_column_text]<strong>Ukrivljeno stojalo<\/strong><\/p>\n<p>Dodatna poravnava pri namestitvi naprave na daljavo[\/vc_column_text][\/vc_column][\/vc_row][vc_row el_class=&#8221;prod-desc-row&#8221;][vc_column width=&#8221;1\/3&#8243;][vc_single_image image=&#8221;3031&#8243; img_size=&#8221;full&#8221; alignment=&#8221;center&#8221;][vc_btn title=&#8221;Prenesi PDF katalog&#8221; style=&#8221;classic&#8221; shape=&#8221;square&#8221; color=&#8221;info&#8221; align=&#8221;center&#8221; link=&#8221;url:https%3A%2F%2Fwww.mivam.com%2Fwp-content%2Fuploads%2F2022%2F08%2Frehadapt_catalog_section_wheelchair_mounts-3.pdf|||&#8221;][\/vc_column][vc_column width=&#8221;1\/3&#8243;][\/vc_column][vc_column width=&#8221;1\/3&#8243;][\/vc_column][\/vc_row]<\/p>\n<\/div>","protected":false},"excerpt":{"rendered":"<p>Neodvisna komunikacija v vsakem trenutku dneva \u2013 to je na\u0161a misija. Pravilna namestitev naprav za podporno in nadomestno komunikacijo je bistvenega pomena za odzivanje na potrebe kupcev. Znamka Rehadapt zagotavlja domiselne in prilagodljive re\u0161itve za ve\u010dino invalidskih vozi\u010dkov.<\/p>\n","protected":false},"featured_media":3007,"comment_status":"closed","ping_status":"closed","template":"","meta":[],"product_brand":[],"product_cat":[223,80],"product_tag":[126,195,124,194],"class_list":{"0":"post-2905","1":"product","2":"type-product","3":"status-publish","4":"has-post-thumbnail","6":"product_cat-komunikatorji","7":"product_cat-vecnamenski-nosilci","8":"product_tag-nosilci","9":"product_tag-nosilci-za-vozicek","10":"product_tag-rehadapt","11":"product_tag-vozicek","13":"first","14":"onbackorder","15":"taxable","16":"shipping-taxable","17":"product-type-simple"},"yoast_head":"<!-- This site is optimized with the Yoast SEO plugin v24.0 - https:\/\/yoast.com\/wordpress\/plugins\/seo\/ -->\n<title>Nosilci za vozi\u010dke - Mi Vam<\/title>\n<meta name=\"description\" content=\"Neodvisna komunikacija v vsakem trenutku dneva \u2013 to je na\u0161a misija. Pravilna namestitev naprav za podporno in nadomestno komunikacijo je bistvenega pomena za odzivanje na potrebe kupcev. Znamka Rehadapt zagotavlja domiselne in prilagodljive re\u0161itve za ve\u010dino invalidskih vozi\u010dkov.\" \/>\n<meta name=\"robots\" content=\"index, follow, max-snippet:-1, max-image-preview:large, max-video-preview:-1\" \/>\n<link rel=\"canonical\" href=\"https:\/\/www.mivam.com\/izdelek\/nosilci-za-vozicke\/\" \/>\n<meta property=\"og:locale\" content=\"en_US\" \/>\n<meta property=\"og:type\" content=\"article\" \/>\n<meta property=\"og:title\" content=\"Nosilci za vozi\u010dke - Mi Vam\" \/>\n<meta property=\"og:description\" content=\"Neodvisna komunikacija v vsakem trenutku dneva \u2013 to je na\u0161a misija. Pravilna namestitev naprav za podporno in nadomestno komunikacijo je bistvenega pomena za odzivanje na potrebe kupcev. Znamka Rehadapt zagotavlja domiselne in prilagodljive re\u0161itve za ve\u010dino invalidskih vozi\u010dkov.\" \/>\n<meta property=\"og:url\" content=\"https:\/\/www.mivam.com\/izdelek\/nosilci-za-vozicke\/\" \/>\n<meta property=\"og:site_name\" content=\"Mi Vam\" \/>\n<meta property=\"article:modified_time\" content=\"2025-05-07T08:19:52+00:00\" \/>\n<meta property=\"og:image\" content=\"https:\/\/www.mivam.com\/wp-content\/uploads\/2022\/08\/wheelchair_mounts_julia_cover-800x343.jpg\" \/>\n\t<meta property=\"og:image:width\" content=\"800\" \/>\n\t<meta property=\"og:image:height\" content=\"343\" \/>\n\t<meta property=\"og:image:type\" content=\"image\/jpeg\" \/>\n<meta name=\"twitter:card\" content=\"summary_large_image\" \/>\n<meta name=\"twitter:label1\" content=\"Est. reading time\" \/>\n\t<meta name=\"twitter:data1\" content=\"5 minutes\" \/>\n<script type=\"application\/ld+json\" class=\"yoast-schema-graph\">{\"@context\":\"https:\/\/schema.org\",\"@graph\":[{\"@type\":\"WebPage\",\"@id\":\"https:\/\/www.mivam.com\/izdelek\/nosilci-za-vozicke\/\",\"url\":\"https:\/\/www.mivam.com\/izdelek\/nosilci-za-vozicke\/\",\"name\":\"Nosilci za vozi\u010dke - Mi Vam\",\"isPartOf\":{\"@id\":\"https:\/\/www.mivam.com\/#website\"},\"primaryImageOfPage\":{\"@id\":\"https:\/\/www.mivam.com\/izdelek\/nosilci-za-vozicke\/#primaryimage\"},\"image\":{\"@id\":\"https:\/\/www.mivam.com\/izdelek\/nosilci-za-vozicke\/#primaryimage\"},\"thumbnailUrl\":\"https:\/\/www.mivam.com\/wp-content\/uploads\/2022\/08\/wheelchair_mounts_julia_cover-800x343.jpg\",\"datePublished\":\"2022-08-29T09:31:27+00:00\",\"dateModified\":\"2025-05-07T08:19:52+00:00\",\"description\":\"Neodvisna komunikacija v vsakem trenutku dneva \u2013 to je na\u0161a misija. Pravilna namestitev naprav za podporno in nadomestno komunikacijo je bistvenega pomena za odzivanje na potrebe kupcev. Znamka Rehadapt zagotavlja domiselne in prilagodljive re\u0161itve za ve\u010dino invalidskih vozi\u010dkov.\",\"breadcrumb\":{\"@id\":\"https:\/\/www.mivam.com\/izdelek\/nosilci-za-vozicke\/#breadcrumb\"},\"inLanguage\":\"en-US\",\"potentialAction\":[{\"@type\":\"ReadAction\",\"target\":[\"https:\/\/www.mivam.com\/izdelek\/nosilci-za-vozicke\/\"]}]},{\"@type\":\"ImageObject\",\"inLanguage\":\"en-US\",\"@id\":\"https:\/\/www.mivam.com\/izdelek\/nosilci-za-vozicke\/#primaryimage\",\"url\":\"https:\/\/www.mivam.com\/wp-content\/uploads\/2022\/08\/wheelchair_mounts_julia_cover-800x343.jpg\",\"contentUrl\":\"https:\/\/www.mivam.com\/wp-content\/uploads\/2022\/08\/wheelchair_mounts_julia_cover-800x343.jpg\",\"width\":800,\"height\":343},{\"@type\":\"BreadcrumbList\",\"@id\":\"https:\/\/www.mivam.com\/izdelek\/nosilci-za-vozicke\/#breadcrumb\",\"itemListElement\":[{\"@type\":\"ListItem\",\"position\":1,\"name\":\"Domov\",\"item\":\"https:\/\/www.mivam.com\/\"},{\"@type\":\"ListItem\",\"position\":2,\"name\":\"Shop\",\"item\":\"https:\/\/www.mivam.com\/en\/shop\/\"},{\"@type\":\"ListItem\",\"position\":3,\"name\":\"Komunikatorji\",\"item\":\"https:\/\/www.mivam.com\/kategorija-izdelka\/komunikatorji\/\"},{\"@type\":\"ListItem\",\"position\":4,\"name\":\"Ve\u010dnamenski nosilci\",\"item\":\"https:\/\/www.mivam.com\/kategorija-izdelka\/komunikatorji\/vecnamenski-nosilci\/\"},{\"@type\":\"ListItem\",\"position\":5,\"name\":\"Nosilci za vozi\u010dke\"}]},{\"@type\":\"WebSite\",\"@id\":\"https:\/\/www.mivam.com\/#website\",\"url\":\"https:\/\/www.mivam.com\/\",\"name\":\"Mi Vam\",\"description\":\"Medicinski pripomo\u010dki in re\u0161itve za manj odvisno \u017eivljenje.\",\"potentialAction\":[{\"@type\":\"SearchAction\",\"target\":{\"@type\":\"EntryPoint\",\"urlTemplate\":\"https:\/\/www.mivam.com\/?s={search_term_string}\"},\"query-input\":{\"@type\":\"PropertyValueSpecification\",\"valueRequired\":true,\"valueName\":\"search_term_string\"}}],\"inLanguage\":\"en-US\"}]}<\/script>\n<!-- \/ Yoast SEO plugin. -->","yoast_head_json":{"title":"Nosilci za vozi\u010dke - Mi Vam","description":"Neodvisna komunikacija v vsakem trenutku dneva \u2013 to je na\u0161a misija. Pravilna namestitev naprav za podporno in nadomestno komunikacijo je bistvenega pomena za odzivanje na potrebe kupcev. Znamka Rehadapt zagotavlja domiselne in prilagodljive re\u0161itve za ve\u010dino invalidskih vozi\u010dkov.","robots":{"index":"index","follow":"follow","max-snippet":"max-snippet:-1","max-image-preview":"max-image-preview:large","max-video-preview":"max-video-preview:-1"},"canonical":"https:\/\/www.mivam.com\/izdelek\/nosilci-za-vozicke\/","og_locale":"en_US","og_type":"article","og_title":"Nosilci za vozi\u010dke - Mi Vam","og_description":"Neodvisna komunikacija v vsakem trenutku dneva \u2013 to je na\u0161a misija. Pravilna namestitev naprav za podporno in nadomestno komunikacijo je bistvenega pomena za odzivanje na potrebe kupcev. Znamka Rehadapt zagotavlja domiselne in prilagodljive re\u0161itve za ve\u010dino invalidskih vozi\u010dkov.","og_url":"https:\/\/www.mivam.com\/izdelek\/nosilci-za-vozicke\/","og_site_name":"Mi Vam","article_modified_time":"2025-05-07T08:19:52+00:00","og_image":[{"width":800,"height":343,"url":"https:\/\/www.mivam.com\/wp-content\/uploads\/2022\/08\/wheelchair_mounts_julia_cover-800x343.jpg","type":"image\/jpeg"}],"twitter_card":"summary_large_image","twitter_misc":{"Est. reading time":"5 minutes"},"schema":{"@context":"https:\/\/schema.org","@graph":[{"@type":"WebPage","@id":"https:\/\/www.mivam.com\/izdelek\/nosilci-za-vozicke\/","url":"https:\/\/www.mivam.com\/izdelek\/nosilci-za-vozicke\/","name":"Nosilci za vozi\u010dke - Mi Vam","isPartOf":{"@id":"https:\/\/www.mivam.com\/#website"},"primaryImageOfPage":{"@id":"https:\/\/www.mivam.com\/izdelek\/nosilci-za-vozicke\/#primaryimage"},"image":{"@id":"https:\/\/www.mivam.com\/izdelek\/nosilci-za-vozicke\/#primaryimage"},"thumbnailUrl":"https:\/\/www.mivam.com\/wp-content\/uploads\/2022\/08\/wheelchair_mounts_julia_cover-800x343.jpg","datePublished":"2022-08-29T09:31:27+00:00","dateModified":"2025-05-07T08:19:52+00:00","description":"Neodvisna komunikacija v vsakem trenutku dneva \u2013 to je na\u0161a misija. Pravilna namestitev naprav za podporno in nadomestno komunikacijo je bistvenega pomena za odzivanje na potrebe kupcev. Znamka Rehadapt zagotavlja domiselne in prilagodljive re\u0161itve za ve\u010dino invalidskih vozi\u010dkov.","breadcrumb":{"@id":"https:\/\/www.mivam.com\/izdelek\/nosilci-za-vozicke\/#breadcrumb"},"inLanguage":"en-US","potentialAction":[{"@type":"ReadAction","target":["https:\/\/www.mivam.com\/izdelek\/nosilci-za-vozicke\/"]}]},{"@type":"ImageObject","inLanguage":"en-US","@id":"https:\/\/www.mivam.com\/izdelek\/nosilci-za-vozicke\/#primaryimage","url":"https:\/\/www.mivam.com\/wp-content\/uploads\/2022\/08\/wheelchair_mounts_julia_cover-800x343.jpg","contentUrl":"https:\/\/www.mivam.com\/wp-content\/uploads\/2022\/08\/wheelchair_mounts_julia_cover-800x343.jpg","width":800,"height":343},{"@type":"BreadcrumbList","@id":"https:\/\/www.mivam.com\/izdelek\/nosilci-za-vozicke\/#breadcrumb","itemListElement":[{"@type":"ListItem","position":1,"name":"Domov","item":"https:\/\/www.mivam.com\/"},{"@type":"ListItem","position":2,"name":"Shop","item":"https:\/\/www.mivam.com\/en\/shop\/"},{"@type":"ListItem","position":3,"name":"Komunikatorji","item":"https:\/\/www.mivam.com\/kategorija-izdelka\/komunikatorji\/"},{"@type":"ListItem","position":4,"name":"Ve\u010dnamenski nosilci","item":"https:\/\/www.mivam.com\/kategorija-izdelka\/komunikatorji\/vecnamenski-nosilci\/"},{"@type":"ListItem","position":5,"name":"Nosilci za vozi\u010dke"}]},{"@type":"WebSite","@id":"https:\/\/www.mivam.com\/#website","url":"https:\/\/www.mivam.com\/","name":"Mi Vam","description":"Medicinski pripomo\u010dki in re\u0161itve za manj odvisno \u017eivljenje.","potentialAction":[{"@type":"SearchAction","target":{"@type":"EntryPoint","urlTemplate":"https:\/\/www.mivam.com\/?s={search_term_string}"},"query-input":{"@type":"PropertyValueSpecification","valueRequired":true,"valueName":"search_term_string"}}],"inLanguage":"en-US"}]}},"_links":{"self":[{"href":"https:\/\/www.mivam.com\/en\/wp-json\/wp\/v2\/product\/2905","targetHints":{"allow":["GET"]}}],"collection":[{"href":"https:\/\/www.mivam.com\/en\/wp-json\/wp\/v2\/product"}],"about":[{"href":"https:\/\/www.mivam.com\/en\/wp-json\/wp\/v2\/types\/product"}],"replies":[{"embeddable":true,"href":"https:\/\/www.mivam.com\/en\/wp-json\/wp\/v2\/comments?post=2905"}],"wp:featuredmedia":[{"embeddable":true,"href":"https:\/\/www.mivam.com\/en\/wp-json\/wp\/v2\/media\/3007"}],"wp:attachment":[{"href":"https:\/\/www.mivam.com\/en\/wp-json\/wp\/v2\/media?parent=2905"}],"wp:term":[{"taxonomy":"product_brand","embeddable":true,"href":"https:\/\/www.mivam.com\/en\/wp-json\/wp\/v2\/product_brand?post=2905"},{"taxonomy":"product_cat","embeddable":true,"href":"https:\/\/www.mivam.com\/en\/wp-json\/wp\/v2\/product_cat?post=2905"},{"taxonomy":"product_tag","embeddable":true,"href":"https:\/\/www.mivam.com\/en\/wp-json\/wp\/v2\/product_tag?post=2905"}],"curies":[{"name":"wp","href":"https:\/\/api.w.org\/{rel}","templated":true}]}}