{"id":2795,"date":"2025-05-08T11:01:46","date_gmt":"2025-05-08T09:01:46","guid":{"rendered":"https:\/\/www.mivam.com\/?post_type=product&#038;p=2795"},"modified":"2025-05-08T11:01:47","modified_gmt":"2025-05-08T09:01:47","slug":"bolniska-postelja-interval-in-interval-xxl","status":"publish","type":"product","link":"https:\/\/www.mivam.com\/en\/izdelek\/bolniska-postelja-interval-in-interval-xxl\/","title":{"rendered":"Bolni\u0161ka postelja Interval in Interval XXL"},"content":{"rendered":"<p><span class=\"VIiyi\" lang=\"sl\"><span class=\"JLqJ4b ChMk0b\" data-language-for-alternatives=\"sl\" data-language-to-translate-into=\"en\" data-phrase-index=\"4\">Postelja Interval ima elektri\u010dno nastavljivo oporo za glavo.<\/span> <span class=\"JLqJ4b ChMk0b\" data-language-for-alternatives=\"sl\" data-language-to-translate-into=\"en\" data-phrase-index=\"5\">S preprostim pritiskom na gumb se naslon za glavo spusti ali dvigne v \u017eeljen polo\u017eaj, tako da lahko berete, jeste ali gledate televizijo.<\/span> <span class=\"JLqJ4b ChMk0b\" data-language-for-alternatives=\"sl\" data-language-to-translate-into=\"en\" data-phrase-index=\"6\">Nosilec za noge lahko ro\u010dno postavite v pravi polo\u017eaj.<\/span> <span class=\"JLqJ4b ChMk0b\" data-language-for-alternatives=\"sl\" data-language-to-translate-into=\"en\" data-phrase-index=\"7\">Tako visoka \/ nizka postelja ima 4 kolesa, vsako z lo\u010deno zavoro, kar zagotavlja stabilnost.<\/span> <span class=\"JLqJ4b ChMk0b\" data-language-for-alternatives=\"sl\" data-language-to-translate-into=\"en\" data-phrase-index=\"8\">Mo\u010dno in fleksibilno prevle\u010deno podno\u017eje je enostavno vzdr\u017eevati.<\/span> <span class=\"JLqJ4b ChMk0b\" data-language-for-alternatives=\"sl\" data-language-to-translate-into=\"en\" data-phrase-index=\"9\">Postelja je lahko sestavljena in razstavljena hitro in brez orodja.<\/span> <\/span><\/p>\n<p><strong><span class=\"VIiyi\" lang=\"sl\"><span class=\"JLqJ4b ChMk0b\" data-language-for-alternatives=\"sl\" data-language-to-translate-into=\"en\" data-phrase-index=\"11\">Opcije<\/span> <\/span><\/strong><\/p>\n<p><span class=\"VIiyi\" lang=\"sl\"><span class=\"JLqJ4b ChMk0b\" data-language-for-alternatives=\"sl\" data-language-to-translate-into=\"en\" data-phrase-index=\"13\">\u2022 Postelja z elektri\u010dno zaponko\u00a0<\/span> <\/span><\/p>\n<p><span class=\"VIiyi\" lang=\"sl\"><span class=\"JLqJ4b ChMk0b\" data-language-for-alternatives=\"sl\" data-language-to-translate-into=\"en\" data-phrase-index=\"15\">\u2022 Tabela<\/span> <\/span><\/p>\n<p><span class=\"VIiyi\" lang=\"sl\"><span class=\"JLqJ4b ChMk0b\" data-language-for-alternatives=\"sl\" data-language-to-translate-into=\"en\" data-phrase-index=\"17\">\u2022 No\u010dna omarica<\/span> <\/span><\/p>\n<p><span class=\"VIiyi\" lang=\"sl\"><span class=\"JLqJ4b ChMk0b\" data-language-for-alternatives=\"sl\" data-language-to-translate-into=\"en\" data-phrase-index=\"19\">\u2022 Pokrov za prevoz lesenih plo\u0161\u010d<\/span> <\/span><\/p>\n<p><span class=\"VIiyi\" lang=\"sl\"><span class=\"JLqJ4b ChMk0b\" data-language-for-alternatives=\"sl\" data-language-to-translate-into=\"en\" data-phrase-index=\"21\">\u2022 Lesen osnovni okvir<\/span> <\/span><\/p>\n<p><span class=\"VIiyi\" lang=\"sl\"><span class=\"JLqJ4b ChMk0b\" data-language-for-alternatives=\"sl\" data-language-to-translate-into=\"en\" data-phrase-index=\"23\">\u2022 Centralizirana zavora<\/span><\/span><\/p>\n<p><strong>Barva okvirja lesa<\/strong><\/p>\n<p><strong>BE\u017d<\/strong><\/p>\n<p><a href=\"https:\/\/www.mivam.com\/wp-content\/uploads\/2021\/07\/bolniska-postelja-barva.jpg\"><img decoding=\"async\" class=\"size-full wp-image-2793 alignleft\" src=\"https:\/\/www.mivam.com\/wp-content\/uploads\/2021\/07\/bolniska-postelja-barva.jpg\" alt=\"\" width=\"76\" height=\"74\" \/><\/a><\/p>\n<p>&nbsp;<\/p>\n<p>&nbsp;<\/p>\n<p>&nbsp;<\/p>\n<p><strong>Interval XXL<\/strong><\/p>\n<p><a href=\"https:\/\/www.mivam.com\/wp-content\/uploads\/2021\/07\/bolniska-postelja-xxl.jpg\"><img decoding=\"async\" class=\"size-full wp-image-2818 alignleft\" src=\"https:\/\/www.mivam.com\/wp-content\/uploads\/2021\/07\/bolniska-postelja-xxl.jpg\" alt=\"\" width=\"676\" height=\"625\" srcset=\"https:\/\/www.mivam.com\/wp-content\/uploads\/2021\/07\/bolniska-postelja-xxl.jpg 676w, https:\/\/www.mivam.com\/wp-content\/uploads\/2021\/07\/bolniska-postelja-xxl-600x555.jpg 600w, https:\/\/www.mivam.com\/wp-content\/uploads\/2021\/07\/bolniska-postelja-xxl-300x277.jpg 300w\" sizes=\"(max-width: 676px) 100vw, 676px\" \/><\/a><\/p>\n<p>&nbsp;<\/p>\n<p>&nbsp;<\/p>\n<p>&nbsp;<\/p>\n<p>&nbsp;<\/p>\n<p>&nbsp;<\/p>\n<p>&nbsp;<\/p>\n<p>&nbsp;<\/p>\n<p>&nbsp;<\/p>\n<p>&nbsp;<\/p>\n<p>&nbsp;<\/p>\n<p>&nbsp;<\/p>\n<p>&nbsp;<\/p>\n<p>&nbsp;<\/p>\n<p>&nbsp;<\/p>\n<p>&nbsp;<\/p>\n<p>&nbsp;<\/p>\n<p>&nbsp;<\/p>\n<p><strong>Tehni\u010dne specifikacije<\/strong><\/p>\n<p><a href=\"https:\/\/www.mivam.com\/wp-content\/uploads\/2021\/07\/bolniska-postelja-xxl-tehnicne-spec-prava.jpg\"><img decoding=\"async\" class=\"aligncenter size-full wp-image-2819\" src=\"https:\/\/www.mivam.com\/wp-content\/uploads\/2021\/07\/bolniska-postelja-xxl-tehnicne-spec-prava.jpg\" alt=\"\" width=\"1127\" height=\"154\" srcset=\"https:\/\/www.mivam.com\/wp-content\/uploads\/2021\/07\/bolniska-postelja-xxl-tehnicne-spec-prava.jpg 1127w, https:\/\/www.mivam.com\/wp-content\/uploads\/2021\/07\/bolniska-postelja-xxl-tehnicne-spec-prava-600x82.jpg 600w, https:\/\/www.mivam.com\/wp-content\/uploads\/2021\/07\/bolniska-postelja-xxl-tehnicne-spec-prava-300x41.jpg 300w, https:\/\/www.mivam.com\/wp-content\/uploads\/2021\/07\/bolniska-postelja-xxl-tehnicne-spec-prava-768x105.jpg 768w, https:\/\/www.mivam.com\/wp-content\/uploads\/2021\/07\/bolniska-postelja-xxl-tehnicne-spec-prava-1024x140.jpg 1024w\" sizes=\"(max-width: 1127px) 100vw, 1127px\" \/><\/a><\/p>\n<p><strong>Mo\u017eni sta dve vrsti in sicer 120 cm in 140 cm dol\u017eine<\/strong><\/p>\n<table style=\"width: 656.55px\">\n<tbody>\n<tr>\n<td style=\"width: 256px\"><strong>120 cm<\/strong><\/td>\n<td style=\"width: 104px\"><\/td>\n<td style=\"width: 247px\"><strong>140 cm<\/strong><\/td>\n<td style=\"width: 125.55px\"><\/td>\n<\/tr>\n<tr>\n<td style=\"width: 256px\">\u0160irina<\/td>\n<td style=\"width: 104px\">133 cm<\/td>\n<td style=\"width: 247px\">\u0160irina<\/td>\n<td style=\"width: 125.55px\">133 cm<\/td>\n<\/tr>\n<tr>\n<td style=\"width: 256px\">Dol\u017eina<\/td>\n<td style=\"width: 104px\">208 cm<\/td>\n<td style=\"width: 247px\">Dol\u017eina<\/td>\n<td style=\"width: 125.55px\">208 cm<\/td>\n<\/tr>\n<tr>\n<td style=\"width: 256px\">Minimalna vi\u0161ina<\/td>\n<td style=\"width: 104px\">37 cm<\/td>\n<td style=\"width: 247px\">Minimalna vi\u0161ina<\/td>\n<td style=\"width: 125.55px\">37 cm<\/td>\n<\/tr>\n<tr>\n<td style=\"width: 256px\">Maksimala vi\u0161ina<\/td>\n<td style=\"width: 104px\">80,5 cm<\/td>\n<td style=\"width: 247px\">Maksimala vi\u0161ina<\/td>\n<td style=\"width: 125.55px\">80,5 cm<\/td>\n<\/tr>\n<tr>\n<td style=\"width: 256px\">Nagib naslona glave<\/td>\n<td style=\"width: 104px\">70\u00b0<\/td>\n<td style=\"width: 247px\">Nagib naslona glave<\/td>\n<td style=\"width: 125.55px\">70\u00b0<\/td>\n<\/tr>\n<tr>\n<td style=\"width: 256px\">Nagib naslona nog<\/td>\n<td style=\"width: 104px\">30\u00b0<\/td>\n<td style=\"width: 247px\">Nagib naslona nog<\/td>\n<td style=\"width: 125.55px\">30\u00b0<\/td>\n<\/tr>\n<tr>\n<td style=\"width: 256px\">Maksimalna te\u017ea uporabnika<\/td>\n<td style=\"width: 104px\">240 kg<\/td>\n<td style=\"width: 247px\">Maksimalna te\u017ea uporabnika<\/td>\n<td style=\"width: 125.55px\">240 kg<\/td>\n<\/tr>\n<\/tbody>\n<\/table>\n","protected":false},"excerpt":{"rendered":"<p>Postelja Interval XXL s 3 funkcijami ima elektri\u010dno nastavitev in je na voljo v dol\u017einah 1200 in 1400 mm. Mo\u017eno je naro\u010diti v belem ali be\u017e ogrodju z mre\u017easto podlago za vzmetnico. No\u017eni del je opremljen z elektri\u010dno nastavljivo kolensko zaponko, medtem ko je vzno\u017eni del mogo\u010de nastaviti ro\u010dno. Naro\u010dilo je mo\u017eno z lesenimi ali kovinskimi stranskimi ograjami.<\/p>\n<p>Najve\u010dja te\u017ea uporabnika: 240 kg.<\/p>\n","protected":false},"featured_media":2792,"comment_status":"closed","ping_status":"closed","template":"","meta":[],"product_brand":[],"product_cat":[226,76],"product_tag":[246,247,245,248,111],"class_list":{"0":"post-2795","1":"product","2":"type-product","3":"status-publish","4":"has-post-thumbnail","6":"product_cat-pohistvo","7":"product_cat-pohistvo-za-gibalno-ovirane","8":"product_tag-bolniska-postelja","9":"product_tag-elektricna-postelja","10":"product_tag-interval","11":"product_tag-interval-xxl","12":"product_tag-vermeiren","14":"first","15":"onbackorder","16":"taxable","17":"shipping-taxable","18":"product-type-simple"},"yoast_head":"<!-- This site is optimized with the Yoast SEO plugin v24.0 - https:\/\/yoast.com\/wordpress\/plugins\/seo\/ -->\n<title>Bolni\u0161ka postelja Interval in Interval XXL - Mi Vam<\/title>\n<meta name=\"description\" content=\"Postelja Interval XXL s 3 funkcijami ima elektri\u010dno nastavitev in je na voljo v dol\u017einah 1200 in 1400 mm. Mo\u017eno je naro\u010diti v belem ali be\u017e ogrodju z mre\u017easto podlago za vzmetnico. No\u017eni del je opremljen z elektri\u010dno nastavljivo kolensko zaponko, medtem ko je vzno\u017eni del mogo\u010de nastaviti ro\u010dno. Naro\u010dilo je mo\u017eno z lesenimi ali kovinskimi stranskimi ograjami.  Najve\u010dja te\u017ea uporabnika: 240 kg.\" \/>\n<meta name=\"robots\" content=\"index, follow, max-snippet:-1, max-image-preview:large, max-video-preview:-1\" \/>\n<link rel=\"canonical\" href=\"https:\/\/www.mivam.com\/izdelek\/bolniska-postelja-interval-in-interval-xxl\/\" \/>\n<meta property=\"og:locale\" content=\"en_US\" \/>\n<meta property=\"og:type\" content=\"article\" \/>\n<meta property=\"og:title\" content=\"Bolni\u0161ka postelja Interval in Interval XXL - Mi Vam\" \/>\n<meta property=\"og:description\" content=\"Postelja Interval XXL s 3 funkcijami ima elektri\u010dno nastavitev in je na voljo v dol\u017einah 1200 in 1400 mm. Mo\u017eno je naro\u010diti v belem ali be\u017e ogrodju z mre\u017easto podlago za vzmetnico. No\u017eni del je opremljen z elektri\u010dno nastavljivo kolensko zaponko, medtem ko je vzno\u017eni del mogo\u010de nastaviti ro\u010dno. Naro\u010dilo je mo\u017eno z lesenimi ali kovinskimi stranskimi ograjami.  Najve\u010dja te\u017ea uporabnika: 240 kg.\" \/>\n<meta property=\"og:url\" content=\"https:\/\/www.mivam.com\/izdelek\/bolniska-postelja-interval-in-interval-xxl\/\" \/>\n<meta property=\"og:site_name\" content=\"Mi Vam\" \/>\n<meta property=\"article:modified_time\" content=\"2025-05-08T09:01:47+00:00\" \/>\n<meta property=\"og:image\" content=\"https:\/\/www.mivam.com\/wp-content\/uploads\/2021\/07\/bolniska-postelja-2.jpg\" \/>\n\t<meta property=\"og:image:width\" content=\"740\" \/>\n\t<meta property=\"og:image:height\" content=\"707\" \/>\n\t<meta property=\"og:image:type\" content=\"image\/jpeg\" \/>\n<meta name=\"twitter:card\" content=\"summary_large_image\" \/>\n<meta name=\"twitter:label1\" content=\"Est. reading time\" \/>\n\t<meta name=\"twitter:data1\" content=\"2 minutes\" \/>\n<script type=\"application\/ld+json\" class=\"yoast-schema-graph\">{\"@context\":\"https:\/\/schema.org\",\"@graph\":[{\"@type\":\"WebPage\",\"@id\":\"https:\/\/www.mivam.com\/izdelek\/bolniska-postelja-interval-in-interval-xxl\/\",\"url\":\"https:\/\/www.mivam.com\/izdelek\/bolniska-postelja-interval-in-interval-xxl\/\",\"name\":\"Bolni\u0161ka postelja Interval in Interval XXL - Mi Vam\",\"isPartOf\":{\"@id\":\"https:\/\/www.mivam.com\/#website\"},\"primaryImageOfPage\":{\"@id\":\"https:\/\/www.mivam.com\/izdelek\/bolniska-postelja-interval-in-interval-xxl\/#primaryimage\"},\"image\":{\"@id\":\"https:\/\/www.mivam.com\/izdelek\/bolniska-postelja-interval-in-interval-xxl\/#primaryimage\"},\"thumbnailUrl\":\"https:\/\/www.mivam.com\/wp-content\/uploads\/2021\/07\/bolniska-postelja-2.jpg\",\"datePublished\":\"2025-05-08T09:01:46+00:00\",\"dateModified\":\"2025-05-08T09:01:47+00:00\",\"description\":\"Postelja Interval XXL s 3 funkcijami ima elektri\u010dno nastavitev in je na voljo v dol\u017einah 1200 in 1400 mm. Mo\u017eno je naro\u010diti v belem ali be\u017e ogrodju z mre\u017easto podlago za vzmetnico. No\u017eni del je opremljen z elektri\u010dno nastavljivo kolensko zaponko, medtem ko je vzno\u017eni del mogo\u010de nastaviti ro\u010dno. Naro\u010dilo je mo\u017eno z lesenimi ali kovinskimi stranskimi ograjami. Najve\u010dja te\u017ea uporabnika: 240 kg.\",\"breadcrumb\":{\"@id\":\"https:\/\/www.mivam.com\/izdelek\/bolniska-postelja-interval-in-interval-xxl\/#breadcrumb\"},\"inLanguage\":\"en-US\",\"potentialAction\":[{\"@type\":\"ReadAction\",\"target\":[\"https:\/\/www.mivam.com\/izdelek\/bolniska-postelja-interval-in-interval-xxl\/\"]}]},{\"@type\":\"ImageObject\",\"inLanguage\":\"en-US\",\"@id\":\"https:\/\/www.mivam.com\/izdelek\/bolniska-postelja-interval-in-interval-xxl\/#primaryimage\",\"url\":\"https:\/\/www.mivam.com\/wp-content\/uploads\/2021\/07\/bolniska-postelja-2.jpg\",\"contentUrl\":\"https:\/\/www.mivam.com\/wp-content\/uploads\/2021\/07\/bolniska-postelja-2.jpg\",\"width\":740,\"height\":707},{\"@type\":\"BreadcrumbList\",\"@id\":\"https:\/\/www.mivam.com\/izdelek\/bolniska-postelja-interval-in-interval-xxl\/#breadcrumb\",\"itemListElement\":[{\"@type\":\"ListItem\",\"position\":1,\"name\":\"Domov\",\"item\":\"https:\/\/www.mivam.com\/\"},{\"@type\":\"ListItem\",\"position\":2,\"name\":\"Shop\",\"item\":\"https:\/\/www.mivam.com\/en\/shop\/\"},{\"@type\":\"ListItem\",\"position\":3,\"name\":\"Pohi\u0161tvo\",\"item\":\"https:\/\/www.mivam.com\/kategorija-izdelka\/pohistvo\/\"},{\"@type\":\"ListItem\",\"position\":4,\"name\":\"Pohi\u0161tvo za gibalno ovirane\",\"item\":\"https:\/\/www.mivam.com\/kategorija-izdelka\/pohistvo\/pohistvo-za-gibalno-ovirane\/\"},{\"@type\":\"ListItem\",\"position\":5,\"name\":\"Bolni\u0161ka postelja Interval in Interval XXL\"}]},{\"@type\":\"WebSite\",\"@id\":\"https:\/\/www.mivam.com\/#website\",\"url\":\"https:\/\/www.mivam.com\/\",\"name\":\"Mi Vam\",\"description\":\"Medicinski pripomo\u010dki in re\u0161itve za manj odvisno \u017eivljenje.\",\"potentialAction\":[{\"@type\":\"SearchAction\",\"target\":{\"@type\":\"EntryPoint\",\"urlTemplate\":\"https:\/\/www.mivam.com\/?s={search_term_string}\"},\"query-input\":{\"@type\":\"PropertyValueSpecification\",\"valueRequired\":true,\"valueName\":\"search_term_string\"}}],\"inLanguage\":\"en-US\"}]}<\/script>\n<!-- \/ Yoast SEO plugin. -->","yoast_head_json":{"title":"Bolni\u0161ka postelja Interval in Interval XXL - Mi Vam","description":"Postelja Interval XXL s 3 funkcijami ima elektri\u010dno nastavitev in je na voljo v dol\u017einah 1200 in 1400 mm. Mo\u017eno je naro\u010diti v belem ali be\u017e ogrodju z mre\u017easto podlago za vzmetnico. No\u017eni del je opremljen z elektri\u010dno nastavljivo kolensko zaponko, medtem ko je vzno\u017eni del mogo\u010de nastaviti ro\u010dno. Naro\u010dilo je mo\u017eno z lesenimi ali kovinskimi stranskimi ograjami.  Najve\u010dja te\u017ea uporabnika: 240 kg.","robots":{"index":"index","follow":"follow","max-snippet":"max-snippet:-1","max-image-preview":"max-image-preview:large","max-video-preview":"max-video-preview:-1"},"canonical":"https:\/\/www.mivam.com\/izdelek\/bolniska-postelja-interval-in-interval-xxl\/","og_locale":"en_US","og_type":"article","og_title":"Bolni\u0161ka postelja Interval in Interval XXL - Mi Vam","og_description":"Postelja Interval XXL s 3 funkcijami ima elektri\u010dno nastavitev in je na voljo v dol\u017einah 1200 in 1400 mm. Mo\u017eno je naro\u010diti v belem ali be\u017e ogrodju z mre\u017easto podlago za vzmetnico. No\u017eni del je opremljen z elektri\u010dno nastavljivo kolensko zaponko, medtem ko je vzno\u017eni del mogo\u010de nastaviti ro\u010dno. Naro\u010dilo je mo\u017eno z lesenimi ali kovinskimi stranskimi ograjami.  Najve\u010dja te\u017ea uporabnika: 240 kg.","og_url":"https:\/\/www.mivam.com\/izdelek\/bolniska-postelja-interval-in-interval-xxl\/","og_site_name":"Mi Vam","article_modified_time":"2025-05-08T09:01:47+00:00","og_image":[{"width":740,"height":707,"url":"https:\/\/www.mivam.com\/wp-content\/uploads\/2021\/07\/bolniska-postelja-2.jpg","type":"image\/jpeg"}],"twitter_card":"summary_large_image","twitter_misc":{"Est. reading time":"2 minutes"},"schema":{"@context":"https:\/\/schema.org","@graph":[{"@type":"WebPage","@id":"https:\/\/www.mivam.com\/izdelek\/bolniska-postelja-interval-in-interval-xxl\/","url":"https:\/\/www.mivam.com\/izdelek\/bolniska-postelja-interval-in-interval-xxl\/","name":"Bolni\u0161ka postelja Interval in Interval XXL - Mi Vam","isPartOf":{"@id":"https:\/\/www.mivam.com\/#website"},"primaryImageOfPage":{"@id":"https:\/\/www.mivam.com\/izdelek\/bolniska-postelja-interval-in-interval-xxl\/#primaryimage"},"image":{"@id":"https:\/\/www.mivam.com\/izdelek\/bolniska-postelja-interval-in-interval-xxl\/#primaryimage"},"thumbnailUrl":"https:\/\/www.mivam.com\/wp-content\/uploads\/2021\/07\/bolniska-postelja-2.jpg","datePublished":"2025-05-08T09:01:46+00:00","dateModified":"2025-05-08T09:01:47+00:00","description":"Postelja Interval XXL s 3 funkcijami ima elektri\u010dno nastavitev in je na voljo v dol\u017einah 1200 in 1400 mm. Mo\u017eno je naro\u010diti v belem ali be\u017e ogrodju z mre\u017easto podlago za vzmetnico. No\u017eni del je opremljen z elektri\u010dno nastavljivo kolensko zaponko, medtem ko je vzno\u017eni del mogo\u010de nastaviti ro\u010dno. Naro\u010dilo je mo\u017eno z lesenimi ali kovinskimi stranskimi ograjami. Najve\u010dja te\u017ea uporabnika: 240 kg.","breadcrumb":{"@id":"https:\/\/www.mivam.com\/izdelek\/bolniska-postelja-interval-in-interval-xxl\/#breadcrumb"},"inLanguage":"en-US","potentialAction":[{"@type":"ReadAction","target":["https:\/\/www.mivam.com\/izdelek\/bolniska-postelja-interval-in-interval-xxl\/"]}]},{"@type":"ImageObject","inLanguage":"en-US","@id":"https:\/\/www.mivam.com\/izdelek\/bolniska-postelja-interval-in-interval-xxl\/#primaryimage","url":"https:\/\/www.mivam.com\/wp-content\/uploads\/2021\/07\/bolniska-postelja-2.jpg","contentUrl":"https:\/\/www.mivam.com\/wp-content\/uploads\/2021\/07\/bolniska-postelja-2.jpg","width":740,"height":707},{"@type":"BreadcrumbList","@id":"https:\/\/www.mivam.com\/izdelek\/bolniska-postelja-interval-in-interval-xxl\/#breadcrumb","itemListElement":[{"@type":"ListItem","position":1,"name":"Domov","item":"https:\/\/www.mivam.com\/"},{"@type":"ListItem","position":2,"name":"Shop","item":"https:\/\/www.mivam.com\/en\/shop\/"},{"@type":"ListItem","position":3,"name":"Pohi\u0161tvo","item":"https:\/\/www.mivam.com\/kategorija-izdelka\/pohistvo\/"},{"@type":"ListItem","position":4,"name":"Pohi\u0161tvo za gibalno ovirane","item":"https:\/\/www.mivam.com\/kategorija-izdelka\/pohistvo\/pohistvo-za-gibalno-ovirane\/"},{"@type":"ListItem","position":5,"name":"Bolni\u0161ka postelja Interval in Interval XXL"}]},{"@type":"WebSite","@id":"https:\/\/www.mivam.com\/#website","url":"https:\/\/www.mivam.com\/","name":"Mi Vam","description":"Medicinski pripomo\u010dki in re\u0161itve za manj odvisno \u017eivljenje.","potentialAction":[{"@type":"SearchAction","target":{"@type":"EntryPoint","urlTemplate":"https:\/\/www.mivam.com\/?s={search_term_string}"},"query-input":{"@type":"PropertyValueSpecification","valueRequired":true,"valueName":"search_term_string"}}],"inLanguage":"en-US"}]}},"_links":{"self":[{"href":"https:\/\/www.mivam.com\/en\/wp-json\/wp\/v2\/product\/2795","targetHints":{"allow":["GET"]}}],"collection":[{"href":"https:\/\/www.mivam.com\/en\/wp-json\/wp\/v2\/product"}],"about":[{"href":"https:\/\/www.mivam.com\/en\/wp-json\/wp\/v2\/types\/product"}],"replies":[{"embeddable":true,"href":"https:\/\/www.mivam.com\/en\/wp-json\/wp\/v2\/comments?post=2795"}],"wp:featuredmedia":[{"embeddable":true,"href":"https:\/\/www.mivam.com\/en\/wp-json\/wp\/v2\/media\/2792"}],"wp:attachment":[{"href":"https:\/\/www.mivam.com\/en\/wp-json\/wp\/v2\/media?parent=2795"}],"wp:term":[{"taxonomy":"product_brand","embeddable":true,"href":"https:\/\/www.mivam.com\/en\/wp-json\/wp\/v2\/product_brand?post=2795"},{"taxonomy":"product_cat","embeddable":true,"href":"https:\/\/www.mivam.com\/en\/wp-json\/wp\/v2\/product_cat?post=2795"},{"taxonomy":"product_tag","embeddable":true,"href":"https:\/\/www.mivam.com\/en\/wp-json\/wp\/v2\/product_tag?post=2795"}],"curies":[{"name":"wp","href":"https:\/\/api.w.org\/{rel}","templated":true}]}}