{"id":2701,"date":"2021-06-01T13:38:33","date_gmt":"2021-06-01T11:38:33","guid":{"rendered":"https:\/\/www.mivam.com\/?post_type=product&#038;p=2701"},"modified":"2025-05-08T13:37:37","modified_gmt":"2025-05-08T11:37:37","slug":"nosilci-telefonov-racunalnikov-komunikatorjev-za-na-mizo","status":"publish","type":"product","link":"https:\/\/www.mivam.com\/en\/izdelek\/nosilci-telefonov-racunalnikov-komunikatorjev-za-na-mizo\/","title":{"rendered":"Nosilci telefonov, ra\u010dunalnikov in komunikatorjev za na mizo"},"content":{"rendered":"<p><strong>Enostavna monta\u017ea in postavitev nosilcev za na mizo<\/strong><\/p>\n<p>za ve\u010d informacij si lahko ogledate tudi <a href=\"https:\/\/www.mivam.com\/wp-content\/uploads\/2021\/06\/rehadapt_catalog_section_table_mounts.pdf\">PDF DOKUMENT REHADAPT NOSILCEV\u00a0<\/a><\/p>\n<p><strong>Pritrditev na mizo<\/strong><\/p>\n<p><strong>1.<\/strong><\/p>\n<p><a href=\"https:\/\/www.mivam.com\/wp-content\/uploads\/2021\/06\/nosilci-za-na-mizo-4.png\"><img decoding=\"async\" class=\"wp-image-2705 alignleft\" src=\"https:\/\/www.mivam.com\/wp-content\/uploads\/2021\/06\/nosilci-za-na-mizo-4.png\" alt=\"\" width=\"612\" height=\"224\" srcset=\"https:\/\/www.mivam.com\/wp-content\/uploads\/2021\/06\/nosilci-za-na-mizo-4.png 956w, https:\/\/www.mivam.com\/wp-content\/uploads\/2021\/06\/nosilci-za-na-mizo-4-600x220.png 600w, https:\/\/www.mivam.com\/wp-content\/uploads\/2021\/06\/nosilci-za-na-mizo-4-300x110.png 300w, https:\/\/www.mivam.com\/wp-content\/uploads\/2021\/06\/nosilci-za-na-mizo-4-768x281.png 768w\" sizes=\"(max-width: 612px) 100vw, 612px\" \/><\/a><\/p>\n<p>&nbsp;<\/p>\n<p>&nbsp;<\/p>\n<p>&nbsp;<\/p>\n<p>&nbsp;<\/p>\n<p>&nbsp;<\/p>\n<p>&nbsp;<\/p>\n<p><strong>2.<\/strong><\/p>\n<p><a href=\"https:\/\/www.mivam.com\/wp-content\/uploads\/2021\/06\/nosilci-za-na-mizo-5.png\"><img decoding=\"async\" class=\"size-full wp-image-2706 alignleft\" src=\"https:\/\/www.mivam.com\/wp-content\/uploads\/2021\/06\/nosilci-za-na-mizo-5.png\" alt=\"\" width=\"345\" height=\"236\" srcset=\"https:\/\/www.mivam.com\/wp-content\/uploads\/2021\/06\/nosilci-za-na-mizo-5.png 345w, https:\/\/www.mivam.com\/wp-content\/uploads\/2021\/06\/nosilci-za-na-mizo-5-300x205.png 300w\" sizes=\"(max-width: 345px) 100vw, 345px\" \/><\/a><\/p>\n<p>&nbsp;<\/p>\n<p>&nbsp;<\/p>\n<p>&nbsp;<\/p>\n<p>&nbsp;<\/p>\n<p>&nbsp;<\/p>\n<p>&nbsp;<\/p>\n<p><strong>3.<\/strong><\/p>\n<p style=\"text-align: left\"><a href=\"https:\/\/www.mivam.com\/wp-content\/uploads\/2021\/06\/nosilci-za-na-mizo-2.png\"><img decoding=\"async\" class=\"size-full wp-image-2703 alignleft\" src=\"https:\/\/www.mivam.com\/wp-content\/uploads\/2021\/06\/nosilci-za-na-mizo-2.png\" alt=\"\" width=\"299\" height=\"485\" srcset=\"https:\/\/www.mivam.com\/wp-content\/uploads\/2021\/06\/nosilci-za-na-mizo-2.png 299w, https:\/\/www.mivam.com\/wp-content\/uploads\/2021\/06\/nosilci-za-na-mizo-2-185x300.png 185w\" sizes=\"(max-width: 299px) 100vw, 299px\" \/><\/a><\/p>\n<p>&nbsp;<\/p>\n<p>&nbsp;<\/p>\n<p>&nbsp;<\/p>\n<p>&nbsp;<\/p>\n<p>&nbsp;<\/p>\n<p>&nbsp;<\/p>\n<p>&nbsp;<\/p>\n<p>&nbsp;<\/p>\n<p>&nbsp;<\/p>\n<p>&nbsp;<\/p>\n<p>&nbsp;<\/p>\n<p>&nbsp;<\/p>\n<p style=\"text-align: left\"><strong>4.<\/strong><\/p>\n<p><a href=\"https:\/\/www.mivam.com\/wp-content\/uploads\/2021\/06\/nosilci-za-na-mizo-6.png\"><img decoding=\"async\" class=\"wp-image-2707 alignleft\" src=\"https:\/\/www.mivam.com\/wp-content\/uploads\/2021\/06\/nosilci-za-na-mizo-6.png\" alt=\"\" width=\"569\" height=\"278\" srcset=\"https:\/\/www.mivam.com\/wp-content\/uploads\/2021\/06\/nosilci-za-na-mizo-6.png 959w, https:\/\/www.mivam.com\/wp-content\/uploads\/2021\/06\/nosilci-za-na-mizo-6-600x293.png 600w, https:\/\/www.mivam.com\/wp-content\/uploads\/2021\/06\/nosilci-za-na-mizo-6-300x147.png 300w, https:\/\/www.mivam.com\/wp-content\/uploads\/2021\/06\/nosilci-za-na-mizo-6-768x376.png 768w\" sizes=\"(max-width: 569px) 100vw, 569px\" \/><\/a><\/p>\n<p>&nbsp;<\/p>\n<p>&nbsp;<\/p>\n<p>&nbsp;<\/p>\n<p>&nbsp;<\/p>\n<p>&nbsp;<\/p>\n<p>&nbsp;<\/p>\n<p>&nbsp;<\/p>\n<p>&nbsp;<\/p>\n<p><strong>5.<\/strong><\/p>\n<p><a href=\"https:\/\/www.mivam.com\/wp-content\/uploads\/2021\/06\/nosilci-za-na-mizo-7.png\"><img decoding=\"async\" class=\" wp-image-2713 alignleft\" src=\"https:\/\/www.mivam.com\/wp-content\/uploads\/2021\/06\/nosilci-za-na-mizo-7.png\" alt=\"\" width=\"533\" height=\"470\" srcset=\"https:\/\/www.mivam.com\/wp-content\/uploads\/2021\/06\/nosilci-za-na-mizo-7.png 841w, https:\/\/www.mivam.com\/wp-content\/uploads\/2021\/06\/nosilci-za-na-mizo-7-600x529.png 600w, https:\/\/www.mivam.com\/wp-content\/uploads\/2021\/06\/nosilci-za-na-mizo-7-300x264.png 300w, https:\/\/www.mivam.com\/wp-content\/uploads\/2021\/06\/nosilci-za-na-mizo-7-768x677.png 768w\" sizes=\"(max-width: 533px) 100vw, 533px\" \/><\/a><\/p>\n<p>&nbsp;<\/p>\n<p>&nbsp;<\/p>\n<p>&nbsp;<\/p>\n<p>&nbsp;<\/p>\n<p>&nbsp;<\/p>\n<p>&nbsp;<\/p>\n<p>&nbsp;<\/p>\n<p>&nbsp;<\/p>\n<p>&nbsp;<\/p>\n<p>&nbsp;<\/p>\n<p>&nbsp;<\/p>\n<p>&nbsp;<\/p>\n<p><strong>YouTube posnetek monta\u017ee nosilca<\/strong><\/p>\n<p>&nbsp;<\/p>\n<p>&nbsp;<\/p>\n","protected":false},"excerpt":{"rendered":"<p>Nosilci znamke REHADAPT, so izjemno prilagodljivi nosilci elektronskih naprav, kot so komunikatorji (AAC naprave), mobilni telefoni, tablice, prenosni ra\u010dunalniki in druge naprave.<\/p>\n<p>Vsi nosilci REHADAPT so narejeni v Nem\u010diji in s tem dr\u017eijo znano nem\u0161ko kakovost in vzdr\u017eljivost.<\/p>\n<p>Uporabite spodnji obrazec ali nas pokli\u010dite in nam sporo\u010dite kak\u0161en nosilec bi potrebovali. Tu vam bomo svetovali in pripravili ponudbo, da vam ta ustreza.<\/p>\n","protected":false},"featured_media":2702,"comment_status":"closed","ping_status":"closed","template":"","meta":[],"product_brand":[],"product_cat":[223,80],"product_tag":[133,130,131,126,132,129,127],"class_list":{"0":"post-2701","1":"product","2":"type-product","3":"status-publish","4":"has-post-thumbnail","6":"product_cat-komunikatorji","7":"product_cat-vecnamenski-nosilci","8":"product_tag-aac","9":"product_tag-komunikator","10":"product_tag-miza","11":"product_tag-nosilci","12":"product_tag-nosilec-za-mizo","13":"product_tag-racunalnik","14":"product_tag-telefon","16":"first","17":"onbackorder","18":"taxable","19":"shipping-taxable","20":"product-type-simple"},"yoast_head":"<!-- This site is optimized with the Yoast SEO plugin v24.0 - https:\/\/yoast.com\/wordpress\/plugins\/seo\/ -->\n<title>Nosilci telefonov, ra\u010dunalnikov in komunikatorjev za na mizo - Mi Vam<\/title>\n<meta name=\"description\" content=\"Nosilci znamke REHADAPT, so izjemno prilagodljivi nosilci elektronskih naprav, kot so komunikatorji (AAC naprave), mobilni telefoni, tablice, prenosni ra\u010dunalniki in druge naprave.  Vsi nosilci REHADAPT so narejeni v Nem\u010diji in s tem dr\u017eijo znano nem\u0161ko kakovost in vzdr\u017eljivost.  Uporabite spodnji obrazec ali nas pokli\u010dite in nam sporo\u010dite kak\u0161en nosilec bi potrebovali. Tu vam bomo svetovali in pripravili ponudbo, da vam ta ustreza.\" \/>\n<meta name=\"robots\" content=\"index, follow, max-snippet:-1, max-image-preview:large, max-video-preview:-1\" \/>\n<link rel=\"canonical\" href=\"https:\/\/www.mivam.com\/izdelek\/nosilci-telefonov-racunalnikov-komunikatorjev-za-na-mizo\/\" \/>\n<meta property=\"og:locale\" content=\"en_US\" \/>\n<meta property=\"og:type\" content=\"article\" \/>\n<meta property=\"og:title\" content=\"Nosilci telefonov, ra\u010dunalnikov in komunikatorjev za na mizo - Mi Vam\" \/>\n<meta property=\"og:description\" content=\"Nosilci znamke REHADAPT, so izjemno prilagodljivi nosilci elektronskih naprav, kot so komunikatorji (AAC naprave), mobilni telefoni, tablice, prenosni ra\u010dunalniki in druge naprave.  Vsi nosilci REHADAPT so narejeni v Nem\u010diji in s tem dr\u017eijo znano nem\u0161ko kakovost in vzdr\u017eljivost.  Uporabite spodnji obrazec ali nas pokli\u010dite in nam sporo\u010dite kak\u0161en nosilec bi potrebovali. Tu vam bomo svetovali in pripravili ponudbo, da vam ta ustreza.\" \/>\n<meta property=\"og:url\" content=\"https:\/\/www.mivam.com\/izdelek\/nosilci-telefonov-racunalnikov-komunikatorjev-za-na-mizo\/\" \/>\n<meta property=\"og:site_name\" content=\"Mi Vam\" \/>\n<meta property=\"article:modified_time\" content=\"2025-05-08T11:37:37+00:00\" \/>\n<meta property=\"og:image\" content=\"https:\/\/www.mivam.com\/wp-content\/uploads\/2021\/06\/nosilci-za-na-mizo-1.png\" \/>\n\t<meta property=\"og:image:width\" content=\"369\" \/>\n\t<meta property=\"og:image:height\" content=\"343\" \/>\n\t<meta property=\"og:image:type\" content=\"image\/png\" \/>\n<meta name=\"twitter:card\" content=\"summary_large_image\" \/>\n<meta name=\"twitter:label1\" content=\"Est. reading time\" \/>\n\t<meta name=\"twitter:data1\" content=\"2 minutes\" \/>\n<script type=\"application\/ld+json\" class=\"yoast-schema-graph\">{\"@context\":\"https:\/\/schema.org\",\"@graph\":[{\"@type\":\"WebPage\",\"@id\":\"https:\/\/www.mivam.com\/izdelek\/nosilci-telefonov-racunalnikov-komunikatorjev-za-na-mizo\/\",\"url\":\"https:\/\/www.mivam.com\/izdelek\/nosilci-telefonov-racunalnikov-komunikatorjev-za-na-mizo\/\",\"name\":\"Nosilci telefonov, ra\u010dunalnikov in komunikatorjev za na mizo - Mi Vam\",\"isPartOf\":{\"@id\":\"https:\/\/www.mivam.com\/#website\"},\"primaryImageOfPage\":{\"@id\":\"https:\/\/www.mivam.com\/izdelek\/nosilci-telefonov-racunalnikov-komunikatorjev-za-na-mizo\/#primaryimage\"},\"image\":{\"@id\":\"https:\/\/www.mivam.com\/izdelek\/nosilci-telefonov-racunalnikov-komunikatorjev-za-na-mizo\/#primaryimage\"},\"thumbnailUrl\":\"https:\/\/www.mivam.com\/wp-content\/uploads\/2021\/06\/nosilci-za-na-mizo-1.png\",\"datePublished\":\"2021-06-01T11:38:33+00:00\",\"dateModified\":\"2025-05-08T11:37:37+00:00\",\"description\":\"Nosilci znamke REHADAPT, so izjemno prilagodljivi nosilci elektronskih naprav, kot so komunikatorji (AAC naprave), mobilni telefoni, tablice, prenosni ra\u010dunalniki in druge naprave. Vsi nosilci REHADAPT so narejeni v Nem\u010diji in s tem dr\u017eijo znano nem\u0161ko kakovost in vzdr\u017eljivost. Uporabite spodnji obrazec ali nas pokli\u010dite in nam sporo\u010dite kak\u0161en nosilec bi potrebovali. Tu vam bomo svetovali in pripravili ponudbo, da vam ta ustreza.\",\"breadcrumb\":{\"@id\":\"https:\/\/www.mivam.com\/izdelek\/nosilci-telefonov-racunalnikov-komunikatorjev-za-na-mizo\/#breadcrumb\"},\"inLanguage\":\"en-US\",\"potentialAction\":[{\"@type\":\"ReadAction\",\"target\":[\"https:\/\/www.mivam.com\/izdelek\/nosilci-telefonov-racunalnikov-komunikatorjev-za-na-mizo\/\"]}]},{\"@type\":\"ImageObject\",\"inLanguage\":\"en-US\",\"@id\":\"https:\/\/www.mivam.com\/izdelek\/nosilci-telefonov-racunalnikov-komunikatorjev-za-na-mizo\/#primaryimage\",\"url\":\"https:\/\/www.mivam.com\/wp-content\/uploads\/2021\/06\/nosilci-za-na-mizo-1.png\",\"contentUrl\":\"https:\/\/www.mivam.com\/wp-content\/uploads\/2021\/06\/nosilci-za-na-mizo-1.png\",\"width\":369,\"height\":343},{\"@type\":\"BreadcrumbList\",\"@id\":\"https:\/\/www.mivam.com\/izdelek\/nosilci-telefonov-racunalnikov-komunikatorjev-za-na-mizo\/#breadcrumb\",\"itemListElement\":[{\"@type\":\"ListItem\",\"position\":1,\"name\":\"Domov\",\"item\":\"https:\/\/www.mivam.com\/\"},{\"@type\":\"ListItem\",\"position\":2,\"name\":\"Shop\",\"item\":\"https:\/\/www.mivam.com\/en\/shop\/\"},{\"@type\":\"ListItem\",\"position\":3,\"name\":\"Komunikatorji\",\"item\":\"https:\/\/www.mivam.com\/kategorija-izdelka\/komunikatorji\/\"},{\"@type\":\"ListItem\",\"position\":4,\"name\":\"Nosilci telefonov, ra\u010dunalnikov in komunikatorjev za na mizo\"}]},{\"@type\":\"WebSite\",\"@id\":\"https:\/\/www.mivam.com\/#website\",\"url\":\"https:\/\/www.mivam.com\/\",\"name\":\"Mi Vam\",\"description\":\"Medicinski pripomo\u010dki in re\u0161itve za manj odvisno \u017eivljenje.\",\"potentialAction\":[{\"@type\":\"SearchAction\",\"target\":{\"@type\":\"EntryPoint\",\"urlTemplate\":\"https:\/\/www.mivam.com\/?s={search_term_string}\"},\"query-input\":{\"@type\":\"PropertyValueSpecification\",\"valueRequired\":true,\"valueName\":\"search_term_string\"}}],\"inLanguage\":\"en-US\"}]}<\/script>\n<!-- \/ Yoast SEO plugin. -->","yoast_head_json":{"title":"Nosilci telefonov, ra\u010dunalnikov in komunikatorjev za na mizo - Mi Vam","description":"Nosilci znamke REHADAPT, so izjemno prilagodljivi nosilci elektronskih naprav, kot so komunikatorji (AAC naprave), mobilni telefoni, tablice, prenosni ra\u010dunalniki in druge naprave.  Vsi nosilci REHADAPT so narejeni v Nem\u010diji in s tem dr\u017eijo znano nem\u0161ko kakovost in vzdr\u017eljivost.  Uporabite spodnji obrazec ali nas pokli\u010dite in nam sporo\u010dite kak\u0161en nosilec bi potrebovali. Tu vam bomo svetovali in pripravili ponudbo, da vam ta ustreza.","robots":{"index":"index","follow":"follow","max-snippet":"max-snippet:-1","max-image-preview":"max-image-preview:large","max-video-preview":"max-video-preview:-1"},"canonical":"https:\/\/www.mivam.com\/izdelek\/nosilci-telefonov-racunalnikov-komunikatorjev-za-na-mizo\/","og_locale":"en_US","og_type":"article","og_title":"Nosilci telefonov, ra\u010dunalnikov in komunikatorjev za na mizo - Mi Vam","og_description":"Nosilci znamke REHADAPT, so izjemno prilagodljivi nosilci elektronskih naprav, kot so komunikatorji (AAC naprave), mobilni telefoni, tablice, prenosni ra\u010dunalniki in druge naprave.  Vsi nosilci REHADAPT so narejeni v Nem\u010diji in s tem dr\u017eijo znano nem\u0161ko kakovost in vzdr\u017eljivost.  Uporabite spodnji obrazec ali nas pokli\u010dite in nam sporo\u010dite kak\u0161en nosilec bi potrebovali. Tu vam bomo svetovali in pripravili ponudbo, da vam ta ustreza.","og_url":"https:\/\/www.mivam.com\/izdelek\/nosilci-telefonov-racunalnikov-komunikatorjev-za-na-mizo\/","og_site_name":"Mi Vam","article_modified_time":"2025-05-08T11:37:37+00:00","og_image":[{"width":369,"height":343,"url":"https:\/\/www.mivam.com\/wp-content\/uploads\/2021\/06\/nosilci-za-na-mizo-1.png","type":"image\/png"}],"twitter_card":"summary_large_image","twitter_misc":{"Est. reading time":"2 minutes"},"schema":{"@context":"https:\/\/schema.org","@graph":[{"@type":"WebPage","@id":"https:\/\/www.mivam.com\/izdelek\/nosilci-telefonov-racunalnikov-komunikatorjev-za-na-mizo\/","url":"https:\/\/www.mivam.com\/izdelek\/nosilci-telefonov-racunalnikov-komunikatorjev-za-na-mizo\/","name":"Nosilci telefonov, ra\u010dunalnikov in komunikatorjev za na mizo - Mi Vam","isPartOf":{"@id":"https:\/\/www.mivam.com\/#website"},"primaryImageOfPage":{"@id":"https:\/\/www.mivam.com\/izdelek\/nosilci-telefonov-racunalnikov-komunikatorjev-za-na-mizo\/#primaryimage"},"image":{"@id":"https:\/\/www.mivam.com\/izdelek\/nosilci-telefonov-racunalnikov-komunikatorjev-za-na-mizo\/#primaryimage"},"thumbnailUrl":"https:\/\/www.mivam.com\/wp-content\/uploads\/2021\/06\/nosilci-za-na-mizo-1.png","datePublished":"2021-06-01T11:38:33+00:00","dateModified":"2025-05-08T11:37:37+00:00","description":"Nosilci znamke REHADAPT, so izjemno prilagodljivi nosilci elektronskih naprav, kot so komunikatorji (AAC naprave), mobilni telefoni, tablice, prenosni ra\u010dunalniki in druge naprave. Vsi nosilci REHADAPT so narejeni v Nem\u010diji in s tem dr\u017eijo znano nem\u0161ko kakovost in vzdr\u017eljivost. Uporabite spodnji obrazec ali nas pokli\u010dite in nam sporo\u010dite kak\u0161en nosilec bi potrebovali. Tu vam bomo svetovali in pripravili ponudbo, da vam ta ustreza.","breadcrumb":{"@id":"https:\/\/www.mivam.com\/izdelek\/nosilci-telefonov-racunalnikov-komunikatorjev-za-na-mizo\/#breadcrumb"},"inLanguage":"en-US","potentialAction":[{"@type":"ReadAction","target":["https:\/\/www.mivam.com\/izdelek\/nosilci-telefonov-racunalnikov-komunikatorjev-za-na-mizo\/"]}]},{"@type":"ImageObject","inLanguage":"en-US","@id":"https:\/\/www.mivam.com\/izdelek\/nosilci-telefonov-racunalnikov-komunikatorjev-za-na-mizo\/#primaryimage","url":"https:\/\/www.mivam.com\/wp-content\/uploads\/2021\/06\/nosilci-za-na-mizo-1.png","contentUrl":"https:\/\/www.mivam.com\/wp-content\/uploads\/2021\/06\/nosilci-za-na-mizo-1.png","width":369,"height":343},{"@type":"BreadcrumbList","@id":"https:\/\/www.mivam.com\/izdelek\/nosilci-telefonov-racunalnikov-komunikatorjev-za-na-mizo\/#breadcrumb","itemListElement":[{"@type":"ListItem","position":1,"name":"Domov","item":"https:\/\/www.mivam.com\/"},{"@type":"ListItem","position":2,"name":"Shop","item":"https:\/\/www.mivam.com\/en\/shop\/"},{"@type":"ListItem","position":3,"name":"Komunikatorji","item":"https:\/\/www.mivam.com\/kategorija-izdelka\/komunikatorji\/"},{"@type":"ListItem","position":4,"name":"Nosilci telefonov, ra\u010dunalnikov in komunikatorjev za na mizo"}]},{"@type":"WebSite","@id":"https:\/\/www.mivam.com\/#website","url":"https:\/\/www.mivam.com\/","name":"Mi Vam","description":"Medicinski pripomo\u010dki in re\u0161itve za manj odvisno \u017eivljenje.","potentialAction":[{"@type":"SearchAction","target":{"@type":"EntryPoint","urlTemplate":"https:\/\/www.mivam.com\/?s={search_term_string}"},"query-input":{"@type":"PropertyValueSpecification","valueRequired":true,"valueName":"search_term_string"}}],"inLanguage":"en-US"}]}},"_links":{"self":[{"href":"https:\/\/www.mivam.com\/en\/wp-json\/wp\/v2\/product\/2701","targetHints":{"allow":["GET"]}}],"collection":[{"href":"https:\/\/www.mivam.com\/en\/wp-json\/wp\/v2\/product"}],"about":[{"href":"https:\/\/www.mivam.com\/en\/wp-json\/wp\/v2\/types\/product"}],"replies":[{"embeddable":true,"href":"https:\/\/www.mivam.com\/en\/wp-json\/wp\/v2\/comments?post=2701"}],"wp:featuredmedia":[{"embeddable":true,"href":"https:\/\/www.mivam.com\/en\/wp-json\/wp\/v2\/media\/2702"}],"wp:attachment":[{"href":"https:\/\/www.mivam.com\/en\/wp-json\/wp\/v2\/media?parent=2701"}],"wp:term":[{"taxonomy":"product_brand","embeddable":true,"href":"https:\/\/www.mivam.com\/en\/wp-json\/wp\/v2\/product_brand?post=2701"},{"taxonomy":"product_cat","embeddable":true,"href":"https:\/\/www.mivam.com\/en\/wp-json\/wp\/v2\/product_cat?post=2701"},{"taxonomy":"product_tag","embeddable":true,"href":"https:\/\/www.mivam.com\/en\/wp-json\/wp\/v2\/product_tag?post=2701"}],"curies":[{"name":"wp","href":"https:\/\/api.w.org\/{rel}","templated":true}]}}