{"id":2682,"date":"2021-05-07T22:28:57","date_gmt":"2021-05-07T20:28:57","guid":{"rendered":"https:\/\/www.mivam.com\/?post_type=product&#038;p=2682"},"modified":"2025-05-08T13:42:14","modified_gmt":"2025-05-08T11:42:14","slug":"nosilec-za-elektromotorne-vozicke","status":"publish","type":"product","link":"https:\/\/www.mivam.com\/en\/izdelek\/nosilec-za-elektromotorne-vozicke\/","title":{"rendered":"Nosilec za elektromotorne vozi\u010dke Rehadapt"},"content":{"rendered":"<p>Nosilec za telefon, komunikator in ra\u010dunalnik nem\u0161kega podjetja Rehadapt je primeren za elektromotorne vozi\u010dke Sunrise Medical: Q400, Q500, Q700, Puma 40-SEDEO ERGO, PRO in LITE<\/p>\n<p><a href=\"https:\/\/www.mivam.com\/wp-content\/uploads\/2021\/05\/00-5129am3d-rkl-t-nut-sunrise-medical-11-1067-1.pdf\">NOSILEC ZA TELEFON, KOMUNIKATOR IN RA\u010cUNALNIK<\/a><\/p>\n<p>V kolikor potrebujete nosilec za druga\u010den vozi\u010dek, ki ni naveden zgoraj, nam to pi\u0161ite v obrazcu za povpra\u0161evanje in vam pripravimo ponudbo za va\u0161 konkretni model vozi\u010dka.<\/p>\n<p>&nbsp;<\/p>\n","protected":false},"excerpt":{"rendered":"<p>Nosilci znamke REHADAPT, so izjemno prilagodljivi nosilci elektronskih naprav, kot so komunikatorji (AAC naprave), mobilni telefoni, tablice, prenosni ra\u010dunalniki in druge naprave.<\/p>\n<p>Vsi nosilci REHADAPT so narejeni v Nem\u010diji in s tem dr\u017eijo znano nem\u0161ko kakovost in vzdr\u017eljivost.<\/p>\n<p>Uporabite spodnji obrazec ali nas pokli\u010dite in nam sporo\u010dite kak\u0161en nosilec bi potrebovali. Tu vam bomo svetovali in pripravili ponudbo, da vam ta ustreza.<\/p>\n","protected":false},"featured_media":2681,"comment_status":"closed","ping_status":"closed","template":"","meta":[],"product_brand":[],"product_cat":[223,80],"product_tag":[133,135,130,134,136,128,127],"class_list":{"0":"post-2682","1":"product","2":"type-product","3":"status-publish","4":"has-post-thumbnail","6":"product_cat-komunikatorji","7":"product_cat-vecnamenski-nosilci","8":"product_tag-aac","9":"product_tag-elektromotorne-vozicke","10":"product_tag-komunikator","11":"product_tag-nosilec","12":"product_tag-nosilec-za-vozicek","13":"product_tag-tablica","14":"product_tag-telefon","16":"first","17":"onbackorder","18":"taxable","19":"shipping-taxable","20":"product-type-simple"},"yoast_head":"<!-- This site is optimized with the Yoast SEO plugin v24.0 - https:\/\/yoast.com\/wordpress\/plugins\/seo\/ -->\n<title>Nosilec za elektromotorne vozi\u010dke Rehadapt - Mi Vam<\/title>\n<meta name=\"description\" content=\"Nosilci znamke REHADAPT, so izjemno prilagodljivi nosilci elektronskih naprav, kot so komunikatorji (AAC naprave), mobilni telefoni, tablice, prenosni ra\u010dunalniki in druge naprave.  Vsi nosilci REHADAPT so narejeni v Nem\u010diji in s tem dr\u017eijo znano nem\u0161ko kakovost in vzdr\u017eljivost.  Uporabite spodnji obrazec ali nas pokli\u010dite in nam sporo\u010dite kak\u0161en nosilec bi potrebovali. Tu vam bomo svetovali in pripravili ponudbo, da vam ta ustreza.\" \/>\n<meta name=\"robots\" content=\"index, follow, max-snippet:-1, max-image-preview:large, max-video-preview:-1\" \/>\n<link rel=\"canonical\" href=\"https:\/\/www.mivam.com\/izdelek\/nosilec-za-elektromotorne-vozicke\/\" \/>\n<meta property=\"og:locale\" content=\"en_US\" \/>\n<meta property=\"og:type\" content=\"article\" \/>\n<meta property=\"og:title\" content=\"Nosilec za elektromotorne vozi\u010dke Rehadapt - Mi Vam\" \/>\n<meta property=\"og:description\" content=\"Nosilci znamke REHADAPT, so izjemno prilagodljivi nosilci elektronskih naprav, kot so komunikatorji (AAC naprave), mobilni telefoni, tablice, prenosni ra\u010dunalniki in druge naprave.  Vsi nosilci REHADAPT so narejeni v Nem\u010diji in s tem dr\u017eijo znano nem\u0161ko kakovost in vzdr\u017eljivost.  Uporabite spodnji obrazec ali nas pokli\u010dite in nam sporo\u010dite kak\u0161en nosilec bi potrebovali. Tu vam bomo svetovali in pripravili ponudbo, da vam ta ustreza.\" \/>\n<meta property=\"og:url\" content=\"https:\/\/www.mivam.com\/izdelek\/nosilec-za-elektromotorne-vozicke\/\" \/>\n<meta property=\"og:site_name\" content=\"Mi Vam\" \/>\n<meta property=\"article:modified_time\" content=\"2025-05-08T11:42:14+00:00\" \/>\n<meta property=\"og:image\" content=\"https:\/\/www.mivam.com\/wp-content\/uploads\/2021\/05\/rehadapt-2.png\" \/>\n\t<meta property=\"og:image:width\" content=\"305\" \/>\n\t<meta property=\"og:image:height\" content=\"356\" \/>\n\t<meta property=\"og:image:type\" content=\"image\/png\" \/>\n<meta name=\"twitter:card\" content=\"summary_large_image\" \/>\n<meta name=\"twitter:label1\" content=\"Est. reading time\" \/>\n\t<meta name=\"twitter:data1\" content=\"1 minute\" \/>\n<script type=\"application\/ld+json\" class=\"yoast-schema-graph\">{\"@context\":\"https:\/\/schema.org\",\"@graph\":[{\"@type\":\"WebPage\",\"@id\":\"https:\/\/www.mivam.com\/izdelek\/nosilec-za-elektromotorne-vozicke\/\",\"url\":\"https:\/\/www.mivam.com\/izdelek\/nosilec-za-elektromotorne-vozicke\/\",\"name\":\"Nosilec za elektromotorne vozi\u010dke Rehadapt - Mi Vam\",\"isPartOf\":{\"@id\":\"https:\/\/www.mivam.com\/#website\"},\"primaryImageOfPage\":{\"@id\":\"https:\/\/www.mivam.com\/izdelek\/nosilec-za-elektromotorne-vozicke\/#primaryimage\"},\"image\":{\"@id\":\"https:\/\/www.mivam.com\/izdelek\/nosilec-za-elektromotorne-vozicke\/#primaryimage\"},\"thumbnailUrl\":\"https:\/\/www.mivam.com\/wp-content\/uploads\/2021\/05\/rehadapt-2.png\",\"datePublished\":\"2021-05-07T20:28:57+00:00\",\"dateModified\":\"2025-05-08T11:42:14+00:00\",\"description\":\"Nosilci znamke REHADAPT, so izjemno prilagodljivi nosilci elektronskih naprav, kot so komunikatorji (AAC naprave), mobilni telefoni, tablice, prenosni ra\u010dunalniki in druge naprave. Vsi nosilci REHADAPT so narejeni v Nem\u010diji in s tem dr\u017eijo znano nem\u0161ko kakovost in vzdr\u017eljivost. Uporabite spodnji obrazec ali nas pokli\u010dite in nam sporo\u010dite kak\u0161en nosilec bi potrebovali. Tu vam bomo svetovali in pripravili ponudbo, da vam ta ustreza.\",\"breadcrumb\":{\"@id\":\"https:\/\/www.mivam.com\/izdelek\/nosilec-za-elektromotorne-vozicke\/#breadcrumb\"},\"inLanguage\":\"en-US\",\"potentialAction\":[{\"@type\":\"ReadAction\",\"target\":[\"https:\/\/www.mivam.com\/izdelek\/nosilec-za-elektromotorne-vozicke\/\"]}]},{\"@type\":\"ImageObject\",\"inLanguage\":\"en-US\",\"@id\":\"https:\/\/www.mivam.com\/izdelek\/nosilec-za-elektromotorne-vozicke\/#primaryimage\",\"url\":\"https:\/\/www.mivam.com\/wp-content\/uploads\/2021\/05\/rehadapt-2.png\",\"contentUrl\":\"https:\/\/www.mivam.com\/wp-content\/uploads\/2021\/05\/rehadapt-2.png\",\"width\":305,\"height\":356},{\"@type\":\"BreadcrumbList\",\"@id\":\"https:\/\/www.mivam.com\/izdelek\/nosilec-za-elektromotorne-vozicke\/#breadcrumb\",\"itemListElement\":[{\"@type\":\"ListItem\",\"position\":1,\"name\":\"Domov\",\"item\":\"https:\/\/www.mivam.com\/\"},{\"@type\":\"ListItem\",\"position\":2,\"name\":\"Shop\",\"item\":\"https:\/\/www.mivam.com\/en\/shop\/\"},{\"@type\":\"ListItem\",\"position\":3,\"name\":\"Komunikatorji\",\"item\":\"https:\/\/www.mivam.com\/kategorija-izdelka\/komunikatorji\/\"},{\"@type\":\"ListItem\",\"position\":4,\"name\":\"Ve\u010dnamenski nosilci\",\"item\":\"https:\/\/www.mivam.com\/kategorija-izdelka\/komunikatorji\/vecnamenski-nosilci\/\"},{\"@type\":\"ListItem\",\"position\":5,\"name\":\"Nosilec za elektromotorne vozi\u010dke Rehadapt\"}]},{\"@type\":\"WebSite\",\"@id\":\"https:\/\/www.mivam.com\/#website\",\"url\":\"https:\/\/www.mivam.com\/\",\"name\":\"Mi Vam\",\"description\":\"Medicinski pripomo\u010dki in re\u0161itve za manj odvisno \u017eivljenje.\",\"potentialAction\":[{\"@type\":\"SearchAction\",\"target\":{\"@type\":\"EntryPoint\",\"urlTemplate\":\"https:\/\/www.mivam.com\/?s={search_term_string}\"},\"query-input\":{\"@type\":\"PropertyValueSpecification\",\"valueRequired\":true,\"valueName\":\"search_term_string\"}}],\"inLanguage\":\"en-US\"}]}<\/script>\n<!-- \/ Yoast SEO plugin. -->","yoast_head_json":{"title":"Nosilec za elektromotorne vozi\u010dke Rehadapt - Mi Vam","description":"Nosilci znamke REHADAPT, so izjemno prilagodljivi nosilci elektronskih naprav, kot so komunikatorji (AAC naprave), mobilni telefoni, tablice, prenosni ra\u010dunalniki in druge naprave.  Vsi nosilci REHADAPT so narejeni v Nem\u010diji in s tem dr\u017eijo znano nem\u0161ko kakovost in vzdr\u017eljivost.  Uporabite spodnji obrazec ali nas pokli\u010dite in nam sporo\u010dite kak\u0161en nosilec bi potrebovali. Tu vam bomo svetovali in pripravili ponudbo, da vam ta ustreza.","robots":{"index":"index","follow":"follow","max-snippet":"max-snippet:-1","max-image-preview":"max-image-preview:large","max-video-preview":"max-video-preview:-1"},"canonical":"https:\/\/www.mivam.com\/izdelek\/nosilec-za-elektromotorne-vozicke\/","og_locale":"en_US","og_type":"article","og_title":"Nosilec za elektromotorne vozi\u010dke Rehadapt - Mi Vam","og_description":"Nosilci znamke REHADAPT, so izjemno prilagodljivi nosilci elektronskih naprav, kot so komunikatorji (AAC naprave), mobilni telefoni, tablice, prenosni ra\u010dunalniki in druge naprave.  Vsi nosilci REHADAPT so narejeni v Nem\u010diji in s tem dr\u017eijo znano nem\u0161ko kakovost in vzdr\u017eljivost.  Uporabite spodnji obrazec ali nas pokli\u010dite in nam sporo\u010dite kak\u0161en nosilec bi potrebovali. Tu vam bomo svetovali in pripravili ponudbo, da vam ta ustreza.","og_url":"https:\/\/www.mivam.com\/izdelek\/nosilec-za-elektromotorne-vozicke\/","og_site_name":"Mi Vam","article_modified_time":"2025-05-08T11:42:14+00:00","og_image":[{"width":305,"height":356,"url":"https:\/\/www.mivam.com\/wp-content\/uploads\/2021\/05\/rehadapt-2.png","type":"image\/png"}],"twitter_card":"summary_large_image","twitter_misc":{"Est. reading time":"1 minute"},"schema":{"@context":"https:\/\/schema.org","@graph":[{"@type":"WebPage","@id":"https:\/\/www.mivam.com\/izdelek\/nosilec-za-elektromotorne-vozicke\/","url":"https:\/\/www.mivam.com\/izdelek\/nosilec-za-elektromotorne-vozicke\/","name":"Nosilec za elektromotorne vozi\u010dke Rehadapt - Mi Vam","isPartOf":{"@id":"https:\/\/www.mivam.com\/#website"},"primaryImageOfPage":{"@id":"https:\/\/www.mivam.com\/izdelek\/nosilec-za-elektromotorne-vozicke\/#primaryimage"},"image":{"@id":"https:\/\/www.mivam.com\/izdelek\/nosilec-za-elektromotorne-vozicke\/#primaryimage"},"thumbnailUrl":"https:\/\/www.mivam.com\/wp-content\/uploads\/2021\/05\/rehadapt-2.png","datePublished":"2021-05-07T20:28:57+00:00","dateModified":"2025-05-08T11:42:14+00:00","description":"Nosilci znamke REHADAPT, so izjemno prilagodljivi nosilci elektronskih naprav, kot so komunikatorji (AAC naprave), mobilni telefoni, tablice, prenosni ra\u010dunalniki in druge naprave. Vsi nosilci REHADAPT so narejeni v Nem\u010diji in s tem dr\u017eijo znano nem\u0161ko kakovost in vzdr\u017eljivost. Uporabite spodnji obrazec ali nas pokli\u010dite in nam sporo\u010dite kak\u0161en nosilec bi potrebovali. Tu vam bomo svetovali in pripravili ponudbo, da vam ta ustreza.","breadcrumb":{"@id":"https:\/\/www.mivam.com\/izdelek\/nosilec-za-elektromotorne-vozicke\/#breadcrumb"},"inLanguage":"en-US","potentialAction":[{"@type":"ReadAction","target":["https:\/\/www.mivam.com\/izdelek\/nosilec-za-elektromotorne-vozicke\/"]}]},{"@type":"ImageObject","inLanguage":"en-US","@id":"https:\/\/www.mivam.com\/izdelek\/nosilec-za-elektromotorne-vozicke\/#primaryimage","url":"https:\/\/www.mivam.com\/wp-content\/uploads\/2021\/05\/rehadapt-2.png","contentUrl":"https:\/\/www.mivam.com\/wp-content\/uploads\/2021\/05\/rehadapt-2.png","width":305,"height":356},{"@type":"BreadcrumbList","@id":"https:\/\/www.mivam.com\/izdelek\/nosilec-za-elektromotorne-vozicke\/#breadcrumb","itemListElement":[{"@type":"ListItem","position":1,"name":"Domov","item":"https:\/\/www.mivam.com\/"},{"@type":"ListItem","position":2,"name":"Shop","item":"https:\/\/www.mivam.com\/en\/shop\/"},{"@type":"ListItem","position":3,"name":"Komunikatorji","item":"https:\/\/www.mivam.com\/kategorija-izdelka\/komunikatorji\/"},{"@type":"ListItem","position":4,"name":"Ve\u010dnamenski nosilci","item":"https:\/\/www.mivam.com\/kategorija-izdelka\/komunikatorji\/vecnamenski-nosilci\/"},{"@type":"ListItem","position":5,"name":"Nosilec za elektromotorne vozi\u010dke Rehadapt"}]},{"@type":"WebSite","@id":"https:\/\/www.mivam.com\/#website","url":"https:\/\/www.mivam.com\/","name":"Mi Vam","description":"Medicinski pripomo\u010dki in re\u0161itve za manj odvisno \u017eivljenje.","potentialAction":[{"@type":"SearchAction","target":{"@type":"EntryPoint","urlTemplate":"https:\/\/www.mivam.com\/?s={search_term_string}"},"query-input":{"@type":"PropertyValueSpecification","valueRequired":true,"valueName":"search_term_string"}}],"inLanguage":"en-US"}]}},"_links":{"self":[{"href":"https:\/\/www.mivam.com\/en\/wp-json\/wp\/v2\/product\/2682","targetHints":{"allow":["GET"]}}],"collection":[{"href":"https:\/\/www.mivam.com\/en\/wp-json\/wp\/v2\/product"}],"about":[{"href":"https:\/\/www.mivam.com\/en\/wp-json\/wp\/v2\/types\/product"}],"replies":[{"embeddable":true,"href":"https:\/\/www.mivam.com\/en\/wp-json\/wp\/v2\/comments?post=2682"}],"wp:featuredmedia":[{"embeddable":true,"href":"https:\/\/www.mivam.com\/en\/wp-json\/wp\/v2\/media\/2681"}],"wp:attachment":[{"href":"https:\/\/www.mivam.com\/en\/wp-json\/wp\/v2\/media?parent=2682"}],"wp:term":[{"taxonomy":"product_brand","embeddable":true,"href":"https:\/\/www.mivam.com\/en\/wp-json\/wp\/v2\/product_brand?post=2682"},{"taxonomy":"product_cat","embeddable":true,"href":"https:\/\/www.mivam.com\/en\/wp-json\/wp\/v2\/product_cat?post=2682"},{"taxonomy":"product_tag","embeddable":true,"href":"https:\/\/www.mivam.com\/en\/wp-json\/wp\/v2\/product_tag?post=2682"}],"curies":[{"name":"wp","href":"https:\/\/api.w.org\/{rel}","templated":true}]}}