{"id":2542,"date":"2021-04-16T10:30:27","date_gmt":"2021-04-16T08:30:27","guid":{"rendered":"https:\/\/www.mivam.com\/?post_type=product&#038;p=2542"},"modified":"2025-06-12T13:20:40","modified_gmt":"2025-06-12T11:20:40","slug":"invalidski-vozicek-trigo-t","status":"publish","type":"product","link":"https:\/\/www.mivam.com\/en\/izdelek\/invalidski-vozicek-trigo-t\/","title":{"rendered":"Invalidski vozi\u010dek Trigo T"},"content":{"rendered":"<div class=\"wpb-content-wrapper\"><p>[vc_row][vc_column][vc_column_text]<strong>Trigo T<\/strong><\/p>\n<p>Lahek in prilagodljiv aktivni ro\u010dni vozi\u010dek<\/p>\n<p><strong>Trigo T<\/strong> je novej\u0161i model znanega <em>Belgijskega proizvajalca<\/em> <strong>VERMEIREN<\/strong>.\u00a0 Vzdr\u017eljiv, aktiven in lahek invalidski vozi\u010dek, posebej zasnovan za ljudi, ki so v vsakodnevnem \u017eivljenju\u00a0 mobilni in bi ob mobilnosti \u017eeleli dodatno udobje. \u0160portni in moderni videz, zadnja kolesa (kolesa s hitro sprostitvijo\/odstranljiva, ki jih je mogo\u010de nastaviti po kotu in vi\u0161ini) s \u010drnimi plati\u0161\u010di, lahko dostopne zavore in majhna sprednja kolesa v razponu (nastavljiv po vi\u0161ini) velikosti od <em>3&#8243; do 6&#8243;<\/em>.\u00a0 <span class=\"VIiyi\" lang=\"sl\"><span class=\"JLqJ4b ChMk0b\" data-language-for-alternatives=\"sl\" data-language-to-translate-into=\"en\" data-phrase-index=\"6\">Trigo T je opremljen z nastavljivimi in snemljivimi nasloni za noge ter stransko plo\u0161\u010do, ki jo je mogo\u010de prilagoditi tudi na \u017eeleno vi\u0161ino.<\/span> <span class=\"JLqJ4b ChMk0b\" data-language-for-alternatives=\"sl\" data-language-to-translate-into=\"en\" data-phrase-index=\"7\">Invalidskemu vozi\u010dku se lahko spremeni te\u017ei\u0161\u010de, da se prilagodi vsakemu uporabniku.<\/span> <span class=\"JLqJ4b ChMk0b\" data-language-for-alternatives=\"sl\" data-language-to-translate-into=\"en\" data-phrase-index=\"8\">Glede na nastavitev se lahko ve\u010dina te\u017ee uporabnika in sede\u017ea premakne naprej ali zadaj.<\/span><\/span><\/p>\n<p><strong>Tehni\u010dne lastnosti:<\/strong><\/p>\n<p><a href=\"https:\/\/www.mivam.com\/wp-content\/uploads\/2021\/04\/trigo-t-11-mere.png\"><img decoding=\"async\" class=\"aligncenter size-full wp-image-2554\" src=\"https:\/\/www.mivam.com\/wp-content\/uploads\/2021\/04\/trigo-t-11-mere.png\" alt=\"\" width=\"1789\" height=\"169\" srcset=\"https:\/\/www.mivam.com\/wp-content\/uploads\/2021\/04\/trigo-t-11-mere.png 1789w, https:\/\/www.mivam.com\/wp-content\/uploads\/2021\/04\/trigo-t-11-mere-600x57.png 600w, https:\/\/www.mivam.com\/wp-content\/uploads\/2021\/04\/trigo-t-11-mere-300x28.png 300w, https:\/\/www.mivam.com\/wp-content\/uploads\/2021\/04\/trigo-t-11-mere-768x73.png 768w, https:\/\/www.mivam.com\/wp-content\/uploads\/2021\/04\/trigo-t-11-mere-1024x97.png 1024w\" sizes=\"(max-width: 1789px) 100vw, 1789px\" \/><\/a><\/p>\n<p><strong>Barva prevleke:<\/strong><\/p>\n<p><a href=\"https:\/\/www.mivam.com\/wp-content\/uploads\/2021\/04\/barva-prevleke.png\"><img decoding=\"async\" class=\"size-full wp-image-2516 alignleft\" src=\"https:\/\/www.mivam.com\/wp-content\/uploads\/2021\/04\/barva-prevleke.png\" alt=\"\" width=\"83\" height=\"64\" \/><\/a><\/p>\n<p>&nbsp;<\/p>\n<p>&nbsp;<\/p>\n<p><strong>Barva okvirja (izbira):<\/strong><\/p>\n<p><a href=\"https:\/\/www.mivam.com\/wp-content\/uploads\/2021\/04\/barva-okvirja.png\"><img decoding=\"async\" class=\"size-full wp-image-2517 alignleft\" src=\"https:\/\/www.mivam.com\/wp-content\/uploads\/2021\/04\/barva-okvirja.png\" alt=\"\" width=\"585\" height=\"72\" srcset=\"https:\/\/www.mivam.com\/wp-content\/uploads\/2021\/04\/barva-okvirja.png 585w, https:\/\/www.mivam.com\/wp-content\/uploads\/2021\/04\/barva-okvirja-300x37.png 300w\" sizes=\"(max-width: 585px) 100vw, 585px\" \/><\/a><\/p>\n<p>&nbsp;<\/p>\n<p>&nbsp;<\/p>\n<p>&nbsp;<\/p>\n<p>Na voljo ve\u010d dodatkov, ki so razvidni v slikah in bro\u0161uri na spodnji povezavi.<\/p>\n<p><strong><a href=\"https:\/\/www.vermeiren.com\/product\/brochure.nsf\/O\/42A58438AF4F37B4C12585500044F10C\/%24FILE\/Brochure%20Trigo%20UK.pdf\">Bro\u0161ura TRIGO T &#8211; angle\u0161\u010dina<\/a><\/strong><\/p>\n<p>Za ve\u010d informacij nam oddajte povpra\u0161evanje ali se osebno zglasite na na\u0161em podjetju![\/vc_column_text][\/vc_column][\/vc_row]<\/p>\n<\/div>","protected":false},"excerpt":{"rendered":"<p>Ro\u010dni invalidski vozi\u010dek &#8211; aktivni, lahki TRIGO T je model znanega belgijskega proizvajalca VERMEIREN.<\/p>\n<p>Vozi\u010dek ima glavno zna\u010dilnost odmi\u010dnih in odstranljivih podno\u017enikov 90\u00b0, 80\u00b0 ali 70\u00b0. Prav tako pa ima mnogo prilagoditev.<\/p>\n<p>Prijavljen na ZZZS, mo\u017eno prejeti na naro\u010dilnico 0530 ali 0531.<\/p>\n<p>Preglejte si bro\u0161uro ali oddajte povpra\u0161evanje, za ve\u010d informacij.<\/p>\n","protected":false},"featured_media":2547,"comment_status":"closed","ping_status":"closed","template":"","meta":[],"product_brand":[],"product_cat":[222,36],"product_tag":[214,213,78,250,45,254,47,251,107,108,255,253,252],"class_list":{"0":"post-2542","1":"product","2":"type-product","3":"status-publish","4":"has-post-thumbnail","6":"product_cat-invalidski-vozicki-in-skuterji","7":"product_cat-invalidski-vozicki-na-rocni-pogon","8":"product_tag-214","9":"product_tag-213","10":"product_tag-aktivni","11":"product_tag-aktivni-vozicek","12":"product_tag-invalidski-vozicek","13":"product_tag-lahki","14":"product_tag-rocni-pogon","15":"product_tag-rocni-vozicek","16":"product_tag-trigo","17":"product_tag-trigo-t","18":"product_tag-ultralahki","19":"product_tag-zlozljivi","20":"product_tag-zlozljivi-vozicek","22":"first","23":"onbackorder","24":"taxable","25":"shipping-taxable","26":"product-type-simple"},"yoast_head":"<!-- This site is optimized with the Yoast SEO plugin v24.0 - https:\/\/yoast.com\/wordpress\/plugins\/seo\/ -->\n<title>Invalidski vozi\u010dek Trigo T - Mi Vam<\/title>\n<meta name=\"description\" content=\"Ro\u010dni invalidski vozi\u010dek - aktivni, lahki TRIGO T je model znanega belgijskega proizvajalca VERMEIREN.  Vozi\u010dek ima glavno zna\u010dilnost odmi\u010dnih in odstranljivih podno\u017enikov 90\u00b0, 80\u00b0 ali 70\u00b0. Prav tako pa ima mnogo prilagoditev.  Prijavljen na ZZZS, mo\u017eno prejeti na naro\u010dilnico 0530 ali 0531.  Preglejte si bro\u0161uro ali oddajte povpra\u0161evanje, za ve\u010d informacij.\" \/>\n<meta name=\"robots\" content=\"index, follow, max-snippet:-1, max-image-preview:large, max-video-preview:-1\" \/>\n<link rel=\"canonical\" href=\"https:\/\/www.mivam.com\/izdelek\/invalidski-vozicek-trigo-t\/\" \/>\n<meta property=\"og:locale\" content=\"en_US\" \/>\n<meta property=\"og:type\" content=\"article\" \/>\n<meta property=\"og:title\" content=\"Invalidski vozi\u010dek Trigo T - Mi Vam\" \/>\n<meta property=\"og:description\" content=\"Ro\u010dni invalidski vozi\u010dek - aktivni, lahki TRIGO T je model znanega belgijskega proizvajalca VERMEIREN.  Vozi\u010dek ima glavno zna\u010dilnost odmi\u010dnih in odstranljivih podno\u017enikov 90\u00b0, 80\u00b0 ali 70\u00b0. Prav tako pa ima mnogo prilagoditev.  Prijavljen na ZZZS, mo\u017eno prejeti na naro\u010dilnico 0530 ali 0531.  Preglejte si bro\u0161uro ali oddajte povpra\u0161evanje, za ve\u010d informacij.\" \/>\n<meta property=\"og:url\" content=\"https:\/\/www.mivam.com\/izdelek\/invalidski-vozicek-trigo-t\/\" \/>\n<meta property=\"og:site_name\" content=\"Mi Vam\" \/>\n<meta property=\"article:modified_time\" content=\"2025-06-12T11:20:40+00:00\" \/>\n<meta property=\"og:image\" content=\"https:\/\/www.mivam.com\/wp-content\/uploads\/2021\/04\/trigo-t-5.png\" \/>\n\t<meta property=\"og:image:width\" content=\"555\" \/>\n\t<meta property=\"og:image:height\" content=\"788\" \/>\n\t<meta property=\"og:image:type\" content=\"image\/png\" \/>\n<meta name=\"twitter:card\" content=\"summary_large_image\" \/>\n<meta name=\"twitter:label1\" content=\"Est. reading time\" \/>\n\t<meta name=\"twitter:data1\" content=\"2 minutes\" \/>\n<script type=\"application\/ld+json\" class=\"yoast-schema-graph\">{\"@context\":\"https:\/\/schema.org\",\"@graph\":[{\"@type\":\"WebPage\",\"@id\":\"https:\/\/www.mivam.com\/izdelek\/invalidski-vozicek-trigo-t\/\",\"url\":\"https:\/\/www.mivam.com\/izdelek\/invalidski-vozicek-trigo-t\/\",\"name\":\"Invalidski vozi\u010dek Trigo T - Mi Vam\",\"isPartOf\":{\"@id\":\"https:\/\/www.mivam.com\/#website\"},\"primaryImageOfPage\":{\"@id\":\"https:\/\/www.mivam.com\/izdelek\/invalidski-vozicek-trigo-t\/#primaryimage\"},\"image\":{\"@id\":\"https:\/\/www.mivam.com\/izdelek\/invalidski-vozicek-trigo-t\/#primaryimage\"},\"thumbnailUrl\":\"https:\/\/www.mivam.com\/wp-content\/uploads\/2021\/04\/trigo-t-5.png\",\"datePublished\":\"2021-04-16T08:30:27+00:00\",\"dateModified\":\"2025-06-12T11:20:40+00:00\",\"description\":\"Ro\u010dni invalidski vozi\u010dek - aktivni, lahki TRIGO T je model znanega belgijskega proizvajalca VERMEIREN. Vozi\u010dek ima glavno zna\u010dilnost odmi\u010dnih in odstranljivih podno\u017enikov 90\u00b0, 80\u00b0 ali 70\u00b0. Prav tako pa ima mnogo prilagoditev. Prijavljen na ZZZS, mo\u017eno prejeti na naro\u010dilnico 0530 ali 0531. Preglejte si bro\u0161uro ali oddajte povpra\u0161evanje, za ve\u010d informacij.\",\"breadcrumb\":{\"@id\":\"https:\/\/www.mivam.com\/izdelek\/invalidski-vozicek-trigo-t\/#breadcrumb\"},\"inLanguage\":\"en-US\",\"potentialAction\":[{\"@type\":\"ReadAction\",\"target\":[\"https:\/\/www.mivam.com\/izdelek\/invalidski-vozicek-trigo-t\/\"]}]},{\"@type\":\"ImageObject\",\"inLanguage\":\"en-US\",\"@id\":\"https:\/\/www.mivam.com\/izdelek\/invalidski-vozicek-trigo-t\/#primaryimage\",\"url\":\"https:\/\/www.mivam.com\/wp-content\/uploads\/2021\/04\/trigo-t-5.png\",\"contentUrl\":\"https:\/\/www.mivam.com\/wp-content\/uploads\/2021\/04\/trigo-t-5.png\",\"width\":555,\"height\":788},{\"@type\":\"BreadcrumbList\",\"@id\":\"https:\/\/www.mivam.com\/izdelek\/invalidski-vozicek-trigo-t\/#breadcrumb\",\"itemListElement\":[{\"@type\":\"ListItem\",\"position\":1,\"name\":\"Domov\",\"item\":\"https:\/\/www.mivam.com\/\"},{\"@type\":\"ListItem\",\"position\":2,\"name\":\"Shop\",\"item\":\"https:\/\/www.mivam.com\/en\/shop\/\"},{\"@type\":\"ListItem\",\"position\":3,\"name\":\"Invalidski vozi\u010dki in skuterji\",\"item\":\"https:\/\/www.mivam.com\/kategorija-izdelka\/invalidski-vozicki-in-skuterji\/\"},{\"@type\":\"ListItem\",\"position\":4,\"name\":\"Invalidski vozi\u010dki na ro\u010dni pogon\",\"item\":\"https:\/\/www.mivam.com\/kategorija-izdelka\/invalidski-vozicki-in-skuterji\/invalidski-vozicki-na-rocni-pogon\/\"},{\"@type\":\"ListItem\",\"position\":5,\"name\":\"Invalidski vozi\u010dek Trigo T\"}]},{\"@type\":\"WebSite\",\"@id\":\"https:\/\/www.mivam.com\/#website\",\"url\":\"https:\/\/www.mivam.com\/\",\"name\":\"Mi Vam\",\"description\":\"Medicinski pripomo\u010dki in re\u0161itve za manj odvisno \u017eivljenje.\",\"potentialAction\":[{\"@type\":\"SearchAction\",\"target\":{\"@type\":\"EntryPoint\",\"urlTemplate\":\"https:\/\/www.mivam.com\/?s={search_term_string}\"},\"query-input\":{\"@type\":\"PropertyValueSpecification\",\"valueRequired\":true,\"valueName\":\"search_term_string\"}}],\"inLanguage\":\"en-US\"}]}<\/script>\n<!-- \/ Yoast SEO plugin. -->","yoast_head_json":{"title":"Invalidski vozi\u010dek Trigo T - Mi Vam","description":"Ro\u010dni invalidski vozi\u010dek - aktivni, lahki TRIGO T je model znanega belgijskega proizvajalca VERMEIREN.  Vozi\u010dek ima glavno zna\u010dilnost odmi\u010dnih in odstranljivih podno\u017enikov 90\u00b0, 80\u00b0 ali 70\u00b0. Prav tako pa ima mnogo prilagoditev.  Prijavljen na ZZZS, mo\u017eno prejeti na naro\u010dilnico 0530 ali 0531.  Preglejte si bro\u0161uro ali oddajte povpra\u0161evanje, za ve\u010d informacij.","robots":{"index":"index","follow":"follow","max-snippet":"max-snippet:-1","max-image-preview":"max-image-preview:large","max-video-preview":"max-video-preview:-1"},"canonical":"https:\/\/www.mivam.com\/izdelek\/invalidski-vozicek-trigo-t\/","og_locale":"en_US","og_type":"article","og_title":"Invalidski vozi\u010dek Trigo T - Mi Vam","og_description":"Ro\u010dni invalidski vozi\u010dek - aktivni, lahki TRIGO T je model znanega belgijskega proizvajalca VERMEIREN.  Vozi\u010dek ima glavno zna\u010dilnost odmi\u010dnih in odstranljivih podno\u017enikov 90\u00b0, 80\u00b0 ali 70\u00b0. Prav tako pa ima mnogo prilagoditev.  Prijavljen na ZZZS, mo\u017eno prejeti na naro\u010dilnico 0530 ali 0531.  Preglejte si bro\u0161uro ali oddajte povpra\u0161evanje, za ve\u010d informacij.","og_url":"https:\/\/www.mivam.com\/izdelek\/invalidski-vozicek-trigo-t\/","og_site_name":"Mi Vam","article_modified_time":"2025-06-12T11:20:40+00:00","og_image":[{"width":555,"height":788,"url":"https:\/\/www.mivam.com\/wp-content\/uploads\/2021\/04\/trigo-t-5.png","type":"image\/png"}],"twitter_card":"summary_large_image","twitter_misc":{"Est. reading time":"2 minutes"},"schema":{"@context":"https:\/\/schema.org","@graph":[{"@type":"WebPage","@id":"https:\/\/www.mivam.com\/izdelek\/invalidski-vozicek-trigo-t\/","url":"https:\/\/www.mivam.com\/izdelek\/invalidski-vozicek-trigo-t\/","name":"Invalidski vozi\u010dek Trigo T - Mi Vam","isPartOf":{"@id":"https:\/\/www.mivam.com\/#website"},"primaryImageOfPage":{"@id":"https:\/\/www.mivam.com\/izdelek\/invalidski-vozicek-trigo-t\/#primaryimage"},"image":{"@id":"https:\/\/www.mivam.com\/izdelek\/invalidski-vozicek-trigo-t\/#primaryimage"},"thumbnailUrl":"https:\/\/www.mivam.com\/wp-content\/uploads\/2021\/04\/trigo-t-5.png","datePublished":"2021-04-16T08:30:27+00:00","dateModified":"2025-06-12T11:20:40+00:00","description":"Ro\u010dni invalidski vozi\u010dek - aktivni, lahki TRIGO T je model znanega belgijskega proizvajalca VERMEIREN. Vozi\u010dek ima glavno zna\u010dilnost odmi\u010dnih in odstranljivih podno\u017enikov 90\u00b0, 80\u00b0 ali 70\u00b0. Prav tako pa ima mnogo prilagoditev. Prijavljen na ZZZS, mo\u017eno prejeti na naro\u010dilnico 0530 ali 0531. Preglejte si bro\u0161uro ali oddajte povpra\u0161evanje, za ve\u010d informacij.","breadcrumb":{"@id":"https:\/\/www.mivam.com\/izdelek\/invalidski-vozicek-trigo-t\/#breadcrumb"},"inLanguage":"en-US","potentialAction":[{"@type":"ReadAction","target":["https:\/\/www.mivam.com\/izdelek\/invalidski-vozicek-trigo-t\/"]}]},{"@type":"ImageObject","inLanguage":"en-US","@id":"https:\/\/www.mivam.com\/izdelek\/invalidski-vozicek-trigo-t\/#primaryimage","url":"https:\/\/www.mivam.com\/wp-content\/uploads\/2021\/04\/trigo-t-5.png","contentUrl":"https:\/\/www.mivam.com\/wp-content\/uploads\/2021\/04\/trigo-t-5.png","width":555,"height":788},{"@type":"BreadcrumbList","@id":"https:\/\/www.mivam.com\/izdelek\/invalidski-vozicek-trigo-t\/#breadcrumb","itemListElement":[{"@type":"ListItem","position":1,"name":"Domov","item":"https:\/\/www.mivam.com\/"},{"@type":"ListItem","position":2,"name":"Shop","item":"https:\/\/www.mivam.com\/en\/shop\/"},{"@type":"ListItem","position":3,"name":"Invalidski vozi\u010dki in skuterji","item":"https:\/\/www.mivam.com\/kategorija-izdelka\/invalidski-vozicki-in-skuterji\/"},{"@type":"ListItem","position":4,"name":"Invalidski vozi\u010dki na ro\u010dni pogon","item":"https:\/\/www.mivam.com\/kategorija-izdelka\/invalidski-vozicki-in-skuterji\/invalidski-vozicki-na-rocni-pogon\/"},{"@type":"ListItem","position":5,"name":"Invalidski vozi\u010dek Trigo T"}]},{"@type":"WebSite","@id":"https:\/\/www.mivam.com\/#website","url":"https:\/\/www.mivam.com\/","name":"Mi Vam","description":"Medicinski pripomo\u010dki in re\u0161itve za manj odvisno \u017eivljenje.","potentialAction":[{"@type":"SearchAction","target":{"@type":"EntryPoint","urlTemplate":"https:\/\/www.mivam.com\/?s={search_term_string}"},"query-input":{"@type":"PropertyValueSpecification","valueRequired":true,"valueName":"search_term_string"}}],"inLanguage":"en-US"}]}},"_links":{"self":[{"href":"https:\/\/www.mivam.com\/en\/wp-json\/wp\/v2\/product\/2542","targetHints":{"allow":["GET"]}}],"collection":[{"href":"https:\/\/www.mivam.com\/en\/wp-json\/wp\/v2\/product"}],"about":[{"href":"https:\/\/www.mivam.com\/en\/wp-json\/wp\/v2\/types\/product"}],"replies":[{"embeddable":true,"href":"https:\/\/www.mivam.com\/en\/wp-json\/wp\/v2\/comments?post=2542"}],"wp:featuredmedia":[{"embeddable":true,"href":"https:\/\/www.mivam.com\/en\/wp-json\/wp\/v2\/media\/2547"}],"wp:attachment":[{"href":"https:\/\/www.mivam.com\/en\/wp-json\/wp\/v2\/media?parent=2542"}],"wp:term":[{"taxonomy":"product_brand","embeddable":true,"href":"https:\/\/www.mivam.com\/en\/wp-json\/wp\/v2\/product_brand?post=2542"},{"taxonomy":"product_cat","embeddable":true,"href":"https:\/\/www.mivam.com\/en\/wp-json\/wp\/v2\/product_cat?post=2542"},{"taxonomy":"product_tag","embeddable":true,"href":"https:\/\/www.mivam.com\/en\/wp-json\/wp\/v2\/product_tag?post=2542"}],"curies":[{"name":"wp","href":"https:\/\/api.w.org\/{rel}","templated":true}]}}