{"id":2511,"date":"2021-04-13T13:34:07","date_gmt":"2021-04-13T11:34:07","guid":{"rendered":"https:\/\/www.mivam.com\/?post_type=product&#038;p=2511"},"modified":"2025-06-19T06:06:29","modified_gmt":"2025-06-19T04:06:29","slug":"invalidski-vozicek-trigo-s","status":"publish","type":"product","link":"https:\/\/www.mivam.com\/en\/izdelek\/invalidski-vozicek-trigo-s\/","title":{"rendered":"Invalidski vozi\u010dek Trigo S"},"content":{"rendered":"<p><strong>Trigo S<\/strong><\/p>\n<p>Lahek in prilagodljiv aktivni ro\u010dni vozi\u010dek<\/p>\n<p><strong>Trigo S<\/strong> je novej\u0161i model znanega <em>Belgijskega proizvajalca<\/em> <strong>VERMEIREN<\/strong>.\u00a0 Vzdr\u017eljiv, aktiven in lahek invalidski vozi\u010dek, posebej zasnovan za ljudi, ki so v vsakodnevnem \u017eivljenju\u00a0 mobilni in bi ob mobilnosti \u017eeleli dodatno udobje. \u0160portni in moderni videz, zadnja kolesa (kolesa s hitro sprostitvijo\/odstranljiva, ki jih je mogo\u010de nastaviti po kotu in vi\u0161ini) s \u010drnimi plati\u0161\u010di, lahko dostopne zavore in majhna sprednja kolesa v razponu (nastavljiv po vi\u0161ini) velikosti od <em>3&#8243; do 6&#8243;<\/em>. Trigo S je opremljen s podno\u017eniki (<em>70\u00b0,80\u00b0,90\u00b0<\/em>), pritrjeno podno\u017eno plo\u0161\u010do in stransko za\u0161\u010dito, ki ju je mogo\u010de nastaviti po vi\u0161ini. Invalidskemu vozi\u010dku se lahko spremeni te\u017ei\u0161\u010de, da se ta prilagodi vsakemu uporabniku. Glede na mo\u017ene nastavitev se lahko ve\u010dina te\u017ee uporabnika in vozi\u010dka premakne v sprednji ali zadnji del.<\/p>\n<p><strong>Tehni\u010dne lastnosti:<\/strong><\/p>\n<p><a href=\"https:\/\/www.mivam.com\/wp-content\/uploads\/2021\/04\/tecnicne-informacije.png\"><img decoding=\"async\" class=\"aligncenter size-full wp-image-2529\" src=\"https:\/\/www.mivam.com\/wp-content\/uploads\/2021\/04\/tecnicne-informacije.png\" alt=\"\" width=\"1830\" height=\"178\" srcset=\"https:\/\/www.mivam.com\/wp-content\/uploads\/2021\/04\/tecnicne-informacije.png 1830w, https:\/\/www.mivam.com\/wp-content\/uploads\/2021\/04\/tecnicne-informacije-600x58.png 600w, https:\/\/www.mivam.com\/wp-content\/uploads\/2021\/04\/tecnicne-informacije-300x29.png 300w, https:\/\/www.mivam.com\/wp-content\/uploads\/2021\/04\/tecnicne-informacije-768x75.png 768w, https:\/\/www.mivam.com\/wp-content\/uploads\/2021\/04\/tecnicne-informacije-1024x100.png 1024w\" sizes=\"(max-width: 1830px) 100vw, 1830px\" \/><\/a><\/p>\n<p><strong>Barva prevleke:<\/strong><\/p>\n<p><a href=\"https:\/\/www.mivam.com\/wp-content\/uploads\/2021\/04\/barva-prevleke.png\"><img decoding=\"async\" class=\"size-full wp-image-2516 alignleft\" src=\"https:\/\/www.mivam.com\/wp-content\/uploads\/2021\/04\/barva-prevleke.png\" alt=\"\" width=\"83\" height=\"64\" \/><\/a><\/p>\n<p>&nbsp;<\/p>\n<p>&nbsp;<\/p>\n<p>&nbsp;<\/p>\n<p><strong>Barva okvirja (izbira):<\/strong><\/p>\n<p><a href=\"https:\/\/www.mivam.com\/wp-content\/uploads\/2021\/04\/barva-okvirja.png\"><img decoding=\"async\" class=\"size-full wp-image-2517 alignleft\" src=\"https:\/\/www.mivam.com\/wp-content\/uploads\/2021\/04\/barva-okvirja.png\" alt=\"\" width=\"585\" height=\"72\" srcset=\"https:\/\/www.mivam.com\/wp-content\/uploads\/2021\/04\/barva-okvirja.png 585w, https:\/\/www.mivam.com\/wp-content\/uploads\/2021\/04\/barva-okvirja-300x37.png 300w\" sizes=\"(max-width: 585px) 100vw, 585px\" \/><\/a><\/p>\n<p>&nbsp;<\/p>\n<p>&nbsp;<\/p>\n<p>&nbsp;<\/p>\n<p>Na voljo ve\u010d dodatkov, ki so razvidni v slikah in bro\u0161uri na spodnji povezavi.<\/p>\n<p><strong><a href=\"https:\/\/www.mivam.com\/wp-content\/uploads\/2021\/04\/brochure-trigo-uk.pdf\">Bro\u0161ura TRIGO S &#8211; angle\u0161\u010dina<\/a><\/strong><\/p>\n<p>Za ve\u010d informacij nam oddajte povpra\u0161evanje ali se osebno zglasite na na\u0161em podjetju!<\/p>\n","protected":false},"excerpt":{"rendered":"<p>Aktivni ro\u010dni invalidski vozi\u010dek TRIGO S. Izredno lahek, prilagodljiv in modernega videza. Proizvajalec VERMEIREN.<\/p>\n<p>Prijavljen na ZZZS in ga je mo\u017eno prejeti na naro\u010dilnico 0530, 0531 &#8211; lahki vozi\u010dki<\/p>\n","protected":false},"featured_media":2518,"comment_status":"closed","ping_status":"closed","template":"","meta":[],"product_brand":[],"product_cat":[222,36],"product_tag":[214,213,78,45,254,266,79,255,253,252],"class_list":{"0":"post-2511","1":"product","2":"type-product","3":"status-publish","4":"has-post-thumbnail","6":"product_cat-invalidski-vozicki-in-skuterji","7":"product_cat-invalidski-vozicki-na-rocni-pogon","8":"product_tag-214","9":"product_tag-213","10":"product_tag-aktivni","11":"product_tag-invalidski-vozicek","12":"product_tag-lahki","13":"product_tag-lahki-vozicek","14":"product_tag-trigo-s","15":"product_tag-ultralahki","16":"product_tag-zlozljivi","17":"product_tag-zlozljivi-vozicek","19":"first","20":"instock","21":"taxable","22":"shipping-taxable","23":"product-type-simple"},"yoast_head":"<!-- This site is optimized with the Yoast SEO plugin v24.0 - https:\/\/yoast.com\/wordpress\/plugins\/seo\/ -->\n<title>Invalidski vozi\u010dek Trigo S - Mi Vam<\/title>\n<meta name=\"description\" content=\"Aktivni ro\u010dni invalidski vozi\u010dek TRIGO S. Izredno lahek, prilagodljiv in modernega videza. Proizvajalec VERMEIREN.  Prijavljen na ZZZS in ga je mo\u017eno prejeti na naro\u010dilnico 0530, 0531 - lahki vozi\u010dki\" \/>\n<meta name=\"robots\" content=\"index, follow, max-snippet:-1, max-image-preview:large, max-video-preview:-1\" \/>\n<link rel=\"canonical\" href=\"https:\/\/www.mivam.com\/izdelek\/invalidski-vozicek-trigo-s\/\" \/>\n<meta property=\"og:locale\" content=\"en_US\" \/>\n<meta property=\"og:type\" content=\"article\" \/>\n<meta property=\"og:title\" content=\"Invalidski vozi\u010dek Trigo S - Mi Vam\" \/>\n<meta property=\"og:description\" content=\"Aktivni ro\u010dni invalidski vozi\u010dek TRIGO S. Izredno lahek, prilagodljiv in modernega videza. Proizvajalec VERMEIREN.  Prijavljen na ZZZS in ga je mo\u017eno prejeti na naro\u010dilnico 0530, 0531 - lahki vozi\u010dki\" \/>\n<meta property=\"og:url\" content=\"https:\/\/www.mivam.com\/izdelek\/invalidski-vozicek-trigo-s\/\" \/>\n<meta property=\"og:site_name\" content=\"Mi Vam\" \/>\n<meta property=\"article:modified_time\" content=\"2025-06-19T04:06:29+00:00\" \/>\n<meta property=\"og:image\" content=\"https:\/\/www.mivam.com\/wp-content\/uploads\/2021\/04\/trigo-s-blue-3q-view-1.jpg\" \/>\n\t<meta property=\"og:image:width\" content=\"1416\" \/>\n\t<meta property=\"og:image:height\" content=\"1062\" \/>\n\t<meta property=\"og:image:type\" content=\"image\/jpeg\" \/>\n<meta name=\"twitter:card\" content=\"summary_large_image\" \/>\n<meta name=\"twitter:label1\" content=\"Est. reading time\" \/>\n\t<meta name=\"twitter:data1\" content=\"2 minutes\" \/>\n<script type=\"application\/ld+json\" class=\"yoast-schema-graph\">{\"@context\":\"https:\/\/schema.org\",\"@graph\":[{\"@type\":\"WebPage\",\"@id\":\"https:\/\/www.mivam.com\/izdelek\/invalidski-vozicek-trigo-s\/\",\"url\":\"https:\/\/www.mivam.com\/izdelek\/invalidski-vozicek-trigo-s\/\",\"name\":\"Invalidski vozi\u010dek Trigo S - Mi Vam\",\"isPartOf\":{\"@id\":\"https:\/\/www.mivam.com\/#website\"},\"primaryImageOfPage\":{\"@id\":\"https:\/\/www.mivam.com\/izdelek\/invalidski-vozicek-trigo-s\/#primaryimage\"},\"image\":{\"@id\":\"https:\/\/www.mivam.com\/izdelek\/invalidski-vozicek-trigo-s\/#primaryimage\"},\"thumbnailUrl\":\"https:\/\/www.mivam.com\/wp-content\/uploads\/2021\/04\/trigo-s-blue-3q-view-1.jpg\",\"datePublished\":\"2021-04-13T11:34:07+00:00\",\"dateModified\":\"2025-06-19T04:06:29+00:00\",\"description\":\"Aktivni ro\u010dni invalidski vozi\u010dek TRIGO S. Izredno lahek, prilagodljiv in modernega videza. Proizvajalec VERMEIREN. Prijavljen na ZZZS in ga je mo\u017eno prejeti na naro\u010dilnico 0530, 0531 - lahki vozi\u010dki\",\"breadcrumb\":{\"@id\":\"https:\/\/www.mivam.com\/izdelek\/invalidski-vozicek-trigo-s\/#breadcrumb\"},\"inLanguage\":\"en-US\",\"potentialAction\":[{\"@type\":\"ReadAction\",\"target\":[\"https:\/\/www.mivam.com\/izdelek\/invalidski-vozicek-trigo-s\/\"]}]},{\"@type\":\"ImageObject\",\"inLanguage\":\"en-US\",\"@id\":\"https:\/\/www.mivam.com\/izdelek\/invalidski-vozicek-trigo-s\/#primaryimage\",\"url\":\"https:\/\/www.mivam.com\/wp-content\/uploads\/2021\/04\/trigo-s-blue-3q-view-1.jpg\",\"contentUrl\":\"https:\/\/www.mivam.com\/wp-content\/uploads\/2021\/04\/trigo-s-blue-3q-view-1.jpg\",\"width\":1416,\"height\":1062},{\"@type\":\"BreadcrumbList\",\"@id\":\"https:\/\/www.mivam.com\/izdelek\/invalidski-vozicek-trigo-s\/#breadcrumb\",\"itemListElement\":[{\"@type\":\"ListItem\",\"position\":1,\"name\":\"Domov\",\"item\":\"https:\/\/www.mivam.com\/\"},{\"@type\":\"ListItem\",\"position\":2,\"name\":\"Shop\",\"item\":\"https:\/\/www.mivam.com\/en\/shop\/\"},{\"@type\":\"ListItem\",\"position\":3,\"name\":\"Invalidski vozi\u010dki in skuterji\",\"item\":\"https:\/\/www.mivam.com\/kategorija-izdelka\/invalidski-vozicki-in-skuterji\/\"},{\"@type\":\"ListItem\",\"position\":4,\"name\":\"Invalidski vozi\u010dki na ro\u010dni pogon\",\"item\":\"https:\/\/www.mivam.com\/kategorija-izdelka\/invalidski-vozicki-in-skuterji\/invalidski-vozicki-na-rocni-pogon\/\"},{\"@type\":\"ListItem\",\"position\":5,\"name\":\"Invalidski vozi\u010dek Trigo S\"}]},{\"@type\":\"WebSite\",\"@id\":\"https:\/\/www.mivam.com\/#website\",\"url\":\"https:\/\/www.mivam.com\/\",\"name\":\"Mi Vam\",\"description\":\"Medicinski pripomo\u010dki in re\u0161itve za manj odvisno \u017eivljenje.\",\"potentialAction\":[{\"@type\":\"SearchAction\",\"target\":{\"@type\":\"EntryPoint\",\"urlTemplate\":\"https:\/\/www.mivam.com\/?s={search_term_string}\"},\"query-input\":{\"@type\":\"PropertyValueSpecification\",\"valueRequired\":true,\"valueName\":\"search_term_string\"}}],\"inLanguage\":\"en-US\"}]}<\/script>\n<!-- \/ Yoast SEO plugin. -->","yoast_head_json":{"title":"Invalidski vozi\u010dek Trigo S - Mi Vam","description":"Aktivni ro\u010dni invalidski vozi\u010dek TRIGO S. Izredno lahek, prilagodljiv in modernega videza. Proizvajalec VERMEIREN.  Prijavljen na ZZZS in ga je mo\u017eno prejeti na naro\u010dilnico 0530, 0531 - lahki vozi\u010dki","robots":{"index":"index","follow":"follow","max-snippet":"max-snippet:-1","max-image-preview":"max-image-preview:large","max-video-preview":"max-video-preview:-1"},"canonical":"https:\/\/www.mivam.com\/izdelek\/invalidski-vozicek-trigo-s\/","og_locale":"en_US","og_type":"article","og_title":"Invalidski vozi\u010dek Trigo S - Mi Vam","og_description":"Aktivni ro\u010dni invalidski vozi\u010dek TRIGO S. Izredno lahek, prilagodljiv in modernega videza. Proizvajalec VERMEIREN.  Prijavljen na ZZZS in ga je mo\u017eno prejeti na naro\u010dilnico 0530, 0531 - lahki vozi\u010dki","og_url":"https:\/\/www.mivam.com\/izdelek\/invalidski-vozicek-trigo-s\/","og_site_name":"Mi Vam","article_modified_time":"2025-06-19T04:06:29+00:00","og_image":[{"width":1416,"height":1062,"url":"https:\/\/www.mivam.com\/wp-content\/uploads\/2021\/04\/trigo-s-blue-3q-view-1.jpg","type":"image\/jpeg"}],"twitter_card":"summary_large_image","twitter_misc":{"Est. reading time":"2 minutes"},"schema":{"@context":"https:\/\/schema.org","@graph":[{"@type":"WebPage","@id":"https:\/\/www.mivam.com\/izdelek\/invalidski-vozicek-trigo-s\/","url":"https:\/\/www.mivam.com\/izdelek\/invalidski-vozicek-trigo-s\/","name":"Invalidski vozi\u010dek Trigo S - Mi Vam","isPartOf":{"@id":"https:\/\/www.mivam.com\/#website"},"primaryImageOfPage":{"@id":"https:\/\/www.mivam.com\/izdelek\/invalidski-vozicek-trigo-s\/#primaryimage"},"image":{"@id":"https:\/\/www.mivam.com\/izdelek\/invalidski-vozicek-trigo-s\/#primaryimage"},"thumbnailUrl":"https:\/\/www.mivam.com\/wp-content\/uploads\/2021\/04\/trigo-s-blue-3q-view-1.jpg","datePublished":"2021-04-13T11:34:07+00:00","dateModified":"2025-06-19T04:06:29+00:00","description":"Aktivni ro\u010dni invalidski vozi\u010dek TRIGO S. Izredno lahek, prilagodljiv in modernega videza. Proizvajalec VERMEIREN. Prijavljen na ZZZS in ga je mo\u017eno prejeti na naro\u010dilnico 0530, 0531 - lahki vozi\u010dki","breadcrumb":{"@id":"https:\/\/www.mivam.com\/izdelek\/invalidski-vozicek-trigo-s\/#breadcrumb"},"inLanguage":"en-US","potentialAction":[{"@type":"ReadAction","target":["https:\/\/www.mivam.com\/izdelek\/invalidski-vozicek-trigo-s\/"]}]},{"@type":"ImageObject","inLanguage":"en-US","@id":"https:\/\/www.mivam.com\/izdelek\/invalidski-vozicek-trigo-s\/#primaryimage","url":"https:\/\/www.mivam.com\/wp-content\/uploads\/2021\/04\/trigo-s-blue-3q-view-1.jpg","contentUrl":"https:\/\/www.mivam.com\/wp-content\/uploads\/2021\/04\/trigo-s-blue-3q-view-1.jpg","width":1416,"height":1062},{"@type":"BreadcrumbList","@id":"https:\/\/www.mivam.com\/izdelek\/invalidski-vozicek-trigo-s\/#breadcrumb","itemListElement":[{"@type":"ListItem","position":1,"name":"Domov","item":"https:\/\/www.mivam.com\/"},{"@type":"ListItem","position":2,"name":"Shop","item":"https:\/\/www.mivam.com\/en\/shop\/"},{"@type":"ListItem","position":3,"name":"Invalidski vozi\u010dki in skuterji","item":"https:\/\/www.mivam.com\/kategorija-izdelka\/invalidski-vozicki-in-skuterji\/"},{"@type":"ListItem","position":4,"name":"Invalidski vozi\u010dki na ro\u010dni pogon","item":"https:\/\/www.mivam.com\/kategorija-izdelka\/invalidski-vozicki-in-skuterji\/invalidski-vozicki-na-rocni-pogon\/"},{"@type":"ListItem","position":5,"name":"Invalidski vozi\u010dek Trigo S"}]},{"@type":"WebSite","@id":"https:\/\/www.mivam.com\/#website","url":"https:\/\/www.mivam.com\/","name":"Mi Vam","description":"Medicinski pripomo\u010dki in re\u0161itve za manj odvisno \u017eivljenje.","potentialAction":[{"@type":"SearchAction","target":{"@type":"EntryPoint","urlTemplate":"https:\/\/www.mivam.com\/?s={search_term_string}"},"query-input":{"@type":"PropertyValueSpecification","valueRequired":true,"valueName":"search_term_string"}}],"inLanguage":"en-US"}]}},"_links":{"self":[{"href":"https:\/\/www.mivam.com\/en\/wp-json\/wp\/v2\/product\/2511","targetHints":{"allow":["GET"]}}],"collection":[{"href":"https:\/\/www.mivam.com\/en\/wp-json\/wp\/v2\/product"}],"about":[{"href":"https:\/\/www.mivam.com\/en\/wp-json\/wp\/v2\/types\/product"}],"replies":[{"embeddable":true,"href":"https:\/\/www.mivam.com\/en\/wp-json\/wp\/v2\/comments?post=2511"}],"wp:featuredmedia":[{"embeddable":true,"href":"https:\/\/www.mivam.com\/en\/wp-json\/wp\/v2\/media\/2518"}],"wp:attachment":[{"href":"https:\/\/www.mivam.com\/en\/wp-json\/wp\/v2\/media?parent=2511"}],"wp:term":[{"taxonomy":"product_brand","embeddable":true,"href":"https:\/\/www.mivam.com\/en\/wp-json\/wp\/v2\/product_brand?post=2511"},{"taxonomy":"product_cat","embeddable":true,"href":"https:\/\/www.mivam.com\/en\/wp-json\/wp\/v2\/product_cat?post=2511"},{"taxonomy":"product_tag","embeddable":true,"href":"https:\/\/www.mivam.com\/en\/wp-json\/wp\/v2\/product_tag?post=2511"}],"curies":[{"name":"wp","href":"https:\/\/api.w.org\/{rel}","templated":true}]}}