{"id":2407,"date":"2021-07-02T09:43:41","date_gmt":"2021-07-02T07:43:41","guid":{"rendered":"https:\/\/www.mivam.com\/?post_type=product&#038;p=2407"},"modified":"2025-06-19T15:56:02","modified_gmt":"2025-06-19T13:56:02","slug":"antidekubitusna-blazina-euroausili-pl6000","status":"publish","type":"product","link":"https:\/\/www.mivam.com\/en\/izdelek\/antidekubitusna-blazina-euroausili-pl6000\/","title":{"rendered":"Antidekubitusna blazina Euroausili PL6000"},"content":{"rendered":"<p><span class=\"VIiyi\" lang=\"sl\"><span class=\"JLqJ4b ChMk0b\" data-language-for-alternatives=\"sl\" data-language-to-translate-into=\"en\" data-phrase-index=\"0\">Antidekubisna blazina, izdelana iz podlage iz poliuretanske spominske pene z dodatkom iz poliuretanskega gela na vrhu, ki se samodejno oblikuje. Anatomske zna\u010dilnosti osnovne podlage omogo\u010dajo podporo telesni te\u017ei pacienta in se prilagajajo njegovi kostni morfologiji, zato zagotavljajo optimalne kontaktne pritiske, ki padajo.<\/span>\u00a0<\/span><\/p>\n<p><img decoding=\"async\" class=\"wp-image-2408 alignleft\" src=\"https:\/\/www.mivam.com\/wp-content\/uploads\/2021\/04\/euroausili-pl6000.jpg\" alt=\"\" width=\"366\" height=\"293\" srcset=\"https:\/\/www.mivam.com\/wp-content\/uploads\/2021\/04\/euroausili-pl6000.jpg 869w, https:\/\/www.mivam.com\/wp-content\/uploads\/2021\/04\/euroausili-pl6000-600x480.jpg 600w, https:\/\/www.mivam.com\/wp-content\/uploads\/2021\/04\/euroausili-pl6000-300x240.jpg 300w, https:\/\/www.mivam.com\/wp-content\/uploads\/2021\/04\/euroausili-pl6000-768x614.jpg 768w\" sizes=\"(max-width: 366px) 100vw, 366px\" \/><\/p>\n<p>&nbsp;<\/p>\n<p>&nbsp;<\/p>\n<p>&nbsp;<\/p>\n<p>&nbsp;<\/p>\n<p>&nbsp;<\/p>\n<p>&nbsp;<\/p>\n<p>&nbsp;<\/p>\n<p>&nbsp;<\/p>\n<p><strong>\u00a0<\/strong><\/p>\n<p style=\"text-align: left\"><strong>\u00a0<\/strong><strong>ANTIDEKUBISNA POVR\u0160INA<\/strong><\/p>\n<p><strong>\u00a0 <a href=\"https:\/\/www.mivam.com\/wp-content\/uploads\/2021\/07\/pl6000.png\"><img decoding=\"async\" class=\" wp-image-2762 alignleft\" src=\"https:\/\/www.mivam.com\/wp-content\/uploads\/2021\/07\/pl6000.png\" alt=\"\" width=\"292\" height=\"160\" srcset=\"https:\/\/www.mivam.com\/wp-content\/uploads\/2021\/07\/pl6000.png 410w, https:\/\/www.mivam.com\/wp-content\/uploads\/2021\/07\/pl6000-300x165.png 300w\" sizes=\"(max-width: 292px) 100vw, 292px\" \/><\/a><a href=\"https:\/\/www.mivam.com\/wp-content\/uploads\/2021\/07\/pl6000-prevleka.png\"><img decoding=\"async\" class=\"wp-image-2761 alignleft\" src=\"https:\/\/www.mivam.com\/wp-content\/uploads\/2021\/07\/pl6000-prevleka.png\" alt=\"\" width=\"312\" height=\"226\" srcset=\"https:\/\/www.mivam.com\/wp-content\/uploads\/2021\/07\/pl6000-prevleka.png 384w, https:\/\/www.mivam.com\/wp-content\/uploads\/2021\/07\/pl6000-prevleka-300x217.png 300w\" sizes=\"(max-width: 312px) 100vw, 312px\" \/><\/a> <\/strong><\/p>\n<p><strong>\u00a0<\/strong><\/p>\n<p><strong>\u00a0<\/strong><\/p>\n<p><strong>\u00a0<\/strong><\/p>\n<p>&nbsp;<\/p>\n<p><strong>\u00a0<\/strong><strong>\u00a0<\/strong><\/p>\n<p>&nbsp;<\/p>\n<p>Zna\u010dilnosti anatomske blazine omogo\u010dajo podporo bolnikovi te\u017ei in se prilagajajo njegovi morfologiji, kar zagotavlja, da pritiski na oprimalni kontakt padajo. Gelni vlo\u017eek \u0161e ubla\u017ei pritisk na ishiadi\u010dno cono za bolj\u0161e udobje bolnika. Zgornja povr\u0161ina je iz poliestra in poliuretana in je protibakterijska in protiglivi\u010dna. Je elasti\u010dna, za zmanj\u0161anje trenje, vodoodporna, zra\u010dna in pralna. Spodnja povr\u0161ina je izdelana iz protizdrsne\u00a0 PVC in poliestrom, ki zagotavlja stabilen polo\u017eaj na stolu.<\/p>\n<p><strong>Prevleka je mo\u017ena v <em>sivi<\/em> ali ne\u017eno <em>rozni<\/em> barvi. Standardno je prevleka SIVE barve.<\/strong><\/p>\n<h3><span style=\"color: #ff0000\"><strong>Mo\u017eno dobiti na naro\u010dilnico<\/strong> (0805,0806)<\/span><\/h3>\n<h3><span style=\"color: #ff0000\"><strong>Mo\u017eno dobiti na naro\u010dilnico (0802) &#8211; z dopla\u010dilom<\/strong><\/span><\/h3>\n<p>STANDARDNE DIMENZIJA<\/p>\n<table style=\"width: 392.8px\">\n<tbody>\n<tr>\n<td style=\"width: 393.8px\">Sede\u017ena blazina s sivo prevleko 40X40X8<\/td>\n<\/tr>\n<tr>\n<td style=\"width: 393.8px\">Sede\u017ena blazina s sivo prevleko 42X42X8<\/td>\n<\/tr>\n<tr>\n<td style=\"width: 393.8px\">Sede\u017ena blazina s sivo prevleko 45X45X8<\/td>\n<\/tr>\n<tr>\n<td style=\"width: 393.8px\">Sede\u017ena blazina s sivo prevleko 42X44X8<\/td>\n<\/tr>\n<tr>\n<td style=\"width: 393.8px\">Sede\u017ena blazina s sivo prevleko 48X45X8<\/td>\n<\/tr>\n<\/tbody>\n<\/table>\n<p>Pranje prevleke:<\/p>\n<ul style=\"list-style-type: circle\">\n<li>Pranje v pralnem stroju 60\u00b0C<\/li>\n<li>Beljenje ni dovoljeno<\/li>\n<li>Likanje ni dovoljeno<\/li>\n<li>Prepovedano \u010di\u0161\u010denje s kemikalijami<\/li>\n<li>Prepovedano su\u0161enje v su\u0161ilcu<\/li>\n<\/ul>\n<p>&nbsp;<\/p>\n<table>\n<tbody>\n<tr>\n<td width=\"236\"><strong>Proizvajalec<\/strong><\/td>\n<td width=\"576\">Euro Ausili srl<\/td>\n<\/tr>\n<tr>\n<td width=\"236\">&nbsp;<\/p>\n<p><strong>Pripomo\u010dek<\/strong><\/td>\n<td width=\"576\">Anatomska blazina iz viskoelasti\u010dne spominske pene.<\/td>\n<\/tr>\n<tr>\n<td width=\"236\"><strong>CND koda in RDM koda<\/strong><\/td>\n<td width=\"576\">Y033303 (CND koda)<\/p>\n<p>51949\/R (RDM koda)<\/td>\n<\/tr>\n<tr>\n<td width=\"236\"><strong>Klasifikacija, po navedbah 93\/42\/CEE<\/strong><\/td>\n<td width=\"576\">&nbsp;<\/p>\n<p>Medicinski pripomo\u010dek Razred I<\/td>\n<\/tr>\n<tr>\n<td width=\"236\">&nbsp;<\/p>\n<p><strong>Skladnost<\/strong><\/td>\n<td width=\"576\">93\/42\/CEE in nadaljnje spremembe in dopolnitve UNI EN ISO 9001 UNI EN ISO 13485<\/td>\n<\/tr>\n<tr>\n<td width=\"236\">&nbsp;<\/p>\n<p><strong>Materiali<\/strong><\/td>\n<td width=\"576\">Blazina: Poliuretaska spominska pena, s poliuretanskim gelom<\/p>\n<p>Zgornja prevleka: Poliester &#8211; Poliuretan;<\/p>\n<p>Spodnja prevleka: Poliester prevle\u010den s \u00a0PVC<\/td>\n<\/tr>\n<tr>\n<td width=\"236\"><strong>Dimenzije [cm]<\/strong><\/td>\n<td width=\"576\">40x40x8\u00a0\u00a0\u00a0\u00a0\u00a0\u00a0 42x42x8\u00a0\u00a0\u00a0\u00a0\u00a0\u00a0\u00a0\u00a0 45x45x8\u00a0\u00a0\u00a0\u00a0\u00a0\u00a0 42X44X8\u00a0\u00a0\u00a0\u00a0\u00a0\u00a0\u00a0 48X45X8<\/td>\n<\/tr>\n<tr>\n<td width=\"236\"><strong>Najve\u010dja te\u017ea uporabnika [Kg]<\/strong><\/td>\n<td width=\"576\">120<\/td>\n<\/tr>\n<\/tbody>\n<\/table>\n<table>\n<tbody>\n<tr>\n<td colspan=\"2\" width=\"591\"><strong>ZGORNJA PREVLEKA: MEHANSKE\u00a0 IN FIZI<\/strong><strong>\u010c<\/strong><strong>NE<\/strong><strong> LASTNOSTI<\/strong><\/td>\n<td width=\"222\"><strong>STANDARD<\/strong><\/td>\n<\/tr>\n<tr>\n<td width=\"236\">&nbsp;<\/p>\n<p><strong>Vodoodpornost<\/strong><\/td>\n<td width=\"354\">&nbsp;<\/p>\n<p>&gt; 2000 mm<\/td>\n<td width=\"222\">&nbsp;<\/p>\n<p>ISO 20811<\/td>\n<\/tr>\n<tr>\n<td width=\"236\">&nbsp;<\/p>\n<p><strong>Dihanje<\/strong><\/td>\n<td width=\"354\">&nbsp;<\/p>\n<p>&gt; 500 g\/m2 x 24 h at 38\u00b0C<\/td>\n<td width=\"222\">&nbsp;<\/p>\n<p>ASTM E96<\/td>\n<\/tr>\n<tr>\n<td width=\"236\"><strong>Po<\/strong><strong>\u017e<\/strong><strong>arni standard<\/strong><\/td>\n<td width=\"354\">CRIB 5<\/td>\n<td width=\"222\">BS7175<\/td>\n<\/tr>\n<tr>\n<td width=\"236\"><strong>Standard odpornodsti proti bakterijam in glivicam<\/strong><\/td>\n<td colspan=\"2\" width=\"576\">&nbsp;<\/p>\n<p>ISO 22196, A.A.T.C.C. TESTNA METODA 30<\/td>\n<\/tr>\n<tr>\n<td width=\"236\"><strong>Pranje<\/strong><\/td>\n<td colspan=\"2\" width=\"576\">&nbsp;<\/p>\n<p><a href=\"https:\/\/www.mivam.com\/wp-content\/uploads\/2021\/05\/blazina-pl-6000-2.png\"><img decoding=\"async\" class=\"aligncenter size-full wp-image-2618\" src=\"https:\/\/www.mivam.com\/wp-content\/uploads\/2021\/05\/blazina-pl-6000-2.png\" alt=\"\" width=\"397\" height=\"71\" srcset=\"https:\/\/www.mivam.com\/wp-content\/uploads\/2021\/05\/blazina-pl-6000-2.png 397w, https:\/\/www.mivam.com\/wp-content\/uploads\/2021\/05\/blazina-pl-6000-2-300x54.png 300w\" sizes=\"(max-width: 397px) 100vw, 397px\" \/><\/a><\/p>\n<p>&nbsp;<\/p>\n<p>&nbsp;<\/td>\n<\/tr>\n<\/tbody>\n<\/table>\n","protected":false},"excerpt":{"rendered":"<p>PL6000 je antidekubitusna blazina, izdelana iz poliuretanske spominske pene ter\u00a0 samooblikovanega gela na vrhu in dodatno v predelu trtice.<\/p>\n<p>Blazina je priporo\u010dljiva za bolnike, ki veliko \u010dasa pre\u017eivijo na vozi\u010dkih ali na splo\u0161no v sede\u010dem polo\u017eaju.<\/p>\n","protected":false},"featured_media":2757,"comment_status":"closed","ping_status":"closed","template":"","meta":[],"product_brand":[],"product_cat":[222,41],"product_tag":[267,244,243,92,85,94,268,95,160],"class_list":{"0":"post-2407","1":"product","2":"type-product","3":"status-publish","4":"has-post-thumbnail","6":"product_cat-invalidski-vozicki-in-skuterji","7":"product_cat-antidekubitusne-blazine","8":"product_tag-267","9":"product_tag-244","10":"product_tag-243","11":"product_tag-antidekubitusna","12":"product_tag-blazina","13":"product_tag-euroausili","14":"product_tag-gel","15":"product_tag-pl6000","16":"product_tag-sedezna-blazina","18":"first","19":"instock","20":"taxable","21":"shipping-taxable","22":"purchasable","23":"product-type-variable","24":"has-default-attributes"},"yoast_head":"<!-- This site is optimized with the Yoast SEO plugin v24.0 - https:\/\/yoast.com\/wordpress\/plugins\/seo\/ -->\n<title>Antidekubitusna blazina Euroausili PL6000 - Mi Vam<\/title>\n<meta name=\"description\" content=\"PL6000 je antidekubitusna blazina, izdelana iz poliuretanske spominske pene ter\u00a0 samooblikovanega gela na vrhu in dodatno v predelu trtice.  Blazina je priporo\u010dljiva za bolnike, ki veliko \u010dasa pre\u017eivijo na vozi\u010dkih ali na splo\u0161no v sede\u010dem polo\u017eaju.\" \/>\n<meta name=\"robots\" content=\"index, follow, max-snippet:-1, max-image-preview:large, max-video-preview:-1\" \/>\n<link rel=\"canonical\" href=\"https:\/\/www.mivam.com\/izdelek\/antidekubitusna-blazina-euroausili-pl6000\/\" \/>\n<meta property=\"og:locale\" content=\"en_US\" \/>\n<meta property=\"og:type\" content=\"article\" \/>\n<meta property=\"og:title\" content=\"Antidekubitusna blazina Euroausili PL6000 - Mi Vam\" \/>\n<meta property=\"og:description\" content=\"PL6000 je antidekubitusna blazina, izdelana iz poliuretanske spominske pene ter\u00a0 samooblikovanega gela na vrhu in dodatno v predelu trtice.  Blazina je priporo\u010dljiva za bolnike, ki veliko \u010dasa pre\u017eivijo na vozi\u010dkih ali na splo\u0161no v sede\u010dem polo\u017eaju.\" \/>\n<meta property=\"og:url\" content=\"https:\/\/www.mivam.com\/izdelek\/antidekubitusna-blazina-euroausili-pl6000\/\" \/>\n<meta property=\"og:site_name\" content=\"Mi Vam\" \/>\n<meta property=\"article:modified_time\" content=\"2025-06-19T13:56:02+00:00\" \/>\n<meta property=\"og:image\" content=\"https:\/\/www.mivam.com\/wp-content\/uploads\/2021\/07\/cuscini__0009_pl6000.jpg\" \/>\n\t<meta property=\"og:image:width\" content=\"1024\" \/>\n\t<meta property=\"og:image:height\" content=\"700\" \/>\n\t<meta property=\"og:image:type\" content=\"image\/jpeg\" \/>\n<meta name=\"twitter:card\" content=\"summary_large_image\" \/>\n<meta name=\"twitter:label1\" content=\"Est. reading time\" \/>\n\t<meta name=\"twitter:data1\" content=\"3 minutes\" \/>\n<script type=\"application\/ld+json\" class=\"yoast-schema-graph\">{\"@context\":\"https:\/\/schema.org\",\"@graph\":[{\"@type\":\"WebPage\",\"@id\":\"https:\/\/www.mivam.com\/izdelek\/antidekubitusna-blazina-euroausili-pl6000\/\",\"url\":\"https:\/\/www.mivam.com\/izdelek\/antidekubitusna-blazina-euroausili-pl6000\/\",\"name\":\"Antidekubitusna blazina Euroausili PL6000 - Mi Vam\",\"isPartOf\":{\"@id\":\"https:\/\/www.mivam.com\/#website\"},\"primaryImageOfPage\":{\"@id\":\"https:\/\/www.mivam.com\/izdelek\/antidekubitusna-blazina-euroausili-pl6000\/#primaryimage\"},\"image\":{\"@id\":\"https:\/\/www.mivam.com\/izdelek\/antidekubitusna-blazina-euroausili-pl6000\/#primaryimage\"},\"thumbnailUrl\":\"https:\/\/www.mivam.com\/wp-content\/uploads\/2021\/07\/cuscini__0009_pl6000.jpg\",\"datePublished\":\"2021-07-02T07:43:41+00:00\",\"dateModified\":\"2025-06-19T13:56:02+00:00\",\"description\":\"PL6000 je antidekubitusna blazina, izdelana iz poliuretanske spominske pene ter\u00a0 samooblikovanega gela na vrhu in dodatno v predelu trtice. Blazina je priporo\u010dljiva za bolnike, ki veliko \u010dasa pre\u017eivijo na vozi\u010dkih ali na splo\u0161no v sede\u010dem polo\u017eaju.\",\"breadcrumb\":{\"@id\":\"https:\/\/www.mivam.com\/izdelek\/antidekubitusna-blazina-euroausili-pl6000\/#breadcrumb\"},\"inLanguage\":\"en-US\",\"potentialAction\":[{\"@type\":\"ReadAction\",\"target\":[\"https:\/\/www.mivam.com\/izdelek\/antidekubitusna-blazina-euroausili-pl6000\/\"]}]},{\"@type\":\"ImageObject\",\"inLanguage\":\"en-US\",\"@id\":\"https:\/\/www.mivam.com\/izdelek\/antidekubitusna-blazina-euroausili-pl6000\/#primaryimage\",\"url\":\"https:\/\/www.mivam.com\/wp-content\/uploads\/2021\/07\/cuscini__0009_pl6000.jpg\",\"contentUrl\":\"https:\/\/www.mivam.com\/wp-content\/uploads\/2021\/07\/cuscini__0009_pl6000.jpg\",\"width\":1024,\"height\":700},{\"@type\":\"BreadcrumbList\",\"@id\":\"https:\/\/www.mivam.com\/izdelek\/antidekubitusna-blazina-euroausili-pl6000\/#breadcrumb\",\"itemListElement\":[{\"@type\":\"ListItem\",\"position\":1,\"name\":\"Domov\",\"item\":\"https:\/\/www.mivam.com\/\"},{\"@type\":\"ListItem\",\"position\":2,\"name\":\"Shop\",\"item\":\"https:\/\/www.mivam.com\/en\/shop\/\"},{\"@type\":\"ListItem\",\"position\":3,\"name\":\"Invalidski vozi\u010dki in skuterji\",\"item\":\"https:\/\/www.mivam.com\/kategorija-izdelka\/invalidski-vozicki-in-skuterji\/\"},{\"@type\":\"ListItem\",\"position\":4,\"name\":\"Antidekubitusne blazine\",\"item\":\"https:\/\/www.mivam.com\/kategorija-izdelka\/invalidski-vozicki-in-skuterji\/antidekubitusne-blazine\/\"},{\"@type\":\"ListItem\",\"position\":5,\"name\":\"Antidekubitusna blazina Euroausili PL6000\"}]},{\"@type\":\"WebSite\",\"@id\":\"https:\/\/www.mivam.com\/#website\",\"url\":\"https:\/\/www.mivam.com\/\",\"name\":\"Mi Vam\",\"description\":\"Medicinski pripomo\u010dki in re\u0161itve za manj odvisno \u017eivljenje.\",\"potentialAction\":[{\"@type\":\"SearchAction\",\"target\":{\"@type\":\"EntryPoint\",\"urlTemplate\":\"https:\/\/www.mivam.com\/?s={search_term_string}\"},\"query-input\":{\"@type\":\"PropertyValueSpecification\",\"valueRequired\":true,\"valueName\":\"search_term_string\"}}],\"inLanguage\":\"en-US\"}]}<\/script>\n<!-- \/ Yoast SEO plugin. -->","yoast_head_json":{"title":"Antidekubitusna blazina Euroausili PL6000 - Mi Vam","description":"PL6000 je antidekubitusna blazina, izdelana iz poliuretanske spominske pene ter\u00a0 samooblikovanega gela na vrhu in dodatno v predelu trtice.  Blazina je priporo\u010dljiva za bolnike, ki veliko \u010dasa pre\u017eivijo na vozi\u010dkih ali na splo\u0161no v sede\u010dem polo\u017eaju.","robots":{"index":"index","follow":"follow","max-snippet":"max-snippet:-1","max-image-preview":"max-image-preview:large","max-video-preview":"max-video-preview:-1"},"canonical":"https:\/\/www.mivam.com\/izdelek\/antidekubitusna-blazina-euroausili-pl6000\/","og_locale":"en_US","og_type":"article","og_title":"Antidekubitusna blazina Euroausili PL6000 - Mi Vam","og_description":"PL6000 je antidekubitusna blazina, izdelana iz poliuretanske spominske pene ter\u00a0 samooblikovanega gela na vrhu in dodatno v predelu trtice.  Blazina je priporo\u010dljiva za bolnike, ki veliko \u010dasa pre\u017eivijo na vozi\u010dkih ali na splo\u0161no v sede\u010dem polo\u017eaju.","og_url":"https:\/\/www.mivam.com\/izdelek\/antidekubitusna-blazina-euroausili-pl6000\/","og_site_name":"Mi Vam","article_modified_time":"2025-06-19T13:56:02+00:00","og_image":[{"width":1024,"height":700,"url":"https:\/\/www.mivam.com\/wp-content\/uploads\/2021\/07\/cuscini__0009_pl6000.jpg","type":"image\/jpeg"}],"twitter_card":"summary_large_image","twitter_misc":{"Est. reading time":"3 minutes"},"schema":{"@context":"https:\/\/schema.org","@graph":[{"@type":"WebPage","@id":"https:\/\/www.mivam.com\/izdelek\/antidekubitusna-blazina-euroausili-pl6000\/","url":"https:\/\/www.mivam.com\/izdelek\/antidekubitusna-blazina-euroausili-pl6000\/","name":"Antidekubitusna blazina Euroausili PL6000 - Mi Vam","isPartOf":{"@id":"https:\/\/www.mivam.com\/#website"},"primaryImageOfPage":{"@id":"https:\/\/www.mivam.com\/izdelek\/antidekubitusna-blazina-euroausili-pl6000\/#primaryimage"},"image":{"@id":"https:\/\/www.mivam.com\/izdelek\/antidekubitusna-blazina-euroausili-pl6000\/#primaryimage"},"thumbnailUrl":"https:\/\/www.mivam.com\/wp-content\/uploads\/2021\/07\/cuscini__0009_pl6000.jpg","datePublished":"2021-07-02T07:43:41+00:00","dateModified":"2025-06-19T13:56:02+00:00","description":"PL6000 je antidekubitusna blazina, izdelana iz poliuretanske spominske pene ter\u00a0 samooblikovanega gela na vrhu in dodatno v predelu trtice. Blazina je priporo\u010dljiva za bolnike, ki veliko \u010dasa pre\u017eivijo na vozi\u010dkih ali na splo\u0161no v sede\u010dem polo\u017eaju.","breadcrumb":{"@id":"https:\/\/www.mivam.com\/izdelek\/antidekubitusna-blazina-euroausili-pl6000\/#breadcrumb"},"inLanguage":"en-US","potentialAction":[{"@type":"ReadAction","target":["https:\/\/www.mivam.com\/izdelek\/antidekubitusna-blazina-euroausili-pl6000\/"]}]},{"@type":"ImageObject","inLanguage":"en-US","@id":"https:\/\/www.mivam.com\/izdelek\/antidekubitusna-blazina-euroausili-pl6000\/#primaryimage","url":"https:\/\/www.mivam.com\/wp-content\/uploads\/2021\/07\/cuscini__0009_pl6000.jpg","contentUrl":"https:\/\/www.mivam.com\/wp-content\/uploads\/2021\/07\/cuscini__0009_pl6000.jpg","width":1024,"height":700},{"@type":"BreadcrumbList","@id":"https:\/\/www.mivam.com\/izdelek\/antidekubitusna-blazina-euroausili-pl6000\/#breadcrumb","itemListElement":[{"@type":"ListItem","position":1,"name":"Domov","item":"https:\/\/www.mivam.com\/"},{"@type":"ListItem","position":2,"name":"Shop","item":"https:\/\/www.mivam.com\/en\/shop\/"},{"@type":"ListItem","position":3,"name":"Invalidski vozi\u010dki in skuterji","item":"https:\/\/www.mivam.com\/kategorija-izdelka\/invalidski-vozicki-in-skuterji\/"},{"@type":"ListItem","position":4,"name":"Antidekubitusne blazine","item":"https:\/\/www.mivam.com\/kategorija-izdelka\/invalidski-vozicki-in-skuterji\/antidekubitusne-blazine\/"},{"@type":"ListItem","position":5,"name":"Antidekubitusna blazina Euroausili PL6000"}]},{"@type":"WebSite","@id":"https:\/\/www.mivam.com\/#website","url":"https:\/\/www.mivam.com\/","name":"Mi Vam","description":"Medicinski pripomo\u010dki in re\u0161itve za manj odvisno \u017eivljenje.","potentialAction":[{"@type":"SearchAction","target":{"@type":"EntryPoint","urlTemplate":"https:\/\/www.mivam.com\/?s={search_term_string}"},"query-input":{"@type":"PropertyValueSpecification","valueRequired":true,"valueName":"search_term_string"}}],"inLanguage":"en-US"}]}},"_links":{"self":[{"href":"https:\/\/www.mivam.com\/en\/wp-json\/wp\/v2\/product\/2407","targetHints":{"allow":["GET"]}}],"collection":[{"href":"https:\/\/www.mivam.com\/en\/wp-json\/wp\/v2\/product"}],"about":[{"href":"https:\/\/www.mivam.com\/en\/wp-json\/wp\/v2\/types\/product"}],"replies":[{"embeddable":true,"href":"https:\/\/www.mivam.com\/en\/wp-json\/wp\/v2\/comments?post=2407"}],"wp:featuredmedia":[{"embeddable":true,"href":"https:\/\/www.mivam.com\/en\/wp-json\/wp\/v2\/media\/2757"}],"wp:attachment":[{"href":"https:\/\/www.mivam.com\/en\/wp-json\/wp\/v2\/media?parent=2407"}],"wp:term":[{"taxonomy":"product_brand","embeddable":true,"href":"https:\/\/www.mivam.com\/en\/wp-json\/wp\/v2\/product_brand?post=2407"},{"taxonomy":"product_cat","embeddable":true,"href":"https:\/\/www.mivam.com\/en\/wp-json\/wp\/v2\/product_cat?post=2407"},{"taxonomy":"product_tag","embeddable":true,"href":"https:\/\/www.mivam.com\/en\/wp-json\/wp\/v2\/product_tag?post=2407"}],"curies":[{"name":"wp","href":"https:\/\/api.w.org\/{rel}","templated":true}]}}