{"id":2384,"date":"2021-03-21T20:46:22","date_gmt":"2021-03-21T19:46:22","guid":{"rendered":"https:\/\/www.mivam.com\/?post_type=product&#038;p=2384"},"modified":"2025-06-19T06:08:05","modified_gmt":"2025-06-19T04:08:05","slug":"vermeiren-stirikolesni-skuter-carpo-2-xd-s-e","status":"publish","type":"product","link":"https:\/\/www.mivam.com\/en\/izdelek\/vermeiren-stirikolesni-skuter-carpo-2-xd-s-e\/","title":{"rendered":"Vermeiren \u0161tirikolesni skuter Carpo 2 XD S.E."},"content":{"rendered":"<p><span class=\"VIiyi\" lang=\"sl\"><span class=\"JLqJ4b\" data-language-for-alternatives=\"sl\" data-language-to-translate-into=\"de\" data-phrase-index=\"0\">4-kolesni skuter 13 km \/ h okrepljena razli\u010dica. CARPO 2 SE v kraj\u0161i izvedbi in z gumiranimi pnevmatikami \u0161e za posebej primeren za razgibano terensko povr\u0161ino. Standardno z LCD zaslonom in 90 Ah baterijami za najve\u010dji domet. Dve vzvratni ogledali, priklju\u010dek USB, predal za shranjevanje in nakupovalna ko\u0161ara s hitrim zaklepanjem dopolnjujejo opremo, prav tako udobni sede\u017e s primerno globino,\u00a0 nastavitev vi\u0161ine sede\u017ea in nastavitvijo naslona. XD &#8211; posebej zasnovan za uporabo na strmem terenu, z oja\u010danimi zobniki in elektroniko &#8211; za ekstremne zahteve ali velike obremenitve <\/span><\/span><\/p>\n<ul style=\"list-style-type: square\">\n<li><span class=\"VIiyi\" lang=\"sl\"><span class=\"JLqJ4b\" data-language-for-alternatives=\"sl\" data-language-to-translate-into=\"de\" data-phrase-index=\"0\">Dol\u017eina 1550 mm <\/span><\/span><\/li>\n<li><span class=\"VIiyi\" lang=\"sl\"><span class=\"JLqJ4b\" data-language-for-alternatives=\"sl\" data-language-to-translate-into=\"de\" data-phrase-index=\"0\">\u0160irina 660 mm Vi\u0161ina 1390 mm <\/span><\/span><\/li>\n<li><span class=\"VIiyi\" lang=\"sl\"><span class=\"JLqJ4b\" data-language-for-alternatives=\"sl\" data-language-to-translate-into=\"de\" data-phrase-index=\"0\">Vi\u0161ina sede\u017ea 490 mm &#8211; 565 mm <\/span><\/span><\/li>\n<li><span class=\"VIiyi\" lang=\"sl\"><span class=\"JLqJ4b\" data-language-for-alternatives=\"sl\" data-language-to-translate-into=\"de\" data-phrase-index=\"0\">Delta krmilo <\/span><\/span><\/li>\n<li><span class=\"VIiyi\" lang=\"sl\"><span class=\"JLqJ4b\" data-language-for-alternatives=\"sl\" data-language-to-translate-into=\"de\" data-phrase-index=\"0\">Sistem osvetlitve z zavorno lu\u010djo <\/span><\/span><\/li>\n<li><span class=\"VIiyi\" lang=\"sl\"><span class=\"JLqJ4b\" data-language-for-alternatives=\"sl\" data-language-to-translate-into=\"de\" data-phrase-index=\"0\">Digitalni LCD zaslon <\/span><\/span><\/li>\n<li><span class=\"VIiyi\" lang=\"sl\"><span class=\"JLqJ4b\" data-language-for-alternatives=\"sl\" data-language-to-translate-into=\"de\" data-phrase-index=\"0\">Prikaz temperature<\/span><\/span><\/li>\n<li><span class=\"VIiyi\" lang=\"sl\"><span class=\"JLqJ4b\" data-language-for-alternatives=\"sl\" data-language-to-translate-into=\"de\" data-phrase-index=\"0\"> Prikaz hitrosti s \u0161tevcem kilometrov <\/span><\/span><\/li>\n<li><span class=\"VIiyi\" lang=\"sl\"><span class=\"JLqJ4b\" data-language-for-alternatives=\"sl\" data-language-to-translate-into=\"de\" data-phrase-index=\"0\">Predal za shranjevanje in vrata USB v volanskem drogu <\/span><\/span><\/li>\n<li><span class=\"VIiyi\" lang=\"sl\"><span class=\"JLqJ4b\" data-language-for-alternatives=\"sl\" data-language-to-translate-into=\"de\" data-phrase-index=\"0\">Baterije 2 x 12V &#8211; 90AH <\/span><\/span><\/li>\n<li><span class=\"VIiyi\" lang=\"sl\"><span class=\"JLqJ4b\" data-language-for-alternatives=\"sl\" data-language-to-translate-into=\"de\" data-phrase-index=\"0\">Domet pribli\u017eno 55 km <\/span><\/span><\/li>\n<li><span class=\"VIiyi\" lang=\"sl\"><span class=\"JLqJ4b\" data-language-for-alternatives=\"sl\" data-language-to-translate-into=\"de\" data-phrase-index=\"0\">Nosilnost 150kg <\/span><\/span><\/li>\n<li><span class=\"VIiyi\" lang=\"sl\"><span class=\"JLqJ4b\" data-language-for-alternatives=\"sl\" data-language-to-translate-into=\"de\" data-phrase-index=\"0\">Mo\u010d 750 vatov <\/span><\/span><\/li>\n<li><span class=\"VIiyi\" lang=\"sl\"><span class=\"JLqJ4b\" data-language-for-alternatives=\"sl\" data-language-to-translate-into=\"de\" data-phrase-index=\"0\">Barve rde\u010de in \u0161ampanjec <\/span><\/span><\/li>\n<li><span class=\"VIiyi\" lang=\"sl\"><span class=\"JLqJ4b\" data-language-for-alternatives=\"sl\" data-language-to-translate-into=\"de\" data-phrase-index=\"0\">Hitrost 13 km \/ h<\/span><\/span><\/li>\n<\/ul>\n<p><strong><a href=\"https:\/\/www.mivam.com\/wp-content\/uploads\/2021\/03\/carpo_2_xd_se-slovenscina.pdf\">Bro\u0161ura &#8211; CARPO XD SE<\/a><\/strong><\/p>\n<p><strong>Tehni\u010dne lastnosti<\/strong><\/p>\n<p><img decoding=\"async\" class=\"aligncenter size-full wp-image-2493\" src=\"https:\/\/www.mivam.com\/wp-content\/uploads\/2021\/03\/carpo-2-xd-se.jpg\" alt=\"\" width=\"1623\" height=\"567\" srcset=\"https:\/\/www.mivam.com\/wp-content\/uploads\/2021\/03\/carpo-2-xd-se.jpg 1623w, https:\/\/www.mivam.com\/wp-content\/uploads\/2021\/03\/carpo-2-xd-se-600x210.jpg 600w, https:\/\/www.mivam.com\/wp-content\/uploads\/2021\/03\/carpo-2-xd-se-300x105.jpg 300w, https:\/\/www.mivam.com\/wp-content\/uploads\/2021\/03\/carpo-2-xd-se-768x268.jpg 768w, https:\/\/www.mivam.com\/wp-content\/uploads\/2021\/03\/carpo-2-xd-se-1024x358.jpg 1024w\" sizes=\"(max-width: 1623px) 100vw, 1623px\" \/><\/p>\n<p><strong>Barva sede\u017ea:<\/strong><\/p>\n<p><img decoding=\"async\" class=\"size-full wp-image-2465 alignleft\" src=\"https:\/\/www.mivam.com\/wp-content\/uploads\/2021\/03\/venus-4-sport-platno-8.png\" alt=\"\" width=\"92\" height=\"85\" \/><\/p>\n<p>&nbsp;<\/p>\n<p>&nbsp;<\/p>\n<p>&nbsp;<\/p>\n<p><strong>Barva okvirja:<\/strong><\/p>\n<p><img decoding=\"async\" class=\"alignnone wp-image-2431 size-full\" src=\"https:\/\/www.mivam.com\/wp-content\/uploads\/2021\/03\/carpo-2-xdse-barva-okvirja.png\" alt=\"\" width=\"92\" height=\"207\" \/><\/p>\n","protected":false},"excerpt":{"rendered":"<p>Skuter znane belgijske znamke VERMEIREN. Carpo 2 XD SE se izkazuje v izredno mo\u010dnih akumulatorjih in zmo\u017enost vo\u017enje tudi po hribovitem terenu. Primeren za naklone, pode\u017eelja, neraven teren, &#8230; Izkazal pa se bo tudi pri vo\u017enji po mestu.<\/p>\n","protected":false},"featured_media":2411,"comment_status":"closed","ping_status":"closed","template":"","meta":[],"product_brand":[],"product_cat":[222,75],"product_tag":[123,116,117,115,114,112,111],"class_list":{"0":"post-2384","1":"product","2":"type-product","3":"status-publish","4":"has-post-thumbnail","6":"product_cat-invalidski-vozicki-in-skuterji","7":"product_cat-skuterji","8":"product_tag-carpo-2-xd-s-e","9":"product_tag-elektricni","10":"product_tag-elektromotorni","11":"product_tag-skuter","12":"product_tag-stirikolesni","13":"product_tag-stirikolesni-skuter","14":"product_tag-vermeiren","16":"first","17":"onbackorder","18":"taxable","19":"shipping-taxable","20":"product-type-simple"},"yoast_head":"<!-- This site is optimized with the Yoast SEO plugin v24.0 - https:\/\/yoast.com\/wordpress\/plugins\/seo\/ -->\n<title>Vermeiren \u0161tirikolesni skuter Carpo 2 XD S.E. - Mi Vam<\/title>\n<meta name=\"description\" content=\"Skuter znane belgijske znamke VERMEIREN. Carpo 2 XD SE se izkazuje v izredno mo\u010dnih akumulatorjih in zmo\u017enost vo\u017enje tudi po hribovitem terenu. Primeren za naklone, pode\u017eelja, neraven teren, ... Izkazal pa se bo tudi pri vo\u017enji po mestu.\" \/>\n<meta name=\"robots\" content=\"index, follow, max-snippet:-1, max-image-preview:large, max-video-preview:-1\" \/>\n<link rel=\"canonical\" href=\"https:\/\/www.mivam.com\/izdelek\/vermeiren-stirikolesni-skuter-carpo-2-xd-s-e\/\" \/>\n<meta property=\"og:locale\" content=\"en_US\" \/>\n<meta property=\"og:type\" content=\"article\" \/>\n<meta property=\"og:title\" content=\"Vermeiren \u0161tirikolesni skuter Carpo 2 XD S.E. - Mi Vam\" \/>\n<meta property=\"og:description\" content=\"Skuter znane belgijske znamke VERMEIREN. Carpo 2 XD SE se izkazuje v izredno mo\u010dnih akumulatorjih in zmo\u017enost vo\u017enje tudi po hribovitem terenu. Primeren za naklone, pode\u017eelja, neraven teren, ... Izkazal pa se bo tudi pri vo\u017enji po mestu.\" \/>\n<meta property=\"og:url\" content=\"https:\/\/www.mivam.com\/izdelek\/vermeiren-stirikolesni-skuter-carpo-2-xd-s-e\/\" \/>\n<meta property=\"og:site_name\" content=\"Mi Vam\" \/>\n<meta property=\"article:modified_time\" content=\"2025-06-19T04:08:05+00:00\" \/>\n<meta property=\"og:image\" content=\"https:\/\/www.mivam.com\/wp-content\/uploads\/2021\/03\/carpo-2-xd-se-2.jpg\" \/>\n\t<meta property=\"og:image:width\" content=\"620\" \/>\n\t<meta property=\"og:image:height\" content=\"534\" \/>\n\t<meta property=\"og:image:type\" content=\"image\/jpeg\" \/>\n<meta name=\"twitter:card\" content=\"summary_large_image\" \/>\n<meta name=\"twitter:label1\" content=\"Est. reading time\" \/>\n\t<meta name=\"twitter:data1\" content=\"2 minutes\" \/>\n<script type=\"application\/ld+json\" class=\"yoast-schema-graph\">{\"@context\":\"https:\/\/schema.org\",\"@graph\":[{\"@type\":\"WebPage\",\"@id\":\"https:\/\/www.mivam.com\/izdelek\/vermeiren-stirikolesni-skuter-carpo-2-xd-s-e\/\",\"url\":\"https:\/\/www.mivam.com\/izdelek\/vermeiren-stirikolesni-skuter-carpo-2-xd-s-e\/\",\"name\":\"Vermeiren \u0161tirikolesni skuter Carpo 2 XD S.E. - Mi Vam\",\"isPartOf\":{\"@id\":\"https:\/\/www.mivam.com\/#website\"},\"primaryImageOfPage\":{\"@id\":\"https:\/\/www.mivam.com\/izdelek\/vermeiren-stirikolesni-skuter-carpo-2-xd-s-e\/#primaryimage\"},\"image\":{\"@id\":\"https:\/\/www.mivam.com\/izdelek\/vermeiren-stirikolesni-skuter-carpo-2-xd-s-e\/#primaryimage\"},\"thumbnailUrl\":\"https:\/\/www.mivam.com\/wp-content\/uploads\/2021\/03\/carpo-2-xd-se-2.jpg\",\"datePublished\":\"2021-03-21T19:46:22+00:00\",\"dateModified\":\"2025-06-19T04:08:05+00:00\",\"description\":\"Skuter znane belgijske znamke VERMEIREN. Carpo 2 XD SE se izkazuje v izredno mo\u010dnih akumulatorjih in zmo\u017enost vo\u017enje tudi po hribovitem terenu. Primeren za naklone, pode\u017eelja, neraven teren, ... Izkazal pa se bo tudi pri vo\u017enji po mestu.\",\"breadcrumb\":{\"@id\":\"https:\/\/www.mivam.com\/izdelek\/vermeiren-stirikolesni-skuter-carpo-2-xd-s-e\/#breadcrumb\"},\"inLanguage\":\"en-US\",\"potentialAction\":[{\"@type\":\"ReadAction\",\"target\":[\"https:\/\/www.mivam.com\/izdelek\/vermeiren-stirikolesni-skuter-carpo-2-xd-s-e\/\"]}]},{\"@type\":\"ImageObject\",\"inLanguage\":\"en-US\",\"@id\":\"https:\/\/www.mivam.com\/izdelek\/vermeiren-stirikolesni-skuter-carpo-2-xd-s-e\/#primaryimage\",\"url\":\"https:\/\/www.mivam.com\/wp-content\/uploads\/2021\/03\/carpo-2-xd-se-2.jpg\",\"contentUrl\":\"https:\/\/www.mivam.com\/wp-content\/uploads\/2021\/03\/carpo-2-xd-se-2.jpg\",\"width\":620,\"height\":534},{\"@type\":\"BreadcrumbList\",\"@id\":\"https:\/\/www.mivam.com\/izdelek\/vermeiren-stirikolesni-skuter-carpo-2-xd-s-e\/#breadcrumb\",\"itemListElement\":[{\"@type\":\"ListItem\",\"position\":1,\"name\":\"Domov\",\"item\":\"https:\/\/www.mivam.com\/\"},{\"@type\":\"ListItem\",\"position\":2,\"name\":\"Shop\",\"item\":\"https:\/\/www.mivam.com\/en\/shop\/\"},{\"@type\":\"ListItem\",\"position\":3,\"name\":\"Invalidski vozi\u010dki in skuterji\",\"item\":\"https:\/\/www.mivam.com\/kategorija-izdelka\/invalidski-vozicki-in-skuterji\/\"},{\"@type\":\"ListItem\",\"position\":4,\"name\":\"Skuterji\",\"item\":\"https:\/\/www.mivam.com\/kategorija-izdelka\/invalidski-vozicki-in-skuterji\/skuterji\/\"},{\"@type\":\"ListItem\",\"position\":5,\"name\":\"Vermeiren \u0161tirikolesni skuter Carpo 2 XD S.E.\"}]},{\"@type\":\"WebSite\",\"@id\":\"https:\/\/www.mivam.com\/#website\",\"url\":\"https:\/\/www.mivam.com\/\",\"name\":\"Mi Vam\",\"description\":\"Medicinski pripomo\u010dki in re\u0161itve za manj odvisno \u017eivljenje.\",\"potentialAction\":[{\"@type\":\"SearchAction\",\"target\":{\"@type\":\"EntryPoint\",\"urlTemplate\":\"https:\/\/www.mivam.com\/?s={search_term_string}\"},\"query-input\":{\"@type\":\"PropertyValueSpecification\",\"valueRequired\":true,\"valueName\":\"search_term_string\"}}],\"inLanguage\":\"en-US\"}]}<\/script>\n<!-- \/ Yoast SEO plugin. -->","yoast_head_json":{"title":"Vermeiren \u0161tirikolesni skuter Carpo 2 XD S.E. - Mi Vam","description":"Skuter znane belgijske znamke VERMEIREN. Carpo 2 XD SE se izkazuje v izredno mo\u010dnih akumulatorjih in zmo\u017enost vo\u017enje tudi po hribovitem terenu. Primeren za naklone, pode\u017eelja, neraven teren, ... Izkazal pa se bo tudi pri vo\u017enji po mestu.","robots":{"index":"index","follow":"follow","max-snippet":"max-snippet:-1","max-image-preview":"max-image-preview:large","max-video-preview":"max-video-preview:-1"},"canonical":"https:\/\/www.mivam.com\/izdelek\/vermeiren-stirikolesni-skuter-carpo-2-xd-s-e\/","og_locale":"en_US","og_type":"article","og_title":"Vermeiren \u0161tirikolesni skuter Carpo 2 XD S.E. - Mi Vam","og_description":"Skuter znane belgijske znamke VERMEIREN. Carpo 2 XD SE se izkazuje v izredno mo\u010dnih akumulatorjih in zmo\u017enost vo\u017enje tudi po hribovitem terenu. Primeren za naklone, pode\u017eelja, neraven teren, ... Izkazal pa se bo tudi pri vo\u017enji po mestu.","og_url":"https:\/\/www.mivam.com\/izdelek\/vermeiren-stirikolesni-skuter-carpo-2-xd-s-e\/","og_site_name":"Mi Vam","article_modified_time":"2025-06-19T04:08:05+00:00","og_image":[{"width":620,"height":534,"url":"https:\/\/www.mivam.com\/wp-content\/uploads\/2021\/03\/carpo-2-xd-se-2.jpg","type":"image\/jpeg"}],"twitter_card":"summary_large_image","twitter_misc":{"Est. reading time":"2 minutes"},"schema":{"@context":"https:\/\/schema.org","@graph":[{"@type":"WebPage","@id":"https:\/\/www.mivam.com\/izdelek\/vermeiren-stirikolesni-skuter-carpo-2-xd-s-e\/","url":"https:\/\/www.mivam.com\/izdelek\/vermeiren-stirikolesni-skuter-carpo-2-xd-s-e\/","name":"Vermeiren \u0161tirikolesni skuter Carpo 2 XD S.E. - Mi Vam","isPartOf":{"@id":"https:\/\/www.mivam.com\/#website"},"primaryImageOfPage":{"@id":"https:\/\/www.mivam.com\/izdelek\/vermeiren-stirikolesni-skuter-carpo-2-xd-s-e\/#primaryimage"},"image":{"@id":"https:\/\/www.mivam.com\/izdelek\/vermeiren-stirikolesni-skuter-carpo-2-xd-s-e\/#primaryimage"},"thumbnailUrl":"https:\/\/www.mivam.com\/wp-content\/uploads\/2021\/03\/carpo-2-xd-se-2.jpg","datePublished":"2021-03-21T19:46:22+00:00","dateModified":"2025-06-19T04:08:05+00:00","description":"Skuter znane belgijske znamke VERMEIREN. Carpo 2 XD SE se izkazuje v izredno mo\u010dnih akumulatorjih in zmo\u017enost vo\u017enje tudi po hribovitem terenu. Primeren za naklone, pode\u017eelja, neraven teren, ... Izkazal pa se bo tudi pri vo\u017enji po mestu.","breadcrumb":{"@id":"https:\/\/www.mivam.com\/izdelek\/vermeiren-stirikolesni-skuter-carpo-2-xd-s-e\/#breadcrumb"},"inLanguage":"en-US","potentialAction":[{"@type":"ReadAction","target":["https:\/\/www.mivam.com\/izdelek\/vermeiren-stirikolesni-skuter-carpo-2-xd-s-e\/"]}]},{"@type":"ImageObject","inLanguage":"en-US","@id":"https:\/\/www.mivam.com\/izdelek\/vermeiren-stirikolesni-skuter-carpo-2-xd-s-e\/#primaryimage","url":"https:\/\/www.mivam.com\/wp-content\/uploads\/2021\/03\/carpo-2-xd-se-2.jpg","contentUrl":"https:\/\/www.mivam.com\/wp-content\/uploads\/2021\/03\/carpo-2-xd-se-2.jpg","width":620,"height":534},{"@type":"BreadcrumbList","@id":"https:\/\/www.mivam.com\/izdelek\/vermeiren-stirikolesni-skuter-carpo-2-xd-s-e\/#breadcrumb","itemListElement":[{"@type":"ListItem","position":1,"name":"Domov","item":"https:\/\/www.mivam.com\/"},{"@type":"ListItem","position":2,"name":"Shop","item":"https:\/\/www.mivam.com\/en\/shop\/"},{"@type":"ListItem","position":3,"name":"Invalidski vozi\u010dki in skuterji","item":"https:\/\/www.mivam.com\/kategorija-izdelka\/invalidski-vozicki-in-skuterji\/"},{"@type":"ListItem","position":4,"name":"Skuterji","item":"https:\/\/www.mivam.com\/kategorija-izdelka\/invalidski-vozicki-in-skuterji\/skuterji\/"},{"@type":"ListItem","position":5,"name":"Vermeiren \u0161tirikolesni skuter Carpo 2 XD S.E."}]},{"@type":"WebSite","@id":"https:\/\/www.mivam.com\/#website","url":"https:\/\/www.mivam.com\/","name":"Mi Vam","description":"Medicinski pripomo\u010dki in re\u0161itve za manj odvisno \u017eivljenje.","potentialAction":[{"@type":"SearchAction","target":{"@type":"EntryPoint","urlTemplate":"https:\/\/www.mivam.com\/?s={search_term_string}"},"query-input":{"@type":"PropertyValueSpecification","valueRequired":true,"valueName":"search_term_string"}}],"inLanguage":"en-US"}]}},"_links":{"self":[{"href":"https:\/\/www.mivam.com\/en\/wp-json\/wp\/v2\/product\/2384","targetHints":{"allow":["GET"]}}],"collection":[{"href":"https:\/\/www.mivam.com\/en\/wp-json\/wp\/v2\/product"}],"about":[{"href":"https:\/\/www.mivam.com\/en\/wp-json\/wp\/v2\/types\/product"}],"replies":[{"embeddable":true,"href":"https:\/\/www.mivam.com\/en\/wp-json\/wp\/v2\/comments?post=2384"}],"wp:featuredmedia":[{"embeddable":true,"href":"https:\/\/www.mivam.com\/en\/wp-json\/wp\/v2\/media\/2411"}],"wp:attachment":[{"href":"https:\/\/www.mivam.com\/en\/wp-json\/wp\/v2\/media?parent=2384"}],"wp:term":[{"taxonomy":"product_brand","embeddable":true,"href":"https:\/\/www.mivam.com\/en\/wp-json\/wp\/v2\/product_brand?post=2384"},{"taxonomy":"product_cat","embeddable":true,"href":"https:\/\/www.mivam.com\/en\/wp-json\/wp\/v2\/product_cat?post=2384"},{"taxonomy":"product_tag","embeddable":true,"href":"https:\/\/www.mivam.com\/en\/wp-json\/wp\/v2\/product_tag?post=2384"}],"curies":[{"name":"wp","href":"https:\/\/api.w.org\/{rel}","templated":true}]}}