{"id":2378,"date":"2021-03-21T20:30:26","date_gmt":"2021-03-21T19:30:26","guid":{"rendered":"https:\/\/www.mivam.com\/?post_type=product&#038;p=2378"},"modified":"2025-06-19T06:08:36","modified_gmt":"2025-06-19T04:08:36","slug":"vermeiren-stirikolesni-skuter-s-e","status":"publish","type":"product","link":"https:\/\/www.mivam.com\/en\/izdelek\/vermeiren-stirikolesni-skuter-s-e\/","title":{"rendered":"Vermeiren \u0161tirikolesni skuter Carpo 2 S.E."},"content":{"rendered":"<p><span class=\"VIiyi\" lang=\"sl\"><span class=\"JLqJ4b ChMk0b\" data-language-for-alternatives=\"sl\" data-language-to-translate-into=\"en\" data-phrase-index=\"4\">Carpo 2 S.E.<\/span> <span class=\"JLqJ4b ChMk0b\" data-language-for-alternatives=\"sl\" data-language-to-translate-into=\"en\" data-phrase-index=\"5\">je popolnoma prenovljen in na novo preoblikovan 4-kolesni skuter za vsakodnevno uporabo.<\/span> <span class=\"JLqJ4b ChMk0b\" data-language-for-alternatives=\"sl\" data-language-to-translate-into=\"en\" data-phrase-index=\"6\">\u0160portna \u010drna plati\u0161\u010da, dvojna ogledala, nastavljiv naslon za glavo ter popolnoma integriran elektronski zaslon in vti\u010d USB za polnjenje naprav, ki jih lahko nosite s seboj.<\/span><\/span><\/p>\n<p><strong><a href=\"https:\/\/www.mivam.com\/wp-content\/uploads\/2021\/03\/carpo_2_-_se_-_uk-slovenscina-cena.pdf\">Bro\u0161ura &#8211; CARPO SE<\/a><\/strong><\/p>\n<p><strong>Tehni\u010dne lastnosti<\/strong><\/p>\n<p><img decoding=\"async\" class=\"aligncenter size-full wp-image-2495\" src=\"https:\/\/www.mivam.com\/wp-content\/uploads\/2021\/03\/carpo-2-se.jpg\" alt=\"\" width=\"1163\" height=\"359\" srcset=\"https:\/\/www.mivam.com\/wp-content\/uploads\/2021\/03\/carpo-2-se.jpg 1163w, https:\/\/www.mivam.com\/wp-content\/uploads\/2021\/03\/carpo-2-se-600x185.jpg 600w, https:\/\/www.mivam.com\/wp-content\/uploads\/2021\/03\/carpo-2-se-300x93.jpg 300w, https:\/\/www.mivam.com\/wp-content\/uploads\/2021\/03\/carpo-2-se-768x237.jpg 768w, https:\/\/www.mivam.com\/wp-content\/uploads\/2021\/03\/carpo-2-se-1024x316.jpg 1024w\" sizes=\"(max-width: 1163px) 100vw, 1163px\" \/><\/p>\n<p><strong>DOMET JE 60 km<\/strong><\/p>\n<p><strong>Barva sede\u017ea:<\/strong><\/p>\n<p><img decoding=\"async\" class=\"size-full wp-image-2465 alignleft\" src=\"https:\/\/www.mivam.com\/wp-content\/uploads\/2021\/03\/venus-4-sport-platno-8.png\" alt=\"\" width=\"92\" height=\"85\" \/><\/p>\n<p>&nbsp;<\/p>\n<p>&nbsp;<\/p>\n<p>&nbsp;<\/p>\n<p><strong>Barva okvirja:<\/strong><\/p>\n<p><strong><img decoding=\"async\" class=\"alignnone size-full wp-image-2420\" src=\"https:\/\/www.mivam.com\/wp-content\/uploads\/2021\/03\/carpo-2-se-barva-okvirja.jpg\" alt=\"\" width=\"145\" height=\"117\" \/><\/strong><\/p>\n","protected":false},"excerpt":{"rendered":"<p>Elektromotorni skuter znane belgijske znamke VERMEIREN. Carpo 2 SE se izkazuje pri mo\u010dnej\u0161ih akumulatorjih, kar mu omogo\u010da dalj\u0161i domet. Nudi vse udobnosti modernega skuterja.<\/p>\n","protected":false},"featured_media":2456,"comment_status":"closed","ping_status":"closed","template":"","meta":[],"product_brand":[],"product_cat":[222,75],"product_tag":[122,116,117,115,114,112,111],"class_list":{"0":"post-2378","1":"product","2":"type-product","3":"status-publish","4":"has-post-thumbnail","6":"product_cat-invalidski-vozicki-in-skuterji","7":"product_cat-skuterji","8":"product_tag-carpo-2-s-e","9":"product_tag-elektricni","10":"product_tag-elektromotorni","11":"product_tag-skuter","12":"product_tag-stirikolesni","13":"product_tag-stirikolesni-skuter","14":"product_tag-vermeiren","16":"first","17":"onbackorder","18":"taxable","19":"shipping-taxable","20":"product-type-simple"},"yoast_head":"<!-- This site is optimized with the Yoast SEO plugin v24.0 - https:\/\/yoast.com\/wordpress\/plugins\/seo\/ -->\n<title>Vermeiren \u0161tirikolesni skuter Carpo 2 S.E. - Mi Vam<\/title>\n<meta name=\"description\" content=\"Elektromotorni skuter znane belgijske znamke VERMEIREN. Carpo 2 SE se izkazuje pri mo\u010dnej\u0161ih akumulatorjih, kar mu omogo\u010da dalj\u0161i domet. Nudi vse udobnosti modernega skuterja.\" \/>\n<meta name=\"robots\" content=\"index, follow, max-snippet:-1, max-image-preview:large, max-video-preview:-1\" \/>\n<link rel=\"canonical\" href=\"https:\/\/www.mivam.com\/izdelek\/vermeiren-stirikolesni-skuter-s-e\/\" \/>\n<meta property=\"og:locale\" content=\"en_US\" \/>\n<meta property=\"og:type\" content=\"article\" \/>\n<meta property=\"og:title\" content=\"Vermeiren \u0161tirikolesni skuter Carpo 2 S.E. - Mi Vam\" \/>\n<meta property=\"og:description\" content=\"Elektromotorni skuter znane belgijske znamke VERMEIREN. Carpo 2 SE se izkazuje pri mo\u010dnej\u0161ih akumulatorjih, kar mu omogo\u010da dalj\u0161i domet. Nudi vse udobnosti modernega skuterja.\" \/>\n<meta property=\"og:url\" content=\"https:\/\/www.mivam.com\/izdelek\/vermeiren-stirikolesni-skuter-s-e\/\" \/>\n<meta property=\"og:site_name\" content=\"Mi Vam\" \/>\n<meta property=\"article:modified_time\" content=\"2025-06-19T04:08:36+00:00\" \/>\n<meta property=\"og:image\" content=\"https:\/\/www.mivam.com\/wp-content\/uploads\/2021\/03\/carpo2se1.jpg\" \/>\n\t<meta property=\"og:image:width\" content=\"716\" \/>\n\t<meta property=\"og:image:height\" content=\"548\" \/>\n\t<meta property=\"og:image:type\" content=\"image\/jpeg\" \/>\n<meta name=\"twitter:card\" content=\"summary_large_image\" \/>\n<meta name=\"twitter:label1\" content=\"Est. reading time\" \/>\n\t<meta name=\"twitter:data1\" content=\"2 minutes\" \/>\n<script type=\"application\/ld+json\" class=\"yoast-schema-graph\">{\"@context\":\"https:\/\/schema.org\",\"@graph\":[{\"@type\":\"WebPage\",\"@id\":\"https:\/\/www.mivam.com\/izdelek\/vermeiren-stirikolesni-skuter-s-e\/\",\"url\":\"https:\/\/www.mivam.com\/izdelek\/vermeiren-stirikolesni-skuter-s-e\/\",\"name\":\"Vermeiren \u0161tirikolesni skuter Carpo 2 S.E. - Mi Vam\",\"isPartOf\":{\"@id\":\"https:\/\/www.mivam.com\/#website\"},\"primaryImageOfPage\":{\"@id\":\"https:\/\/www.mivam.com\/izdelek\/vermeiren-stirikolesni-skuter-s-e\/#primaryimage\"},\"image\":{\"@id\":\"https:\/\/www.mivam.com\/izdelek\/vermeiren-stirikolesni-skuter-s-e\/#primaryimage\"},\"thumbnailUrl\":\"https:\/\/www.mivam.com\/wp-content\/uploads\/2021\/03\/carpo2se1.jpg\",\"datePublished\":\"2021-03-21T19:30:26+00:00\",\"dateModified\":\"2025-06-19T04:08:36+00:00\",\"description\":\"Elektromotorni skuter znane belgijske znamke VERMEIREN. Carpo 2 SE se izkazuje pri mo\u010dnej\u0161ih akumulatorjih, kar mu omogo\u010da dalj\u0161i domet. Nudi vse udobnosti modernega skuterja.\",\"breadcrumb\":{\"@id\":\"https:\/\/www.mivam.com\/izdelek\/vermeiren-stirikolesni-skuter-s-e\/#breadcrumb\"},\"inLanguage\":\"en-US\",\"potentialAction\":[{\"@type\":\"ReadAction\",\"target\":[\"https:\/\/www.mivam.com\/izdelek\/vermeiren-stirikolesni-skuter-s-e\/\"]}]},{\"@type\":\"ImageObject\",\"inLanguage\":\"en-US\",\"@id\":\"https:\/\/www.mivam.com\/izdelek\/vermeiren-stirikolesni-skuter-s-e\/#primaryimage\",\"url\":\"https:\/\/www.mivam.com\/wp-content\/uploads\/2021\/03\/carpo2se1.jpg\",\"contentUrl\":\"https:\/\/www.mivam.com\/wp-content\/uploads\/2021\/03\/carpo2se1.jpg\",\"width\":716,\"height\":548},{\"@type\":\"BreadcrumbList\",\"@id\":\"https:\/\/www.mivam.com\/izdelek\/vermeiren-stirikolesni-skuter-s-e\/#breadcrumb\",\"itemListElement\":[{\"@type\":\"ListItem\",\"position\":1,\"name\":\"Domov\",\"item\":\"https:\/\/www.mivam.com\/\"},{\"@type\":\"ListItem\",\"position\":2,\"name\":\"Shop\",\"item\":\"https:\/\/www.mivam.com\/en\/shop\/\"},{\"@type\":\"ListItem\",\"position\":3,\"name\":\"Invalidski vozi\u010dki in skuterji\",\"item\":\"https:\/\/www.mivam.com\/kategorija-izdelka\/invalidski-vozicki-in-skuterji\/\"},{\"@type\":\"ListItem\",\"position\":4,\"name\":\"Skuterji\",\"item\":\"https:\/\/www.mivam.com\/kategorija-izdelka\/invalidski-vozicki-in-skuterji\/skuterji\/\"},{\"@type\":\"ListItem\",\"position\":5,\"name\":\"Vermeiren \u0161tirikolesni skuter Carpo 2 S.E.\"}]},{\"@type\":\"WebSite\",\"@id\":\"https:\/\/www.mivam.com\/#website\",\"url\":\"https:\/\/www.mivam.com\/\",\"name\":\"Mi Vam\",\"description\":\"Medicinski pripomo\u010dki in re\u0161itve za manj odvisno \u017eivljenje.\",\"potentialAction\":[{\"@type\":\"SearchAction\",\"target\":{\"@type\":\"EntryPoint\",\"urlTemplate\":\"https:\/\/www.mivam.com\/?s={search_term_string}\"},\"query-input\":{\"@type\":\"PropertyValueSpecification\",\"valueRequired\":true,\"valueName\":\"search_term_string\"}}],\"inLanguage\":\"en-US\"}]}<\/script>\n<!-- \/ Yoast SEO plugin. -->","yoast_head_json":{"title":"Vermeiren \u0161tirikolesni skuter Carpo 2 S.E. - Mi Vam","description":"Elektromotorni skuter znane belgijske znamke VERMEIREN. Carpo 2 SE se izkazuje pri mo\u010dnej\u0161ih akumulatorjih, kar mu omogo\u010da dalj\u0161i domet. Nudi vse udobnosti modernega skuterja.","robots":{"index":"index","follow":"follow","max-snippet":"max-snippet:-1","max-image-preview":"max-image-preview:large","max-video-preview":"max-video-preview:-1"},"canonical":"https:\/\/www.mivam.com\/izdelek\/vermeiren-stirikolesni-skuter-s-e\/","og_locale":"en_US","og_type":"article","og_title":"Vermeiren \u0161tirikolesni skuter Carpo 2 S.E. - Mi Vam","og_description":"Elektromotorni skuter znane belgijske znamke VERMEIREN. Carpo 2 SE se izkazuje pri mo\u010dnej\u0161ih akumulatorjih, kar mu omogo\u010da dalj\u0161i domet. Nudi vse udobnosti modernega skuterja.","og_url":"https:\/\/www.mivam.com\/izdelek\/vermeiren-stirikolesni-skuter-s-e\/","og_site_name":"Mi Vam","article_modified_time":"2025-06-19T04:08:36+00:00","og_image":[{"width":716,"height":548,"url":"https:\/\/www.mivam.com\/wp-content\/uploads\/2021\/03\/carpo2se1.jpg","type":"image\/jpeg"}],"twitter_card":"summary_large_image","twitter_misc":{"Est. reading time":"2 minutes"},"schema":{"@context":"https:\/\/schema.org","@graph":[{"@type":"WebPage","@id":"https:\/\/www.mivam.com\/izdelek\/vermeiren-stirikolesni-skuter-s-e\/","url":"https:\/\/www.mivam.com\/izdelek\/vermeiren-stirikolesni-skuter-s-e\/","name":"Vermeiren \u0161tirikolesni skuter Carpo 2 S.E. - Mi Vam","isPartOf":{"@id":"https:\/\/www.mivam.com\/#website"},"primaryImageOfPage":{"@id":"https:\/\/www.mivam.com\/izdelek\/vermeiren-stirikolesni-skuter-s-e\/#primaryimage"},"image":{"@id":"https:\/\/www.mivam.com\/izdelek\/vermeiren-stirikolesni-skuter-s-e\/#primaryimage"},"thumbnailUrl":"https:\/\/www.mivam.com\/wp-content\/uploads\/2021\/03\/carpo2se1.jpg","datePublished":"2021-03-21T19:30:26+00:00","dateModified":"2025-06-19T04:08:36+00:00","description":"Elektromotorni skuter znane belgijske znamke VERMEIREN. Carpo 2 SE se izkazuje pri mo\u010dnej\u0161ih akumulatorjih, kar mu omogo\u010da dalj\u0161i domet. Nudi vse udobnosti modernega skuterja.","breadcrumb":{"@id":"https:\/\/www.mivam.com\/izdelek\/vermeiren-stirikolesni-skuter-s-e\/#breadcrumb"},"inLanguage":"en-US","potentialAction":[{"@type":"ReadAction","target":["https:\/\/www.mivam.com\/izdelek\/vermeiren-stirikolesni-skuter-s-e\/"]}]},{"@type":"ImageObject","inLanguage":"en-US","@id":"https:\/\/www.mivam.com\/izdelek\/vermeiren-stirikolesni-skuter-s-e\/#primaryimage","url":"https:\/\/www.mivam.com\/wp-content\/uploads\/2021\/03\/carpo2se1.jpg","contentUrl":"https:\/\/www.mivam.com\/wp-content\/uploads\/2021\/03\/carpo2se1.jpg","width":716,"height":548},{"@type":"BreadcrumbList","@id":"https:\/\/www.mivam.com\/izdelek\/vermeiren-stirikolesni-skuter-s-e\/#breadcrumb","itemListElement":[{"@type":"ListItem","position":1,"name":"Domov","item":"https:\/\/www.mivam.com\/"},{"@type":"ListItem","position":2,"name":"Shop","item":"https:\/\/www.mivam.com\/en\/shop\/"},{"@type":"ListItem","position":3,"name":"Invalidski vozi\u010dki in skuterji","item":"https:\/\/www.mivam.com\/kategorija-izdelka\/invalidski-vozicki-in-skuterji\/"},{"@type":"ListItem","position":4,"name":"Skuterji","item":"https:\/\/www.mivam.com\/kategorija-izdelka\/invalidski-vozicki-in-skuterji\/skuterji\/"},{"@type":"ListItem","position":5,"name":"Vermeiren \u0161tirikolesni skuter Carpo 2 S.E."}]},{"@type":"WebSite","@id":"https:\/\/www.mivam.com\/#website","url":"https:\/\/www.mivam.com\/","name":"Mi Vam","description":"Medicinski pripomo\u010dki in re\u0161itve za manj odvisno \u017eivljenje.","potentialAction":[{"@type":"SearchAction","target":{"@type":"EntryPoint","urlTemplate":"https:\/\/www.mivam.com\/?s={search_term_string}"},"query-input":{"@type":"PropertyValueSpecification","valueRequired":true,"valueName":"search_term_string"}}],"inLanguage":"en-US"}]}},"_links":{"self":[{"href":"https:\/\/www.mivam.com\/en\/wp-json\/wp\/v2\/product\/2378","targetHints":{"allow":["GET"]}}],"collection":[{"href":"https:\/\/www.mivam.com\/en\/wp-json\/wp\/v2\/product"}],"about":[{"href":"https:\/\/www.mivam.com\/en\/wp-json\/wp\/v2\/types\/product"}],"replies":[{"embeddable":true,"href":"https:\/\/www.mivam.com\/en\/wp-json\/wp\/v2\/comments?post=2378"}],"wp:featuredmedia":[{"embeddable":true,"href":"https:\/\/www.mivam.com\/en\/wp-json\/wp\/v2\/media\/2456"}],"wp:attachment":[{"href":"https:\/\/www.mivam.com\/en\/wp-json\/wp\/v2\/media?parent=2378"}],"wp:term":[{"taxonomy":"product_brand","embeddable":true,"href":"https:\/\/www.mivam.com\/en\/wp-json\/wp\/v2\/product_brand?post=2378"},{"taxonomy":"product_cat","embeddable":true,"href":"https:\/\/www.mivam.com\/en\/wp-json\/wp\/v2\/product_cat?post=2378"},{"taxonomy":"product_tag","embeddable":true,"href":"https:\/\/www.mivam.com\/en\/wp-json\/wp\/v2\/product_tag?post=2378"}],"curies":[{"name":"wp","href":"https:\/\/api.w.org\/{rel}","templated":true}]}}