{"id":2366,"date":"2021-03-21T19:34:12","date_gmt":"2021-03-21T18:34:12","guid":{"rendered":"https:\/\/www.mivam.com\/?post_type=product&#038;p=2366"},"modified":"2025-06-19T06:09:00","modified_gmt":"2025-06-19T04:09:00","slug":"vermeiren-stirikolesni-skuter-ceres-se","status":"publish","type":"product","link":"https:\/\/www.mivam.com\/en\/izdelek\/vermeiren-stirikolesni-skuter-ceres-se\/","title":{"rendered":"Vermeiren \u0161tirikolesni skuter Ceres SE"},"content":{"rendered":"<p><span class=\"VIiyi\" lang=\"sl\"><span class=\"JLqJ4b ChMk0b\" data-language-for-alternatives=\"sl\" data-language-to-translate-into=\"en\" data-phrase-index=\"4\">Ceres S.E.<\/span> <span class=\"JLqJ4b ChMk0b\" data-language-for-alternatives=\"sl\" data-language-to-translate-into=\"en\" data-phrase-index=\"5\">zdru\u017euje dizajn in kakovost.<\/span> <span class=\"JLqJ4b ChMk0b\" data-language-for-alternatives=\"sl\" data-language-to-translate-into=\"en\" data-phrase-index=\"6\">Preprosta ro\u010dna krmilna enota<\/span><\/span><span class=\"VIiyi\" lang=\"sl\"><span class=\"JLqJ4b ChMk0b\" data-language-for-alternatives=\"sl\" data-language-to-translate-into=\"en\" data-phrase-index=\"6\"> z velikimi in vidnimi ikonami izbolj\u0161a va\u0161e vozne izku\u0161nje.<\/span> <span class=\"JLqJ4b ChMk0b\" data-language-for-alternatives=\"sl\" data-language-to-translate-into=\"en\" data-phrase-index=\"7\">Kazalniki ter sprednje in zadnje lu\u010di so v LED razli\u010dici, ki vam omogo\u010da dovolj svetlosti, ko je tema.<\/span> <span class=\"JLqJ4b ChMk0b\" data-language-for-alternatives=\"sl\" data-language-to-translate-into=\"en\" data-phrase-index=\"8\">Dodatno va\u0161o varnost prispeva tudi prednji odbija\u010d.<\/span> <span class=\"JLqJ4b ChMk0b\" data-language-for-alternatives=\"sl\" data-language-to-translate-into=\"en\" data-phrase-index=\"9\">Ceres S.E.<\/span> <span class=\"JLqJ4b ChMk0b\" data-language-for-alternatives=\"sl\" data-language-to-translate-into=\"en\" data-phrase-index=\"10\">je na voljo v razli\u010dici 10 km \/ h in 15 km \/ h.<\/span><\/span><\/p>\n<h3><span style=\"color: #ff0000\"><strong>Mo\u017eno dobiti na naro\u010dilnico (0559)<\/strong><\/span><\/h3>\n<p><strong><a href=\"https:\/\/www.mivam.com\/wp-content\/uploads\/2021\/03\/ceres_se_leaflet_-_uk-slovenscina.pdf\">Bro\u0161ura &#8211; CERES SE<\/a><\/strong><\/p>\n<h3><\/h3>\n<p><strong>HITROST<\/strong><\/p>\n<p><a href=\"https:\/\/www.mivam.com\/wp-content\/uploads\/2021\/03\/ceres-se-hitrost.jpg\"><img decoding=\"async\" class=\"size-full wp-image-2753 alignleft\" src=\"https:\/\/www.mivam.com\/wp-content\/uploads\/2021\/03\/ceres-se-hitrost.jpg\" alt=\"\" width=\"364\" height=\"184\" srcset=\"https:\/\/www.mivam.com\/wp-content\/uploads\/2021\/03\/ceres-se-hitrost.jpg 364w, https:\/\/www.mivam.com\/wp-content\/uploads\/2021\/03\/ceres-se-hitrost-300x152.jpg 300w\" sizes=\"(max-width: 364px) 100vw, 364px\" \/><\/a><\/p>\n<p>&nbsp;<\/p>\n<p>&nbsp;<\/p>\n<p>&nbsp;<\/p>\n<p>&nbsp;<\/p>\n<p>&nbsp;<\/p>\n<p>&nbsp;<\/p>\n<p><strong>Tehni\u010dne lastnosti<\/strong><\/p>\n<p><a href=\"https:\/\/www.mivam.com\/wp-content\/uploads\/2021\/03\/ceres-se.jpg\"><img decoding=\"async\" class=\"aligncenter size-full wp-image-2752\" src=\"https:\/\/www.mivam.com\/wp-content\/uploads\/2021\/03\/ceres-se.jpg\" alt=\"\" width=\"1277\" height=\"457\" srcset=\"https:\/\/www.mivam.com\/wp-content\/uploads\/2021\/03\/ceres-se.jpg 1277w, https:\/\/www.mivam.com\/wp-content\/uploads\/2021\/03\/ceres-se-600x215.jpg 600w, https:\/\/www.mivam.com\/wp-content\/uploads\/2021\/03\/ceres-se-300x107.jpg 300w, https:\/\/www.mivam.com\/wp-content\/uploads\/2021\/03\/ceres-se-768x275.jpg 768w, https:\/\/www.mivam.com\/wp-content\/uploads\/2021\/03\/ceres-se-1024x366.jpg 1024w\" sizes=\"(max-width: 1277px) 100vw, 1277px\" \/><\/a><\/p>\n<p><strong>Barva sede\u017ea:<\/strong><\/p>\n<p><img decoding=\"async\" class=\"size-full wp-image-2465 alignleft\" src=\"https:\/\/www.mivam.com\/wp-content\/uploads\/2021\/03\/venus-4-sport-platno-8.png\" alt=\"\" width=\"92\" height=\"85\" \/><\/p>\n<p>&nbsp;<\/p>\n<p>&nbsp;<\/p>\n<p>&nbsp;<\/p>\n<p><strong>Barva okvirja:<\/strong><\/p>\n<p><strong><img decoding=\"async\" class=\"size-full wp-image-2331 alignleft\" src=\"https:\/\/www.mivam.com\/wp-content\/uploads\/2021\/03\/screenshot_2021-03-11-eris-vermeiren-international16.png\" alt=\"\" width=\"96\" height=\"63\" \/><\/strong><\/p>\n<p>&nbsp;<\/p>\n<p>&nbsp;<\/p>\n","protected":false},"excerpt":{"rendered":"<p><span class=\"VIiyi\" lang=\"sl\"><span class=\"JLqJ4b ChMk0b\" data-language-for-alternatives=\"sl\" data-language-to-translate-into=\"en\" data-phrase-index=\"4\">Ceres S.E.<\/span> <span class=\"JLqJ4b ChMk0b\" data-language-for-alternatives=\"sl\" data-language-to-translate-into=\"en\" data-phrase-index=\"5\">zdru\u017euje dizajn in kakovost. Klasi\u010dni skuter za vsakodnevno uporabo, kjer ga mo\u017eno prejeti na naro\u010dilnico 0559 znotraj cenovnega standarda.<\/span><\/span><\/p>\n","protected":false},"featured_media":2421,"comment_status":"closed","ping_status":"closed","template":"","meta":[],"product_brand":[],"product_cat":[222,75],"product_tag":[121,116,117,115,114,112,111],"class_list":{"0":"post-2366","1":"product","2":"type-product","3":"status-publish","4":"has-post-thumbnail","6":"product_cat-invalidski-vozicki-in-skuterji","7":"product_cat-skuterji","8":"product_tag-ceres-se","9":"product_tag-elektricni","10":"product_tag-elektromotorni","11":"product_tag-skuter","12":"product_tag-stirikolesni","13":"product_tag-stirikolesni-skuter","14":"product_tag-vermeiren","16":"first","17":"onbackorder","18":"taxable","19":"shipping-taxable","20":"purchasable","21":"product-type-simple"},"yoast_head":"<!-- This site is optimized with the Yoast SEO plugin v24.0 - https:\/\/yoast.com\/wordpress\/plugins\/seo\/ -->\n<title>Vermeiren \u0161tirikolesni skuter Ceres SE - Mi Vam<\/title>\n<meta name=\"description\" content=\"Ceres S.E. zdru\u017euje dizajn in kakovost. Klasi\u010dni skuter za vsakodnevno uporabo, kjer ga mo\u017eno prejeti na naro\u010dilnico 0559 znotraj cenovnega standarda.\" \/>\n<meta name=\"robots\" content=\"index, follow, max-snippet:-1, max-image-preview:large, max-video-preview:-1\" \/>\n<link rel=\"canonical\" href=\"https:\/\/www.mivam.com\/izdelek\/vermeiren-stirikolesni-skuter-ceres-se\/\" \/>\n<meta property=\"og:locale\" content=\"en_US\" \/>\n<meta property=\"og:type\" content=\"article\" \/>\n<meta property=\"og:title\" content=\"Vermeiren \u0161tirikolesni skuter Ceres SE - Mi Vam\" \/>\n<meta property=\"og:description\" content=\"Ceres S.E. zdru\u017euje dizajn in kakovost. Klasi\u010dni skuter za vsakodnevno uporabo, kjer ga mo\u017eno prejeti na naro\u010dilnico 0559 znotraj cenovnega standarda.\" \/>\n<meta property=\"og:url\" content=\"https:\/\/www.mivam.com\/izdelek\/vermeiren-stirikolesni-skuter-ceres-se\/\" \/>\n<meta property=\"og:site_name\" content=\"Mi Vam\" \/>\n<meta property=\"article:modified_time\" content=\"2025-06-19T04:09:00+00:00\" \/>\n<meta property=\"og:image\" content=\"https:\/\/www.mivam.com\/wp-content\/uploads\/2021\/03\/ceres-se-10.jpg\" \/>\n\t<meta property=\"og:image:width\" content=\"620\" \/>\n\t<meta property=\"og:image:height\" content=\"488\" \/>\n\t<meta property=\"og:image:type\" content=\"image\/jpeg\" \/>\n<meta name=\"twitter:card\" content=\"summary_large_image\" \/>\n<meta name=\"twitter:label1\" content=\"Est. reading time\" \/>\n\t<meta name=\"twitter:data1\" content=\"2 minutes\" \/>\n<script type=\"application\/ld+json\" class=\"yoast-schema-graph\">{\"@context\":\"https:\/\/schema.org\",\"@graph\":[{\"@type\":\"WebPage\",\"@id\":\"https:\/\/www.mivam.com\/izdelek\/vermeiren-stirikolesni-skuter-ceres-se\/\",\"url\":\"https:\/\/www.mivam.com\/izdelek\/vermeiren-stirikolesni-skuter-ceres-se\/\",\"name\":\"Vermeiren \u0161tirikolesni skuter Ceres SE - Mi Vam\",\"isPartOf\":{\"@id\":\"https:\/\/www.mivam.com\/#website\"},\"primaryImageOfPage\":{\"@id\":\"https:\/\/www.mivam.com\/izdelek\/vermeiren-stirikolesni-skuter-ceres-se\/#primaryimage\"},\"image\":{\"@id\":\"https:\/\/www.mivam.com\/izdelek\/vermeiren-stirikolesni-skuter-ceres-se\/#primaryimage\"},\"thumbnailUrl\":\"https:\/\/www.mivam.com\/wp-content\/uploads\/2021\/03\/ceres-se-10.jpg\",\"datePublished\":\"2021-03-21T18:34:12+00:00\",\"dateModified\":\"2025-06-19T04:09:00+00:00\",\"description\":\"Ceres S.E. zdru\u017euje dizajn in kakovost. Klasi\u010dni skuter za vsakodnevno uporabo, kjer ga mo\u017eno prejeti na naro\u010dilnico 0559 znotraj cenovnega standarda.\",\"breadcrumb\":{\"@id\":\"https:\/\/www.mivam.com\/izdelek\/vermeiren-stirikolesni-skuter-ceres-se\/#breadcrumb\"},\"inLanguage\":\"en-US\",\"potentialAction\":[{\"@type\":\"ReadAction\",\"target\":[\"https:\/\/www.mivam.com\/izdelek\/vermeiren-stirikolesni-skuter-ceres-se\/\"]}]},{\"@type\":\"ImageObject\",\"inLanguage\":\"en-US\",\"@id\":\"https:\/\/www.mivam.com\/izdelek\/vermeiren-stirikolesni-skuter-ceres-se\/#primaryimage\",\"url\":\"https:\/\/www.mivam.com\/wp-content\/uploads\/2021\/03\/ceres-se-10.jpg\",\"contentUrl\":\"https:\/\/www.mivam.com\/wp-content\/uploads\/2021\/03\/ceres-se-10.jpg\",\"width\":620,\"height\":488},{\"@type\":\"BreadcrumbList\",\"@id\":\"https:\/\/www.mivam.com\/izdelek\/vermeiren-stirikolesni-skuter-ceres-se\/#breadcrumb\",\"itemListElement\":[{\"@type\":\"ListItem\",\"position\":1,\"name\":\"Domov\",\"item\":\"https:\/\/www.mivam.com\/\"},{\"@type\":\"ListItem\",\"position\":2,\"name\":\"Shop\",\"item\":\"https:\/\/www.mivam.com\/en\/shop\/\"},{\"@type\":\"ListItem\",\"position\":3,\"name\":\"Invalidski vozi\u010dki in skuterji\",\"item\":\"https:\/\/www.mivam.com\/kategorija-izdelka\/invalidski-vozicki-in-skuterji\/\"},{\"@type\":\"ListItem\",\"position\":4,\"name\":\"Skuterji\",\"item\":\"https:\/\/www.mivam.com\/kategorija-izdelka\/invalidski-vozicki-in-skuterji\/skuterji\/\"},{\"@type\":\"ListItem\",\"position\":5,\"name\":\"Vermeiren \u0161tirikolesni skuter Ceres SE\"}]},{\"@type\":\"WebSite\",\"@id\":\"https:\/\/www.mivam.com\/#website\",\"url\":\"https:\/\/www.mivam.com\/\",\"name\":\"Mi Vam\",\"description\":\"Medicinski pripomo\u010dki in re\u0161itve za manj odvisno \u017eivljenje.\",\"potentialAction\":[{\"@type\":\"SearchAction\",\"target\":{\"@type\":\"EntryPoint\",\"urlTemplate\":\"https:\/\/www.mivam.com\/?s={search_term_string}\"},\"query-input\":{\"@type\":\"PropertyValueSpecification\",\"valueRequired\":true,\"valueName\":\"search_term_string\"}}],\"inLanguage\":\"en-US\"}]}<\/script>\n<!-- \/ Yoast SEO plugin. -->","yoast_head_json":{"title":"Vermeiren \u0161tirikolesni skuter Ceres SE - Mi Vam","description":"Ceres S.E. zdru\u017euje dizajn in kakovost. Klasi\u010dni skuter za vsakodnevno uporabo, kjer ga mo\u017eno prejeti na naro\u010dilnico 0559 znotraj cenovnega standarda.","robots":{"index":"index","follow":"follow","max-snippet":"max-snippet:-1","max-image-preview":"max-image-preview:large","max-video-preview":"max-video-preview:-1"},"canonical":"https:\/\/www.mivam.com\/izdelek\/vermeiren-stirikolesni-skuter-ceres-se\/","og_locale":"en_US","og_type":"article","og_title":"Vermeiren \u0161tirikolesni skuter Ceres SE - Mi Vam","og_description":"Ceres S.E. zdru\u017euje dizajn in kakovost. Klasi\u010dni skuter za vsakodnevno uporabo, kjer ga mo\u017eno prejeti na naro\u010dilnico 0559 znotraj cenovnega standarda.","og_url":"https:\/\/www.mivam.com\/izdelek\/vermeiren-stirikolesni-skuter-ceres-se\/","og_site_name":"Mi Vam","article_modified_time":"2025-06-19T04:09:00+00:00","og_image":[{"width":620,"height":488,"url":"https:\/\/www.mivam.com\/wp-content\/uploads\/2021\/03\/ceres-se-10.jpg","type":"image\/jpeg"}],"twitter_card":"summary_large_image","twitter_misc":{"Est. reading time":"2 minutes"},"schema":{"@context":"https:\/\/schema.org","@graph":[{"@type":"WebPage","@id":"https:\/\/www.mivam.com\/izdelek\/vermeiren-stirikolesni-skuter-ceres-se\/","url":"https:\/\/www.mivam.com\/izdelek\/vermeiren-stirikolesni-skuter-ceres-se\/","name":"Vermeiren \u0161tirikolesni skuter Ceres SE - Mi Vam","isPartOf":{"@id":"https:\/\/www.mivam.com\/#website"},"primaryImageOfPage":{"@id":"https:\/\/www.mivam.com\/izdelek\/vermeiren-stirikolesni-skuter-ceres-se\/#primaryimage"},"image":{"@id":"https:\/\/www.mivam.com\/izdelek\/vermeiren-stirikolesni-skuter-ceres-se\/#primaryimage"},"thumbnailUrl":"https:\/\/www.mivam.com\/wp-content\/uploads\/2021\/03\/ceres-se-10.jpg","datePublished":"2021-03-21T18:34:12+00:00","dateModified":"2025-06-19T04:09:00+00:00","description":"Ceres S.E. zdru\u017euje dizajn in kakovost. Klasi\u010dni skuter za vsakodnevno uporabo, kjer ga mo\u017eno prejeti na naro\u010dilnico 0559 znotraj cenovnega standarda.","breadcrumb":{"@id":"https:\/\/www.mivam.com\/izdelek\/vermeiren-stirikolesni-skuter-ceres-se\/#breadcrumb"},"inLanguage":"en-US","potentialAction":[{"@type":"ReadAction","target":["https:\/\/www.mivam.com\/izdelek\/vermeiren-stirikolesni-skuter-ceres-se\/"]}]},{"@type":"ImageObject","inLanguage":"en-US","@id":"https:\/\/www.mivam.com\/izdelek\/vermeiren-stirikolesni-skuter-ceres-se\/#primaryimage","url":"https:\/\/www.mivam.com\/wp-content\/uploads\/2021\/03\/ceres-se-10.jpg","contentUrl":"https:\/\/www.mivam.com\/wp-content\/uploads\/2021\/03\/ceres-se-10.jpg","width":620,"height":488},{"@type":"BreadcrumbList","@id":"https:\/\/www.mivam.com\/izdelek\/vermeiren-stirikolesni-skuter-ceres-se\/#breadcrumb","itemListElement":[{"@type":"ListItem","position":1,"name":"Domov","item":"https:\/\/www.mivam.com\/"},{"@type":"ListItem","position":2,"name":"Shop","item":"https:\/\/www.mivam.com\/en\/shop\/"},{"@type":"ListItem","position":3,"name":"Invalidski vozi\u010dki in skuterji","item":"https:\/\/www.mivam.com\/kategorija-izdelka\/invalidski-vozicki-in-skuterji\/"},{"@type":"ListItem","position":4,"name":"Skuterji","item":"https:\/\/www.mivam.com\/kategorija-izdelka\/invalidski-vozicki-in-skuterji\/skuterji\/"},{"@type":"ListItem","position":5,"name":"Vermeiren \u0161tirikolesni skuter Ceres SE"}]},{"@type":"WebSite","@id":"https:\/\/www.mivam.com\/#website","url":"https:\/\/www.mivam.com\/","name":"Mi Vam","description":"Medicinski pripomo\u010dki in re\u0161itve za manj odvisno \u017eivljenje.","potentialAction":[{"@type":"SearchAction","target":{"@type":"EntryPoint","urlTemplate":"https:\/\/www.mivam.com\/?s={search_term_string}"},"query-input":{"@type":"PropertyValueSpecification","valueRequired":true,"valueName":"search_term_string"}}],"inLanguage":"en-US"}]}},"_links":{"self":[{"href":"https:\/\/www.mivam.com\/en\/wp-json\/wp\/v2\/product\/2366","targetHints":{"allow":["GET"]}}],"collection":[{"href":"https:\/\/www.mivam.com\/en\/wp-json\/wp\/v2\/product"}],"about":[{"href":"https:\/\/www.mivam.com\/en\/wp-json\/wp\/v2\/types\/product"}],"replies":[{"embeddable":true,"href":"https:\/\/www.mivam.com\/en\/wp-json\/wp\/v2\/comments?post=2366"}],"wp:featuredmedia":[{"embeddable":true,"href":"https:\/\/www.mivam.com\/en\/wp-json\/wp\/v2\/media\/2421"}],"wp:attachment":[{"href":"https:\/\/www.mivam.com\/en\/wp-json\/wp\/v2\/media?parent=2366"}],"wp:term":[{"taxonomy":"product_brand","embeddable":true,"href":"https:\/\/www.mivam.com\/en\/wp-json\/wp\/v2\/product_brand?post=2366"},{"taxonomy":"product_cat","embeddable":true,"href":"https:\/\/www.mivam.com\/en\/wp-json\/wp\/v2\/product_cat?post=2366"},{"taxonomy":"product_tag","embeddable":true,"href":"https:\/\/www.mivam.com\/en\/wp-json\/wp\/v2\/product_tag?post=2366"}],"curies":[{"name":"wp","href":"https:\/\/api.w.org\/{rel}","templated":true}]}}