{"id":2344,"date":"2021-03-18T21:35:43","date_gmt":"2021-03-18T20:35:43","guid":{"rendered":"https:\/\/www.mivam.com\/?post_type=product&#038;p=2344"},"modified":"2025-06-19T06:09:23","modified_gmt":"2025-06-19T04:09:23","slug":"vermeiren-stirikolesni-skuter-alya","status":"publish","type":"product","link":"https:\/\/www.mivam.com\/en\/izdelek\/vermeiren-stirikolesni-skuter-alya\/","title":{"rendered":"Vermeiren \u0161tirikolesni skuter Alya"},"content":{"rendered":"<p><span class=\"VIiyi\" lang=\"sl\"><span class=\"JLqJ4b ChMk0b\" data-language-for-alternatives=\"sl\" data-language-to-translate-into=\"en\" data-phrase-index=\"4\">Alya je zelo kompakten in zlo\u017eljiv skuter.<\/span> <span class=\"JLqJ4b ChMk0b\" data-language-for-alternatives=\"sl\" data-language-to-translate-into=\"en\" data-phrase-index=\"5\">Zaradi majhnosti je Alya enostavna za manevriranje.<\/span> <span class=\"JLqJ4b ChMk0b\" data-language-for-alternatives=\"sl\" data-language-to-translate-into=\"en\" data-phrase-index=\"6\">S svojim velikim dometom vo\u017enje se z Alyo po\u010dutite prijetno tako v zaprtih prostorih kot zunaj.<\/span> <span class=\"JLqJ4b ChMk0b\" data-language-for-alternatives=\"sl\" data-language-to-translate-into=\"en\" data-phrase-index=\"7\">Alya je enostaven za uporabo.<\/span> <span class=\"JLqJ4b ChMk0b\" data-language-for-alternatives=\"sl\" data-language-to-translate-into=\"en\" data-phrase-index=\"8\">Srebrna razli\u010dica Alya ima ve\u010djo baterijo 17,4 Ah v primerjavi z Alya v rde\u010di barvi (11,6 Ah).<\/span><\/span><\/p>\n<p><strong><a href=\"https:\/\/www.mivam.com\/wp-content\/uploads\/2021\/03\/alya_lealeft_-_uk_-_slovenscina.pdf\">Bro\u0161ura &#8211; ALYA<\/a><\/strong><\/p>\n<p><strong>Lastnosti<\/strong><\/p>\n<p>&nbsp;<\/p>\n<p><img decoding=\"async\" class=\"aligncenter size-full wp-image-2497\" src=\"https:\/\/www.mivam.com\/wp-content\/uploads\/2021\/03\/alya.jpg\" alt=\"\" width=\"1210\" height=\"402\" srcset=\"https:\/\/www.mivam.com\/wp-content\/uploads\/2021\/03\/alya.jpg 1210w, https:\/\/www.mivam.com\/wp-content\/uploads\/2021\/03\/alya-600x199.jpg 600w, https:\/\/www.mivam.com\/wp-content\/uploads\/2021\/03\/alya-300x100.jpg 300w, https:\/\/www.mivam.com\/wp-content\/uploads\/2021\/03\/alya-768x255.jpg 768w, https:\/\/www.mivam.com\/wp-content\/uploads\/2021\/03\/alya-1024x340.jpg 1024w\" sizes=\"(max-width: 1210px) 100vw, 1210px\" \/><\/p>\n<p>&nbsp;<\/p>\n<p><strong>Barva sede\u017ea:<\/strong><\/p>\n<p><img decoding=\"async\" class=\"size-full wp-image-2465 alignleft\" src=\"https:\/\/www.mivam.com\/wp-content\/uploads\/2021\/03\/venus-4-sport-platno-8.png\" alt=\"\" width=\"92\" height=\"85\" \/><\/p>\n<p>&nbsp;<\/p>\n<p>&nbsp;<\/p>\n<p>&nbsp;<\/p>\n<p><strong>Barva okvirja:<\/strong><\/p>\n<p><img decoding=\"async\" class=\"size-full wp-image-2331 alignleft\" src=\"https:\/\/www.mivam.com\/wp-content\/uploads\/2021\/03\/screenshot_2021-03-11-eris-vermeiren-international16.png\" alt=\"\" width=\"96\" height=\"63\" \/><\/p>\n","protected":false},"excerpt":{"rendered":"<p>Izdelek na \u017ealost ni ve\u010d na voljo. Na voljo so \u0161e naprej servis in vzdr\u017eevanje pripomo\u010dka na sede\u017eu na\u0161ega podjetja.<\/p>\n","protected":false},"featured_media":2455,"comment_status":"closed","ping_status":"closed","template":"","meta":[],"product_brand":[],"product_cat":[222,75],"product_tag":[120,116,117,115,114,112,111],"class_list":{"0":"post-2344","1":"product","2":"type-product","3":"status-publish","4":"has-post-thumbnail","6":"product_cat-invalidski-vozicki-in-skuterji","7":"product_cat-skuterji","8":"product_tag-alya","9":"product_tag-elektricni","10":"product_tag-elektromotorni","11":"product_tag-skuter","12":"product_tag-stirikolesni","13":"product_tag-stirikolesni-skuter","14":"product_tag-vermeiren","16":"first","17":"outofstock","18":"taxable","19":"shipping-taxable","20":"product-type-simple"},"yoast_head":"<!-- This site is optimized with the Yoast SEO plugin v24.0 - https:\/\/yoast.com\/wordpress\/plugins\/seo\/ -->\n<title>Vermeiren \u0161tirikolesni skuter Alya - Mi Vam<\/title>\n<meta name=\"description\" content=\"Izdelek na \u017ealost ni ve\u010d na voljo. Na voljo so \u0161e naprej servis in vzdr\u017eevanje pripomo\u010dka na sede\u017eu na\u0161ega podjetja.\" \/>\n<meta name=\"robots\" content=\"index, follow, max-snippet:-1, max-image-preview:large, max-video-preview:-1\" \/>\n<link rel=\"canonical\" href=\"https:\/\/www.mivam.com\/izdelek\/vermeiren-stirikolesni-skuter-alya\/\" \/>\n<meta property=\"og:locale\" content=\"en_US\" \/>\n<meta property=\"og:type\" content=\"article\" \/>\n<meta property=\"og:title\" content=\"Vermeiren \u0161tirikolesni skuter Alya - Mi Vam\" \/>\n<meta property=\"og:description\" content=\"Izdelek na \u017ealost ni ve\u010d na voljo. Na voljo so \u0161e naprej servis in vzdr\u017eevanje pripomo\u010dka na sede\u017eu na\u0161ega podjetja.\" \/>\n<meta property=\"og:url\" content=\"https:\/\/www.mivam.com\/izdelek\/vermeiren-stirikolesni-skuter-alya\/\" \/>\n<meta property=\"og:site_name\" content=\"Mi Vam\" \/>\n<meta property=\"article:modified_time\" content=\"2025-06-19T04:09:23+00:00\" \/>\n<meta property=\"og:image\" content=\"https:\/\/www.mivam.com\/wp-content\/uploads\/2021\/03\/alya13-1.jpg\" \/>\n\t<meta property=\"og:image:width\" content=\"716\" \/>\n\t<meta property=\"og:image:height\" content=\"548\" \/>\n\t<meta property=\"og:image:type\" content=\"image\/jpeg\" \/>\n<meta name=\"twitter:card\" content=\"summary_large_image\" \/>\n<meta name=\"twitter:label1\" content=\"Est. reading time\" \/>\n\t<meta name=\"twitter:data1\" content=\"2 minutes\" \/>\n<script type=\"application\/ld+json\" class=\"yoast-schema-graph\">{\"@context\":\"https:\/\/schema.org\",\"@graph\":[{\"@type\":\"WebPage\",\"@id\":\"https:\/\/www.mivam.com\/izdelek\/vermeiren-stirikolesni-skuter-alya\/\",\"url\":\"https:\/\/www.mivam.com\/izdelek\/vermeiren-stirikolesni-skuter-alya\/\",\"name\":\"Vermeiren \u0161tirikolesni skuter Alya - Mi Vam\",\"isPartOf\":{\"@id\":\"https:\/\/www.mivam.com\/#website\"},\"primaryImageOfPage\":{\"@id\":\"https:\/\/www.mivam.com\/izdelek\/vermeiren-stirikolesni-skuter-alya\/#primaryimage\"},\"image\":{\"@id\":\"https:\/\/www.mivam.com\/izdelek\/vermeiren-stirikolesni-skuter-alya\/#primaryimage\"},\"thumbnailUrl\":\"https:\/\/www.mivam.com\/wp-content\/uploads\/2021\/03\/alya13-1.jpg\",\"datePublished\":\"2021-03-18T20:35:43+00:00\",\"dateModified\":\"2025-06-19T04:09:23+00:00\",\"description\":\"Izdelek na \u017ealost ni ve\u010d na voljo. Na voljo so \u0161e naprej servis in vzdr\u017eevanje pripomo\u010dka na sede\u017eu na\u0161ega podjetja.\",\"breadcrumb\":{\"@id\":\"https:\/\/www.mivam.com\/izdelek\/vermeiren-stirikolesni-skuter-alya\/#breadcrumb\"},\"inLanguage\":\"en-US\",\"potentialAction\":[{\"@type\":\"ReadAction\",\"target\":[\"https:\/\/www.mivam.com\/izdelek\/vermeiren-stirikolesni-skuter-alya\/\"]}]},{\"@type\":\"ImageObject\",\"inLanguage\":\"en-US\",\"@id\":\"https:\/\/www.mivam.com\/izdelek\/vermeiren-stirikolesni-skuter-alya\/#primaryimage\",\"url\":\"https:\/\/www.mivam.com\/wp-content\/uploads\/2021\/03\/alya13-1.jpg\",\"contentUrl\":\"https:\/\/www.mivam.com\/wp-content\/uploads\/2021\/03\/alya13-1.jpg\",\"width\":716,\"height\":548},{\"@type\":\"BreadcrumbList\",\"@id\":\"https:\/\/www.mivam.com\/izdelek\/vermeiren-stirikolesni-skuter-alya\/#breadcrumb\",\"itemListElement\":[{\"@type\":\"ListItem\",\"position\":1,\"name\":\"Domov\",\"item\":\"https:\/\/www.mivam.com\/\"},{\"@type\":\"ListItem\",\"position\":2,\"name\":\"Shop\",\"item\":\"https:\/\/www.mivam.com\/en\/shop\/\"},{\"@type\":\"ListItem\",\"position\":3,\"name\":\"Invalidski vozi\u010dki in skuterji\",\"item\":\"https:\/\/www.mivam.com\/kategorija-izdelka\/invalidski-vozicki-in-skuterji\/\"},{\"@type\":\"ListItem\",\"position\":4,\"name\":\"Skuterji\",\"item\":\"https:\/\/www.mivam.com\/kategorija-izdelka\/invalidski-vozicki-in-skuterji\/skuterji\/\"},{\"@type\":\"ListItem\",\"position\":5,\"name\":\"Vermeiren \u0161tirikolesni skuter Alya\"}]},{\"@type\":\"WebSite\",\"@id\":\"https:\/\/www.mivam.com\/#website\",\"url\":\"https:\/\/www.mivam.com\/\",\"name\":\"Mi Vam\",\"description\":\"Medicinski pripomo\u010dki in re\u0161itve za manj odvisno \u017eivljenje.\",\"potentialAction\":[{\"@type\":\"SearchAction\",\"target\":{\"@type\":\"EntryPoint\",\"urlTemplate\":\"https:\/\/www.mivam.com\/?s={search_term_string}\"},\"query-input\":{\"@type\":\"PropertyValueSpecification\",\"valueRequired\":true,\"valueName\":\"search_term_string\"}}],\"inLanguage\":\"en-US\"}]}<\/script>\n<!-- \/ Yoast SEO plugin. -->","yoast_head_json":{"title":"Vermeiren \u0161tirikolesni skuter Alya - Mi Vam","description":"Izdelek na \u017ealost ni ve\u010d na voljo. Na voljo so \u0161e naprej servis in vzdr\u017eevanje pripomo\u010dka na sede\u017eu na\u0161ega podjetja.","robots":{"index":"index","follow":"follow","max-snippet":"max-snippet:-1","max-image-preview":"max-image-preview:large","max-video-preview":"max-video-preview:-1"},"canonical":"https:\/\/www.mivam.com\/izdelek\/vermeiren-stirikolesni-skuter-alya\/","og_locale":"en_US","og_type":"article","og_title":"Vermeiren \u0161tirikolesni skuter Alya - Mi Vam","og_description":"Izdelek na \u017ealost ni ve\u010d na voljo. Na voljo so \u0161e naprej servis in vzdr\u017eevanje pripomo\u010dka na sede\u017eu na\u0161ega podjetja.","og_url":"https:\/\/www.mivam.com\/izdelek\/vermeiren-stirikolesni-skuter-alya\/","og_site_name":"Mi Vam","article_modified_time":"2025-06-19T04:09:23+00:00","og_image":[{"width":716,"height":548,"url":"https:\/\/www.mivam.com\/wp-content\/uploads\/2021\/03\/alya13-1.jpg","type":"image\/jpeg"}],"twitter_card":"summary_large_image","twitter_misc":{"Est. reading time":"2 minutes"},"schema":{"@context":"https:\/\/schema.org","@graph":[{"@type":"WebPage","@id":"https:\/\/www.mivam.com\/izdelek\/vermeiren-stirikolesni-skuter-alya\/","url":"https:\/\/www.mivam.com\/izdelek\/vermeiren-stirikolesni-skuter-alya\/","name":"Vermeiren \u0161tirikolesni skuter Alya - Mi Vam","isPartOf":{"@id":"https:\/\/www.mivam.com\/#website"},"primaryImageOfPage":{"@id":"https:\/\/www.mivam.com\/izdelek\/vermeiren-stirikolesni-skuter-alya\/#primaryimage"},"image":{"@id":"https:\/\/www.mivam.com\/izdelek\/vermeiren-stirikolesni-skuter-alya\/#primaryimage"},"thumbnailUrl":"https:\/\/www.mivam.com\/wp-content\/uploads\/2021\/03\/alya13-1.jpg","datePublished":"2021-03-18T20:35:43+00:00","dateModified":"2025-06-19T04:09:23+00:00","description":"Izdelek na \u017ealost ni ve\u010d na voljo. Na voljo so \u0161e naprej servis in vzdr\u017eevanje pripomo\u010dka na sede\u017eu na\u0161ega podjetja.","breadcrumb":{"@id":"https:\/\/www.mivam.com\/izdelek\/vermeiren-stirikolesni-skuter-alya\/#breadcrumb"},"inLanguage":"en-US","potentialAction":[{"@type":"ReadAction","target":["https:\/\/www.mivam.com\/izdelek\/vermeiren-stirikolesni-skuter-alya\/"]}]},{"@type":"ImageObject","inLanguage":"en-US","@id":"https:\/\/www.mivam.com\/izdelek\/vermeiren-stirikolesni-skuter-alya\/#primaryimage","url":"https:\/\/www.mivam.com\/wp-content\/uploads\/2021\/03\/alya13-1.jpg","contentUrl":"https:\/\/www.mivam.com\/wp-content\/uploads\/2021\/03\/alya13-1.jpg","width":716,"height":548},{"@type":"BreadcrumbList","@id":"https:\/\/www.mivam.com\/izdelek\/vermeiren-stirikolesni-skuter-alya\/#breadcrumb","itemListElement":[{"@type":"ListItem","position":1,"name":"Domov","item":"https:\/\/www.mivam.com\/"},{"@type":"ListItem","position":2,"name":"Shop","item":"https:\/\/www.mivam.com\/en\/shop\/"},{"@type":"ListItem","position":3,"name":"Invalidski vozi\u010dki in skuterji","item":"https:\/\/www.mivam.com\/kategorija-izdelka\/invalidski-vozicki-in-skuterji\/"},{"@type":"ListItem","position":4,"name":"Skuterji","item":"https:\/\/www.mivam.com\/kategorija-izdelka\/invalidski-vozicki-in-skuterji\/skuterji\/"},{"@type":"ListItem","position":5,"name":"Vermeiren \u0161tirikolesni skuter Alya"}]},{"@type":"WebSite","@id":"https:\/\/www.mivam.com\/#website","url":"https:\/\/www.mivam.com\/","name":"Mi Vam","description":"Medicinski pripomo\u010dki in re\u0161itve za manj odvisno \u017eivljenje.","potentialAction":[{"@type":"SearchAction","target":{"@type":"EntryPoint","urlTemplate":"https:\/\/www.mivam.com\/?s={search_term_string}"},"query-input":{"@type":"PropertyValueSpecification","valueRequired":true,"valueName":"search_term_string"}}],"inLanguage":"en-US"}]}},"_links":{"self":[{"href":"https:\/\/www.mivam.com\/en\/wp-json\/wp\/v2\/product\/2344","targetHints":{"allow":["GET"]}}],"collection":[{"href":"https:\/\/www.mivam.com\/en\/wp-json\/wp\/v2\/product"}],"about":[{"href":"https:\/\/www.mivam.com\/en\/wp-json\/wp\/v2\/types\/product"}],"replies":[{"embeddable":true,"href":"https:\/\/www.mivam.com\/en\/wp-json\/wp\/v2\/comments?post=2344"}],"wp:featuredmedia":[{"embeddable":true,"href":"https:\/\/www.mivam.com\/en\/wp-json\/wp\/v2\/media\/2455"}],"wp:attachment":[{"href":"https:\/\/www.mivam.com\/en\/wp-json\/wp\/v2\/media?parent=2344"}],"wp:term":[{"taxonomy":"product_brand","embeddable":true,"href":"https:\/\/www.mivam.com\/en\/wp-json\/wp\/v2\/product_brand?post=2344"},{"taxonomy":"product_cat","embeddable":true,"href":"https:\/\/www.mivam.com\/en\/wp-json\/wp\/v2\/product_cat?post=2344"},{"taxonomy":"product_tag","embeddable":true,"href":"https:\/\/www.mivam.com\/en\/wp-json\/wp\/v2\/product_tag?post=2344"}],"curies":[{"name":"wp","href":"https:\/\/api.w.org\/{rel}","templated":true}]}}