{"id":2334,"date":"2021-03-18T19:19:31","date_gmt":"2021-03-18T18:19:31","guid":{"rendered":"https:\/\/www.mivam.com\/?post_type=product&#038;p=2334"},"modified":"2025-06-19T06:09:50","modified_gmt":"2025-06-19T04:09:50","slug":"vermeiren-stirikolesni-skuter-venus-4-sport","status":"publish","type":"product","link":"https:\/\/www.mivam.com\/en\/izdelek\/vermeiren-stirikolesni-skuter-venus-4-sport\/","title":{"rendered":"Vermeiren \u0161tirikolesni skuter Venus 4 Sport"},"content":{"rendered":"<p><span class=\"VIiyi\" lang=\"sl\"><span class=\"JLqJ4b ChMk0b\" data-language-for-alternatives=\"sl\" data-language-to-translate-into=\"en\" data-phrase-index=\"4\">Venus 4 Sport je kompakten 4-kolesni skuter za notranjo in zunanjo uporabo.<\/span> <span class=\"JLqJ4b ChMk0b\" data-language-for-alternatives=\"sl\" data-language-to-translate-into=\"en\" data-phrase-index=\"5\">Udoben in prakti\u010den za vsakodnevno uporabo in ga je mogo\u010de razstaviti na 4 dele brez dodatnih orodij.<\/span> <span class=\"JLqJ4b ChMk0b\" data-language-for-alternatives=\"sl\" data-language-to-translate-into=\"en\" data-phrase-index=\"6\">V kompletu s sprednjo osvetlitvijo, vrtljivim stolom, nastavljivim po vi\u0161ini, in odstranljivo baterijo.<\/span> <span class=\"JLqJ4b ChMk0b\" data-language-for-alternatives=\"sl\" data-language-to-translate-into=\"en\" data-phrase-index=\"7\">Prenovljeno nakupovalno ko\u0161arico iz utrjene plastike lahko lahko uporabljate za nakupovanje<\/span><\/span><\/p>\n<p><strong><a href=\"https:\/\/www.mivam.com\/wp-content\/uploads\/2021\/03\/venus_3_-_4_-_4_sport_uk-slovenscina.pdf\">Bro\u0161ura &#8211; VENUS 3 in 4<\/a><\/strong><\/p>\n<p><strong><a href=\"https:\/\/www.mivam.com\/wp-content\/uploads\/2021\/03\/venus_4_sport_air_-_uk_-_slovenscina.pdf\">Bro\u0161ura &#8211; VENUS 4 AIR (ZRA\u010cNICA)<\/a><\/strong><\/p>\n<p><strong><span class=\"VIiyi\" lang=\"sl\"><span class=\"JLqJ4b ChMk0b\" data-language-for-alternatives=\"sl\" data-language-to-translate-into=\"en\" data-phrase-index=\"7\">Lastnosti<\/span><\/span> <\/strong><\/p>\n<p><img decoding=\"async\" class=\"alignnone size-full wp-image-2464\" src=\"https:\/\/www.mivam.com\/wp-content\/uploads\/2021\/03\/venus-4-sport-7.jpg\" alt=\"\" width=\"620\" height=\"157\" srcset=\"https:\/\/www.mivam.com\/wp-content\/uploads\/2021\/03\/venus-4-sport-7.jpg 620w, https:\/\/www.mivam.com\/wp-content\/uploads\/2021\/03\/venus-4-sport-7-600x152.jpg 600w, https:\/\/www.mivam.com\/wp-content\/uploads\/2021\/03\/venus-4-sport-7-300x76.jpg 300w\" sizes=\"(max-width: 620px) 100vw, 620px\" \/><\/p>\n<p><img decoding=\"async\" class=\"alignnone size-full wp-image-2463\" src=\"https:\/\/www.mivam.com\/wp-content\/uploads\/2021\/03\/venus-4-sport-6.jpg\" alt=\"\" width=\"620\" height=\"128\" srcset=\"https:\/\/www.mivam.com\/wp-content\/uploads\/2021\/03\/venus-4-sport-6.jpg 620w, https:\/\/www.mivam.com\/wp-content\/uploads\/2021\/03\/venus-4-sport-6-600x124.jpg 600w, https:\/\/www.mivam.com\/wp-content\/uploads\/2021\/03\/venus-4-sport-6-300x62.jpg 300w\" sizes=\"(max-width: 620px) 100vw, 620px\" \/><\/p>\n<p>&nbsp;<\/p>\n<p><strong>Barva sede\u017ea:<\/strong><\/p>\n<p><img decoding=\"async\" class=\"alignnone size-full wp-image-2465\" src=\"https:\/\/www.mivam.com\/wp-content\/uploads\/2021\/03\/venus-4-sport-platno-8.png\" alt=\"\" width=\"92\" height=\"85\" \/><\/p>\n<p><strong>Barva okvirja:<\/strong><\/p>\n<p><img decoding=\"async\" class=\"alignnone size-full wp-image-2466\" src=\"https:\/\/www.mivam.com\/wp-content\/uploads\/2021\/03\/venus-4-sport-platno-9.png\" alt=\"\" width=\"80\" height=\"89\" \/><\/p>\n<p>&nbsp;<\/p>\n","protected":false},"excerpt":{"rendered":"<p>Enostavni, lahek, razstavljiv \u0161tirikolesni skuter z mo\u017enostjo enostavnega shranjevanja in transport mobilnega vsakodnevnega skuterja VENUS 4 SPORT. Na voljo z polnimi ali pumpanimi kolesi.<\/p>\n","protected":false},"featured_media":2469,"comment_status":"closed","ping_status":"closed","template":"","meta":[],"product_brand":[],"product_cat":[222,75],"product_tag":[116,117,115,114,112,119,111],"class_list":{"0":"post-2334","1":"product","2":"type-product","3":"status-publish","4":"has-post-thumbnail","6":"product_cat-invalidski-vozicki-in-skuterji","7":"product_cat-skuterji","8":"product_tag-elektricni","9":"product_tag-elektromotorni","10":"product_tag-skuter","11":"product_tag-stirikolesni","12":"product_tag-stirikolesni-skuter","13":"product_tag-venus-4-sport","14":"product_tag-vermeiren","16":"first","17":"onbackorder","18":"taxable","19":"shipping-taxable","20":"product-type-simple"},"yoast_head":"<!-- This site is optimized with the Yoast SEO plugin v24.0 - https:\/\/yoast.com\/wordpress\/plugins\/seo\/ -->\n<title>Vermeiren \u0161tirikolesni skuter Venus 4 Sport - Mi Vam<\/title>\n<meta name=\"description\" content=\"Enostavni, lahek, razstavljiv \u0161tirikolesni skuter z mo\u017enostjo enostavnega shranjevanja in transport mobilnega vsakodnevnega skuterja VENUS 4 SPORT. Na voljo z polnimi ali pumpanimi kolesi.\" \/>\n<meta name=\"robots\" content=\"index, follow, max-snippet:-1, max-image-preview:large, max-video-preview:-1\" \/>\n<link rel=\"canonical\" href=\"https:\/\/www.mivam.com\/izdelek\/vermeiren-stirikolesni-skuter-venus-4-sport\/\" \/>\n<meta property=\"og:locale\" content=\"en_US\" \/>\n<meta property=\"og:type\" content=\"article\" \/>\n<meta property=\"og:title\" content=\"Vermeiren \u0161tirikolesni skuter Venus 4 Sport - Mi Vam\" \/>\n<meta property=\"og:description\" content=\"Enostavni, lahek, razstavljiv \u0161tirikolesni skuter z mo\u017enostjo enostavnega shranjevanja in transport mobilnega vsakodnevnega skuterja VENUS 4 SPORT. Na voljo z polnimi ali pumpanimi kolesi.\" \/>\n<meta property=\"og:url\" content=\"https:\/\/www.mivam.com\/izdelek\/vermeiren-stirikolesni-skuter-venus-4-sport\/\" \/>\n<meta property=\"og:site_name\" content=\"Mi Vam\" \/>\n<meta property=\"article:modified_time\" content=\"2025-06-19T04:09:50+00:00\" \/>\n<meta property=\"og:image\" content=\"https:\/\/www.mivam.com\/wp-content\/uploads\/2021\/03\/venus-4-sport-1-1.jpg\" \/>\n\t<meta property=\"og:image:width\" content=\"620\" \/>\n\t<meta property=\"og:image:height\" content=\"541\" \/>\n\t<meta property=\"og:image:type\" content=\"image\/jpeg\" \/>\n<meta name=\"twitter:card\" content=\"summary_large_image\" \/>\n<meta name=\"twitter:label1\" content=\"Est. reading time\" \/>\n\t<meta name=\"twitter:data1\" content=\"2 minutes\" \/>\n<script type=\"application\/ld+json\" class=\"yoast-schema-graph\">{\"@context\":\"https:\/\/schema.org\",\"@graph\":[{\"@type\":\"WebPage\",\"@id\":\"https:\/\/www.mivam.com\/izdelek\/vermeiren-stirikolesni-skuter-venus-4-sport\/\",\"url\":\"https:\/\/www.mivam.com\/izdelek\/vermeiren-stirikolesni-skuter-venus-4-sport\/\",\"name\":\"Vermeiren \u0161tirikolesni skuter Venus 4 Sport - Mi Vam\",\"isPartOf\":{\"@id\":\"https:\/\/www.mivam.com\/#website\"},\"primaryImageOfPage\":{\"@id\":\"https:\/\/www.mivam.com\/izdelek\/vermeiren-stirikolesni-skuter-venus-4-sport\/#primaryimage\"},\"image\":{\"@id\":\"https:\/\/www.mivam.com\/izdelek\/vermeiren-stirikolesni-skuter-venus-4-sport\/#primaryimage\"},\"thumbnailUrl\":\"https:\/\/www.mivam.com\/wp-content\/uploads\/2021\/03\/venus-4-sport-1-1.jpg\",\"datePublished\":\"2021-03-18T18:19:31+00:00\",\"dateModified\":\"2025-06-19T04:09:50+00:00\",\"description\":\"Enostavni, lahek, razstavljiv \u0161tirikolesni skuter z mo\u017enostjo enostavnega shranjevanja in transport mobilnega vsakodnevnega skuterja VENUS 4 SPORT. Na voljo z polnimi ali pumpanimi kolesi.\",\"breadcrumb\":{\"@id\":\"https:\/\/www.mivam.com\/izdelek\/vermeiren-stirikolesni-skuter-venus-4-sport\/#breadcrumb\"},\"inLanguage\":\"en-US\",\"potentialAction\":[{\"@type\":\"ReadAction\",\"target\":[\"https:\/\/www.mivam.com\/izdelek\/vermeiren-stirikolesni-skuter-venus-4-sport\/\"]}]},{\"@type\":\"ImageObject\",\"inLanguage\":\"en-US\",\"@id\":\"https:\/\/www.mivam.com\/izdelek\/vermeiren-stirikolesni-skuter-venus-4-sport\/#primaryimage\",\"url\":\"https:\/\/www.mivam.com\/wp-content\/uploads\/2021\/03\/venus-4-sport-1-1.jpg\",\"contentUrl\":\"https:\/\/www.mivam.com\/wp-content\/uploads\/2021\/03\/venus-4-sport-1-1.jpg\",\"width\":620,\"height\":541},{\"@type\":\"BreadcrumbList\",\"@id\":\"https:\/\/www.mivam.com\/izdelek\/vermeiren-stirikolesni-skuter-venus-4-sport\/#breadcrumb\",\"itemListElement\":[{\"@type\":\"ListItem\",\"position\":1,\"name\":\"Domov\",\"item\":\"https:\/\/www.mivam.com\/\"},{\"@type\":\"ListItem\",\"position\":2,\"name\":\"Shop\",\"item\":\"https:\/\/www.mivam.com\/en\/shop\/\"},{\"@type\":\"ListItem\",\"position\":3,\"name\":\"Invalidski vozi\u010dki in skuterji\",\"item\":\"https:\/\/www.mivam.com\/kategorija-izdelka\/invalidski-vozicki-in-skuterji\/\"},{\"@type\":\"ListItem\",\"position\":4,\"name\":\"Skuterji\",\"item\":\"https:\/\/www.mivam.com\/kategorija-izdelka\/invalidski-vozicki-in-skuterji\/skuterji\/\"},{\"@type\":\"ListItem\",\"position\":5,\"name\":\"Vermeiren \u0161tirikolesni skuter Venus 4 Sport\"}]},{\"@type\":\"WebSite\",\"@id\":\"https:\/\/www.mivam.com\/#website\",\"url\":\"https:\/\/www.mivam.com\/\",\"name\":\"Mi Vam\",\"description\":\"Medicinski pripomo\u010dki in re\u0161itve za manj odvisno \u017eivljenje.\",\"potentialAction\":[{\"@type\":\"SearchAction\",\"target\":{\"@type\":\"EntryPoint\",\"urlTemplate\":\"https:\/\/www.mivam.com\/?s={search_term_string}\"},\"query-input\":{\"@type\":\"PropertyValueSpecification\",\"valueRequired\":true,\"valueName\":\"search_term_string\"}}],\"inLanguage\":\"en-US\"}]}<\/script>\n<!-- \/ Yoast SEO plugin. -->","yoast_head_json":{"title":"Vermeiren \u0161tirikolesni skuter Venus 4 Sport - Mi Vam","description":"Enostavni, lahek, razstavljiv \u0161tirikolesni skuter z mo\u017enostjo enostavnega shranjevanja in transport mobilnega vsakodnevnega skuterja VENUS 4 SPORT. Na voljo z polnimi ali pumpanimi kolesi.","robots":{"index":"index","follow":"follow","max-snippet":"max-snippet:-1","max-image-preview":"max-image-preview:large","max-video-preview":"max-video-preview:-1"},"canonical":"https:\/\/www.mivam.com\/izdelek\/vermeiren-stirikolesni-skuter-venus-4-sport\/","og_locale":"en_US","og_type":"article","og_title":"Vermeiren \u0161tirikolesni skuter Venus 4 Sport - Mi Vam","og_description":"Enostavni, lahek, razstavljiv \u0161tirikolesni skuter z mo\u017enostjo enostavnega shranjevanja in transport mobilnega vsakodnevnega skuterja VENUS 4 SPORT. Na voljo z polnimi ali pumpanimi kolesi.","og_url":"https:\/\/www.mivam.com\/izdelek\/vermeiren-stirikolesni-skuter-venus-4-sport\/","og_site_name":"Mi Vam","article_modified_time":"2025-06-19T04:09:50+00:00","og_image":[{"width":620,"height":541,"url":"https:\/\/www.mivam.com\/wp-content\/uploads\/2021\/03\/venus-4-sport-1-1.jpg","type":"image\/jpeg"}],"twitter_card":"summary_large_image","twitter_misc":{"Est. reading time":"2 minutes"},"schema":{"@context":"https:\/\/schema.org","@graph":[{"@type":"WebPage","@id":"https:\/\/www.mivam.com\/izdelek\/vermeiren-stirikolesni-skuter-venus-4-sport\/","url":"https:\/\/www.mivam.com\/izdelek\/vermeiren-stirikolesni-skuter-venus-4-sport\/","name":"Vermeiren \u0161tirikolesni skuter Venus 4 Sport - Mi Vam","isPartOf":{"@id":"https:\/\/www.mivam.com\/#website"},"primaryImageOfPage":{"@id":"https:\/\/www.mivam.com\/izdelek\/vermeiren-stirikolesni-skuter-venus-4-sport\/#primaryimage"},"image":{"@id":"https:\/\/www.mivam.com\/izdelek\/vermeiren-stirikolesni-skuter-venus-4-sport\/#primaryimage"},"thumbnailUrl":"https:\/\/www.mivam.com\/wp-content\/uploads\/2021\/03\/venus-4-sport-1-1.jpg","datePublished":"2021-03-18T18:19:31+00:00","dateModified":"2025-06-19T04:09:50+00:00","description":"Enostavni, lahek, razstavljiv \u0161tirikolesni skuter z mo\u017enostjo enostavnega shranjevanja in transport mobilnega vsakodnevnega skuterja VENUS 4 SPORT. Na voljo z polnimi ali pumpanimi kolesi.","breadcrumb":{"@id":"https:\/\/www.mivam.com\/izdelek\/vermeiren-stirikolesni-skuter-venus-4-sport\/#breadcrumb"},"inLanguage":"en-US","potentialAction":[{"@type":"ReadAction","target":["https:\/\/www.mivam.com\/izdelek\/vermeiren-stirikolesni-skuter-venus-4-sport\/"]}]},{"@type":"ImageObject","inLanguage":"en-US","@id":"https:\/\/www.mivam.com\/izdelek\/vermeiren-stirikolesni-skuter-venus-4-sport\/#primaryimage","url":"https:\/\/www.mivam.com\/wp-content\/uploads\/2021\/03\/venus-4-sport-1-1.jpg","contentUrl":"https:\/\/www.mivam.com\/wp-content\/uploads\/2021\/03\/venus-4-sport-1-1.jpg","width":620,"height":541},{"@type":"BreadcrumbList","@id":"https:\/\/www.mivam.com\/izdelek\/vermeiren-stirikolesni-skuter-venus-4-sport\/#breadcrumb","itemListElement":[{"@type":"ListItem","position":1,"name":"Domov","item":"https:\/\/www.mivam.com\/"},{"@type":"ListItem","position":2,"name":"Shop","item":"https:\/\/www.mivam.com\/en\/shop\/"},{"@type":"ListItem","position":3,"name":"Invalidski vozi\u010dki in skuterji","item":"https:\/\/www.mivam.com\/kategorija-izdelka\/invalidski-vozicki-in-skuterji\/"},{"@type":"ListItem","position":4,"name":"Skuterji","item":"https:\/\/www.mivam.com\/kategorija-izdelka\/invalidski-vozicki-in-skuterji\/skuterji\/"},{"@type":"ListItem","position":5,"name":"Vermeiren \u0161tirikolesni skuter Venus 4 Sport"}]},{"@type":"WebSite","@id":"https:\/\/www.mivam.com\/#website","url":"https:\/\/www.mivam.com\/","name":"Mi Vam","description":"Medicinski pripomo\u010dki in re\u0161itve za manj odvisno \u017eivljenje.","potentialAction":[{"@type":"SearchAction","target":{"@type":"EntryPoint","urlTemplate":"https:\/\/www.mivam.com\/?s={search_term_string}"},"query-input":{"@type":"PropertyValueSpecification","valueRequired":true,"valueName":"search_term_string"}}],"inLanguage":"en-US"}]}},"_links":{"self":[{"href":"https:\/\/www.mivam.com\/en\/wp-json\/wp\/v2\/product\/2334","targetHints":{"allow":["GET"]}}],"collection":[{"href":"https:\/\/www.mivam.com\/en\/wp-json\/wp\/v2\/product"}],"about":[{"href":"https:\/\/www.mivam.com\/en\/wp-json\/wp\/v2\/types\/product"}],"replies":[{"embeddable":true,"href":"https:\/\/www.mivam.com\/en\/wp-json\/wp\/v2\/comments?post=2334"}],"wp:featuredmedia":[{"embeddable":true,"href":"https:\/\/www.mivam.com\/en\/wp-json\/wp\/v2\/media\/2469"}],"wp:attachment":[{"href":"https:\/\/www.mivam.com\/en\/wp-json\/wp\/v2\/media?parent=2334"}],"wp:term":[{"taxonomy":"product_brand","embeddable":true,"href":"https:\/\/www.mivam.com\/en\/wp-json\/wp\/v2\/product_brand?post=2334"},{"taxonomy":"product_cat","embeddable":true,"href":"https:\/\/www.mivam.com\/en\/wp-json\/wp\/v2\/product_cat?post=2334"},{"taxonomy":"product_tag","embeddable":true,"href":"https:\/\/www.mivam.com\/en\/wp-json\/wp\/v2\/product_tag?post=2334"}],"curies":[{"name":"wp","href":"https:\/\/api.w.org\/{rel}","templated":true}]}}