{"id":2314,"date":"2021-03-11T22:30:11","date_gmt":"2021-03-11T21:30:11","guid":{"rendered":"https:\/\/www.mivam.com\/?post_type=product&#038;p=2314"},"modified":"2025-06-19T06:10:15","modified_gmt":"2025-06-19T04:10:15","slug":"vermeiren-stirikolesni-skuter-eris","status":"publish","type":"product","link":"https:\/\/www.mivam.com\/en\/izdelek\/vermeiren-stirikolesni-skuter-eris\/","title":{"rendered":"Vermeiren \u0161tirikolesni skuter Eris"},"content":{"rendered":"<p><span class=\"VIiyi\" lang=\"sl\"><span class=\"JLqJ4b ChMk0b\" data-language-for-alternatives=\"sl\" data-language-to-translate-into=\"en\" data-phrase-index=\"2\">Skuter Eris je skuter za notranjo in zunanjo uporabo, tako za kraj\u0161e razdalje do trgovine, prijateljev ali dru\u017eine.<\/span> <span class=\"JLqJ4b ChMk0b\" data-language-for-alternatives=\"sl\" data-language-to-translate-into=\"en\" data-phrase-index=\"3\">V kompletu z indikatorji in osvetlitvijo v LED izvedbi.<\/span> <span class=\"JLqJ4b ChMk0b\" data-language-for-alternatives=\"sl\" data-language-to-translate-into=\"en\" data-phrase-index=\"4\">Nakupovalni ko\u0161aro lahko namestite na skuter tako, da jo lahko nosite s seboj pri nakupu drobnarij .<\/span> <span class=\"JLqJ4b ChMk0b\" data-language-for-alternatives=\"sl\" data-language-to-translate-into=\"en\" data-phrase-index=\"5\">Skuter Eris je na voljo s hitrostjo 10 km<\/span><\/span><span class=\"VIiyi\" lang=\"sl\"><span class=\"JLqJ4b ChMk0b\" data-language-for-alternatives=\"sl\" data-language-to-translate-into=\"en\" data-phrase-index=\"5\">\/h.<\/span><\/span><\/p>\n<h3><span style=\"color: #ff0000\">Mo\u017eno dobiti na naro\u010dilnico (0559)<\/span><\/h3>\n<p>BREZ DOPLA\u010cILA<\/p>\n<p><a href=\"https:\/\/www.mivam.com\/wp-content\/uploads\/2021\/03\/eris_leaflet_-_uk_-_slovenscina.pdf\">Bro\u0161ura &#8211; ERIS<\/a><\/p>\n<p>Lastnosti<\/p>\n<p><del><a href=\"https:\/\/www.mivam.com\/wp-content\/uploads\/2021\/03\/eris-tech.png\"><img decoding=\"async\" src=\"https:\/\/www.mivam.com\/wp-content\/uploads\/2021\/03\/eris-tech.png\" alt=\"\" width=\"1168\" height=\"427\" \/><\/a><\/del><!--more--><\/p>\n<p>Barva sede\u017ea:<\/p>\n<p><img decoding=\"async\" src=\"https:\/\/www.mivam.com\/wp-content\/uploads\/2021\/03\/venus-4-sport-platno-8.png\" alt=\"\" width=\"92\" height=\"85\" \/><\/p>\n<p>Barva okvirja:<\/p>\n<p><img decoding=\"async\" src=\"https:\/\/www.mivam.com\/wp-content\/uploads\/2021\/03\/screenshot_2021-03-11-eris-vermeiren-international16.png\" alt=\"\" width=\"96\" height=\"63\" \/><\/p>\n","protected":false},"excerpt":{"rendered":"<p><span class=\"VIiyi\" lang=\"sl\"><span class=\"JLqJ4b ChMk0b\" data-language-for-alternatives=\"sl\" data-language-to-translate-into=\"en\" data-phrase-index=\"2\">Skuter Eris je skuter za notranjo in zunanjo uporabo manj\u0161ih dimenzij. Mo\u017enost tudi ve\u010djega anatomskega sede\u017ea za bolj udobno sedenje. Skuter je mo\u017eno prejeti na naro\u010dilnico 0559 znotraj cenovnega standarda.<\/span><\/span><\/p>\n","protected":false},"featured_media":2471,"comment_status":"closed","ping_status":"closed","template":"","meta":[],"product_brand":[],"product_cat":[222,75],"product_tag":[116,117,118,115,114,112,111],"class_list":{"0":"post-2314","1":"product","2":"type-product","3":"status-publish","4":"has-post-thumbnail","6":"product_cat-invalidski-vozicki-in-skuterji","7":"product_cat-skuterji","8":"product_tag-elektricni","9":"product_tag-elektromotorni","10":"product_tag-eris","11":"product_tag-skuter","12":"product_tag-stirikolesni","13":"product_tag-stirikolesni-skuter","14":"product_tag-vermeiren","16":"first","17":"instock","18":"taxable","19":"shipping-taxable","20":"product-type-simple"},"yoast_head":"<!-- This site is optimized with the Yoast SEO plugin v24.0 - https:\/\/yoast.com\/wordpress\/plugins\/seo\/ -->\n<title>Vermeiren \u0161tirikolesni skuter Eris - Mi Vam<\/title>\n<meta name=\"description\" content=\"Skuter Eris je skuter za notranjo in zunanjo uporabo manj\u0161ih dimenzij. Mo\u017enost tudi ve\u010djega anatomskega sede\u017ea za bolj udobno sedenje. Skuter je mo\u017eno prejeti na naro\u010dilnico 0559 znotraj cenovnega standarda.\" \/>\n<meta name=\"robots\" content=\"index, follow, max-snippet:-1, max-image-preview:large, max-video-preview:-1\" \/>\n<link rel=\"canonical\" href=\"https:\/\/www.mivam.com\/izdelek\/vermeiren-stirikolesni-skuter-eris\/\" \/>\n<meta property=\"og:locale\" content=\"en_US\" \/>\n<meta property=\"og:type\" content=\"article\" \/>\n<meta property=\"og:title\" content=\"Vermeiren \u0161tirikolesni skuter Eris - Mi Vam\" \/>\n<meta property=\"og:description\" content=\"Skuter Eris je skuter za notranjo in zunanjo uporabo manj\u0161ih dimenzij. Mo\u017enost tudi ve\u010djega anatomskega sede\u017ea za bolj udobno sedenje. Skuter je mo\u017eno prejeti na naro\u010dilnico 0559 znotraj cenovnega standarda.\" \/>\n<meta property=\"og:url\" content=\"https:\/\/www.mivam.com\/izdelek\/vermeiren-stirikolesni-skuter-eris\/\" \/>\n<meta property=\"og:site_name\" content=\"Mi Vam\" \/>\n<meta property=\"article:modified_time\" content=\"2025-06-19T04:10:15+00:00\" \/>\n<meta property=\"og:image\" content=\"https:\/\/www.mivam.com\/wp-content\/uploads\/2021\/03\/eris-1.jpg\" \/>\n\t<meta property=\"og:image:width\" content=\"716\" \/>\n\t<meta property=\"og:image:height\" content=\"548\" \/>\n\t<meta property=\"og:image:type\" content=\"image\/jpeg\" \/>\n<meta name=\"twitter:card\" content=\"summary_large_image\" \/>\n<meta name=\"twitter:label1\" content=\"Est. reading time\" \/>\n\t<meta name=\"twitter:data1\" content=\"2 minutes\" \/>\n<script type=\"application\/ld+json\" class=\"yoast-schema-graph\">{\"@context\":\"https:\/\/schema.org\",\"@graph\":[{\"@type\":\"WebPage\",\"@id\":\"https:\/\/www.mivam.com\/izdelek\/vermeiren-stirikolesni-skuter-eris\/\",\"url\":\"https:\/\/www.mivam.com\/izdelek\/vermeiren-stirikolesni-skuter-eris\/\",\"name\":\"Vermeiren \u0161tirikolesni skuter Eris - Mi Vam\",\"isPartOf\":{\"@id\":\"https:\/\/www.mivam.com\/#website\"},\"primaryImageOfPage\":{\"@id\":\"https:\/\/www.mivam.com\/izdelek\/vermeiren-stirikolesni-skuter-eris\/#primaryimage\"},\"image\":{\"@id\":\"https:\/\/www.mivam.com\/izdelek\/vermeiren-stirikolesni-skuter-eris\/#primaryimage\"},\"thumbnailUrl\":\"https:\/\/www.mivam.com\/wp-content\/uploads\/2021\/03\/eris-1.jpg\",\"datePublished\":\"2021-03-11T21:30:11+00:00\",\"dateModified\":\"2025-06-19T04:10:15+00:00\",\"description\":\"Skuter Eris je skuter za notranjo in zunanjo uporabo manj\u0161ih dimenzij. Mo\u017enost tudi ve\u010djega anatomskega sede\u017ea za bolj udobno sedenje. Skuter je mo\u017eno prejeti na naro\u010dilnico 0559 znotraj cenovnega standarda.\",\"breadcrumb\":{\"@id\":\"https:\/\/www.mivam.com\/izdelek\/vermeiren-stirikolesni-skuter-eris\/#breadcrumb\"},\"inLanguage\":\"en-US\",\"potentialAction\":[{\"@type\":\"ReadAction\",\"target\":[\"https:\/\/www.mivam.com\/izdelek\/vermeiren-stirikolesni-skuter-eris\/\"]}]},{\"@type\":\"ImageObject\",\"inLanguage\":\"en-US\",\"@id\":\"https:\/\/www.mivam.com\/izdelek\/vermeiren-stirikolesni-skuter-eris\/#primaryimage\",\"url\":\"https:\/\/www.mivam.com\/wp-content\/uploads\/2021\/03\/eris-1.jpg\",\"contentUrl\":\"https:\/\/www.mivam.com\/wp-content\/uploads\/2021\/03\/eris-1.jpg\",\"width\":716,\"height\":548},{\"@type\":\"BreadcrumbList\",\"@id\":\"https:\/\/www.mivam.com\/izdelek\/vermeiren-stirikolesni-skuter-eris\/#breadcrumb\",\"itemListElement\":[{\"@type\":\"ListItem\",\"position\":1,\"name\":\"Domov\",\"item\":\"https:\/\/www.mivam.com\/\"},{\"@type\":\"ListItem\",\"position\":2,\"name\":\"Shop\",\"item\":\"https:\/\/www.mivam.com\/en\/shop\/\"},{\"@type\":\"ListItem\",\"position\":3,\"name\":\"Invalidski vozi\u010dki in skuterji\",\"item\":\"https:\/\/www.mivam.com\/kategorija-izdelka\/invalidski-vozicki-in-skuterji\/\"},{\"@type\":\"ListItem\",\"position\":4,\"name\":\"Skuterji\",\"item\":\"https:\/\/www.mivam.com\/kategorija-izdelka\/invalidski-vozicki-in-skuterji\/skuterji\/\"},{\"@type\":\"ListItem\",\"position\":5,\"name\":\"Vermeiren \u0161tirikolesni skuter Eris\"}]},{\"@type\":\"WebSite\",\"@id\":\"https:\/\/www.mivam.com\/#website\",\"url\":\"https:\/\/www.mivam.com\/\",\"name\":\"Mi Vam\",\"description\":\"Medicinski pripomo\u010dki in re\u0161itve za manj odvisno \u017eivljenje.\",\"potentialAction\":[{\"@type\":\"SearchAction\",\"target\":{\"@type\":\"EntryPoint\",\"urlTemplate\":\"https:\/\/www.mivam.com\/?s={search_term_string}\"},\"query-input\":{\"@type\":\"PropertyValueSpecification\",\"valueRequired\":true,\"valueName\":\"search_term_string\"}}],\"inLanguage\":\"en-US\"}]}<\/script>\n<!-- \/ Yoast SEO plugin. -->","yoast_head_json":{"title":"Vermeiren \u0161tirikolesni skuter Eris - Mi Vam","description":"Skuter Eris je skuter za notranjo in zunanjo uporabo manj\u0161ih dimenzij. Mo\u017enost tudi ve\u010djega anatomskega sede\u017ea za bolj udobno sedenje. Skuter je mo\u017eno prejeti na naro\u010dilnico 0559 znotraj cenovnega standarda.","robots":{"index":"index","follow":"follow","max-snippet":"max-snippet:-1","max-image-preview":"max-image-preview:large","max-video-preview":"max-video-preview:-1"},"canonical":"https:\/\/www.mivam.com\/izdelek\/vermeiren-stirikolesni-skuter-eris\/","og_locale":"en_US","og_type":"article","og_title":"Vermeiren \u0161tirikolesni skuter Eris - Mi Vam","og_description":"Skuter Eris je skuter za notranjo in zunanjo uporabo manj\u0161ih dimenzij. Mo\u017enost tudi ve\u010djega anatomskega sede\u017ea za bolj udobno sedenje. Skuter je mo\u017eno prejeti na naro\u010dilnico 0559 znotraj cenovnega standarda.","og_url":"https:\/\/www.mivam.com\/izdelek\/vermeiren-stirikolesni-skuter-eris\/","og_site_name":"Mi Vam","article_modified_time":"2025-06-19T04:10:15+00:00","og_image":[{"width":716,"height":548,"url":"https:\/\/www.mivam.com\/wp-content\/uploads\/2021\/03\/eris-1.jpg","type":"image\/jpeg"}],"twitter_card":"summary_large_image","twitter_misc":{"Est. reading time":"2 minutes"},"schema":{"@context":"https:\/\/schema.org","@graph":[{"@type":"WebPage","@id":"https:\/\/www.mivam.com\/izdelek\/vermeiren-stirikolesni-skuter-eris\/","url":"https:\/\/www.mivam.com\/izdelek\/vermeiren-stirikolesni-skuter-eris\/","name":"Vermeiren \u0161tirikolesni skuter Eris - Mi Vam","isPartOf":{"@id":"https:\/\/www.mivam.com\/#website"},"primaryImageOfPage":{"@id":"https:\/\/www.mivam.com\/izdelek\/vermeiren-stirikolesni-skuter-eris\/#primaryimage"},"image":{"@id":"https:\/\/www.mivam.com\/izdelek\/vermeiren-stirikolesni-skuter-eris\/#primaryimage"},"thumbnailUrl":"https:\/\/www.mivam.com\/wp-content\/uploads\/2021\/03\/eris-1.jpg","datePublished":"2021-03-11T21:30:11+00:00","dateModified":"2025-06-19T04:10:15+00:00","description":"Skuter Eris je skuter za notranjo in zunanjo uporabo manj\u0161ih dimenzij. Mo\u017enost tudi ve\u010djega anatomskega sede\u017ea za bolj udobno sedenje. Skuter je mo\u017eno prejeti na naro\u010dilnico 0559 znotraj cenovnega standarda.","breadcrumb":{"@id":"https:\/\/www.mivam.com\/izdelek\/vermeiren-stirikolesni-skuter-eris\/#breadcrumb"},"inLanguage":"en-US","potentialAction":[{"@type":"ReadAction","target":["https:\/\/www.mivam.com\/izdelek\/vermeiren-stirikolesni-skuter-eris\/"]}]},{"@type":"ImageObject","inLanguage":"en-US","@id":"https:\/\/www.mivam.com\/izdelek\/vermeiren-stirikolesni-skuter-eris\/#primaryimage","url":"https:\/\/www.mivam.com\/wp-content\/uploads\/2021\/03\/eris-1.jpg","contentUrl":"https:\/\/www.mivam.com\/wp-content\/uploads\/2021\/03\/eris-1.jpg","width":716,"height":548},{"@type":"BreadcrumbList","@id":"https:\/\/www.mivam.com\/izdelek\/vermeiren-stirikolesni-skuter-eris\/#breadcrumb","itemListElement":[{"@type":"ListItem","position":1,"name":"Domov","item":"https:\/\/www.mivam.com\/"},{"@type":"ListItem","position":2,"name":"Shop","item":"https:\/\/www.mivam.com\/en\/shop\/"},{"@type":"ListItem","position":3,"name":"Invalidski vozi\u010dki in skuterji","item":"https:\/\/www.mivam.com\/kategorija-izdelka\/invalidski-vozicki-in-skuterji\/"},{"@type":"ListItem","position":4,"name":"Skuterji","item":"https:\/\/www.mivam.com\/kategorija-izdelka\/invalidski-vozicki-in-skuterji\/skuterji\/"},{"@type":"ListItem","position":5,"name":"Vermeiren \u0161tirikolesni skuter Eris"}]},{"@type":"WebSite","@id":"https:\/\/www.mivam.com\/#website","url":"https:\/\/www.mivam.com\/","name":"Mi Vam","description":"Medicinski pripomo\u010dki in re\u0161itve za manj odvisno \u017eivljenje.","potentialAction":[{"@type":"SearchAction","target":{"@type":"EntryPoint","urlTemplate":"https:\/\/www.mivam.com\/?s={search_term_string}"},"query-input":{"@type":"PropertyValueSpecification","valueRequired":true,"valueName":"search_term_string"}}],"inLanguage":"en-US"}]}},"_links":{"self":[{"href":"https:\/\/www.mivam.com\/en\/wp-json\/wp\/v2\/product\/2314","targetHints":{"allow":["GET"]}}],"collection":[{"href":"https:\/\/www.mivam.com\/en\/wp-json\/wp\/v2\/product"}],"about":[{"href":"https:\/\/www.mivam.com\/en\/wp-json\/wp\/v2\/types\/product"}],"replies":[{"embeddable":true,"href":"https:\/\/www.mivam.com\/en\/wp-json\/wp\/v2\/comments?post=2314"}],"wp:featuredmedia":[{"embeddable":true,"href":"https:\/\/www.mivam.com\/en\/wp-json\/wp\/v2\/media\/2471"}],"wp:attachment":[{"href":"https:\/\/www.mivam.com\/en\/wp-json\/wp\/v2\/media?parent=2314"}],"wp:term":[{"taxonomy":"product_brand","embeddable":true,"href":"https:\/\/www.mivam.com\/en\/wp-json\/wp\/v2\/product_brand?post=2314"},{"taxonomy":"product_cat","embeddable":true,"href":"https:\/\/www.mivam.com\/en\/wp-json\/wp\/v2\/product_cat?post=2314"},{"taxonomy":"product_tag","embeddable":true,"href":"https:\/\/www.mivam.com\/en\/wp-json\/wp\/v2\/product_tag?post=2314"}],"curies":[{"name":"wp","href":"https:\/\/api.w.org\/{rel}","templated":true}]}}