{"id":2174,"date":"2020-12-02T10:10:47","date_gmt":"2020-12-02T09:10:47","guid":{"rendered":"https:\/\/www.mivam.com\/?post_type=product&#038;p=2174"},"modified":"2025-05-22T13:08:18","modified_gmt":"2025-05-22T11:08:18","slug":"headmaster-opornica","status":"publish","type":"product","link":"https:\/\/www.mivam.com\/en\/izdelek\/headmaster-opornica\/","title":{"rendered":"Headmaster opornica"},"content":{"rendered":"<div class=\"wpb-content-wrapper\"><p>[vc_row][vc_column][vc_column_text]<strong>Headmaster opornica in dodatki<\/strong><br \/>\nHeadmaster opornica slu\u017ei kot podpora, fiksacija in porazdeli te\u017eo glave po po\u0161kodbi. Mo\u017enost podalj\u0161ka je opremljena z dvema blazinicama (opornica se prodaja lo\u010deno), ki pove\u010data stransko oporo. Blazinica za vrat (opornica, ki se prodaja lo\u010deno) je oblikovalna in nudi prilegajo\u010do se zadnjo oporo. Oba dodatka se uporabljata na zadnji strani vratu z opornico.<\/p>\n<p><strong>Ustrezna velikost<br \/>\n<\/strong>Headmaster opornica je na voljo v velikostih od dojen\u010dka do odrasle osebe. Uporaba popolne velikosti je klju\u010dnega pomena za u\u010dinkovito in varno okrevanje. Da dobite najbolj natan\u010dno velikost, izmerite meritev od sredine brade do vogala \u010deljusti.<\/p>\n<p><strong>Po\u0161kodbe vratu<br \/>\n<\/strong>Ta opornica je izdelana za udobno zdravljenje\/rehabilitacijo po\u0161kodb in bolezni vratu. Na voljo so dodatki za zagotavljanje manj\u0161ih prilagoditve prileganja. Headmaster opornica nudi odli\u010dno podporo in pomaga ustvariti optimalno pozicioniranje.[\/vc_column_text][\/vc_column][\/vc_row][vc_row][vc_column]\r\n<div class=\"file-wrap \" id=\"\">\r\n\t\t\t\t\t<a href=\"https:\/\/www.mivam.com\/wp-content\/uploads\/2020\/12\/mms-medical-symmetric-designs-headmaster-collar.pdf\" target=\"_blank\" class=\"file-dl-btn\">\t\r\n\t\t\t\t\t\t<img decoding=\"async\" src=\"https:\/\/www.mivam.com\/wp-content\/uploads\/2020\/12\/61mrcox0nal-_ac_uf350350_ql80_.jpg\" alt=\"PDF datoteka HEADMASTER - opis, kako izbrati velikost, dodatki\" \/>\r\n\t\t\t\t\t\t<span>PDF datoteka HEADMASTER - opis, kako izbrati velikost, dodatki<\/span>\r\n\t\t\t\t\t<\/a>\r\n\t\t\t\t<\/div>\r\n       \r\n        [\/vc_column][\/vc_row]<\/p>\n<\/div>","protected":false},"excerpt":{"rendered":"<p>Ima oblazinjeno cevasto obliko<br \/>\nZasnovan za prilagajanje rahlim gibom (upogibanje, dvig) vrata<br \/>\nNa voljo so dodatki za prilagoditev prileganja opornice<br \/>\nOmogo\u010da dostop do sapni\u010dnih cevi<br \/>\nLahko se ro\u010dno pere in su\u0161i na zraku<\/p>\n","protected":false},"featured_media":2177,"comment_status":"closed","ping_status":"closed","template":"","meta":[],"product_brand":[],"product_cat":[225,62,44],"product_tag":[144,145,147,146],"class_list":{"0":"post-2174","1":"product","2":"type-product","3":"status-publish","4":"has-post-thumbnail","6":"product_cat-rehabilitacija","7":"product_cat-rehabilitacijski-pripomocki","8":"product_cat-ortopedski-pripomocki","9":"product_tag-headmaster-opornica","10":"product_tag-opornica","11":"product_tag-vrat","12":"product_tag-vratna-opornica","14":"first","15":"instock","16":"taxable","17":"shipping-taxable","18":"product-type-simple"},"yoast_head":"<!-- This site is optimized with the Yoast SEO plugin v24.0 - https:\/\/yoast.com\/wordpress\/plugins\/seo\/ -->\n<title>Headmaster opornica - Mi Vam<\/title>\n<meta name=\"description\" content=\"Ima oblazinjeno cevasto obliko Zasnovan za prilagajanje rahlim gibom (upogibanje, dvig) vrata Na voljo so dodatki za prilagoditev prileganja opornice Omogo\u010da dostop do sapni\u010dnih cevi Lahko se ro\u010dno pere in su\u0161i na zraku\" \/>\n<meta name=\"robots\" content=\"index, follow, max-snippet:-1, max-image-preview:large, max-video-preview:-1\" \/>\n<link rel=\"canonical\" href=\"https:\/\/www.mivam.com\/izdelek\/headmaster-opornica\/\" \/>\n<meta property=\"og:locale\" content=\"en_US\" \/>\n<meta property=\"og:type\" content=\"article\" \/>\n<meta property=\"og:title\" content=\"Headmaster opornica - Mi Vam\" \/>\n<meta property=\"og:description\" content=\"Ima oblazinjeno cevasto obliko Zasnovan za prilagajanje rahlim gibom (upogibanje, dvig) vrata Na voljo so dodatki za prilagoditev prileganja opornice Omogo\u010da dostop do sapni\u010dnih cevi Lahko se ro\u010dno pere in su\u0161i na zraku\" \/>\n<meta property=\"og:url\" content=\"https:\/\/www.mivam.com\/izdelek\/headmaster-opornica\/\" \/>\n<meta property=\"og:site_name\" content=\"Mi Vam\" \/>\n<meta property=\"article:modified_time\" content=\"2025-05-22T11:08:18+00:00\" \/>\n<meta property=\"og:image\" content=\"https:\/\/www.mivam.com\/wp-content\/uploads\/2020\/12\/headmaster_collar_4.jpg\" \/>\n\t<meta property=\"og:image:width\" content=\"800\" \/>\n\t<meta property=\"og:image:height\" content=\"1200\" \/>\n\t<meta property=\"og:image:type\" content=\"image\/jpeg\" \/>\n<meta name=\"twitter:card\" content=\"summary_large_image\" \/>\n<meta name=\"twitter:label1\" content=\"Est. reading time\" \/>\n\t<meta name=\"twitter:data1\" content=\"2 minutes\" \/>\n<script type=\"application\/ld+json\" class=\"yoast-schema-graph\">{\"@context\":\"https:\/\/schema.org\",\"@graph\":[{\"@type\":\"WebPage\",\"@id\":\"https:\/\/www.mivam.com\/izdelek\/headmaster-opornica\/\",\"url\":\"https:\/\/www.mivam.com\/izdelek\/headmaster-opornica\/\",\"name\":\"Headmaster opornica - Mi Vam\",\"isPartOf\":{\"@id\":\"https:\/\/www.mivam.com\/#website\"},\"primaryImageOfPage\":{\"@id\":\"https:\/\/www.mivam.com\/izdelek\/headmaster-opornica\/#primaryimage\"},\"image\":{\"@id\":\"https:\/\/www.mivam.com\/izdelek\/headmaster-opornica\/#primaryimage\"},\"thumbnailUrl\":\"https:\/\/www.mivam.com\/wp-content\/uploads\/2020\/12\/headmaster_collar_4.jpg\",\"datePublished\":\"2020-12-02T09:10:47+00:00\",\"dateModified\":\"2025-05-22T11:08:18+00:00\",\"description\":\"Ima oblazinjeno cevasto obliko Zasnovan za prilagajanje rahlim gibom (upogibanje, dvig) vrata Na voljo so dodatki za prilagoditev prileganja opornice Omogo\u010da dostop do sapni\u010dnih cevi Lahko se ro\u010dno pere in su\u0161i na zraku\",\"breadcrumb\":{\"@id\":\"https:\/\/www.mivam.com\/izdelek\/headmaster-opornica\/#breadcrumb\"},\"inLanguage\":\"en-US\",\"potentialAction\":[{\"@type\":\"ReadAction\",\"target\":[\"https:\/\/www.mivam.com\/izdelek\/headmaster-opornica\/\"]}]},{\"@type\":\"ImageObject\",\"inLanguage\":\"en-US\",\"@id\":\"https:\/\/www.mivam.com\/izdelek\/headmaster-opornica\/#primaryimage\",\"url\":\"https:\/\/www.mivam.com\/wp-content\/uploads\/2020\/12\/headmaster_collar_4.jpg\",\"contentUrl\":\"https:\/\/www.mivam.com\/wp-content\/uploads\/2020\/12\/headmaster_collar_4.jpg\",\"width\":800,\"height\":1200},{\"@type\":\"BreadcrumbList\",\"@id\":\"https:\/\/www.mivam.com\/izdelek\/headmaster-opornica\/#breadcrumb\",\"itemListElement\":[{\"@type\":\"ListItem\",\"position\":1,\"name\":\"Domov\",\"item\":\"https:\/\/www.mivam.com\/\"},{\"@type\":\"ListItem\",\"position\":2,\"name\":\"Shop\",\"item\":\"https:\/\/www.mivam.com\/en\/shop\/\"},{\"@type\":\"ListItem\",\"position\":3,\"name\":\"Rehabilitacija\",\"item\":\"https:\/\/www.mivam.com\/kategorija-izdelka\/rehabilitacija\/\"},{\"@type\":\"ListItem\",\"position\":4,\"name\":\"Ortopedski pripomo\u010dki\",\"item\":\"https:\/\/www.mivam.com\/kategorija-izdelka\/rehabilitacija\/ortopedski-pripomocki\/\"},{\"@type\":\"ListItem\",\"position\":5,\"name\":\"Headmaster opornica\"}]},{\"@type\":\"WebSite\",\"@id\":\"https:\/\/www.mivam.com\/#website\",\"url\":\"https:\/\/www.mivam.com\/\",\"name\":\"Mi Vam\",\"description\":\"Medicinski pripomo\u010dki in re\u0161itve za manj odvisno \u017eivljenje.\",\"potentialAction\":[{\"@type\":\"SearchAction\",\"target\":{\"@type\":\"EntryPoint\",\"urlTemplate\":\"https:\/\/www.mivam.com\/?s={search_term_string}\"},\"query-input\":{\"@type\":\"PropertyValueSpecification\",\"valueRequired\":true,\"valueName\":\"search_term_string\"}}],\"inLanguage\":\"en-US\"}]}<\/script>\n<!-- \/ Yoast SEO plugin. -->","yoast_head_json":{"title":"Headmaster opornica - Mi Vam","description":"Ima oblazinjeno cevasto obliko Zasnovan za prilagajanje rahlim gibom (upogibanje, dvig) vrata Na voljo so dodatki za prilagoditev prileganja opornice Omogo\u010da dostop do sapni\u010dnih cevi Lahko se ro\u010dno pere in su\u0161i na zraku","robots":{"index":"index","follow":"follow","max-snippet":"max-snippet:-1","max-image-preview":"max-image-preview:large","max-video-preview":"max-video-preview:-1"},"canonical":"https:\/\/www.mivam.com\/izdelek\/headmaster-opornica\/","og_locale":"en_US","og_type":"article","og_title":"Headmaster opornica - Mi Vam","og_description":"Ima oblazinjeno cevasto obliko Zasnovan za prilagajanje rahlim gibom (upogibanje, dvig) vrata Na voljo so dodatki za prilagoditev prileganja opornice Omogo\u010da dostop do sapni\u010dnih cevi Lahko se ro\u010dno pere in su\u0161i na zraku","og_url":"https:\/\/www.mivam.com\/izdelek\/headmaster-opornica\/","og_site_name":"Mi Vam","article_modified_time":"2025-05-22T11:08:18+00:00","og_image":[{"width":800,"height":1200,"url":"https:\/\/www.mivam.com\/wp-content\/uploads\/2020\/12\/headmaster_collar_4.jpg","type":"image\/jpeg"}],"twitter_card":"summary_large_image","twitter_misc":{"Est. reading time":"2 minutes"},"schema":{"@context":"https:\/\/schema.org","@graph":[{"@type":"WebPage","@id":"https:\/\/www.mivam.com\/izdelek\/headmaster-opornica\/","url":"https:\/\/www.mivam.com\/izdelek\/headmaster-opornica\/","name":"Headmaster opornica - Mi Vam","isPartOf":{"@id":"https:\/\/www.mivam.com\/#website"},"primaryImageOfPage":{"@id":"https:\/\/www.mivam.com\/izdelek\/headmaster-opornica\/#primaryimage"},"image":{"@id":"https:\/\/www.mivam.com\/izdelek\/headmaster-opornica\/#primaryimage"},"thumbnailUrl":"https:\/\/www.mivam.com\/wp-content\/uploads\/2020\/12\/headmaster_collar_4.jpg","datePublished":"2020-12-02T09:10:47+00:00","dateModified":"2025-05-22T11:08:18+00:00","description":"Ima oblazinjeno cevasto obliko Zasnovan za prilagajanje rahlim gibom (upogibanje, dvig) vrata Na voljo so dodatki za prilagoditev prileganja opornice Omogo\u010da dostop do sapni\u010dnih cevi Lahko se ro\u010dno pere in su\u0161i na zraku","breadcrumb":{"@id":"https:\/\/www.mivam.com\/izdelek\/headmaster-opornica\/#breadcrumb"},"inLanguage":"en-US","potentialAction":[{"@type":"ReadAction","target":["https:\/\/www.mivam.com\/izdelek\/headmaster-opornica\/"]}]},{"@type":"ImageObject","inLanguage":"en-US","@id":"https:\/\/www.mivam.com\/izdelek\/headmaster-opornica\/#primaryimage","url":"https:\/\/www.mivam.com\/wp-content\/uploads\/2020\/12\/headmaster_collar_4.jpg","contentUrl":"https:\/\/www.mivam.com\/wp-content\/uploads\/2020\/12\/headmaster_collar_4.jpg","width":800,"height":1200},{"@type":"BreadcrumbList","@id":"https:\/\/www.mivam.com\/izdelek\/headmaster-opornica\/#breadcrumb","itemListElement":[{"@type":"ListItem","position":1,"name":"Domov","item":"https:\/\/www.mivam.com\/"},{"@type":"ListItem","position":2,"name":"Shop","item":"https:\/\/www.mivam.com\/en\/shop\/"},{"@type":"ListItem","position":3,"name":"Rehabilitacija","item":"https:\/\/www.mivam.com\/kategorija-izdelka\/rehabilitacija\/"},{"@type":"ListItem","position":4,"name":"Ortopedski pripomo\u010dki","item":"https:\/\/www.mivam.com\/kategorija-izdelka\/rehabilitacija\/ortopedski-pripomocki\/"},{"@type":"ListItem","position":5,"name":"Headmaster opornica"}]},{"@type":"WebSite","@id":"https:\/\/www.mivam.com\/#website","url":"https:\/\/www.mivam.com\/","name":"Mi Vam","description":"Medicinski pripomo\u010dki in re\u0161itve za manj odvisno \u017eivljenje.","potentialAction":[{"@type":"SearchAction","target":{"@type":"EntryPoint","urlTemplate":"https:\/\/www.mivam.com\/?s={search_term_string}"},"query-input":{"@type":"PropertyValueSpecification","valueRequired":true,"valueName":"search_term_string"}}],"inLanguage":"en-US"}]}},"_links":{"self":[{"href":"https:\/\/www.mivam.com\/en\/wp-json\/wp\/v2\/product\/2174","targetHints":{"allow":["GET"]}}],"collection":[{"href":"https:\/\/www.mivam.com\/en\/wp-json\/wp\/v2\/product"}],"about":[{"href":"https:\/\/www.mivam.com\/en\/wp-json\/wp\/v2\/types\/product"}],"replies":[{"embeddable":true,"href":"https:\/\/www.mivam.com\/en\/wp-json\/wp\/v2\/comments?post=2174"}],"wp:featuredmedia":[{"embeddable":true,"href":"https:\/\/www.mivam.com\/en\/wp-json\/wp\/v2\/media\/2177"}],"wp:attachment":[{"href":"https:\/\/www.mivam.com\/en\/wp-json\/wp\/v2\/media?parent=2174"}],"wp:term":[{"taxonomy":"product_brand","embeddable":true,"href":"https:\/\/www.mivam.com\/en\/wp-json\/wp\/v2\/product_brand?post=2174"},{"taxonomy":"product_cat","embeddable":true,"href":"https:\/\/www.mivam.com\/en\/wp-json\/wp\/v2\/product_cat?post=2174"},{"taxonomy":"product_tag","embeddable":true,"href":"https:\/\/www.mivam.com\/en\/wp-json\/wp\/v2\/product_tag?post=2174"}],"curies":[{"name":"wp","href":"https:\/\/api.w.org\/{rel}","templated":true}]}}