{"id":2170,"date":"2020-12-02T10:07:54","date_gmt":"2020-12-02T09:07:54","guid":{"rendered":"https:\/\/www.mivam.com\/?post_type=product&#038;p=2170"},"modified":"2025-05-22T13:00:53","modified_gmt":"2025-05-22T11:00:53","slug":"xxl-rehab-bariatricna-hodulja-do-325-kg","status":"publish","type":"product","link":"https:\/\/www.mivam.com\/en\/izdelek\/xxl-rehab-bariatricna-hodulja-do-325-kg\/","title":{"rendered":"XXL-Rehab bariatri\u010dna hodulja do 325 kg"},"content":{"rendered":"<p><span class=\"VIiyi\" lang=\"sl\"><span class=\"JLqJ4b ChMk0b\" data-language-for-alternatives=\"sl\" data-language-to-translate-into=\"en\" data-phrase-index=\"0\">XXI-Rehab Bariatric Walking Frame je zlo\u017eljiva hodulja na voljo v 2 \u0161irinah, ima 2 masivni kolesi spredaj.<\/span> <span class=\"JLqJ4b ChMk0b\" data-language-for-alternatives=\"sl\" data-language-to-translate-into=\"en\" data-phrase-index=\"1\">Z dvema kolesoma spredaj se je\u00a0 enostavno premikati.<\/span> Z<span class=\"JLqJ4b ChMk0b\" data-language-for-alternatives=\"sl\" data-language-to-translate-into=\"en\" data-phrase-index=\"2\">adnji nogi zagotavljata, da se hodulja nenadoma ne prevrne, \u010de uporabnik na primer izgubi ravnote\u017eje.<\/span> <\/span><\/p>\n<p><span class=\"VIiyi\" lang=\"sl\"><span class=\"JLqJ4b ChMk0b\" data-language-for-alternatives=\"sl\" data-language-to-translate-into=\"en\" data-phrase-index=\"4\">Pohodni okvir je lahek, a trden in nudi visoko stopnjo stabilnosti.<\/span> <span class=\"JLqJ4b ChMk0b\" data-language-for-alternatives=\"sl\" data-language-to-translate-into=\"en\" data-phrase-index=\"5\">Ima oblazinjene ro\u010daje, vi\u0161ino pa brez orodja enostavno nastavite od 76-101 cm.<\/span> <span class=\"JLqJ4b ChMk0b\" data-language-for-alternatives=\"sl\" data-language-to-translate-into=\"en\" data-phrase-index=\"6\">XXL-Rehab bariatri\u010dna hodulja je posebej zasnovana za uporabnike do 325 kg.<\/span><\/span><\/p>\n<p><strong>Specifikacije<\/strong><\/p>\n<table style=\"width: 489px\">\n<tbody>\n<tr>\n<td style=\"width: 328.967px\">Najve\u010dja dovoljena te\u017ea uporabnika<\/td>\n<td style=\"width: 163.033px\">325 kg<\/td>\n<\/tr>\n<tr>\n<td style=\"width: 328.967px\">Skupna dol\u017eina<\/td>\n<td style=\"width: 163.033px\">50 cm<\/td>\n<\/tr>\n<tr>\n<td style=\"width: 328.967px\">Skupna \u0161irina<\/td>\n<td style=\"width: 163.033px\">74\/84 cm<\/td>\n<\/tr>\n<tr>\n<td style=\"width: 328.967px\">Notranja \u0161irina<\/td>\n<td style=\"width: 163.033px\">54\/64 cm<\/td>\n<\/tr>\n<tr>\n<td style=\"width: 328.967px\">Nastavljiva vi\u0161ina po 2,5 cm<\/td>\n<td style=\"width: 163.033px\">76-101 cm<\/td>\n<\/tr>\n<tr>\n<td style=\"width: 328.967px\">Te\u017ea<\/td>\n<td style=\"width: 163.033px\">3 kg<\/td>\n<\/tr>\n<tr>\n<td style=\"width: 328.967px\">Zlo\u017eljiva<\/td>\n<td style=\"width: 163.033px\">Da<\/td>\n<\/tr>\n<tr>\n<td style=\"width: 328.967px\">Dr\u017ealo<\/td>\n<td style=\"width: 163.033px\">Obloga PU<\/td>\n<\/tr>\n<tr>\n<td style=\"width: 328.967px\">Kolesa<\/td>\n<td style=\"width: 163.033px\">Polna<\/td>\n<\/tr>\n<tr>\n<td style=\"width: 328.967px\">ISO klasifikacija<\/td>\n<td style=\"width: 163.033px\">ISO 12 06 03 &#8211; 06<\/td>\n<\/tr>\n<\/tbody>\n<\/table>\n<p><strong>Mo\u017ena naro\u010dila<\/strong><\/p>\n<table style=\"width: 879px\">\n<tbody>\n<tr>\n<td style=\"width: 411.217px\"><strong>Model <\/strong><\/td>\n<td style=\"width: 85.7833px\"><strong>\u0160irina<\/strong><\/td>\n<td style=\"width: 198px\"><strong>Dol\u017eina<\/strong><\/td>\n<td style=\"width: 193px\"><strong>\u0160ifra<\/strong><\/td>\n<\/tr>\n<tr>\n<td style=\"width: 411.217px\">XXL-Rehab bariatri\u010dna hodulja brez koles<\/td>\n<td style=\"width: 85.7833px\">74<\/td>\n<td style=\"width: 198px\">50<\/td>\n<td style=\"width: 193px\">0130-071-000<\/td>\n<\/tr>\n<tr>\n<td style=\"width: 411.217px\">XXL-Rehab bariatri\u010dna hodulja brez koles<\/td>\n<td style=\"width: 85.7833px\">84<\/td>\n<td style=\"width: 198px\">50<\/td>\n<td style=\"width: 193px\">0130-081-000<\/td>\n<\/tr>\n<tr>\n<td style=\"width: 411.217px\">XXL-Rehab bariatri\u010dna hodulja s kolesi<\/td>\n<td style=\"width: 85.7833px\">74<\/td>\n<td style=\"width: 198px\">50<\/td>\n<td style=\"width: 193px\">0130-074-000<\/td>\n<\/tr>\n<tr>\n<td style=\"width: 411.217px\">XXL-Rehab bariatri\u010dna hodulja s kolesi<\/td>\n<td style=\"width: 85.7833px\">84<\/td>\n<td style=\"width: 198px\">50<\/td>\n<td style=\"width: 193px\">0130-084-000<\/td>\n<\/tr>\n<\/tbody>\n<\/table>\n","protected":false},"excerpt":{"rendered":"<p>Ugodna vendar izredno kvalitetna hodulja namenjena za te\u017eje uporabnike.<\/p>\n<p>Na voljo z kolesi ali brez.<\/p>\n<p>Nosilnost do 325 kg.<\/p>\n","protected":false},"featured_media":2176,"comment_status":"closed","ping_status":"closed","template":"","meta":[],"product_brand":[],"product_cat":[225,86],"product_tag":[143,141,142,140],"class_list":{"0":"post-2170","1":"product","2":"type-product","3":"status-publish","4":"has-post-thumbnail","6":"product_cat-rehabilitacija","7":"product_cat-bariatricni-pripomocki","8":"product_tag-bariatricna","9":"product_tag-hodulja","10":"product_tag-reciprocna","11":"product_tag-reciprocna-hodulja","13":"first","14":"onbackorder","15":"taxable","16":"shipping-taxable","17":"product-type-simple"},"yoast_head":"<!-- This site is optimized with the Yoast SEO plugin v24.0 - https:\/\/yoast.com\/wordpress\/plugins\/seo\/ -->\n<title>XXL-Rehab bariatri\u010dna hodulja do 325 kg - Mi Vam<\/title>\n<meta name=\"description\" content=\"Ugodna vendar izredno kvalitetna hodulja namenjena za te\u017eje uporabnike.  Na voljo z kolesi ali brez.  Nosilnost do 325 kg.\" \/>\n<meta name=\"robots\" content=\"index, follow, max-snippet:-1, max-image-preview:large, max-video-preview:-1\" \/>\n<link rel=\"canonical\" href=\"https:\/\/www.mivam.com\/izdelek\/xxl-rehab-bariatricna-hodulja-do-325-kg\/\" \/>\n<meta property=\"og:locale\" content=\"en_US\" \/>\n<meta property=\"og:type\" content=\"article\" \/>\n<meta property=\"og:title\" content=\"XXL-Rehab bariatri\u010dna hodulja do 325 kg - Mi Vam\" \/>\n<meta property=\"og:description\" content=\"Ugodna vendar izredno kvalitetna hodulja namenjena za te\u017eje uporabnike.  Na voljo z kolesi ali brez.  Nosilnost do 325 kg.\" \/>\n<meta property=\"og:url\" content=\"https:\/\/www.mivam.com\/izdelek\/xxl-rehab-bariatricna-hodulja-do-325-kg\/\" \/>\n<meta property=\"og:site_name\" content=\"Mi Vam\" \/>\n<meta property=\"article:modified_time\" content=\"2025-05-22T11:00:53+00:00\" \/>\n<meta property=\"og:image\" content=\"https:\/\/www.mivam.com\/wp-content\/uploads\/2020\/12\/hodulja-rehab.jpg\" \/>\n\t<meta property=\"og:image:width\" content=\"667\" \/>\n\t<meta property=\"og:image:height\" content=\"668\" \/>\n\t<meta property=\"og:image:type\" content=\"image\/jpeg\" \/>\n<meta name=\"twitter:card\" content=\"summary_large_image\" \/>\n<meta name=\"twitter:label1\" content=\"Est. reading time\" \/>\n\t<meta name=\"twitter:data1\" content=\"2 minutes\" \/>\n<script type=\"application\/ld+json\" class=\"yoast-schema-graph\">{\"@context\":\"https:\/\/schema.org\",\"@graph\":[{\"@type\":\"WebPage\",\"@id\":\"https:\/\/www.mivam.com\/izdelek\/xxl-rehab-bariatricna-hodulja-do-325-kg\/\",\"url\":\"https:\/\/www.mivam.com\/izdelek\/xxl-rehab-bariatricna-hodulja-do-325-kg\/\",\"name\":\"XXL-Rehab bariatri\u010dna hodulja do 325 kg - Mi Vam\",\"isPartOf\":{\"@id\":\"https:\/\/www.mivam.com\/#website\"},\"primaryImageOfPage\":{\"@id\":\"https:\/\/www.mivam.com\/izdelek\/xxl-rehab-bariatricna-hodulja-do-325-kg\/#primaryimage\"},\"image\":{\"@id\":\"https:\/\/www.mivam.com\/izdelek\/xxl-rehab-bariatricna-hodulja-do-325-kg\/#primaryimage\"},\"thumbnailUrl\":\"https:\/\/www.mivam.com\/wp-content\/uploads\/2020\/12\/hodulja-rehab.jpg\",\"datePublished\":\"2020-12-02T09:07:54+00:00\",\"dateModified\":\"2025-05-22T11:00:53+00:00\",\"description\":\"Ugodna vendar izredno kvalitetna hodulja namenjena za te\u017eje uporabnike. Na voljo z kolesi ali brez. Nosilnost do 325 kg.\",\"breadcrumb\":{\"@id\":\"https:\/\/www.mivam.com\/izdelek\/xxl-rehab-bariatricna-hodulja-do-325-kg\/#breadcrumb\"},\"inLanguage\":\"en-US\",\"potentialAction\":[{\"@type\":\"ReadAction\",\"target\":[\"https:\/\/www.mivam.com\/izdelek\/xxl-rehab-bariatricna-hodulja-do-325-kg\/\"]}]},{\"@type\":\"ImageObject\",\"inLanguage\":\"en-US\",\"@id\":\"https:\/\/www.mivam.com\/izdelek\/xxl-rehab-bariatricna-hodulja-do-325-kg\/#primaryimage\",\"url\":\"https:\/\/www.mivam.com\/wp-content\/uploads\/2020\/12\/hodulja-rehab.jpg\",\"contentUrl\":\"https:\/\/www.mivam.com\/wp-content\/uploads\/2020\/12\/hodulja-rehab.jpg\",\"width\":667,\"height\":668},{\"@type\":\"BreadcrumbList\",\"@id\":\"https:\/\/www.mivam.com\/izdelek\/xxl-rehab-bariatricna-hodulja-do-325-kg\/#breadcrumb\",\"itemListElement\":[{\"@type\":\"ListItem\",\"position\":1,\"name\":\"Domov\",\"item\":\"https:\/\/www.mivam.com\/\"},{\"@type\":\"ListItem\",\"position\":2,\"name\":\"Shop\",\"item\":\"https:\/\/www.mivam.com\/en\/shop\/\"},{\"@type\":\"ListItem\",\"position\":3,\"name\":\"Rehabilitacija\",\"item\":\"https:\/\/www.mivam.com\/kategorija-izdelka\/rehabilitacija\/\"},{\"@type\":\"ListItem\",\"position\":4,\"name\":\"Bariatri\u010dni pripomo\u010dki\",\"item\":\"https:\/\/www.mivam.com\/kategorija-izdelka\/rehabilitacija\/bariatricni-pripomocki\/\"},{\"@type\":\"ListItem\",\"position\":5,\"name\":\"XXL-Rehab bariatri\u010dna hodulja do 325 kg\"}]},{\"@type\":\"WebSite\",\"@id\":\"https:\/\/www.mivam.com\/#website\",\"url\":\"https:\/\/www.mivam.com\/\",\"name\":\"Mi Vam\",\"description\":\"Medicinski pripomo\u010dki in re\u0161itve za manj odvisno \u017eivljenje.\",\"potentialAction\":[{\"@type\":\"SearchAction\",\"target\":{\"@type\":\"EntryPoint\",\"urlTemplate\":\"https:\/\/www.mivam.com\/?s={search_term_string}\"},\"query-input\":{\"@type\":\"PropertyValueSpecification\",\"valueRequired\":true,\"valueName\":\"search_term_string\"}}],\"inLanguage\":\"en-US\"}]}<\/script>\n<!-- \/ Yoast SEO plugin. -->","yoast_head_json":{"title":"XXL-Rehab bariatri\u010dna hodulja do 325 kg - Mi Vam","description":"Ugodna vendar izredno kvalitetna hodulja namenjena za te\u017eje uporabnike.  Na voljo z kolesi ali brez.  Nosilnost do 325 kg.","robots":{"index":"index","follow":"follow","max-snippet":"max-snippet:-1","max-image-preview":"max-image-preview:large","max-video-preview":"max-video-preview:-1"},"canonical":"https:\/\/www.mivam.com\/izdelek\/xxl-rehab-bariatricna-hodulja-do-325-kg\/","og_locale":"en_US","og_type":"article","og_title":"XXL-Rehab bariatri\u010dna hodulja do 325 kg - Mi Vam","og_description":"Ugodna vendar izredno kvalitetna hodulja namenjena za te\u017eje uporabnike.  Na voljo z kolesi ali brez.  Nosilnost do 325 kg.","og_url":"https:\/\/www.mivam.com\/izdelek\/xxl-rehab-bariatricna-hodulja-do-325-kg\/","og_site_name":"Mi Vam","article_modified_time":"2025-05-22T11:00:53+00:00","og_image":[{"width":667,"height":668,"url":"https:\/\/www.mivam.com\/wp-content\/uploads\/2020\/12\/hodulja-rehab.jpg","type":"image\/jpeg"}],"twitter_card":"summary_large_image","twitter_misc":{"Est. reading time":"2 minutes"},"schema":{"@context":"https:\/\/schema.org","@graph":[{"@type":"WebPage","@id":"https:\/\/www.mivam.com\/izdelek\/xxl-rehab-bariatricna-hodulja-do-325-kg\/","url":"https:\/\/www.mivam.com\/izdelek\/xxl-rehab-bariatricna-hodulja-do-325-kg\/","name":"XXL-Rehab bariatri\u010dna hodulja do 325 kg - Mi Vam","isPartOf":{"@id":"https:\/\/www.mivam.com\/#website"},"primaryImageOfPage":{"@id":"https:\/\/www.mivam.com\/izdelek\/xxl-rehab-bariatricna-hodulja-do-325-kg\/#primaryimage"},"image":{"@id":"https:\/\/www.mivam.com\/izdelek\/xxl-rehab-bariatricna-hodulja-do-325-kg\/#primaryimage"},"thumbnailUrl":"https:\/\/www.mivam.com\/wp-content\/uploads\/2020\/12\/hodulja-rehab.jpg","datePublished":"2020-12-02T09:07:54+00:00","dateModified":"2025-05-22T11:00:53+00:00","description":"Ugodna vendar izredno kvalitetna hodulja namenjena za te\u017eje uporabnike. Na voljo z kolesi ali brez. Nosilnost do 325 kg.","breadcrumb":{"@id":"https:\/\/www.mivam.com\/izdelek\/xxl-rehab-bariatricna-hodulja-do-325-kg\/#breadcrumb"},"inLanguage":"en-US","potentialAction":[{"@type":"ReadAction","target":["https:\/\/www.mivam.com\/izdelek\/xxl-rehab-bariatricna-hodulja-do-325-kg\/"]}]},{"@type":"ImageObject","inLanguage":"en-US","@id":"https:\/\/www.mivam.com\/izdelek\/xxl-rehab-bariatricna-hodulja-do-325-kg\/#primaryimage","url":"https:\/\/www.mivam.com\/wp-content\/uploads\/2020\/12\/hodulja-rehab.jpg","contentUrl":"https:\/\/www.mivam.com\/wp-content\/uploads\/2020\/12\/hodulja-rehab.jpg","width":667,"height":668},{"@type":"BreadcrumbList","@id":"https:\/\/www.mivam.com\/izdelek\/xxl-rehab-bariatricna-hodulja-do-325-kg\/#breadcrumb","itemListElement":[{"@type":"ListItem","position":1,"name":"Domov","item":"https:\/\/www.mivam.com\/"},{"@type":"ListItem","position":2,"name":"Shop","item":"https:\/\/www.mivam.com\/en\/shop\/"},{"@type":"ListItem","position":3,"name":"Rehabilitacija","item":"https:\/\/www.mivam.com\/kategorija-izdelka\/rehabilitacija\/"},{"@type":"ListItem","position":4,"name":"Bariatri\u010dni pripomo\u010dki","item":"https:\/\/www.mivam.com\/kategorija-izdelka\/rehabilitacija\/bariatricni-pripomocki\/"},{"@type":"ListItem","position":5,"name":"XXL-Rehab bariatri\u010dna hodulja do 325 kg"}]},{"@type":"WebSite","@id":"https:\/\/www.mivam.com\/#website","url":"https:\/\/www.mivam.com\/","name":"Mi Vam","description":"Medicinski pripomo\u010dki in re\u0161itve za manj odvisno \u017eivljenje.","potentialAction":[{"@type":"SearchAction","target":{"@type":"EntryPoint","urlTemplate":"https:\/\/www.mivam.com\/?s={search_term_string}"},"query-input":{"@type":"PropertyValueSpecification","valueRequired":true,"valueName":"search_term_string"}}],"inLanguage":"en-US"}]}},"_links":{"self":[{"href":"https:\/\/www.mivam.com\/en\/wp-json\/wp\/v2\/product\/2170","targetHints":{"allow":["GET"]}}],"collection":[{"href":"https:\/\/www.mivam.com\/en\/wp-json\/wp\/v2\/product"}],"about":[{"href":"https:\/\/www.mivam.com\/en\/wp-json\/wp\/v2\/types\/product"}],"replies":[{"embeddable":true,"href":"https:\/\/www.mivam.com\/en\/wp-json\/wp\/v2\/comments?post=2170"}],"wp:featuredmedia":[{"embeddable":true,"href":"https:\/\/www.mivam.com\/en\/wp-json\/wp\/v2\/media\/2176"}],"wp:attachment":[{"href":"https:\/\/www.mivam.com\/en\/wp-json\/wp\/v2\/media?parent=2170"}],"wp:term":[{"taxonomy":"product_brand","embeddable":true,"href":"https:\/\/www.mivam.com\/en\/wp-json\/wp\/v2\/product_brand?post=2170"},{"taxonomy":"product_cat","embeddable":true,"href":"https:\/\/www.mivam.com\/en\/wp-json\/wp\/v2\/product_cat?post=2170"},{"taxonomy":"product_tag","embeddable":true,"href":"https:\/\/www.mivam.com\/en\/wp-json\/wp\/v2\/product_tag?post=2170"}],"curies":[{"name":"wp","href":"https:\/\/api.w.org\/{rel}","templated":true}]}}