{"id":2169,"date":"2020-12-02T09:56:36","date_gmt":"2020-12-02T08:56:36","guid":{"rendered":"https:\/\/www.mivam.com\/?post_type=product&#038;p=2169"},"modified":"2025-05-22T13:09:53","modified_gmt":"2025-05-22T11:09:53","slug":"rolyan-sof-stretch-podaljsana-opornica-prsta","status":"publish","type":"product","link":"https:\/\/www.mivam.com\/en\/izdelek\/rolyan-sof-stretch-podaljsana-opornica-prsta\/","title":{"rendered":"Rolyan Sof-Stretch podalj\u0161ana opornica prsta"},"content":{"rendered":"<p>Plasti\u010dno prevle\u010dene \u017eice pri Rolyan Sof-Stretch Extension Splint poenostavljajo prilagajanje velikosti prstov in nihanjem edema posameznika. Kotna prilagodljiva vmesna blazinica\u00a0zagotavlja enakomerni pritisk in popoln povr\u0161inski stik, brez dodatne obremenitve prsta. Dinami\u010dna sila pomaga pri stabilnosti in fiksiranju \u010dlenkov pri po\u0161kodbi prsta. Opornica je idealna za fiksacijo \u010dlenkov v prstu, po\u0161kodbi in rehabilitacijo. Oznaka &#8220;P&#8221; na blazinici opomni pacienta, da opornico uporabi tako, da je P bli\u017eje dlani. Za izbiro pravilne velikosti opornice, s prstom naravnost, izmerite prst na nepo\u0161kodovani roki (isti prst &#8211; samo na zdravi roki) od distalne palmarne gube do distalne gube prsta. (za vodilo glejte polo\u017eaj opornice na sliki)<\/p>\n<p><img decoding=\"async\" class=\"alignnone wp-image-2171\" src=\"https:\/\/www.mivam.com\/wp-content\/uploads\/2020\/12\/rolyan-sof-stretch-finger-extension-size-chart_1.jpg\" alt=\"\" width=\"699\" height=\"699\" srcset=\"https:\/\/www.mivam.com\/wp-content\/uploads\/2020\/12\/rolyan-sof-stretch-finger-extension-size-chart_1.jpg 1200w, https:\/\/www.mivam.com\/wp-content\/uploads\/2020\/12\/rolyan-sof-stretch-finger-extension-size-chart_1-300x300.jpg 300w, https:\/\/www.mivam.com\/wp-content\/uploads\/2020\/12\/rolyan-sof-stretch-finger-extension-size-chart_1-600x600.jpg 600w, https:\/\/www.mivam.com\/wp-content\/uploads\/2020\/12\/rolyan-sof-stretch-finger-extension-size-chart_1-150x150.jpg 150w, https:\/\/www.mivam.com\/wp-content\/uploads\/2020\/12\/rolyan-sof-stretch-finger-extension-size-chart_1-768x768.jpg 768w, https:\/\/www.mivam.com\/wp-content\/uploads\/2020\/12\/rolyan-sof-stretch-finger-extension-size-chart_1-1024x1024.jpg 1024w, https:\/\/www.mivam.com\/wp-content\/uploads\/2020\/12\/rolyan-sof-stretch-finger-extension-size-chart_1-180x180.jpg 180w\" sizes=\"(max-width: 699px) 100vw, 699px\" \/><\/p>\n","protected":false},"excerpt":{"rendered":"<p>Plastificirana \u017eice<br \/>\nKotno nastavljiva vmesna blazinica<br \/>\nRo\u010dno pranje<br \/>\nSu\u0161enje na zraku<br \/>\nBrez lateksa<\/p>\n<p>V \u010drni ali beli barvi.<\/p>\n","protected":false},"featured_media":2172,"comment_status":"closed","ping_status":"closed","template":"","meta":[],"product_brand":[],"product_cat":[225,62,44],"product_tag":[150,149,148],"class_list":{"0":"post-2169","1":"product","2":"type-product","3":"status-publish","4":"has-post-thumbnail","6":"product_cat-rehabilitacija","7":"product_cat-rehabilitacijski-pripomocki","8":"product_cat-ortopedski-pripomocki","9":"product_tag-opornica-prsta","10":"product_tag-podaljsana-opornica-prsta","11":"product_tag-rolyan-sof-stretch","13":"first","14":"instock","15":"taxable","16":"shipping-taxable","17":"product-type-simple"},"yoast_head":"<!-- This site is optimized with the Yoast SEO plugin v24.0 - https:\/\/yoast.com\/wordpress\/plugins\/seo\/ -->\n<title>Rolyan Sof-Stretch podalj\u0161ana opornica prsta - Mi Vam<\/title>\n<meta name=\"description\" content=\"Plastificirana \u017eice Kotno nastavljiva vmesna blazinica Ro\u010dno pranje Su\u0161enje na zraku Brez lateksa  V \u010drni ali beli barvi.\" \/>\n<meta name=\"robots\" content=\"index, follow, max-snippet:-1, max-image-preview:large, max-video-preview:-1\" \/>\n<link rel=\"canonical\" href=\"https:\/\/www.mivam.com\/izdelek\/rolyan-sof-stretch-podaljsana-opornica-prsta\/\" \/>\n<meta property=\"og:locale\" content=\"en_US\" \/>\n<meta property=\"og:type\" content=\"article\" \/>\n<meta property=\"og:title\" content=\"Rolyan Sof-Stretch podalj\u0161ana opornica prsta - Mi Vam\" \/>\n<meta property=\"og:description\" content=\"Plastificirana \u017eice Kotno nastavljiva vmesna blazinica Ro\u010dno pranje Su\u0161enje na zraku Brez lateksa  V \u010drni ali beli barvi.\" \/>\n<meta property=\"og:url\" content=\"https:\/\/www.mivam.com\/izdelek\/rolyan-sof-stretch-podaljsana-opornica-prsta\/\" \/>\n<meta property=\"og:site_name\" content=\"Mi Vam\" \/>\n<meta property=\"article:modified_time\" content=\"2025-05-22T11:09:53+00:00\" \/>\n<meta property=\"og:image\" content=\"https:\/\/www.mivam.com\/wp-content\/uploads\/2020\/12\/a99760-rolyan-sof-stretch-extension-splint-x-small-white-0.jpg\" \/>\n\t<meta property=\"og:image:width\" content=\"1200\" \/>\n\t<meta property=\"og:image:height\" content=\"1200\" \/>\n\t<meta property=\"og:image:type\" content=\"image\/jpeg\" \/>\n<meta name=\"twitter:card\" content=\"summary_large_image\" \/>\n<meta name=\"twitter:label1\" content=\"Est. reading time\" \/>\n\t<meta name=\"twitter:data1\" content=\"1 minute\" \/>\n<script type=\"application\/ld+json\" class=\"yoast-schema-graph\">{\"@context\":\"https:\/\/schema.org\",\"@graph\":[{\"@type\":\"WebPage\",\"@id\":\"https:\/\/www.mivam.com\/izdelek\/rolyan-sof-stretch-podaljsana-opornica-prsta\/\",\"url\":\"https:\/\/www.mivam.com\/izdelek\/rolyan-sof-stretch-podaljsana-opornica-prsta\/\",\"name\":\"Rolyan Sof-Stretch podalj\u0161ana opornica prsta - Mi Vam\",\"isPartOf\":{\"@id\":\"https:\/\/www.mivam.com\/#website\"},\"primaryImageOfPage\":{\"@id\":\"https:\/\/www.mivam.com\/izdelek\/rolyan-sof-stretch-podaljsana-opornica-prsta\/#primaryimage\"},\"image\":{\"@id\":\"https:\/\/www.mivam.com\/izdelek\/rolyan-sof-stretch-podaljsana-opornica-prsta\/#primaryimage\"},\"thumbnailUrl\":\"https:\/\/www.mivam.com\/wp-content\/uploads\/2020\/12\/a99760-rolyan-sof-stretch-extension-splint-x-small-white-0.jpg\",\"datePublished\":\"2020-12-02T08:56:36+00:00\",\"dateModified\":\"2025-05-22T11:09:53+00:00\",\"description\":\"Plastificirana \u017eice Kotno nastavljiva vmesna blazinica Ro\u010dno pranje Su\u0161enje na zraku Brez lateksa V \u010drni ali beli barvi.\",\"breadcrumb\":{\"@id\":\"https:\/\/www.mivam.com\/izdelek\/rolyan-sof-stretch-podaljsana-opornica-prsta\/#breadcrumb\"},\"inLanguage\":\"en-US\",\"potentialAction\":[{\"@type\":\"ReadAction\",\"target\":[\"https:\/\/www.mivam.com\/izdelek\/rolyan-sof-stretch-podaljsana-opornica-prsta\/\"]}]},{\"@type\":\"ImageObject\",\"inLanguage\":\"en-US\",\"@id\":\"https:\/\/www.mivam.com\/izdelek\/rolyan-sof-stretch-podaljsana-opornica-prsta\/#primaryimage\",\"url\":\"https:\/\/www.mivam.com\/wp-content\/uploads\/2020\/12\/a99760-rolyan-sof-stretch-extension-splint-x-small-white-0.jpg\",\"contentUrl\":\"https:\/\/www.mivam.com\/wp-content\/uploads\/2020\/12\/a99760-rolyan-sof-stretch-extension-splint-x-small-white-0.jpg\",\"width\":1200,\"height\":1200},{\"@type\":\"BreadcrumbList\",\"@id\":\"https:\/\/www.mivam.com\/izdelek\/rolyan-sof-stretch-podaljsana-opornica-prsta\/#breadcrumb\",\"itemListElement\":[{\"@type\":\"ListItem\",\"position\":1,\"name\":\"Domov\",\"item\":\"https:\/\/www.mivam.com\/\"},{\"@type\":\"ListItem\",\"position\":2,\"name\":\"Shop\",\"item\":\"https:\/\/www.mivam.com\/en\/shop\/\"},{\"@type\":\"ListItem\",\"position\":3,\"name\":\"Rehabilitacija\",\"item\":\"https:\/\/www.mivam.com\/kategorija-izdelka\/rehabilitacija\/\"},{\"@type\":\"ListItem\",\"position\":4,\"name\":\"Ortopedski pripomo\u010dki\",\"item\":\"https:\/\/www.mivam.com\/kategorija-izdelka\/rehabilitacija\/ortopedski-pripomocki\/\"},{\"@type\":\"ListItem\",\"position\":5,\"name\":\"Rolyan Sof-Stretch podalj\u0161ana opornica prsta\"}]},{\"@type\":\"WebSite\",\"@id\":\"https:\/\/www.mivam.com\/#website\",\"url\":\"https:\/\/www.mivam.com\/\",\"name\":\"Mi Vam\",\"description\":\"Medicinski pripomo\u010dki in re\u0161itve za manj odvisno \u017eivljenje.\",\"potentialAction\":[{\"@type\":\"SearchAction\",\"target\":{\"@type\":\"EntryPoint\",\"urlTemplate\":\"https:\/\/www.mivam.com\/?s={search_term_string}\"},\"query-input\":{\"@type\":\"PropertyValueSpecification\",\"valueRequired\":true,\"valueName\":\"search_term_string\"}}],\"inLanguage\":\"en-US\"}]}<\/script>\n<!-- \/ Yoast SEO plugin. -->","yoast_head_json":{"title":"Rolyan Sof-Stretch podalj\u0161ana opornica prsta - Mi Vam","description":"Plastificirana \u017eice Kotno nastavljiva vmesna blazinica Ro\u010dno pranje Su\u0161enje na zraku Brez lateksa  V \u010drni ali beli barvi.","robots":{"index":"index","follow":"follow","max-snippet":"max-snippet:-1","max-image-preview":"max-image-preview:large","max-video-preview":"max-video-preview:-1"},"canonical":"https:\/\/www.mivam.com\/izdelek\/rolyan-sof-stretch-podaljsana-opornica-prsta\/","og_locale":"en_US","og_type":"article","og_title":"Rolyan Sof-Stretch podalj\u0161ana opornica prsta - Mi Vam","og_description":"Plastificirana \u017eice Kotno nastavljiva vmesna blazinica Ro\u010dno pranje Su\u0161enje na zraku Brez lateksa  V \u010drni ali beli barvi.","og_url":"https:\/\/www.mivam.com\/izdelek\/rolyan-sof-stretch-podaljsana-opornica-prsta\/","og_site_name":"Mi Vam","article_modified_time":"2025-05-22T11:09:53+00:00","og_image":[{"width":1200,"height":1200,"url":"https:\/\/www.mivam.com\/wp-content\/uploads\/2020\/12\/a99760-rolyan-sof-stretch-extension-splint-x-small-white-0.jpg","type":"image\/jpeg"}],"twitter_card":"summary_large_image","twitter_misc":{"Est. reading time":"1 minute"},"schema":{"@context":"https:\/\/schema.org","@graph":[{"@type":"WebPage","@id":"https:\/\/www.mivam.com\/izdelek\/rolyan-sof-stretch-podaljsana-opornica-prsta\/","url":"https:\/\/www.mivam.com\/izdelek\/rolyan-sof-stretch-podaljsana-opornica-prsta\/","name":"Rolyan Sof-Stretch podalj\u0161ana opornica prsta - Mi Vam","isPartOf":{"@id":"https:\/\/www.mivam.com\/#website"},"primaryImageOfPage":{"@id":"https:\/\/www.mivam.com\/izdelek\/rolyan-sof-stretch-podaljsana-opornica-prsta\/#primaryimage"},"image":{"@id":"https:\/\/www.mivam.com\/izdelek\/rolyan-sof-stretch-podaljsana-opornica-prsta\/#primaryimage"},"thumbnailUrl":"https:\/\/www.mivam.com\/wp-content\/uploads\/2020\/12\/a99760-rolyan-sof-stretch-extension-splint-x-small-white-0.jpg","datePublished":"2020-12-02T08:56:36+00:00","dateModified":"2025-05-22T11:09:53+00:00","description":"Plastificirana \u017eice Kotno nastavljiva vmesna blazinica Ro\u010dno pranje Su\u0161enje na zraku Brez lateksa V \u010drni ali beli barvi.","breadcrumb":{"@id":"https:\/\/www.mivam.com\/izdelek\/rolyan-sof-stretch-podaljsana-opornica-prsta\/#breadcrumb"},"inLanguage":"en-US","potentialAction":[{"@type":"ReadAction","target":["https:\/\/www.mivam.com\/izdelek\/rolyan-sof-stretch-podaljsana-opornica-prsta\/"]}]},{"@type":"ImageObject","inLanguage":"en-US","@id":"https:\/\/www.mivam.com\/izdelek\/rolyan-sof-stretch-podaljsana-opornica-prsta\/#primaryimage","url":"https:\/\/www.mivam.com\/wp-content\/uploads\/2020\/12\/a99760-rolyan-sof-stretch-extension-splint-x-small-white-0.jpg","contentUrl":"https:\/\/www.mivam.com\/wp-content\/uploads\/2020\/12\/a99760-rolyan-sof-stretch-extension-splint-x-small-white-0.jpg","width":1200,"height":1200},{"@type":"BreadcrumbList","@id":"https:\/\/www.mivam.com\/izdelek\/rolyan-sof-stretch-podaljsana-opornica-prsta\/#breadcrumb","itemListElement":[{"@type":"ListItem","position":1,"name":"Domov","item":"https:\/\/www.mivam.com\/"},{"@type":"ListItem","position":2,"name":"Shop","item":"https:\/\/www.mivam.com\/en\/shop\/"},{"@type":"ListItem","position":3,"name":"Rehabilitacija","item":"https:\/\/www.mivam.com\/kategorija-izdelka\/rehabilitacija\/"},{"@type":"ListItem","position":4,"name":"Ortopedski pripomo\u010dki","item":"https:\/\/www.mivam.com\/kategorija-izdelka\/rehabilitacija\/ortopedski-pripomocki\/"},{"@type":"ListItem","position":5,"name":"Rolyan Sof-Stretch podalj\u0161ana opornica prsta"}]},{"@type":"WebSite","@id":"https:\/\/www.mivam.com\/#website","url":"https:\/\/www.mivam.com\/","name":"Mi Vam","description":"Medicinski pripomo\u010dki in re\u0161itve za manj odvisno \u017eivljenje.","potentialAction":[{"@type":"SearchAction","target":{"@type":"EntryPoint","urlTemplate":"https:\/\/www.mivam.com\/?s={search_term_string}"},"query-input":{"@type":"PropertyValueSpecification","valueRequired":true,"valueName":"search_term_string"}}],"inLanguage":"en-US"}]}},"_links":{"self":[{"href":"https:\/\/www.mivam.com\/en\/wp-json\/wp\/v2\/product\/2169","targetHints":{"allow":["GET"]}}],"collection":[{"href":"https:\/\/www.mivam.com\/en\/wp-json\/wp\/v2\/product"}],"about":[{"href":"https:\/\/www.mivam.com\/en\/wp-json\/wp\/v2\/types\/product"}],"replies":[{"embeddable":true,"href":"https:\/\/www.mivam.com\/en\/wp-json\/wp\/v2\/comments?post=2169"}],"wp:featuredmedia":[{"embeddable":true,"href":"https:\/\/www.mivam.com\/en\/wp-json\/wp\/v2\/media\/2172"}],"wp:attachment":[{"href":"https:\/\/www.mivam.com\/en\/wp-json\/wp\/v2\/media?parent=2169"}],"wp:term":[{"taxonomy":"product_brand","embeddable":true,"href":"https:\/\/www.mivam.com\/en\/wp-json\/wp\/v2\/product_brand?post=2169"},{"taxonomy":"product_cat","embeddable":true,"href":"https:\/\/www.mivam.com\/en\/wp-json\/wp\/v2\/product_cat?post=2169"},{"taxonomy":"product_tag","embeddable":true,"href":"https:\/\/www.mivam.com\/en\/wp-json\/wp\/v2\/product_tag?post=2169"}],"curies":[{"name":"wp","href":"https:\/\/api.w.org\/{rel}","templated":true}]}}