{"id":2162,"date":"2020-12-01T14:38:59","date_gmt":"2020-12-01T13:38:59","guid":{"rendered":"https:\/\/www.mivam.com\/?post_type=product&#038;p=2162"},"modified":"2025-05-08T11:06:06","modified_gmt":"2025-05-08T09:06:06","slug":"vzglavnik-tempur-symphony","status":"publish","type":"product","link":"https:\/\/www.mivam.com\/en\/izdelek\/vzglavnik-tempur-symphony\/","title":{"rendered":"Vzglavnik Tempur Symphony"},"content":{"rendered":"<p>Mehkej\u0161a formula materiala TEMPUR se popolnoma ujema z edinstvenim dvo-stranskim dizajnom, ki nudi dva vzglavnika v enem in je zato primeren za vse tiste, ki spite na boku ali hrbtu. Je mehkej\u0161i in hkrati \u0161e vedno zagotavlja ustrezno podporo. Rahlo izbo\u010dena stran zagotavlja dodatno oporo glavi in vratu, kadar spite na hrbtu, medtem ko druga stran nudi bolj tradicionalen ob\u010dutek in je primerna za spanje na boku, saj ima predviden prostor za ramo.<\/p>\n<ul>\n<li>Vzglavnik S (63x43x11 cm),<\/li>\n<li>Vzglavnik M (63x43x12.5 cm),<\/li>\n<li>Vzglavnik L (63x43x14 cm)<\/li>\n<\/ul>\n<p><img decoding=\"async\" class=\"alignnone size-full wp-image-2163\" src=\"https:\/\/www.mivam.com\/wp-content\/uploads\/2020\/12\/14746410445719-14743767212522-polstar-tempur-symphony-02.jpg\" alt=\"\" width=\"456\" height=\"304\" srcset=\"https:\/\/www.mivam.com\/wp-content\/uploads\/2020\/12\/14746410445719-14743767212522-polstar-tempur-symphony-02.jpg 456w, https:\/\/www.mivam.com\/wp-content\/uploads\/2020\/12\/14746410445719-14743767212522-polstar-tempur-symphony-02-300x200.jpg 300w\" sizes=\"(max-width: 456px) 100vw, 456px\" \/><\/p>\n","protected":false},"excerpt":{"rendered":"<p>Vzglavnik Tempur Symphony razli\u010dnih velikosti in prevlek (standard ali SMARTCOOL). Dobavni rok: 5-7 dni<\/p>\n","protected":false},"featured_media":2164,"comment_status":"closed","ping_status":"closed","template":"","meta":[],"product_brand":[],"product_cat":[228,74],"product_tag":[151,82,84],"class_list":{"0":"post-2162","1":"product","2":"type-product","3":"status-publish","4":"has-post-thumbnail","6":"product_cat-za-vsakdanjo-uporabo","7":"product_cat-vzglavniki-in-vzmetnice","8":"product_tag-symphony","9":"product_tag-tempur","10":"product_tag-vzglavnik","12":"first","13":"onbackorder","14":"taxable","15":"shipping-taxable","16":"product-type-simple"},"yoast_head":"<!-- This site is optimized with the Yoast SEO plugin v24.0 - https:\/\/yoast.com\/wordpress\/plugins\/seo\/ -->\n<title>Vzglavnik Tempur Symphony - Mi Vam<\/title>\n<meta name=\"description\" content=\"Vzglavnik Tempur Symphony razli\u010dnih velikosti in prevlek (standard ali SMARTCOOL). Dobavni rok: 5-7 dni\" \/>\n<meta name=\"robots\" content=\"index, follow, max-snippet:-1, max-image-preview:large, max-video-preview:-1\" \/>\n<link rel=\"canonical\" href=\"https:\/\/www.mivam.com\/izdelek\/vzglavnik-tempur-symphony\/\" \/>\n<meta property=\"og:locale\" content=\"en_US\" \/>\n<meta property=\"og:type\" content=\"article\" \/>\n<meta property=\"og:title\" content=\"Vzglavnik Tempur Symphony - Mi Vam\" \/>\n<meta property=\"og:description\" content=\"Vzglavnik Tempur Symphony razli\u010dnih velikosti in prevlek (standard ali SMARTCOOL). Dobavni rok: 5-7 dni\" \/>\n<meta property=\"og:url\" content=\"https:\/\/www.mivam.com\/izdelek\/vzglavnik-tempur-symphony\/\" \/>\n<meta property=\"og:site_name\" content=\"Mi Vam\" \/>\n<meta property=\"article:modified_time\" content=\"2025-05-08T09:06:06+00:00\" \/>\n<meta property=\"og:image\" content=\"https:\/\/www.mivam.com\/wp-content\/uploads\/2020\/12\/tempur-symphony-pillow-tsp-s-distrac-group-31.jpg\" \/>\n\t<meta property=\"og:image:width\" content=\"650\" \/>\n\t<meta property=\"og:image:height\" content=\"650\" \/>\n\t<meta property=\"og:image:type\" content=\"image\/jpeg\" \/>\n<meta name=\"twitter:card\" content=\"summary_large_image\" \/>\n<meta name=\"twitter:label1\" content=\"Est. reading time\" \/>\n\t<meta name=\"twitter:data1\" content=\"1 minute\" \/>\n<script type=\"application\/ld+json\" class=\"yoast-schema-graph\">{\"@context\":\"https:\/\/schema.org\",\"@graph\":[{\"@type\":\"WebPage\",\"@id\":\"https:\/\/www.mivam.com\/izdelek\/vzglavnik-tempur-symphony\/\",\"url\":\"https:\/\/www.mivam.com\/izdelek\/vzglavnik-tempur-symphony\/\",\"name\":\"Vzglavnik Tempur Symphony - Mi Vam\",\"isPartOf\":{\"@id\":\"https:\/\/www.mivam.com\/#website\"},\"primaryImageOfPage\":{\"@id\":\"https:\/\/www.mivam.com\/izdelek\/vzglavnik-tempur-symphony\/#primaryimage\"},\"image\":{\"@id\":\"https:\/\/www.mivam.com\/izdelek\/vzglavnik-tempur-symphony\/#primaryimage\"},\"thumbnailUrl\":\"https:\/\/www.mivam.com\/wp-content\/uploads\/2020\/12\/tempur-symphony-pillow-tsp-s-distrac-group-31.jpg\",\"datePublished\":\"2020-12-01T13:38:59+00:00\",\"dateModified\":\"2025-05-08T09:06:06+00:00\",\"description\":\"Vzglavnik Tempur Symphony razli\u010dnih velikosti in prevlek (standard ali SMARTCOOL). Dobavni rok: 5-7 dni\",\"breadcrumb\":{\"@id\":\"https:\/\/www.mivam.com\/izdelek\/vzglavnik-tempur-symphony\/#breadcrumb\"},\"inLanguage\":\"en-US\",\"potentialAction\":[{\"@type\":\"ReadAction\",\"target\":[\"https:\/\/www.mivam.com\/izdelek\/vzglavnik-tempur-symphony\/\"]}]},{\"@type\":\"ImageObject\",\"inLanguage\":\"en-US\",\"@id\":\"https:\/\/www.mivam.com\/izdelek\/vzglavnik-tempur-symphony\/#primaryimage\",\"url\":\"https:\/\/www.mivam.com\/wp-content\/uploads\/2020\/12\/tempur-symphony-pillow-tsp-s-distrac-group-31.jpg\",\"contentUrl\":\"https:\/\/www.mivam.com\/wp-content\/uploads\/2020\/12\/tempur-symphony-pillow-tsp-s-distrac-group-31.jpg\",\"width\":650,\"height\":650},{\"@type\":\"BreadcrumbList\",\"@id\":\"https:\/\/www.mivam.com\/izdelek\/vzglavnik-tempur-symphony\/#breadcrumb\",\"itemListElement\":[{\"@type\":\"ListItem\",\"position\":1,\"name\":\"Domov\",\"item\":\"https:\/\/www.mivam.com\/\"},{\"@type\":\"ListItem\",\"position\":2,\"name\":\"Shop\",\"item\":\"https:\/\/www.mivam.com\/en\/shop\/\"},{\"@type\":\"ListItem\",\"position\":3,\"name\":\"Za vsakdanjo uporabo\",\"item\":\"https:\/\/www.mivam.com\/kategorija-izdelka\/za-vsakdanjo-uporabo\/\"},{\"@type\":\"ListItem\",\"position\":4,\"name\":\"Vzglavniki in vzmetnice\",\"item\":\"https:\/\/www.mivam.com\/kategorija-izdelka\/za-vsakdanjo-uporabo\/vzglavniki-in-vzmetnice\/\"},{\"@type\":\"ListItem\",\"position\":5,\"name\":\"Vzglavnik Tempur Symphony\"}]},{\"@type\":\"WebSite\",\"@id\":\"https:\/\/www.mivam.com\/#website\",\"url\":\"https:\/\/www.mivam.com\/\",\"name\":\"Mi Vam\",\"description\":\"Medicinski pripomo\u010dki in re\u0161itve za manj odvisno \u017eivljenje.\",\"potentialAction\":[{\"@type\":\"SearchAction\",\"target\":{\"@type\":\"EntryPoint\",\"urlTemplate\":\"https:\/\/www.mivam.com\/?s={search_term_string}\"},\"query-input\":{\"@type\":\"PropertyValueSpecification\",\"valueRequired\":true,\"valueName\":\"search_term_string\"}}],\"inLanguage\":\"en-US\"}]}<\/script>\n<!-- \/ Yoast SEO plugin. -->","yoast_head_json":{"title":"Vzglavnik Tempur Symphony - Mi Vam","description":"Vzglavnik Tempur Symphony razli\u010dnih velikosti in prevlek (standard ali SMARTCOOL). Dobavni rok: 5-7 dni","robots":{"index":"index","follow":"follow","max-snippet":"max-snippet:-1","max-image-preview":"max-image-preview:large","max-video-preview":"max-video-preview:-1"},"canonical":"https:\/\/www.mivam.com\/izdelek\/vzglavnik-tempur-symphony\/","og_locale":"en_US","og_type":"article","og_title":"Vzglavnik Tempur Symphony - Mi Vam","og_description":"Vzglavnik Tempur Symphony razli\u010dnih velikosti in prevlek (standard ali SMARTCOOL). Dobavni rok: 5-7 dni","og_url":"https:\/\/www.mivam.com\/izdelek\/vzglavnik-tempur-symphony\/","og_site_name":"Mi Vam","article_modified_time":"2025-05-08T09:06:06+00:00","og_image":[{"width":650,"height":650,"url":"https:\/\/www.mivam.com\/wp-content\/uploads\/2020\/12\/tempur-symphony-pillow-tsp-s-distrac-group-31.jpg","type":"image\/jpeg"}],"twitter_card":"summary_large_image","twitter_misc":{"Est. reading time":"1 minute"},"schema":{"@context":"https:\/\/schema.org","@graph":[{"@type":"WebPage","@id":"https:\/\/www.mivam.com\/izdelek\/vzglavnik-tempur-symphony\/","url":"https:\/\/www.mivam.com\/izdelek\/vzglavnik-tempur-symphony\/","name":"Vzglavnik Tempur Symphony - Mi Vam","isPartOf":{"@id":"https:\/\/www.mivam.com\/#website"},"primaryImageOfPage":{"@id":"https:\/\/www.mivam.com\/izdelek\/vzglavnik-tempur-symphony\/#primaryimage"},"image":{"@id":"https:\/\/www.mivam.com\/izdelek\/vzglavnik-tempur-symphony\/#primaryimage"},"thumbnailUrl":"https:\/\/www.mivam.com\/wp-content\/uploads\/2020\/12\/tempur-symphony-pillow-tsp-s-distrac-group-31.jpg","datePublished":"2020-12-01T13:38:59+00:00","dateModified":"2025-05-08T09:06:06+00:00","description":"Vzglavnik Tempur Symphony razli\u010dnih velikosti in prevlek (standard ali SMARTCOOL). Dobavni rok: 5-7 dni","breadcrumb":{"@id":"https:\/\/www.mivam.com\/izdelek\/vzglavnik-tempur-symphony\/#breadcrumb"},"inLanguage":"en-US","potentialAction":[{"@type":"ReadAction","target":["https:\/\/www.mivam.com\/izdelek\/vzglavnik-tempur-symphony\/"]}]},{"@type":"ImageObject","inLanguage":"en-US","@id":"https:\/\/www.mivam.com\/izdelek\/vzglavnik-tempur-symphony\/#primaryimage","url":"https:\/\/www.mivam.com\/wp-content\/uploads\/2020\/12\/tempur-symphony-pillow-tsp-s-distrac-group-31.jpg","contentUrl":"https:\/\/www.mivam.com\/wp-content\/uploads\/2020\/12\/tempur-symphony-pillow-tsp-s-distrac-group-31.jpg","width":650,"height":650},{"@type":"BreadcrumbList","@id":"https:\/\/www.mivam.com\/izdelek\/vzglavnik-tempur-symphony\/#breadcrumb","itemListElement":[{"@type":"ListItem","position":1,"name":"Domov","item":"https:\/\/www.mivam.com\/"},{"@type":"ListItem","position":2,"name":"Shop","item":"https:\/\/www.mivam.com\/en\/shop\/"},{"@type":"ListItem","position":3,"name":"Za vsakdanjo uporabo","item":"https:\/\/www.mivam.com\/kategorija-izdelka\/za-vsakdanjo-uporabo\/"},{"@type":"ListItem","position":4,"name":"Vzglavniki in vzmetnice","item":"https:\/\/www.mivam.com\/kategorija-izdelka\/za-vsakdanjo-uporabo\/vzglavniki-in-vzmetnice\/"},{"@type":"ListItem","position":5,"name":"Vzglavnik Tempur Symphony"}]},{"@type":"WebSite","@id":"https:\/\/www.mivam.com\/#website","url":"https:\/\/www.mivam.com\/","name":"Mi Vam","description":"Medicinski pripomo\u010dki in re\u0161itve za manj odvisno \u017eivljenje.","potentialAction":[{"@type":"SearchAction","target":{"@type":"EntryPoint","urlTemplate":"https:\/\/www.mivam.com\/?s={search_term_string}"},"query-input":{"@type":"PropertyValueSpecification","valueRequired":true,"valueName":"search_term_string"}}],"inLanguage":"en-US"}]}},"_links":{"self":[{"href":"https:\/\/www.mivam.com\/en\/wp-json\/wp\/v2\/product\/2162","targetHints":{"allow":["GET"]}}],"collection":[{"href":"https:\/\/www.mivam.com\/en\/wp-json\/wp\/v2\/product"}],"about":[{"href":"https:\/\/www.mivam.com\/en\/wp-json\/wp\/v2\/types\/product"}],"replies":[{"embeddable":true,"href":"https:\/\/www.mivam.com\/en\/wp-json\/wp\/v2\/comments?post=2162"}],"wp:featuredmedia":[{"embeddable":true,"href":"https:\/\/www.mivam.com\/en\/wp-json\/wp\/v2\/media\/2164"}],"wp:attachment":[{"href":"https:\/\/www.mivam.com\/en\/wp-json\/wp\/v2\/media?parent=2162"}],"wp:term":[{"taxonomy":"product_brand","embeddable":true,"href":"https:\/\/www.mivam.com\/en\/wp-json\/wp\/v2\/product_brand?post=2162"},{"taxonomy":"product_cat","embeddable":true,"href":"https:\/\/www.mivam.com\/en\/wp-json\/wp\/v2\/product_cat?post=2162"},{"taxonomy":"product_tag","embeddable":true,"href":"https:\/\/www.mivam.com\/en\/wp-json\/wp\/v2\/product_tag?post=2162"}],"curies":[{"name":"wp","href":"https:\/\/api.w.org\/{rel}","templated":true}]}}