{"id":2153,"date":"2020-12-01T14:29:54","date_gmt":"2020-12-01T13:29:54","guid":{"rendered":"https:\/\/www.mivam.com\/?post_type=product&#038;p=2153"},"modified":"2025-05-22T13:12:06","modified_gmt":"2025-05-22T11:12:06","slug":"vzglavnik-tempur-millennium","status":"publish","type":"product","link":"https:\/\/www.mivam.com\/en\/izdelek\/vzglavnik-tempur-millennium\/","title":{"rendered":"Vzglavnik Tempur Millennium"},"content":{"rendered":"<p>Anatomsko oblikovan \u2013 ima privzdignjen in izrezan notranji rob, ki zagotavlja terapevtsko oporo zgornjim vretencem, saj zaobjame va\u0161 vrat in ga fiksira, tako da ostane zravnan, medtem ko spite predvsem na boku in ob\u010dasno na hrbtu. Izrez je predviden za ramo, saj omogo\u010da, da glavo pribli\u017eamo k podlagi, ne da bi pri tem izpodrivali vzglavnik navzgor. S spodnje strani pa je prostor namenjen dlani, in sicer za tiste, ki radi z roko podpirate glavo, tako da roko prislonite pod vzglavnik. Priporo\u010da se vsem tistim, ki ne \u017eelijo le udobnega spanja, temve\u010d potrebujejo ustrezno terapevtsko oporo.<\/p>\n<ul>\n<li>(Small) 54(dol\u017eina) x 32(globina) x 9.5\/5 cm(debelina)<\/li>\n<li>(Medium) 54 x 32 x 11\/6 cm<\/li>\n<li>(Large) 54 x 32 x 12.5\/7 cm<\/li>\n<\/ul>\n<p><img decoding=\"async\" class=\"size-full wp-image-2154 aligncenter\" src=\"https:\/\/www.mivam.com\/wp-content\/uploads\/2020\/12\/14746412701346-14743766995846-polstar-tempur-millenium-02.jpg\" alt=\"\" width=\"456\" height=\"304\" srcset=\"https:\/\/www.mivam.com\/wp-content\/uploads\/2020\/12\/14746412701346-14743766995846-polstar-tempur-millenium-02.jpg 456w, https:\/\/www.mivam.com\/wp-content\/uploads\/2020\/12\/14746412701346-14743766995846-polstar-tempur-millenium-02-300x200.jpg 300w\" sizes=\"(max-width: 456px) 100vw, 456px\" \/><\/p>\n","protected":false},"excerpt":{"rendered":"<p>Tempur vzglavnik iz spominske pene Millennium. Mo\u017ene razli\u010dne prevleke kot so SMARTCOOL. Dobavni rok: 5-7 dni<\/p>\n","protected":false},"featured_media":2155,"comment_status":"closed","ping_status":"closed","template":"","meta":[],"product_brand":[],"product_cat":[228,74],"product_tag":[153,82,84],"class_list":{"0":"post-2153","1":"product","2":"type-product","3":"status-publish","4":"has-post-thumbnail","6":"product_cat-za-vsakdanjo-uporabo","7":"product_cat-vzglavniki-in-vzmetnice","8":"product_tag-millennium","9":"product_tag-tempur","10":"product_tag-vzglavnik","12":"first","13":"onbackorder","14":"taxable","15":"shipping-taxable","16":"product-type-simple"},"yoast_head":"<!-- This site is optimized with the Yoast SEO plugin v24.0 - https:\/\/yoast.com\/wordpress\/plugins\/seo\/ -->\n<title>Vzglavnik Tempur Millennium - Mi Vam<\/title>\n<meta name=\"description\" content=\"Tempur vzglavnik iz spominske pene Millennium. Mo\u017ene razli\u010dne prevleke kot so SMARTCOOL. Dobavni rok: 5-7 dni\" \/>\n<meta name=\"robots\" content=\"index, follow, max-snippet:-1, max-image-preview:large, max-video-preview:-1\" \/>\n<link rel=\"canonical\" href=\"https:\/\/www.mivam.com\/izdelek\/vzglavnik-tempur-millennium\/\" \/>\n<meta property=\"og:locale\" content=\"en_US\" \/>\n<meta property=\"og:type\" content=\"article\" \/>\n<meta property=\"og:title\" content=\"Vzglavnik Tempur Millennium - Mi Vam\" \/>\n<meta property=\"og:description\" content=\"Tempur vzglavnik iz spominske pene Millennium. Mo\u017ene razli\u010dne prevleke kot so SMARTCOOL. Dobavni rok: 5-7 dni\" \/>\n<meta property=\"og:url\" content=\"https:\/\/www.mivam.com\/izdelek\/vzglavnik-tempur-millennium\/\" \/>\n<meta property=\"og:site_name\" content=\"Mi Vam\" \/>\n<meta property=\"article:modified_time\" content=\"2025-05-22T11:12:06+00:00\" \/>\n<meta property=\"og:image\" content=\"https:\/\/www.mivam.com\/wp-content\/uploads\/2020\/12\/tempur-millennium-pillow.jpg\" \/>\n\t<meta property=\"og:image:width\" content=\"790\" \/>\n\t<meta property=\"og:image:height\" content=\"426\" \/>\n\t<meta property=\"og:image:type\" content=\"image\/jpeg\" \/>\n<meta name=\"twitter:card\" content=\"summary_large_image\" \/>\n<meta name=\"twitter:label1\" content=\"Est. reading time\" \/>\n\t<meta name=\"twitter:data1\" content=\"2 minutes\" \/>\n<script type=\"application\/ld+json\" class=\"yoast-schema-graph\">{\"@context\":\"https:\/\/schema.org\",\"@graph\":[{\"@type\":\"WebPage\",\"@id\":\"https:\/\/www.mivam.com\/izdelek\/vzglavnik-tempur-millennium\/\",\"url\":\"https:\/\/www.mivam.com\/izdelek\/vzglavnik-tempur-millennium\/\",\"name\":\"Vzglavnik Tempur Millennium - Mi Vam\",\"isPartOf\":{\"@id\":\"https:\/\/www.mivam.com\/#website\"},\"primaryImageOfPage\":{\"@id\":\"https:\/\/www.mivam.com\/izdelek\/vzglavnik-tempur-millennium\/#primaryimage\"},\"image\":{\"@id\":\"https:\/\/www.mivam.com\/izdelek\/vzglavnik-tempur-millennium\/#primaryimage\"},\"thumbnailUrl\":\"https:\/\/www.mivam.com\/wp-content\/uploads\/2020\/12\/tempur-millennium-pillow.jpg\",\"datePublished\":\"2020-12-01T13:29:54+00:00\",\"dateModified\":\"2025-05-22T11:12:06+00:00\",\"description\":\"Tempur vzglavnik iz spominske pene Millennium. Mo\u017ene razli\u010dne prevleke kot so SMARTCOOL. Dobavni rok: 5-7 dni\",\"breadcrumb\":{\"@id\":\"https:\/\/www.mivam.com\/izdelek\/vzglavnik-tempur-millennium\/#breadcrumb\"},\"inLanguage\":\"en-US\",\"potentialAction\":[{\"@type\":\"ReadAction\",\"target\":[\"https:\/\/www.mivam.com\/izdelek\/vzglavnik-tempur-millennium\/\"]}]},{\"@type\":\"ImageObject\",\"inLanguage\":\"en-US\",\"@id\":\"https:\/\/www.mivam.com\/izdelek\/vzglavnik-tempur-millennium\/#primaryimage\",\"url\":\"https:\/\/www.mivam.com\/wp-content\/uploads\/2020\/12\/tempur-millennium-pillow.jpg\",\"contentUrl\":\"https:\/\/www.mivam.com\/wp-content\/uploads\/2020\/12\/tempur-millennium-pillow.jpg\",\"width\":790,\"height\":426},{\"@type\":\"BreadcrumbList\",\"@id\":\"https:\/\/www.mivam.com\/izdelek\/vzglavnik-tempur-millennium\/#breadcrumb\",\"itemListElement\":[{\"@type\":\"ListItem\",\"position\":1,\"name\":\"Domov\",\"item\":\"https:\/\/www.mivam.com\/\"},{\"@type\":\"ListItem\",\"position\":2,\"name\":\"Shop\",\"item\":\"https:\/\/www.mivam.com\/en\/shop\/\"},{\"@type\":\"ListItem\",\"position\":3,\"name\":\"Za vsakdanjo uporabo\",\"item\":\"https:\/\/www.mivam.com\/kategorija-izdelka\/za-vsakdanjo-uporabo\/\"},{\"@type\":\"ListItem\",\"position\":4,\"name\":\"Vzglavniki in vzmetnice\",\"item\":\"https:\/\/www.mivam.com\/kategorija-izdelka\/za-vsakdanjo-uporabo\/vzglavniki-in-vzmetnice\/\"},{\"@type\":\"ListItem\",\"position\":5,\"name\":\"Vzglavnik Tempur Millennium\"}]},{\"@type\":\"WebSite\",\"@id\":\"https:\/\/www.mivam.com\/#website\",\"url\":\"https:\/\/www.mivam.com\/\",\"name\":\"Mi Vam\",\"description\":\"Medicinski pripomo\u010dki in re\u0161itve za manj odvisno \u017eivljenje.\",\"potentialAction\":[{\"@type\":\"SearchAction\",\"target\":{\"@type\":\"EntryPoint\",\"urlTemplate\":\"https:\/\/www.mivam.com\/?s={search_term_string}\"},\"query-input\":{\"@type\":\"PropertyValueSpecification\",\"valueRequired\":true,\"valueName\":\"search_term_string\"}}],\"inLanguage\":\"en-US\"}]}<\/script>\n<!-- \/ Yoast SEO plugin. -->","yoast_head_json":{"title":"Vzglavnik Tempur Millennium - Mi Vam","description":"Tempur vzglavnik iz spominske pene Millennium. Mo\u017ene razli\u010dne prevleke kot so SMARTCOOL. Dobavni rok: 5-7 dni","robots":{"index":"index","follow":"follow","max-snippet":"max-snippet:-1","max-image-preview":"max-image-preview:large","max-video-preview":"max-video-preview:-1"},"canonical":"https:\/\/www.mivam.com\/izdelek\/vzglavnik-tempur-millennium\/","og_locale":"en_US","og_type":"article","og_title":"Vzglavnik Tempur Millennium - Mi Vam","og_description":"Tempur vzglavnik iz spominske pene Millennium. Mo\u017ene razli\u010dne prevleke kot so SMARTCOOL. Dobavni rok: 5-7 dni","og_url":"https:\/\/www.mivam.com\/izdelek\/vzglavnik-tempur-millennium\/","og_site_name":"Mi Vam","article_modified_time":"2025-05-22T11:12:06+00:00","og_image":[{"width":790,"height":426,"url":"https:\/\/www.mivam.com\/wp-content\/uploads\/2020\/12\/tempur-millennium-pillow.jpg","type":"image\/jpeg"}],"twitter_card":"summary_large_image","twitter_misc":{"Est. reading time":"2 minutes"},"schema":{"@context":"https:\/\/schema.org","@graph":[{"@type":"WebPage","@id":"https:\/\/www.mivam.com\/izdelek\/vzglavnik-tempur-millennium\/","url":"https:\/\/www.mivam.com\/izdelek\/vzglavnik-tempur-millennium\/","name":"Vzglavnik Tempur Millennium - Mi Vam","isPartOf":{"@id":"https:\/\/www.mivam.com\/#website"},"primaryImageOfPage":{"@id":"https:\/\/www.mivam.com\/izdelek\/vzglavnik-tempur-millennium\/#primaryimage"},"image":{"@id":"https:\/\/www.mivam.com\/izdelek\/vzglavnik-tempur-millennium\/#primaryimage"},"thumbnailUrl":"https:\/\/www.mivam.com\/wp-content\/uploads\/2020\/12\/tempur-millennium-pillow.jpg","datePublished":"2020-12-01T13:29:54+00:00","dateModified":"2025-05-22T11:12:06+00:00","description":"Tempur vzglavnik iz spominske pene Millennium. Mo\u017ene razli\u010dne prevleke kot so SMARTCOOL. Dobavni rok: 5-7 dni","breadcrumb":{"@id":"https:\/\/www.mivam.com\/izdelek\/vzglavnik-tempur-millennium\/#breadcrumb"},"inLanguage":"en-US","potentialAction":[{"@type":"ReadAction","target":["https:\/\/www.mivam.com\/izdelek\/vzglavnik-tempur-millennium\/"]}]},{"@type":"ImageObject","inLanguage":"en-US","@id":"https:\/\/www.mivam.com\/izdelek\/vzglavnik-tempur-millennium\/#primaryimage","url":"https:\/\/www.mivam.com\/wp-content\/uploads\/2020\/12\/tempur-millennium-pillow.jpg","contentUrl":"https:\/\/www.mivam.com\/wp-content\/uploads\/2020\/12\/tempur-millennium-pillow.jpg","width":790,"height":426},{"@type":"BreadcrumbList","@id":"https:\/\/www.mivam.com\/izdelek\/vzglavnik-tempur-millennium\/#breadcrumb","itemListElement":[{"@type":"ListItem","position":1,"name":"Domov","item":"https:\/\/www.mivam.com\/"},{"@type":"ListItem","position":2,"name":"Shop","item":"https:\/\/www.mivam.com\/en\/shop\/"},{"@type":"ListItem","position":3,"name":"Za vsakdanjo uporabo","item":"https:\/\/www.mivam.com\/kategorija-izdelka\/za-vsakdanjo-uporabo\/"},{"@type":"ListItem","position":4,"name":"Vzglavniki in vzmetnice","item":"https:\/\/www.mivam.com\/kategorija-izdelka\/za-vsakdanjo-uporabo\/vzglavniki-in-vzmetnice\/"},{"@type":"ListItem","position":5,"name":"Vzglavnik Tempur Millennium"}]},{"@type":"WebSite","@id":"https:\/\/www.mivam.com\/#website","url":"https:\/\/www.mivam.com\/","name":"Mi Vam","description":"Medicinski pripomo\u010dki in re\u0161itve za manj odvisno \u017eivljenje.","potentialAction":[{"@type":"SearchAction","target":{"@type":"EntryPoint","urlTemplate":"https:\/\/www.mivam.com\/?s={search_term_string}"},"query-input":{"@type":"PropertyValueSpecification","valueRequired":true,"valueName":"search_term_string"}}],"inLanguage":"en-US"}]}},"_links":{"self":[{"href":"https:\/\/www.mivam.com\/en\/wp-json\/wp\/v2\/product\/2153","targetHints":{"allow":["GET"]}}],"collection":[{"href":"https:\/\/www.mivam.com\/en\/wp-json\/wp\/v2\/product"}],"about":[{"href":"https:\/\/www.mivam.com\/en\/wp-json\/wp\/v2\/types\/product"}],"replies":[{"embeddable":true,"href":"https:\/\/www.mivam.com\/en\/wp-json\/wp\/v2\/comments?post=2153"}],"wp:featuredmedia":[{"embeddable":true,"href":"https:\/\/www.mivam.com\/en\/wp-json\/wp\/v2\/media\/2155"}],"wp:attachment":[{"href":"https:\/\/www.mivam.com\/en\/wp-json\/wp\/v2\/media?parent=2153"}],"wp:term":[{"taxonomy":"product_brand","embeddable":true,"href":"https:\/\/www.mivam.com\/en\/wp-json\/wp\/v2\/product_brand?post=2153"},{"taxonomy":"product_cat","embeddable":true,"href":"https:\/\/www.mivam.com\/en\/wp-json\/wp\/v2\/product_cat?post=2153"},{"taxonomy":"product_tag","embeddable":true,"href":"https:\/\/www.mivam.com\/en\/wp-json\/wp\/v2\/product_tag?post=2153"}],"curies":[{"name":"wp","href":"https:\/\/api.w.org\/{rel}","templated":true}]}}