{"id":2138,"date":"2020-12-01T11:54:25","date_gmt":"2020-12-01T10:54:25","guid":{"rendered":"https:\/\/www.mivam.com\/?post_type=product&#038;p=2138"},"modified":"2025-05-22T13:13:53","modified_gmt":"2025-05-22T11:13:53","slug":"dispenzor-elasticnih-trakov-rolyan","status":"publish","type":"product","link":"https:\/\/www.mivam.com\/en\/izdelek\/dispenzor-elasticnih-trakov-rolyan\/","title":{"rendered":"Dispenzor elasti\u010dnih trakov Rolyan"},"content":{"rendered":"<p>Kakovosten lahek lakiran lesen dispenzor za Rolyan Elasti\u010dne trakove. Na sprednjih odstranljivih vrtljivih vretenih, lahko dr\u017ei 5 razli\u010dnih ali enakih elasti\u010dnih trakov 46M, 25M ali 5,5M.<\/p>\n<p>Mo\u017ena je monta\u017ea na steno (pritrdilni elementi vklju\u010deni).<\/p>\n","protected":false},"excerpt":{"rendered":"<p>Kakovosten lahek lakiran lesen dispenzor za Rolyan Elasti\u010dne trakove.\u00a0 Potrebna je rahla, nezahtevna sestava izdelka.<\/p>\n","protected":false},"featured_media":2139,"comment_status":"closed","ping_status":"closed","template":"","meta":[],"product_brand":[],"product_cat":[225,69],"product_tag":[333,334,335],"class_list":{"0":"post-2138","1":"product","2":"type-product","3":"status-publish","4":"has-post-thumbnail","6":"product_cat-rehabilitacija","7":"product_cat-terapevtski-pripomocki","8":"product_tag-dispenzor","9":"product_tag-elasticni-trak","10":"product_tag-rolyan","12":"first","13":"onbackorder","14":"taxable","15":"shipping-taxable","16":"product-type-simple"},"yoast_head":"<!-- This site is optimized with the Yoast SEO plugin v24.0 - https:\/\/yoast.com\/wordpress\/plugins\/seo\/ -->\n<title>Dispenzor elasti\u010dnih trakov Rolyan - Mi Vam<\/title>\n<meta name=\"description\" content=\"Kakovosten lahek lakiran lesen dispenzor za Rolyan Elasti\u010dne trakove.\u00a0 Potrebna je rahla, nezahtevna sestava izdelka.\" \/>\n<meta name=\"robots\" content=\"index, follow, max-snippet:-1, max-image-preview:large, max-video-preview:-1\" \/>\n<link rel=\"canonical\" href=\"https:\/\/www.mivam.com\/izdelek\/dispenzor-elasticnih-trakov-rolyan\/\" \/>\n<meta property=\"og:locale\" content=\"en_US\" \/>\n<meta property=\"og:type\" content=\"article\" \/>\n<meta property=\"og:title\" content=\"Dispenzor elasti\u010dnih trakov Rolyan - Mi Vam\" \/>\n<meta property=\"og:description\" content=\"Kakovosten lahek lakiran lesen dispenzor za Rolyan Elasti\u010dne trakove.\u00a0 Potrebna je rahla, nezahtevna sestava izdelka.\" \/>\n<meta property=\"og:url\" content=\"https:\/\/www.mivam.com\/izdelek\/dispenzor-elasticnih-trakov-rolyan\/\" \/>\n<meta property=\"og:site_name\" content=\"Mi Vam\" \/>\n<meta property=\"article:modified_time\" content=\"2025-05-22T11:13:53+00:00\" \/>\n<meta property=\"og:image\" content=\"https:\/\/www.mivam.com\/wp-content\/uploads\/2020\/12\/09_20121_204287_2-scaled.jpg\" \/>\n\t<meta property=\"og:image:width\" content=\"1784\" \/>\n\t<meta property=\"og:image:height\" content=\"2560\" \/>\n\t<meta property=\"og:image:type\" content=\"image\/jpeg\" \/>\n<meta name=\"twitter:card\" content=\"summary_large_image\" \/>\n<meta name=\"twitter:label1\" content=\"Est. reading time\" \/>\n\t<meta name=\"twitter:data1\" content=\"1 minute\" \/>\n<script type=\"application\/ld+json\" class=\"yoast-schema-graph\">{\"@context\":\"https:\/\/schema.org\",\"@graph\":[{\"@type\":\"WebPage\",\"@id\":\"https:\/\/www.mivam.com\/izdelek\/dispenzor-elasticnih-trakov-rolyan\/\",\"url\":\"https:\/\/www.mivam.com\/izdelek\/dispenzor-elasticnih-trakov-rolyan\/\",\"name\":\"Dispenzor elasti\u010dnih trakov Rolyan - Mi Vam\",\"isPartOf\":{\"@id\":\"https:\/\/www.mivam.com\/#website\"},\"primaryImageOfPage\":{\"@id\":\"https:\/\/www.mivam.com\/izdelek\/dispenzor-elasticnih-trakov-rolyan\/#primaryimage\"},\"image\":{\"@id\":\"https:\/\/www.mivam.com\/izdelek\/dispenzor-elasticnih-trakov-rolyan\/#primaryimage\"},\"thumbnailUrl\":\"https:\/\/www.mivam.com\/wp-content\/uploads\/2020\/12\/09_20121_204287_2-scaled.jpg\",\"datePublished\":\"2020-12-01T10:54:25+00:00\",\"dateModified\":\"2025-05-22T11:13:53+00:00\",\"description\":\"Kakovosten lahek lakiran lesen dispenzor za Rolyan Elasti\u010dne trakove.\u00a0 Potrebna je rahla, nezahtevna sestava izdelka.\",\"breadcrumb\":{\"@id\":\"https:\/\/www.mivam.com\/izdelek\/dispenzor-elasticnih-trakov-rolyan\/#breadcrumb\"},\"inLanguage\":\"en-US\",\"potentialAction\":[{\"@type\":\"ReadAction\",\"target\":[\"https:\/\/www.mivam.com\/izdelek\/dispenzor-elasticnih-trakov-rolyan\/\"]}]},{\"@type\":\"ImageObject\",\"inLanguage\":\"en-US\",\"@id\":\"https:\/\/www.mivam.com\/izdelek\/dispenzor-elasticnih-trakov-rolyan\/#primaryimage\",\"url\":\"https:\/\/www.mivam.com\/wp-content\/uploads\/2020\/12\/09_20121_204287_2-scaled.jpg\",\"contentUrl\":\"https:\/\/www.mivam.com\/wp-content\/uploads\/2020\/12\/09_20121_204287_2-scaled.jpg\",\"width\":1784,\"height\":2560},{\"@type\":\"BreadcrumbList\",\"@id\":\"https:\/\/www.mivam.com\/izdelek\/dispenzor-elasticnih-trakov-rolyan\/#breadcrumb\",\"itemListElement\":[{\"@type\":\"ListItem\",\"position\":1,\"name\":\"Domov\",\"item\":\"https:\/\/www.mivam.com\/\"},{\"@type\":\"ListItem\",\"position\":2,\"name\":\"Shop\",\"item\":\"https:\/\/www.mivam.com\/en\/shop\/\"},{\"@type\":\"ListItem\",\"position\":3,\"name\":\"Rehabilitacija\",\"item\":\"https:\/\/www.mivam.com\/kategorija-izdelka\/rehabilitacija\/\"},{\"@type\":\"ListItem\",\"position\":4,\"name\":\"Terapevtski pripomo\u010dki\",\"item\":\"https:\/\/www.mivam.com\/kategorija-izdelka\/rehabilitacija\/terapevtski-pripomocki\/\"},{\"@type\":\"ListItem\",\"position\":5,\"name\":\"Dispenzor elasti\u010dnih trakov Rolyan\"}]},{\"@type\":\"WebSite\",\"@id\":\"https:\/\/www.mivam.com\/#website\",\"url\":\"https:\/\/www.mivam.com\/\",\"name\":\"Mi Vam\",\"description\":\"Medicinski pripomo\u010dki in re\u0161itve za manj odvisno \u017eivljenje.\",\"potentialAction\":[{\"@type\":\"SearchAction\",\"target\":{\"@type\":\"EntryPoint\",\"urlTemplate\":\"https:\/\/www.mivam.com\/?s={search_term_string}\"},\"query-input\":{\"@type\":\"PropertyValueSpecification\",\"valueRequired\":true,\"valueName\":\"search_term_string\"}}],\"inLanguage\":\"en-US\"}]}<\/script>\n<!-- \/ Yoast SEO plugin. -->","yoast_head_json":{"title":"Dispenzor elasti\u010dnih trakov Rolyan - Mi Vam","description":"Kakovosten lahek lakiran lesen dispenzor za Rolyan Elasti\u010dne trakove.\u00a0 Potrebna je rahla, nezahtevna sestava izdelka.","robots":{"index":"index","follow":"follow","max-snippet":"max-snippet:-1","max-image-preview":"max-image-preview:large","max-video-preview":"max-video-preview:-1"},"canonical":"https:\/\/www.mivam.com\/izdelek\/dispenzor-elasticnih-trakov-rolyan\/","og_locale":"en_US","og_type":"article","og_title":"Dispenzor elasti\u010dnih trakov Rolyan - Mi Vam","og_description":"Kakovosten lahek lakiran lesen dispenzor za Rolyan Elasti\u010dne trakove.\u00a0 Potrebna je rahla, nezahtevna sestava izdelka.","og_url":"https:\/\/www.mivam.com\/izdelek\/dispenzor-elasticnih-trakov-rolyan\/","og_site_name":"Mi Vam","article_modified_time":"2025-05-22T11:13:53+00:00","og_image":[{"width":1784,"height":2560,"url":"https:\/\/www.mivam.com\/wp-content\/uploads\/2020\/12\/09_20121_204287_2-scaled.jpg","type":"image\/jpeg"}],"twitter_card":"summary_large_image","twitter_misc":{"Est. reading time":"1 minute"},"schema":{"@context":"https:\/\/schema.org","@graph":[{"@type":"WebPage","@id":"https:\/\/www.mivam.com\/izdelek\/dispenzor-elasticnih-trakov-rolyan\/","url":"https:\/\/www.mivam.com\/izdelek\/dispenzor-elasticnih-trakov-rolyan\/","name":"Dispenzor elasti\u010dnih trakov Rolyan - Mi Vam","isPartOf":{"@id":"https:\/\/www.mivam.com\/#website"},"primaryImageOfPage":{"@id":"https:\/\/www.mivam.com\/izdelek\/dispenzor-elasticnih-trakov-rolyan\/#primaryimage"},"image":{"@id":"https:\/\/www.mivam.com\/izdelek\/dispenzor-elasticnih-trakov-rolyan\/#primaryimage"},"thumbnailUrl":"https:\/\/www.mivam.com\/wp-content\/uploads\/2020\/12\/09_20121_204287_2-scaled.jpg","datePublished":"2020-12-01T10:54:25+00:00","dateModified":"2025-05-22T11:13:53+00:00","description":"Kakovosten lahek lakiran lesen dispenzor za Rolyan Elasti\u010dne trakove.\u00a0 Potrebna je rahla, nezahtevna sestava izdelka.","breadcrumb":{"@id":"https:\/\/www.mivam.com\/izdelek\/dispenzor-elasticnih-trakov-rolyan\/#breadcrumb"},"inLanguage":"en-US","potentialAction":[{"@type":"ReadAction","target":["https:\/\/www.mivam.com\/izdelek\/dispenzor-elasticnih-trakov-rolyan\/"]}]},{"@type":"ImageObject","inLanguage":"en-US","@id":"https:\/\/www.mivam.com\/izdelek\/dispenzor-elasticnih-trakov-rolyan\/#primaryimage","url":"https:\/\/www.mivam.com\/wp-content\/uploads\/2020\/12\/09_20121_204287_2-scaled.jpg","contentUrl":"https:\/\/www.mivam.com\/wp-content\/uploads\/2020\/12\/09_20121_204287_2-scaled.jpg","width":1784,"height":2560},{"@type":"BreadcrumbList","@id":"https:\/\/www.mivam.com\/izdelek\/dispenzor-elasticnih-trakov-rolyan\/#breadcrumb","itemListElement":[{"@type":"ListItem","position":1,"name":"Domov","item":"https:\/\/www.mivam.com\/"},{"@type":"ListItem","position":2,"name":"Shop","item":"https:\/\/www.mivam.com\/en\/shop\/"},{"@type":"ListItem","position":3,"name":"Rehabilitacija","item":"https:\/\/www.mivam.com\/kategorija-izdelka\/rehabilitacija\/"},{"@type":"ListItem","position":4,"name":"Terapevtski pripomo\u010dki","item":"https:\/\/www.mivam.com\/kategorija-izdelka\/rehabilitacija\/terapevtski-pripomocki\/"},{"@type":"ListItem","position":5,"name":"Dispenzor elasti\u010dnih trakov Rolyan"}]},{"@type":"WebSite","@id":"https:\/\/www.mivam.com\/#website","url":"https:\/\/www.mivam.com\/","name":"Mi Vam","description":"Medicinski pripomo\u010dki in re\u0161itve za manj odvisno \u017eivljenje.","potentialAction":[{"@type":"SearchAction","target":{"@type":"EntryPoint","urlTemplate":"https:\/\/www.mivam.com\/?s={search_term_string}"},"query-input":{"@type":"PropertyValueSpecification","valueRequired":true,"valueName":"search_term_string"}}],"inLanguage":"en-US"}]}},"_links":{"self":[{"href":"https:\/\/www.mivam.com\/en\/wp-json\/wp\/v2\/product\/2138","targetHints":{"allow":["GET"]}}],"collection":[{"href":"https:\/\/www.mivam.com\/en\/wp-json\/wp\/v2\/product"}],"about":[{"href":"https:\/\/www.mivam.com\/en\/wp-json\/wp\/v2\/types\/product"}],"replies":[{"embeddable":true,"href":"https:\/\/www.mivam.com\/en\/wp-json\/wp\/v2\/comments?post=2138"}],"wp:featuredmedia":[{"embeddable":true,"href":"https:\/\/www.mivam.com\/en\/wp-json\/wp\/v2\/media\/2139"}],"wp:attachment":[{"href":"https:\/\/www.mivam.com\/en\/wp-json\/wp\/v2\/media?parent=2138"}],"wp:term":[{"taxonomy":"product_brand","embeddable":true,"href":"https:\/\/www.mivam.com\/en\/wp-json\/wp\/v2\/product_brand?post=2138"},{"taxonomy":"product_cat","embeddable":true,"href":"https:\/\/www.mivam.com\/en\/wp-json\/wp\/v2\/product_cat?post=2138"},{"taxonomy":"product_tag","embeddable":true,"href":"https:\/\/www.mivam.com\/en\/wp-json\/wp\/v2\/product_tag?post=2138"}],"curies":[{"name":"wp","href":"https:\/\/api.w.org\/{rel}","templated":true}]}}