{"id":2124,"date":"2020-12-01T10:41:46","date_gmt":"2020-12-01T09:41:46","guid":{"rendered":"https:\/\/www.mivam.com\/?post_type=product&#038;p=2124"},"modified":"2025-05-22T13:15:06","modified_gmt":"2025-05-22T11:15:06","slug":"elasticni-trak-rolyan","status":"publish","type":"product","link":"https:\/\/www.mivam.com\/en\/izdelek\/elasticni-trak-rolyan\/","title":{"rendered":"Elasti\u010dni trak ROLYAN\u2122"},"content":{"rendered":"<p>Elasti\u010dni trak ROLYAN\u2122 ponuja mnogo vadbenih mo\u017enosti pri rehabilitaciji ali splo\u0161ni uporabi, odvisno od uporabnikovih potreb. Primeren je za vadbo doma ali v razli\u010dnih in\u0161titucijah, ki se ukvarjajo z rehabilitacijo in krepitev mi\u0161i\u010dnega tkiva.<br \/>\nBarve trakov ozna\u010dujejo razli\u010dne nivoje vadbe, omogo\u010dajo postopno vadbo in napredovanje mi\u0161i\u010dnega tkiva.<\/p>\n<table style=\"height: 297px\" width=\"657\">\n<tbody>\n<tr>\n<td style=\"width: 211.477px\"><strong>DOL\u017dINA 46 M<\/strong><\/p>\n<p><strong>DOL\u017dINA 25 M<\/strong><\/p>\n<p><strong>DOL\u017dINA 5,5 M<\/strong><\/td>\n<td style=\"width: 211.477px\"><strong>BARVA<\/strong><\/td>\n<td style=\"width: 211.477px\"><strong>STOPNJA ODPORNOSTI<\/strong><\/td>\n<\/tr>\n<tr>\n<td style=\"width: 211.477px\"><\/td>\n<td style=\"width: 211.477px\">Rumena<\/td>\n<td style=\"width: 212.386px\">Lahka<\/td>\n<\/tr>\n<tr>\n<td style=\"width: 211.477px\"><\/td>\n<td style=\"width: 211.477px\">Rde\u010da<\/td>\n<td style=\"width: 212.386px\">Srednja<\/td>\n<\/tr>\n<tr>\n<td style=\"width: 211.477px\"><\/td>\n<td style=\"width: 211.477px\">Zelena<\/td>\n<td style=\"width: 212.386px\">Mo\u017ena<\/td>\n<\/tr>\n<tr>\n<td style=\"width: 211.477px\"><\/td>\n<td style=\"width: 211.477px\">Modra<\/td>\n<td style=\"width: 212.386px\">Zelo mo\u010dna<\/td>\n<\/tr>\n<tr>\n<td style=\"width: 211.477px\"><\/td>\n<td style=\"width: 211.477px\">\u010crna<\/td>\n<td style=\"width: 212.386px\">Ekstremno mo\u010dna<\/td>\n<\/tr>\n<\/tbody>\n<\/table>\n<p>Mo\u017eno je dobiti tudi individualno pakirane Rolyan trakove <strong>DOL\u017dINE 1,2 M:\u00a0<\/strong><\/p>\n<ul>\n<li>1 kos<\/li>\n<li>100 kos<\/li>\n<\/ul>\n","protected":false},"excerpt":{"rendered":"<p>\u0160iroka paleta izdelkov Rolyan z ali brez lateksa je na voljo v razli\u010dnih dol\u017einah in stopnjah odpornosti, ki izbolj\u0161ujejo mo\u010d, obseg gibanja in koordinacijo. Visokokakovostni vadbeni pasovi po zelo nizkih cenah!<\/p>\n","protected":false},"featured_media":2125,"comment_status":"closed","ping_status":"closed","template":"","meta":[],"product_brand":[],"product_cat":[225,62,63],"product_tag":[334,335],"class_list":{"0":"post-2124","1":"product","2":"type-product","3":"status-publish","4":"has-post-thumbnail","6":"product_cat-rehabilitacija","7":"product_cat-rehabilitacijski-pripomocki","8":"product_cat-drugi-pripomocki-in-dodatna-oprema","9":"product_tag-elasticni-trak","10":"product_tag-rolyan","12":"first","13":"onbackorder","14":"taxable","15":"shipping-taxable","16":"product-type-simple"},"yoast_head":"<!-- This site is optimized with the Yoast SEO plugin v24.0 - https:\/\/yoast.com\/wordpress\/plugins\/seo\/ -->\n<title>Elasti\u010dni trak ROLYAN\u2122 - Mi Vam<\/title>\n<meta name=\"description\" content=\"\u0160iroka paleta izdelkov Rolyan z ali brez lateksa je na voljo v razli\u010dnih dol\u017einah in stopnjah odpornosti, ki izbolj\u0161ujejo mo\u010d, obseg gibanja in koordinacijo. Visokokakovostni vadbeni pasovi po zelo nizkih cenah!\" \/>\n<meta name=\"robots\" content=\"index, follow, max-snippet:-1, max-image-preview:large, max-video-preview:-1\" \/>\n<link rel=\"canonical\" href=\"https:\/\/www.mivam.com\/izdelek\/elasticni-trak-rolyan\/\" \/>\n<meta property=\"og:locale\" content=\"en_US\" \/>\n<meta property=\"og:type\" content=\"article\" \/>\n<meta property=\"og:title\" content=\"Elasti\u010dni trak ROLYAN\u2122 - Mi Vam\" \/>\n<meta property=\"og:description\" content=\"\u0160iroka paleta izdelkov Rolyan z ali brez lateksa je na voljo v razli\u010dnih dol\u017einah in stopnjah odpornosti, ki izbolj\u0161ujejo mo\u010d, obseg gibanja in koordinacijo. Visokokakovostni vadbeni pasovi po zelo nizkih cenah!\" \/>\n<meta property=\"og:url\" content=\"https:\/\/www.mivam.com\/izdelek\/elasticni-trak-rolyan\/\" \/>\n<meta property=\"og:site_name\" content=\"Mi Vam\" \/>\n<meta property=\"article:modified_time\" content=\"2025-05-22T11:15:06+00:00\" \/>\n<meta property=\"og:image\" content=\"https:\/\/www.mivam.com\/wp-content\/uploads\/2020\/12\/aa9860_1.jpg\" \/>\n\t<meta property=\"og:image:width\" content=\"2000\" \/>\n\t<meta property=\"og:image:height\" content=\"2000\" \/>\n\t<meta property=\"og:image:type\" content=\"image\/jpeg\" \/>\n<meta name=\"twitter:card\" content=\"summary_large_image\" \/>\n<meta name=\"twitter:label1\" content=\"Est. reading time\" \/>\n\t<meta name=\"twitter:data1\" content=\"1 minute\" \/>\n<script type=\"application\/ld+json\" class=\"yoast-schema-graph\">{\"@context\":\"https:\/\/schema.org\",\"@graph\":[{\"@type\":\"WebPage\",\"@id\":\"https:\/\/www.mivam.com\/izdelek\/elasticni-trak-rolyan\/\",\"url\":\"https:\/\/www.mivam.com\/izdelek\/elasticni-trak-rolyan\/\",\"name\":\"Elasti\u010dni trak ROLYAN\u2122 - Mi Vam\",\"isPartOf\":{\"@id\":\"https:\/\/www.mivam.com\/#website\"},\"primaryImageOfPage\":{\"@id\":\"https:\/\/www.mivam.com\/izdelek\/elasticni-trak-rolyan\/#primaryimage\"},\"image\":{\"@id\":\"https:\/\/www.mivam.com\/izdelek\/elasticni-trak-rolyan\/#primaryimage\"},\"thumbnailUrl\":\"https:\/\/www.mivam.com\/wp-content\/uploads\/2020\/12\/aa9860_1.jpg\",\"datePublished\":\"2020-12-01T09:41:46+00:00\",\"dateModified\":\"2025-05-22T11:15:06+00:00\",\"description\":\"\u0160iroka paleta izdelkov Rolyan z ali brez lateksa je na voljo v razli\u010dnih dol\u017einah in stopnjah odpornosti, ki izbolj\u0161ujejo mo\u010d, obseg gibanja in koordinacijo. Visokokakovostni vadbeni pasovi po zelo nizkih cenah!\",\"breadcrumb\":{\"@id\":\"https:\/\/www.mivam.com\/izdelek\/elasticni-trak-rolyan\/#breadcrumb\"},\"inLanguage\":\"en-US\",\"potentialAction\":[{\"@type\":\"ReadAction\",\"target\":[\"https:\/\/www.mivam.com\/izdelek\/elasticni-trak-rolyan\/\"]}]},{\"@type\":\"ImageObject\",\"inLanguage\":\"en-US\",\"@id\":\"https:\/\/www.mivam.com\/izdelek\/elasticni-trak-rolyan\/#primaryimage\",\"url\":\"https:\/\/www.mivam.com\/wp-content\/uploads\/2020\/12\/aa9860_1.jpg\",\"contentUrl\":\"https:\/\/www.mivam.com\/wp-content\/uploads\/2020\/12\/aa9860_1.jpg\",\"width\":2000,\"height\":2000},{\"@type\":\"BreadcrumbList\",\"@id\":\"https:\/\/www.mivam.com\/izdelek\/elasticni-trak-rolyan\/#breadcrumb\",\"itemListElement\":[{\"@type\":\"ListItem\",\"position\":1,\"name\":\"Domov\",\"item\":\"https:\/\/www.mivam.com\/\"},{\"@type\":\"ListItem\",\"position\":2,\"name\":\"Shop\",\"item\":\"https:\/\/www.mivam.com\/en\/shop\/\"},{\"@type\":\"ListItem\",\"position\":3,\"name\":\"Rehabilitacija\",\"item\":\"https:\/\/www.mivam.com\/kategorija-izdelka\/rehabilitacija\/\"},{\"@type\":\"ListItem\",\"position\":4,\"name\":\"Drugi pripomo\u010dki in dodatna oprema\",\"item\":\"https:\/\/www.mivam.com\/kategorija-izdelka\/rehabilitacija\/drugi-pripomocki-in-dodatna-oprema\/\"},{\"@type\":\"ListItem\",\"position\":5,\"name\":\"Elasti\u010dni trak ROLYAN\u2122\"}]},{\"@type\":\"WebSite\",\"@id\":\"https:\/\/www.mivam.com\/#website\",\"url\":\"https:\/\/www.mivam.com\/\",\"name\":\"Mi Vam\",\"description\":\"Medicinski pripomo\u010dki in re\u0161itve za manj odvisno \u017eivljenje.\",\"potentialAction\":[{\"@type\":\"SearchAction\",\"target\":{\"@type\":\"EntryPoint\",\"urlTemplate\":\"https:\/\/www.mivam.com\/?s={search_term_string}\"},\"query-input\":{\"@type\":\"PropertyValueSpecification\",\"valueRequired\":true,\"valueName\":\"search_term_string\"}}],\"inLanguage\":\"en-US\"}]}<\/script>\n<!-- \/ Yoast SEO plugin. -->","yoast_head_json":{"title":"Elasti\u010dni trak ROLYAN\u2122 - Mi Vam","description":"\u0160iroka paleta izdelkov Rolyan z ali brez lateksa je na voljo v razli\u010dnih dol\u017einah in stopnjah odpornosti, ki izbolj\u0161ujejo mo\u010d, obseg gibanja in koordinacijo. Visokokakovostni vadbeni pasovi po zelo nizkih cenah!","robots":{"index":"index","follow":"follow","max-snippet":"max-snippet:-1","max-image-preview":"max-image-preview:large","max-video-preview":"max-video-preview:-1"},"canonical":"https:\/\/www.mivam.com\/izdelek\/elasticni-trak-rolyan\/","og_locale":"en_US","og_type":"article","og_title":"Elasti\u010dni trak ROLYAN\u2122 - Mi Vam","og_description":"\u0160iroka paleta izdelkov Rolyan z ali brez lateksa je na voljo v razli\u010dnih dol\u017einah in stopnjah odpornosti, ki izbolj\u0161ujejo mo\u010d, obseg gibanja in koordinacijo. Visokokakovostni vadbeni pasovi po zelo nizkih cenah!","og_url":"https:\/\/www.mivam.com\/izdelek\/elasticni-trak-rolyan\/","og_site_name":"Mi Vam","article_modified_time":"2025-05-22T11:15:06+00:00","og_image":[{"width":2000,"height":2000,"url":"https:\/\/www.mivam.com\/wp-content\/uploads\/2020\/12\/aa9860_1.jpg","type":"image\/jpeg"}],"twitter_card":"summary_large_image","twitter_misc":{"Est. reading time":"1 minute"},"schema":{"@context":"https:\/\/schema.org","@graph":[{"@type":"WebPage","@id":"https:\/\/www.mivam.com\/izdelek\/elasticni-trak-rolyan\/","url":"https:\/\/www.mivam.com\/izdelek\/elasticni-trak-rolyan\/","name":"Elasti\u010dni trak ROLYAN\u2122 - Mi Vam","isPartOf":{"@id":"https:\/\/www.mivam.com\/#website"},"primaryImageOfPage":{"@id":"https:\/\/www.mivam.com\/izdelek\/elasticni-trak-rolyan\/#primaryimage"},"image":{"@id":"https:\/\/www.mivam.com\/izdelek\/elasticni-trak-rolyan\/#primaryimage"},"thumbnailUrl":"https:\/\/www.mivam.com\/wp-content\/uploads\/2020\/12\/aa9860_1.jpg","datePublished":"2020-12-01T09:41:46+00:00","dateModified":"2025-05-22T11:15:06+00:00","description":"\u0160iroka paleta izdelkov Rolyan z ali brez lateksa je na voljo v razli\u010dnih dol\u017einah in stopnjah odpornosti, ki izbolj\u0161ujejo mo\u010d, obseg gibanja in koordinacijo. Visokokakovostni vadbeni pasovi po zelo nizkih cenah!","breadcrumb":{"@id":"https:\/\/www.mivam.com\/izdelek\/elasticni-trak-rolyan\/#breadcrumb"},"inLanguage":"en-US","potentialAction":[{"@type":"ReadAction","target":["https:\/\/www.mivam.com\/izdelek\/elasticni-trak-rolyan\/"]}]},{"@type":"ImageObject","inLanguage":"en-US","@id":"https:\/\/www.mivam.com\/izdelek\/elasticni-trak-rolyan\/#primaryimage","url":"https:\/\/www.mivam.com\/wp-content\/uploads\/2020\/12\/aa9860_1.jpg","contentUrl":"https:\/\/www.mivam.com\/wp-content\/uploads\/2020\/12\/aa9860_1.jpg","width":2000,"height":2000},{"@type":"BreadcrumbList","@id":"https:\/\/www.mivam.com\/izdelek\/elasticni-trak-rolyan\/#breadcrumb","itemListElement":[{"@type":"ListItem","position":1,"name":"Domov","item":"https:\/\/www.mivam.com\/"},{"@type":"ListItem","position":2,"name":"Shop","item":"https:\/\/www.mivam.com\/en\/shop\/"},{"@type":"ListItem","position":3,"name":"Rehabilitacija","item":"https:\/\/www.mivam.com\/kategorija-izdelka\/rehabilitacija\/"},{"@type":"ListItem","position":4,"name":"Drugi pripomo\u010dki in dodatna oprema","item":"https:\/\/www.mivam.com\/kategorija-izdelka\/rehabilitacija\/drugi-pripomocki-in-dodatna-oprema\/"},{"@type":"ListItem","position":5,"name":"Elasti\u010dni trak ROLYAN\u2122"}]},{"@type":"WebSite","@id":"https:\/\/www.mivam.com\/#website","url":"https:\/\/www.mivam.com\/","name":"Mi Vam","description":"Medicinski pripomo\u010dki in re\u0161itve za manj odvisno \u017eivljenje.","potentialAction":[{"@type":"SearchAction","target":{"@type":"EntryPoint","urlTemplate":"https:\/\/www.mivam.com\/?s={search_term_string}"},"query-input":{"@type":"PropertyValueSpecification","valueRequired":true,"valueName":"search_term_string"}}],"inLanguage":"en-US"}]}},"_links":{"self":[{"href":"https:\/\/www.mivam.com\/en\/wp-json\/wp\/v2\/product\/2124","targetHints":{"allow":["GET"]}}],"collection":[{"href":"https:\/\/www.mivam.com\/en\/wp-json\/wp\/v2\/product"}],"about":[{"href":"https:\/\/www.mivam.com\/en\/wp-json\/wp\/v2\/types\/product"}],"replies":[{"embeddable":true,"href":"https:\/\/www.mivam.com\/en\/wp-json\/wp\/v2\/comments?post=2124"}],"wp:featuredmedia":[{"embeddable":true,"href":"https:\/\/www.mivam.com\/en\/wp-json\/wp\/v2\/media\/2125"}],"wp:attachment":[{"href":"https:\/\/www.mivam.com\/en\/wp-json\/wp\/v2\/media?parent=2124"}],"wp:term":[{"taxonomy":"product_brand","embeddable":true,"href":"https:\/\/www.mivam.com\/en\/wp-json\/wp\/v2\/product_brand?post=2124"},{"taxonomy":"product_cat","embeddable":true,"href":"https:\/\/www.mivam.com\/en\/wp-json\/wp\/v2\/product_cat?post=2124"},{"taxonomy":"product_tag","embeddable":true,"href":"https:\/\/www.mivam.com\/en\/wp-json\/wp\/v2\/product_tag?post=2124"}],"curies":[{"name":"wp","href":"https:\/\/api.w.org\/{rel}","templated":true}]}}