{"id":2037,"date":"2020-12-01T09:48:26","date_gmt":"2020-12-01T08:48:26","guid":{"rendered":"https:\/\/www.mivam.com\/?post_type=product&#038;p=2037"},"modified":"2025-06-17T13:56:24","modified_gmt":"2025-06-17T11:56:24","slug":"opornica-rolyan-polyform","status":"publish","type":"product","link":"https:\/\/www.mivam.com\/en\/izdelek\/opornica-rolyan-polyform\/","title":{"rendered":"Opornica Rolyan Polyform"},"content":{"rendered":"<ul>\n<li>Z lahkoto se raztegne in se odli\u010dno prilega na konture roke<\/li>\n<li>Potrebno minimalno ravnanje; ne\u017eni, gladki gibi dosegajo vrhunske rezultate<\/li>\n<li>Dose\u017een je intimni fit za obmo\u010dja z zmanj\u0161anim pritiskom<\/li>\n<li>Robovi se enostavno obrezujejo<\/li>\n<li>Oblikujte oris na vodoravni povr\u0161ini in obliko v vodoravnem polo\u017eaju<\/li>\n<li>1,6 mm je polovica debeline poliforma za lahke, a mo\u010dne opornice<\/li>\n<\/ul>\n<p><img decoding=\"async\" class=\"alignnone size-full wp-image-2038\" src=\"https:\/\/www.mivam.com\/wp-content\/uploads\/2020\/11\/zajeta-slikaa.png\" alt=\"\" width=\"1341\" height=\"645\" srcset=\"https:\/\/www.mivam.com\/wp-content\/uploads\/2020\/11\/zajeta-slikaa.png 1341w, https:\/\/www.mivam.com\/wp-content\/uploads\/2020\/11\/zajeta-slikaa-600x289.png 600w, https:\/\/www.mivam.com\/wp-content\/uploads\/2020\/11\/zajeta-slikaa-300x144.png 300w, https:\/\/www.mivam.com\/wp-content\/uploads\/2020\/11\/zajeta-slikaa-768x369.png 768w, https:\/\/www.mivam.com\/wp-content\/uploads\/2020\/11\/zajeta-slikaa-1024x493.png 1024w\" sizes=\"(max-width: 1341px) 100vw, 1341px\" \/><\/p>\n<p>Mo\u017ene dimenzije:<\/p>\n<p><img decoding=\"async\" class=\"alignnone size-full wp-image-2122\" src=\"https:\/\/www.mivam.com\/wp-content\/uploads\/2020\/12\/zajeta-slikdda.png\" alt=\"\" width=\"1283\" height=\"402\" srcset=\"https:\/\/www.mivam.com\/wp-content\/uploads\/2020\/12\/zajeta-slikdda.png 1283w, https:\/\/www.mivam.com\/wp-content\/uploads\/2020\/12\/zajeta-slikdda-600x188.png 600w, https:\/\/www.mivam.com\/wp-content\/uploads\/2020\/12\/zajeta-slikdda-300x94.png 300w, https:\/\/www.mivam.com\/wp-content\/uploads\/2020\/12\/zajeta-slikdda-768x241.png 768w, https:\/\/www.mivam.com\/wp-content\/uploads\/2020\/12\/zajeta-slikdda-1024x321.png 1024w\" sizes=\"(max-width: 1283px) 100vw, 1283px\" \/><\/p>\n","protected":false},"excerpt":{"rendered":"<p>Opornica Rolyan Polyform spada med najbolj udobnih opornic, kjer individualna prilagoditev omogo\u010da maksimalno prilagajanje posamezni osebi.<\/p>\n","protected":false},"featured_media":2039,"comment_status":"closed","ping_status":"closed","template":"","meta":[],"product_brand":[],"product_cat":[225,44],"product_tag":[145,644,590,570,335],"class_list":{"0":"post-2037","1":"product","2":"type-product","3":"status-publish","4":"has-post-thumbnail","6":"product_cat-rehabilitacija","7":"product_cat-ortopedski-pripomocki","8":"product_tag-opornica","9":"product_tag-ortoza","10":"product_tag-ortoza-za-zapestje","11":"product_tag-performance-health","12":"product_tag-rolyan","14":"first","15":"onbackorder","16":"taxable","17":"shipping-taxable","18":"product-type-simple"},"yoast_head":"<!-- This site is optimized with the Yoast SEO plugin v24.0 - https:\/\/yoast.com\/wordpress\/plugins\/seo\/ -->\n<title>Opornica Rolyan Polyform - Mi Vam<\/title>\n<meta name=\"description\" content=\"Opornica Rolyan Polyform spada med najbolj udobnih opornic, kjer individualna prilagoditev omogo\u010da maksimalno prilagajanje posamezni osebi.\" \/>\n<meta name=\"robots\" content=\"index, follow, max-snippet:-1, max-image-preview:large, max-video-preview:-1\" \/>\n<link rel=\"canonical\" href=\"https:\/\/www.mivam.com\/izdelek\/opornica-rolyan-polyform\/\" \/>\n<meta property=\"og:locale\" content=\"en_US\" \/>\n<meta property=\"og:type\" content=\"article\" \/>\n<meta property=\"og:title\" content=\"Opornica Rolyan Polyform - Mi Vam\" \/>\n<meta property=\"og:description\" content=\"Opornica Rolyan Polyform spada med najbolj udobnih opornic, kjer individualna prilagoditev omogo\u010da maksimalno prilagajanje posamezni osebi.\" \/>\n<meta property=\"og:url\" content=\"https:\/\/www.mivam.com\/izdelek\/opornica-rolyan-polyform\/\" \/>\n<meta property=\"og:site_name\" content=\"Mi Vam\" \/>\n<meta property=\"article:modified_time\" content=\"2025-06-17T11:56:24+00:00\" \/>\n<meta property=\"og:image\" content=\"https:\/\/www.mivam.com\/wp-content\/uploads\/2020\/11\/a29201.jpg\" \/>\n\t<meta property=\"og:image:width\" content=\"500\" \/>\n\t<meta property=\"og:image:height\" content=\"500\" \/>\n\t<meta property=\"og:image:type\" content=\"image\/jpeg\" \/>\n<meta name=\"twitter:card\" content=\"summary_large_image\" \/>\n<meta name=\"twitter:label1\" content=\"Est. reading time\" \/>\n\t<meta name=\"twitter:data1\" content=\"1 minute\" \/>\n<script type=\"application\/ld+json\" class=\"yoast-schema-graph\">{\"@context\":\"https:\/\/schema.org\",\"@graph\":[{\"@type\":\"WebPage\",\"@id\":\"https:\/\/www.mivam.com\/izdelek\/opornica-rolyan-polyform\/\",\"url\":\"https:\/\/www.mivam.com\/izdelek\/opornica-rolyan-polyform\/\",\"name\":\"Opornica Rolyan Polyform - Mi Vam\",\"isPartOf\":{\"@id\":\"https:\/\/www.mivam.com\/#website\"},\"primaryImageOfPage\":{\"@id\":\"https:\/\/www.mivam.com\/izdelek\/opornica-rolyan-polyform\/#primaryimage\"},\"image\":{\"@id\":\"https:\/\/www.mivam.com\/izdelek\/opornica-rolyan-polyform\/#primaryimage\"},\"thumbnailUrl\":\"https:\/\/www.mivam.com\/wp-content\/uploads\/2020\/11\/a29201.jpg\",\"datePublished\":\"2020-12-01T08:48:26+00:00\",\"dateModified\":\"2025-06-17T11:56:24+00:00\",\"description\":\"Opornica Rolyan Polyform spada med najbolj udobnih opornic, kjer individualna prilagoditev omogo\u010da maksimalno prilagajanje posamezni osebi.\",\"breadcrumb\":{\"@id\":\"https:\/\/www.mivam.com\/izdelek\/opornica-rolyan-polyform\/#breadcrumb\"},\"inLanguage\":\"en-US\",\"potentialAction\":[{\"@type\":\"ReadAction\",\"target\":[\"https:\/\/www.mivam.com\/izdelek\/opornica-rolyan-polyform\/\"]}]},{\"@type\":\"ImageObject\",\"inLanguage\":\"en-US\",\"@id\":\"https:\/\/www.mivam.com\/izdelek\/opornica-rolyan-polyform\/#primaryimage\",\"url\":\"https:\/\/www.mivam.com\/wp-content\/uploads\/2020\/11\/a29201.jpg\",\"contentUrl\":\"https:\/\/www.mivam.com\/wp-content\/uploads\/2020\/11\/a29201.jpg\",\"width\":500,\"height\":500},{\"@type\":\"BreadcrumbList\",\"@id\":\"https:\/\/www.mivam.com\/izdelek\/opornica-rolyan-polyform\/#breadcrumb\",\"itemListElement\":[{\"@type\":\"ListItem\",\"position\":1,\"name\":\"Domov\",\"item\":\"https:\/\/www.mivam.com\/\"},{\"@type\":\"ListItem\",\"position\":2,\"name\":\"Shop\",\"item\":\"https:\/\/www.mivam.com\/en\/shop\/\"},{\"@type\":\"ListItem\",\"position\":3,\"name\":\"Rehabilitacija\",\"item\":\"https:\/\/www.mivam.com\/kategorija-izdelka\/rehabilitacija\/\"},{\"@type\":\"ListItem\",\"position\":4,\"name\":\"Ortopedski pripomo\u010dki\",\"item\":\"https:\/\/www.mivam.com\/kategorija-izdelka\/rehabilitacija\/ortopedski-pripomocki\/\"},{\"@type\":\"ListItem\",\"position\":5,\"name\":\"Opornica Rolyan Polyform\"}]},{\"@type\":\"WebSite\",\"@id\":\"https:\/\/www.mivam.com\/#website\",\"url\":\"https:\/\/www.mivam.com\/\",\"name\":\"Mi Vam\",\"description\":\"Medicinski pripomo\u010dki in re\u0161itve za manj odvisno \u017eivljenje.\",\"potentialAction\":[{\"@type\":\"SearchAction\",\"target\":{\"@type\":\"EntryPoint\",\"urlTemplate\":\"https:\/\/www.mivam.com\/?s={search_term_string}\"},\"query-input\":{\"@type\":\"PropertyValueSpecification\",\"valueRequired\":true,\"valueName\":\"search_term_string\"}}],\"inLanguage\":\"en-US\"}]}<\/script>\n<!-- \/ Yoast SEO plugin. -->","yoast_head_json":{"title":"Opornica Rolyan Polyform - Mi Vam","description":"Opornica Rolyan Polyform spada med najbolj udobnih opornic, kjer individualna prilagoditev omogo\u010da maksimalno prilagajanje posamezni osebi.","robots":{"index":"index","follow":"follow","max-snippet":"max-snippet:-1","max-image-preview":"max-image-preview:large","max-video-preview":"max-video-preview:-1"},"canonical":"https:\/\/www.mivam.com\/izdelek\/opornica-rolyan-polyform\/","og_locale":"en_US","og_type":"article","og_title":"Opornica Rolyan Polyform - Mi Vam","og_description":"Opornica Rolyan Polyform spada med najbolj udobnih opornic, kjer individualna prilagoditev omogo\u010da maksimalno prilagajanje posamezni osebi.","og_url":"https:\/\/www.mivam.com\/izdelek\/opornica-rolyan-polyform\/","og_site_name":"Mi Vam","article_modified_time":"2025-06-17T11:56:24+00:00","og_image":[{"width":500,"height":500,"url":"https:\/\/www.mivam.com\/wp-content\/uploads\/2020\/11\/a29201.jpg","type":"image\/jpeg"}],"twitter_card":"summary_large_image","twitter_misc":{"Est. reading time":"1 minute"},"schema":{"@context":"https:\/\/schema.org","@graph":[{"@type":"WebPage","@id":"https:\/\/www.mivam.com\/izdelek\/opornica-rolyan-polyform\/","url":"https:\/\/www.mivam.com\/izdelek\/opornica-rolyan-polyform\/","name":"Opornica Rolyan Polyform - Mi Vam","isPartOf":{"@id":"https:\/\/www.mivam.com\/#website"},"primaryImageOfPage":{"@id":"https:\/\/www.mivam.com\/izdelek\/opornica-rolyan-polyform\/#primaryimage"},"image":{"@id":"https:\/\/www.mivam.com\/izdelek\/opornica-rolyan-polyform\/#primaryimage"},"thumbnailUrl":"https:\/\/www.mivam.com\/wp-content\/uploads\/2020\/11\/a29201.jpg","datePublished":"2020-12-01T08:48:26+00:00","dateModified":"2025-06-17T11:56:24+00:00","description":"Opornica Rolyan Polyform spada med najbolj udobnih opornic, kjer individualna prilagoditev omogo\u010da maksimalno prilagajanje posamezni osebi.","breadcrumb":{"@id":"https:\/\/www.mivam.com\/izdelek\/opornica-rolyan-polyform\/#breadcrumb"},"inLanguage":"en-US","potentialAction":[{"@type":"ReadAction","target":["https:\/\/www.mivam.com\/izdelek\/opornica-rolyan-polyform\/"]}]},{"@type":"ImageObject","inLanguage":"en-US","@id":"https:\/\/www.mivam.com\/izdelek\/opornica-rolyan-polyform\/#primaryimage","url":"https:\/\/www.mivam.com\/wp-content\/uploads\/2020\/11\/a29201.jpg","contentUrl":"https:\/\/www.mivam.com\/wp-content\/uploads\/2020\/11\/a29201.jpg","width":500,"height":500},{"@type":"BreadcrumbList","@id":"https:\/\/www.mivam.com\/izdelek\/opornica-rolyan-polyform\/#breadcrumb","itemListElement":[{"@type":"ListItem","position":1,"name":"Domov","item":"https:\/\/www.mivam.com\/"},{"@type":"ListItem","position":2,"name":"Shop","item":"https:\/\/www.mivam.com\/en\/shop\/"},{"@type":"ListItem","position":3,"name":"Rehabilitacija","item":"https:\/\/www.mivam.com\/kategorija-izdelka\/rehabilitacija\/"},{"@type":"ListItem","position":4,"name":"Ortopedski pripomo\u010dki","item":"https:\/\/www.mivam.com\/kategorija-izdelka\/rehabilitacija\/ortopedski-pripomocki\/"},{"@type":"ListItem","position":5,"name":"Opornica Rolyan Polyform"}]},{"@type":"WebSite","@id":"https:\/\/www.mivam.com\/#website","url":"https:\/\/www.mivam.com\/","name":"Mi Vam","description":"Medicinski pripomo\u010dki in re\u0161itve za manj odvisno \u017eivljenje.","potentialAction":[{"@type":"SearchAction","target":{"@type":"EntryPoint","urlTemplate":"https:\/\/www.mivam.com\/?s={search_term_string}"},"query-input":{"@type":"PropertyValueSpecification","valueRequired":true,"valueName":"search_term_string"}}],"inLanguage":"en-US"}]}},"_links":{"self":[{"href":"https:\/\/www.mivam.com\/en\/wp-json\/wp\/v2\/product\/2037","targetHints":{"allow":["GET"]}}],"collection":[{"href":"https:\/\/www.mivam.com\/en\/wp-json\/wp\/v2\/product"}],"about":[{"href":"https:\/\/www.mivam.com\/en\/wp-json\/wp\/v2\/types\/product"}],"replies":[{"embeddable":true,"href":"https:\/\/www.mivam.com\/en\/wp-json\/wp\/v2\/comments?post=2037"}],"wp:featuredmedia":[{"embeddable":true,"href":"https:\/\/www.mivam.com\/en\/wp-json\/wp\/v2\/media\/2039"}],"wp:attachment":[{"href":"https:\/\/www.mivam.com\/en\/wp-json\/wp\/v2\/media?parent=2037"}],"wp:term":[{"taxonomy":"product_brand","embeddable":true,"href":"https:\/\/www.mivam.com\/en\/wp-json\/wp\/v2\/product_brand?post=2037"},{"taxonomy":"product_cat","embeddable":true,"href":"https:\/\/www.mivam.com\/en\/wp-json\/wp\/v2\/product_cat?post=2037"},{"taxonomy":"product_tag","embeddable":true,"href":"https:\/\/www.mivam.com\/en\/wp-json\/wp\/v2\/product_tag?post=2037"}],"curies":[{"name":"wp","href":"https:\/\/api.w.org\/{rel}","templated":true}]}}