{"id":2036,"date":"2021-07-06T15:19:30","date_gmt":"2021-07-06T13:19:30","guid":{"rendered":"https:\/\/www.mivam.com\/?post_type=product&#038;p=2036"},"modified":"2025-06-17T14:59:30","modified_gmt":"2025-06-17T12:59:30","slug":"jamar-9-hole-spretnostni-test","status":"publish","type":"product","link":"https:\/\/www.mivam.com\/en\/izdelek\/jamar-9-hole-spretnostni-test\/","title":{"rendered":"Jamar 9-Hole Spretnostni test"},"content":{"rendered":"<p><span class=\"VIiyi\" lang=\"sl\"><span class=\"JLqJ4b ChMk0b\" data-language-for-alternatives=\"sl\" data-language-to-translate-into=\"en\" data-phrase-index=\"1\">Jamar 9-Hole Spretnostni test je idealen za motorno koordinacijo in ocenjevanje. Plasti\u010dna plo\u0161\u010da visoke kakovosti pomaga pri vajah za spretnost prstov in koordinacije rok. Za shranjevanje zati\u010dev ima plo\u0161\u010da sprednji predel, ki se lahko prekrije z pokrovom.<\/span><\/span><\/p>\n<p>Nekaj lastnosti izdelka:<\/p>\n<ul>\n<li>Prilo\u017eeni sta plo\u0161\u010di za kljukice, 9 zati\u010dev in \u0161toparica za merjenje \u010dasa<\/li>\n<li>Komplet lahko enostavno o\u010distite z razku\u017eilom za odli\u010dno higiensko uporabo<\/li>\n<li>Plo\u0161\u010da za kljukice meri 31,1 cm x 26 cm x 4,3 cm<\/li>\n<li>Idealno za testiranje nevrolo\u0161kih motenj in travme rok<\/li>\n<li>Odlikuje preproste, a u\u010dinkovite metode testiranja<\/li>\n<\/ul>\n<p>Rezervni deli: 9 zati\u010dev, \u0161toparica<\/p>\n<p><strong>\u0160ifra izdelka:\u00a0091065259<\/strong><\/p>\n","protected":false},"excerpt":{"rendered":"<p><span class=\"VIiyi\" lang=\"sl\"><span class=\"JLqJ4b ChMk0b\" data-language-for-alternatives=\"sl\" data-language-to-translate-into=\"en\" data-phrase-index=\"1\">Jamar 9-Hole Spretnostni test je idealen za motorno koordinacijo in ocenjevanje.<\/span><\/span><\/p>\n","protected":false},"featured_media":2797,"comment_status":"closed","ping_status":"closed","template":"","meta":[],"product_brand":[],"product_cat":[225,61],"product_tag":[642,641,103,570,105,104,643,106],"class_list":{"0":"post-2036","1":"product","2":"type-product","3":"status-publish","4":"has-post-thumbnail","6":"product_cat-rehabilitacija","7":"product_cat-pripomocki-za-testiranje","8":"product_tag-9-hole-test","9":"product_tag-9-hole","10":"product_tag-jamar","11":"product_tag-performance-health","12":"product_tag-spretnosti","13":"product_tag-spretnosti-test","14":"product_tag-stoparica","15":"product_tag-test","17":"first","18":"instock","19":"taxable","20":"shipping-taxable","21":"purchasable","22":"product-type-simple"},"yoast_head":"<!-- This site is optimized with the Yoast SEO plugin v24.0 - https:\/\/yoast.com\/wordpress\/plugins\/seo\/ -->\n<title>Jamar 9-Hole Spretnostni test - Mi Vam<\/title>\n<meta name=\"description\" content=\"Jamar 9-Hole Spretnostni test je idealen za motorno koordinacijo in ocenjevanje.\" \/>\n<meta name=\"robots\" content=\"index, follow, max-snippet:-1, max-image-preview:large, max-video-preview:-1\" \/>\n<link rel=\"canonical\" href=\"https:\/\/www.mivam.com\/izdelek\/jamar-9-hole-spretnostni-test\/\" \/>\n<meta property=\"og:locale\" content=\"en_US\" \/>\n<meta property=\"og:type\" content=\"article\" \/>\n<meta property=\"og:title\" content=\"Jamar 9-Hole Spretnostni test - Mi Vam\" \/>\n<meta property=\"og:description\" content=\"Jamar 9-Hole Spretnostni test je idealen za motorno koordinacijo in ocenjevanje.\" \/>\n<meta property=\"og:url\" content=\"https:\/\/www.mivam.com\/izdelek\/jamar-9-hole-spretnostni-test\/\" \/>\n<meta property=\"og:site_name\" content=\"Mi Vam\" \/>\n<meta property=\"article:modified_time\" content=\"2025-06-17T12:59:30+00:00\" \/>\n<meta property=\"og:image\" content=\"https:\/\/www.mivam.com\/wp-content\/uploads\/2021\/07\/081296599-main.jpg\" \/>\n\t<meta property=\"og:image:width\" content=\"1200\" \/>\n\t<meta property=\"og:image:height\" content=\"1200\" \/>\n\t<meta property=\"og:image:type\" content=\"image\/jpeg\" \/>\n<meta name=\"twitter:card\" content=\"summary_large_image\" \/>\n<meta name=\"twitter:label1\" content=\"Est. reading time\" \/>\n\t<meta name=\"twitter:data1\" content=\"1 minute\" \/>\n<script type=\"application\/ld+json\" class=\"yoast-schema-graph\">{\"@context\":\"https:\/\/schema.org\",\"@graph\":[{\"@type\":\"WebPage\",\"@id\":\"https:\/\/www.mivam.com\/izdelek\/jamar-9-hole-spretnostni-test\/\",\"url\":\"https:\/\/www.mivam.com\/izdelek\/jamar-9-hole-spretnostni-test\/\",\"name\":\"Jamar 9-Hole Spretnostni test - Mi Vam\",\"isPartOf\":{\"@id\":\"https:\/\/www.mivam.com\/#website\"},\"primaryImageOfPage\":{\"@id\":\"https:\/\/www.mivam.com\/izdelek\/jamar-9-hole-spretnostni-test\/#primaryimage\"},\"image\":{\"@id\":\"https:\/\/www.mivam.com\/izdelek\/jamar-9-hole-spretnostni-test\/#primaryimage\"},\"thumbnailUrl\":\"https:\/\/www.mivam.com\/wp-content\/uploads\/2021\/07\/081296599-main.jpg\",\"datePublished\":\"2021-07-06T13:19:30+00:00\",\"dateModified\":\"2025-06-17T12:59:30+00:00\",\"description\":\"Jamar 9-Hole Spretnostni test je idealen za motorno koordinacijo in ocenjevanje.\",\"breadcrumb\":{\"@id\":\"https:\/\/www.mivam.com\/izdelek\/jamar-9-hole-spretnostni-test\/#breadcrumb\"},\"inLanguage\":\"en-US\",\"potentialAction\":[{\"@type\":\"ReadAction\",\"target\":[\"https:\/\/www.mivam.com\/izdelek\/jamar-9-hole-spretnostni-test\/\"]}]},{\"@type\":\"ImageObject\",\"inLanguage\":\"en-US\",\"@id\":\"https:\/\/www.mivam.com\/izdelek\/jamar-9-hole-spretnostni-test\/#primaryimage\",\"url\":\"https:\/\/www.mivam.com\/wp-content\/uploads\/2021\/07\/081296599-main.jpg\",\"contentUrl\":\"https:\/\/www.mivam.com\/wp-content\/uploads\/2021\/07\/081296599-main.jpg\",\"width\":1200,\"height\":1200},{\"@type\":\"BreadcrumbList\",\"@id\":\"https:\/\/www.mivam.com\/izdelek\/jamar-9-hole-spretnostni-test\/#breadcrumb\",\"itemListElement\":[{\"@type\":\"ListItem\",\"position\":1,\"name\":\"Domov\",\"item\":\"https:\/\/www.mivam.com\/\"},{\"@type\":\"ListItem\",\"position\":2,\"name\":\"Shop\",\"item\":\"https:\/\/www.mivam.com\/en\/shop\/\"},{\"@type\":\"ListItem\",\"position\":3,\"name\":\"Rehabilitacija\",\"item\":\"https:\/\/www.mivam.com\/kategorija-izdelka\/rehabilitacija\/\"},{\"@type\":\"ListItem\",\"position\":4,\"name\":\"Pripomo\u010dki za testiranje\",\"item\":\"https:\/\/www.mivam.com\/kategorija-izdelka\/rehabilitacija\/pripomocki-za-testiranje\/\"},{\"@type\":\"ListItem\",\"position\":5,\"name\":\"Jamar 9-Hole Spretnostni test\"}]},{\"@type\":\"WebSite\",\"@id\":\"https:\/\/www.mivam.com\/#website\",\"url\":\"https:\/\/www.mivam.com\/\",\"name\":\"Mi Vam\",\"description\":\"Medicinski pripomo\u010dki in re\u0161itve za manj odvisno \u017eivljenje.\",\"potentialAction\":[{\"@type\":\"SearchAction\",\"target\":{\"@type\":\"EntryPoint\",\"urlTemplate\":\"https:\/\/www.mivam.com\/?s={search_term_string}\"},\"query-input\":{\"@type\":\"PropertyValueSpecification\",\"valueRequired\":true,\"valueName\":\"search_term_string\"}}],\"inLanguage\":\"en-US\"}]}<\/script>\n<!-- \/ Yoast SEO plugin. -->","yoast_head_json":{"title":"Jamar 9-Hole Spretnostni test - Mi Vam","description":"Jamar 9-Hole Spretnostni test je idealen za motorno koordinacijo in ocenjevanje.","robots":{"index":"index","follow":"follow","max-snippet":"max-snippet:-1","max-image-preview":"max-image-preview:large","max-video-preview":"max-video-preview:-1"},"canonical":"https:\/\/www.mivam.com\/izdelek\/jamar-9-hole-spretnostni-test\/","og_locale":"en_US","og_type":"article","og_title":"Jamar 9-Hole Spretnostni test - Mi Vam","og_description":"Jamar 9-Hole Spretnostni test je idealen za motorno koordinacijo in ocenjevanje.","og_url":"https:\/\/www.mivam.com\/izdelek\/jamar-9-hole-spretnostni-test\/","og_site_name":"Mi Vam","article_modified_time":"2025-06-17T12:59:30+00:00","og_image":[{"width":1200,"height":1200,"url":"https:\/\/www.mivam.com\/wp-content\/uploads\/2021\/07\/081296599-main.jpg","type":"image\/jpeg"}],"twitter_card":"summary_large_image","twitter_misc":{"Est. reading time":"1 minute"},"schema":{"@context":"https:\/\/schema.org","@graph":[{"@type":"WebPage","@id":"https:\/\/www.mivam.com\/izdelek\/jamar-9-hole-spretnostni-test\/","url":"https:\/\/www.mivam.com\/izdelek\/jamar-9-hole-spretnostni-test\/","name":"Jamar 9-Hole Spretnostni test - Mi Vam","isPartOf":{"@id":"https:\/\/www.mivam.com\/#website"},"primaryImageOfPage":{"@id":"https:\/\/www.mivam.com\/izdelek\/jamar-9-hole-spretnostni-test\/#primaryimage"},"image":{"@id":"https:\/\/www.mivam.com\/izdelek\/jamar-9-hole-spretnostni-test\/#primaryimage"},"thumbnailUrl":"https:\/\/www.mivam.com\/wp-content\/uploads\/2021\/07\/081296599-main.jpg","datePublished":"2021-07-06T13:19:30+00:00","dateModified":"2025-06-17T12:59:30+00:00","description":"Jamar 9-Hole Spretnostni test je idealen za motorno koordinacijo in ocenjevanje.","breadcrumb":{"@id":"https:\/\/www.mivam.com\/izdelek\/jamar-9-hole-spretnostni-test\/#breadcrumb"},"inLanguage":"en-US","potentialAction":[{"@type":"ReadAction","target":["https:\/\/www.mivam.com\/izdelek\/jamar-9-hole-spretnostni-test\/"]}]},{"@type":"ImageObject","inLanguage":"en-US","@id":"https:\/\/www.mivam.com\/izdelek\/jamar-9-hole-spretnostni-test\/#primaryimage","url":"https:\/\/www.mivam.com\/wp-content\/uploads\/2021\/07\/081296599-main.jpg","contentUrl":"https:\/\/www.mivam.com\/wp-content\/uploads\/2021\/07\/081296599-main.jpg","width":1200,"height":1200},{"@type":"BreadcrumbList","@id":"https:\/\/www.mivam.com\/izdelek\/jamar-9-hole-spretnostni-test\/#breadcrumb","itemListElement":[{"@type":"ListItem","position":1,"name":"Domov","item":"https:\/\/www.mivam.com\/"},{"@type":"ListItem","position":2,"name":"Shop","item":"https:\/\/www.mivam.com\/en\/shop\/"},{"@type":"ListItem","position":3,"name":"Rehabilitacija","item":"https:\/\/www.mivam.com\/kategorija-izdelka\/rehabilitacija\/"},{"@type":"ListItem","position":4,"name":"Pripomo\u010dki za testiranje","item":"https:\/\/www.mivam.com\/kategorija-izdelka\/rehabilitacija\/pripomocki-za-testiranje\/"},{"@type":"ListItem","position":5,"name":"Jamar 9-Hole Spretnostni test"}]},{"@type":"WebSite","@id":"https:\/\/www.mivam.com\/#website","url":"https:\/\/www.mivam.com\/","name":"Mi Vam","description":"Medicinski pripomo\u010dki in re\u0161itve za manj odvisno \u017eivljenje.","potentialAction":[{"@type":"SearchAction","target":{"@type":"EntryPoint","urlTemplate":"https:\/\/www.mivam.com\/?s={search_term_string}"},"query-input":{"@type":"PropertyValueSpecification","valueRequired":true,"valueName":"search_term_string"}}],"inLanguage":"en-US"}]}},"_links":{"self":[{"href":"https:\/\/www.mivam.com\/en\/wp-json\/wp\/v2\/product\/2036","targetHints":{"allow":["GET"]}}],"collection":[{"href":"https:\/\/www.mivam.com\/en\/wp-json\/wp\/v2\/product"}],"about":[{"href":"https:\/\/www.mivam.com\/en\/wp-json\/wp\/v2\/types\/product"}],"replies":[{"embeddable":true,"href":"https:\/\/www.mivam.com\/en\/wp-json\/wp\/v2\/comments?post=2036"}],"wp:featuredmedia":[{"embeddable":true,"href":"https:\/\/www.mivam.com\/en\/wp-json\/wp\/v2\/media\/2797"}],"wp:attachment":[{"href":"https:\/\/www.mivam.com\/en\/wp-json\/wp\/v2\/media?parent=2036"}],"wp:term":[{"taxonomy":"product_brand","embeddable":true,"href":"https:\/\/www.mivam.com\/en\/wp-json\/wp\/v2\/product_brand?post=2036"},{"taxonomy":"product_cat","embeddable":true,"href":"https:\/\/www.mivam.com\/en\/wp-json\/wp\/v2\/product_cat?post=2036"},{"taxonomy":"product_tag","embeddable":true,"href":"https:\/\/www.mivam.com\/en\/wp-json\/wp\/v2\/product_tag?post=2036"}],"curies":[{"name":"wp","href":"https:\/\/api.w.org\/{rel}","templated":true}]}}