{"id":2020,"date":"2020-11-14T09:03:09","date_gmt":"2020-11-14T08:03:09","guid":{"rendered":"https:\/\/www.mivam.com\/?post_type=product&#038;p=2020"},"modified":"2025-06-17T13:58:29","modified_gmt":"2025-06-17T11:58:29","slug":"masazne-zogice","status":"publish","type":"product","link":"https:\/\/www.mivam.com\/en\/izdelek\/masazne-zogice\/","title":{"rendered":"Masa\u017ene \u017eogice"},"content":{"rendered":"<p><span class=\"VIiyi\" lang=\"sl\"><span class=\"JLqJ4b ChMk0b\" data-language-for-alternatives=\"sl\" data-language-to-translate-into=\"en\" data-phrase-index=\"0\">Masa\u017ene kroglice so mehke gumijaste kroglice z mehkimi konicami na povr\u0161ini.<\/span> <span class=\"JLqJ4b ChMk0b\" data-language-for-alternatives=\"sl\" data-language-to-translate-into=\"en\" data-phrase-index=\"1\">Odli\u010dne so za izbolj\u0161anje krvnega obtoka in laj\u0161anje napetosti.<\/span> <span class=\"JLqJ4b ChMk0b\" data-language-for-alternatives=\"sl\" data-language-to-translate-into=\"en\" data-phrase-index=\"2\">\u010ce jih kro\u017eno premikate po povr\u0161ini ko\u017ee, lahko masirate mi\u0161ice in mobilizirate tkivo.<\/span> <\/span><\/p>\n<p><span class=\"VIiyi\" lang=\"sl\"><span class=\"JLqJ4b ChMk0b\" data-language-for-alternatives=\"sl\" data-language-to-translate-into=\"en\" data-phrase-index=\"4\">Te terapevtske kroglice se lahko uporabljajo za \u0161iroko paleto aplikacij.<\/span> <span class=\"JLqJ4b ChMk0b\" data-language-for-alternatives=\"sl\" data-language-to-translate-into=\"en\" data-phrase-index=\"5\">Izdelujejo jih kot odli\u010dne igra\u010de za otroke, ki u\u010dijo propriocepcijo in spodbujajo taktilno stimulacijo.<\/span> <span class=\"JLqJ4b ChMk0b\" data-language-for-alternatives=\"sl\" data-language-to-translate-into=\"en\" data-phrase-index=\"6\">Odli\u010dne so tudi za laj\u0161anje stresa v slu\u017ebi.<\/span> <span class=\"JLqJ4b ChMk0b\" data-language-for-alternatives=\"sl\" data-language-to-translate-into=\"en\" data-phrase-index=\"7\">Ne glede na to, za kaj jih potrebujete, so te masa\u017ene \u017eogice odli\u010dna izbira pri terapiji, laj\u0161anju stresa in masa\u017ei.<\/span><\/span><\/p>\n<table style=\"width: 316px\">\n<tbody>\n<tr>\n<td style=\"width: 151.217px\"><strong>Koda<\/strong><\/td>\n<td style=\"width: 149.983px\"><\/td>\n<\/tr>\n<tr>\n<td style=\"width: 151.217px\">091124346<\/td>\n<td style=\"width: 149.983px\">AA90003A<\/td>\n<\/tr>\n<\/tbody>\n<\/table>\n<p><strong>Lastnosti<\/strong><\/p>\n<ul>\n<li><span class=\"VIiyi\" lang=\"sl\"><span class=\"JLqJ4b ChMk0b\" data-language-for-alternatives=\"sl\" data-language-to-translate-into=\"en\" data-phrase-index=\"8\">Pro\u017ena masa\u017ena kroglica z mehkimi konicami za laj\u0161anje stresa ali lahke masa\u017ee <\/span><\/span><\/li>\n<li><span class=\"VIiyi\" lang=\"sl\"><span class=\"JLqJ4b ChMk0b\" data-language-for-alternatives=\"sl\" data-language-to-translate-into=\"en\" data-phrase-index=\"8\">Na voljo v ve\u010d barvah in velikostih <\/span><\/span><\/li>\n<li><span class=\"VIiyi\" lang=\"sl\"><span class=\"JLqJ4b ChMk0b\" data-language-for-alternatives=\"sl\" data-language-to-translate-into=\"en\" data-phrase-index=\"8\">Za laj\u0161anje stresa v slu\u017ebi ali doma <\/span><\/span><\/li>\n<li><span class=\"VIiyi\" lang=\"sl\"><span class=\"JLqJ4b ChMk0b\" data-language-for-alternatives=\"sl\" data-language-to-translate-into=\"en\" data-phrase-index=\"8\">Premaknite teksturirano povr\u0161ino s kro\u017enimi gibi na dlani ali nad ko\u017eo, da spodbudite propriocepcijo <\/span><\/span><\/li>\n<li><span class=\"VIiyi\" lang=\"sl\"><span class=\"JLqJ4b ChMk0b\" data-language-for-alternatives=\"sl\" data-language-to-translate-into=\"en\" data-phrase-index=\"8\">Lahko se uporablja kot namizna igra\u010da na delovnem mestu ali otro\u0161ka terapevtska naprava za spodbujanje taktilne stimulacije<\/span><\/span><\/li>\n<\/ul>\n","protected":false},"excerpt":{"rendered":"<p>Masa\u017ene kroglice so mehke gumijaste kroglice z mehkimi konicami na povr\u0161ini. Odli\u010dne so za izbolj\u0161anje krvnega obtoka in laj\u0161anje napetosti. \u010ce jih kro\u017eno premikate po povr\u0161ini ko\u017ee, lahko masirate mi\u0161ice in mobilizirate tkivo. Te terapevtske kroglice se lahko uporabljajo za \u0161iroko paleto aplikacij. Izdelujejo jih kot odli\u010dne igra\u010de za otroke, ki u\u010dijo propriocepcijo in spodbujajo taktilno stimulacijo. Odli\u010dne so tudi za laj\u0161anje stresa v slu\u017ebi. Ne glede na to, za kaj jih potrebujete, so te masa\u017ene \u017eogice odli\u010dna izbira pri terapiji, laj\u0161anju stresa in masa\u017ei. Koda 091124346 AA90003A Lastnosti Pro\u017ena masa\u017ena kroglica z mehkimi konicami za laj\u0161anje stresa ali lahke masa\u017ee Na voljo v ve\u010d barvah in velikostih Za laj\u0161anje stresa v slu\u017ebi ali doma Premaknite teksturirano povr\u0161ino s kro\u017enimi [&hellip;]<\/p>\n","protected":false},"featured_media":2022,"comment_status":"closed","ping_status":"closed","template":"","meta":[],"product_brand":[],"product_cat":[225,69],"product_tag":[646,645,639,637,647],"class_list":{"0":"post-2020","1":"product","2":"type-product","3":"status-publish","4":"has-post-thumbnail","6":"product_cat-rehabilitacija","7":"product_cat-terapevtski-pripomocki","8":"product_tag-masaza","9":"product_tag-masazne-zogice","10":"product_tag-rehabilitacija-rok","11":"product_tag-roke","12":"product_tag-zogica","14":"first","15":"onbackorder","16":"taxable","17":"shipping-taxable","18":"product-type-simple"},"yoast_head":"<!-- This site is optimized with the Yoast SEO plugin v24.0 - https:\/\/yoast.com\/wordpress\/plugins\/seo\/ -->\n<title>Masa\u017ene \u017eogice - Mi Vam<\/title>\n<meta name=\"description\" content=\"Masa\u017ene kroglice so mehke gumijaste kroglice z mehkimi konicami na povr\u0161ini. Odli\u010dne so za izbolj\u0161anje krvnega obtoka in laj\u0161anje napetosti. \u010ce jih kro\u017eno\" \/>\n<meta name=\"robots\" content=\"index, follow, max-snippet:-1, max-image-preview:large, max-video-preview:-1\" \/>\n<link rel=\"canonical\" href=\"https:\/\/www.mivam.com\/izdelek\/masazne-zogice\/\" \/>\n<meta property=\"og:locale\" content=\"en_US\" \/>\n<meta property=\"og:type\" content=\"article\" \/>\n<meta property=\"og:title\" content=\"Masa\u017ene \u017eogice - Mi Vam\" \/>\n<meta property=\"og:description\" content=\"Masa\u017ene kroglice so mehke gumijaste kroglice z mehkimi konicami na povr\u0161ini. Odli\u010dne so za izbolj\u0161anje krvnega obtoka in laj\u0161anje napetosti. \u010ce jih kro\u017eno\" \/>\n<meta property=\"og:url\" content=\"https:\/\/www.mivam.com\/izdelek\/masazne-zogice\/\" \/>\n<meta property=\"og:site_name\" content=\"Mi Vam\" \/>\n<meta property=\"article:modified_time\" content=\"2025-06-17T11:58:29+00:00\" \/>\n<meta property=\"og:image\" content=\"https:\/\/www.mivam.com\/wp-content\/uploads\/2020\/11\/zogice-s-konicami-1.jpg\" \/>\n\t<meta property=\"og:image:width\" content=\"700\" \/>\n\t<meta property=\"og:image:height\" content=\"700\" \/>\n\t<meta property=\"og:image:type\" content=\"image\/jpeg\" \/>\n<meta name=\"twitter:card\" content=\"summary_large_image\" \/>\n<meta name=\"twitter:label1\" content=\"Est. reading time\" \/>\n\t<meta name=\"twitter:data1\" content=\"1 minute\" \/>\n<script type=\"application\/ld+json\" class=\"yoast-schema-graph\">{\"@context\":\"https:\/\/schema.org\",\"@graph\":[{\"@type\":\"WebPage\",\"@id\":\"https:\/\/www.mivam.com\/izdelek\/masazne-zogice\/\",\"url\":\"https:\/\/www.mivam.com\/izdelek\/masazne-zogice\/\",\"name\":\"Masa\u017ene \u017eogice - Mi Vam\",\"isPartOf\":{\"@id\":\"https:\/\/www.mivam.com\/#website\"},\"primaryImageOfPage\":{\"@id\":\"https:\/\/www.mivam.com\/izdelek\/masazne-zogice\/#primaryimage\"},\"image\":{\"@id\":\"https:\/\/www.mivam.com\/izdelek\/masazne-zogice\/#primaryimage\"},\"thumbnailUrl\":\"https:\/\/www.mivam.com\/wp-content\/uploads\/2020\/11\/zogice-s-konicami-1.jpg\",\"datePublished\":\"2020-11-14T08:03:09+00:00\",\"dateModified\":\"2025-06-17T11:58:29+00:00\",\"description\":\"Masa\u017ene kroglice so mehke gumijaste kroglice z mehkimi konicami na povr\u0161ini. Odli\u010dne so za izbolj\u0161anje krvnega obtoka in laj\u0161anje napetosti. \u010ce jih kro\u017eno\",\"breadcrumb\":{\"@id\":\"https:\/\/www.mivam.com\/izdelek\/masazne-zogice\/#breadcrumb\"},\"inLanguage\":\"en-US\",\"potentialAction\":[{\"@type\":\"ReadAction\",\"target\":[\"https:\/\/www.mivam.com\/izdelek\/masazne-zogice\/\"]}]},{\"@type\":\"ImageObject\",\"inLanguage\":\"en-US\",\"@id\":\"https:\/\/www.mivam.com\/izdelek\/masazne-zogice\/#primaryimage\",\"url\":\"https:\/\/www.mivam.com\/wp-content\/uploads\/2020\/11\/zogice-s-konicami-1.jpg\",\"contentUrl\":\"https:\/\/www.mivam.com\/wp-content\/uploads\/2020\/11\/zogice-s-konicami-1.jpg\",\"width\":700,\"height\":700},{\"@type\":\"BreadcrumbList\",\"@id\":\"https:\/\/www.mivam.com\/izdelek\/masazne-zogice\/#breadcrumb\",\"itemListElement\":[{\"@type\":\"ListItem\",\"position\":1,\"name\":\"Domov\",\"item\":\"https:\/\/www.mivam.com\/\"},{\"@type\":\"ListItem\",\"position\":2,\"name\":\"Shop\",\"item\":\"https:\/\/www.mivam.com\/en\/shop\/\"},{\"@type\":\"ListItem\",\"position\":3,\"name\":\"Rehabilitacija\",\"item\":\"https:\/\/www.mivam.com\/kategorija-izdelka\/rehabilitacija\/\"},{\"@type\":\"ListItem\",\"position\":4,\"name\":\"Terapevtski pripomo\u010dki\",\"item\":\"https:\/\/www.mivam.com\/kategorija-izdelka\/rehabilitacija\/terapevtski-pripomocki\/\"},{\"@type\":\"ListItem\",\"position\":5,\"name\":\"Masa\u017ene \u017eogice\"}]},{\"@type\":\"WebSite\",\"@id\":\"https:\/\/www.mivam.com\/#website\",\"url\":\"https:\/\/www.mivam.com\/\",\"name\":\"Mi Vam\",\"description\":\"Medicinski pripomo\u010dki in re\u0161itve za manj odvisno \u017eivljenje.\",\"potentialAction\":[{\"@type\":\"SearchAction\",\"target\":{\"@type\":\"EntryPoint\",\"urlTemplate\":\"https:\/\/www.mivam.com\/?s={search_term_string}\"},\"query-input\":{\"@type\":\"PropertyValueSpecification\",\"valueRequired\":true,\"valueName\":\"search_term_string\"}}],\"inLanguage\":\"en-US\"}]}<\/script>\n<!-- \/ Yoast SEO plugin. -->","yoast_head_json":{"title":"Masa\u017ene \u017eogice - Mi Vam","description":"Masa\u017ene kroglice so mehke gumijaste kroglice z mehkimi konicami na povr\u0161ini. Odli\u010dne so za izbolj\u0161anje krvnega obtoka in laj\u0161anje napetosti. \u010ce jih kro\u017eno","robots":{"index":"index","follow":"follow","max-snippet":"max-snippet:-1","max-image-preview":"max-image-preview:large","max-video-preview":"max-video-preview:-1"},"canonical":"https:\/\/www.mivam.com\/izdelek\/masazne-zogice\/","og_locale":"en_US","og_type":"article","og_title":"Masa\u017ene \u017eogice - Mi Vam","og_description":"Masa\u017ene kroglice so mehke gumijaste kroglice z mehkimi konicami na povr\u0161ini. Odli\u010dne so za izbolj\u0161anje krvnega obtoka in laj\u0161anje napetosti. \u010ce jih kro\u017eno","og_url":"https:\/\/www.mivam.com\/izdelek\/masazne-zogice\/","og_site_name":"Mi Vam","article_modified_time":"2025-06-17T11:58:29+00:00","og_image":[{"width":700,"height":700,"url":"https:\/\/www.mivam.com\/wp-content\/uploads\/2020\/11\/zogice-s-konicami-1.jpg","type":"image\/jpeg"}],"twitter_card":"summary_large_image","twitter_misc":{"Est. reading time":"1 minute"},"schema":{"@context":"https:\/\/schema.org","@graph":[{"@type":"WebPage","@id":"https:\/\/www.mivam.com\/izdelek\/masazne-zogice\/","url":"https:\/\/www.mivam.com\/izdelek\/masazne-zogice\/","name":"Masa\u017ene \u017eogice - Mi Vam","isPartOf":{"@id":"https:\/\/www.mivam.com\/#website"},"primaryImageOfPage":{"@id":"https:\/\/www.mivam.com\/izdelek\/masazne-zogice\/#primaryimage"},"image":{"@id":"https:\/\/www.mivam.com\/izdelek\/masazne-zogice\/#primaryimage"},"thumbnailUrl":"https:\/\/www.mivam.com\/wp-content\/uploads\/2020\/11\/zogice-s-konicami-1.jpg","datePublished":"2020-11-14T08:03:09+00:00","dateModified":"2025-06-17T11:58:29+00:00","description":"Masa\u017ene kroglice so mehke gumijaste kroglice z mehkimi konicami na povr\u0161ini. Odli\u010dne so za izbolj\u0161anje krvnega obtoka in laj\u0161anje napetosti. \u010ce jih kro\u017eno","breadcrumb":{"@id":"https:\/\/www.mivam.com\/izdelek\/masazne-zogice\/#breadcrumb"},"inLanguage":"en-US","potentialAction":[{"@type":"ReadAction","target":["https:\/\/www.mivam.com\/izdelek\/masazne-zogice\/"]}]},{"@type":"ImageObject","inLanguage":"en-US","@id":"https:\/\/www.mivam.com\/izdelek\/masazne-zogice\/#primaryimage","url":"https:\/\/www.mivam.com\/wp-content\/uploads\/2020\/11\/zogice-s-konicami-1.jpg","contentUrl":"https:\/\/www.mivam.com\/wp-content\/uploads\/2020\/11\/zogice-s-konicami-1.jpg","width":700,"height":700},{"@type":"BreadcrumbList","@id":"https:\/\/www.mivam.com\/izdelek\/masazne-zogice\/#breadcrumb","itemListElement":[{"@type":"ListItem","position":1,"name":"Domov","item":"https:\/\/www.mivam.com\/"},{"@type":"ListItem","position":2,"name":"Shop","item":"https:\/\/www.mivam.com\/en\/shop\/"},{"@type":"ListItem","position":3,"name":"Rehabilitacija","item":"https:\/\/www.mivam.com\/kategorija-izdelka\/rehabilitacija\/"},{"@type":"ListItem","position":4,"name":"Terapevtski pripomo\u010dki","item":"https:\/\/www.mivam.com\/kategorija-izdelka\/rehabilitacija\/terapevtski-pripomocki\/"},{"@type":"ListItem","position":5,"name":"Masa\u017ene \u017eogice"}]},{"@type":"WebSite","@id":"https:\/\/www.mivam.com\/#website","url":"https:\/\/www.mivam.com\/","name":"Mi Vam","description":"Medicinski pripomo\u010dki in re\u0161itve za manj odvisno \u017eivljenje.","potentialAction":[{"@type":"SearchAction","target":{"@type":"EntryPoint","urlTemplate":"https:\/\/www.mivam.com\/?s={search_term_string}"},"query-input":{"@type":"PropertyValueSpecification","valueRequired":true,"valueName":"search_term_string"}}],"inLanguage":"en-US"}]}},"_links":{"self":[{"href":"https:\/\/www.mivam.com\/en\/wp-json\/wp\/v2\/product\/2020","targetHints":{"allow":["GET"]}}],"collection":[{"href":"https:\/\/www.mivam.com\/en\/wp-json\/wp\/v2\/product"}],"about":[{"href":"https:\/\/www.mivam.com\/en\/wp-json\/wp\/v2\/types\/product"}],"replies":[{"embeddable":true,"href":"https:\/\/www.mivam.com\/en\/wp-json\/wp\/v2\/comments?post=2020"}],"wp:featuredmedia":[{"embeddable":true,"href":"https:\/\/www.mivam.com\/en\/wp-json\/wp\/v2\/media\/2022"}],"wp:attachment":[{"href":"https:\/\/www.mivam.com\/en\/wp-json\/wp\/v2\/media?parent=2020"}],"wp:term":[{"taxonomy":"product_brand","embeddable":true,"href":"https:\/\/www.mivam.com\/en\/wp-json\/wp\/v2\/product_brand?post=2020"},{"taxonomy":"product_cat","embeddable":true,"href":"https:\/\/www.mivam.com\/en\/wp-json\/wp\/v2\/product_cat?post=2020"},{"taxonomy":"product_tag","embeddable":true,"href":"https:\/\/www.mivam.com\/en\/wp-json\/wp\/v2\/product_tag?post=2020"}],"curies":[{"name":"wp","href":"https:\/\/api.w.org\/{rel}","templated":true}]}}