{"id":2019,"date":"2020-11-14T08:53:03","date_gmt":"2020-11-14T07:53:03","guid":{"rendered":"https:\/\/www.mivam.com\/?post_type=product&#038;p=2019"},"modified":"2025-06-17T14:13:47","modified_gmt":"2025-06-17T12:13:47","slug":"zogice-iz-gela-komplet","status":"publish","type":"product","link":"https:\/\/www.mivam.com\/en\/izdelek\/zogice-iz-gela-komplet\/","title":{"rendered":"\u017dogice iz gela &#8211; komplet"},"content":{"rendered":"<p><span class=\"VIiyi\" lang=\"sl\"><span class=\"JLqJ4b\" data-language-for-alternatives=\"sl\" data-language-to-translate-into=\"en\" data-phrase-index=\"0\">Vadba za odpornost za rehabilitacijo Gel Ball Hand Exerciser je pripomo\u010dek za trening, krepitev, kondicioniranje in rehabilitacijo rok, prstov in mi\u0161ic podlakti. Zasnovan za osebno in \/ ali profesionalno uporabo doma, klinik, rehabilitacijskih centrov, delovno terapijo&#8230; Idealno za plezalce, bodybuilderje, igralce golfa, kitariste, pianiste in \u0161portnike vseh \u0161portov za pove\u010danje mo\u010di oprijema. <\/span><\/span><\/p>\n<p><strong><span class=\"VIiyi\" lang=\"sl\"><span class=\"JLqJ4b\" data-language-for-alternatives=\"sl\" data-language-to-translate-into=\"en\" data-phrase-index=\"0\">Pet razli\u010dnih barv kodiranih ravni odpornosti <\/span><\/span><\/strong><\/p>\n<p><span class=\"VIiyi\" lang=\"sl\"><span class=\"JLqJ4b\" data-language-for-alternatives=\"sl\" data-language-to-translate-into=\"en\" data-phrase-index=\"0\">Na voljo je v petih barvno ozna\u010denih stopnjah odpornosti, izberite raven, ki je najprimernej\u0161a za krepitev mi\u0161ic zgornjih okon\u010din. Te treningi za odpornost so na voljo v ravneh, od zelo mehkih do zelo trdnih. Gel Ball vaje so tudi u\u010dinkovito orodje za laj\u0161anje stresa. Tudi posamezniki, ki trpijo zaradi po\u0161kodb tetive, raztrganin teni\u0161kega komolca in \u017eivcev, imajo koristi od uporabe gelnih \u017eogic. Komplet petih barvno kodiranih kroglic omogo\u010da uporabnikom, da so pri\u010da pove\u010danju mo\u010di z razli\u010dnimi stopnjami odpornosti. <\/span><\/span><\/p>\n<p><span class=\"VIiyi\" lang=\"sl\"><span class=\"JLqJ4b\" data-language-for-alternatives=\"sl\" data-language-to-translate-into=\"en\" data-phrase-index=\"0\"><strong>Zasnovan za pove\u010danje mo\u010di oprijema<\/strong> <\/span><\/span><\/p>\n<p><span class=\"VIiyi\" lang=\"sl\"><span class=\"JLqJ4b\" data-language-for-alternatives=\"sl\" data-language-to-translate-into=\"en\" data-phrase-index=\"0\">Izdelana iz materiala TPR (Termoplastic Rubber)-termoplasti\u010dna guma, ki se ne lepi, primerno teksturo, ki se\u00a0 po uporabi enostavno obri\u0161e. Te \u017eogice za trening so mehke na dotik in se po uporabi med stiskanjem vrnejo v prvotno obliko. Zasnova je odli\u010dna za paciente vseh starosti in se udobno prilega ve\u010dini uporabnikov rok.<br \/>\n<\/span><\/span><\/p>\n<p><strong>Lastnosti<\/strong><\/p>\n<ul>\n<li><span class=\"VIiyi\" lang=\"sl\"><span class=\"JLqJ4b ChMk0b\" data-language-for-alternatives=\"sl\" data-language-to-translate-into=\"en\" data-phrase-index=\"0\">Pomaga pri izbolj\u0161anju spretnosti rok, krepi oprijem in pomaga pri razvoju fine motorike<\/span> <\/span><\/li>\n<li><span class=\"VIiyi\" lang=\"sl\"><span class=\"JLqJ4b ChMk0b\" data-language-for-alternatives=\"sl\" data-language-to-translate-into=\"en\" data-phrase-index=\"2\">Zasnovan za zagotavljanje treninga odpornosti za uporabnike vseh starosti v razli\u010dnih osebnih in poklicnih okoljih<\/span> <\/span><\/li>\n<li><span class=\"VIiyi\" lang=\"sl\"> <span class=\"JLqJ4b ChMk0b\" data-language-for-alternatives=\"sl\" data-language-to-translate-into=\"en\" data-phrase-index=\"4\">Preprosto in u\u010dinkovito orodje za ro\u010dno terapijo za obnovo mo\u010di v prstih, rokah in zapestjih<\/span> <\/span><\/li>\n<li><span class=\"VIiyi\" lang=\"sl\"><span class=\"JLqJ4b ChMk0b\" data-language-for-alternatives=\"sl\" data-language-to-translate-into=\"en\" data-phrase-index=\"6\">Okrogla velikost, s premerom 50 mm, vadbene \u017eogice se udobno prilegajo dlani uporabnikov<\/span> <\/span><\/li>\n<li><span class=\"VIiyi\" lang=\"sl\"><span class=\"JLqJ4b ChMk0b\" data-language-for-alternatives=\"sl\" data-language-to-translate-into=\"en\" data-phrase-index=\"8\">Na voljo v petih nivojih trdote, izjemno mehke do izjemno trdne in v kompletu vseh petih stopenj<br \/>\n<\/span><\/span><\/li>\n<\/ul>\n<p><strong><img decoding=\"async\" class=\"alignnone size-medium wp-image-2018\" src=\"https:\/\/www.mivam.com\/wp-content\/uploads\/2017\/09\/balls-300x300.jpg\" alt=\"\" width=\"300\" height=\"300\" srcset=\"https:\/\/www.mivam.com\/wp-content\/uploads\/2017\/09\/balls-300x300.jpg 300w, https:\/\/www.mivam.com\/wp-content\/uploads\/2017\/09\/balls-600x600.jpg 600w, https:\/\/www.mivam.com\/wp-content\/uploads\/2017\/09\/balls-150x150.jpg 150w, https:\/\/www.mivam.com\/wp-content\/uploads\/2017\/09\/balls-180x180.jpg 180w, https:\/\/www.mivam.com\/wp-content\/uploads\/2017\/09\/balls.jpg 700w\" sizes=\"(max-width: 300px) 100vw, 300px\" \/><\/strong><\/p>\n","protected":false},"excerpt":{"rendered":"<p>Tu prejmete komplet vseh zahtevnosti.<\/p>\n","protected":false},"featured_media":2018,"comment_status":"closed","ping_status":"closed","template":"","meta":[],"product_brand":[],"product_cat":[225,69],"product_tag":[268,650,639,634,648,649],"class_list":{"0":"post-2019","1":"product","2":"type-product","3":"status-publish","4":"has-post-thumbnail","6":"product_cat-rehabilitacija","7":"product_cat-terapevtski-pripomocki","8":"product_tag-gel","9":"product_tag-komplet","10":"product_tag-rehabilitacija-rok","11":"product_tag-zogice","12":"product_tag-zogice-iz-gela","13":"product_tag-zogice-komplet","15":"first","16":"instock","17":"taxable","18":"shipping-taxable","19":"purchasable","20":"product-type-simple"},"yoast_head":"<!-- This site is optimized with the Yoast SEO plugin v24.0 - https:\/\/yoast.com\/wordpress\/plugins\/seo\/ -->\n<title>\u017dogice iz gela - komplet - Mi Vam<\/title>\n<meta name=\"description\" content=\"Tu prejmete komplet vseh zahtevnosti.\" \/>\n<meta name=\"robots\" content=\"index, follow, max-snippet:-1, max-image-preview:large, max-video-preview:-1\" \/>\n<link rel=\"canonical\" href=\"https:\/\/www.mivam.com\/izdelek\/zogice-iz-gela-komplet\/\" \/>\n<meta property=\"og:locale\" content=\"en_US\" \/>\n<meta property=\"og:type\" content=\"article\" \/>\n<meta property=\"og:title\" content=\"\u017dogice iz gela - komplet - Mi Vam\" \/>\n<meta property=\"og:description\" content=\"Tu prejmete komplet vseh zahtevnosti.\" \/>\n<meta property=\"og:url\" content=\"https:\/\/www.mivam.com\/izdelek\/zogice-iz-gela-komplet\/\" \/>\n<meta property=\"og:site_name\" content=\"Mi Vam\" \/>\n<meta property=\"article:modified_time\" content=\"2025-06-17T12:13:47+00:00\" \/>\n<meta property=\"og:image\" content=\"https:\/\/www.mivam.com\/wp-content\/uploads\/2017\/09\/balls.jpg\" \/>\n\t<meta property=\"og:image:width\" content=\"700\" \/>\n\t<meta property=\"og:image:height\" content=\"700\" \/>\n\t<meta property=\"og:image:type\" content=\"image\/jpeg\" \/>\n<meta name=\"twitter:card\" content=\"summary_large_image\" \/>\n<meta name=\"twitter:label1\" content=\"Est. reading time\" \/>\n\t<meta name=\"twitter:data1\" content=\"2 minutes\" \/>\n<script type=\"application\/ld+json\" class=\"yoast-schema-graph\">{\"@context\":\"https:\/\/schema.org\",\"@graph\":[{\"@type\":\"WebPage\",\"@id\":\"https:\/\/www.mivam.com\/izdelek\/zogice-iz-gela-komplet\/\",\"url\":\"https:\/\/www.mivam.com\/izdelek\/zogice-iz-gela-komplet\/\",\"name\":\"\u017dogice iz gela - komplet - Mi Vam\",\"isPartOf\":{\"@id\":\"https:\/\/www.mivam.com\/#website\"},\"primaryImageOfPage\":{\"@id\":\"https:\/\/www.mivam.com\/izdelek\/zogice-iz-gela-komplet\/#primaryimage\"},\"image\":{\"@id\":\"https:\/\/www.mivam.com\/izdelek\/zogice-iz-gela-komplet\/#primaryimage\"},\"thumbnailUrl\":\"https:\/\/www.mivam.com\/wp-content\/uploads\/2017\/09\/balls.jpg\",\"datePublished\":\"2020-11-14T07:53:03+00:00\",\"dateModified\":\"2025-06-17T12:13:47+00:00\",\"description\":\"Tu prejmete komplet vseh zahtevnosti.\",\"breadcrumb\":{\"@id\":\"https:\/\/www.mivam.com\/izdelek\/zogice-iz-gela-komplet\/#breadcrumb\"},\"inLanguage\":\"en-US\",\"potentialAction\":[{\"@type\":\"ReadAction\",\"target\":[\"https:\/\/www.mivam.com\/izdelek\/zogice-iz-gela-komplet\/\"]}]},{\"@type\":\"ImageObject\",\"inLanguage\":\"en-US\",\"@id\":\"https:\/\/www.mivam.com\/izdelek\/zogice-iz-gela-komplet\/#primaryimage\",\"url\":\"https:\/\/www.mivam.com\/wp-content\/uploads\/2017\/09\/balls.jpg\",\"contentUrl\":\"https:\/\/www.mivam.com\/wp-content\/uploads\/2017\/09\/balls.jpg\",\"width\":700,\"height\":700},{\"@type\":\"BreadcrumbList\",\"@id\":\"https:\/\/www.mivam.com\/izdelek\/zogice-iz-gela-komplet\/#breadcrumb\",\"itemListElement\":[{\"@type\":\"ListItem\",\"position\":1,\"name\":\"Domov\",\"item\":\"https:\/\/www.mivam.com\/\"},{\"@type\":\"ListItem\",\"position\":2,\"name\":\"Shop\",\"item\":\"https:\/\/www.mivam.com\/en\/shop\/\"},{\"@type\":\"ListItem\",\"position\":3,\"name\":\"Rehabilitacija\",\"item\":\"https:\/\/www.mivam.com\/kategorija-izdelka\/rehabilitacija\/\"},{\"@type\":\"ListItem\",\"position\":4,\"name\":\"Terapevtski pripomo\u010dki\",\"item\":\"https:\/\/www.mivam.com\/kategorija-izdelka\/rehabilitacija\/terapevtski-pripomocki\/\"},{\"@type\":\"ListItem\",\"position\":5,\"name\":\"\u017dogice iz gela &#8211; komplet\"}]},{\"@type\":\"WebSite\",\"@id\":\"https:\/\/www.mivam.com\/#website\",\"url\":\"https:\/\/www.mivam.com\/\",\"name\":\"Mi Vam\",\"description\":\"Medicinski pripomo\u010dki in re\u0161itve za manj odvisno \u017eivljenje.\",\"potentialAction\":[{\"@type\":\"SearchAction\",\"target\":{\"@type\":\"EntryPoint\",\"urlTemplate\":\"https:\/\/www.mivam.com\/?s={search_term_string}\"},\"query-input\":{\"@type\":\"PropertyValueSpecification\",\"valueRequired\":true,\"valueName\":\"search_term_string\"}}],\"inLanguage\":\"en-US\"}]}<\/script>\n<!-- \/ Yoast SEO plugin. -->","yoast_head_json":{"title":"\u017dogice iz gela - komplet - Mi Vam","description":"Tu prejmete komplet vseh zahtevnosti.","robots":{"index":"index","follow":"follow","max-snippet":"max-snippet:-1","max-image-preview":"max-image-preview:large","max-video-preview":"max-video-preview:-1"},"canonical":"https:\/\/www.mivam.com\/izdelek\/zogice-iz-gela-komplet\/","og_locale":"en_US","og_type":"article","og_title":"\u017dogice iz gela - komplet - Mi Vam","og_description":"Tu prejmete komplet vseh zahtevnosti.","og_url":"https:\/\/www.mivam.com\/izdelek\/zogice-iz-gela-komplet\/","og_site_name":"Mi Vam","article_modified_time":"2025-06-17T12:13:47+00:00","og_image":[{"width":700,"height":700,"url":"https:\/\/www.mivam.com\/wp-content\/uploads\/2017\/09\/balls.jpg","type":"image\/jpeg"}],"twitter_card":"summary_large_image","twitter_misc":{"Est. reading time":"2 minutes"},"schema":{"@context":"https:\/\/schema.org","@graph":[{"@type":"WebPage","@id":"https:\/\/www.mivam.com\/izdelek\/zogice-iz-gela-komplet\/","url":"https:\/\/www.mivam.com\/izdelek\/zogice-iz-gela-komplet\/","name":"\u017dogice iz gela - komplet - Mi Vam","isPartOf":{"@id":"https:\/\/www.mivam.com\/#website"},"primaryImageOfPage":{"@id":"https:\/\/www.mivam.com\/izdelek\/zogice-iz-gela-komplet\/#primaryimage"},"image":{"@id":"https:\/\/www.mivam.com\/izdelek\/zogice-iz-gela-komplet\/#primaryimage"},"thumbnailUrl":"https:\/\/www.mivam.com\/wp-content\/uploads\/2017\/09\/balls.jpg","datePublished":"2020-11-14T07:53:03+00:00","dateModified":"2025-06-17T12:13:47+00:00","description":"Tu prejmete komplet vseh zahtevnosti.","breadcrumb":{"@id":"https:\/\/www.mivam.com\/izdelek\/zogice-iz-gela-komplet\/#breadcrumb"},"inLanguage":"en-US","potentialAction":[{"@type":"ReadAction","target":["https:\/\/www.mivam.com\/izdelek\/zogice-iz-gela-komplet\/"]}]},{"@type":"ImageObject","inLanguage":"en-US","@id":"https:\/\/www.mivam.com\/izdelek\/zogice-iz-gela-komplet\/#primaryimage","url":"https:\/\/www.mivam.com\/wp-content\/uploads\/2017\/09\/balls.jpg","contentUrl":"https:\/\/www.mivam.com\/wp-content\/uploads\/2017\/09\/balls.jpg","width":700,"height":700},{"@type":"BreadcrumbList","@id":"https:\/\/www.mivam.com\/izdelek\/zogice-iz-gela-komplet\/#breadcrumb","itemListElement":[{"@type":"ListItem","position":1,"name":"Domov","item":"https:\/\/www.mivam.com\/"},{"@type":"ListItem","position":2,"name":"Shop","item":"https:\/\/www.mivam.com\/en\/shop\/"},{"@type":"ListItem","position":3,"name":"Rehabilitacija","item":"https:\/\/www.mivam.com\/kategorija-izdelka\/rehabilitacija\/"},{"@type":"ListItem","position":4,"name":"Terapevtski pripomo\u010dki","item":"https:\/\/www.mivam.com\/kategorija-izdelka\/rehabilitacija\/terapevtski-pripomocki\/"},{"@type":"ListItem","position":5,"name":"\u017dogice iz gela &#8211; komplet"}]},{"@type":"WebSite","@id":"https:\/\/www.mivam.com\/#website","url":"https:\/\/www.mivam.com\/","name":"Mi Vam","description":"Medicinski pripomo\u010dki in re\u0161itve za manj odvisno \u017eivljenje.","potentialAction":[{"@type":"SearchAction","target":{"@type":"EntryPoint","urlTemplate":"https:\/\/www.mivam.com\/?s={search_term_string}"},"query-input":{"@type":"PropertyValueSpecification","valueRequired":true,"valueName":"search_term_string"}}],"inLanguage":"en-US"}]}},"_links":{"self":[{"href":"https:\/\/www.mivam.com\/en\/wp-json\/wp\/v2\/product\/2019","targetHints":{"allow":["GET"]}}],"collection":[{"href":"https:\/\/www.mivam.com\/en\/wp-json\/wp\/v2\/product"}],"about":[{"href":"https:\/\/www.mivam.com\/en\/wp-json\/wp\/v2\/types\/product"}],"replies":[{"embeddable":true,"href":"https:\/\/www.mivam.com\/en\/wp-json\/wp\/v2\/comments?post=2019"}],"wp:featuredmedia":[{"embeddable":true,"href":"https:\/\/www.mivam.com\/en\/wp-json\/wp\/v2\/media\/2018"}],"wp:attachment":[{"href":"https:\/\/www.mivam.com\/en\/wp-json\/wp\/v2\/media?parent=2019"}],"wp:term":[{"taxonomy":"product_brand","embeddable":true,"href":"https:\/\/www.mivam.com\/en\/wp-json\/wp\/v2\/product_brand?post=2019"},{"taxonomy":"product_cat","embeddable":true,"href":"https:\/\/www.mivam.com\/en\/wp-json\/wp\/v2\/product_cat?post=2019"},{"taxonomy":"product_tag","embeddable":true,"href":"https:\/\/www.mivam.com\/en\/wp-json\/wp\/v2\/product_tag?post=2019"}],"curies":[{"name":"wp","href":"https:\/\/api.w.org\/{rel}","templated":true}]}}