{"id":2014,"date":"2020-11-13T11:10:03","date_gmt":"2020-11-13T10:10:03","guid":{"rendered":"https:\/\/www.mivam.com\/?post_type=product&#038;p=2014"},"modified":"2025-06-17T15:11:17","modified_gmt":"2025-06-17T13:11:17","slug":"therafin-commode-deska-za-presedanje","status":"publish","type":"product","link":"https:\/\/www.mivam.com\/en\/izdelek\/therafin-commode-deska-za-presedanje\/","title":{"rendered":"Therafin Commode deska za presedanje"},"content":{"rendered":"<p><span class=\"VIiyi\" lang=\"sl\"><span class=\"JLqJ4b ChMk0b\" data-language-for-alternatives=\"sl\" data-language-to-translate-into=\"en\" data-phrase-index=\"0\">Therafin Commode deska za presedanje izdelana iz\u00a0 1,27 cm debele bele plastike. Deska ima visoko gostoto, odporna proti vlagi, ima dve razli\u010dni strani. <\/span><\/span><\/p>\n<p><img decoding=\"async\" class=\"alignnone size-medium wp-image-2016\" src=\"https:\/\/www.mivam.com\/wp-content\/uploads\/2020\/11\/deska-za-presedanje-1-300x300.jpg\" alt=\"\" width=\"300\" height=\"300\" srcset=\"https:\/\/www.mivam.com\/wp-content\/uploads\/2020\/11\/deska-za-presedanje-1-300x300.jpg 300w, https:\/\/www.mivam.com\/wp-content\/uploads\/2020\/11\/deska-za-presedanje-1-150x150.jpg 150w, https:\/\/www.mivam.com\/wp-content\/uploads\/2020\/11\/deska-za-presedanje-1-180x180.jpg 180w, https:\/\/www.mivam.com\/wp-content\/uploads\/2020\/11\/deska-za-presedanje-1.jpg 560w\" sizes=\"(max-width: 300px) 100vw, 300px\" \/><\/p>\n<p>&nbsp;<\/p>\n","protected":false},"excerpt":{"rendered":"<p>Deska za presedanje iz invalidskega vozi\u010dka. Mo\u017eni tudi drugi modeli. Glejte na\u0161e kataloge.<\/p>\n","protected":false},"featured_media":2016,"comment_status":"closed","ping_status":"closed","template":"","meta":[],"product_brand":[],"product_cat":[222,77],"product_tag":[208,655,207],"class_list":{"0":"post-2014","1":"product","2":"type-product","3":"status-publish","4":"has-post-thumbnail","6":"product_cat-invalidski-vozicki-in-skuterji","7":"product_cat-dodatki-za-invalidski-vozicek","8":"product_tag-deska","9":"product_tag-deska-za-invalidski-vozicek","10":"product_tag-deska-za-presedanje","12":"first","13":"onbackorder","14":"taxable","15":"shipping-taxable","16":"product-type-simple"},"yoast_head":"<!-- This site is optimized with the Yoast SEO plugin v24.0 - https:\/\/yoast.com\/wordpress\/plugins\/seo\/ -->\n<title>Therafin Commode deska za presedanje - Mi Vam<\/title>\n<meta name=\"description\" content=\"Deska za presedanje iz invalidskega vozi\u010dka. Mo\u017eni tudi drugi modeli. Glejte na\u0161e kataloge.\" \/>\n<meta name=\"robots\" content=\"index, follow, max-snippet:-1, max-image-preview:large, max-video-preview:-1\" \/>\n<link rel=\"canonical\" href=\"https:\/\/www.mivam.com\/izdelek\/therafin-commode-deska-za-presedanje\/\" \/>\n<meta property=\"og:locale\" content=\"en_US\" \/>\n<meta property=\"og:type\" content=\"article\" \/>\n<meta property=\"og:title\" content=\"Therafin Commode deska za presedanje - Mi Vam\" \/>\n<meta property=\"og:description\" content=\"Deska za presedanje iz invalidskega vozi\u010dka. Mo\u017eni tudi drugi modeli. Glejte na\u0161e kataloge.\" \/>\n<meta property=\"og:url\" content=\"https:\/\/www.mivam.com\/izdelek\/therafin-commode-deska-za-presedanje\/\" \/>\n<meta property=\"og:site_name\" content=\"Mi Vam\" \/>\n<meta property=\"article:modified_time\" content=\"2025-06-17T13:11:17+00:00\" \/>\n<meta property=\"og:image\" content=\"https:\/\/www.mivam.com\/wp-content\/uploads\/2020\/11\/deska-za-presedanje-1.jpg\" \/>\n\t<meta property=\"og:image:width\" content=\"560\" \/>\n\t<meta property=\"og:image:height\" content=\"560\" \/>\n\t<meta property=\"og:image:type\" content=\"image\/jpeg\" \/>\n<meta name=\"twitter:card\" content=\"summary_large_image\" \/>\n<meta name=\"twitter:label1\" content=\"Est. reading time\" \/>\n\t<meta name=\"twitter:data1\" content=\"1 minute\" \/>\n<script type=\"application\/ld+json\" class=\"yoast-schema-graph\">{\"@context\":\"https:\/\/schema.org\",\"@graph\":[{\"@type\":\"WebPage\",\"@id\":\"https:\/\/www.mivam.com\/izdelek\/therafin-commode-deska-za-presedanje\/\",\"url\":\"https:\/\/www.mivam.com\/izdelek\/therafin-commode-deska-za-presedanje\/\",\"name\":\"Therafin Commode deska za presedanje - Mi Vam\",\"isPartOf\":{\"@id\":\"https:\/\/www.mivam.com\/#website\"},\"primaryImageOfPage\":{\"@id\":\"https:\/\/www.mivam.com\/izdelek\/therafin-commode-deska-za-presedanje\/#primaryimage\"},\"image\":{\"@id\":\"https:\/\/www.mivam.com\/izdelek\/therafin-commode-deska-za-presedanje\/#primaryimage\"},\"thumbnailUrl\":\"https:\/\/www.mivam.com\/wp-content\/uploads\/2020\/11\/deska-za-presedanje-1.jpg\",\"datePublished\":\"2020-11-13T10:10:03+00:00\",\"dateModified\":\"2025-06-17T13:11:17+00:00\",\"description\":\"Deska za presedanje iz invalidskega vozi\u010dka. Mo\u017eni tudi drugi modeli. Glejte na\u0161e kataloge.\",\"breadcrumb\":{\"@id\":\"https:\/\/www.mivam.com\/izdelek\/therafin-commode-deska-za-presedanje\/#breadcrumb\"},\"inLanguage\":\"en-US\",\"potentialAction\":[{\"@type\":\"ReadAction\",\"target\":[\"https:\/\/www.mivam.com\/izdelek\/therafin-commode-deska-za-presedanje\/\"]}]},{\"@type\":\"ImageObject\",\"inLanguage\":\"en-US\",\"@id\":\"https:\/\/www.mivam.com\/izdelek\/therafin-commode-deska-za-presedanje\/#primaryimage\",\"url\":\"https:\/\/www.mivam.com\/wp-content\/uploads\/2020\/11\/deska-za-presedanje-1.jpg\",\"contentUrl\":\"https:\/\/www.mivam.com\/wp-content\/uploads\/2020\/11\/deska-za-presedanje-1.jpg\",\"width\":560,\"height\":560},{\"@type\":\"BreadcrumbList\",\"@id\":\"https:\/\/www.mivam.com\/izdelek\/therafin-commode-deska-za-presedanje\/#breadcrumb\",\"itemListElement\":[{\"@type\":\"ListItem\",\"position\":1,\"name\":\"Domov\",\"item\":\"https:\/\/www.mivam.com\/\"},{\"@type\":\"ListItem\",\"position\":2,\"name\":\"Shop\",\"item\":\"https:\/\/www.mivam.com\/en\/shop\/\"},{\"@type\":\"ListItem\",\"position\":3,\"name\":\"Invalidski vozi\u010dki in skuterji\",\"item\":\"https:\/\/www.mivam.com\/kategorija-izdelka\/invalidski-vozicki-in-skuterji\/\"},{\"@type\":\"ListItem\",\"position\":4,\"name\":\"Dodatki za invalidski vozi\u010dek\",\"item\":\"https:\/\/www.mivam.com\/kategorija-izdelka\/invalidski-vozicki-in-skuterji\/dodatki-za-invalidski-vozicek\/\"},{\"@type\":\"ListItem\",\"position\":5,\"name\":\"Therafin Commode deska za presedanje\"}]},{\"@type\":\"WebSite\",\"@id\":\"https:\/\/www.mivam.com\/#website\",\"url\":\"https:\/\/www.mivam.com\/\",\"name\":\"Mi Vam\",\"description\":\"Medicinski pripomo\u010dki in re\u0161itve za manj odvisno \u017eivljenje.\",\"potentialAction\":[{\"@type\":\"SearchAction\",\"target\":{\"@type\":\"EntryPoint\",\"urlTemplate\":\"https:\/\/www.mivam.com\/?s={search_term_string}\"},\"query-input\":{\"@type\":\"PropertyValueSpecification\",\"valueRequired\":true,\"valueName\":\"search_term_string\"}}],\"inLanguage\":\"en-US\"}]}<\/script>\n<!-- \/ Yoast SEO plugin. -->","yoast_head_json":{"title":"Therafin Commode deska za presedanje - Mi Vam","description":"Deska za presedanje iz invalidskega vozi\u010dka. Mo\u017eni tudi drugi modeli. Glejte na\u0161e kataloge.","robots":{"index":"index","follow":"follow","max-snippet":"max-snippet:-1","max-image-preview":"max-image-preview:large","max-video-preview":"max-video-preview:-1"},"canonical":"https:\/\/www.mivam.com\/izdelek\/therafin-commode-deska-za-presedanje\/","og_locale":"en_US","og_type":"article","og_title":"Therafin Commode deska za presedanje - Mi Vam","og_description":"Deska za presedanje iz invalidskega vozi\u010dka. Mo\u017eni tudi drugi modeli. Glejte na\u0161e kataloge.","og_url":"https:\/\/www.mivam.com\/izdelek\/therafin-commode-deska-za-presedanje\/","og_site_name":"Mi Vam","article_modified_time":"2025-06-17T13:11:17+00:00","og_image":[{"width":560,"height":560,"url":"https:\/\/www.mivam.com\/wp-content\/uploads\/2020\/11\/deska-za-presedanje-1.jpg","type":"image\/jpeg"}],"twitter_card":"summary_large_image","twitter_misc":{"Est. reading time":"1 minute"},"schema":{"@context":"https:\/\/schema.org","@graph":[{"@type":"WebPage","@id":"https:\/\/www.mivam.com\/izdelek\/therafin-commode-deska-za-presedanje\/","url":"https:\/\/www.mivam.com\/izdelek\/therafin-commode-deska-za-presedanje\/","name":"Therafin Commode deska za presedanje - Mi Vam","isPartOf":{"@id":"https:\/\/www.mivam.com\/#website"},"primaryImageOfPage":{"@id":"https:\/\/www.mivam.com\/izdelek\/therafin-commode-deska-za-presedanje\/#primaryimage"},"image":{"@id":"https:\/\/www.mivam.com\/izdelek\/therafin-commode-deska-za-presedanje\/#primaryimage"},"thumbnailUrl":"https:\/\/www.mivam.com\/wp-content\/uploads\/2020\/11\/deska-za-presedanje-1.jpg","datePublished":"2020-11-13T10:10:03+00:00","dateModified":"2025-06-17T13:11:17+00:00","description":"Deska za presedanje iz invalidskega vozi\u010dka. Mo\u017eni tudi drugi modeli. Glejte na\u0161e kataloge.","breadcrumb":{"@id":"https:\/\/www.mivam.com\/izdelek\/therafin-commode-deska-za-presedanje\/#breadcrumb"},"inLanguage":"en-US","potentialAction":[{"@type":"ReadAction","target":["https:\/\/www.mivam.com\/izdelek\/therafin-commode-deska-za-presedanje\/"]}]},{"@type":"ImageObject","inLanguage":"en-US","@id":"https:\/\/www.mivam.com\/izdelek\/therafin-commode-deska-za-presedanje\/#primaryimage","url":"https:\/\/www.mivam.com\/wp-content\/uploads\/2020\/11\/deska-za-presedanje-1.jpg","contentUrl":"https:\/\/www.mivam.com\/wp-content\/uploads\/2020\/11\/deska-za-presedanje-1.jpg","width":560,"height":560},{"@type":"BreadcrumbList","@id":"https:\/\/www.mivam.com\/izdelek\/therafin-commode-deska-za-presedanje\/#breadcrumb","itemListElement":[{"@type":"ListItem","position":1,"name":"Domov","item":"https:\/\/www.mivam.com\/"},{"@type":"ListItem","position":2,"name":"Shop","item":"https:\/\/www.mivam.com\/en\/shop\/"},{"@type":"ListItem","position":3,"name":"Invalidski vozi\u010dki in skuterji","item":"https:\/\/www.mivam.com\/kategorija-izdelka\/invalidski-vozicki-in-skuterji\/"},{"@type":"ListItem","position":4,"name":"Dodatki za invalidski vozi\u010dek","item":"https:\/\/www.mivam.com\/kategorija-izdelka\/invalidski-vozicki-in-skuterji\/dodatki-za-invalidski-vozicek\/"},{"@type":"ListItem","position":5,"name":"Therafin Commode deska za presedanje"}]},{"@type":"WebSite","@id":"https:\/\/www.mivam.com\/#website","url":"https:\/\/www.mivam.com\/","name":"Mi Vam","description":"Medicinski pripomo\u010dki in re\u0161itve za manj odvisno \u017eivljenje.","potentialAction":[{"@type":"SearchAction","target":{"@type":"EntryPoint","urlTemplate":"https:\/\/www.mivam.com\/?s={search_term_string}"},"query-input":{"@type":"PropertyValueSpecification","valueRequired":true,"valueName":"search_term_string"}}],"inLanguage":"en-US"}]}},"_links":{"self":[{"href":"https:\/\/www.mivam.com\/en\/wp-json\/wp\/v2\/product\/2014","targetHints":{"allow":["GET"]}}],"collection":[{"href":"https:\/\/www.mivam.com\/en\/wp-json\/wp\/v2\/product"}],"about":[{"href":"https:\/\/www.mivam.com\/en\/wp-json\/wp\/v2\/types\/product"}],"replies":[{"embeddable":true,"href":"https:\/\/www.mivam.com\/en\/wp-json\/wp\/v2\/comments?post=2014"}],"wp:featuredmedia":[{"embeddable":true,"href":"https:\/\/www.mivam.com\/en\/wp-json\/wp\/v2\/media\/2016"}],"wp:attachment":[{"href":"https:\/\/www.mivam.com\/en\/wp-json\/wp\/v2\/media?parent=2014"}],"wp:term":[{"taxonomy":"product_brand","embeddable":true,"href":"https:\/\/www.mivam.com\/en\/wp-json\/wp\/v2\/product_brand?post=2014"},{"taxonomy":"product_cat","embeddable":true,"href":"https:\/\/www.mivam.com\/en\/wp-json\/wp\/v2\/product_cat?post=2014"},{"taxonomy":"product_tag","embeddable":true,"href":"https:\/\/www.mivam.com\/en\/wp-json\/wp\/v2\/product_tag?post=2014"}],"curies":[{"name":"wp","href":"https:\/\/api.w.org\/{rel}","templated":true}]}}