{"id":2012,"date":"2020-11-06T11:50:09","date_gmt":"2020-11-06T10:50:09","guid":{"rendered":"https:\/\/www.mivam.com\/?post_type=product&#038;p=2012"},"modified":"2025-06-17T15:52:28","modified_gmt":"2025-06-17T13:52:28","slug":"enosmerna-drseca-podloga","status":"publish","type":"product","link":"https:\/\/www.mivam.com\/en\/izdelek\/enosmerna-drseca-podloga\/","title":{"rendered":"Enosmerna drse\u010da podloga"},"content":{"rendered":"<p><span class=\"VIiyi\" lang=\"sl\"><span class=\"JLqJ4b ChMk0b\" data-language-for-alternatives=\"sl\" data-language-to-translate-into=\"en\" data-phrase-index=\"2\">Enosmerna podloga prepre\u010duje uporabniku drsenje naprej na invalidskem vozi\u010dku.<\/span> Velur na notranji strani<span class=\"JLqJ4b ChMk0b\" data-language-for-alternatives=\"sl\" data-language-to-translate-into=\"en\" data-phrase-index=\"3\"> lahko drsi samo v eno smer in prepre\u010duje, da bi uporabnik nenamerno zdrsnil.<\/span> D<span class=\"JLqJ4b ChMk0b\" data-language-for-alternatives=\"sl\" data-language-to-translate-into=\"en\" data-phrase-index=\"4\">rsna podloga uporabniku olaj\u0161a tudi prehod na prvotni sede\u017eni polo\u017eaj.<\/span><\/span><\/p>\n<p>Velikost: 45&#215;50 cm<\/p>\n<p>Najve\u010dja dovoljena te\u017ea uporabnika: 250 kg<\/p>\n<p><img decoding=\"async\" class=\"alignnone size-medium wp-image-2013\" src=\"https:\/\/www.mivam.com\/wp-content\/uploads\/2020\/11\/podloga-2-300x227.jpg\" alt=\"\" width=\"300\" height=\"227\" srcset=\"https:\/\/www.mivam.com\/wp-content\/uploads\/2020\/11\/podloga-2-300x227.jpg 300w, https:\/\/www.mivam.com\/wp-content\/uploads\/2020\/11\/podloga-2.jpg 557w\" sizes=\"(max-width: 300px) 100vw, 300px\" \/><\/p>\n","protected":false},"excerpt":{"rendered":"<p>Enosmerna drse\u010da podloga za sede\u017ee. Dodatek za pomo\u010d zadr\u017eanja osebe na sede\u017eni blazini. Prepre\u010duje zdrse.<\/p>\n","protected":false},"featured_media":2013,"comment_status":"closed","ping_status":"closed","template":"","meta":[],"product_brand":[],"product_cat":[222,77],"product_tag":[681,678,45,654,679,680,194],"class_list":{"0":"post-2012","1":"product","2":"type-product","3":"status-publish","4":"has-post-thumbnail","6":"product_cat-invalidski-vozicki-in-skuterji","7":"product_cat-dodatki-za-invalidski-vozicek","8":"product_tag-dodatek-za-vozicek","9":"product_tag-enosmerna-drseca-podloga","10":"product_tag-invalidski-vozicek","11":"product_tag-mobilex","12":"product_tag-podloga-za-sedez","13":"product_tag-podloga-za-vozicek","14":"product_tag-vozicek","16":"first","17":"onbackorder","18":"taxable","19":"shipping-taxable","20":"product-type-simple"},"yoast_head":"<!-- This site is optimized with the Yoast SEO plugin v24.0 - https:\/\/yoast.com\/wordpress\/plugins\/seo\/ -->\n<title>Enosmerna drse\u010da podloga - Mi Vam<\/title>\n<meta name=\"description\" content=\"Enosmerna drse\u010da podloga za sede\u017ee. Dodatek za pomo\u010d zadr\u017eanja osebe na sede\u017eni blazini. Prepre\u010duje zdrse.\" \/>\n<meta name=\"robots\" content=\"index, follow, max-snippet:-1, max-image-preview:large, max-video-preview:-1\" \/>\n<link rel=\"canonical\" href=\"https:\/\/www.mivam.com\/izdelek\/enosmerna-drseca-podloga\/\" \/>\n<meta property=\"og:locale\" content=\"en_US\" \/>\n<meta property=\"og:type\" content=\"article\" \/>\n<meta property=\"og:title\" content=\"Enosmerna drse\u010da podloga - Mi Vam\" \/>\n<meta property=\"og:description\" content=\"Enosmerna drse\u010da podloga za sede\u017ee. Dodatek za pomo\u010d zadr\u017eanja osebe na sede\u017eni blazini. Prepre\u010duje zdrse.\" \/>\n<meta property=\"og:url\" content=\"https:\/\/www.mivam.com\/izdelek\/enosmerna-drseca-podloga\/\" \/>\n<meta property=\"og:site_name\" content=\"Mi Vam\" \/>\n<meta property=\"article:modified_time\" content=\"2025-06-17T13:52:28+00:00\" \/>\n<meta property=\"og:image\" content=\"https:\/\/www.mivam.com\/wp-content\/uploads\/2020\/11\/podloga-2.jpg\" \/>\n\t<meta property=\"og:image:width\" content=\"557\" \/>\n\t<meta property=\"og:image:height\" content=\"421\" \/>\n\t<meta property=\"og:image:type\" content=\"image\/jpeg\" \/>\n<meta name=\"twitter:card\" content=\"summary_large_image\" \/>\n<meta name=\"twitter:label1\" content=\"Est. reading time\" \/>\n\t<meta name=\"twitter:data1\" content=\"1 minute\" \/>\n<script type=\"application\/ld+json\" class=\"yoast-schema-graph\">{\"@context\":\"https:\/\/schema.org\",\"@graph\":[{\"@type\":\"WebPage\",\"@id\":\"https:\/\/www.mivam.com\/izdelek\/enosmerna-drseca-podloga\/\",\"url\":\"https:\/\/www.mivam.com\/izdelek\/enosmerna-drseca-podloga\/\",\"name\":\"Enosmerna drse\u010da podloga - Mi Vam\",\"isPartOf\":{\"@id\":\"https:\/\/www.mivam.com\/#website\"},\"primaryImageOfPage\":{\"@id\":\"https:\/\/www.mivam.com\/izdelek\/enosmerna-drseca-podloga\/#primaryimage\"},\"image\":{\"@id\":\"https:\/\/www.mivam.com\/izdelek\/enosmerna-drseca-podloga\/#primaryimage\"},\"thumbnailUrl\":\"https:\/\/www.mivam.com\/wp-content\/uploads\/2020\/11\/podloga-2.jpg\",\"datePublished\":\"2020-11-06T10:50:09+00:00\",\"dateModified\":\"2025-06-17T13:52:28+00:00\",\"description\":\"Enosmerna drse\u010da podloga za sede\u017ee. Dodatek za pomo\u010d zadr\u017eanja osebe na sede\u017eni blazini. Prepre\u010duje zdrse.\",\"breadcrumb\":{\"@id\":\"https:\/\/www.mivam.com\/izdelek\/enosmerna-drseca-podloga\/#breadcrumb\"},\"inLanguage\":\"en-US\",\"potentialAction\":[{\"@type\":\"ReadAction\",\"target\":[\"https:\/\/www.mivam.com\/izdelek\/enosmerna-drseca-podloga\/\"]}]},{\"@type\":\"ImageObject\",\"inLanguage\":\"en-US\",\"@id\":\"https:\/\/www.mivam.com\/izdelek\/enosmerna-drseca-podloga\/#primaryimage\",\"url\":\"https:\/\/www.mivam.com\/wp-content\/uploads\/2020\/11\/podloga-2.jpg\",\"contentUrl\":\"https:\/\/www.mivam.com\/wp-content\/uploads\/2020\/11\/podloga-2.jpg\",\"width\":557,\"height\":421},{\"@type\":\"BreadcrumbList\",\"@id\":\"https:\/\/www.mivam.com\/izdelek\/enosmerna-drseca-podloga\/#breadcrumb\",\"itemListElement\":[{\"@type\":\"ListItem\",\"position\":1,\"name\":\"Domov\",\"item\":\"https:\/\/www.mivam.com\/\"},{\"@type\":\"ListItem\",\"position\":2,\"name\":\"Shop\",\"item\":\"https:\/\/www.mivam.com\/en\/shop\/\"},{\"@type\":\"ListItem\",\"position\":3,\"name\":\"Invalidski vozi\u010dki in skuterji\",\"item\":\"https:\/\/www.mivam.com\/kategorija-izdelka\/invalidski-vozicki-in-skuterji\/\"},{\"@type\":\"ListItem\",\"position\":4,\"name\":\"Dodatki za invalidski vozi\u010dek\",\"item\":\"https:\/\/www.mivam.com\/kategorija-izdelka\/invalidski-vozicki-in-skuterji\/dodatki-za-invalidski-vozicek\/\"},{\"@type\":\"ListItem\",\"position\":5,\"name\":\"Enosmerna drse\u010da podloga\"}]},{\"@type\":\"WebSite\",\"@id\":\"https:\/\/www.mivam.com\/#website\",\"url\":\"https:\/\/www.mivam.com\/\",\"name\":\"Mi Vam\",\"description\":\"Medicinski pripomo\u010dki in re\u0161itve za manj odvisno \u017eivljenje.\",\"potentialAction\":[{\"@type\":\"SearchAction\",\"target\":{\"@type\":\"EntryPoint\",\"urlTemplate\":\"https:\/\/www.mivam.com\/?s={search_term_string}\"},\"query-input\":{\"@type\":\"PropertyValueSpecification\",\"valueRequired\":true,\"valueName\":\"search_term_string\"}}],\"inLanguage\":\"en-US\"}]}<\/script>\n<!-- \/ Yoast SEO plugin. -->","yoast_head_json":{"title":"Enosmerna drse\u010da podloga - Mi Vam","description":"Enosmerna drse\u010da podloga za sede\u017ee. Dodatek za pomo\u010d zadr\u017eanja osebe na sede\u017eni blazini. Prepre\u010duje zdrse.","robots":{"index":"index","follow":"follow","max-snippet":"max-snippet:-1","max-image-preview":"max-image-preview:large","max-video-preview":"max-video-preview:-1"},"canonical":"https:\/\/www.mivam.com\/izdelek\/enosmerna-drseca-podloga\/","og_locale":"en_US","og_type":"article","og_title":"Enosmerna drse\u010da podloga - Mi Vam","og_description":"Enosmerna drse\u010da podloga za sede\u017ee. Dodatek za pomo\u010d zadr\u017eanja osebe na sede\u017eni blazini. Prepre\u010duje zdrse.","og_url":"https:\/\/www.mivam.com\/izdelek\/enosmerna-drseca-podloga\/","og_site_name":"Mi Vam","article_modified_time":"2025-06-17T13:52:28+00:00","og_image":[{"width":557,"height":421,"url":"https:\/\/www.mivam.com\/wp-content\/uploads\/2020\/11\/podloga-2.jpg","type":"image\/jpeg"}],"twitter_card":"summary_large_image","twitter_misc":{"Est. reading time":"1 minute"},"schema":{"@context":"https:\/\/schema.org","@graph":[{"@type":"WebPage","@id":"https:\/\/www.mivam.com\/izdelek\/enosmerna-drseca-podloga\/","url":"https:\/\/www.mivam.com\/izdelek\/enosmerna-drseca-podloga\/","name":"Enosmerna drse\u010da podloga - Mi Vam","isPartOf":{"@id":"https:\/\/www.mivam.com\/#website"},"primaryImageOfPage":{"@id":"https:\/\/www.mivam.com\/izdelek\/enosmerna-drseca-podloga\/#primaryimage"},"image":{"@id":"https:\/\/www.mivam.com\/izdelek\/enosmerna-drseca-podloga\/#primaryimage"},"thumbnailUrl":"https:\/\/www.mivam.com\/wp-content\/uploads\/2020\/11\/podloga-2.jpg","datePublished":"2020-11-06T10:50:09+00:00","dateModified":"2025-06-17T13:52:28+00:00","description":"Enosmerna drse\u010da podloga za sede\u017ee. Dodatek za pomo\u010d zadr\u017eanja osebe na sede\u017eni blazini. Prepre\u010duje zdrse.","breadcrumb":{"@id":"https:\/\/www.mivam.com\/izdelek\/enosmerna-drseca-podloga\/#breadcrumb"},"inLanguage":"en-US","potentialAction":[{"@type":"ReadAction","target":["https:\/\/www.mivam.com\/izdelek\/enosmerna-drseca-podloga\/"]}]},{"@type":"ImageObject","inLanguage":"en-US","@id":"https:\/\/www.mivam.com\/izdelek\/enosmerna-drseca-podloga\/#primaryimage","url":"https:\/\/www.mivam.com\/wp-content\/uploads\/2020\/11\/podloga-2.jpg","contentUrl":"https:\/\/www.mivam.com\/wp-content\/uploads\/2020\/11\/podloga-2.jpg","width":557,"height":421},{"@type":"BreadcrumbList","@id":"https:\/\/www.mivam.com\/izdelek\/enosmerna-drseca-podloga\/#breadcrumb","itemListElement":[{"@type":"ListItem","position":1,"name":"Domov","item":"https:\/\/www.mivam.com\/"},{"@type":"ListItem","position":2,"name":"Shop","item":"https:\/\/www.mivam.com\/en\/shop\/"},{"@type":"ListItem","position":3,"name":"Invalidski vozi\u010dki in skuterji","item":"https:\/\/www.mivam.com\/kategorija-izdelka\/invalidski-vozicki-in-skuterji\/"},{"@type":"ListItem","position":4,"name":"Dodatki za invalidski vozi\u010dek","item":"https:\/\/www.mivam.com\/kategorija-izdelka\/invalidski-vozicki-in-skuterji\/dodatki-za-invalidski-vozicek\/"},{"@type":"ListItem","position":5,"name":"Enosmerna drse\u010da podloga"}]},{"@type":"WebSite","@id":"https:\/\/www.mivam.com\/#website","url":"https:\/\/www.mivam.com\/","name":"Mi Vam","description":"Medicinski pripomo\u010dki in re\u0161itve za manj odvisno \u017eivljenje.","potentialAction":[{"@type":"SearchAction","target":{"@type":"EntryPoint","urlTemplate":"https:\/\/www.mivam.com\/?s={search_term_string}"},"query-input":{"@type":"PropertyValueSpecification","valueRequired":true,"valueName":"search_term_string"}}],"inLanguage":"en-US"}]}},"_links":{"self":[{"href":"https:\/\/www.mivam.com\/en\/wp-json\/wp\/v2\/product\/2012","targetHints":{"allow":["GET"]}}],"collection":[{"href":"https:\/\/www.mivam.com\/en\/wp-json\/wp\/v2\/product"}],"about":[{"href":"https:\/\/www.mivam.com\/en\/wp-json\/wp\/v2\/types\/product"}],"replies":[{"embeddable":true,"href":"https:\/\/www.mivam.com\/en\/wp-json\/wp\/v2\/comments?post=2012"}],"wp:featuredmedia":[{"embeddable":true,"href":"https:\/\/www.mivam.com\/en\/wp-json\/wp\/v2\/media\/2013"}],"wp:attachment":[{"href":"https:\/\/www.mivam.com\/en\/wp-json\/wp\/v2\/media?parent=2012"}],"wp:term":[{"taxonomy":"product_brand","embeddable":true,"href":"https:\/\/www.mivam.com\/en\/wp-json\/wp\/v2\/product_brand?post=2012"},{"taxonomy":"product_cat","embeddable":true,"href":"https:\/\/www.mivam.com\/en\/wp-json\/wp\/v2\/product_cat?post=2012"},{"taxonomy":"product_tag","embeddable":true,"href":"https:\/\/www.mivam.com\/en\/wp-json\/wp\/v2\/product_tag?post=2012"}],"curies":[{"name":"wp","href":"https:\/\/api.w.org\/{rel}","templated":true}]}}