{"id":2010,"date":"2020-11-06T11:51:49","date_gmt":"2020-11-06T10:51:49","guid":{"rendered":"https:\/\/www.mivam.com\/?post_type=product&#038;p=2010"},"modified":"2025-06-19T04:34:21","modified_gmt":"2025-06-19T02:34:21","slug":"drsna-podloga-z-rocaji","status":"publish","type":"product","link":"https:\/\/www.mivam.com\/en\/izdelek\/drsna-podloga-z-rocaji\/","title":{"rendered":"Drsna podloga z ro\u010daji"},"content":{"rendered":"<div class=\"J0lOec\"><span class=\"VIiyi\" lang=\"sl\"><span class=\"JLqJ4b ChMk0b\" data-language-for-alternatives=\"sl\" data-language-to-translate-into=\"en\" data-phrase-index=\"0\">Drsni list z ro\u010daji olaj\u0161a namestitev sede\u010dih ali le\u017ee\u010dih pacientov, pa tudi le\u017eanje bolnika s postelje na nosila.<\/span> U<span class=\"JLqJ4b ChMk0b\" data-language-for-alternatives=\"sl\" data-language-to-translate-into=\"en\" data-phrase-index=\"1\">poraba dveh drsnih listov cevi olaj\u0161a namestitev dvi\u017ene zanke pod pacienta<\/span><\/span><\/div>\n<div class=\"UdTY9 Yb6eTe\" aria-hidden=\"true\" data-location=\"2\"><\/div>\n<div class=\"BdDRKe\">Na voljo je: 100 x 200 cm<\/div>\n<div><\/div>\n<div>Maksimalna te\u017ea uporabnika 250 kg<\/div>\n<div><\/div>\n<div>Material: Najlon<\/div>\n<div><\/div>\n<div><img decoding=\"async\" class=\"alignnone size-medium wp-image-2011\" src=\"https:\/\/www.mivam.com\/wp-content\/uploads\/2020\/11\/podloga-1-300x230.jpg\" alt=\"\" width=\"300\" height=\"230\" srcset=\"https:\/\/www.mivam.com\/wp-content\/uploads\/2020\/11\/podloga-1-300x230.jpg 300w, https:\/\/www.mivam.com\/wp-content\/uploads\/2020\/11\/podloga-1.jpg 560w\" sizes=\"(max-width: 300px) 100vw, 300px\" \/><\/div>\n<div class=\"aJIq1d DSmisd\" data-language-code=\"sl\" data-language-name=\"sloven\u0161\u010dina\" data-text=\"drsni list z ro\u010daji olaj\u0161a namestitev sede\u010dih ali le\u017ee\u010dih pacientov, pa tudi le\u017eanje bolnika s postelje na nosila. uporaba dveh drsnih listov cevi olaj\u0161a namestitev dvi\u017ene zanke pod pacienta\" data-crosslingual-hint=\"\" data-location=\"2\" data-enable-toggle-playback-speed=\"true\"><\/div>\n<div id=\"ow3714\" data-show-delay-ms=\"250\" data-append-to-body=\"true\" data-propagate-tooltip-mouseover-events=\"true\" data-anchor-corner=\"bottom-left\" data-popup-corner=\"top-left\"><\/div>\n","protected":false},"excerpt":{"rendered":"<p><span class=\"VIiyi\" lang=\"sl\"><span class=\"JLqJ4b ChMk0b\" data-language-for-alternatives=\"sl\" data-language-to-translate-into=\"en\" data-phrase-index=\"0\">Drsni list z ro\u010daji olaj\u0161a namestitev sede\u010dih ali le\u017ee\u010dih pacientov, pa tudi le\u017eanje bolnika s postelje na nosila<\/span><\/span>.<\/p>\n","protected":false},"featured_media":2011,"comment_status":"closed","ping_status":"closed","template":"","meta":[],"product_brand":[],"product_cat":[222,77],"product_tag":[893,892,654,894,895],"class_list":{"0":"post-2010","1":"product","2":"type-product","3":"status-publish","4":"has-post-thumbnail","6":"product_cat-invalidski-vozicki-in-skuterji","7":"product_cat-dodatki-za-invalidski-vozicek","8":"product_tag-drsna-podlaga","9":"product_tag-drsna-podloga-z-rocaji","10":"product_tag-mobilex","11":"product_tag-premik","12":"product_tag-premik-v-postelji","14":"first","15":"onbackorder","16":"taxable","17":"shipping-taxable","18":"product-type-simple"},"yoast_head":"<!-- This site is optimized with the Yoast SEO plugin v24.0 - https:\/\/yoast.com\/wordpress\/plugins\/seo\/ -->\n<title>Drsna podloga z ro\u010daji - Mi Vam<\/title>\n<meta name=\"description\" content=\"Drsni list z ro\u010daji olaj\u0161a namestitev sede\u010dih ali le\u017ee\u010dih pacientov, pa tudi le\u017eanje bolnika s postelje na nosila.\" \/>\n<meta name=\"robots\" content=\"index, follow, max-snippet:-1, max-image-preview:large, max-video-preview:-1\" \/>\n<link rel=\"canonical\" href=\"https:\/\/www.mivam.com\/izdelek\/drsna-podloga-z-rocaji\/\" \/>\n<meta property=\"og:locale\" content=\"en_US\" \/>\n<meta property=\"og:type\" content=\"article\" \/>\n<meta property=\"og:title\" content=\"Drsna podloga z ro\u010daji - Mi Vam\" \/>\n<meta property=\"og:description\" content=\"Drsni list z ro\u010daji olaj\u0161a namestitev sede\u010dih ali le\u017ee\u010dih pacientov, pa tudi le\u017eanje bolnika s postelje na nosila.\" \/>\n<meta property=\"og:url\" content=\"https:\/\/www.mivam.com\/izdelek\/drsna-podloga-z-rocaji\/\" \/>\n<meta property=\"og:site_name\" content=\"Mi Vam\" \/>\n<meta property=\"article:modified_time\" content=\"2025-06-19T02:34:21+00:00\" \/>\n<meta property=\"og:image\" content=\"https:\/\/www.mivam.com\/wp-content\/uploads\/2020\/11\/podloga-1.jpg\" \/>\n\t<meta property=\"og:image:width\" content=\"560\" \/>\n\t<meta property=\"og:image:height\" content=\"430\" \/>\n\t<meta property=\"og:image:type\" content=\"image\/jpeg\" \/>\n<meta name=\"twitter:card\" content=\"summary_large_image\" \/>\n<meta name=\"twitter:label1\" content=\"Est. reading time\" \/>\n\t<meta name=\"twitter:data1\" content=\"1 minute\" \/>\n<script type=\"application\/ld+json\" class=\"yoast-schema-graph\">{\"@context\":\"https:\/\/schema.org\",\"@graph\":[{\"@type\":\"WebPage\",\"@id\":\"https:\/\/www.mivam.com\/izdelek\/drsna-podloga-z-rocaji\/\",\"url\":\"https:\/\/www.mivam.com\/izdelek\/drsna-podloga-z-rocaji\/\",\"name\":\"Drsna podloga z ro\u010daji - Mi Vam\",\"isPartOf\":{\"@id\":\"https:\/\/www.mivam.com\/#website\"},\"primaryImageOfPage\":{\"@id\":\"https:\/\/www.mivam.com\/izdelek\/drsna-podloga-z-rocaji\/#primaryimage\"},\"image\":{\"@id\":\"https:\/\/www.mivam.com\/izdelek\/drsna-podloga-z-rocaji\/#primaryimage\"},\"thumbnailUrl\":\"https:\/\/www.mivam.com\/wp-content\/uploads\/2020\/11\/podloga-1.jpg\",\"datePublished\":\"2020-11-06T10:51:49+00:00\",\"dateModified\":\"2025-06-19T02:34:21+00:00\",\"description\":\"Drsni list z ro\u010daji olaj\u0161a namestitev sede\u010dih ali le\u017ee\u010dih pacientov, pa tudi le\u017eanje bolnika s postelje na nosila.\",\"breadcrumb\":{\"@id\":\"https:\/\/www.mivam.com\/izdelek\/drsna-podloga-z-rocaji\/#breadcrumb\"},\"inLanguage\":\"en-US\",\"potentialAction\":[{\"@type\":\"ReadAction\",\"target\":[\"https:\/\/www.mivam.com\/izdelek\/drsna-podloga-z-rocaji\/\"]}]},{\"@type\":\"ImageObject\",\"inLanguage\":\"en-US\",\"@id\":\"https:\/\/www.mivam.com\/izdelek\/drsna-podloga-z-rocaji\/#primaryimage\",\"url\":\"https:\/\/www.mivam.com\/wp-content\/uploads\/2020\/11\/podloga-1.jpg\",\"contentUrl\":\"https:\/\/www.mivam.com\/wp-content\/uploads\/2020\/11\/podloga-1.jpg\",\"width\":560,\"height\":430},{\"@type\":\"BreadcrumbList\",\"@id\":\"https:\/\/www.mivam.com\/izdelek\/drsna-podloga-z-rocaji\/#breadcrumb\",\"itemListElement\":[{\"@type\":\"ListItem\",\"position\":1,\"name\":\"Domov\",\"item\":\"https:\/\/www.mivam.com\/\"},{\"@type\":\"ListItem\",\"position\":2,\"name\":\"Shop\",\"item\":\"https:\/\/www.mivam.com\/en\/shop\/\"},{\"@type\":\"ListItem\",\"position\":3,\"name\":\"Invalidski vozi\u010dki in skuterji\",\"item\":\"https:\/\/www.mivam.com\/kategorija-izdelka\/invalidski-vozicki-in-skuterji\/\"},{\"@type\":\"ListItem\",\"position\":4,\"name\":\"Dodatki za invalidski vozi\u010dek\",\"item\":\"https:\/\/www.mivam.com\/kategorija-izdelka\/invalidski-vozicki-in-skuterji\/dodatki-za-invalidski-vozicek\/\"},{\"@type\":\"ListItem\",\"position\":5,\"name\":\"Drsna podloga z ro\u010daji\"}]},{\"@type\":\"WebSite\",\"@id\":\"https:\/\/www.mivam.com\/#website\",\"url\":\"https:\/\/www.mivam.com\/\",\"name\":\"Mi Vam\",\"description\":\"Medicinski pripomo\u010dki in re\u0161itve za manj odvisno \u017eivljenje.\",\"potentialAction\":[{\"@type\":\"SearchAction\",\"target\":{\"@type\":\"EntryPoint\",\"urlTemplate\":\"https:\/\/www.mivam.com\/?s={search_term_string}\"},\"query-input\":{\"@type\":\"PropertyValueSpecification\",\"valueRequired\":true,\"valueName\":\"search_term_string\"}}],\"inLanguage\":\"en-US\"}]}<\/script>\n<!-- \/ Yoast SEO plugin. -->","yoast_head_json":{"title":"Drsna podloga z ro\u010daji - Mi Vam","description":"Drsni list z ro\u010daji olaj\u0161a namestitev sede\u010dih ali le\u017ee\u010dih pacientov, pa tudi le\u017eanje bolnika s postelje na nosila.","robots":{"index":"index","follow":"follow","max-snippet":"max-snippet:-1","max-image-preview":"max-image-preview:large","max-video-preview":"max-video-preview:-1"},"canonical":"https:\/\/www.mivam.com\/izdelek\/drsna-podloga-z-rocaji\/","og_locale":"en_US","og_type":"article","og_title":"Drsna podloga z ro\u010daji - Mi Vam","og_description":"Drsni list z ro\u010daji olaj\u0161a namestitev sede\u010dih ali le\u017ee\u010dih pacientov, pa tudi le\u017eanje bolnika s postelje na nosila.","og_url":"https:\/\/www.mivam.com\/izdelek\/drsna-podloga-z-rocaji\/","og_site_name":"Mi Vam","article_modified_time":"2025-06-19T02:34:21+00:00","og_image":[{"width":560,"height":430,"url":"https:\/\/www.mivam.com\/wp-content\/uploads\/2020\/11\/podloga-1.jpg","type":"image\/jpeg"}],"twitter_card":"summary_large_image","twitter_misc":{"Est. reading time":"1 minute"},"schema":{"@context":"https:\/\/schema.org","@graph":[{"@type":"WebPage","@id":"https:\/\/www.mivam.com\/izdelek\/drsna-podloga-z-rocaji\/","url":"https:\/\/www.mivam.com\/izdelek\/drsna-podloga-z-rocaji\/","name":"Drsna podloga z ro\u010daji - Mi Vam","isPartOf":{"@id":"https:\/\/www.mivam.com\/#website"},"primaryImageOfPage":{"@id":"https:\/\/www.mivam.com\/izdelek\/drsna-podloga-z-rocaji\/#primaryimage"},"image":{"@id":"https:\/\/www.mivam.com\/izdelek\/drsna-podloga-z-rocaji\/#primaryimage"},"thumbnailUrl":"https:\/\/www.mivam.com\/wp-content\/uploads\/2020\/11\/podloga-1.jpg","datePublished":"2020-11-06T10:51:49+00:00","dateModified":"2025-06-19T02:34:21+00:00","description":"Drsni list z ro\u010daji olaj\u0161a namestitev sede\u010dih ali le\u017ee\u010dih pacientov, pa tudi le\u017eanje bolnika s postelje na nosila.","breadcrumb":{"@id":"https:\/\/www.mivam.com\/izdelek\/drsna-podloga-z-rocaji\/#breadcrumb"},"inLanguage":"en-US","potentialAction":[{"@type":"ReadAction","target":["https:\/\/www.mivam.com\/izdelek\/drsna-podloga-z-rocaji\/"]}]},{"@type":"ImageObject","inLanguage":"en-US","@id":"https:\/\/www.mivam.com\/izdelek\/drsna-podloga-z-rocaji\/#primaryimage","url":"https:\/\/www.mivam.com\/wp-content\/uploads\/2020\/11\/podloga-1.jpg","contentUrl":"https:\/\/www.mivam.com\/wp-content\/uploads\/2020\/11\/podloga-1.jpg","width":560,"height":430},{"@type":"BreadcrumbList","@id":"https:\/\/www.mivam.com\/izdelek\/drsna-podloga-z-rocaji\/#breadcrumb","itemListElement":[{"@type":"ListItem","position":1,"name":"Domov","item":"https:\/\/www.mivam.com\/"},{"@type":"ListItem","position":2,"name":"Shop","item":"https:\/\/www.mivam.com\/en\/shop\/"},{"@type":"ListItem","position":3,"name":"Invalidski vozi\u010dki in skuterji","item":"https:\/\/www.mivam.com\/kategorija-izdelka\/invalidski-vozicki-in-skuterji\/"},{"@type":"ListItem","position":4,"name":"Dodatki za invalidski vozi\u010dek","item":"https:\/\/www.mivam.com\/kategorija-izdelka\/invalidski-vozicki-in-skuterji\/dodatki-za-invalidski-vozicek\/"},{"@type":"ListItem","position":5,"name":"Drsna podloga z ro\u010daji"}]},{"@type":"WebSite","@id":"https:\/\/www.mivam.com\/#website","url":"https:\/\/www.mivam.com\/","name":"Mi Vam","description":"Medicinski pripomo\u010dki in re\u0161itve za manj odvisno \u017eivljenje.","potentialAction":[{"@type":"SearchAction","target":{"@type":"EntryPoint","urlTemplate":"https:\/\/www.mivam.com\/?s={search_term_string}"},"query-input":{"@type":"PropertyValueSpecification","valueRequired":true,"valueName":"search_term_string"}}],"inLanguage":"en-US"}]}},"_links":{"self":[{"href":"https:\/\/www.mivam.com\/en\/wp-json\/wp\/v2\/product\/2010","targetHints":{"allow":["GET"]}}],"collection":[{"href":"https:\/\/www.mivam.com\/en\/wp-json\/wp\/v2\/product"}],"about":[{"href":"https:\/\/www.mivam.com\/en\/wp-json\/wp\/v2\/types\/product"}],"replies":[{"embeddable":true,"href":"https:\/\/www.mivam.com\/en\/wp-json\/wp\/v2\/comments?post=2010"}],"wp:featuredmedia":[{"embeddable":true,"href":"https:\/\/www.mivam.com\/en\/wp-json\/wp\/v2\/media\/2011"}],"wp:attachment":[{"href":"https:\/\/www.mivam.com\/en\/wp-json\/wp\/v2\/media?parent=2010"}],"wp:term":[{"taxonomy":"product_brand","embeddable":true,"href":"https:\/\/www.mivam.com\/en\/wp-json\/wp\/v2\/product_brand?post=2010"},{"taxonomy":"product_cat","embeddable":true,"href":"https:\/\/www.mivam.com\/en\/wp-json\/wp\/v2\/product_cat?post=2010"},{"taxonomy":"product_tag","embeddable":true,"href":"https:\/\/www.mivam.com\/en\/wp-json\/wp\/v2\/product_tag?post=2010"}],"curies":[{"name":"wp","href":"https:\/\/api.w.org\/{rel}","templated":true}]}}