{"id":2002,"date":"2020-11-05T13:32:47","date_gmt":"2020-11-05T12:32:47","guid":{"rendered":"https:\/\/www.mivam.com\/?post_type=product&#038;p=2002"},"modified":"2025-06-17T15:15:03","modified_gmt":"2025-06-17T13:15:03","slug":"euroausili-nadvlozek","status":"publish","type":"product","link":"https:\/\/www.mivam.com\/en\/izdelek\/euroausili-nadvlozek\/","title":{"rendered":"Euroausili nadvlo\u017eek"},"content":{"rendered":"<p><span style=\"color: #0000ff\"><strong>MO\u017dNO JE DOBITI NA NARO\u010cILNICO 804 &#8211; blazina za posteljo zahtevnej\u0161a<\/strong><\/span><\/p>\n<p>Mo\u017ene tudi druge velikosti po naro\u010dilu.<\/p>\n<table style=\"width: 653.183px\">\n<tbody>\n<tr>\n<td style=\"width: 174px;text-align: center\"><strong>Koda<\/strong><\/td>\n<td style=\"width: 135px;text-align: center\">Velikost<\/td>\n<td style=\"width: 351.183px;text-align: center\">Najve\u010dja dovoljena te\u017ea uporabnika<\/td>\n<\/tr>\n<tr>\n<td style=\"width: 174px;text-align: center\"><strong>PLTOPPER<\/strong><\/td>\n<td style=\"width: 135px;text-align: center\">195x85x5<\/td>\n<td style=\"width: 351.183px;text-align: center\">130 kg<\/td>\n<\/tr>\n<\/tbody>\n<\/table>\n<p><img decoding=\"async\" class=\"alignnone size-medium wp-image-2003\" src=\"https:\/\/www.mivam.com\/wp-content\/uploads\/2020\/11\/euroausili-topper-300x200.jpg\" alt=\"\" width=\"300\" height=\"200\" srcset=\"https:\/\/www.mivam.com\/wp-content\/uploads\/2020\/11\/euroausili-topper-300x200.jpg 300w, https:\/\/www.mivam.com\/wp-content\/uploads\/2020\/11\/euroausili-topper.jpg 416w\" sizes=\"(max-width: 300px) 100vw, 300px\" \/><\/p>\n<table style=\"width: 782px\">\n<tbody>\n<tr>\n<td style=\"width: 340.65px;text-align: center\"><strong>Proizvajalec<\/strong><\/td>\n<td style=\"width: 440.35px;text-align: center\">Euro Ausili<\/td>\n<\/tr>\n<tr>\n<td style=\"width: 340.65px;text-align: center\"><strong>Za\u010detek proizvodnje<\/strong><\/td>\n<td style=\"width: 440.35px;text-align: center\">2015<\/td>\n<\/tr>\n<tr>\n<td style=\"width: 340.65px;text-align: center\"><strong>Klasifikacija medicinskega pripomo\u010dka<\/strong><\/td>\n<td style=\"width: 440.35px;text-align: center\">\u00a0V<span class=\"VIiyi\" lang=\"sl\"><span class=\"JLqJ4b ChMk0b\" data-language-for-alternatives=\"sl\" data-language-to-translate-into=\"en\" data-phrase-index=\"0\">zmetnica iz spominske pene<\/span><\/span><\/td>\n<\/tr>\n<tr>\n<td style=\"width: 340.65px;text-align: center\"><strong>Koda CND<\/strong><\/td>\n<td style=\"width: 440.35px;text-align: center\">Y03306<\/td>\n<\/tr>\n<tr>\n<td style=\"width: 340.65px;text-align: center\"><strong>Koda RDM<\/strong><\/td>\n<td style=\"width: 440.35px;text-align: center\">1444479\/R<\/td>\n<\/tr>\n<tr>\n<td style=\"width: 340.65px;text-align: center\"><strong>Skladnost<\/strong><\/td>\n<td style=\"width: 440.35px;text-align: center\">ECC\/93\/42<\/td>\n<\/tr>\n<tr>\n<td style=\"width: 340.65px;text-align: center\"><strong>Klasifikacija glede na 93\/42\/CEE<\/strong><\/td>\n<td style=\"width: 440.35px;text-align: center\">Medicinski pripomo\u010dek razred I<\/p>\n<p><span class=\"VIiyi\" lang=\"sl\"><span class=\"JLqJ4b ChMk0b\" data-language-for-alternatives=\"sl\" data-language-to-translate-into=\"en\" data-phrase-index=\"0\">Sistem kakovosti v skladu z ISO<\/span><\/span><\/p>\n<p>9001:2015,13485:2016.<\/td>\n<\/tr>\n<tr>\n<td style=\"width: 340.65px;text-align: center\"><strong>\u00a0Namen<\/strong><\/td>\n<td style=\"width: 440.35px;text-align: center\">\u00a0P<span class=\"VIiyi\" lang=\"sl\"><span class=\"JLqJ4b ChMk0b\" data-language-for-alternatives=\"sl\" data-language-to-translate-into=\"en\" data-phrase-index=\"0\">repre\u010devanje po\u0161kodb zaradi pritiska\u00a0 in nizko tveganje ali zelo nizko tveganje<br \/>\n<\/span><\/span><\/td>\n<\/tr>\n<\/tbody>\n<\/table>\n<p>&nbsp;<\/p>\n<p><strong><span class=\"VIiyi\" lang=\"sl\"><span class=\"JLqJ4b ChMk0b\" data-language-for-alternatives=\"sl\" data-language-to-translate-into=\"en\" data-phrase-index=\"0\">Lastnosti vzmetnice<\/span><\/span><\/strong><\/p>\n<table style=\"width: 800px\">\n<tbody>\n<tr>\n<td style=\"width: 341.75px;text-align: center\"><strong>Opis<\/strong><\/td>\n<td style=\"width: 461.25px;text-align: center\">Vzmetnica je narejena iz viskoelasti\u010dne poliuretanske spominske pene<\/td>\n<\/tr>\n<tr>\n<td style=\"width: 341.75px;text-align: center\"><strong>Dimenzija (Cm)<\/strong><\/td>\n<td style=\"width: 461.25px;text-align: center\">195X85X5 (na voljo so tudi druge dimenzije po zahtevah)<\/td>\n<\/tr>\n<tr>\n<td style=\"width: 341.75px;text-align: center\"><strong>Te\u017ea (Kg)<\/strong><\/td>\n<td style=\"width: 461.25px;text-align: center\">\u00a07<\/td>\n<\/tr>\n<tr>\n<td style=\"width: 341.75px;text-align: center\"><strong>Gostota (Kg\/m<sup>3<\/sup>)<\/strong><\/td>\n<td style=\"width: 461.25px;text-align: center\">80<\/td>\n<\/tr>\n<tr>\n<td style=\"width: 341.75px;text-align: center\"><strong>Najve\u010dja dovoljena te\u017ea uporabnika (Kg)<\/strong><\/td>\n<td style=\"width: 461.25px;text-align: center\">130<\/td>\n<\/tr>\n<tr>\n<td style=\"width: 341.75px;text-align: center\"><strong>Protipo\u017earna za\u0161\u010dita<\/strong><\/td>\n<td style=\"width: 461.25px;text-align: center\"><span class=\"VIiyi\" lang=\"sl\"><span class=\"JLqJ4b ChMk0b\" data-language-for-alternatives=\"sl\" data-language-to-translate-into=\"en\" data-phrase-index=\"0\">Materiali, ki jih je proizvajalec potrdil kot ognjevarni.<\/span> <\/span><\/p>\n<p><span class=\"VIiyi\" lang=\"sl\"><span class=\"JLqJ4b ChMk0b\" data-language-for-alternatives=\"sl\" data-language-to-translate-into=\"en\" data-phrase-index=\"1\">Nadvlo\u017eek je odobren s strani Ministrstva za notranje zadeve v razredu 1IM. Koda: MI24D20D1IM000006<br \/>\n<\/span><\/span><\/td>\n<\/tr>\n<\/tbody>\n<\/table>\n<p><strong>Lastnosti prevleke<\/strong><\/p>\n<table style=\"width: 837px\">\n<tbody>\n<tr>\n<td style=\"width: 369.017px;text-align: center\"><strong>Sestava<\/strong><\/td>\n<td style=\"width: 391.983px;text-align: center\" colspan=\"2\">Poliuretan; poliester<\/td>\n<\/tr>\n<tr>\n<td style=\"width: 369.017px;text-align: center\"><strong>Fizi\u010dne in mehanske lastnosti<\/strong><\/td>\n<td style=\"width: 391.983px;text-align: center\" colspan=\"2\"><strong>\u00a0<\/strong><\/p>\n<p><span class=\"VIiyi\" lang=\"sl\"><span class=\"JLqJ4b ChMk0b\" data-language-for-alternatives=\"sl\" data-language-to-translate-into=\"en\" data-phrase-index=\"0\">Prevleka iz poliestra-poliuretana, integrirana s srebrnimi ioni, je dvoraztezna z nizkim koeficientom trenja, protiglivi\u010dna, antibakterijska, antistati\u010dna, vodoodporna proti teko\u010dinam, odporna na made\u017ee, pralna v stroju do 95\u00b0C in sterilna v<\/span> <span class=\"JLqJ4b ChMk0b\" data-language-for-alternatives=\"sl\" data-language-to-translate-into=\"en\" data-phrase-index=\"1\">avtoklavu.<\/span> P<span class=\"JLqJ4b ChMk0b\" data-language-for-alternatives=\"sl\" data-language-to-translate-into=\"en\" data-phrase-index=\"2\">revleko je enostavno odstraniti.<\/span><\/span><\/td>\n<\/tr>\n<tr>\n<td style=\"width: 369.017px;text-align: center\"><strong><span class=\"VIiyi\" lang=\"sl\"><span class=\"JLqJ4b ChMk0b\" data-language-for-alternatives=\"sl\" data-language-to-translate-into=\"it\" data-phrase-index=\"0\">Nepremo\u010dljivost &#8211; vodni stolpec<br \/>\n<\/span><\/span><\/strong><\/td>\n<td style=\"width: 391.983px;text-align: center\">&gt;=2000 m<\/td>\n<td style=\"width: 423px;text-align: center\">ISO 20811:1992<\/td>\n<\/tr>\n<tr>\n<td style=\"width: 369.017px;text-align: center\"><strong><span class=\"VIiyi\" lang=\"sl\"><span class=\"JLqJ4b ChMk0b\" data-language-for-alternatives=\"sl\" data-language-to-translate-into=\"it\" data-phrase-index=\"0\">Prepustnost za vodno paro<\/span><\/span><\/strong><\/td>\n<td style=\"width: 391.983px;text-align: center\">&gt;=500 m<\/td>\n<td style=\"width: 423px;text-align: center\">ASTM E96:1995<\/td>\n<\/tr>\n<tr>\n<td style=\"width: 369.017px;text-align: center\"><strong>Po\u017earna reakcija<\/strong><\/td>\n<td style=\"width: 391.983px;text-align: center\">CRIB 5<\/td>\n<td style=\"width: 423px;text-align: center\">BS 7175<\/td>\n<\/tr>\n<tr>\n<td style=\"width: 369.017px;text-align: center\"><strong>Pomembno<\/strong><\/td>\n<td style=\"width: 391.983px;text-align: center\"><span class=\"VIiyi\" lang=\"sl\"><span class=\"JLqJ4b ChMk0b\" data-language-for-alternatives=\"sl\" data-language-to-translate-into=\"it\" data-phrase-index=\"0\">Trajna za\u0161\u010dita pred glivicami in bakterijami ISO 22196<br \/>\n<\/span><\/span><\/td>\n<td style=\"width: 423px;text-align: center\"><\/td>\n<\/tr>\n<\/tbody>\n<\/table>\n<p><strong>\u010ci\u0161\u010denje in vzdr\u017eevanje<\/strong><\/p>\n<table style=\"width: 865.383px\">\n<tbody>\n<tr>\n<td style=\"width: 331px;text-align: center\"><strong>Kako o\u010distiti prevleko<\/strong><\/td>\n<td style=\"width: 539.383px;text-align: center\"><img decoding=\"async\" class=\"wp-image-2006 aligncenter\" src=\"https:\/\/www.mivam.com\/wp-content\/uploads\/2020\/11\/pranje-1-300x47.jpg\" alt=\"\" width=\"351\" height=\"55\" srcset=\"https:\/\/www.mivam.com\/wp-content\/uploads\/2020\/11\/pranje-1-300x47.jpg 300w, https:\/\/www.mivam.com\/wp-content\/uploads\/2020\/11\/pranje-1-600x95.jpg 600w, https:\/\/www.mivam.com\/wp-content\/uploads\/2020\/11\/pranje-1.jpg 611w\" sizes=\"(max-width: 351px) 100vw, 351px\" \/><\/p>\n<p><span class=\"VIiyi\" lang=\"sl\"><span class=\"JLqJ4b ChMk0b\" data-language-for-alternatives=\"sl\" data-language-to-translate-into=\"en\" data-phrase-index=\"0\">Temperatura, vi\u0161ja od 60, se \u0161teje za dovolj, da zagotovimo ustrezno dezinfekcijo blaga in omogo\u010dimo dolgo \u017eivljenjsko dobo blaga<\/span><\/span><\/td>\n<\/tr>\n<tr>\n<td style=\"width: 331px;text-align: center\"><strong>\u010ci\u0161\u010denje pene<\/strong><\/td>\n<td style=\"width: 539.383px;text-align: center\"><span class=\"VIiyi\" lang=\"sl\"><span class=\"JLqJ4b ChMk0b\" data-language-for-alternatives=\"sl\" data-language-to-translate-into=\"en\" data-phrase-index=\"0\">\u010cistiti s paro pri 95<\/span><\/span>\u00b0C<\/td>\n<\/tr>\n<\/tbody>\n<\/table>\n<p><span class=\"tlid-translation translation\" lang=\"sl\"><span class=\"\" title=\"\">Prevleka za za\u0161\u010dito iz spominske pene, ki bolniku zagotavlja prijetno udobje. To povr\u0161ino lahko namestite neposredno nad vzmetnico, da izbolj\u0161ate njene lastnosti.<\/span> <span title=\"\">Zahvaljujo\u010d svoji sestavi je zagotovljen bolj\u0161i pretok krvi, njegov ergonomski u\u010dinek optimizira dr\u017eo hrbtenice.<\/span><\/span><\/p>\n<p>&nbsp;<\/p>\n<p>&nbsp;<\/p>\n","protected":false},"excerpt":{"rendered":"<p>Kvalitetni nadvlo\u017eek za posteljo priznanega podjetja EURO AUSILI, razli\u010dnih dimenzij &#8211; po naro\u010dilu.<\/p>\n","protected":false},"featured_media":2003,"comment_status":"closed","ping_status":"closed","template":"","meta":[],"product_brand":[],"product_cat":[228,74],"product_tag":[604,656,657,94,599,603,215],"class_list":{"0":"post-2002","1":"product","2":"type-product","3":"status-publish","4":"has-post-thumbnail","6":"product_cat-za-vsakdanjo-uporabo","7":"product_cat-vzglavniki-in-vzmetnice","8":"product_tag-604","9":"product_tag-blazina-proti-prelezeninam-za-posteljo-zahtevna","10":"product_tag-euro-ausili","11":"product_tag-euroausili","12":"product_tag-nadvlozek","13":"product_tag-topper","14":"product_tag-zzzs","16":"first","17":"onbackorder","18":"taxable","19":"shipping-taxable","20":"product-type-simple"},"yoast_head":"<!-- This site is optimized with the Yoast SEO plugin v24.0 - https:\/\/yoast.com\/wordpress\/plugins\/seo\/ -->\n<title>Euroausili nadvlo\u017eek - Mi Vam<\/title>\n<meta name=\"description\" content=\"Kvalitetni nadvlo\u017eek za posteljo priznanega podjetja EURO AUSILI, razli\u010dnih dimenzij - po naro\u010dilu.\" \/>\n<meta name=\"robots\" content=\"index, follow, max-snippet:-1, max-image-preview:large, max-video-preview:-1\" \/>\n<link rel=\"canonical\" href=\"https:\/\/www.mivam.com\/izdelek\/euroausili-nadvlozek\/\" \/>\n<meta property=\"og:locale\" content=\"en_US\" \/>\n<meta property=\"og:type\" content=\"article\" \/>\n<meta property=\"og:title\" content=\"Euroausili nadvlo\u017eek - Mi Vam\" \/>\n<meta property=\"og:description\" content=\"Kvalitetni nadvlo\u017eek za posteljo priznanega podjetja EURO AUSILI, razli\u010dnih dimenzij - po naro\u010dilu.\" \/>\n<meta property=\"og:url\" content=\"https:\/\/www.mivam.com\/izdelek\/euroausili-nadvlozek\/\" \/>\n<meta property=\"og:site_name\" content=\"Mi Vam\" \/>\n<meta property=\"article:modified_time\" content=\"2025-06-17T13:15:03+00:00\" \/>\n<meta property=\"og:image\" content=\"https:\/\/www.mivam.com\/wp-content\/uploads\/2020\/11\/euroausili-topper.jpg\" \/>\n\t<meta property=\"og:image:width\" content=\"416\" \/>\n\t<meta property=\"og:image:height\" content=\"278\" \/>\n\t<meta property=\"og:image:type\" content=\"image\/jpeg\" \/>\n<meta name=\"twitter:card\" content=\"summary_large_image\" \/>\n<meta name=\"twitter:label1\" content=\"Est. reading time\" \/>\n\t<meta name=\"twitter:data1\" content=\"3 minutes\" \/>\n<script type=\"application\/ld+json\" class=\"yoast-schema-graph\">{\"@context\":\"https:\/\/schema.org\",\"@graph\":[{\"@type\":\"WebPage\",\"@id\":\"https:\/\/www.mivam.com\/izdelek\/euroausili-nadvlozek\/\",\"url\":\"https:\/\/www.mivam.com\/izdelek\/euroausili-nadvlozek\/\",\"name\":\"Euroausili nadvlo\u017eek - Mi Vam\",\"isPartOf\":{\"@id\":\"https:\/\/www.mivam.com\/#website\"},\"primaryImageOfPage\":{\"@id\":\"https:\/\/www.mivam.com\/izdelek\/euroausili-nadvlozek\/#primaryimage\"},\"image\":{\"@id\":\"https:\/\/www.mivam.com\/izdelek\/euroausili-nadvlozek\/#primaryimage\"},\"thumbnailUrl\":\"https:\/\/www.mivam.com\/wp-content\/uploads\/2020\/11\/euroausili-topper.jpg\",\"datePublished\":\"2020-11-05T12:32:47+00:00\",\"dateModified\":\"2025-06-17T13:15:03+00:00\",\"description\":\"Kvalitetni nadvlo\u017eek za posteljo priznanega podjetja EURO AUSILI, razli\u010dnih dimenzij - po naro\u010dilu.\",\"breadcrumb\":{\"@id\":\"https:\/\/www.mivam.com\/izdelek\/euroausili-nadvlozek\/#breadcrumb\"},\"inLanguage\":\"en-US\",\"potentialAction\":[{\"@type\":\"ReadAction\",\"target\":[\"https:\/\/www.mivam.com\/izdelek\/euroausili-nadvlozek\/\"]}]},{\"@type\":\"ImageObject\",\"inLanguage\":\"en-US\",\"@id\":\"https:\/\/www.mivam.com\/izdelek\/euroausili-nadvlozek\/#primaryimage\",\"url\":\"https:\/\/www.mivam.com\/wp-content\/uploads\/2020\/11\/euroausili-topper.jpg\",\"contentUrl\":\"https:\/\/www.mivam.com\/wp-content\/uploads\/2020\/11\/euroausili-topper.jpg\",\"width\":416,\"height\":278},{\"@type\":\"BreadcrumbList\",\"@id\":\"https:\/\/www.mivam.com\/izdelek\/euroausili-nadvlozek\/#breadcrumb\",\"itemListElement\":[{\"@type\":\"ListItem\",\"position\":1,\"name\":\"Domov\",\"item\":\"https:\/\/www.mivam.com\/\"},{\"@type\":\"ListItem\",\"position\":2,\"name\":\"Shop\",\"item\":\"https:\/\/www.mivam.com\/en\/shop\/\"},{\"@type\":\"ListItem\",\"position\":3,\"name\":\"Za vsakdanjo uporabo\",\"item\":\"https:\/\/www.mivam.com\/kategorija-izdelka\/za-vsakdanjo-uporabo\/\"},{\"@type\":\"ListItem\",\"position\":4,\"name\":\"Vzglavniki in vzmetnice\",\"item\":\"https:\/\/www.mivam.com\/kategorija-izdelka\/za-vsakdanjo-uporabo\/vzglavniki-in-vzmetnice\/\"},{\"@type\":\"ListItem\",\"position\":5,\"name\":\"Euroausili nadvlo\u017eek\"}]},{\"@type\":\"WebSite\",\"@id\":\"https:\/\/www.mivam.com\/#website\",\"url\":\"https:\/\/www.mivam.com\/\",\"name\":\"Mi Vam\",\"description\":\"Medicinski pripomo\u010dki in re\u0161itve za manj odvisno \u017eivljenje.\",\"potentialAction\":[{\"@type\":\"SearchAction\",\"target\":{\"@type\":\"EntryPoint\",\"urlTemplate\":\"https:\/\/www.mivam.com\/?s={search_term_string}\"},\"query-input\":{\"@type\":\"PropertyValueSpecification\",\"valueRequired\":true,\"valueName\":\"search_term_string\"}}],\"inLanguage\":\"en-US\"}]}<\/script>\n<!-- \/ Yoast SEO plugin. -->","yoast_head_json":{"title":"Euroausili nadvlo\u017eek - Mi Vam","description":"Kvalitetni nadvlo\u017eek za posteljo priznanega podjetja EURO AUSILI, razli\u010dnih dimenzij - po naro\u010dilu.","robots":{"index":"index","follow":"follow","max-snippet":"max-snippet:-1","max-image-preview":"max-image-preview:large","max-video-preview":"max-video-preview:-1"},"canonical":"https:\/\/www.mivam.com\/izdelek\/euroausili-nadvlozek\/","og_locale":"en_US","og_type":"article","og_title":"Euroausili nadvlo\u017eek - Mi Vam","og_description":"Kvalitetni nadvlo\u017eek za posteljo priznanega podjetja EURO AUSILI, razli\u010dnih dimenzij - po naro\u010dilu.","og_url":"https:\/\/www.mivam.com\/izdelek\/euroausili-nadvlozek\/","og_site_name":"Mi Vam","article_modified_time":"2025-06-17T13:15:03+00:00","og_image":[{"width":416,"height":278,"url":"https:\/\/www.mivam.com\/wp-content\/uploads\/2020\/11\/euroausili-topper.jpg","type":"image\/jpeg"}],"twitter_card":"summary_large_image","twitter_misc":{"Est. reading time":"3 minutes"},"schema":{"@context":"https:\/\/schema.org","@graph":[{"@type":"WebPage","@id":"https:\/\/www.mivam.com\/izdelek\/euroausili-nadvlozek\/","url":"https:\/\/www.mivam.com\/izdelek\/euroausili-nadvlozek\/","name":"Euroausili nadvlo\u017eek - Mi Vam","isPartOf":{"@id":"https:\/\/www.mivam.com\/#website"},"primaryImageOfPage":{"@id":"https:\/\/www.mivam.com\/izdelek\/euroausili-nadvlozek\/#primaryimage"},"image":{"@id":"https:\/\/www.mivam.com\/izdelek\/euroausili-nadvlozek\/#primaryimage"},"thumbnailUrl":"https:\/\/www.mivam.com\/wp-content\/uploads\/2020\/11\/euroausili-topper.jpg","datePublished":"2020-11-05T12:32:47+00:00","dateModified":"2025-06-17T13:15:03+00:00","description":"Kvalitetni nadvlo\u017eek za posteljo priznanega podjetja EURO AUSILI, razli\u010dnih dimenzij - po naro\u010dilu.","breadcrumb":{"@id":"https:\/\/www.mivam.com\/izdelek\/euroausili-nadvlozek\/#breadcrumb"},"inLanguage":"en-US","potentialAction":[{"@type":"ReadAction","target":["https:\/\/www.mivam.com\/izdelek\/euroausili-nadvlozek\/"]}]},{"@type":"ImageObject","inLanguage":"en-US","@id":"https:\/\/www.mivam.com\/izdelek\/euroausili-nadvlozek\/#primaryimage","url":"https:\/\/www.mivam.com\/wp-content\/uploads\/2020\/11\/euroausili-topper.jpg","contentUrl":"https:\/\/www.mivam.com\/wp-content\/uploads\/2020\/11\/euroausili-topper.jpg","width":416,"height":278},{"@type":"BreadcrumbList","@id":"https:\/\/www.mivam.com\/izdelek\/euroausili-nadvlozek\/#breadcrumb","itemListElement":[{"@type":"ListItem","position":1,"name":"Domov","item":"https:\/\/www.mivam.com\/"},{"@type":"ListItem","position":2,"name":"Shop","item":"https:\/\/www.mivam.com\/en\/shop\/"},{"@type":"ListItem","position":3,"name":"Za vsakdanjo uporabo","item":"https:\/\/www.mivam.com\/kategorija-izdelka\/za-vsakdanjo-uporabo\/"},{"@type":"ListItem","position":4,"name":"Vzglavniki in vzmetnice","item":"https:\/\/www.mivam.com\/kategorija-izdelka\/za-vsakdanjo-uporabo\/vzglavniki-in-vzmetnice\/"},{"@type":"ListItem","position":5,"name":"Euroausili nadvlo\u017eek"}]},{"@type":"WebSite","@id":"https:\/\/www.mivam.com\/#website","url":"https:\/\/www.mivam.com\/","name":"Mi Vam","description":"Medicinski pripomo\u010dki in re\u0161itve za manj odvisno \u017eivljenje.","potentialAction":[{"@type":"SearchAction","target":{"@type":"EntryPoint","urlTemplate":"https:\/\/www.mivam.com\/?s={search_term_string}"},"query-input":{"@type":"PropertyValueSpecification","valueRequired":true,"valueName":"search_term_string"}}],"inLanguage":"en-US"}]}},"_links":{"self":[{"href":"https:\/\/www.mivam.com\/en\/wp-json\/wp\/v2\/product\/2002","targetHints":{"allow":["GET"]}}],"collection":[{"href":"https:\/\/www.mivam.com\/en\/wp-json\/wp\/v2\/product"}],"about":[{"href":"https:\/\/www.mivam.com\/en\/wp-json\/wp\/v2\/types\/product"}],"replies":[{"embeddable":true,"href":"https:\/\/www.mivam.com\/en\/wp-json\/wp\/v2\/comments?post=2002"}],"wp:featuredmedia":[{"embeddable":true,"href":"https:\/\/www.mivam.com\/en\/wp-json\/wp\/v2\/media\/2003"}],"wp:attachment":[{"href":"https:\/\/www.mivam.com\/en\/wp-json\/wp\/v2\/media?parent=2002"}],"wp:term":[{"taxonomy":"product_brand","embeddable":true,"href":"https:\/\/www.mivam.com\/en\/wp-json\/wp\/v2\/product_brand?post=2002"},{"taxonomy":"product_cat","embeddable":true,"href":"https:\/\/www.mivam.com\/en\/wp-json\/wp\/v2\/product_cat?post=2002"},{"taxonomy":"product_tag","embeddable":true,"href":"https:\/\/www.mivam.com\/en\/wp-json\/wp\/v2\/product_tag?post=2002"}],"curies":[{"name":"wp","href":"https:\/\/api.w.org\/{rel}","templated":true}]}}