{"id":1908,"date":"2025-06-17T15:28:07","date_gmt":"2025-06-17T13:28:07","guid":{"rendered":"https:\/\/www.mivam.com\/?post_type=product&#038;p=1908"},"modified":"2025-06-17T15:28:42","modified_gmt":"2025-06-17T13:28:42","slug":"pokrovi-za-spice-invalidski-vozicek","status":"publish","type":"product","link":"https:\/\/www.mivam.com\/en\/izdelek\/pokrovi-za-spice-invalidski-vozicek\/","title":{"rendered":"Pokrovi za \u0161pice &#8211; Invalidski vozi\u010dek"},"content":{"rendered":"<div class=\"wpb-content-wrapper\"><p>[vc_row][vc_column][vc_column_text]<strong>WHEELCHAIRGADGETS.COM, model:_____________(\u0161ifra) <\/strong><\/p>\n<p>(<a href=\"https:\/\/www.berghspecialproducts.com\/spoke-guards\/designs-(2000&amp;)-spoke-guards\">https:\/\/www.berghspecialproducts.com\/spoke-guards\/designs-(2000&amp;)-spoke-guards<\/a>)<\/p>\n<p>Katalog:<\/p>\n<p><a href=\"https:\/\/www.berghspecialproducts.com\/userfiles\/file\/BSP_Spokeguard_Catalog_2017.pdf\">https:\/\/www.berghspecialproducts.com\/userfiles\/file\/BSP_Spokeguard_Catalog_2017.pdf<\/a><\/p>\n<p>primeri:<\/p>\n<p><a href=\"https:\/\/www.mivam.com\/wp-content\/uploads\/2025\/06\/131.png\"><img decoding=\"async\" class=\"aligncenter size-full wp-image-7695\" src=\"https:\/\/www.mivam.com\/wp-content\/uploads\/2025\/06\/131.png\" alt=\"\" width=\"840\" height=\"150\" srcset=\"https:\/\/www.mivam.com\/wp-content\/uploads\/2025\/06\/131.png 840w, https:\/\/www.mivam.com\/wp-content\/uploads\/2025\/06\/131-300x54.png 300w, https:\/\/www.mivam.com\/wp-content\/uploads\/2025\/06\/131-768x137.png 768w, https:\/\/www.mivam.com\/wp-content\/uploads\/2025\/06\/131-800x143.png 800w, https:\/\/www.mivam.com\/wp-content\/uploads\/2025\/06\/131-600x107.png 600w\" sizes=\"(max-width: 840px) 100vw, 840px\" \/><\/a>[\/vc_column_text][\/vc_column][\/vc_row][vc_row][vc_column]\r\n<div class=\"file-wrap \" id=\"\">\r\n\t\t\t\t\t<a href=\"https:\/\/www.mivam.com\/wp-content\/uploads\/2025\/06\/bsp_spokeguard_catalog_2017.pdf\" target=\"_blank\" class=\"file-dl-btn\">\t\r\n\t\t\t\t\t\t<img decoding=\"async\" src=\"https:\/\/www.mivam.com\/wp-content\/uploads\/2025\/06\/voorblad_spokeguard_catalog_2017.jpg\" alt=\"BSP KATALOG - pokrovi za \u0161pice\/napere\" \/>\r\n\t\t\t\t\t\t<span>BSP KATALOG - pokrovi za \u0161pice\/napere<\/span>\r\n\t\t\t\t\t<\/a>\r\n\t\t\t\t<\/div>\r\n       \r\n        [\/vc_column][\/vc_row]<\/p>\n<\/div>","protected":false},"excerpt":{"rendered":"<p>Pokrovi za kolesa invalidskih vozi\u010dkov in dodatnih pogonov razli\u010dnih velikosti. Na voljo izbira \u017ee v naprej dolo\u010denih motivih ali individualno izdelanih. V kolikor imate specifi\u010dno \u017eeljo nam to sporo\u010dite v povpra\u0161evanju.<\/p>\n","protected":false},"featured_media":7699,"comment_status":"closed","ping_status":"closed","template":"","meta":[],"product_brand":[],"product_cat":[222,77],"product_tag":[662,45,663,660,659,658,661,652],"class_list":{"0":"post-1908","1":"product","2":"type-product","3":"status-publish","4":"has-post-thumbnail","6":"product_cat-invalidski-vozicki-in-skuterji","7":"product_cat-dodatki-za-invalidski-vozicek","8":"product_tag-dodatek-za-kolesa","9":"product_tag-invalidski-vozicek","10":"product_tag-kolesa","11":"product_tag-napere","12":"product_tag-pokrovi-za-napere","13":"product_tag-pokrovi-za-spice","14":"product_tag-spice","15":"product_tag-vozicek-na-rocni-pogon","17":"first","18":"onbackorder","19":"taxable","20":"shipping-taxable","21":"product-type-simple"},"yoast_head":"<!-- This site is optimized with the Yoast SEO plugin v24.0 - https:\/\/yoast.com\/wordpress\/plugins\/seo\/ -->\n<title>Pokrovi za \u0161pice - Invalidski vozi\u010dek - Mi Vam<\/title>\n<meta name=\"description\" content=\"Pokrovi za kolesa invalidskih vozi\u010dkov in dodatnih pogonov razli\u010dnih velikosti. Na voljo izbira \u017ee v naprej dolo\u010denih motivih ali individualno izdelanih. V kolikor imate specifi\u010dno \u017eeljo nam to sporo\u010dite v povpra\u0161evanju.\" \/>\n<meta name=\"robots\" content=\"index, follow, max-snippet:-1, max-image-preview:large, max-video-preview:-1\" \/>\n<link rel=\"canonical\" href=\"https:\/\/www.mivam.com\/izdelek\/pokrovi-za-spice-invalidski-vozicek\/\" \/>\n<meta property=\"og:locale\" content=\"en_US\" \/>\n<meta property=\"og:type\" content=\"article\" \/>\n<meta property=\"og:title\" content=\"Pokrovi za \u0161pice - Invalidski vozi\u010dek - Mi Vam\" \/>\n<meta property=\"og:description\" content=\"Pokrovi za kolesa invalidskih vozi\u010dkov in dodatnih pogonov razli\u010dnih velikosti. Na voljo izbira \u017ee v naprej dolo\u010denih motivih ali individualno izdelanih. V kolikor imate specifi\u010dno \u017eeljo nam to sporo\u010dite v povpra\u0161evanju.\" \/>\n<meta property=\"og:url\" content=\"https:\/\/www.mivam.com\/izdelek\/pokrovi-za-spice-invalidski-vozicek\/\" \/>\n<meta property=\"og:site_name\" content=\"Mi Vam\" \/>\n<meta property=\"article:modified_time\" content=\"2025-06-17T13:28:42+00:00\" \/>\n<meta property=\"og:image\" content=\"https:\/\/www.mivam.com\/wp-content\/uploads\/2025\/06\/voorblad_spokeguard_catalog_2017.jpg\" \/>\n\t<meta property=\"og:image:width\" content=\"350\" \/>\n\t<meta property=\"og:image:height\" content=\"492\" \/>\n\t<meta property=\"og:image:type\" content=\"image\/jpeg\" \/>\n<meta name=\"twitter:card\" content=\"summary_large_image\" \/>\n<meta name=\"twitter:label1\" content=\"Est. reading time\" \/>\n\t<meta name=\"twitter:data1\" content=\"1 minute\" \/>\n<script type=\"application\/ld+json\" class=\"yoast-schema-graph\">{\"@context\":\"https:\/\/schema.org\",\"@graph\":[{\"@type\":\"WebPage\",\"@id\":\"https:\/\/www.mivam.com\/izdelek\/pokrovi-za-spice-invalidski-vozicek\/\",\"url\":\"https:\/\/www.mivam.com\/izdelek\/pokrovi-za-spice-invalidski-vozicek\/\",\"name\":\"Pokrovi za \u0161pice - Invalidski vozi\u010dek - Mi Vam\",\"isPartOf\":{\"@id\":\"https:\/\/www.mivam.com\/#website\"},\"primaryImageOfPage\":{\"@id\":\"https:\/\/www.mivam.com\/izdelek\/pokrovi-za-spice-invalidski-vozicek\/#primaryimage\"},\"image\":{\"@id\":\"https:\/\/www.mivam.com\/izdelek\/pokrovi-za-spice-invalidski-vozicek\/#primaryimage\"},\"thumbnailUrl\":\"https:\/\/www.mivam.com\/wp-content\/uploads\/2025\/06\/voorblad_spokeguard_catalog_2017.jpg\",\"datePublished\":\"2025-06-17T13:28:07+00:00\",\"dateModified\":\"2025-06-17T13:28:42+00:00\",\"description\":\"Pokrovi za kolesa invalidskih vozi\u010dkov in dodatnih pogonov razli\u010dnih velikosti. Na voljo izbira \u017ee v naprej dolo\u010denih motivih ali individualno izdelanih. V kolikor imate specifi\u010dno \u017eeljo nam to sporo\u010dite v povpra\u0161evanju.\",\"breadcrumb\":{\"@id\":\"https:\/\/www.mivam.com\/izdelek\/pokrovi-za-spice-invalidski-vozicek\/#breadcrumb\"},\"inLanguage\":\"en-US\",\"potentialAction\":[{\"@type\":\"ReadAction\",\"target\":[\"https:\/\/www.mivam.com\/izdelek\/pokrovi-za-spice-invalidski-vozicek\/\"]}]},{\"@type\":\"ImageObject\",\"inLanguage\":\"en-US\",\"@id\":\"https:\/\/www.mivam.com\/izdelek\/pokrovi-za-spice-invalidski-vozicek\/#primaryimage\",\"url\":\"https:\/\/www.mivam.com\/wp-content\/uploads\/2025\/06\/voorblad_spokeguard_catalog_2017.jpg\",\"contentUrl\":\"https:\/\/www.mivam.com\/wp-content\/uploads\/2025\/06\/voorblad_spokeguard_catalog_2017.jpg\",\"width\":350,\"height\":492},{\"@type\":\"BreadcrumbList\",\"@id\":\"https:\/\/www.mivam.com\/izdelek\/pokrovi-za-spice-invalidski-vozicek\/#breadcrumb\",\"itemListElement\":[{\"@type\":\"ListItem\",\"position\":1,\"name\":\"Domov\",\"item\":\"https:\/\/www.mivam.com\/\"},{\"@type\":\"ListItem\",\"position\":2,\"name\":\"Shop\",\"item\":\"https:\/\/www.mivam.com\/en\/shop\/\"},{\"@type\":\"ListItem\",\"position\":3,\"name\":\"Invalidski vozi\u010dki in skuterji\",\"item\":\"https:\/\/www.mivam.com\/kategorija-izdelka\/invalidski-vozicki-in-skuterji\/\"},{\"@type\":\"ListItem\",\"position\":4,\"name\":\"Pokrovi za \u0161pice &#8211; Invalidski vozi\u010dek\"}]},{\"@type\":\"WebSite\",\"@id\":\"https:\/\/www.mivam.com\/#website\",\"url\":\"https:\/\/www.mivam.com\/\",\"name\":\"Mi Vam\",\"description\":\"Medicinski pripomo\u010dki in re\u0161itve za manj odvisno \u017eivljenje.\",\"potentialAction\":[{\"@type\":\"SearchAction\",\"target\":{\"@type\":\"EntryPoint\",\"urlTemplate\":\"https:\/\/www.mivam.com\/?s={search_term_string}\"},\"query-input\":{\"@type\":\"PropertyValueSpecification\",\"valueRequired\":true,\"valueName\":\"search_term_string\"}}],\"inLanguage\":\"en-US\"}]}<\/script>\n<!-- \/ Yoast SEO plugin. -->","yoast_head_json":{"title":"Pokrovi za \u0161pice - Invalidski vozi\u010dek - Mi Vam","description":"Pokrovi za kolesa invalidskih vozi\u010dkov in dodatnih pogonov razli\u010dnih velikosti. Na voljo izbira \u017ee v naprej dolo\u010denih motivih ali individualno izdelanih. V kolikor imate specifi\u010dno \u017eeljo nam to sporo\u010dite v povpra\u0161evanju.","robots":{"index":"index","follow":"follow","max-snippet":"max-snippet:-1","max-image-preview":"max-image-preview:large","max-video-preview":"max-video-preview:-1"},"canonical":"https:\/\/www.mivam.com\/izdelek\/pokrovi-za-spice-invalidski-vozicek\/","og_locale":"en_US","og_type":"article","og_title":"Pokrovi za \u0161pice - Invalidski vozi\u010dek - Mi Vam","og_description":"Pokrovi za kolesa invalidskih vozi\u010dkov in dodatnih pogonov razli\u010dnih velikosti. Na voljo izbira \u017ee v naprej dolo\u010denih motivih ali individualno izdelanih. V kolikor imate specifi\u010dno \u017eeljo nam to sporo\u010dite v povpra\u0161evanju.","og_url":"https:\/\/www.mivam.com\/izdelek\/pokrovi-za-spice-invalidski-vozicek\/","og_site_name":"Mi Vam","article_modified_time":"2025-06-17T13:28:42+00:00","og_image":[{"width":350,"height":492,"url":"https:\/\/www.mivam.com\/wp-content\/uploads\/2025\/06\/voorblad_spokeguard_catalog_2017.jpg","type":"image\/jpeg"}],"twitter_card":"summary_large_image","twitter_misc":{"Est. reading time":"1 minute"},"schema":{"@context":"https:\/\/schema.org","@graph":[{"@type":"WebPage","@id":"https:\/\/www.mivam.com\/izdelek\/pokrovi-za-spice-invalidski-vozicek\/","url":"https:\/\/www.mivam.com\/izdelek\/pokrovi-za-spice-invalidski-vozicek\/","name":"Pokrovi za \u0161pice - Invalidski vozi\u010dek - Mi Vam","isPartOf":{"@id":"https:\/\/www.mivam.com\/#website"},"primaryImageOfPage":{"@id":"https:\/\/www.mivam.com\/izdelek\/pokrovi-za-spice-invalidski-vozicek\/#primaryimage"},"image":{"@id":"https:\/\/www.mivam.com\/izdelek\/pokrovi-za-spice-invalidski-vozicek\/#primaryimage"},"thumbnailUrl":"https:\/\/www.mivam.com\/wp-content\/uploads\/2025\/06\/voorblad_spokeguard_catalog_2017.jpg","datePublished":"2025-06-17T13:28:07+00:00","dateModified":"2025-06-17T13:28:42+00:00","description":"Pokrovi za kolesa invalidskih vozi\u010dkov in dodatnih pogonov razli\u010dnih velikosti. Na voljo izbira \u017ee v naprej dolo\u010denih motivih ali individualno izdelanih. V kolikor imate specifi\u010dno \u017eeljo nam to sporo\u010dite v povpra\u0161evanju.","breadcrumb":{"@id":"https:\/\/www.mivam.com\/izdelek\/pokrovi-za-spice-invalidski-vozicek\/#breadcrumb"},"inLanguage":"en-US","potentialAction":[{"@type":"ReadAction","target":["https:\/\/www.mivam.com\/izdelek\/pokrovi-za-spice-invalidski-vozicek\/"]}]},{"@type":"ImageObject","inLanguage":"en-US","@id":"https:\/\/www.mivam.com\/izdelek\/pokrovi-za-spice-invalidski-vozicek\/#primaryimage","url":"https:\/\/www.mivam.com\/wp-content\/uploads\/2025\/06\/voorblad_spokeguard_catalog_2017.jpg","contentUrl":"https:\/\/www.mivam.com\/wp-content\/uploads\/2025\/06\/voorblad_spokeguard_catalog_2017.jpg","width":350,"height":492},{"@type":"BreadcrumbList","@id":"https:\/\/www.mivam.com\/izdelek\/pokrovi-za-spice-invalidski-vozicek\/#breadcrumb","itemListElement":[{"@type":"ListItem","position":1,"name":"Domov","item":"https:\/\/www.mivam.com\/"},{"@type":"ListItem","position":2,"name":"Shop","item":"https:\/\/www.mivam.com\/en\/shop\/"},{"@type":"ListItem","position":3,"name":"Invalidski vozi\u010dki in skuterji","item":"https:\/\/www.mivam.com\/kategorija-izdelka\/invalidski-vozicki-in-skuterji\/"},{"@type":"ListItem","position":4,"name":"Pokrovi za \u0161pice &#8211; Invalidski vozi\u010dek"}]},{"@type":"WebSite","@id":"https:\/\/www.mivam.com\/#website","url":"https:\/\/www.mivam.com\/","name":"Mi Vam","description":"Medicinski pripomo\u010dki in re\u0161itve za manj odvisno \u017eivljenje.","potentialAction":[{"@type":"SearchAction","target":{"@type":"EntryPoint","urlTemplate":"https:\/\/www.mivam.com\/?s={search_term_string}"},"query-input":{"@type":"PropertyValueSpecification","valueRequired":true,"valueName":"search_term_string"}}],"inLanguage":"en-US"}]}},"_links":{"self":[{"href":"https:\/\/www.mivam.com\/en\/wp-json\/wp\/v2\/product\/1908","targetHints":{"allow":["GET"]}}],"collection":[{"href":"https:\/\/www.mivam.com\/en\/wp-json\/wp\/v2\/product"}],"about":[{"href":"https:\/\/www.mivam.com\/en\/wp-json\/wp\/v2\/types\/product"}],"replies":[{"embeddable":true,"href":"https:\/\/www.mivam.com\/en\/wp-json\/wp\/v2\/comments?post=1908"}],"wp:featuredmedia":[{"embeddable":true,"href":"https:\/\/www.mivam.com\/en\/wp-json\/wp\/v2\/media\/7699"}],"wp:attachment":[{"href":"https:\/\/www.mivam.com\/en\/wp-json\/wp\/v2\/media?parent=1908"}],"wp:term":[{"taxonomy":"product_brand","embeddable":true,"href":"https:\/\/www.mivam.com\/en\/wp-json\/wp\/v2\/product_brand?post=1908"},{"taxonomy":"product_cat","embeddable":true,"href":"https:\/\/www.mivam.com\/en\/wp-json\/wp\/v2\/product_cat?post=1908"},{"taxonomy":"product_tag","embeddable":true,"href":"https:\/\/www.mivam.com\/en\/wp-json\/wp\/v2\/product_tag?post=1908"}],"curies":[{"name":"wp","href":"https:\/\/api.w.org\/{rel}","templated":true}]}}