{"id":1899,"date":"2025-05-08T13:17:04","date_gmt":"2025-05-08T11:17:04","guid":{"rendered":"https:\/\/www.mivam.com\/?post_type=product&#038;p=1899"},"modified":"2025-05-08T13:17:04","modified_gmt":"2025-05-08T11:17:04","slug":"tempur-classic","status":"publish","type":"product","link":"https:\/\/www.mivam.com\/en\/izdelek\/tempur-classic\/","title":{"rendered":"Tempur Classic"},"content":{"rendered":"<h2>VZGLAVNIK TEMPUR\u00ae Classic<\/h2>\n<p><strong>COMFORT ORIGINAL (ni anatomske oblike):<\/strong><\/p>\n<p><a href=\"https:\/\/www.mivam.com\/wp-content\/uploads\/2025\/05\/tempur-tradicionalen.jpg\"><img decoding=\"async\" class=\"size-full wp-image-5817 alignleft\" src=\"https:\/\/www.mivam.com\/wp-content\/uploads\/2025\/05\/tempur-tradicionalen.jpg\" alt=\"\" width=\"537\" height=\"194\" srcset=\"https:\/\/www.mivam.com\/wp-content\/uploads\/2025\/05\/tempur-tradicionalen.jpg 537w, https:\/\/www.mivam.com\/wp-content\/uploads\/2025\/05\/tempur-tradicionalen-300x108.jpg 300w\" sizes=\"(max-width: 537px) 100vw, 537px\" \/><\/a><\/p>\n<p>&nbsp;<\/p>\n<p>&nbsp;<\/p>\n<p>&nbsp;<\/p>\n<p>&nbsp;<\/p>\n<p>&nbsp;<\/p>\n<p><strong>COMFORT ORIGINAL CLOUD (ni anatomske oblike \u2013 mehkej\u0161i):<\/strong><\/p>\n<p><a href=\"https:\/\/www.mivam.com\/wp-content\/uploads\/2025\/05\/comfort-original-cloud.jpg\"><img decoding=\"async\" class=\"size-full wp-image-5819 alignleft\" src=\"https:\/\/www.mivam.com\/wp-content\/uploads\/2025\/05\/comfort-original-cloud.jpg\" alt=\"\" width=\"513\" height=\"241\" srcset=\"https:\/\/www.mivam.com\/wp-content\/uploads\/2025\/05\/comfort-original-cloud.jpg 513w, https:\/\/www.mivam.com\/wp-content\/uploads\/2025\/05\/comfort-original-cloud-300x141.jpg 300w\" sizes=\"(max-width: 513px) 100vw, 513px\" \/><\/a><\/p>\n<p>&nbsp;<\/p>\n<p>&nbsp;<\/p>\n<p>&nbsp;<\/p>\n<p>&nbsp;<\/p>\n<p>&nbsp;<\/p>\n<p>&nbsp;<\/p>\n<p><strong>TEMPUR TRADICIONALEN (trdi, srednji mehki):<\/strong><\/p>\n<p><a href=\"https:\/\/www.mivam.com\/wp-content\/uploads\/2025\/05\/comfort-original.jpg\"><img decoding=\"async\" class=\"size-full wp-image-5821 alignleft\" src=\"https:\/\/www.mivam.com\/wp-content\/uploads\/2025\/05\/comfort-original.jpg\" alt=\"\" width=\"522\" height=\"213\" srcset=\"https:\/\/www.mivam.com\/wp-content\/uploads\/2025\/05\/comfort-original.jpg 522w, https:\/\/www.mivam.com\/wp-content\/uploads\/2025\/05\/comfort-original-300x122.jpg 300w\" sizes=\"(max-width: 522px) 100vw, 522px\" \/><\/a><\/p>\n","protected":false},"excerpt":{"rendered":"<p>Razli\u010dni klasi\u010dni vzglavniki brez anatomske oblike. Za naro\u010dilo, zalogo ali dodatne informacije nam posredujte povpra\u0161evanje.<\/p>\n","protected":false},"featured_media":5823,"comment_status":"closed","ping_status":"closed","template":"","meta":[],"product_brand":[],"product_cat":[228,74],"product_tag":[162,249,82,84],"class_list":{"0":"post-1899","1":"product","2":"type-product","3":"status-publish","4":"has-post-thumbnail","6":"product_cat-za-vsakdanjo-uporabo","7":"product_cat-vzglavniki-in-vzmetnice","8":"product_tag-classic","9":"product_tag-cloud","10":"product_tag-tempur","11":"product_tag-vzglavnik","13":"first","14":"instock","15":"taxable","16":"shipping-taxable","17":"product-type-simple"},"yoast_head":"<!-- This site is optimized with the Yoast SEO plugin v24.0 - https:\/\/yoast.com\/wordpress\/plugins\/seo\/ -->\n<title>Tempur Classic - Mi Vam<\/title>\n<meta name=\"description\" content=\"Razli\u010dni klasi\u010dni vzglavniki brez anatomske oblike. Za naro\u010dilo, zalogo ali dodatne informacije nam posredujte povpra\u0161evanje.\" \/>\n<meta name=\"robots\" content=\"index, follow, max-snippet:-1, max-image-preview:large, max-video-preview:-1\" \/>\n<link rel=\"canonical\" href=\"https:\/\/www.mivam.com\/izdelek\/tempur-classic\/\" \/>\n<meta property=\"og:locale\" content=\"en_US\" \/>\n<meta property=\"og:type\" content=\"article\" \/>\n<meta property=\"og:title\" content=\"Tempur Classic - Mi Vam\" \/>\n<meta property=\"og:description\" content=\"Razli\u010dni klasi\u010dni vzglavniki brez anatomske oblike. Za naro\u010dilo, zalogo ali dodatne informacije nam posredujte povpra\u0161evanje.\" \/>\n<meta property=\"og:url\" content=\"https:\/\/www.mivam.com\/izdelek\/tempur-classic\/\" \/>\n<meta property=\"og:site_name\" content=\"Mi Vam\" \/>\n<meta property=\"og:image\" content=\"https:\/\/www.mivam.com\/wp-content\/uploads\/2025\/05\/71zgdfobwl.jpg\" \/>\n\t<meta property=\"og:image:width\" content=\"1500\" \/>\n\t<meta property=\"og:image:height\" content=\"1050\" \/>\n\t<meta property=\"og:image:type\" content=\"image\/jpeg\" \/>\n<meta name=\"twitter:card\" content=\"summary_large_image\" \/>\n<meta name=\"twitter:label1\" content=\"Est. reading time\" \/>\n\t<meta name=\"twitter:data1\" content=\"1 minute\" \/>\n<script type=\"application\/ld+json\" class=\"yoast-schema-graph\">{\"@context\":\"https:\/\/schema.org\",\"@graph\":[{\"@type\":\"WebPage\",\"@id\":\"https:\/\/www.mivam.com\/izdelek\/tempur-classic\/\",\"url\":\"https:\/\/www.mivam.com\/izdelek\/tempur-classic\/\",\"name\":\"Tempur Classic - Mi Vam\",\"isPartOf\":{\"@id\":\"https:\/\/www.mivam.com\/#website\"},\"primaryImageOfPage\":{\"@id\":\"https:\/\/www.mivam.com\/izdelek\/tempur-classic\/#primaryimage\"},\"image\":{\"@id\":\"https:\/\/www.mivam.com\/izdelek\/tempur-classic\/#primaryimage\"},\"thumbnailUrl\":\"https:\/\/www.mivam.com\/wp-content\/uploads\/2025\/05\/71zgdfobwl.jpg\",\"datePublished\":\"2025-05-08T11:17:04+00:00\",\"dateModified\":\"2025-05-08T11:17:04+00:00\",\"description\":\"Razli\u010dni klasi\u010dni vzglavniki brez anatomske oblike. Za naro\u010dilo, zalogo ali dodatne informacije nam posredujte povpra\u0161evanje.\",\"breadcrumb\":{\"@id\":\"https:\/\/www.mivam.com\/izdelek\/tempur-classic\/#breadcrumb\"},\"inLanguage\":\"en-US\",\"potentialAction\":[{\"@type\":\"ReadAction\",\"target\":[\"https:\/\/www.mivam.com\/izdelek\/tempur-classic\/\"]}]},{\"@type\":\"ImageObject\",\"inLanguage\":\"en-US\",\"@id\":\"https:\/\/www.mivam.com\/izdelek\/tempur-classic\/#primaryimage\",\"url\":\"https:\/\/www.mivam.com\/wp-content\/uploads\/2025\/05\/71zgdfobwl.jpg\",\"contentUrl\":\"https:\/\/www.mivam.com\/wp-content\/uploads\/2025\/05\/71zgdfobwl.jpg\",\"width\":1500,\"height\":1050},{\"@type\":\"BreadcrumbList\",\"@id\":\"https:\/\/www.mivam.com\/izdelek\/tempur-classic\/#breadcrumb\",\"itemListElement\":[{\"@type\":\"ListItem\",\"position\":1,\"name\":\"Domov\",\"item\":\"https:\/\/www.mivam.com\/\"},{\"@type\":\"ListItem\",\"position\":2,\"name\":\"Shop\",\"item\":\"https:\/\/www.mivam.com\/en\/shop\/\"},{\"@type\":\"ListItem\",\"position\":3,\"name\":\"Za vsakdanjo uporabo\",\"item\":\"https:\/\/www.mivam.com\/kategorija-izdelka\/za-vsakdanjo-uporabo\/\"},{\"@type\":\"ListItem\",\"position\":4,\"name\":\"Vzglavniki in vzmetnice\",\"item\":\"https:\/\/www.mivam.com\/kategorija-izdelka\/za-vsakdanjo-uporabo\/vzglavniki-in-vzmetnice\/\"},{\"@type\":\"ListItem\",\"position\":5,\"name\":\"Tempur Classic\"}]},{\"@type\":\"WebSite\",\"@id\":\"https:\/\/www.mivam.com\/#website\",\"url\":\"https:\/\/www.mivam.com\/\",\"name\":\"Mi Vam\",\"description\":\"Medicinski pripomo\u010dki in re\u0161itve za manj odvisno \u017eivljenje.\",\"potentialAction\":[{\"@type\":\"SearchAction\",\"target\":{\"@type\":\"EntryPoint\",\"urlTemplate\":\"https:\/\/www.mivam.com\/?s={search_term_string}\"},\"query-input\":{\"@type\":\"PropertyValueSpecification\",\"valueRequired\":true,\"valueName\":\"search_term_string\"}}],\"inLanguage\":\"en-US\"}]}<\/script>\n<!-- \/ Yoast SEO plugin. -->","yoast_head_json":{"title":"Tempur Classic - Mi Vam","description":"Razli\u010dni klasi\u010dni vzglavniki brez anatomske oblike. Za naro\u010dilo, zalogo ali dodatne informacije nam posredujte povpra\u0161evanje.","robots":{"index":"index","follow":"follow","max-snippet":"max-snippet:-1","max-image-preview":"max-image-preview:large","max-video-preview":"max-video-preview:-1"},"canonical":"https:\/\/www.mivam.com\/izdelek\/tempur-classic\/","og_locale":"en_US","og_type":"article","og_title":"Tempur Classic - Mi Vam","og_description":"Razli\u010dni klasi\u010dni vzglavniki brez anatomske oblike. Za naro\u010dilo, zalogo ali dodatne informacije nam posredujte povpra\u0161evanje.","og_url":"https:\/\/www.mivam.com\/izdelek\/tempur-classic\/","og_site_name":"Mi Vam","og_image":[{"width":1500,"height":1050,"url":"https:\/\/www.mivam.com\/wp-content\/uploads\/2025\/05\/71zgdfobwl.jpg","type":"image\/jpeg"}],"twitter_card":"summary_large_image","twitter_misc":{"Est. reading time":"1 minute"},"schema":{"@context":"https:\/\/schema.org","@graph":[{"@type":"WebPage","@id":"https:\/\/www.mivam.com\/izdelek\/tempur-classic\/","url":"https:\/\/www.mivam.com\/izdelek\/tempur-classic\/","name":"Tempur Classic - Mi Vam","isPartOf":{"@id":"https:\/\/www.mivam.com\/#website"},"primaryImageOfPage":{"@id":"https:\/\/www.mivam.com\/izdelek\/tempur-classic\/#primaryimage"},"image":{"@id":"https:\/\/www.mivam.com\/izdelek\/tempur-classic\/#primaryimage"},"thumbnailUrl":"https:\/\/www.mivam.com\/wp-content\/uploads\/2025\/05\/71zgdfobwl.jpg","datePublished":"2025-05-08T11:17:04+00:00","dateModified":"2025-05-08T11:17:04+00:00","description":"Razli\u010dni klasi\u010dni vzglavniki brez anatomske oblike. Za naro\u010dilo, zalogo ali dodatne informacije nam posredujte povpra\u0161evanje.","breadcrumb":{"@id":"https:\/\/www.mivam.com\/izdelek\/tempur-classic\/#breadcrumb"},"inLanguage":"en-US","potentialAction":[{"@type":"ReadAction","target":["https:\/\/www.mivam.com\/izdelek\/tempur-classic\/"]}]},{"@type":"ImageObject","inLanguage":"en-US","@id":"https:\/\/www.mivam.com\/izdelek\/tempur-classic\/#primaryimage","url":"https:\/\/www.mivam.com\/wp-content\/uploads\/2025\/05\/71zgdfobwl.jpg","contentUrl":"https:\/\/www.mivam.com\/wp-content\/uploads\/2025\/05\/71zgdfobwl.jpg","width":1500,"height":1050},{"@type":"BreadcrumbList","@id":"https:\/\/www.mivam.com\/izdelek\/tempur-classic\/#breadcrumb","itemListElement":[{"@type":"ListItem","position":1,"name":"Domov","item":"https:\/\/www.mivam.com\/"},{"@type":"ListItem","position":2,"name":"Shop","item":"https:\/\/www.mivam.com\/en\/shop\/"},{"@type":"ListItem","position":3,"name":"Za vsakdanjo uporabo","item":"https:\/\/www.mivam.com\/kategorija-izdelka\/za-vsakdanjo-uporabo\/"},{"@type":"ListItem","position":4,"name":"Vzglavniki in vzmetnice","item":"https:\/\/www.mivam.com\/kategorija-izdelka\/za-vsakdanjo-uporabo\/vzglavniki-in-vzmetnice\/"},{"@type":"ListItem","position":5,"name":"Tempur Classic"}]},{"@type":"WebSite","@id":"https:\/\/www.mivam.com\/#website","url":"https:\/\/www.mivam.com\/","name":"Mi Vam","description":"Medicinski pripomo\u010dki in re\u0161itve za manj odvisno \u017eivljenje.","potentialAction":[{"@type":"SearchAction","target":{"@type":"EntryPoint","urlTemplate":"https:\/\/www.mivam.com\/?s={search_term_string}"},"query-input":{"@type":"PropertyValueSpecification","valueRequired":true,"valueName":"search_term_string"}}],"inLanguage":"en-US"}]}},"_links":{"self":[{"href":"https:\/\/www.mivam.com\/en\/wp-json\/wp\/v2\/product\/1899","targetHints":{"allow":["GET"]}}],"collection":[{"href":"https:\/\/www.mivam.com\/en\/wp-json\/wp\/v2\/product"}],"about":[{"href":"https:\/\/www.mivam.com\/en\/wp-json\/wp\/v2\/types\/product"}],"replies":[{"embeddable":true,"href":"https:\/\/www.mivam.com\/en\/wp-json\/wp\/v2\/comments?post=1899"}],"wp:featuredmedia":[{"embeddable":true,"href":"https:\/\/www.mivam.com\/en\/wp-json\/wp\/v2\/media\/5823"}],"wp:attachment":[{"href":"https:\/\/www.mivam.com\/en\/wp-json\/wp\/v2\/media?parent=1899"}],"wp:term":[{"taxonomy":"product_brand","embeddable":true,"href":"https:\/\/www.mivam.com\/en\/wp-json\/wp\/v2\/product_brand?post=1899"},{"taxonomy":"product_cat","embeddable":true,"href":"https:\/\/www.mivam.com\/en\/wp-json\/wp\/v2\/product_cat?post=1899"},{"taxonomy":"product_tag","embeddable":true,"href":"https:\/\/www.mivam.com\/en\/wp-json\/wp\/v2\/product_tag?post=1899"}],"curies":[{"name":"wp","href":"https:\/\/api.w.org\/{rel}","templated":true}]}}