{"id":1879,"date":"2020-10-13T11:39:12","date_gmt":"2020-10-13T09:39:12","guid":{"rendered":"https:\/\/www.mivam.com\/?post_type=product&#038;p=1879"},"modified":"2025-06-17T15:47:37","modified_gmt":"2025-06-17T13:47:37","slug":"etac-my-loo-z-nosilci","status":"publish","type":"product","link":"https:\/\/www.mivam.com\/en\/izdelek\/etac-my-loo-z-nosilci\/","title":{"rendered":"Etac My-Loo z nosilci"},"content":{"rendered":"<p><span class=\"tlid-translation translation\" lang=\"sl\"><span class=\"\" title=\"\">Dvignjen strani\u0161\u010dni sede\u017e z dodatnim udobjem in hitro, varno namestitvijo<\/span><\/span><\/p>\n<p><span class=\"\" title=\"\">Etac My-Loo je del nove generacije toaletnih pripomo\u010dkov podjetja Etac, ki jo imenujemo &#8220;Next Level&#8221;.<\/span> <span class=\"\" title=\"\">S pametnim dizajnom in odli\u010dno ergonomijo ponuja dodatno udobje in dostopnost.<\/span><\/p>\n<p><span title=\"\">My-Loo z nosilci je zasnovan iz trpe\u017enih materialov.<\/span> <span title=\"\">\u010ciste, gladke povr\u0161ine je enostavno o\u010distiti z mehko in vla\u017eno krpo.<\/span><\/p>\n<p><span title=\"\">Zahvaljujo\u010d prilagodljivim in nastavljivim nosilcem My-Loo ustreza ve\u010dini strani\u0161\u010d in je izjemno enostaven za namestitev.<\/span> <span title=\"\">Pritrdite nosilce, postavite sede\u017e na strani\u0161\u010de, pritisnite oba nosilca &#8211; Kliknite in namestitev je kon\u010dana!<\/span><\/p>\n<p>Lastnosti<\/p>\n<table style=\"width: 953px\">\n<tbody>\n<tr style=\"height: 69.4px\">\n<td style=\"width: 237px;height: 69.4px\"><img decoding=\"async\" class=\"alignnone size-medium wp-image-1885\" src=\"https:\/\/www.mivam.com\/wp-content\/uploads\/2020\/10\/etac-my-loo-function-and-comfort_577070-300x300.jpg\" alt=\"\" width=\"300\" height=\"300\" srcset=\"https:\/\/www.mivam.com\/wp-content\/uploads\/2020\/10\/etac-my-loo-function-and-comfort_577070-300x300.jpg 300w, https:\/\/www.mivam.com\/wp-content\/uploads\/2020\/10\/etac-my-loo-function-and-comfort_577070-600x600.jpg 600w, https:\/\/www.mivam.com\/wp-content\/uploads\/2020\/10\/etac-my-loo-function-and-comfort_577070-150x150.jpg 150w, https:\/\/www.mivam.com\/wp-content\/uploads\/2020\/10\/etac-my-loo-function-and-comfort_577070-768x768.jpg 768w, https:\/\/www.mivam.com\/wp-content\/uploads\/2020\/10\/etac-my-loo-function-and-comfort_577070-1024x1024.jpg 1024w, https:\/\/www.mivam.com\/wp-content\/uploads\/2020\/10\/etac-my-loo-function-and-comfort_577070-180x180.jpg 180w, https:\/\/www.mivam.com\/wp-content\/uploads\/2020\/10\/etac-my-loo-function-and-comfort_577070.jpg 1280w\" sizes=\"(max-width: 300px) 100vw, 300px\" \/><\/td>\n<td style=\"width: 238px;height: 69.4px\"><img decoding=\"async\" class=\"alignnone size-medium wp-image-1884\" src=\"https:\/\/www.mivam.com\/wp-content\/uploads\/2020\/10\/etac-my-loo-easy-cleaning-cloth_577067-300x300.jpg\" alt=\"\" width=\"300\" height=\"300\" srcset=\"https:\/\/www.mivam.com\/wp-content\/uploads\/2020\/10\/etac-my-loo-easy-cleaning-cloth_577067-300x300.jpg 300w, https:\/\/www.mivam.com\/wp-content\/uploads\/2020\/10\/etac-my-loo-easy-cleaning-cloth_577067-600x600.jpg 600w, https:\/\/www.mivam.com\/wp-content\/uploads\/2020\/10\/etac-my-loo-easy-cleaning-cloth_577067-150x150.jpg 150w, https:\/\/www.mivam.com\/wp-content\/uploads\/2020\/10\/etac-my-loo-easy-cleaning-cloth_577067-768x768.jpg 768w, https:\/\/www.mivam.com\/wp-content\/uploads\/2020\/10\/etac-my-loo-easy-cleaning-cloth_577067-1024x1024.jpg 1024w, https:\/\/www.mivam.com\/wp-content\/uploads\/2020\/10\/etac-my-loo-easy-cleaning-cloth_577067-180x180.jpg 180w, https:\/\/www.mivam.com\/wp-content\/uploads\/2020\/10\/etac-my-loo-easy-cleaning-cloth_577067.jpg 1280w\" sizes=\"(max-width: 300px) 100vw, 300px\" \/><\/td>\n<td style=\"width: 234.5px;height: 69.4px\"><img decoding=\"async\" class=\"alignnone size-medium wp-image-1886\" src=\"https:\/\/www.mivam.com\/wp-content\/uploads\/2020\/10\/etac-my-loo-quick-installation_577069-300x300.jpg\" alt=\"\" width=\"300\" height=\"300\" srcset=\"https:\/\/www.mivam.com\/wp-content\/uploads\/2020\/10\/etac-my-loo-quick-installation_577069-300x300.jpg 300w, https:\/\/www.mivam.com\/wp-content\/uploads\/2020\/10\/etac-my-loo-quick-installation_577069-600x600.jpg 600w, https:\/\/www.mivam.com\/wp-content\/uploads\/2020\/10\/etac-my-loo-quick-installation_577069-150x150.jpg 150w, https:\/\/www.mivam.com\/wp-content\/uploads\/2020\/10\/etac-my-loo-quick-installation_577069-768x768.jpg 768w, https:\/\/www.mivam.com\/wp-content\/uploads\/2020\/10\/etac-my-loo-quick-installation_577069-1024x1024.jpg 1024w, https:\/\/www.mivam.com\/wp-content\/uploads\/2020\/10\/etac-my-loo-quick-installation_577069-180x180.jpg 180w, https:\/\/www.mivam.com\/wp-content\/uploads\/2020\/10\/etac-my-loo-quick-installation_577069.jpg 1280w\" sizes=\"(max-width: 300px) 100vw, 300px\" \/><\/td>\n<td style=\"width: 245.5px;height: 69.4px\"><img decoding=\"async\" class=\"alignnone size-medium wp-image-1881\" src=\"https:\/\/www.mivam.com\/wp-content\/uploads\/2020\/10\/etac-my-loo-6-cm-with-lid_cropped_581011-300x300.jpg\" alt=\"\" width=\"300\" height=\"300\" srcset=\"https:\/\/www.mivam.com\/wp-content\/uploads\/2020\/10\/etac-my-loo-6-cm-with-lid_cropped_581011-300x300.jpg 300w, https:\/\/www.mivam.com\/wp-content\/uploads\/2020\/10\/etac-my-loo-6-cm-with-lid_cropped_581011-600x600.jpg 600w, https:\/\/www.mivam.com\/wp-content\/uploads\/2020\/10\/etac-my-loo-6-cm-with-lid_cropped_581011-150x150.jpg 150w, https:\/\/www.mivam.com\/wp-content\/uploads\/2020\/10\/etac-my-loo-6-cm-with-lid_cropped_581011-768x768.jpg 768w, https:\/\/www.mivam.com\/wp-content\/uploads\/2020\/10\/etac-my-loo-6-cm-with-lid_cropped_581011-1024x1024.jpg 1024w, https:\/\/www.mivam.com\/wp-content\/uploads\/2020\/10\/etac-my-loo-6-cm-with-lid_cropped_581011-180x180.jpg 180w, https:\/\/www.mivam.com\/wp-content\/uploads\/2020\/10\/etac-my-loo-6-cm-with-lid_cropped_581011.jpg 1280w\" sizes=\"(max-width: 300px) 100vw, 300px\" \/><\/td>\n<\/tr>\n<tr style=\"height: 90px\">\n<td style=\"width: 237px;height: 90px\"><span class=\"tlid-translation translation\" lang=\"sl\"><strong><span class=\"\" title=\"\">Zasnovan za udobje<\/span><\/strong><\/span><\/p>\n<p><span title=\"\">Mehka oblika sede\u017ea daje varno oporo in visoko udobje.<\/span> <span title=\"\">Izjemno velika odprtina dostopnost med osebno higieno.<\/span><\/td>\n<td style=\"width: 238px;height: 90px\"><span class=\"tlid-translation translation\" lang=\"sl\"><strong><span class=\"\" title=\"\">Enostaven za \u010di\u0161\u010denje in sve\u017eino<\/span><\/strong><\/span><\/p>\n<p><span class=\"\" title=\"\">Gladke povr\u0161ine je enostavno o\u010distiti z mehko krpo.<\/span> <span class=\"\" title=\"\">\u010ce je potrebno lo\u010deno \u010di\u0161\u010denje, se sede\u017e enostavno odstrani in enostavno postavi na svoje mesto.<\/span><\/td>\n<td style=\"width: 234.5px;height: 90px\"><span class=\"tlid-translation translation\" lang=\"sl\"><strong><span class=\"\" title=\"\">Varna, hitra namestitev<\/span><\/strong><\/span><\/p>\n<p><span class=\"\" title=\"\">Enostavno pritrjeni nosilci s \u0161iroko nastavljivostjo in velikimi\u00a0 povr\u0161inami omogo\u010dajo, da je My-Loo ves \u010das varno in enostavno pritrjen na kateri koli strani\u0161\u010dno \u0161koljko,<\/span> p<span title=\"\">opolnoma brez vijakov.<\/span><\/td>\n<td style=\"width: 245.5px;height: 90px\"><span class=\"tlid-translation translation\" lang=\"sl\"><strong><span class=\"\" title=\"\">Variante<\/span><\/strong><\/span><\/p>\n<p><span title=\"\">Dvignjeni strani\u0161\u010dni sede\u017e My-Loo z nosilci je na voljo v dveh razli\u010dnih vi\u0161inah, 6 in 10 cm, s pokrovom ali brez.<\/span><\/td>\n<\/tr>\n<\/tbody>\n<\/table>\n<p><strong>Mere<\/strong><\/p>\n<table style=\"width: 438px\">\n<tbody>\n<tr>\n<td style=\"width: 281.55px\">\u0160irina, globina znotraj<\/td>\n<td style=\"width: 160.45px\">36 cm x 40 cm<\/td>\n<\/tr>\n<tr>\n<td style=\"width: 281.55px\">Odprtina: globina x \u0161irina<\/td>\n<td style=\"width: 160.45px\">36 cm x 23 cm<\/td>\n<\/tr>\n<tr>\n<td style=\"width: 281.55px\">Vi\u0161ina sede\u017ea<\/td>\n<td style=\"width: 160.45px\">6 cm, 10 cm<\/td>\n<\/tr>\n<tr>\n<td style=\"width: 281.55px\">Razdalja med nosilcema<\/td>\n<td style=\"width: 160.45px\">29 cm &#8211; 38 cm<\/td>\n<\/tr>\n<tr>\n<td style=\"width: 281.55px\">Te\u017ea<\/td>\n<td style=\"width: 160.45px\">6 cm: 0,8 kg<br \/>\n10 cm: 1,1 kg<\/td>\n<\/tr>\n<tr>\n<td style=\"width: 281.55px\">Te\u017ea s pokrovom<\/td>\n<td style=\"width: 160.45px\">6 cm: 1,2 kg<br \/>\n10 cm: 1,4 kg<\/td>\n<\/tr>\n<tr>\n<td style=\"width: 281.55px\">Material<\/td>\n<td style=\"width: 160.45px\">Polipropilen<\/td>\n<\/tr>\n<tr>\n<td style=\"width: 281.55px\">Najve\u010dja dovoljena te\u017ea uporabnika<\/td>\n<td style=\"width: 160.45px\">190 kg<\/td>\n<\/tr>\n<\/tbody>\n<\/table>\n<p><strong>Mo\u017enosti<\/strong><\/p>\n<table style=\"width: 443px\">\n<tbody>\n<tr>\n<td style=\"width: 273.933px\">6 cm brez pokrova<\/td>\n<td style=\"width: 175.067px\">80301520<\/td>\n<\/tr>\n<tr>\n<td style=\"width: 273.933px\">10 cm brez pokrova<\/td>\n<td style=\"width: 175.067px\">80301521<\/td>\n<\/tr>\n<tr>\n<td style=\"width: 273.933px\">6 cm s pokrovom<\/td>\n<td style=\"width: 175.067px\">80301522<\/td>\n<\/tr>\n<tr>\n<td style=\"width: 273.933px\">10 cm s pokrovom<\/td>\n<td style=\"width: 175.067px\">80301523<\/td>\n<\/tr>\n<\/tbody>\n<\/table>\n<p><strong>Dodatek<\/strong><\/p>\n<p><img decoding=\"async\" class=\"alignnone size-medium wp-image-1883\" src=\"https:\/\/www.mivam.com\/wp-content\/uploads\/2020\/10\/etac-my-loo-10-cm-with-closed-lid-web_577066-300x242.jpg\" alt=\"\" width=\"300\" height=\"242\" srcset=\"https:\/\/www.mivam.com\/wp-content\/uploads\/2020\/10\/etac-my-loo-10-cm-with-closed-lid-web_577066-300x242.jpg 300w, https:\/\/www.mivam.com\/wp-content\/uploads\/2020\/10\/etac-my-loo-10-cm-with-closed-lid-web_577066-600x483.jpg 600w, https:\/\/www.mivam.com\/wp-content\/uploads\/2020\/10\/etac-my-loo-10-cm-with-closed-lid-web_577066-768x619.jpg 768w, https:\/\/www.mivam.com\/wp-content\/uploads\/2020\/10\/etac-my-loo-10-cm-with-closed-lid-web_577066-1024x825.jpg 1024w, https:\/\/www.mivam.com\/wp-content\/uploads\/2020\/10\/etac-my-loo-10-cm-with-closed-lid-web_577066.jpg 1280w\" sizes=\"(max-width: 300px) 100vw, 300px\" \/><\/p>\n<p>Barva bela (ustreza vsem razli\u010dicam)\u00a0\u00a0\u00a0\u00a0\u00a0\u00a0 80301625<\/p>\n","protected":false},"excerpt":{"rendered":"<p>My Loo razli\u010dne vi\u0161ine. S ali brez pokrova.<\/p>\n","protected":false},"featured_media":1880,"comment_status":"closed","ping_status":"closed","template":"","meta":[],"product_brand":[],"product_cat":[224,71],"product_tag":[100,667,668,349,672,671,670,669,343],"class_list":{"0":"post-1879","1":"product","2":"type-product","3":"status-publish","4":"has-post-thumbnail","6":"product_cat-kopalniski-pripomocki","7":"product_cat-dodatki-za-kopalnico","8":"product_tag-etac","9":"product_tag-etac-loo","10":"product_tag-etac-my-loo","11":"product_tag-my-loo","12":"product_tag-povisica-10-cm","13":"product_tag-povisica-6-cm","14":"product_tag-povisica-wc","15":"product_tag-snemljiva-povisica","16":"product_tag-wc","18":"first","19":"instock","20":"taxable","21":"shipping-taxable","22":"product-type-simple"},"yoast_head":"<!-- This site is optimized with the Yoast SEO plugin v24.0 - https:\/\/yoast.com\/wordpress\/plugins\/seo\/ -->\n<title>Etac My-Loo z nosilci - Mi Vam<\/title>\n<meta name=\"description\" content=\"My Loo razli\u010dne vi\u0161ine. S ali brez pokrova.\" \/>\n<meta name=\"robots\" content=\"index, follow, max-snippet:-1, max-image-preview:large, max-video-preview:-1\" \/>\n<link rel=\"canonical\" href=\"https:\/\/www.mivam.com\/izdelek\/etac-my-loo-z-nosilci\/\" \/>\n<meta property=\"og:locale\" content=\"en_US\" \/>\n<meta property=\"og:type\" content=\"article\" \/>\n<meta property=\"og:title\" content=\"Etac My-Loo z nosilci - Mi Vam\" \/>\n<meta property=\"og:description\" content=\"My Loo razli\u010dne vi\u0161ine. S ali brez pokrova.\" \/>\n<meta property=\"og:url\" content=\"https:\/\/www.mivam.com\/izdelek\/etac-my-loo-z-nosilci\/\" \/>\n<meta property=\"og:site_name\" content=\"Mi Vam\" \/>\n<meta property=\"article:modified_time\" content=\"2025-06-17T13:47:37+00:00\" \/>\n<meta property=\"og:image\" content=\"https:\/\/www.mivam.com\/wp-content\/uploads\/2020\/10\/etac-my-loo-6-cm-main_577071.jpg\" \/>\n\t<meta property=\"og:image:width\" content=\"1280\" \/>\n\t<meta property=\"og:image:height\" content=\"1793\" \/>\n\t<meta property=\"og:image:type\" content=\"image\/jpeg\" \/>\n<meta name=\"twitter:card\" content=\"summary_large_image\" \/>\n<meta name=\"twitter:label1\" content=\"Est. reading time\" \/>\n\t<meta name=\"twitter:data1\" content=\"3 minutes\" \/>\n<script type=\"application\/ld+json\" class=\"yoast-schema-graph\">{\"@context\":\"https:\/\/schema.org\",\"@graph\":[{\"@type\":\"WebPage\",\"@id\":\"https:\/\/www.mivam.com\/izdelek\/etac-my-loo-z-nosilci\/\",\"url\":\"https:\/\/www.mivam.com\/izdelek\/etac-my-loo-z-nosilci\/\",\"name\":\"Etac My-Loo z nosilci - Mi Vam\",\"isPartOf\":{\"@id\":\"https:\/\/www.mivam.com\/#website\"},\"primaryImageOfPage\":{\"@id\":\"https:\/\/www.mivam.com\/izdelek\/etac-my-loo-z-nosilci\/#primaryimage\"},\"image\":{\"@id\":\"https:\/\/www.mivam.com\/izdelek\/etac-my-loo-z-nosilci\/#primaryimage\"},\"thumbnailUrl\":\"https:\/\/www.mivam.com\/wp-content\/uploads\/2020\/10\/etac-my-loo-6-cm-main_577071.jpg\",\"datePublished\":\"2020-10-13T09:39:12+00:00\",\"dateModified\":\"2025-06-17T13:47:37+00:00\",\"description\":\"My Loo razli\u010dne vi\u0161ine. S ali brez pokrova.\",\"breadcrumb\":{\"@id\":\"https:\/\/www.mivam.com\/izdelek\/etac-my-loo-z-nosilci\/#breadcrumb\"},\"inLanguage\":\"en-US\",\"potentialAction\":[{\"@type\":\"ReadAction\",\"target\":[\"https:\/\/www.mivam.com\/izdelek\/etac-my-loo-z-nosilci\/\"]}]},{\"@type\":\"ImageObject\",\"inLanguage\":\"en-US\",\"@id\":\"https:\/\/www.mivam.com\/izdelek\/etac-my-loo-z-nosilci\/#primaryimage\",\"url\":\"https:\/\/www.mivam.com\/wp-content\/uploads\/2020\/10\/etac-my-loo-6-cm-main_577071.jpg\",\"contentUrl\":\"https:\/\/www.mivam.com\/wp-content\/uploads\/2020\/10\/etac-my-loo-6-cm-main_577071.jpg\",\"width\":1280,\"height\":1793},{\"@type\":\"BreadcrumbList\",\"@id\":\"https:\/\/www.mivam.com\/izdelek\/etac-my-loo-z-nosilci\/#breadcrumb\",\"itemListElement\":[{\"@type\":\"ListItem\",\"position\":1,\"name\":\"Domov\",\"item\":\"https:\/\/www.mivam.com\/\"},{\"@type\":\"ListItem\",\"position\":2,\"name\":\"Shop\",\"item\":\"https:\/\/www.mivam.com\/en\/shop\/\"},{\"@type\":\"ListItem\",\"position\":3,\"name\":\"Kopalni\u0161ki pripomo\u010dki\",\"item\":\"https:\/\/www.mivam.com\/kategorija-izdelka\/kopalniski-pripomocki\/\"},{\"@type\":\"ListItem\",\"position\":4,\"name\":\"Dodatki za kopalnico\",\"item\":\"https:\/\/www.mivam.com\/kategorija-izdelka\/kopalniski-pripomocki\/dodatki-za-kopalnico\/\"},{\"@type\":\"ListItem\",\"position\":5,\"name\":\"Etac My-Loo z nosilci\"}]},{\"@type\":\"WebSite\",\"@id\":\"https:\/\/www.mivam.com\/#website\",\"url\":\"https:\/\/www.mivam.com\/\",\"name\":\"Mi Vam\",\"description\":\"Medicinski pripomo\u010dki in re\u0161itve za manj odvisno \u017eivljenje.\",\"potentialAction\":[{\"@type\":\"SearchAction\",\"target\":{\"@type\":\"EntryPoint\",\"urlTemplate\":\"https:\/\/www.mivam.com\/?s={search_term_string}\"},\"query-input\":{\"@type\":\"PropertyValueSpecification\",\"valueRequired\":true,\"valueName\":\"search_term_string\"}}],\"inLanguage\":\"en-US\"}]}<\/script>\n<!-- \/ Yoast SEO plugin. -->","yoast_head_json":{"title":"Etac My-Loo z nosilci - Mi Vam","description":"My Loo razli\u010dne vi\u0161ine. S ali brez pokrova.","robots":{"index":"index","follow":"follow","max-snippet":"max-snippet:-1","max-image-preview":"max-image-preview:large","max-video-preview":"max-video-preview:-1"},"canonical":"https:\/\/www.mivam.com\/izdelek\/etac-my-loo-z-nosilci\/","og_locale":"en_US","og_type":"article","og_title":"Etac My-Loo z nosilci - Mi Vam","og_description":"My Loo razli\u010dne vi\u0161ine. S ali brez pokrova.","og_url":"https:\/\/www.mivam.com\/izdelek\/etac-my-loo-z-nosilci\/","og_site_name":"Mi Vam","article_modified_time":"2025-06-17T13:47:37+00:00","og_image":[{"width":1280,"height":1793,"url":"https:\/\/www.mivam.com\/wp-content\/uploads\/2020\/10\/etac-my-loo-6-cm-main_577071.jpg","type":"image\/jpeg"}],"twitter_card":"summary_large_image","twitter_misc":{"Est. reading time":"3 minutes"},"schema":{"@context":"https:\/\/schema.org","@graph":[{"@type":"WebPage","@id":"https:\/\/www.mivam.com\/izdelek\/etac-my-loo-z-nosilci\/","url":"https:\/\/www.mivam.com\/izdelek\/etac-my-loo-z-nosilci\/","name":"Etac My-Loo z nosilci - Mi Vam","isPartOf":{"@id":"https:\/\/www.mivam.com\/#website"},"primaryImageOfPage":{"@id":"https:\/\/www.mivam.com\/izdelek\/etac-my-loo-z-nosilci\/#primaryimage"},"image":{"@id":"https:\/\/www.mivam.com\/izdelek\/etac-my-loo-z-nosilci\/#primaryimage"},"thumbnailUrl":"https:\/\/www.mivam.com\/wp-content\/uploads\/2020\/10\/etac-my-loo-6-cm-main_577071.jpg","datePublished":"2020-10-13T09:39:12+00:00","dateModified":"2025-06-17T13:47:37+00:00","description":"My Loo razli\u010dne vi\u0161ine. S ali brez pokrova.","breadcrumb":{"@id":"https:\/\/www.mivam.com\/izdelek\/etac-my-loo-z-nosilci\/#breadcrumb"},"inLanguage":"en-US","potentialAction":[{"@type":"ReadAction","target":["https:\/\/www.mivam.com\/izdelek\/etac-my-loo-z-nosilci\/"]}]},{"@type":"ImageObject","inLanguage":"en-US","@id":"https:\/\/www.mivam.com\/izdelek\/etac-my-loo-z-nosilci\/#primaryimage","url":"https:\/\/www.mivam.com\/wp-content\/uploads\/2020\/10\/etac-my-loo-6-cm-main_577071.jpg","contentUrl":"https:\/\/www.mivam.com\/wp-content\/uploads\/2020\/10\/etac-my-loo-6-cm-main_577071.jpg","width":1280,"height":1793},{"@type":"BreadcrumbList","@id":"https:\/\/www.mivam.com\/izdelek\/etac-my-loo-z-nosilci\/#breadcrumb","itemListElement":[{"@type":"ListItem","position":1,"name":"Domov","item":"https:\/\/www.mivam.com\/"},{"@type":"ListItem","position":2,"name":"Shop","item":"https:\/\/www.mivam.com\/en\/shop\/"},{"@type":"ListItem","position":3,"name":"Kopalni\u0161ki pripomo\u010dki","item":"https:\/\/www.mivam.com\/kategorija-izdelka\/kopalniski-pripomocki\/"},{"@type":"ListItem","position":4,"name":"Dodatki za kopalnico","item":"https:\/\/www.mivam.com\/kategorija-izdelka\/kopalniski-pripomocki\/dodatki-za-kopalnico\/"},{"@type":"ListItem","position":5,"name":"Etac My-Loo z nosilci"}]},{"@type":"WebSite","@id":"https:\/\/www.mivam.com\/#website","url":"https:\/\/www.mivam.com\/","name":"Mi Vam","description":"Medicinski pripomo\u010dki in re\u0161itve za manj odvisno \u017eivljenje.","potentialAction":[{"@type":"SearchAction","target":{"@type":"EntryPoint","urlTemplate":"https:\/\/www.mivam.com\/?s={search_term_string}"},"query-input":{"@type":"PropertyValueSpecification","valueRequired":true,"valueName":"search_term_string"}}],"inLanguage":"en-US"}]}},"_links":{"self":[{"href":"https:\/\/www.mivam.com\/en\/wp-json\/wp\/v2\/product\/1879","targetHints":{"allow":["GET"]}}],"collection":[{"href":"https:\/\/www.mivam.com\/en\/wp-json\/wp\/v2\/product"}],"about":[{"href":"https:\/\/www.mivam.com\/en\/wp-json\/wp\/v2\/types\/product"}],"replies":[{"embeddable":true,"href":"https:\/\/www.mivam.com\/en\/wp-json\/wp\/v2\/comments?post=1879"}],"wp:featuredmedia":[{"embeddable":true,"href":"https:\/\/www.mivam.com\/en\/wp-json\/wp\/v2\/media\/1880"}],"wp:attachment":[{"href":"https:\/\/www.mivam.com\/en\/wp-json\/wp\/v2\/media?parent=1879"}],"wp:term":[{"taxonomy":"product_brand","embeddable":true,"href":"https:\/\/www.mivam.com\/en\/wp-json\/wp\/v2\/product_brand?post=1879"},{"taxonomy":"product_cat","embeddable":true,"href":"https:\/\/www.mivam.com\/en\/wp-json\/wp\/v2\/product_cat?post=1879"},{"taxonomy":"product_tag","embeddable":true,"href":"https:\/\/www.mivam.com\/en\/wp-json\/wp\/v2\/product_tag?post=1879"}],"curies":[{"name":"wp","href":"https:\/\/api.w.org\/{rel}","templated":true}]}}