{"id":1871,"date":"2020-10-12T21:42:35","date_gmt":"2020-10-12T19:42:35","guid":{"rendered":"https:\/\/www.mivam.com\/?post_type=product&#038;p=1871"},"modified":"2025-06-17T15:45:12","modified_gmt":"2025-06-17T13:45:12","slug":"etac-fresh-deska-za-kopel","status":"publish","type":"product","link":"https:\/\/www.mivam.com\/en\/izdelek\/etac-fresh-deska-za-kopel\/","title":{"rendered":"Etac Fresh deska za kopel"},"content":{"rendered":"<p><span class=\"tlid-translation translation\" lang=\"sl\"><span title=\"\">Edinstvena zasnova Etac Fresh deske je postavila standard za kopalni\u0161ke deske.<\/span> <span title=\"\">Sprednji rob je na zunanji strani kopalne kadi \u0161irok, da zagotavlja maksimalno oporo za premikanje.<\/span> <span title=\"\">Srednji del je zo\u017een, da omogo\u010da la\u017eji dostop do intimne higiene.<\/span><br \/>\n<span title=\"\">\u0160tiri obloge obloge omogo\u010dajo, da deska za kopel varno ostane v kadi.<\/span> <span title=\"\">Fresh deska je na voljo v dveh dol\u017einah, da zagotovite popolno prileganje razli\u010dnim kopalnim kadem.<\/span><\/span><\/p>\n<p><strong>Lastonsti<\/strong><\/p>\n<table style=\"width: 651.767px\">\n<tbody>\n<tr>\n<td style=\"width: 383px\">Dol\u017eina<\/td>\n<td style=\"width: 496.767px\">69\/74 cm<\/td>\n<\/tr>\n<tr>\n<td style=\"width: 383px\">\u0160irina<\/td>\n<td style=\"width: 496.767px\">36-27-30 cm<\/td>\n<\/tr>\n<tr>\n<td style=\"width: 383px\">Debelina<\/td>\n<td style=\"width: 496.767px\">4 cm<\/td>\n<\/tr>\n<tr>\n<td style=\"width: 383px\">Nastavitev zati\u010dev<\/td>\n<td style=\"width: 496.767px\">Fresh deska 69 cm: max. 63,6 cm; min. 39 cm<\/p>\n<p>Fresh deska 70 cm: max. 68,6 cm; min. 43,2 cm<\/td>\n<\/tr>\n<tr>\n<td style=\"width: 383px\">Te\u017ea<\/td>\n<td style=\"width: 496.767px\">2,1\/2,3 kg<\/td>\n<\/tr>\n<tr>\n<td style=\"width: 383px\">Najve\u010dja dovoljena te\u017ea uporabnika<\/td>\n<td style=\"width: 496.767px\">150 kg<\/td>\n<\/tr>\n<tr>\n<td style=\"width: 383px\">Material<\/td>\n<td style=\"width: 496.767px\">Deska: Polipropilen<\/p>\n<p>Zati\u010di: Polipropelen<\/td>\n<\/tr>\n<\/tbody>\n<\/table>\n<p>&nbsp;<\/p>\n<table style=\"width: 947px\">\n<tbody>\n<tr>\n<td style=\"width: 250px\">\u00a0<img decoding=\"async\" class=\"alignnone size-medium wp-image-1873\" src=\"https:\/\/www.mivam.com\/wp-content\/uploads\/2020\/10\/etac-fresh_548767-300x300.jpg\" alt=\"\" width=\"300\" height=\"300\" srcset=\"https:\/\/www.mivam.com\/wp-content\/uploads\/2020\/10\/etac-fresh_548767-300x300.jpg 300w, https:\/\/www.mivam.com\/wp-content\/uploads\/2020\/10\/etac-fresh_548767-600x600.jpg 600w, https:\/\/www.mivam.com\/wp-content\/uploads\/2020\/10\/etac-fresh_548767-150x150.jpg 150w, https:\/\/www.mivam.com\/wp-content\/uploads\/2020\/10\/etac-fresh_548767-768x768.jpg 768w, https:\/\/www.mivam.com\/wp-content\/uploads\/2020\/10\/etac-fresh_548767-1024x1024.jpg 1024w, https:\/\/www.mivam.com\/wp-content\/uploads\/2020\/10\/etac-fresh_548767-180x180.jpg 180w, https:\/\/www.mivam.com\/wp-content\/uploads\/2020\/10\/etac-fresh_548767.jpg 1280w\" sizes=\"(max-width: 300px) 100vw, 300px\" \/><\/td>\n<td style=\"width: 237.733px\"><img decoding=\"async\" class=\"alignnone size-medium wp-image-1878\" src=\"https:\/\/www.mivam.com\/wp-content\/uploads\/2020\/10\/sit-down_548769-300x300.jpg\" alt=\"\" width=\"300\" height=\"300\" srcset=\"https:\/\/www.mivam.com\/wp-content\/uploads\/2020\/10\/sit-down_548769-300x300.jpg 300w, https:\/\/www.mivam.com\/wp-content\/uploads\/2020\/10\/sit-down_548769-600x600.jpg 600w, https:\/\/www.mivam.com\/wp-content\/uploads\/2020\/10\/sit-down_548769-150x150.jpg 150w, https:\/\/www.mivam.com\/wp-content\/uploads\/2020\/10\/sit-down_548769-768x768.jpg 768w, https:\/\/www.mivam.com\/wp-content\/uploads\/2020\/10\/sit-down_548769-1024x1024.jpg 1024w, https:\/\/www.mivam.com\/wp-content\/uploads\/2020\/10\/sit-down_548769-180x180.jpg 180w, https:\/\/www.mivam.com\/wp-content\/uploads\/2020\/10\/sit-down_548769.jpg 1280w\" sizes=\"(max-width: 300px) 100vw, 300px\" \/><\/td>\n<td style=\"width: 230.267px\"><img decoding=\"async\" class=\"alignnone size-medium wp-image-1877\" src=\"https:\/\/www.mivam.com\/wp-content\/uploads\/2020\/10\/grip-handle_548770-300x300.jpg\" alt=\"\" width=\"300\" height=\"300\" srcset=\"https:\/\/www.mivam.com\/wp-content\/uploads\/2020\/10\/grip-handle_548770-300x300.jpg 300w, https:\/\/www.mivam.com\/wp-content\/uploads\/2020\/10\/grip-handle_548770-600x600.jpg 600w, https:\/\/www.mivam.com\/wp-content\/uploads\/2020\/10\/grip-handle_548770-150x150.jpg 150w, https:\/\/www.mivam.com\/wp-content\/uploads\/2020\/10\/grip-handle_548770-768x768.jpg 768w, https:\/\/www.mivam.com\/wp-content\/uploads\/2020\/10\/grip-handle_548770-1024x1024.jpg 1024w, https:\/\/www.mivam.com\/wp-content\/uploads\/2020\/10\/grip-handle_548770-180x180.jpg 180w, https:\/\/www.mivam.com\/wp-content\/uploads\/2020\/10\/grip-handle_548770.jpg 1280w\" sizes=\"(max-width: 300px) 100vw, 300px\" \/><\/td>\n<td style=\"width: 238px\"><img decoding=\"async\" class=\"alignnone size-medium wp-image-1872\" src=\"https:\/\/www.mivam.com\/wp-content\/uploads\/2020\/10\/ensure-safe_548771-300x300.jpg\" alt=\"\" width=\"300\" height=\"300\" srcset=\"https:\/\/www.mivam.com\/wp-content\/uploads\/2020\/10\/ensure-safe_548771-300x300.jpg 300w, https:\/\/www.mivam.com\/wp-content\/uploads\/2020\/10\/ensure-safe_548771-600x600.jpg 600w, https:\/\/www.mivam.com\/wp-content\/uploads\/2020\/10\/ensure-safe_548771-150x150.jpg 150w, https:\/\/www.mivam.com\/wp-content\/uploads\/2020\/10\/ensure-safe_548771-768x768.jpg 768w, https:\/\/www.mivam.com\/wp-content\/uploads\/2020\/10\/ensure-safe_548771-1024x1024.jpg 1024w, https:\/\/www.mivam.com\/wp-content\/uploads\/2020\/10\/ensure-safe_548771-180x180.jpg 180w, https:\/\/www.mivam.com\/wp-content\/uploads\/2020\/10\/ensure-safe_548771.jpg 1280w\" sizes=\"(max-width: 300px) 100vw, 300px\" \/><\/td>\n<\/tr>\n<tr>\n<td style=\"width: 250px\">\n<div class=\"text-wrap tlid-copy-target\">\n<div class=\"result-shield-container tlid-copy-target\"><span class=\"tlid-translation translation\" lang=\"sl\"><span class=\"\" title=\"\">Ro\u010daj zagotavlja udoben in varen oprijem.<\/span><\/span><\/div>\n<\/div>\n<div class=\"tlid-result-transliteration-container result-transliteration-container transliteration-container\"><\/div>\n<\/td>\n<td style=\"width: 237.733px\">1. <span class=\"tlid-translation translation\" lang=\"sl\"><span class=\"\" title=\"\">Usedite se, tako da imate noge trdno na tla.<\/span><\/span><\/td>\n<td style=\"width: 230.267px\">2. <span class=\"tlid-translation translation\" lang=\"sl\"><span class=\"\" title=\"\">Primite ro\u010daj in rob deske za, hkrati pa dvigajte eno nogo \u010dez rob kadi.<\/span><\/span><\/td>\n<td style=\"width: 238px\">3. <span class=\"tlid-translation translation\" lang=\"sl\"><span class=\"\" title=\"\">Nedrse\u010da povr\u0161ina zagotavlja vareno sedenje med prhanjem.<\/span><\/span><\/td>\n<\/tr>\n<\/tbody>\n<\/table>\n<p><strong>Variante<\/strong><\/p>\n<table style=\"width: 406.667px\">\n<tbody>\n<tr>\n<td style=\"width: 304px\">69 cm<\/td>\n<td style=\"width: 106.667px\">81600011<\/td>\n<\/tr>\n<tr>\n<td style=\"width: 304px\"><span class=\"tlid-translation translation\" lang=\"sl\"><span class=\"\" title=\"\">69 cm z ro\u010dajem<\/span><\/span><\/td>\n<td style=\"width: 106.667px\">81600014<\/td>\n<\/tr>\n<tr>\n<td style=\"width: 304px\">74 cm<\/td>\n<td style=\"width: 106.667px\">81600021<\/td>\n<\/tr>\n<tr>\n<td style=\"width: 304px\">74 cm z ro\u010dajem<\/td>\n<td style=\"width: 106.667px\">81600024<\/td>\n<\/tr>\n<tr>\n<td style=\"width: 304px\"><span class=\"tlid-translation translation\" lang=\"sl\"><span class=\"\" title=\"\">69 cm z ro\u010dajem<\/span><\/span> v embala\u017ei<\/td>\n<td style=\"width: 106.667px\">81600114<\/td>\n<\/tr>\n<\/tbody>\n<\/table>\n<h3><strong>Dodatek<\/strong><\/h3>\n<p><span class=\"tlid-translation translation\" lang=\"sl\"><strong><span class=\"\" title=\"\">Ro\u010daj<\/span> za oprijem<\/strong><\/span><\/p>\n<p><span title=\"\">Ro\u010daj zagotavlja udoben in varen oprijem.<\/span><\/p>\n<p><img decoding=\"async\" class=\"alignnone size-medium wp-image-1875\" src=\"https:\/\/www.mivam.com\/wp-content\/uploads\/2020\/10\/etac-fresh-bath-board-support-handle_549088-300x300.jpg\" alt=\"\" width=\"300\" height=\"300\" srcset=\"https:\/\/www.mivam.com\/wp-content\/uploads\/2020\/10\/etac-fresh-bath-board-support-handle_549088-300x300.jpg 300w, https:\/\/www.mivam.com\/wp-content\/uploads\/2020\/10\/etac-fresh-bath-board-support-handle_549088-600x600.jpg 600w, https:\/\/www.mivam.com\/wp-content\/uploads\/2020\/10\/etac-fresh-bath-board-support-handle_549088-150x150.jpg 150w, https:\/\/www.mivam.com\/wp-content\/uploads\/2020\/10\/etac-fresh-bath-board-support-handle_549088-768x768.jpg 768w, https:\/\/www.mivam.com\/wp-content\/uploads\/2020\/10\/etac-fresh-bath-board-support-handle_549088-1024x1024.jpg 1024w, https:\/\/www.mivam.com\/wp-content\/uploads\/2020\/10\/etac-fresh-bath-board-support-handle_549088-180x180.jpg 180w, https:\/\/www.mivam.com\/wp-content\/uploads\/2020\/10\/etac-fresh-bath-board-support-handle_549088.jpg 1280w\" sizes=\"(max-width: 300px) 100vw, 300px\" \/><\/p>\n<p>\u0160tevilka artikla:\u00a0\u00a0 81600040<\/p>\n","protected":false},"excerpt":{"rendered":"<p>Edinstvena zasnova Etac Fresh deske je postavila standard za kopalni\u0161ke deske. Sprednji rob je na zunanji strani kopalne kadi \u0161irok, da zagotavlja maksimalno oporo za premikanje. Srednji del je zo\u017een, da omogo\u010da la\u017eji dostop do intimne higiene. \u0160tiri obloge obloge omogo\u010dajo, da deska za kopel varno ostane v kadi. Fresh deska je na voljo v dveh dol\u017einah, da zagotovite popolno prileganje razli\u010dnim kopalnim kadem. Lastonsti Dol\u017eina 69\/74 cm \u0160irina 36-27-30 cm Debelina 4 cm Nastavitev zati\u010dev Fresh deska 69 cm: max. 63,6 cm; min. 39 cm Fresh deska 70 cm: max. 68,6 cm; min. 43,2 cm Te\u017ea 2,1\/2,3 kg Najve\u010dja dovoljena te\u017ea uporabnika 150 kg Material Deska: Polipropilen Zati\u010di: Polipropelen &nbsp; \u00a0 Ro\u010daj zagotavlja udoben in varen oprijem. 1. Usedite [&hellip;]<\/p>\n","protected":false},"featured_media":1874,"comment_status":"closed","ping_status":"closed","template":"","meta":[],"product_brand":[],"product_cat":[224,71],"product_tag":[338,470,666,665,100,664],"class_list":{"0":"post-1871","1":"product","2":"type-product","3":"status-publish","4":"has-post-thumbnail","6":"product_cat-kopalniski-pripomocki","7":"product_cat-dodatki-za-kopalnico","8":"product_tag-338","9":"product_tag-banja","10":"product_tag-deska-za-banjo","11":"product_tag-deska-za-kad","12":"product_tag-etac","13":"product_tag-etac-fresh","15":"first","16":"instock","17":"taxable","18":"shipping-taxable","19":"product-type-simple"},"yoast_head":"<!-- This site is optimized with the Yoast SEO plugin v24.0 - https:\/\/yoast.com\/wordpress\/plugins\/seo\/ -->\n<title>Etac Fresh deska za kopel - Mi Vam<\/title>\n<meta name=\"description\" content=\"Edinstvena zasnova Etac Fresh deske je postavila standard za kopalni\u0161ke deske. Sprednji rob je na zunanji strani kopalne kadi \u0161irok, da zagotavlja\" \/>\n<meta name=\"robots\" content=\"index, follow, max-snippet:-1, max-image-preview:large, max-video-preview:-1\" \/>\n<link rel=\"canonical\" href=\"https:\/\/www.mivam.com\/izdelek\/etac-fresh-deska-za-kopel\/\" \/>\n<meta property=\"og:locale\" content=\"en_US\" \/>\n<meta property=\"og:type\" content=\"article\" \/>\n<meta property=\"og:title\" content=\"Etac Fresh deska za kopel - Mi Vam\" \/>\n<meta property=\"og:description\" content=\"Edinstvena zasnova Etac Fresh deske je postavila standard za kopalni\u0161ke deske. Sprednji rob je na zunanji strani kopalne kadi \u0161irok, da zagotavlja\" \/>\n<meta property=\"og:url\" content=\"https:\/\/www.mivam.com\/izdelek\/etac-fresh-deska-za-kopel\/\" \/>\n<meta property=\"og:site_name\" content=\"Mi Vam\" \/>\n<meta property=\"article:modified_time\" content=\"2025-06-17T13:45:12+00:00\" \/>\n<meta property=\"og:image\" content=\"https:\/\/www.mivam.com\/wp-content\/uploads\/2020\/10\/etac-fresh-bath-board_548766.jpg\" \/>\n\t<meta property=\"og:image:width\" content=\"1280\" \/>\n\t<meta property=\"og:image:height\" content=\"1280\" \/>\n\t<meta property=\"og:image:type\" content=\"image\/jpeg\" \/>\n<meta name=\"twitter:card\" content=\"summary_large_image\" \/>\n<meta name=\"twitter:label1\" content=\"Est. reading time\" \/>\n\t<meta name=\"twitter:data1\" content=\"3 minutes\" \/>\n<script type=\"application\/ld+json\" class=\"yoast-schema-graph\">{\"@context\":\"https:\/\/schema.org\",\"@graph\":[{\"@type\":\"WebPage\",\"@id\":\"https:\/\/www.mivam.com\/izdelek\/etac-fresh-deska-za-kopel\/\",\"url\":\"https:\/\/www.mivam.com\/izdelek\/etac-fresh-deska-za-kopel\/\",\"name\":\"Etac Fresh deska za kopel - Mi Vam\",\"isPartOf\":{\"@id\":\"https:\/\/www.mivam.com\/#website\"},\"primaryImageOfPage\":{\"@id\":\"https:\/\/www.mivam.com\/izdelek\/etac-fresh-deska-za-kopel\/#primaryimage\"},\"image\":{\"@id\":\"https:\/\/www.mivam.com\/izdelek\/etac-fresh-deska-za-kopel\/#primaryimage\"},\"thumbnailUrl\":\"https:\/\/www.mivam.com\/wp-content\/uploads\/2020\/10\/etac-fresh-bath-board_548766.jpg\",\"datePublished\":\"2020-10-12T19:42:35+00:00\",\"dateModified\":\"2025-06-17T13:45:12+00:00\",\"description\":\"Edinstvena zasnova Etac Fresh deske je postavila standard za kopalni\u0161ke deske. Sprednji rob je na zunanji strani kopalne kadi \u0161irok, da zagotavlja\",\"breadcrumb\":{\"@id\":\"https:\/\/www.mivam.com\/izdelek\/etac-fresh-deska-za-kopel\/#breadcrumb\"},\"inLanguage\":\"en-US\",\"potentialAction\":[{\"@type\":\"ReadAction\",\"target\":[\"https:\/\/www.mivam.com\/izdelek\/etac-fresh-deska-za-kopel\/\"]}]},{\"@type\":\"ImageObject\",\"inLanguage\":\"en-US\",\"@id\":\"https:\/\/www.mivam.com\/izdelek\/etac-fresh-deska-za-kopel\/#primaryimage\",\"url\":\"https:\/\/www.mivam.com\/wp-content\/uploads\/2020\/10\/etac-fresh-bath-board_548766.jpg\",\"contentUrl\":\"https:\/\/www.mivam.com\/wp-content\/uploads\/2020\/10\/etac-fresh-bath-board_548766.jpg\",\"width\":1280,\"height\":1280},{\"@type\":\"BreadcrumbList\",\"@id\":\"https:\/\/www.mivam.com\/izdelek\/etac-fresh-deska-za-kopel\/#breadcrumb\",\"itemListElement\":[{\"@type\":\"ListItem\",\"position\":1,\"name\":\"Domov\",\"item\":\"https:\/\/www.mivam.com\/\"},{\"@type\":\"ListItem\",\"position\":2,\"name\":\"Shop\",\"item\":\"https:\/\/www.mivam.com\/en\/shop\/\"},{\"@type\":\"ListItem\",\"position\":3,\"name\":\"Kopalni\u0161ki pripomo\u010dki\",\"item\":\"https:\/\/www.mivam.com\/kategorija-izdelka\/kopalniski-pripomocki\/\"},{\"@type\":\"ListItem\",\"position\":4,\"name\":\"Dodatki za kopalnico\",\"item\":\"https:\/\/www.mivam.com\/kategorija-izdelka\/kopalniski-pripomocki\/dodatki-za-kopalnico\/\"},{\"@type\":\"ListItem\",\"position\":5,\"name\":\"Etac Fresh deska za kopel\"}]},{\"@type\":\"WebSite\",\"@id\":\"https:\/\/www.mivam.com\/#website\",\"url\":\"https:\/\/www.mivam.com\/\",\"name\":\"Mi Vam\",\"description\":\"Medicinski pripomo\u010dki in re\u0161itve za manj odvisno \u017eivljenje.\",\"potentialAction\":[{\"@type\":\"SearchAction\",\"target\":{\"@type\":\"EntryPoint\",\"urlTemplate\":\"https:\/\/www.mivam.com\/?s={search_term_string}\"},\"query-input\":{\"@type\":\"PropertyValueSpecification\",\"valueRequired\":true,\"valueName\":\"search_term_string\"}}],\"inLanguage\":\"en-US\"}]}<\/script>\n<!-- \/ Yoast SEO plugin. -->","yoast_head_json":{"title":"Etac Fresh deska za kopel - Mi Vam","description":"Edinstvena zasnova Etac Fresh deske je postavila standard za kopalni\u0161ke deske. Sprednji rob je na zunanji strani kopalne kadi \u0161irok, da zagotavlja","robots":{"index":"index","follow":"follow","max-snippet":"max-snippet:-1","max-image-preview":"max-image-preview:large","max-video-preview":"max-video-preview:-1"},"canonical":"https:\/\/www.mivam.com\/izdelek\/etac-fresh-deska-za-kopel\/","og_locale":"en_US","og_type":"article","og_title":"Etac Fresh deska za kopel - Mi Vam","og_description":"Edinstvena zasnova Etac Fresh deske je postavila standard za kopalni\u0161ke deske. Sprednji rob je na zunanji strani kopalne kadi \u0161irok, da zagotavlja","og_url":"https:\/\/www.mivam.com\/izdelek\/etac-fresh-deska-za-kopel\/","og_site_name":"Mi Vam","article_modified_time":"2025-06-17T13:45:12+00:00","og_image":[{"width":1280,"height":1280,"url":"https:\/\/www.mivam.com\/wp-content\/uploads\/2020\/10\/etac-fresh-bath-board_548766.jpg","type":"image\/jpeg"}],"twitter_card":"summary_large_image","twitter_misc":{"Est. reading time":"3 minutes"},"schema":{"@context":"https:\/\/schema.org","@graph":[{"@type":"WebPage","@id":"https:\/\/www.mivam.com\/izdelek\/etac-fresh-deska-za-kopel\/","url":"https:\/\/www.mivam.com\/izdelek\/etac-fresh-deska-za-kopel\/","name":"Etac Fresh deska za kopel - Mi Vam","isPartOf":{"@id":"https:\/\/www.mivam.com\/#website"},"primaryImageOfPage":{"@id":"https:\/\/www.mivam.com\/izdelek\/etac-fresh-deska-za-kopel\/#primaryimage"},"image":{"@id":"https:\/\/www.mivam.com\/izdelek\/etac-fresh-deska-za-kopel\/#primaryimage"},"thumbnailUrl":"https:\/\/www.mivam.com\/wp-content\/uploads\/2020\/10\/etac-fresh-bath-board_548766.jpg","datePublished":"2020-10-12T19:42:35+00:00","dateModified":"2025-06-17T13:45:12+00:00","description":"Edinstvena zasnova Etac Fresh deske je postavila standard za kopalni\u0161ke deske. Sprednji rob je na zunanji strani kopalne kadi \u0161irok, da zagotavlja","breadcrumb":{"@id":"https:\/\/www.mivam.com\/izdelek\/etac-fresh-deska-za-kopel\/#breadcrumb"},"inLanguage":"en-US","potentialAction":[{"@type":"ReadAction","target":["https:\/\/www.mivam.com\/izdelek\/etac-fresh-deska-za-kopel\/"]}]},{"@type":"ImageObject","inLanguage":"en-US","@id":"https:\/\/www.mivam.com\/izdelek\/etac-fresh-deska-za-kopel\/#primaryimage","url":"https:\/\/www.mivam.com\/wp-content\/uploads\/2020\/10\/etac-fresh-bath-board_548766.jpg","contentUrl":"https:\/\/www.mivam.com\/wp-content\/uploads\/2020\/10\/etac-fresh-bath-board_548766.jpg","width":1280,"height":1280},{"@type":"BreadcrumbList","@id":"https:\/\/www.mivam.com\/izdelek\/etac-fresh-deska-za-kopel\/#breadcrumb","itemListElement":[{"@type":"ListItem","position":1,"name":"Domov","item":"https:\/\/www.mivam.com\/"},{"@type":"ListItem","position":2,"name":"Shop","item":"https:\/\/www.mivam.com\/en\/shop\/"},{"@type":"ListItem","position":3,"name":"Kopalni\u0161ki pripomo\u010dki","item":"https:\/\/www.mivam.com\/kategorija-izdelka\/kopalniski-pripomocki\/"},{"@type":"ListItem","position":4,"name":"Dodatki za kopalnico","item":"https:\/\/www.mivam.com\/kategorija-izdelka\/kopalniski-pripomocki\/dodatki-za-kopalnico\/"},{"@type":"ListItem","position":5,"name":"Etac Fresh deska za kopel"}]},{"@type":"WebSite","@id":"https:\/\/www.mivam.com\/#website","url":"https:\/\/www.mivam.com\/","name":"Mi Vam","description":"Medicinski pripomo\u010dki in re\u0161itve za manj odvisno \u017eivljenje.","potentialAction":[{"@type":"SearchAction","target":{"@type":"EntryPoint","urlTemplate":"https:\/\/www.mivam.com\/?s={search_term_string}"},"query-input":{"@type":"PropertyValueSpecification","valueRequired":true,"valueName":"search_term_string"}}],"inLanguage":"en-US"}]}},"_links":{"self":[{"href":"https:\/\/www.mivam.com\/en\/wp-json\/wp\/v2\/product\/1871","targetHints":{"allow":["GET"]}}],"collection":[{"href":"https:\/\/www.mivam.com\/en\/wp-json\/wp\/v2\/product"}],"about":[{"href":"https:\/\/www.mivam.com\/en\/wp-json\/wp\/v2\/types\/product"}],"replies":[{"embeddable":true,"href":"https:\/\/www.mivam.com\/en\/wp-json\/wp\/v2\/comments?post=1871"}],"wp:featuredmedia":[{"embeddable":true,"href":"https:\/\/www.mivam.com\/en\/wp-json\/wp\/v2\/media\/1874"}],"wp:attachment":[{"href":"https:\/\/www.mivam.com\/en\/wp-json\/wp\/v2\/media?parent=1871"}],"wp:term":[{"taxonomy":"product_brand","embeddable":true,"href":"https:\/\/www.mivam.com\/en\/wp-json\/wp\/v2\/product_brand?post=1871"},{"taxonomy":"product_cat","embeddable":true,"href":"https:\/\/www.mivam.com\/en\/wp-json\/wp\/v2\/product_cat?post=1871"},{"taxonomy":"product_tag","embeddable":true,"href":"https:\/\/www.mivam.com\/en\/wp-json\/wp\/v2\/product_tag?post=1871"}],"curies":[{"name":"wp","href":"https:\/\/api.w.org\/{rel}","templated":true}]}}