{"id":1865,"date":"2020-10-10T22:29:15","date_gmt":"2020-10-10T20:29:15","guid":{"rendered":"https:\/\/www.mivam.com\/?post_type=product&#038;p=1865"},"modified":"2025-06-17T15:49:53","modified_gmt":"2025-06-17T13:49:53","slug":"etac-rufus-kopalniski-stolcek","status":"publish","type":"product","link":"https:\/\/www.mivam.com\/en\/izdelek\/etac-rufus-kopalniski-stolcek\/","title":{"rendered":"Etac Rufus kopalni\u0161ki stol\u010dek"},"content":{"rendered":"<p><span class=\"tlid-translation translation\" lang=\"sl\"><strong><span class=\"\" title=\"\">Udobno in varno sedenje<\/span><\/strong><\/span><\/p>\n<p><span class=\"\" title=\"\">Kopalni stol Etac Rufus zagotavlja vareno in udobno sedenje. Ima naslon za hrbet, ki zagotavlja najbolj\u0161e udobje in varnost. Kopalni\u0161ki stol je na voljo v dveh \u0161irinah.<\/span><\/p>\n<p>&nbsp;<\/p>\n<table style=\"width: 459px\">\n<tbody>\n<tr>\n<td style=\"width: 325.2px\">Kopalni\u0161ki stol\u010dek Rufus \u0161irine 70 cm<\/td>\n<td style=\"width: 137.8px\">81506011<\/td>\n<\/tr>\n<tr>\n<td style=\"width: 325.2px\">Kopalni\u0161ki stol\u010dek Rufus \u0161irine 74 cm<\/td>\n<td style=\"width: 137.8px\">81506012<\/td>\n<\/tr>\n<\/tbody>\n<\/table>\n<p>&nbsp;<\/p>\n<table style=\"width: 441.983px;height: 416px\">\n<tbody>\n<tr style=\"height: 24px\">\n<td style=\"width: 214px;height: 24px\"><img decoding=\"async\" class=\"alignnone size-medium wp-image-1866\" src=\"https:\/\/www.mivam.com\/wp-content\/uploads\/2020\/10\/etac-rufus-bath-chair-environmental_548834-300x300.jpg\" alt=\"\" width=\"300\" height=\"300\" srcset=\"https:\/\/www.mivam.com\/wp-content\/uploads\/2020\/10\/etac-rufus-bath-chair-environmental_548834-300x300.jpg 300w, https:\/\/www.mivam.com\/wp-content\/uploads\/2020\/10\/etac-rufus-bath-chair-environmental_548834-600x600.jpg 600w, https:\/\/www.mivam.com\/wp-content\/uploads\/2020\/10\/etac-rufus-bath-chair-environmental_548834-150x150.jpg 150w, https:\/\/www.mivam.com\/wp-content\/uploads\/2020\/10\/etac-rufus-bath-chair-environmental_548834-768x768.jpg 768w, https:\/\/www.mivam.com\/wp-content\/uploads\/2020\/10\/etac-rufus-bath-chair-environmental_548834-1024x1024.jpg 1024w, https:\/\/www.mivam.com\/wp-content\/uploads\/2020\/10\/etac-rufus-bath-chair-environmental_548834-180x180.jpg 180w, https:\/\/www.mivam.com\/wp-content\/uploads\/2020\/10\/etac-rufus-bath-chair-environmental_548834.jpg 1280w\" sizes=\"(max-width: 300px) 100vw, 300px\" \/><\/td>\n<td style=\"width: 211.983px;height: 24px\"><img decoding=\"async\" class=\"alignnone size-medium wp-image-1868\" src=\"https:\/\/www.mivam.com\/wp-content\/uploads\/2020\/10\/etac-rufus-bath-chair-woman-environmental_548835-300x300.jpg\" alt=\"\" width=\"300\" height=\"300\" srcset=\"https:\/\/www.mivam.com\/wp-content\/uploads\/2020\/10\/etac-rufus-bath-chair-woman-environmental_548835-300x300.jpg 300w, https:\/\/www.mivam.com\/wp-content\/uploads\/2020\/10\/etac-rufus-bath-chair-woman-environmental_548835-600x600.jpg 600w, https:\/\/www.mivam.com\/wp-content\/uploads\/2020\/10\/etac-rufus-bath-chair-woman-environmental_548835-150x150.jpg 150w, https:\/\/www.mivam.com\/wp-content\/uploads\/2020\/10\/etac-rufus-bath-chair-woman-environmental_548835-768x768.jpg 768w, https:\/\/www.mivam.com\/wp-content\/uploads\/2020\/10\/etac-rufus-bath-chair-woman-environmental_548835-1024x1024.jpg 1024w, https:\/\/www.mivam.com\/wp-content\/uploads\/2020\/10\/etac-rufus-bath-chair-woman-environmental_548835-180x180.jpg 180w, https:\/\/www.mivam.com\/wp-content\/uploads\/2020\/10\/etac-rufus-bath-chair-woman-environmental_548835.jpg 1280w\" sizes=\"(max-width: 300px) 100vw, 300px\" \/><\/td>\n<\/tr>\n<tr style=\"height: 157.2px\">\n<td style=\"width: 214px;height: 157.2px\"><span class=\"tlid-translation translation\" lang=\"sl\"><strong><span class=\"\" title=\"\">Funkcionalno in varno<\/span><\/strong><\/span><\/p>\n<p><span class=\"\" title=\"\">Kopalni stol Etac Rufus je funkcionalen in varen pripomo\u010dek, ki olaj\u0161a sedenje v kopalnici.<\/span><\/td>\n<td style=\"width: 211.983px;height: 157.2px\"><span class=\"tlid-translation translation\" lang=\"sl\"><strong><span class=\"\" title=\"\">Naslon za hrbet<\/span><\/strong><\/span><\/p>\n<p><span class=\"\" title=\"\">Etac Rufus ima podporo za hrbet, da zagotovi najbolj\u0161e udobje in varnost.<\/span><\/td>\n<\/tr>\n<\/tbody>\n<\/table>\n<p><strong>Lastnosti<\/strong><\/p>\n<table style=\"width: 690.4px\">\n<tbody>\n<tr>\n<td style=\"width: 290px\">Sede\u017ena \u0161irina<\/td>\n<td style=\"width: 401.4px\">41&#215;40 cm<\/td>\n<\/tr>\n<tr>\n<td style=\"width: 290px\">Odprtina: globina x \u0161irina<\/td>\n<td style=\"width: 401.4px\">18,5 cm x 13 cm<\/td>\n<\/tr>\n<tr>\n<td style=\"width: 290px\">Te\u017ea<\/td>\n<td style=\"width: 401.4px\">3.2 kg<\/td>\n<\/tr>\n<tr>\n<td style=\"width: 290px\">Najve\u010dja dovoljena te\u017ea uporabnika<\/td>\n<td style=\"width: 401.4px\">130 kg<\/td>\n<\/tr>\n<tr>\n<td style=\"width: 290px\">Material<\/td>\n<td style=\"width: 401.4px\">Pobarvane jeklene cevi<\/p>\n<p><span class=\"tlid-translation translation\" lang=\"sl\"><span class=\"\" title=\"\">Sede\u017e: polipropilen z vgrajenimi aluminijastimi cevmi<\/span><\/span><\/td>\n<\/tr>\n<\/tbody>\n<\/table>\n<p><span class=\"tlid-translation translation\" lang=\"sl\"><strong><span class=\"\" title=\"\">Vzdr\u017eevanje<\/span><\/strong><\/span><\/p>\n<p><span class=\"\" title=\"\">Izdelek o\u010distite s \u010distilom brez topil (raven pH 5\u20139) ali s 70% raztopino razku\u017eila.<\/span><\/p>\n","protected":false},"excerpt":{"rendered":"<p>Udobno in varno sedenje Kopalni stol Etac Rufus zagotavlja vareno in udobno sedenje. Ima naslon za hrbet, ki zagotavlja najbolj\u0161e udobje in varnost. Kopalni\u0161ki stol je na voljo v dveh \u0161irinah. &nbsp; Kopalni\u0161ki stol\u010dek Rufus \u0161irine 70 cm 81506011 Kopalni\u0161ki stol\u010dek Rufus \u0161irine 74 cm 81506012 &nbsp; Funkcionalno in varno Kopalni stol Etac Rufus je funkcionalen in varen pripomo\u010dek, ki olaj\u0161a sedenje v kopalnici. Naslon za hrbet Etac Rufus ima podporo za hrbet, da zagotovi najbolj\u0161e udobje in varnost. Lastnosti Sede\u017ena \u0161irina 41&#215;40 cm Odprtina: globina x \u0161irina 18,5 cm x 13 cm Te\u017ea 3.2 kg Najve\u010dja dovoljena te\u017ea uporabnika 130 kg Material Pobarvane jeklene cevi Sede\u017e: polipropilen z vgrajenimi aluminijastimi cevmi Vzdr\u017eevanje Izdelek o\u010distite s \u010distilom brez topil (raven [&hellip;]<\/p>\n","protected":false},"featured_media":1867,"comment_status":"closed","ping_status":"closed","template":"","meta":[],"product_brand":[],"product_cat":[224,71],"product_tag":[338,470,100,674,673,677,675,676],"class_list":{"0":"post-1865","1":"product","2":"type-product","3":"status-publish","4":"has-post-thumbnail","6":"product_cat-kopalniski-pripomocki","7":"product_cat-dodatki-za-kopalnico","8":"product_tag-338","9":"product_tag-banja","10":"product_tag-etac","11":"product_tag-etac-rufus","12":"product_tag-rufus","13":"product_tag-stol-za-banjo","14":"product_tag-stol-za-kad","15":"product_tag-stolcek-za-kad","17":"first","18":"onbackorder","19":"taxable","20":"shipping-taxable","21":"product-type-simple"},"yoast_head":"<!-- This site is optimized with the Yoast SEO plugin v24.0 - https:\/\/yoast.com\/wordpress\/plugins\/seo\/ -->\n<title>Etac Rufus kopalni\u0161ki stol\u010dek - Mi Vam<\/title>\n<meta name=\"description\" content=\"Udobno in varno sedenje Kopalni stol Etac Rufus zagotavlja vareno in udobno sedenje. Ima naslon za hrbet, ki zagotavlja najbolj\u0161e udobje in varnost.\" \/>\n<meta name=\"robots\" content=\"index, follow, max-snippet:-1, max-image-preview:large, max-video-preview:-1\" \/>\n<link rel=\"canonical\" href=\"https:\/\/www.mivam.com\/izdelek\/etac-rufus-kopalniski-stolcek\/\" \/>\n<meta property=\"og:locale\" content=\"en_US\" \/>\n<meta property=\"og:type\" content=\"article\" \/>\n<meta property=\"og:title\" content=\"Etac Rufus kopalni\u0161ki stol\u010dek - Mi Vam\" \/>\n<meta property=\"og:description\" content=\"Udobno in varno sedenje Kopalni stol Etac Rufus zagotavlja vareno in udobno sedenje. Ima naslon za hrbet, ki zagotavlja najbolj\u0161e udobje in varnost.\" \/>\n<meta property=\"og:url\" content=\"https:\/\/www.mivam.com\/izdelek\/etac-rufus-kopalniski-stolcek\/\" \/>\n<meta property=\"og:site_name\" content=\"Mi Vam\" \/>\n<meta property=\"article:modified_time\" content=\"2025-06-17T13:49:53+00:00\" \/>\n<meta property=\"og:image\" content=\"https:\/\/www.mivam.com\/wp-content\/uploads\/2020\/10\/etac-rufus-bath-chair-main_548833.jpg\" \/>\n\t<meta property=\"og:image:width\" content=\"1280\" \/>\n\t<meta property=\"og:image:height\" content=\"1280\" \/>\n\t<meta property=\"og:image:type\" content=\"image\/jpeg\" \/>\n<meta name=\"twitter:card\" content=\"summary_large_image\" \/>\n<meta name=\"twitter:label1\" content=\"Est. reading time\" \/>\n\t<meta name=\"twitter:data1\" content=\"2 minutes\" \/>\n<script type=\"application\/ld+json\" class=\"yoast-schema-graph\">{\"@context\":\"https:\/\/schema.org\",\"@graph\":[{\"@type\":\"WebPage\",\"@id\":\"https:\/\/www.mivam.com\/izdelek\/etac-rufus-kopalniski-stolcek\/\",\"url\":\"https:\/\/www.mivam.com\/izdelek\/etac-rufus-kopalniski-stolcek\/\",\"name\":\"Etac Rufus kopalni\u0161ki stol\u010dek - Mi Vam\",\"isPartOf\":{\"@id\":\"https:\/\/www.mivam.com\/#website\"},\"primaryImageOfPage\":{\"@id\":\"https:\/\/www.mivam.com\/izdelek\/etac-rufus-kopalniski-stolcek\/#primaryimage\"},\"image\":{\"@id\":\"https:\/\/www.mivam.com\/izdelek\/etac-rufus-kopalniski-stolcek\/#primaryimage\"},\"thumbnailUrl\":\"https:\/\/www.mivam.com\/wp-content\/uploads\/2020\/10\/etac-rufus-bath-chair-main_548833.jpg\",\"datePublished\":\"2020-10-10T20:29:15+00:00\",\"dateModified\":\"2025-06-17T13:49:53+00:00\",\"description\":\"Udobno in varno sedenje Kopalni stol Etac Rufus zagotavlja vareno in udobno sedenje. Ima naslon za hrbet, ki zagotavlja najbolj\u0161e udobje in varnost.\",\"breadcrumb\":{\"@id\":\"https:\/\/www.mivam.com\/izdelek\/etac-rufus-kopalniski-stolcek\/#breadcrumb\"},\"inLanguage\":\"en-US\",\"potentialAction\":[{\"@type\":\"ReadAction\",\"target\":[\"https:\/\/www.mivam.com\/izdelek\/etac-rufus-kopalniski-stolcek\/\"]}]},{\"@type\":\"ImageObject\",\"inLanguage\":\"en-US\",\"@id\":\"https:\/\/www.mivam.com\/izdelek\/etac-rufus-kopalniski-stolcek\/#primaryimage\",\"url\":\"https:\/\/www.mivam.com\/wp-content\/uploads\/2020\/10\/etac-rufus-bath-chair-main_548833.jpg\",\"contentUrl\":\"https:\/\/www.mivam.com\/wp-content\/uploads\/2020\/10\/etac-rufus-bath-chair-main_548833.jpg\",\"width\":1280,\"height\":1280},{\"@type\":\"BreadcrumbList\",\"@id\":\"https:\/\/www.mivam.com\/izdelek\/etac-rufus-kopalniski-stolcek\/#breadcrumb\",\"itemListElement\":[{\"@type\":\"ListItem\",\"position\":1,\"name\":\"Domov\",\"item\":\"https:\/\/www.mivam.com\/\"},{\"@type\":\"ListItem\",\"position\":2,\"name\":\"Shop\",\"item\":\"https:\/\/www.mivam.com\/en\/shop\/\"},{\"@type\":\"ListItem\",\"position\":3,\"name\":\"Kopalni\u0161ki pripomo\u010dki\",\"item\":\"https:\/\/www.mivam.com\/kategorija-izdelka\/kopalniski-pripomocki\/\"},{\"@type\":\"ListItem\",\"position\":4,\"name\":\"Dodatki za kopalnico\",\"item\":\"https:\/\/www.mivam.com\/kategorija-izdelka\/kopalniski-pripomocki\/dodatki-za-kopalnico\/\"},{\"@type\":\"ListItem\",\"position\":5,\"name\":\"Etac Rufus kopalni\u0161ki stol\u010dek\"}]},{\"@type\":\"WebSite\",\"@id\":\"https:\/\/www.mivam.com\/#website\",\"url\":\"https:\/\/www.mivam.com\/\",\"name\":\"Mi Vam\",\"description\":\"Medicinski pripomo\u010dki in re\u0161itve za manj odvisno \u017eivljenje.\",\"potentialAction\":[{\"@type\":\"SearchAction\",\"target\":{\"@type\":\"EntryPoint\",\"urlTemplate\":\"https:\/\/www.mivam.com\/?s={search_term_string}\"},\"query-input\":{\"@type\":\"PropertyValueSpecification\",\"valueRequired\":true,\"valueName\":\"search_term_string\"}}],\"inLanguage\":\"en-US\"}]}<\/script>\n<!-- \/ Yoast SEO plugin. -->","yoast_head_json":{"title":"Etac Rufus kopalni\u0161ki stol\u010dek - Mi Vam","description":"Udobno in varno sedenje Kopalni stol Etac Rufus zagotavlja vareno in udobno sedenje. Ima naslon za hrbet, ki zagotavlja najbolj\u0161e udobje in varnost.","robots":{"index":"index","follow":"follow","max-snippet":"max-snippet:-1","max-image-preview":"max-image-preview:large","max-video-preview":"max-video-preview:-1"},"canonical":"https:\/\/www.mivam.com\/izdelek\/etac-rufus-kopalniski-stolcek\/","og_locale":"en_US","og_type":"article","og_title":"Etac Rufus kopalni\u0161ki stol\u010dek - Mi Vam","og_description":"Udobno in varno sedenje Kopalni stol Etac Rufus zagotavlja vareno in udobno sedenje. Ima naslon za hrbet, ki zagotavlja najbolj\u0161e udobje in varnost.","og_url":"https:\/\/www.mivam.com\/izdelek\/etac-rufus-kopalniski-stolcek\/","og_site_name":"Mi Vam","article_modified_time":"2025-06-17T13:49:53+00:00","og_image":[{"width":1280,"height":1280,"url":"https:\/\/www.mivam.com\/wp-content\/uploads\/2020\/10\/etac-rufus-bath-chair-main_548833.jpg","type":"image\/jpeg"}],"twitter_card":"summary_large_image","twitter_misc":{"Est. reading time":"2 minutes"},"schema":{"@context":"https:\/\/schema.org","@graph":[{"@type":"WebPage","@id":"https:\/\/www.mivam.com\/izdelek\/etac-rufus-kopalniski-stolcek\/","url":"https:\/\/www.mivam.com\/izdelek\/etac-rufus-kopalniski-stolcek\/","name":"Etac Rufus kopalni\u0161ki stol\u010dek - Mi Vam","isPartOf":{"@id":"https:\/\/www.mivam.com\/#website"},"primaryImageOfPage":{"@id":"https:\/\/www.mivam.com\/izdelek\/etac-rufus-kopalniski-stolcek\/#primaryimage"},"image":{"@id":"https:\/\/www.mivam.com\/izdelek\/etac-rufus-kopalniski-stolcek\/#primaryimage"},"thumbnailUrl":"https:\/\/www.mivam.com\/wp-content\/uploads\/2020\/10\/etac-rufus-bath-chair-main_548833.jpg","datePublished":"2020-10-10T20:29:15+00:00","dateModified":"2025-06-17T13:49:53+00:00","description":"Udobno in varno sedenje Kopalni stol Etac Rufus zagotavlja vareno in udobno sedenje. Ima naslon za hrbet, ki zagotavlja najbolj\u0161e udobje in varnost.","breadcrumb":{"@id":"https:\/\/www.mivam.com\/izdelek\/etac-rufus-kopalniski-stolcek\/#breadcrumb"},"inLanguage":"en-US","potentialAction":[{"@type":"ReadAction","target":["https:\/\/www.mivam.com\/izdelek\/etac-rufus-kopalniski-stolcek\/"]}]},{"@type":"ImageObject","inLanguage":"en-US","@id":"https:\/\/www.mivam.com\/izdelek\/etac-rufus-kopalniski-stolcek\/#primaryimage","url":"https:\/\/www.mivam.com\/wp-content\/uploads\/2020\/10\/etac-rufus-bath-chair-main_548833.jpg","contentUrl":"https:\/\/www.mivam.com\/wp-content\/uploads\/2020\/10\/etac-rufus-bath-chair-main_548833.jpg","width":1280,"height":1280},{"@type":"BreadcrumbList","@id":"https:\/\/www.mivam.com\/izdelek\/etac-rufus-kopalniski-stolcek\/#breadcrumb","itemListElement":[{"@type":"ListItem","position":1,"name":"Domov","item":"https:\/\/www.mivam.com\/"},{"@type":"ListItem","position":2,"name":"Shop","item":"https:\/\/www.mivam.com\/en\/shop\/"},{"@type":"ListItem","position":3,"name":"Kopalni\u0161ki pripomo\u010dki","item":"https:\/\/www.mivam.com\/kategorija-izdelka\/kopalniski-pripomocki\/"},{"@type":"ListItem","position":4,"name":"Dodatki za kopalnico","item":"https:\/\/www.mivam.com\/kategorija-izdelka\/kopalniski-pripomocki\/dodatki-za-kopalnico\/"},{"@type":"ListItem","position":5,"name":"Etac Rufus kopalni\u0161ki stol\u010dek"}]},{"@type":"WebSite","@id":"https:\/\/www.mivam.com\/#website","url":"https:\/\/www.mivam.com\/","name":"Mi Vam","description":"Medicinski pripomo\u010dki in re\u0161itve za manj odvisno \u017eivljenje.","potentialAction":[{"@type":"SearchAction","target":{"@type":"EntryPoint","urlTemplate":"https:\/\/www.mivam.com\/?s={search_term_string}"},"query-input":{"@type":"PropertyValueSpecification","valueRequired":true,"valueName":"search_term_string"}}],"inLanguage":"en-US"}]}},"_links":{"self":[{"href":"https:\/\/www.mivam.com\/en\/wp-json\/wp\/v2\/product\/1865","targetHints":{"allow":["GET"]}}],"collection":[{"href":"https:\/\/www.mivam.com\/en\/wp-json\/wp\/v2\/product"}],"about":[{"href":"https:\/\/www.mivam.com\/en\/wp-json\/wp\/v2\/types\/product"}],"replies":[{"embeddable":true,"href":"https:\/\/www.mivam.com\/en\/wp-json\/wp\/v2\/comments?post=1865"}],"wp:featuredmedia":[{"embeddable":true,"href":"https:\/\/www.mivam.com\/en\/wp-json\/wp\/v2\/media\/1867"}],"wp:attachment":[{"href":"https:\/\/www.mivam.com\/en\/wp-json\/wp\/v2\/media?parent=1865"}],"wp:term":[{"taxonomy":"product_brand","embeddable":true,"href":"https:\/\/www.mivam.com\/en\/wp-json\/wp\/v2\/product_brand?post=1865"},{"taxonomy":"product_cat","embeddable":true,"href":"https:\/\/www.mivam.com\/en\/wp-json\/wp\/v2\/product_cat?post=1865"},{"taxonomy":"product_tag","embeddable":true,"href":"https:\/\/www.mivam.com\/en\/wp-json\/wp\/v2\/product_tag?post=1865"}],"curies":[{"name":"wp","href":"https:\/\/api.w.org\/{rel}","templated":true}]}}