{"id":1855,"date":"2020-10-08T20:08:18","date_gmt":"2020-10-08T18:08:18","guid":{"rendered":"https:\/\/www.mivam.com\/?post_type=product&#038;p=1855"},"modified":"2024-11-21T12:19:26","modified_gmt":"2024-11-21T11:19:26","slug":"etac-relax-tusirni-stol","status":"publish","type":"product","link":"https:\/\/www.mivam.com\/en\/izdelek\/etac-relax-tusirni-stol\/","title":{"rendered":"Etac Relax tu\u0161irni stol"},"content":{"rendered":"<header id=\"gb\" class=\"gb_ta gb_1a gb_3e gb_Lc\" role=\"banner\">\n<div class=\"gb_ie\">\n<p><span class=\"tlid-translation translation\" lang=\"sl\"><span class=\"\" title=\"\">Eleganten sede\u017e za tu\u0161iranje, ki se lepo enostavno zlo\u017ei ob steno<\/span><\/span><\/p>\n<div class=\"text-wrap tlid-copy-target\">\n<div class=\"result-shield-container tlid-copy-target\" tabindex=\"0\"><span class=\"tlid-translation translation\" lang=\"sl\"><span class=\"tlid-translation translation\" lang=\"sl\"><br \/>\n<strong><span class=\"\" title=\"\">Podrobnosti<\/span><\/strong><\/span><\/span><span class=\"\" title=\"\">Tu\u0161irni sede\u017e Etac Relax je bil razvit skrbno in premi\u0161ljeno, da bo va\u0161e tu\u0161iranje prijetno.<\/span> <span class=\"\" title=\"\">Skandinavski minimalisti\u010dni dizajn vam zagotavlja maksimalno udobje elegantno kopalnico.<\/span><strong><span class=\"\" title=\"\">Preprosto prilagodljiv va\u0161im potrebam<\/span><\/strong><span title=\"\">Izberete lahko Etac Relax z ali brez opore za roke, podpornih nog ali opore za hrbet, ki odbija toploto.<\/span> <span title=\"\">Sede\u017e ima \u017eametno povr\u0161ino in blago konturo za ve\u010djo stabilnost in udobje.<\/span>\u00a0 <span title=\"\">Nosilci za roke zagotavljajo trden oprijem zaradi nedrse\u010dega premaza in ergonomske zasnove.<\/span> <span title=\"\">S podpornimi nogami je dodana nadaljnja stabilnost.<\/span><span title=\"\">Izberite belo ali vulkansko sivo barvo.<\/span><\/div>\n<\/div>\n<div tabindex=\"0\">\n<table style=\"width: 969px;\">\n<tbody>\n<tr>\n<td style=\"width: 252px;\"><img decoding=\"async\" class=\"size-medium wp-image-1858\" src=\"https:\/\/www.mivam.com\/wp-content\/uploads\/2020\/10\/etac-relax-shower-seat-soft-grip_548816-300x300.jpg\" alt=\"\" width=\"300\" height=\"300\" srcset=\"https:\/\/www.mivam.com\/wp-content\/uploads\/2020\/10\/etac-relax-shower-seat-soft-grip_548816-300x300.jpg 300w, https:\/\/www.mivam.com\/wp-content\/uploads\/2020\/10\/etac-relax-shower-seat-soft-grip_548816-600x600.jpg 600w, https:\/\/www.mivam.com\/wp-content\/uploads\/2020\/10\/etac-relax-shower-seat-soft-grip_548816-150x150.jpg 150w, https:\/\/www.mivam.com\/wp-content\/uploads\/2020\/10\/etac-relax-shower-seat-soft-grip_548816-768x768.jpg 768w, https:\/\/www.mivam.com\/wp-content\/uploads\/2020\/10\/etac-relax-shower-seat-soft-grip_548816-1024x1024.jpg 1024w, https:\/\/www.mivam.com\/wp-content\/uploads\/2020\/10\/etac-relax-shower-seat-soft-grip_548816-180x180.jpg 180w, https:\/\/www.mivam.com\/wp-content\/uploads\/2020\/10\/etac-relax-shower-seat-soft-grip_548816.jpg 1280w\" sizes=\"(max-width: 300px) 100vw, 300px\" \/><\/td>\n<td style=\"width: 325.633px;\"><img decoding=\"async\" class=\"alignnone size-medium wp-image-1857\" src=\"https:\/\/www.mivam.com\/wp-content\/uploads\/2020\/10\/etac-relax-functional-design_562466-300x300.jpg\" alt=\"\" width=\"300\" height=\"300\" srcset=\"https:\/\/www.mivam.com\/wp-content\/uploads\/2020\/10\/etac-relax-functional-design_562466-300x300.jpg 300w, https:\/\/www.mivam.com\/wp-content\/uploads\/2020\/10\/etac-relax-functional-design_562466-600x600.jpg 600w, https:\/\/www.mivam.com\/wp-content\/uploads\/2020\/10\/etac-relax-functional-design_562466-150x150.jpg 150w, https:\/\/www.mivam.com\/wp-content\/uploads\/2020\/10\/etac-relax-functional-design_562466-768x768.jpg 768w, https:\/\/www.mivam.com\/wp-content\/uploads\/2020\/10\/etac-relax-functional-design_562466-1024x1024.jpg 1024w, https:\/\/www.mivam.com\/wp-content\/uploads\/2020\/10\/etac-relax-functional-design_562466-180x180.jpg 180w, https:\/\/www.mivam.com\/wp-content\/uploads\/2020\/10\/etac-relax-functional-design_562466.jpg 1280w\" sizes=\"(max-width: 300px) 100vw, 300px\" \/><\/td>\n<td style=\"width: 398.367px;\"><img decoding=\"async\" class=\"alignnone size-medium wp-image-1856\" src=\"https:\/\/www.mivam.com\/wp-content\/uploads\/2020\/10\/etac-relax-folded_548817-300x300.jpg\" alt=\"\" width=\"300\" height=\"300\" srcset=\"https:\/\/www.mivam.com\/wp-content\/uploads\/2020\/10\/etac-relax-folded_548817-300x300.jpg 300w, https:\/\/www.mivam.com\/wp-content\/uploads\/2020\/10\/etac-relax-folded_548817-600x600.jpg 600w, https:\/\/www.mivam.com\/wp-content\/uploads\/2020\/10\/etac-relax-folded_548817-150x150.jpg 150w, https:\/\/www.mivam.com\/wp-content\/uploads\/2020\/10\/etac-relax-folded_548817-768x768.jpg 768w, https:\/\/www.mivam.com\/wp-content\/uploads\/2020\/10\/etac-relax-folded_548817-1024x1024.jpg 1024w, https:\/\/www.mivam.com\/wp-content\/uploads\/2020\/10\/etac-relax-folded_548817-180x180.jpg 180w, https:\/\/www.mivam.com\/wp-content\/uploads\/2020\/10\/etac-relax-folded_548817.jpg 1280w\" sizes=\"(max-width: 300px) 100vw, 300px\" \/><\/td>\n<\/tr>\n<tr>\n<td style=\"width: 252px;\"><span class=\"tlid-translation translation\" lang=\"sl\"><strong><span class=\"\" title=\"\">Enostaven oprijem za roke<\/span><\/strong><\/span><\/p>\n<p><span class=\"\" title=\"\">Oblika in material\u00a0zlo\u017eljivih nosilcev\u00a0\u00a0 zagotavljata varen oprijem.<\/span><\/td>\n<td style=\"width: 325.633px;\"><span class=\"tlid-translation translation\" lang=\"sl\"><strong><span class=\"\" title=\"\">Funkcionalna zasnova<\/span><\/strong><\/span><\/p>\n<p><span title=\"\">Oblika sede\u017ea ponuja razli\u010dne polo\u017eaje sedenja.<br \/>\n<\/span><\/td>\n<td style=\"width: 398.367px;\">\u00a0<strong>V<\/strong><span class=\"tlid-translation translation\" lang=\"sl\"><strong><span class=\"\" title=\"\">elik, stabilen sede\u017e<\/span><\/strong><\/span><\/p>\n<p><span class=\"\" title=\"\">Velik in stabilen sede\u017e v zlo\u017eenem polo\u017eaju ter izjemno diskreten v zlo\u017eenem polo\u017eaju.<\/span><\/td>\n<\/tr>\n<\/tbody>\n<\/table>\n<\/div>\n<div class=\"tlid-result-transliteration-container result-transliteration-container transliteration-container\"><\/div>\n<div class=\"container\"><strong>\u00a0Splo\u0161ne lastnosti<\/strong><\/div>\n<\/div>\n<\/header>\n<div class=\"tlid-source-target main-header small-font\">\n<table style=\"width: 572px;\">\n<tbody>\n<tr style=\"height: 24px;\">\n<td style=\"width: 379.117px; height: 24px;\">Globina<\/td>\n<td style=\"width: 455.883px; height: 24px;\">45 cm<\/td>\n<\/tr>\n<tr style=\"height: 24px;\">\n<td style=\"width: 379.117px; height: 24px;\">Globina (zlo\u017eena)<\/td>\n<td style=\"width: 455.883px; height: 24px;\">8 cm<\/td>\n<\/tr>\n<tr style=\"height: 24px;\">\n<td style=\"width: 379.117px; height: 24px;\">Sede\u017ena vi\u0161ina s podporama<\/td>\n<td style=\"width: 455.883px; height: 24px;\">45-55 cm<\/td>\n<\/tr>\n<tr style=\"height: 24px;\">\n<td style=\"width: 379.117px; height: 24px;\">\u0160irina<\/td>\n<td style=\"width: 455.883px; height: 24px;\">40 cm<\/td>\n<\/tr>\n<tr style=\"height: 45.3001px;\">\n<td style=\"width: 379.117px; height: 45.3001px;\">Zunanja \u0161irina s naslonoma za roki<\/td>\n<td style=\"width: 455.883px; height: 45.3001px;\">53 cm<\/td>\n<\/tr>\n<tr style=\"height: 24px;\">\n<td style=\"width: 379.117px; height: 24px;\">Barva<\/td>\n<td style=\"width: 455.883px; height: 24px;\">Bela, vulkansko siva<\/td>\n<\/tr>\n<tr style=\"height: 24px;\">\n<td style=\"width: 379.117px; height: 24px;\">Najve\u0107ja te\u017ea uporabnika<\/td>\n<td style=\"width: 455.883px; height: 24px;\">Z\/brez podpornih nog 150\/125 kg<\/td>\n<\/tr>\n<tr style=\"height: 24px;\">\n<td style=\"width: 379.117px; height: 24px;\">Material<\/td>\n<td style=\"width: 455.883px; height: 24px;\">Sede\u017e: polipropilen<\/p>\n<p>Naslon za roki: polipropilen in PTE<\/p>\n<p>Podporni nogi: aluminij in nerjave\u010de jeklo<\/p>\n<p>Obro\u010dki: TPE<\/td>\n<\/tr>\n<\/tbody>\n<\/table>\n<\/div>\n<div class=\"sl-wrap\"><\/div>\n<h4 class=\"swap-wrap\">\u00a0<strong>Mo\u017enosti-variante<\/strong><\/h4>\n<div class=\"tl-sugg\">\n<table style=\"width: 691px;\">\n<tbody>\n<tr>\n<td style=\"width: 502.867px;\">Bela<\/td>\n<td style=\"width: 190.133px;\">81703010<\/td>\n<\/tr>\n<tr>\n<td style=\"width: 502.867px;\">Bela z naslonom za roki<\/td>\n<td style=\"width: 190.133px;\">81703020<\/td>\n<\/tr>\n<tr>\n<td style=\"width: 502.867px;\">Bela s podporama<\/td>\n<td style=\"width: 190.133px;\">81703030<\/td>\n<\/tr>\n<tr>\n<td style=\"width: 502.867px;\">Bela z naslonom za roki in naslonom za hrbet<\/td>\n<td style=\"width: 190.133px;\">81703060<\/td>\n<\/tr>\n<tr>\n<td style=\"width: 502.867px;\">Bela z naslonom za roki in podporama<\/td>\n<td style=\"width: 190.133px;\">81703040<\/td>\n<\/tr>\n<tr>\n<td style=\"width: 502.867px;\">Bela z naslonom za roki, naslonom za hrbet in podporama<\/td>\n<td style=\"width: 190.133px;\">81703050<\/td>\n<\/tr>\n<tr>\n<td style=\"width: 502.867px;\">Vulkansko siva<\/td>\n<td style=\"width: 190.133px;\">81708000<\/td>\n<\/tr>\n<tr>\n<td style=\"width: 502.867px;\">Vulkansko siva z naslonom za roki<\/td>\n<td style=\"width: 190.133px;\">81708010<\/td>\n<\/tr>\n<tr>\n<td style=\"width: 502.867px;\">Vulkansko siva s podporama<\/td>\n<td style=\"width: 190.133px;\">81708020<\/td>\n<\/tr>\n<tr>\n<td style=\"width: 502.867px;\">Vulkansko siva z naslonom za roki in naslonom za hrbet<\/td>\n<td style=\"width: 190.133px;\">81708050<\/td>\n<\/tr>\n<tr>\n<td style=\"width: 502.867px;\">Vulkansko siva z naslonom za roki in podporama<\/td>\n<td style=\"width: 190.133px;\">81708030<\/td>\n<\/tr>\n<tr>\n<td style=\"width: 502.867px;\">Vulkansko siva z naslonom za roki, naslonom za hrbet in podporama<\/td>\n<td style=\"width: 190.133px;\">81708040<\/td>\n<\/tr>\n<\/tbody>\n<\/table>\n<\/div>\n<div class=\"tlid-language-bar ls-wrap\"><\/div>\n<div class=\"source-wrap\"><\/div>\n<div class=\"tlid-source-transliteration-container source-transliteration-container transliteration-container\">\u00a0<strong>Video povezave YouTube:<\/strong><\/div>\n<div><\/div>\n<div><iframe src=\"\/\/www.youtube.com\/embed\/RIo1h_HD8gg\" width=\"560\" height=\"314\" allowfullscreen=\"allowfullscreen\"><\/iframe><\/div>\n<div><\/div>\n<div><iframe src=\"\/\/www.youtube.com\/embed\/BYWkweVHsaE\" width=\"560\" height=\"314\" allowfullscreen=\"allowfullscreen\"><\/iframe><\/div>\n<div class=\"source-footer-wrap source-or-target-footer\"><\/div>\n<div class=\"character-count tlid-character-count\"><\/div>\n<div class=\"container\">\u00a0Mo\u017eni dodatki so na voljo na spletni strani: <a href=\"https:\/\/www.etac.com\/products\/bathing-showering\/etac-relax-shower-seat\/#accessories\">https:\/\/www.etac.com\/products\/bathing-showering\/etac-relax-shower-seat\/#accessories<\/a><\/div>\n<div><\/div>\n<h1><\/h1>\n<p>&nbsp;<\/p>\n","protected":false},"excerpt":{"rendered":"<p>Eleganten sede\u017e za tu\u0161iranje, ki se lepo enostavno zlo\u017ei ob steno PodrobnostiTu\u0161irni sede\u017e Etac Relax je bil razvit skrbno in premi\u0161ljeno, da bo va\u0161e tu\u0161iranje prijetno. Skandinavski minimalisti\u010dni dizajn vam zagotavlja maksimalno udobje elegantno kopalnico.Preprosto prilagodljiv va\u0161im potrebamIzberete lahko Etac Relax z ali brez opore za roke, podpornih nog ali opore za hrbet, ki odbija toploto. Sede\u017e ima \u017eametno povr\u0161ino in blago konturo za ve\u010djo stabilnost in udobje.\u00a0 Nosilci za roke zagotavljajo trden oprijem zaradi nedrse\u010dega premaza in ergonomske zasnove. S podpornimi nogami je dodana nadaljnja stabilnost.Izberite belo ali vulkansko sivo barvo. Enostaven oprijem za roke Oblika in material\u00a0zlo\u017eljivih nosilcev\u00a0\u00a0 zagotavljata varen oprijem. Funkcionalna zasnova Oblika sede\u017ea ponuja razli\u010dne polo\u017eaje sedenja. \u00a0Velik, stabilen sede\u017e Velik in stabilen sede\u017e v zlo\u017eenem [&hellip;]<\/p>\n","protected":false},"featured_media":1857,"comment_status":"closed","ping_status":"closed","template":"","meta":[],"product_brand":[],"product_cat":[224,71],"product_tag":[],"class_list":{"0":"post-1855","1":"product","2":"type-product","3":"status-publish","4":"has-post-thumbnail","6":"product_cat-kopalniski-pripomocki","7":"product_cat-dodatki-za-kopalnico","9":"first","10":"instock","11":"taxable","12":"shipping-taxable","13":"product-type-simple"},"yoast_head":"<!-- This site is optimized with the Yoast SEO plugin v24.0 - https:\/\/yoast.com\/wordpress\/plugins\/seo\/ -->\n<title>Etac Relax tu\u0161irni stol - Mi Vam<\/title>\n<meta name=\"description\" content=\"Eleganten sede\u017e za tu\u0161iranje, ki se lepo enostavno zlo\u017ei ob steno PodrobnostiTu\u0161irni sede\u017e Etac Relax je bil razvit skrbno in premi\u0161ljeno, da bo va\u0161e\" \/>\n<meta name=\"robots\" content=\"index, follow, max-snippet:-1, max-image-preview:large, max-video-preview:-1\" \/>\n<link rel=\"canonical\" href=\"https:\/\/www.mivam.com\/izdelek\/etac-relax-tusirni-stol\/\" \/>\n<meta property=\"og:locale\" content=\"en_US\" \/>\n<meta property=\"og:type\" content=\"article\" \/>\n<meta property=\"og:title\" content=\"Etac Relax tu\u0161irni stol - Mi Vam\" \/>\n<meta property=\"og:description\" content=\"Eleganten sede\u017e za tu\u0161iranje, ki se lepo enostavno zlo\u017ei ob steno PodrobnostiTu\u0161irni sede\u017e Etac Relax je bil razvit skrbno in premi\u0161ljeno, da bo va\u0161e\" \/>\n<meta property=\"og:url\" content=\"https:\/\/www.mivam.com\/izdelek\/etac-relax-tusirni-stol\/\" \/>\n<meta property=\"og:site_name\" content=\"Mi Vam\" \/>\n<meta property=\"article:modified_time\" content=\"2024-11-21T11:19:26+00:00\" \/>\n<meta property=\"og:image\" content=\"https:\/\/www.mivam.com\/wp-content\/uploads\/2020\/10\/etac-relax-functional-design_562466.jpg\" \/>\n\t<meta property=\"og:image:width\" content=\"1280\" \/>\n\t<meta property=\"og:image:height\" content=\"1280\" \/>\n\t<meta property=\"og:image:type\" content=\"image\/jpeg\" \/>\n<meta name=\"twitter:card\" content=\"summary_large_image\" \/>\n<meta name=\"twitter:label1\" content=\"Est. reading time\" \/>\n\t<meta name=\"twitter:data1\" content=\"2 minutes\" \/>\n<script type=\"application\/ld+json\" class=\"yoast-schema-graph\">{\"@context\":\"https:\/\/schema.org\",\"@graph\":[{\"@type\":\"WebPage\",\"@id\":\"https:\/\/www.mivam.com\/izdelek\/etac-relax-tusirni-stol\/\",\"url\":\"https:\/\/www.mivam.com\/izdelek\/etac-relax-tusirni-stol\/\",\"name\":\"Etac Relax tu\u0161irni stol - Mi Vam\",\"isPartOf\":{\"@id\":\"https:\/\/www.mivam.com\/#website\"},\"primaryImageOfPage\":{\"@id\":\"https:\/\/www.mivam.com\/izdelek\/etac-relax-tusirni-stol\/#primaryimage\"},\"image\":{\"@id\":\"https:\/\/www.mivam.com\/izdelek\/etac-relax-tusirni-stol\/#primaryimage\"},\"thumbnailUrl\":\"https:\/\/www.mivam.com\/wp-content\/uploads\/2020\/10\/etac-relax-functional-design_562466.jpg\",\"datePublished\":\"2020-10-08T18:08:18+00:00\",\"dateModified\":\"2024-11-21T11:19:26+00:00\",\"description\":\"Eleganten sede\u017e za tu\u0161iranje, ki se lepo enostavno zlo\u017ei ob steno PodrobnostiTu\u0161irni sede\u017e Etac Relax je bil razvit skrbno in premi\u0161ljeno, da bo va\u0161e\",\"breadcrumb\":{\"@id\":\"https:\/\/www.mivam.com\/izdelek\/etac-relax-tusirni-stol\/#breadcrumb\"},\"inLanguage\":\"en-US\",\"potentialAction\":[{\"@type\":\"ReadAction\",\"target\":[\"https:\/\/www.mivam.com\/izdelek\/etac-relax-tusirni-stol\/\"]}]},{\"@type\":\"ImageObject\",\"inLanguage\":\"en-US\",\"@id\":\"https:\/\/www.mivam.com\/izdelek\/etac-relax-tusirni-stol\/#primaryimage\",\"url\":\"https:\/\/www.mivam.com\/wp-content\/uploads\/2020\/10\/etac-relax-functional-design_562466.jpg\",\"contentUrl\":\"https:\/\/www.mivam.com\/wp-content\/uploads\/2020\/10\/etac-relax-functional-design_562466.jpg\",\"width\":1280,\"height\":1280},{\"@type\":\"BreadcrumbList\",\"@id\":\"https:\/\/www.mivam.com\/izdelek\/etac-relax-tusirni-stol\/#breadcrumb\",\"itemListElement\":[{\"@type\":\"ListItem\",\"position\":1,\"name\":\"Domov\",\"item\":\"https:\/\/www.mivam.com\/\"},{\"@type\":\"ListItem\",\"position\":2,\"name\":\"Shop\",\"item\":\"https:\/\/www.mivam.com\/en\/shop\/\"},{\"@type\":\"ListItem\",\"position\":3,\"name\":\"Kopalni\u0161ki pripomo\u010dki\",\"item\":\"https:\/\/www.mivam.com\/kategorija-izdelka\/kopalniski-pripomocki\/\"},{\"@type\":\"ListItem\",\"position\":4,\"name\":\"Dodatki za kopalnico\",\"item\":\"https:\/\/www.mivam.com\/kategorija-izdelka\/kopalniski-pripomocki\/dodatki-za-kopalnico\/\"},{\"@type\":\"ListItem\",\"position\":5,\"name\":\"Etac Relax tu\u0161irni stol\"}]},{\"@type\":\"WebSite\",\"@id\":\"https:\/\/www.mivam.com\/#website\",\"url\":\"https:\/\/www.mivam.com\/\",\"name\":\"Mi Vam\",\"description\":\"Medicinski pripomo\u010dki in re\u0161itve za manj odvisno \u017eivljenje.\",\"potentialAction\":[{\"@type\":\"SearchAction\",\"target\":{\"@type\":\"EntryPoint\",\"urlTemplate\":\"https:\/\/www.mivam.com\/?s={search_term_string}\"},\"query-input\":{\"@type\":\"PropertyValueSpecification\",\"valueRequired\":true,\"valueName\":\"search_term_string\"}}],\"inLanguage\":\"en-US\"}]}<\/script>\n<!-- \/ Yoast SEO plugin. -->","yoast_head_json":{"title":"Etac Relax tu\u0161irni stol - Mi Vam","description":"Eleganten sede\u017e za tu\u0161iranje, ki se lepo enostavno zlo\u017ei ob steno PodrobnostiTu\u0161irni sede\u017e Etac Relax je bil razvit skrbno in premi\u0161ljeno, da bo va\u0161e","robots":{"index":"index","follow":"follow","max-snippet":"max-snippet:-1","max-image-preview":"max-image-preview:large","max-video-preview":"max-video-preview:-1"},"canonical":"https:\/\/www.mivam.com\/izdelek\/etac-relax-tusirni-stol\/","og_locale":"en_US","og_type":"article","og_title":"Etac Relax tu\u0161irni stol - Mi Vam","og_description":"Eleganten sede\u017e za tu\u0161iranje, ki se lepo enostavno zlo\u017ei ob steno PodrobnostiTu\u0161irni sede\u017e Etac Relax je bil razvit skrbno in premi\u0161ljeno, da bo va\u0161e","og_url":"https:\/\/www.mivam.com\/izdelek\/etac-relax-tusirni-stol\/","og_site_name":"Mi Vam","article_modified_time":"2024-11-21T11:19:26+00:00","og_image":[{"width":1280,"height":1280,"url":"https:\/\/www.mivam.com\/wp-content\/uploads\/2020\/10\/etac-relax-functional-design_562466.jpg","type":"image\/jpeg"}],"twitter_card":"summary_large_image","twitter_misc":{"Est. reading time":"2 minutes"},"schema":{"@context":"https:\/\/schema.org","@graph":[{"@type":"WebPage","@id":"https:\/\/www.mivam.com\/izdelek\/etac-relax-tusirni-stol\/","url":"https:\/\/www.mivam.com\/izdelek\/etac-relax-tusirni-stol\/","name":"Etac Relax tu\u0161irni stol - Mi Vam","isPartOf":{"@id":"https:\/\/www.mivam.com\/#website"},"primaryImageOfPage":{"@id":"https:\/\/www.mivam.com\/izdelek\/etac-relax-tusirni-stol\/#primaryimage"},"image":{"@id":"https:\/\/www.mivam.com\/izdelek\/etac-relax-tusirni-stol\/#primaryimage"},"thumbnailUrl":"https:\/\/www.mivam.com\/wp-content\/uploads\/2020\/10\/etac-relax-functional-design_562466.jpg","datePublished":"2020-10-08T18:08:18+00:00","dateModified":"2024-11-21T11:19:26+00:00","description":"Eleganten sede\u017e za tu\u0161iranje, ki se lepo enostavno zlo\u017ei ob steno PodrobnostiTu\u0161irni sede\u017e Etac Relax je bil razvit skrbno in premi\u0161ljeno, da bo va\u0161e","breadcrumb":{"@id":"https:\/\/www.mivam.com\/izdelek\/etac-relax-tusirni-stol\/#breadcrumb"},"inLanguage":"en-US","potentialAction":[{"@type":"ReadAction","target":["https:\/\/www.mivam.com\/izdelek\/etac-relax-tusirni-stol\/"]}]},{"@type":"ImageObject","inLanguage":"en-US","@id":"https:\/\/www.mivam.com\/izdelek\/etac-relax-tusirni-stol\/#primaryimage","url":"https:\/\/www.mivam.com\/wp-content\/uploads\/2020\/10\/etac-relax-functional-design_562466.jpg","contentUrl":"https:\/\/www.mivam.com\/wp-content\/uploads\/2020\/10\/etac-relax-functional-design_562466.jpg","width":1280,"height":1280},{"@type":"BreadcrumbList","@id":"https:\/\/www.mivam.com\/izdelek\/etac-relax-tusirni-stol\/#breadcrumb","itemListElement":[{"@type":"ListItem","position":1,"name":"Domov","item":"https:\/\/www.mivam.com\/"},{"@type":"ListItem","position":2,"name":"Shop","item":"https:\/\/www.mivam.com\/en\/shop\/"},{"@type":"ListItem","position":3,"name":"Kopalni\u0161ki pripomo\u010dki","item":"https:\/\/www.mivam.com\/kategorija-izdelka\/kopalniski-pripomocki\/"},{"@type":"ListItem","position":4,"name":"Dodatki za kopalnico","item":"https:\/\/www.mivam.com\/kategorija-izdelka\/kopalniski-pripomocki\/dodatki-za-kopalnico\/"},{"@type":"ListItem","position":5,"name":"Etac Relax tu\u0161irni stol"}]},{"@type":"WebSite","@id":"https:\/\/www.mivam.com\/#website","url":"https:\/\/www.mivam.com\/","name":"Mi Vam","description":"Medicinski pripomo\u010dki in re\u0161itve za manj odvisno \u017eivljenje.","potentialAction":[{"@type":"SearchAction","target":{"@type":"EntryPoint","urlTemplate":"https:\/\/www.mivam.com\/?s={search_term_string}"},"query-input":{"@type":"PropertyValueSpecification","valueRequired":true,"valueName":"search_term_string"}}],"inLanguage":"en-US"}]}},"_links":{"self":[{"href":"https:\/\/www.mivam.com\/en\/wp-json\/wp\/v2\/product\/1855","targetHints":{"allow":["GET"]}}],"collection":[{"href":"https:\/\/www.mivam.com\/en\/wp-json\/wp\/v2\/product"}],"about":[{"href":"https:\/\/www.mivam.com\/en\/wp-json\/wp\/v2\/types\/product"}],"replies":[{"embeddable":true,"href":"https:\/\/www.mivam.com\/en\/wp-json\/wp\/v2\/comments?post=1855"}],"wp:featuredmedia":[{"embeddable":true,"href":"https:\/\/www.mivam.com\/en\/wp-json\/wp\/v2\/media\/1857"}],"wp:attachment":[{"href":"https:\/\/www.mivam.com\/en\/wp-json\/wp\/v2\/media?parent=1855"}],"wp:term":[{"taxonomy":"product_brand","embeddable":true,"href":"https:\/\/www.mivam.com\/en\/wp-json\/wp\/v2\/product_brand?post=1855"},{"taxonomy":"product_cat","embeddable":true,"href":"https:\/\/www.mivam.com\/en\/wp-json\/wp\/v2\/product_cat?post=1855"},{"taxonomy":"product_tag","embeddable":true,"href":"https:\/\/www.mivam.com\/en\/wp-json\/wp\/v2\/product_tag?post=1855"}],"curies":[{"name":"wp","href":"https:\/\/api.w.org\/{rel}","templated":true}]}}