{"id":1852,"date":"2020-10-08T15:08:01","date_gmt":"2020-10-08T13:08:01","guid":{"rendered":"https:\/\/www.mivam.com\/?post_type=product&#038;p=1852"},"modified":"2025-06-17T15:08:34","modified_gmt":"2025-06-17T13:08:34","slug":"invalidski-vozicek-dolphin","status":"publish","type":"product","link":"https:\/\/www.mivam.com\/en\/izdelek\/invalidski-vozicek-dolphin\/","title":{"rendered":"Vozi\u010dek Dolphin"},"content":{"rendered":"<div class=\"wpb-content-wrapper\"><p>[vc_row][vc_column][vc_column_text]<span class=\"tlid-translation translation\" lang=\"sl\"><span class=\"\" title=\"\">Zlo\u017eljiv invalidski vozi\u010dek na ro\u010dni pogon.<\/span> <span class=\"\" title=\"\">Mo\u017enost nastavitve po vi\u0161ini, dvi\u017eni in snemljivi nasloni za roke.<\/span> <span class=\"\" title=\"\">Podno\u017ene plo\u0161\u010de so nastavljive po dol\u017eini, kotu in odstranljive.<\/span> <span class=\"\" title=\"\">Invalidski vozi\u010dek je standardno opremljen z vi\u0161insko nastavljivimi ro\u010daji in sede\u017eno blazino.<\/span> <span class=\"\" title=\"\">Mo\u017eno je prilagoditi globino sede\u017ea. <\/span><\/span>Mo\u017eno je nastaviti polo\u017eaj zadnji koles po vi\u0161ini in globini ( aktivna pozicija spredaj, srednja pozicija in pasivna pozicija zadaj) , njegove sprednje vilice pa vklju\u010dujejo nastavitev kota. Priporo\u010dljivo je za bolnike po amputacijah nog. Dolphin predstavlja znano evropsko blagovno znamko.<\/p>\n<p><span class=\"tlid-translation translation\" lang=\"sl\"><span title=\"\">Dodatna oprema: bobnaste zavore z ro\u010dicami za spremljevalca<\/span><br \/>\n<span title=\"\">Najve\u010dja obremeniev, pove\u010dano do 200 kg v \u0161irini sede\u017eev 54 cm in 57 cm.<\/span><\/span><\/p>\n<p><strong>Vozi\u010dek in blazino je mo\u017eno dobiti na naro\u010dilnico.<\/strong><\/p>\n<p><strong>Tehni\u010dne specifikacije<\/strong><\/p>\n<table>\n<tbody>\n<tr>\n<td width=\"398\">Sede\u017ena \u0161irina<\/td>\n<td width=\"398\">40, 44, 48, 51 cm<\/td>\n<\/tr>\n<tr>\n<td width=\"398\">Sede\u017ena globina<\/td>\n<td width=\"398\">42-48 cm<\/td>\n<\/tr>\n<tr>\n<td width=\"398\">Vi\u0161ina hrbta<\/td>\n<td width=\"398\">44 cm<\/td>\n<\/tr>\n<tr>\n<td width=\"398\">Skupna \u0161irina<\/td>\n<td width=\"398\">60,3; 64,3; 68,3; 71,3 cm<\/td>\n<\/tr>\n<tr>\n<td width=\"398\">Vi\u0161ina sede\u017ea od tal<\/td>\n<td width=\"398\">45-52,5 cm<\/td>\n<\/tr>\n<tr>\n<td width=\"398\">Vi\u0161ina od sede\u017ea do podno\u017ene plo\u0161\u010de<\/td>\n<td width=\"398\">34-48 cm<\/td>\n<\/tr>\n<tr>\n<td width=\"398\">Skupna te\u017ea<\/td>\n<td width=\"398\">16,75 kg<\/td>\n<\/tr>\n<tr>\n<td width=\"398\">Maksimalna te\u017ea uporabnika<\/td>\n<td width=\"398\">150 kg<\/td>\n<\/tr>\n<tr>\n<td width=\"398\">Sprednja kolesa velikost<\/td>\n<td width=\"398\">200 x 45 mm<br \/>\n(PU) \u2013 nepredrljiva kolesa<\/td>\n<\/tr>\n<tr>\n<td width=\"398\">Pogonska kolesa velikost<\/td>\n<td width=\"398\">24 x 1 3\/8<br \/>\n(PU) \u2013 nepredrljiva kolesa<\/td>\n<\/tr>\n<\/tbody>\n<\/table>\n<p>[\/vc_column_text][\/vc_column][\/vc_row]<\/p>\n<\/div>","protected":false},"excerpt":{"rendered":"<p>Osnovni aktivni invalidski vozi\u010dek na ro\u010dni pogon razli\u010dnih \u0161irin. Globina in vi\u0161ina sede\u017ea nastavljiva znotraj vseh modelov.<\/p>\n","protected":false},"featured_media":1853,"comment_status":"closed","ping_status":"closed","template":"","meta":[],"product_brand":[],"product_cat":[222,36],"product_tag":[653,651,45,654,47,194,652,215],"class_list":{"0":"post-1852","1":"product","2":"type-product","3":"status-publish","4":"has-post-thumbnail","6":"product_cat-invalidski-vozicki-in-skuterji","7":"product_cat-invalidski-vozicki-na-rocni-pogon","8":"product_tag-653","9":"product_tag-dolphin","10":"product_tag-invalidski-vozicek","11":"product_tag-mobilex","12":"product_tag-rocni-pogon","13":"product_tag-vozicek","14":"product_tag-vozicek-na-rocni-pogon","15":"product_tag-zzzs","17":"first","18":"instock","19":"taxable","20":"shipping-taxable","21":"product-type-simple"},"yoast_head":"<!-- This site is optimized with the Yoast SEO plugin v24.0 - https:\/\/yoast.com\/wordpress\/plugins\/seo\/ -->\n<title>Vozi\u010dek Dolphin - Mi Vam<\/title>\n<meta name=\"description\" content=\"Osnovni aktivni invalidski vozi\u010dek na ro\u010dni pogon razli\u010dnih \u0161irin. Globina in vi\u0161ina sede\u017ea nastavljiva znotraj vseh modelov.\" \/>\n<meta name=\"robots\" content=\"index, follow, max-snippet:-1, max-image-preview:large, max-video-preview:-1\" \/>\n<link rel=\"canonical\" href=\"https:\/\/www.mivam.com\/izdelek\/invalidski-vozicek-dolphin\/\" \/>\n<meta property=\"og:locale\" content=\"en_US\" \/>\n<meta property=\"og:type\" content=\"article\" \/>\n<meta property=\"og:title\" content=\"Vozi\u010dek Dolphin - Mi Vam\" \/>\n<meta property=\"og:description\" content=\"Osnovni aktivni invalidski vozi\u010dek na ro\u010dni pogon razli\u010dnih \u0161irin. Globina in vi\u0161ina sede\u017ea nastavljiva znotraj vseh modelov.\" \/>\n<meta property=\"og:url\" content=\"https:\/\/www.mivam.com\/izdelek\/invalidski-vozicek-dolphin\/\" \/>\n<meta property=\"og:site_name\" content=\"Mi Vam\" \/>\n<meta property=\"article:modified_time\" content=\"2025-06-17T13:08:34+00:00\" \/>\n<meta property=\"og:image\" content=\"https:\/\/www.mivam.com\/wp-content\/uploads\/2020\/10\/dolphin-1.jpg\" \/>\n\t<meta property=\"og:image:width\" content=\"784\" \/>\n\t<meta property=\"og:image:height\" content=\"797\" \/>\n\t<meta property=\"og:image:type\" content=\"image\/jpeg\" \/>\n<meta name=\"twitter:card\" content=\"summary_large_image\" \/>\n<meta name=\"twitter:label1\" content=\"Est. reading time\" \/>\n\t<meta name=\"twitter:data1\" content=\"2 minutes\" \/>\n<script type=\"application\/ld+json\" class=\"yoast-schema-graph\">{\"@context\":\"https:\/\/schema.org\",\"@graph\":[{\"@type\":\"WebPage\",\"@id\":\"https:\/\/www.mivam.com\/izdelek\/invalidski-vozicek-dolphin\/\",\"url\":\"https:\/\/www.mivam.com\/izdelek\/invalidski-vozicek-dolphin\/\",\"name\":\"Vozi\u010dek Dolphin - Mi Vam\",\"isPartOf\":{\"@id\":\"https:\/\/www.mivam.com\/#website\"},\"primaryImageOfPage\":{\"@id\":\"https:\/\/www.mivam.com\/izdelek\/invalidski-vozicek-dolphin\/#primaryimage\"},\"image\":{\"@id\":\"https:\/\/www.mivam.com\/izdelek\/invalidski-vozicek-dolphin\/#primaryimage\"},\"thumbnailUrl\":\"https:\/\/www.mivam.com\/wp-content\/uploads\/2020\/10\/dolphin-1.jpg\",\"datePublished\":\"2020-10-08T13:08:01+00:00\",\"dateModified\":\"2025-06-17T13:08:34+00:00\",\"description\":\"Osnovni aktivni invalidski vozi\u010dek na ro\u010dni pogon razli\u010dnih \u0161irin. Globina in vi\u0161ina sede\u017ea nastavljiva znotraj vseh modelov.\",\"breadcrumb\":{\"@id\":\"https:\/\/www.mivam.com\/izdelek\/invalidski-vozicek-dolphin\/#breadcrumb\"},\"inLanguage\":\"en-US\",\"potentialAction\":[{\"@type\":\"ReadAction\",\"target\":[\"https:\/\/www.mivam.com\/izdelek\/invalidski-vozicek-dolphin\/\"]}]},{\"@type\":\"ImageObject\",\"inLanguage\":\"en-US\",\"@id\":\"https:\/\/www.mivam.com\/izdelek\/invalidski-vozicek-dolphin\/#primaryimage\",\"url\":\"https:\/\/www.mivam.com\/wp-content\/uploads\/2020\/10\/dolphin-1.jpg\",\"contentUrl\":\"https:\/\/www.mivam.com\/wp-content\/uploads\/2020\/10\/dolphin-1.jpg\",\"width\":784,\"height\":797},{\"@type\":\"BreadcrumbList\",\"@id\":\"https:\/\/www.mivam.com\/izdelek\/invalidski-vozicek-dolphin\/#breadcrumb\",\"itemListElement\":[{\"@type\":\"ListItem\",\"position\":1,\"name\":\"Domov\",\"item\":\"https:\/\/www.mivam.com\/\"},{\"@type\":\"ListItem\",\"position\":2,\"name\":\"Shop\",\"item\":\"https:\/\/www.mivam.com\/en\/shop\/\"},{\"@type\":\"ListItem\",\"position\":3,\"name\":\"Invalidski vozi\u010dki in skuterji\",\"item\":\"https:\/\/www.mivam.com\/kategorija-izdelka\/invalidski-vozicki-in-skuterji\/\"},{\"@type\":\"ListItem\",\"position\":4,\"name\":\"Invalidski vozi\u010dki na ro\u010dni pogon\",\"item\":\"https:\/\/www.mivam.com\/kategorija-izdelka\/invalidski-vozicki-in-skuterji\/invalidski-vozicki-na-rocni-pogon\/\"},{\"@type\":\"ListItem\",\"position\":5,\"name\":\"Vozi\u010dek Dolphin\"}]},{\"@type\":\"WebSite\",\"@id\":\"https:\/\/www.mivam.com\/#website\",\"url\":\"https:\/\/www.mivam.com\/\",\"name\":\"Mi Vam\",\"description\":\"Medicinski pripomo\u010dki in re\u0161itve za manj odvisno \u017eivljenje.\",\"potentialAction\":[{\"@type\":\"SearchAction\",\"target\":{\"@type\":\"EntryPoint\",\"urlTemplate\":\"https:\/\/www.mivam.com\/?s={search_term_string}\"},\"query-input\":{\"@type\":\"PropertyValueSpecification\",\"valueRequired\":true,\"valueName\":\"search_term_string\"}}],\"inLanguage\":\"en-US\"}]}<\/script>\n<!-- \/ Yoast SEO plugin. -->","yoast_head_json":{"title":"Vozi\u010dek Dolphin - Mi Vam","description":"Osnovni aktivni invalidski vozi\u010dek na ro\u010dni pogon razli\u010dnih \u0161irin. Globina in vi\u0161ina sede\u017ea nastavljiva znotraj vseh modelov.","robots":{"index":"index","follow":"follow","max-snippet":"max-snippet:-1","max-image-preview":"max-image-preview:large","max-video-preview":"max-video-preview:-1"},"canonical":"https:\/\/www.mivam.com\/izdelek\/invalidski-vozicek-dolphin\/","og_locale":"en_US","og_type":"article","og_title":"Vozi\u010dek Dolphin - Mi Vam","og_description":"Osnovni aktivni invalidski vozi\u010dek na ro\u010dni pogon razli\u010dnih \u0161irin. Globina in vi\u0161ina sede\u017ea nastavljiva znotraj vseh modelov.","og_url":"https:\/\/www.mivam.com\/izdelek\/invalidski-vozicek-dolphin\/","og_site_name":"Mi Vam","article_modified_time":"2025-06-17T13:08:34+00:00","og_image":[{"width":784,"height":797,"url":"https:\/\/www.mivam.com\/wp-content\/uploads\/2020\/10\/dolphin-1.jpg","type":"image\/jpeg"}],"twitter_card":"summary_large_image","twitter_misc":{"Est. reading time":"2 minutes"},"schema":{"@context":"https:\/\/schema.org","@graph":[{"@type":"WebPage","@id":"https:\/\/www.mivam.com\/izdelek\/invalidski-vozicek-dolphin\/","url":"https:\/\/www.mivam.com\/izdelek\/invalidski-vozicek-dolphin\/","name":"Vozi\u010dek Dolphin - Mi Vam","isPartOf":{"@id":"https:\/\/www.mivam.com\/#website"},"primaryImageOfPage":{"@id":"https:\/\/www.mivam.com\/izdelek\/invalidski-vozicek-dolphin\/#primaryimage"},"image":{"@id":"https:\/\/www.mivam.com\/izdelek\/invalidski-vozicek-dolphin\/#primaryimage"},"thumbnailUrl":"https:\/\/www.mivam.com\/wp-content\/uploads\/2020\/10\/dolphin-1.jpg","datePublished":"2020-10-08T13:08:01+00:00","dateModified":"2025-06-17T13:08:34+00:00","description":"Osnovni aktivni invalidski vozi\u010dek na ro\u010dni pogon razli\u010dnih \u0161irin. Globina in vi\u0161ina sede\u017ea nastavljiva znotraj vseh modelov.","breadcrumb":{"@id":"https:\/\/www.mivam.com\/izdelek\/invalidski-vozicek-dolphin\/#breadcrumb"},"inLanguage":"en-US","potentialAction":[{"@type":"ReadAction","target":["https:\/\/www.mivam.com\/izdelek\/invalidski-vozicek-dolphin\/"]}]},{"@type":"ImageObject","inLanguage":"en-US","@id":"https:\/\/www.mivam.com\/izdelek\/invalidski-vozicek-dolphin\/#primaryimage","url":"https:\/\/www.mivam.com\/wp-content\/uploads\/2020\/10\/dolphin-1.jpg","contentUrl":"https:\/\/www.mivam.com\/wp-content\/uploads\/2020\/10\/dolphin-1.jpg","width":784,"height":797},{"@type":"BreadcrumbList","@id":"https:\/\/www.mivam.com\/izdelek\/invalidski-vozicek-dolphin\/#breadcrumb","itemListElement":[{"@type":"ListItem","position":1,"name":"Domov","item":"https:\/\/www.mivam.com\/"},{"@type":"ListItem","position":2,"name":"Shop","item":"https:\/\/www.mivam.com\/en\/shop\/"},{"@type":"ListItem","position":3,"name":"Invalidski vozi\u010dki in skuterji","item":"https:\/\/www.mivam.com\/kategorija-izdelka\/invalidski-vozicki-in-skuterji\/"},{"@type":"ListItem","position":4,"name":"Invalidski vozi\u010dki na ro\u010dni pogon","item":"https:\/\/www.mivam.com\/kategorija-izdelka\/invalidski-vozicki-in-skuterji\/invalidski-vozicki-na-rocni-pogon\/"},{"@type":"ListItem","position":5,"name":"Vozi\u010dek Dolphin"}]},{"@type":"WebSite","@id":"https:\/\/www.mivam.com\/#website","url":"https:\/\/www.mivam.com\/","name":"Mi Vam","description":"Medicinski pripomo\u010dki in re\u0161itve za manj odvisno \u017eivljenje.","potentialAction":[{"@type":"SearchAction","target":{"@type":"EntryPoint","urlTemplate":"https:\/\/www.mivam.com\/?s={search_term_string}"},"query-input":{"@type":"PropertyValueSpecification","valueRequired":true,"valueName":"search_term_string"}}],"inLanguage":"en-US"}]}},"_links":{"self":[{"href":"https:\/\/www.mivam.com\/en\/wp-json\/wp\/v2\/product\/1852","targetHints":{"allow":["GET"]}}],"collection":[{"href":"https:\/\/www.mivam.com\/en\/wp-json\/wp\/v2\/product"}],"about":[{"href":"https:\/\/www.mivam.com\/en\/wp-json\/wp\/v2\/types\/product"}],"replies":[{"embeddable":true,"href":"https:\/\/www.mivam.com\/en\/wp-json\/wp\/v2\/comments?post=1852"}],"wp:featuredmedia":[{"embeddable":true,"href":"https:\/\/www.mivam.com\/en\/wp-json\/wp\/v2\/media\/1853"}],"wp:attachment":[{"href":"https:\/\/www.mivam.com\/en\/wp-json\/wp\/v2\/media?parent=1852"}],"wp:term":[{"taxonomy":"product_brand","embeddable":true,"href":"https:\/\/www.mivam.com\/en\/wp-json\/wp\/v2\/product_brand?post=1852"},{"taxonomy":"product_cat","embeddable":true,"href":"https:\/\/www.mivam.com\/en\/wp-json\/wp\/v2\/product_cat?post=1852"},{"taxonomy":"product_tag","embeddable":true,"href":"https:\/\/www.mivam.com\/en\/wp-json\/wp\/v2\/product_tag?post=1852"}],"curies":[{"name":"wp","href":"https:\/\/api.w.org\/{rel}","templated":true}]}}