{"id":1843,"date":"2020-10-08T14:18:07","date_gmt":"2020-10-08T12:18:07","guid":{"rendered":"https:\/\/www.mivam.com\/?post_type=product&#038;p=1843"},"modified":"2025-06-17T15:55:08","modified_gmt":"2025-06-17T13:55:08","slug":"etac-rex-podpora-pritrjena-na-steno","status":"publish","type":"product","link":"https:\/\/www.mivam.com\/en\/izdelek\/etac-rex-podpora-pritrjena-na-steno\/","title":{"rendered":"Etac Rex podpora pritrjena na steno"},"content":{"rendered":"<p><span class=\"tlid-translation translation\" lang=\"sl\"><strong><span class=\"\" title=\"\">Podpora za vas<\/span><\/strong><\/span><\/p>\n<p><span title=\"\">Etac Rex je na voljo v treh razli\u010dnih dol\u017einah in v razli\u010dicah z ali brez podpornih nog.<\/span> <span title=\"\">Izberite model, ki ustreza vam, va\u0161i kopalnici in va\u0161im zahtevam.<\/span> <span title=\"\">Z lahkoto ga pritrdite na steno in se dobro vklopi v va\u0161o kopalnico.<\/span><\/p>\n<p><strong><span title=\"\">Primerno za vse kopalnice<\/span><\/strong><\/p>\n<p><span title=\"\">Pametna zasnova zagotavlja, da nosilci za roke v zlo\u017eenem polo\u017eaju zavzamejo zelo malo prostora.<\/span> <span title=\"\">So blizu stene in ne ovirajo.<\/span> <span title=\"\">Poleg tega jih je zaradi njihove posebne oblike vedno enostavno dose\u010di in prijeti.<\/span> <span title=\"\">Zasnovani so tudi tako, da zagotavljajo ne\u017een in gladek postopek zlaganja.<\/span><\/p>\n<p><strong>Lastnosti<\/strong><\/p>\n<table style=\"width: 831.583px\">\n<tbody>\n<tr>\n<td style=\"width: 207px\"><img decoding=\"async\" class=\"alignnone size-medium wp-image-1845\" src=\"https:\/\/www.mivam.com\/wp-content\/uploads\/2020\/10\/etac-rex-grip_566241-300x300.jpg\" alt=\"\" width=\"300\" height=\"300\" srcset=\"https:\/\/www.mivam.com\/wp-content\/uploads\/2020\/10\/etac-rex-grip_566241-300x300.jpg 300w, https:\/\/www.mivam.com\/wp-content\/uploads\/2020\/10\/etac-rex-grip_566241-600x600.jpg 600w, https:\/\/www.mivam.com\/wp-content\/uploads\/2020\/10\/etac-rex-grip_566241-150x150.jpg 150w, https:\/\/www.mivam.com\/wp-content\/uploads\/2020\/10\/etac-rex-grip_566241-768x768.jpg 768w, https:\/\/www.mivam.com\/wp-content\/uploads\/2020\/10\/etac-rex-grip_566241-1024x1024.jpg 1024w, https:\/\/www.mivam.com\/wp-content\/uploads\/2020\/10\/etac-rex-grip_566241-180x180.jpg 180w, https:\/\/www.mivam.com\/wp-content\/uploads\/2020\/10\/etac-rex-grip_566241.jpg 1280w\" sizes=\"(max-width: 300px) 100vw, 300px\" \/><\/td>\n<td style=\"width: 211px\"><img decoding=\"async\" class=\"alignnone size-medium wp-image-1847\" src=\"https:\/\/www.mivam.com\/wp-content\/uploads\/2020\/10\/etac-rex-stable-and-secure_566242-300x300.jpg\" alt=\"\" width=\"300\" height=\"300\" srcset=\"https:\/\/www.mivam.com\/wp-content\/uploads\/2020\/10\/etac-rex-stable-and-secure_566242-300x300.jpg 300w, https:\/\/www.mivam.com\/wp-content\/uploads\/2020\/10\/etac-rex-stable-and-secure_566242-600x600.jpg 600w, https:\/\/www.mivam.com\/wp-content\/uploads\/2020\/10\/etac-rex-stable-and-secure_566242-150x150.jpg 150w, https:\/\/www.mivam.com\/wp-content\/uploads\/2020\/10\/etac-rex-stable-and-secure_566242-768x768.jpg 768w, https:\/\/www.mivam.com\/wp-content\/uploads\/2020\/10\/etac-rex-stable-and-secure_566242-1024x1024.jpg 1024w, https:\/\/www.mivam.com\/wp-content\/uploads\/2020\/10\/etac-rex-stable-and-secure_566242-180x180.jpg 180w, https:\/\/www.mivam.com\/wp-content\/uploads\/2020\/10\/etac-rex-stable-and-secure_566242.jpg 1280w\" sizes=\"(max-width: 300px) 100vw, 300px\" \/><\/td>\n<td style=\"width: 209px\"><img decoding=\"async\" class=\"alignnone size-medium wp-image-1844\" src=\"https:\/\/www.mivam.com\/wp-content\/uploads\/2020\/10\/etac-rex-easy-to-clean_566243-300x300.jpg\" alt=\"\" width=\"300\" height=\"300\" srcset=\"https:\/\/www.mivam.com\/wp-content\/uploads\/2020\/10\/etac-rex-easy-to-clean_566243-300x300.jpg 300w, https:\/\/www.mivam.com\/wp-content\/uploads\/2020\/10\/etac-rex-easy-to-clean_566243-600x600.jpg 600w, https:\/\/www.mivam.com\/wp-content\/uploads\/2020\/10\/etac-rex-easy-to-clean_566243-150x150.jpg 150w, https:\/\/www.mivam.com\/wp-content\/uploads\/2020\/10\/etac-rex-easy-to-clean_566243-768x768.jpg 768w, https:\/\/www.mivam.com\/wp-content\/uploads\/2020\/10\/etac-rex-easy-to-clean_566243-1024x1024.jpg 1024w, https:\/\/www.mivam.com\/wp-content\/uploads\/2020\/10\/etac-rex-easy-to-clean_566243-180x180.jpg 180w, https:\/\/www.mivam.com\/wp-content\/uploads\/2020\/10\/etac-rex-easy-to-clean_566243.jpg 1280w\" sizes=\"(max-width: 300px) 100vw, 300px\" \/><\/td>\n<td style=\"width: 211.583px\"><img decoding=\"async\" class=\"alignnone size-medium wp-image-1846\" src=\"https:\/\/www.mivam.com\/wp-content\/uploads\/2020\/10\/etac-rex-light-weight_566244-300x300.jpg\" alt=\"\" width=\"300\" height=\"300\" srcset=\"https:\/\/www.mivam.com\/wp-content\/uploads\/2020\/10\/etac-rex-light-weight_566244-300x300.jpg 300w, https:\/\/www.mivam.com\/wp-content\/uploads\/2020\/10\/etac-rex-light-weight_566244-600x600.jpg 600w, https:\/\/www.mivam.com\/wp-content\/uploads\/2020\/10\/etac-rex-light-weight_566244-150x150.jpg 150w, https:\/\/www.mivam.com\/wp-content\/uploads\/2020\/10\/etac-rex-light-weight_566244-768x768.jpg 768w, https:\/\/www.mivam.com\/wp-content\/uploads\/2020\/10\/etac-rex-light-weight_566244-1024x1024.jpg 1024w, https:\/\/www.mivam.com\/wp-content\/uploads\/2020\/10\/etac-rex-light-weight_566244-180x180.jpg 180w, https:\/\/www.mivam.com\/wp-content\/uploads\/2020\/10\/etac-rex-light-weight_566244.jpg 1280w\" sizes=\"(max-width: 300px) 100vw, 300px\" \/><\/td>\n<\/tr>\n<tr>\n<td style=\"width: 207px\"><strong>\u00a0<\/strong><span class=\"tlid-translation translation\" lang=\"sl\"><strong><span class=\"\" title=\"\">Udoben oprijem<\/span><\/strong><\/span><\/p>\n<p><span title=\"\">Trikotna oblika opore za roke zagotavlja stabilen in udoben oprijem.<\/span><\/td>\n<td style=\"width: 211px\">\u00a0<strong>S<\/strong><span class=\"tlid-translation translation\" lang=\"sl\"><strong><span class=\"\" title=\"\">tabilno in varno<\/span><\/strong><\/span><\/p>\n<p><span class=\"\" title=\"\">Etac Rex je na voljo tudi z nosilnimi nogami, \u010de je potrebna dodatna stabilnost.<\/span><\/td>\n<td style=\"width: 209px\">\u00a0<span class=\"tlid-translation translation\" lang=\"sl\"><strong><span class=\"\" title=\"\">Enostavno \u010di\u0161\u010denje<\/span><\/strong><\/span><\/p>\n<p><span title=\"\">Povr\u0161ina je enostavna za \u010di\u0161\u010denje.<\/span><\/td>\n<td style=\"width: 211.583px\"><strong>\u00a0<\/strong><span class=\"tlid-translation translation\" lang=\"sl\"><strong><span class=\"\" title=\"\">Pametno oblikovanje<\/span><\/strong><\/span><\/p>\n<p><span class=\"\" title=\"\">Ko se naslona za roki zlo\u017eita, zavzameta zelo malo prostora.<\/span><\/td>\n<\/tr>\n<\/tbody>\n<\/table>\n<table style=\"width: 416px\">\n<tbody>\n<tr>\n<td style=\"width: 226.9px\">Dol\u017eina<\/td>\n<td style=\"width: 195.1px\">60 cm, 70 cm, 85 cm<\/td>\n<\/tr>\n<tr>\n<td style=\"width: 226.9px\">Te\u017ea<\/td>\n<td style=\"width: 195.1px\">60 cm: 2,7 kg<\/p>\n<p>70 cm: 2,9 kg<\/p>\n<p>85 cm: 3,3 kg<\/p>\n<p>70 cm s podporo: 3,6 kg<\/p>\n<p>85 cm s podporo: 4 kg<\/td>\n<\/tr>\n<tr>\n<td style=\"width: 226.9px\">Najve\u010dja dovoljena te\u017ea uporabnika<\/td>\n<td style=\"width: 195.1px\">Etac Rex 60 cm, 70 cm: 135 kg<\/p>\n<p>Etac Rex 85 cm: 100 kg<\/p>\n<p>S podporno nogo: 150 kg<\/td>\n<\/tr>\n<tr>\n<td style=\"width: 226.9px\">Material<\/td>\n<td style=\"width: 195.1px\">Aluminij, poliuretan, ABS plastika, polipropilen.<\/p>\n<p>Podporna noga: Aluminij, poliamid, nerjave\u010de jeklo<\/td>\n<\/tr>\n<\/tbody>\n<\/table>\n<h3><strong>Variante<\/strong><\/h3>\n<table style=\"width: 422.8px\">\n<tbody>\n<tr>\n<td style=\"width: 240px\">60 cm<\/td>\n<td style=\"width: 187.8px\">81705010<\/td>\n<\/tr>\n<tr>\n<td style=\"width: 240px\">70 cm<\/td>\n<td style=\"width: 187.8px\">81705020<\/td>\n<\/tr>\n<tr>\n<td style=\"width: 240px\">70 cm s podporo<\/td>\n<td style=\"width: 187.8px\">81705030<\/td>\n<\/tr>\n<tr>\n<td style=\"width: 240px\">85 cm<\/td>\n<td style=\"width: 187.8px\">81705040<\/td>\n<\/tr>\n<tr>\n<td style=\"width: 240px\">85 cm s podporo<\/td>\n<td style=\"width: 187.8px\">81705050<\/td>\n<\/tr>\n<\/tbody>\n<\/table>\n<p>Video povezave YouTube:<\/p>\n<p>Mo\u017eni dodatki so na voljo na spletni strani: <a href=\"https:\/\/www.etac.com\/products\/toileting\/etac-rex-wall-mounted-toilet-arm-support\/#accessories\">https:\/\/www.etac.com\/products\/toileting\/etac-rex-wall-mounted-toilet-arm-support\/#accessories<\/a><\/p>\n","protected":false},"excerpt":{"rendered":"<p>Nasloni za roke REX &#8211; proizvajalca ETAC, razli\u010dnih dol\u017ein. Odmi\u010dni in z dodatnimi nogami za dodatno nosilnost.<\/p>\n","protected":false},"featured_media":1850,"comment_status":"closed","ping_status":"closed","template":"","meta":[],"product_brand":[],"product_cat":[224,71],"product_tag":[683,100,682,454,686,685,684,358,343],"class_list":{"0":"post-1843","1":"product","2":"type-product","3":"status-publish","4":"has-post-thumbnail","6":"product_cat-kopalniski-pripomocki","7":"product_cat-dodatki-za-kopalnico","8":"product_tag-drzalo-za-roke","9":"product_tag-etac","10":"product_tag-etac-rex","11":"product_tag-kopalnica","12":"product_tag-mocni-nasloni-za-roke","13":"product_tag-naslon-z-nogami","14":"product_tag-naslon-za-roke","15":"product_tag-rex","16":"product_tag-wc","18":"first","19":"instock","20":"taxable","21":"shipping-taxable","22":"product-type-simple"},"yoast_head":"<!-- This site is optimized with the Yoast SEO plugin v24.0 - https:\/\/yoast.com\/wordpress\/plugins\/seo\/ -->\n<title>Etac Rex podpora pritrjena na steno - Mi Vam<\/title>\n<meta name=\"description\" content=\"Nasloni za roke REX - proizvajalca ETAC, razli\u010dnih dol\u017ein. Odmi\u010dni in z dodatnimi nogami za dodatno nosilnost.\" \/>\n<meta name=\"robots\" content=\"index, follow, max-snippet:-1, max-image-preview:large, max-video-preview:-1\" \/>\n<link rel=\"canonical\" href=\"https:\/\/www.mivam.com\/izdelek\/etac-rex-podpora-pritrjena-na-steno\/\" \/>\n<meta property=\"og:locale\" content=\"en_US\" \/>\n<meta property=\"og:type\" content=\"article\" \/>\n<meta property=\"og:title\" content=\"Etac Rex podpora pritrjena na steno - Mi Vam\" \/>\n<meta property=\"og:description\" content=\"Nasloni za roke REX - proizvajalca ETAC, razli\u010dnih dol\u017ein. Odmi\u010dni in z dodatnimi nogami za dodatno nosilnost.\" \/>\n<meta property=\"og:url\" content=\"https:\/\/www.mivam.com\/izdelek\/etac-rex-podpora-pritrjena-na-steno\/\" \/>\n<meta property=\"og:site_name\" content=\"Mi Vam\" \/>\n<meta property=\"article:modified_time\" content=\"2025-06-17T13:55:08+00:00\" \/>\n<meta property=\"og:image\" content=\"https:\/\/www.mivam.com\/wp-content\/uploads\/2020\/10\/etac-rex-environmental-leg-supports_566308.jpg\" \/>\n\t<meta property=\"og:image:width\" content=\"1280\" \/>\n\t<meta property=\"og:image:height\" content=\"1280\" \/>\n\t<meta property=\"og:image:type\" content=\"image\/jpeg\" \/>\n<meta name=\"twitter:card\" content=\"summary_large_image\" \/>\n<meta name=\"twitter:label1\" content=\"Est. reading time\" \/>\n\t<meta name=\"twitter:data1\" content=\"3 minutes\" \/>\n<script type=\"application\/ld+json\" class=\"yoast-schema-graph\">{\"@context\":\"https:\/\/schema.org\",\"@graph\":[{\"@type\":\"WebPage\",\"@id\":\"https:\/\/www.mivam.com\/izdelek\/etac-rex-podpora-pritrjena-na-steno\/\",\"url\":\"https:\/\/www.mivam.com\/izdelek\/etac-rex-podpora-pritrjena-na-steno\/\",\"name\":\"Etac Rex podpora pritrjena na steno - Mi Vam\",\"isPartOf\":{\"@id\":\"https:\/\/www.mivam.com\/#website\"},\"primaryImageOfPage\":{\"@id\":\"https:\/\/www.mivam.com\/izdelek\/etac-rex-podpora-pritrjena-na-steno\/#primaryimage\"},\"image\":{\"@id\":\"https:\/\/www.mivam.com\/izdelek\/etac-rex-podpora-pritrjena-na-steno\/#primaryimage\"},\"thumbnailUrl\":\"https:\/\/www.mivam.com\/wp-content\/uploads\/2020\/10\/etac-rex-environmental-leg-supports_566308.jpg\",\"datePublished\":\"2020-10-08T12:18:07+00:00\",\"dateModified\":\"2025-06-17T13:55:08+00:00\",\"description\":\"Nasloni za roke REX - proizvajalca ETAC, razli\u010dnih dol\u017ein. Odmi\u010dni in z dodatnimi nogami za dodatno nosilnost.\",\"breadcrumb\":{\"@id\":\"https:\/\/www.mivam.com\/izdelek\/etac-rex-podpora-pritrjena-na-steno\/#breadcrumb\"},\"inLanguage\":\"en-US\",\"potentialAction\":[{\"@type\":\"ReadAction\",\"target\":[\"https:\/\/www.mivam.com\/izdelek\/etac-rex-podpora-pritrjena-na-steno\/\"]}]},{\"@type\":\"ImageObject\",\"inLanguage\":\"en-US\",\"@id\":\"https:\/\/www.mivam.com\/izdelek\/etac-rex-podpora-pritrjena-na-steno\/#primaryimage\",\"url\":\"https:\/\/www.mivam.com\/wp-content\/uploads\/2020\/10\/etac-rex-environmental-leg-supports_566308.jpg\",\"contentUrl\":\"https:\/\/www.mivam.com\/wp-content\/uploads\/2020\/10\/etac-rex-environmental-leg-supports_566308.jpg\",\"width\":1280,\"height\":1280},{\"@type\":\"BreadcrumbList\",\"@id\":\"https:\/\/www.mivam.com\/izdelek\/etac-rex-podpora-pritrjena-na-steno\/#breadcrumb\",\"itemListElement\":[{\"@type\":\"ListItem\",\"position\":1,\"name\":\"Domov\",\"item\":\"https:\/\/www.mivam.com\/\"},{\"@type\":\"ListItem\",\"position\":2,\"name\":\"Shop\",\"item\":\"https:\/\/www.mivam.com\/en\/shop\/\"},{\"@type\":\"ListItem\",\"position\":3,\"name\":\"Kopalni\u0161ki pripomo\u010dki\",\"item\":\"https:\/\/www.mivam.com\/kategorija-izdelka\/kopalniski-pripomocki\/\"},{\"@type\":\"ListItem\",\"position\":4,\"name\":\"Dodatki za kopalnico\",\"item\":\"https:\/\/www.mivam.com\/kategorija-izdelka\/kopalniski-pripomocki\/dodatki-za-kopalnico\/\"},{\"@type\":\"ListItem\",\"position\":5,\"name\":\"Etac Rex podpora pritrjena na steno\"}]},{\"@type\":\"WebSite\",\"@id\":\"https:\/\/www.mivam.com\/#website\",\"url\":\"https:\/\/www.mivam.com\/\",\"name\":\"Mi Vam\",\"description\":\"Medicinski pripomo\u010dki in re\u0161itve za manj odvisno \u017eivljenje.\",\"potentialAction\":[{\"@type\":\"SearchAction\",\"target\":{\"@type\":\"EntryPoint\",\"urlTemplate\":\"https:\/\/www.mivam.com\/?s={search_term_string}\"},\"query-input\":{\"@type\":\"PropertyValueSpecification\",\"valueRequired\":true,\"valueName\":\"search_term_string\"}}],\"inLanguage\":\"en-US\"}]}<\/script>\n<!-- \/ Yoast SEO plugin. -->","yoast_head_json":{"title":"Etac Rex podpora pritrjena na steno - Mi Vam","description":"Nasloni za roke REX - proizvajalca ETAC, razli\u010dnih dol\u017ein. Odmi\u010dni in z dodatnimi nogami za dodatno nosilnost.","robots":{"index":"index","follow":"follow","max-snippet":"max-snippet:-1","max-image-preview":"max-image-preview:large","max-video-preview":"max-video-preview:-1"},"canonical":"https:\/\/www.mivam.com\/izdelek\/etac-rex-podpora-pritrjena-na-steno\/","og_locale":"en_US","og_type":"article","og_title":"Etac Rex podpora pritrjena na steno - Mi Vam","og_description":"Nasloni za roke REX - proizvajalca ETAC, razli\u010dnih dol\u017ein. Odmi\u010dni in z dodatnimi nogami za dodatno nosilnost.","og_url":"https:\/\/www.mivam.com\/izdelek\/etac-rex-podpora-pritrjena-na-steno\/","og_site_name":"Mi Vam","article_modified_time":"2025-06-17T13:55:08+00:00","og_image":[{"width":1280,"height":1280,"url":"https:\/\/www.mivam.com\/wp-content\/uploads\/2020\/10\/etac-rex-environmental-leg-supports_566308.jpg","type":"image\/jpeg"}],"twitter_card":"summary_large_image","twitter_misc":{"Est. reading time":"3 minutes"},"schema":{"@context":"https:\/\/schema.org","@graph":[{"@type":"WebPage","@id":"https:\/\/www.mivam.com\/izdelek\/etac-rex-podpora-pritrjena-na-steno\/","url":"https:\/\/www.mivam.com\/izdelek\/etac-rex-podpora-pritrjena-na-steno\/","name":"Etac Rex podpora pritrjena na steno - Mi Vam","isPartOf":{"@id":"https:\/\/www.mivam.com\/#website"},"primaryImageOfPage":{"@id":"https:\/\/www.mivam.com\/izdelek\/etac-rex-podpora-pritrjena-na-steno\/#primaryimage"},"image":{"@id":"https:\/\/www.mivam.com\/izdelek\/etac-rex-podpora-pritrjena-na-steno\/#primaryimage"},"thumbnailUrl":"https:\/\/www.mivam.com\/wp-content\/uploads\/2020\/10\/etac-rex-environmental-leg-supports_566308.jpg","datePublished":"2020-10-08T12:18:07+00:00","dateModified":"2025-06-17T13:55:08+00:00","description":"Nasloni za roke REX - proizvajalca ETAC, razli\u010dnih dol\u017ein. Odmi\u010dni in z dodatnimi nogami za dodatno nosilnost.","breadcrumb":{"@id":"https:\/\/www.mivam.com\/izdelek\/etac-rex-podpora-pritrjena-na-steno\/#breadcrumb"},"inLanguage":"en-US","potentialAction":[{"@type":"ReadAction","target":["https:\/\/www.mivam.com\/izdelek\/etac-rex-podpora-pritrjena-na-steno\/"]}]},{"@type":"ImageObject","inLanguage":"en-US","@id":"https:\/\/www.mivam.com\/izdelek\/etac-rex-podpora-pritrjena-na-steno\/#primaryimage","url":"https:\/\/www.mivam.com\/wp-content\/uploads\/2020\/10\/etac-rex-environmental-leg-supports_566308.jpg","contentUrl":"https:\/\/www.mivam.com\/wp-content\/uploads\/2020\/10\/etac-rex-environmental-leg-supports_566308.jpg","width":1280,"height":1280},{"@type":"BreadcrumbList","@id":"https:\/\/www.mivam.com\/izdelek\/etac-rex-podpora-pritrjena-na-steno\/#breadcrumb","itemListElement":[{"@type":"ListItem","position":1,"name":"Domov","item":"https:\/\/www.mivam.com\/"},{"@type":"ListItem","position":2,"name":"Shop","item":"https:\/\/www.mivam.com\/en\/shop\/"},{"@type":"ListItem","position":3,"name":"Kopalni\u0161ki pripomo\u010dki","item":"https:\/\/www.mivam.com\/kategorija-izdelka\/kopalniski-pripomocki\/"},{"@type":"ListItem","position":4,"name":"Dodatki za kopalnico","item":"https:\/\/www.mivam.com\/kategorija-izdelka\/kopalniski-pripomocki\/dodatki-za-kopalnico\/"},{"@type":"ListItem","position":5,"name":"Etac Rex podpora pritrjena na steno"}]},{"@type":"WebSite","@id":"https:\/\/www.mivam.com\/#website","url":"https:\/\/www.mivam.com\/","name":"Mi Vam","description":"Medicinski pripomo\u010dki in re\u0161itve za manj odvisno \u017eivljenje.","potentialAction":[{"@type":"SearchAction","target":{"@type":"EntryPoint","urlTemplate":"https:\/\/www.mivam.com\/?s={search_term_string}"},"query-input":{"@type":"PropertyValueSpecification","valueRequired":true,"valueName":"search_term_string"}}],"inLanguage":"en-US"}]}},"_links":{"self":[{"href":"https:\/\/www.mivam.com\/en\/wp-json\/wp\/v2\/product\/1843","targetHints":{"allow":["GET"]}}],"collection":[{"href":"https:\/\/www.mivam.com\/en\/wp-json\/wp\/v2\/product"}],"about":[{"href":"https:\/\/www.mivam.com\/en\/wp-json\/wp\/v2\/types\/product"}],"replies":[{"embeddable":true,"href":"https:\/\/www.mivam.com\/en\/wp-json\/wp\/v2\/comments?post=1843"}],"wp:featuredmedia":[{"embeddable":true,"href":"https:\/\/www.mivam.com\/en\/wp-json\/wp\/v2\/media\/1850"}],"wp:attachment":[{"href":"https:\/\/www.mivam.com\/en\/wp-json\/wp\/v2\/media?parent=1843"}],"wp:term":[{"taxonomy":"product_brand","embeddable":true,"href":"https:\/\/www.mivam.com\/en\/wp-json\/wp\/v2\/product_brand?post=1843"},{"taxonomy":"product_cat","embeddable":true,"href":"https:\/\/www.mivam.com\/en\/wp-json\/wp\/v2\/product_cat?post=1843"},{"taxonomy":"product_tag","embeddable":true,"href":"https:\/\/www.mivam.com\/en\/wp-json\/wp\/v2\/product_tag?post=1843"}],"curies":[{"name":"wp","href":"https:\/\/api.w.org\/{rel}","templated":true}]}}